{"id":79001,"date":"2013-10-07T12:02:44","date_gmt":"2013-10-07T16:02:44","guid":{"rendered":"http:\/\/casadecampoliving.com\/?page_id=79001"},"modified":"2022-10-21T17:44:44","modified_gmt":"2022-10-21T21:44:44","slug":"foodies","status":"publish","type":"page","link":"https:\/\/casadecampoliving.com\/es\/foodies\/","title":{"rendered":"\u00bfEres un foodie?"},"content":{"rendered":"\n<p>Uno de nuestros mayores placeres, especialmente despu\u00e9s de haber sudado en uno de los deportes que tenemos en Casa de Campo, es satisfacer nuestros gustos gastron\u00f3micos \u2013 \u00a1que podemos decir somos foodies!<\/p>\n\n\n\n<p>Hasta nos interesar\u00eda saber cuantos foodies tenemos por ah\u00ed, podr\u00edamos cocinar algo interesante, por decirlo as\u00ed. As\u00ed que si eres un foodie nos gustar\u00eda que nos dejaras saber \u2013 si somos suficientes, \u00a1tenemos la receta perfecta para algo realmente sabroso!<\/p>\n\n\n\n<p>\u00a1Llenar el formulario debajo para identificarte como un foodie!<\/p>\n\n\n\n<p><iframe loading=\"lazy\" src=\"https:\/\/docs.google.com\/forms\/d\/1TuCRnNxDpYYVBRZDz_l9pxw6U8AcNXQKOnHK901wMA8\/viewform?embedded=true\" width=\"650\" height=\"1500\" frameborder=\"0\" marginheight=\"0\" marginwidth=\"0\">Loading&#8230;<\/iframe><\/p>\n","protected":false},"excerpt":{"rendered":"<p>Uno de nuestros mayores placeres, especialmente despu\u00e9s de haber sudado en uno de los deportes que tenemos en Casa de Campo, es satisfacer nuestros gustos gastron\u00f3micos \u2013 \u00a1que podemos decir somos foodies! Hasta nos interesar\u00eda saber cuantos foodies tenemos por ah\u00ed, podr\u00edamos cocinar algo interesante, por decirlo as\u00ed. As\u00ed que si eres un foodie nos [&hellip;]<\/p>\n","protected":false},"author":31,"featured_media":0,"parent":0,"menu_order":0,"comment_status":"closed","ping_status":"closed","template":"","meta":{"newspack_ads_suppress_ads":false,"newspack_popups_has_disabled_popups":false,"newspack_sponsor_sponsorship_scope":"","newspack_sponsor_native_byline_display":"inherit","newspack_sponsor_native_category_display":"inherit","newspack_sponsor_underwriter_style":"inherit","newspack_sponsor_underwriter_placement":"inherit","newspack_content_restriction_is_exempt":false,"newspack_featured_image_position":"","newspack_hide_page_title":false,"newspack_show_share_buttons":false,"footnotes":""},"newspack_spnsrs_tax":[],"class_list":["post-79001","page","type-page","status-publish","hentry","entry"],"yoast_head":"<!-- This site is optimized with the Yoast SEO plugin v27.3 - https:\/\/yoast.com\/product\/yoast-seo-wordpress\/ -->\n<title>\u00bfEres un foodie? | Casa de Campo Living<\/title>\n<meta name=\"description\" content=\"Uno de nuestros mayores placeres, especialmente despu\u00e9s de haber sudado en uno de los deportes que tenemos en Casa de Campo, es satisfacer nuestros gustos\" \/>\n<meta name=\"robots\" content=\"index, follow, max-snippet:-1, max-image-preview:large, max-video-preview:-1\" \/>\n<link rel=\"canonical\" href=\"https:\/\/casadecampoliving.com\/es\/foodies\/\" \/>\n<meta property=\"og:locale\" content=\"es_ES\" \/>\n<meta property=\"og:type\" content=\"article\" \/>\n<meta property=\"og:title\" content=\"\u00bfEres un foodie? | Casa de Campo Living\" \/>\n<meta property=\"og:description\" content=\"Uno de nuestros mayores placeres, especialmente despu\u00e9s de haber sudado en uno de los deportes que tenemos en Casa de Campo, es satisfacer nuestros gustos\" \/>\n<meta property=\"og:url\" content=\"https:\/\/casadecampoliving.com\/es\/foodies\/\" \/>\n<meta property=\"og:site_name\" content=\"Casa de Campo Living\" \/>\n<meta property=\"article:publisher\" content=\"https:\/\/www.facebook.com\/casadecampoliving\" \/>\n<meta property=\"article:modified_time\" content=\"2022-10-21T21:44:44+00:00\" \/>\n<meta name=\"twitter:card\" content=\"summary_large_image\" \/>\n<meta name=\"twitter:site\" content=\"@cdcliving\" \/>\n<script type=\"application\/ld+json\" class=\"yoast-schema-graph\">{\"@context\":\"https:\\\/\\\/schema.org\",\"@graph\":[{\"@type\":\"WebPage\",\"@id\":\"https:\\\/\\\/casadecampoliving.com\\\/es\\\/foodies\\\/\",\"url\":\"https:\\\/\\\/casadecampoliving.com\\\/es\\\/foodies\\\/\",\"name\":\"\u00bfEres un foodie? | Casa de Campo Living\",\"isPartOf\":{\"@id\":\"https:\\\/\\\/casadecampoliving.com\\\/es\\\/#website\"},\"datePublished\":\"2013-10-07T16:02:44+00:00\",\"dateModified\":\"2022-10-21T21:44:44+00:00\",\"description\":\"Uno de nuestros mayores placeres, especialmente despu\u00e9s de haber sudado en uno de los deportes que tenemos en Casa de Campo, es satisfacer nuestros gustos\",\"breadcrumb\":{\"@id\":\"https:\\\/\\\/casadecampoliving.com\\\/es\\\/foodies\\\/#breadcrumb\"},\"inLanguage\":\"es\",\"potentialAction\":[{\"@type\":\"ReadAction\",\"target\":[\"https:\\\/\\\/casadecampoliving.com\\\/es\\\/foodies\\\/\"]}]},{\"@type\":\"BreadcrumbList\",\"@id\":\"https:\\\/\\\/casadecampoliving.com\\\/es\\\/foodies\\\/#breadcrumb\",\"itemListElement\":[{\"@type\":\"ListItem\",\"position\":1,\"name\":\"Home\",\"item\":\"https:\\\/\\\/casadecampoliving.com\\\/es\\\/\"},{\"@type\":\"ListItem\",\"position\":2,\"name\":\"\u00bfEres un foodie?\"}]},{\"@type\":\"WebSite\",\"@id\":\"https:\\\/\\\/casadecampoliving.com\\\/es\\\/#website\",\"url\":\"https:\\\/\\\/casadecampoliving.com\\\/es\\\/\",\"name\":\"Casa de Campo Living\",\"description\":\"Resort community news and resources.\",\"publisher\":{\"@id\":\"https:\\\/\\\/casadecampoliving.com\\\/es\\\/#organization\"},\"potentialAction\":[{\"@type\":\"SearchAction\",\"target\":{\"@type\":\"EntryPoint\",\"urlTemplate\":\"https:\\\/\\\/casadecampoliving.com\\\/es\\\/?s={search_term_string}\"},\"query-input\":{\"@type\":\"PropertyValueSpecification\",\"valueRequired\":true,\"valueName\":\"search_term_string\"}}],\"inLanguage\":\"es\"},{\"@type\":\"Organization\",\"@id\":\"https:\\\/\\\/casadecampoliving.com\\\/es\\\/#organization\",\"name\":\"Casa de Campo Living\",\"url\":\"https:\\\/\\\/casadecampoliving.com\\\/es\\\/\",\"logo\":{\"@type\":\"ImageObject\",\"inLanguage\":\"es\",\"@id\":\"https:\\\/\\\/casadecampoliving.com\\\/es\\\/#\\\/schema\\\/logo\\\/image\\\/\",\"url\":\"https:\\\/\\\/i0.wp.com\\\/casadecampoliving.com\\\/wp-content\\\/uploads\\\/2022\\\/07\\\/CDCLivingLogo_V1-white-sized.png?fit=800%2C214&ssl=1\",\"contentUrl\":\"https:\\\/\\\/i0.wp.com\\\/casadecampoliving.com\\\/wp-content\\\/uploads\\\/2022\\\/07\\\/CDCLivingLogo_V1-white-sized.png?fit=800%2C214&ssl=1\",\"width\":800,\"height\":214,\"caption\":\"Casa de Campo Living\"},\"image\":{\"@id\":\"https:\\\/\\\/casadecampoliving.com\\\/es\\\/#\\\/schema\\\/logo\\\/image\\\/\"},\"sameAs\":[\"https:\\\/\\\/www.facebook.com\\\/casadecampoliving\",\"https:\\\/\\\/x.com\\\/cdcliving\"]}]}<\/script>\n<!-- \/ Yoast SEO plugin. -->","yoast_head_json":{"title":"\u00bfEres un foodie? | Casa de Campo Living","description":"Uno de nuestros mayores placeres, especialmente despu\u00e9s de haber sudado en uno de los deportes que tenemos en Casa de Campo, es satisfacer nuestros gustos","robots":{"index":"index","follow":"follow","max-snippet":"max-snippet:-1","max-image-preview":"max-image-preview:large","max-video-preview":"max-video-preview:-1"},"canonical":"https:\/\/casadecampoliving.com\/es\/foodies\/","og_locale":"es_ES","og_type":"article","og_title":"\u00bfEres un foodie? | Casa de Campo Living","og_description":"Uno de nuestros mayores placeres, especialmente despu\u00e9s de haber sudado en uno de los deportes que tenemos en Casa de Campo, es satisfacer nuestros gustos","og_url":"https:\/\/casadecampoliving.com\/es\/foodies\/","og_site_name":"Casa de Campo Living","article_publisher":"https:\/\/www.facebook.com\/casadecampoliving","article_modified_time":"2022-10-21T21:44:44+00:00","twitter_card":"summary_large_image","twitter_site":"@cdcliving","schema":{"@context":"https:\/\/schema.org","@graph":[{"@type":"WebPage","@id":"https:\/\/casadecampoliving.com\/es\/foodies\/","url":"https:\/\/casadecampoliving.com\/es\/foodies\/","name":"\u00bfEres un foodie? | Casa de Campo Living","isPartOf":{"@id":"https:\/\/casadecampoliving.com\/es\/#website"},"datePublished":"2013-10-07T16:02:44+00:00","dateModified":"2022-10-21T21:44:44+00:00","description":"Uno de nuestros mayores placeres, especialmente despu\u00e9s de haber sudado en uno de los deportes que tenemos en Casa de Campo, es satisfacer nuestros gustos","breadcrumb":{"@id":"https:\/\/casadecampoliving.com\/es\/foodies\/#breadcrumb"},"inLanguage":"es","potentialAction":[{"@type":"ReadAction","target":["https:\/\/casadecampoliving.com\/es\/foodies\/"]}]},{"@type":"BreadcrumbList","@id":"https:\/\/casadecampoliving.com\/es\/foodies\/#breadcrumb","itemListElement":[{"@type":"ListItem","position":1,"name":"Home","item":"https:\/\/casadecampoliving.com\/es\/"},{"@type":"ListItem","position":2,"name":"\u00bfEres un foodie?"}]},{"@type":"WebSite","@id":"https:\/\/casadecampoliving.com\/es\/#website","url":"https:\/\/casadecampoliving.com\/es\/","name":"Casa de Campo Living","description":"Resort community news and resources.","publisher":{"@id":"https:\/\/casadecampoliving.com\/es\/#organization"},"potentialAction":[{"@type":"SearchAction","target":{"@type":"EntryPoint","urlTemplate":"https:\/\/casadecampoliving.com\/es\/?s={search_term_string}"},"query-input":{"@type":"PropertyValueSpecification","valueRequired":true,"valueName":"search_term_string"}}],"inLanguage":"es"},{"@type":"Organization","@id":"https:\/\/casadecampoliving.com\/es\/#organization","name":"Casa de Campo Living","url":"https:\/\/casadecampoliving.com\/es\/","logo":{"@type":"ImageObject","inLanguage":"es","@id":"https:\/\/casadecampoliving.com\/es\/#\/schema\/logo\/image\/","url":"https:\/\/i0.wp.com\/casadecampoliving.com\/wp-content\/uploads\/2022\/07\/CDCLivingLogo_V1-white-sized.png?fit=800%2C214&ssl=1","contentUrl":"https:\/\/i0.wp.com\/casadecampoliving.com\/wp-content\/uploads\/2022\/07\/CDCLivingLogo_V1-white-sized.png?fit=800%2C214&ssl=1","width":800,"height":214,"caption":"Casa de Campo Living"},"image":{"@id":"https:\/\/casadecampoliving.com\/es\/#\/schema\/logo\/image\/"},"sameAs":["https:\/\/www.facebook.com\/casadecampoliving","https:\/\/x.com\/cdcliving"]}]}},"parsely":{"version":"1.1.0","canonical_url":"https:\/\/casadecampoliving.com\/es\/foodies\/","smart_links":{"inbound":0,"outbound":0},"traffic_boost_suggestions_count":0,"meta":{"@context":"https:\/\/schema.org","@type":"WebPage","headline":"\u00bfEres un foodie?","url":"http:\/\/casadecampoliving.com\/es\/foodies\/","mainEntityOfPage":{"@type":"WebPage","@id":"http:\/\/casadecampoliving.com\/es\/foodies\/"},"thumbnailUrl":"","image":{"@type":"ImageObject","url":""},"articleSection":"Uncategorized @es","author":[{"@type":"Person","name":"Rebecca Silvestri"}],"creator":["Rebecca Silvestri"],"publisher":{"@type":"Organization","name":"Casa de Campo Living","logo":"https:\/\/casadecampoliving.com\/wp-content\/uploads\/2022\/07\/CDCLivingLogo_V1-white-sized.png"},"keywords":[],"dateCreated":"2013-10-07T16:02:44Z","datePublished":"2013-10-07T16:02:44Z","dateModified":"2022-10-21T21:44:44Z"},"rendered":"<script type=\"application\/ld+json\" class=\"wp-parsely-metadata\">{\"@context\":\"https:\\\/\\\/schema.org\",\"@type\":\"WebPage\",\"headline\":\"\\u00bfEres un foodie?\",\"url\":\"http:\\\/\\\/casadecampoliving.com\\\/es\\\/foodies\\\/\",\"mainEntityOfPage\":{\"@type\":\"WebPage\",\"@id\":\"http:\\\/\\\/casadecampoliving.com\\\/es\\\/foodies\\\/\"},\"thumbnailUrl\":\"\",\"image\":{\"@type\":\"ImageObject\",\"url\":\"\"},\"articleSection\":\"Uncategorized @es\",\"author\":[{\"@type\":\"Person\",\"name\":\"Rebecca Silvestri\"}],\"creator\":[\"Rebecca Silvestri\"],\"publisher\":{\"@type\":\"Organization\",\"name\":\"Casa de Campo Living\",\"logo\":\"https:\\\/\\\/casadecampoliving.com\\\/wp-content\\\/uploads\\\/2022\\\/07\\\/CDCLivingLogo_V1-white-sized.png\"},\"keywords\":[],\"dateCreated\":\"2013-10-07T16:02:44Z\",\"datePublished\":\"2013-10-07T16:02:44Z\",\"dateModified\":\"2022-10-21T21:44:44Z\"}<\/script>","tracker_url":"https:\/\/cdn.parsely.com\/keys\/casadecampoliving.com\/p.js"},"jetpack-related-posts":[{"id":36716,"url":"https:\/\/casadecampoliving.com\/es\/sobre-nosotros\/","url_meta":{"origin":79001,"position":0},"title":"Sobre Nosotros","author":"Rebecca Silvestri","date":"7 Nov, 2011","format":false,"excerpt":"\u00a1Amamos Casa de Campo! \u00a1Esta es la esencia de Casa de Campo Living! El prop\u00f3sito de este sitio Web es mantener a nuestros amigos, familiares \u2013y a nosotros mismos- actualizados con todo lo que ocurre en Casa de Campo.\u00a0Este peque\u00f1o proyecto que empez\u00f3 en el 2006 como un simple blog\u2026","rel":"","context":"Entrada similar","block_context":{"text":"Entrada similar","link":""},"img":{"alt_text":"","src":"","width":0,"height":0},"classes":[]},{"id":82246,"url":"https:\/\/casadecampoliving.com\/es\/menus-festivos-2013\/","url_meta":{"origin":79001,"position":1},"title":"Casa de Campo men\u00fas festivos para diciembre","author":"Rebecca Silvestri","date":"5 Dic, 2013","format":false,"excerpt":"La Noche Buena Una variedad de diferentes men\u00fas estar\u00e1n disponibles para disfrutar esta navidad con su familia y amigos. Escoja entre Beach Club by le Cirque en Minitas Beach, La Casita en la Marina Casa de Campo, La Piazzetta en Altos de Chav\u00f3n, as\u00ed como tambi\u00e9n La Ca\u00f1a by il\u2026","rel":"","context":"Entrada similar","block_context":{"text":"Entrada similar","link":""},"img":{"alt_text":"lamb","src":"https:\/\/i0.wp.com\/casadecampoliving.com\/wp-content\/uploads\/2013\/07\/lamb.jpg?fit=620%2C465&ssl=1&resize=350%2C200","width":350,"height":200,"srcset":"https:\/\/i0.wp.com\/casadecampoliving.com\/wp-content\/uploads\/2013\/07\/lamb.jpg?fit=620%2C465&ssl=1&resize=350%2C200 1x, https:\/\/i0.wp.com\/casadecampoliving.com\/wp-content\/uploads\/2013\/07\/lamb.jpg?fit=620%2C465&ssl=1&resize=525%2C300 1.5x"},"classes":[]},{"id":54710,"url":"https:\/\/casadecampoliving.com\/es\/sensaciones-de-verano\/","url_meta":{"origin":79001,"position":2},"title":"Sensaciones de verano","author":"Rebecca Silvestri","date":"23 Jul, 2012","format":false,"excerpt":"Ha llegado el verano y est\u00e1 bastante caluroso \u2013 por qu\u00e9 no disfrutar de ligeros almuerzos, perfectos para los d\u00edas largos de verano! Aqu\u00ed algunos de nuestros favoritos para la \u00e9poca. Bocadillos y brisas de mar\u00a0\u2013 en el Beach Club by Le CirqueEl Beach Club by Le Cirque, no s\u00f3lo\u2026","rel":"","context":"Entrada similar","block_context":{"text":"Entrada similar","link":""},"img":{"alt_text":"octopus salad","src":"https:\/\/i0.wp.com\/casadecampoliving.com\/wp-content\/uploads\/2012\/07\/octopus_salad.jpg?fit=650%2C452&ssl=1&resize=350%2C200","width":350,"height":200,"srcset":"https:\/\/i0.wp.com\/casadecampoliving.com\/wp-content\/uploads\/2012\/07\/octopus_salad.jpg?fit=650%2C452&ssl=1&resize=350%2C200 1x, https:\/\/i0.wp.com\/casadecampoliving.com\/wp-content\/uploads\/2012\/07\/octopus_salad.jpg?fit=650%2C452&ssl=1&resize=525%2C300 1.5x"},"classes":[]},{"id":58770,"url":"https:\/\/casadecampoliving.com\/es\/silgon-inc\/","url_meta":{"origin":79001,"position":3},"title":"Silgon Inc., empresa de Marketing, Desarrollo Web y Servicios de Publicidad","author":"Rebecca Silvestri","date":"5 Oct, 2012","format":false,"excerpt":"Silgon Inc. es una empresa de medios modernos de comunicaci\u00f3n con sede en Casa de Campo \u2013 La comunidad m\u00e1s pr\u00f3spera de la Rep\u00fablica Dominicana. Siendo un miembro integral de la comunidad, Silgon Inc es el proveedor de medios #1 en Casa de Campo. Con CasaLife, nuestra revista trimestral, Casa\u2026","rel":"","context":"Entrada similar","block_context":{"text":"Entrada similar","link":""},"img":{"alt_text":"silgon","src":"https:\/\/i0.wp.com\/casadecampoliving.com\/wp-content\/uploads\/2012\/10\/silgon.jpg?fit=650%2C289&ssl=1&resize=350%2C200","width":350,"height":200,"srcset":"https:\/\/i0.wp.com\/casadecampoliving.com\/wp-content\/uploads\/2012\/10\/silgon.jpg?fit=650%2C289&ssl=1&resize=350%2C200 1x, https:\/\/i0.wp.com\/casadecampoliving.com\/wp-content\/uploads\/2012\/10\/silgon.jpg?fit=650%2C289&ssl=1&resize=525%2C300 1.5x"},"classes":[]},{"id":89495,"url":"https:\/\/casadecampoliving.com\/es\/la-morela-pop-food\/","url_meta":{"origin":79001,"position":4},"title":"La Morela, Pop Food","author":"Rebecca Silvestri","date":"9 May, 2014","format":false,"excerpt":"La Morela, lo m\u00e1s nuevo y moderno en Casa para cenar en La Marina, es atreverse a hacer algo diferente. Su concepto \u201ccomida pop\u201d es una combinaci\u00f3n finamente pulida de platos populares, de ah\u00ed el nombre de \u201cpop\u201d\u2026 que no pueden ser encontrados en cualquier cocina, excepto quiz\u00e1 la de\u2026","rel":"","context":"En \u00abDining\u00bb","block_context":{"text":"Dining","link":"https:\/\/casadecampoliving.com\/es\/tag\/dining-es\/"},"img":{"alt_text":"ribs","src":"https:\/\/i0.wp.com\/casadecampoliving.com\/wp-content\/uploads\/2014\/05\/ribs.jpg?fit=650%2C433&ssl=1&resize=350%2C200","width":350,"height":200,"srcset":"https:\/\/i0.wp.com\/casadecampoliving.com\/wp-content\/uploads\/2014\/05\/ribs.jpg?fit=650%2C433&ssl=1&resize=350%2C200 1x, https:\/\/i0.wp.com\/casadecampoliving.com\/wp-content\/uploads\/2014\/05\/ribs.jpg?fit=650%2C433&ssl=1&resize=525%2C300 1.5x"},"classes":[]},{"id":79200,"url":"https:\/\/casadecampoliving.com\/es\/2013-duenos\/","url_meta":{"origin":79001,"position":5},"title":"Due\u00f1os 2013: 22 &#8211; 23 de noviembre","author":"Rebecca Silvestri","date":"10 Oct, 2013","format":false,"excerpt":"Para los due\u00f1os de villa de Casa de Campo, el fin de semana anual Due\u00f1os, es uno de los mejores del a\u00f1o, es cuando tenemos la oportunidad de experimentar todo lo que Casa de Campo \u201cThe Sporting Life\u201d tiene para ofrecer, y al mismo tiempo conocer a compa\u00f1eros propietarios de\u2026","rel":"","context":"Entrada similar","block_context":{"text":"Entrada similar","link":""},"img":{"alt_text":"alfonso paniagua claudio silvestri","src":"https:\/\/i0.wp.com\/casadecampoliving.com\/wp-content\/uploads\/2012\/11\/alfonso_paniagua_claudio_silvestri.jpg?fit=650%2C436&ssl=1&resize=350%2C200","width":350,"height":200,"srcset":"https:\/\/i0.wp.com\/casadecampoliving.com\/wp-content\/uploads\/2012\/11\/alfonso_paniagua_claudio_silvestri.jpg?fit=650%2C436&ssl=1&resize=350%2C200 1x, https:\/\/i0.wp.com\/casadecampoliving.com\/wp-content\/uploads\/2012\/11\/alfonso_paniagua_claudio_silvestri.jpg?fit=650%2C436&ssl=1&resize=525%2C300 1.5x"},"classes":[]}],"jetpack_sharing_enabled":true,"_links":{"self":[{"href":"https:\/\/casadecampoliving.com\/es\/wp-json\/wp\/v2\/pages\/79001","targetHints":{"allow":["GET"]}}],"collection":[{"href":"https:\/\/casadecampoliving.com\/es\/wp-json\/wp\/v2\/pages"}],"about":[{"href":"https:\/\/casadecampoliving.com\/es\/wp-json\/wp\/v2\/types\/page"}],"author":[{"embeddable":true,"href":"https:\/\/casadecampoliving.com\/es\/wp-json\/wp\/v2\/users\/31"}],"replies":[{"embeddable":true,"href":"https:\/\/casadecampoliving.com\/es\/wp-json\/wp\/v2\/comments?post=79001"}],"version-history":[{"count":0,"href":"https:\/\/casadecampoliving.com\/es\/wp-json\/wp\/v2\/pages\/79001\/revisions"}],"wp:attachment":[{"href":"https:\/\/casadecampoliving.com\/es\/wp-json\/wp\/v2\/media?parent=79001"}],"wp:term":[{"taxonomy":"newspack_spnsrs_tax","embeddable":true,"href":"https:\/\/casadecampoliving.com\/es\/wp-json\/wp\/v2\/newspack_spnsrs_tax?post=79001"}],"curies":[{"name":"wp","href":"https:\/\/api.w.org\/{rel}","templated":true}]}}