{"id":77721,"date":"2013-09-13T08:54:21","date_gmt":"2013-09-13T12:54:21","guid":{"rendered":"http:\/\/casadecampoliving.com\/?page_id=77721"},"modified":"2022-10-21T17:44:24","modified_gmt":"2022-10-21T21:44:24","slug":"concierto-pitbull","status":"publish","type":"page","link":"https:\/\/casadecampoliving.com\/es\/concierto-pitbull\/","title":{"rendered":"Concierto: \u00abPitbull por el Hogar del Ni\u00f1o\u00bb"},"content":{"rendered":"<div class=\"wp-block-image\">\n<figure class=\"aligncenter is-resized\"><img loading=\"lazy\" decoding=\"async\" src=\"https:\/\/i0.wp.com\/casadecampoliving-wp.s3-accelerate.amazonaws.com\/2013\/09\/pitbull_concert.jpg?resize=650%2C285&amp;ssl=1\" alt=\"Pitbull concert\" class=\"wp-image-77342\" height=\"285\" width=\"650\" srcset=\"https:\/\/i0.wp.com\/casadecampoliving.com\/wp-content\/uploads\/2013\/09\/pitbull_concert.jpg?w=650&amp;ssl=1 650w, https:\/\/i0.wp.com\/casadecampoliving.com\/wp-content\/uploads\/2013\/09\/pitbull_concert.jpg?resize=300%2C131&amp;ssl=1 300w, https:\/\/i0.wp.com\/casadecampoliving-wp.s3-accelerate.amazonaws.com\/2013\/09\/pitbull_concert.jpg?w=370 370w, https:\/\/i0.wp.com\/casadecampoliving-wp.s3-accelerate.amazonaws.com\/2013\/09\/pitbull_concert.jpg?w=400 400w\" sizes=\"auto, (max-width: 650px) 100vw, 650px\" \/><\/figure>\n<\/div>\n\n\n<blockquote><p><a href=\"https:\/\/casadecampoliving.com\/es\/introduciendo-pitbull-hogar-del-nino-organizo-rueda-de-prensa-en-santo-domingo\/\"><strong>\u201cPitbull por el Hogar del Ni\u00f1o\u201d concierto<\/strong> <\/a><\/p><p><strong>\u00bfC\u00faando?:<\/strong>&nbsp;S\u00e1bado 21 de septiembre<\/p><p><strong>\u00bfD\u00f3nde?:<\/strong>&nbsp; Anfiteatro de Altos de Chav\u00f3n, Casa de Campo<\/p><p><strong>Entradas:&nbsp;<\/strong><\/p><p><strong>\u2022 Visitante MR. 305 : US$ 900.00&nbsp;<\/strong>incluye acceso a una fiesta privada con el mismo. MR 305, imag\u00ednense eso! (M\u00e1s detalles pronto)<\/p><p><strong>\u2022 Visitante PBO: RD$10,000.00<\/strong><\/p><p><strong>\u2022 VIP: RD$ 5,000.00<\/strong><\/p><p><strong>\u2022 GENERAL: RD$ 1,500.00<\/strong><\/p><p><strong>&nbsp; &nbsp;Contacto:<\/strong>&nbsp;salvarado@pbo.org.do,&nbsp;(809) 556-3181 or at (809) 523-8901 <\/p><figure><img decoding=\"async\" loading=\"lazy\" title=\"pitbull concert\" alt=\"\" src=\"https:\/\/i0.wp.com\/casadecampoliving-wp.s3-accelerate.amazonaws.com\/2013\/07\/Screen-shot-2013-07-30-at-07.24.36.png?resize=564%2C359&amp;ssl=1\" width=\"564\" height=\"359\"><\/figure><\/blockquote>\n","protected":false},"excerpt":{"rendered":"<p>\u201cPitbull por el Hogar del Ni\u00f1o\u201d concierto \u00bfC\u00faando?:&nbsp;S\u00e1bado 21 de septiembre \u00bfD\u00f3nde?:&nbsp; Anfiteatro de Altos de Chav\u00f3n, Casa de Campo Entradas:&nbsp; \u2022 Visitante MR. 305 : US$ 900.00&nbsp;incluye acceso a una fiesta privada con el mismo. MR 305, imag\u00ednense eso! (M\u00e1s detalles pronto) \u2022 Visitante PBO: RD$10,000.00 \u2022 VIP: RD$ 5,000.00 \u2022 GENERAL: RD$ 1,500.00 [&hellip;]<\/p>\n","protected":false},"author":31,"featured_media":77342,"parent":0,"menu_order":0,"comment_status":"closed","ping_status":"closed","template":"","meta":{"newspack_ads_suppress_ads":false,"newspack_popups_has_disabled_popups":false,"newspack_sponsor_sponsorship_scope":"","newspack_sponsor_native_byline_display":"inherit","newspack_sponsor_native_category_display":"inherit","newspack_sponsor_underwriter_style":"inherit","newspack_sponsor_underwriter_placement":"inherit","newspack_content_restriction_is_exempt":false,"newspack_featured_image_position":"","newspack_hide_page_title":false,"newspack_show_share_buttons":false,"footnotes":""},"newspack_spnsrs_tax":[],"class_list":["post-77721","page","type-page","status-publish","has-post-thumbnail","hentry","entry"],"yoast_head":"<!-- This site is optimized with the Yoast SEO plugin v27.5 - https:\/\/yoast.com\/product\/yoast-seo-wordpress\/ -->\n<title>Concierto: &quot;Pitbull por el Hogar del Ni\u00f1o&quot; | Casa de Campo Living<\/title>\n<meta name=\"description\" content=\"\u201cPitbull por el Hogar del Ni\u00f1o\u201d concierto \u00bfC\u00faando?:&nbsp;S\u00e1bado 21 de septiembre\u00bfD\u00f3nde?:&nbsp; Anfiteatro de Altos de Chav\u00f3n, Casa de\" \/>\n<meta name=\"robots\" content=\"index, follow, max-snippet:-1, max-image-preview:large, max-video-preview:-1\" \/>\n<link rel=\"canonical\" href=\"https:\/\/casadecampoliving.com\/es\/concierto-pitbull\/\" \/>\n<meta property=\"og:locale\" content=\"es_ES\" \/>\n<meta property=\"og:type\" content=\"article\" \/>\n<meta property=\"og:title\" content=\"Concierto: &quot;Pitbull por el Hogar del Ni\u00f1o&quot; | Casa de Campo Living\" \/>\n<meta property=\"og:description\" content=\"\u201cPitbull por el Hogar del Ni\u00f1o\u201d concierto \u00bfC\u00faando?:&nbsp;S\u00e1bado 21 de septiembre\u00bfD\u00f3nde?:&nbsp; Anfiteatro de Altos de Chav\u00f3n, Casa de\" \/>\n<meta property=\"og:url\" content=\"https:\/\/casadecampoliving.com\/es\/concierto-pitbull\/\" \/>\n<meta property=\"og:site_name\" content=\"Casa de Campo Living\" \/>\n<meta property=\"article:publisher\" content=\"https:\/\/www.facebook.com\/casadecampoliving\" \/>\n<meta property=\"article:modified_time\" content=\"2022-10-21T21:44:24+00:00\" \/>\n<meta property=\"og:image\" content=\"https:\/\/i0.wp.com\/casadecampoliving.com\/wp-content\/uploads\/2013\/09\/pitbull_concert.jpg?fit=650%2C285&ssl=1\" \/>\n\t<meta property=\"og:image:width\" content=\"650\" \/>\n\t<meta property=\"og:image:height\" content=\"285\" \/>\n\t<meta property=\"og:image:type\" content=\"image\/jpeg\" \/>\n<meta name=\"twitter:card\" content=\"summary_large_image\" \/>\n<meta name=\"twitter:site\" content=\"@cdcliving\" \/>\n<script type=\"application\/ld+json\" class=\"yoast-schema-graph\">{\"@context\":\"https:\\\/\\\/schema.org\",\"@graph\":[{\"@type\":\"WebPage\",\"@id\":\"https:\\\/\\\/casadecampoliving.com\\\/es\\\/concierto-pitbull\\\/\",\"url\":\"https:\\\/\\\/casadecampoliving.com\\\/es\\\/concierto-pitbull\\\/\",\"name\":\"Concierto: \\\"Pitbull por el Hogar del Ni\u00f1o\\\" | Casa de Campo Living\",\"isPartOf\":{\"@id\":\"https:\\\/\\\/casadecampoliving.com\\\/es\\\/#website\"},\"primaryImageOfPage\":{\"@id\":\"https:\\\/\\\/casadecampoliving.com\\\/es\\\/concierto-pitbull\\\/#primaryimage\"},\"image\":{\"@id\":\"https:\\\/\\\/casadecampoliving.com\\\/es\\\/concierto-pitbull\\\/#primaryimage\"},\"thumbnailUrl\":\"https:\\\/\\\/i0.wp.com\\\/casadecampoliving.com\\\/wp-content\\\/uploads\\\/2013\\\/09\\\/pitbull_concert.jpg?fit=650%2C285&ssl=1\",\"datePublished\":\"2013-09-13T12:54:21+00:00\",\"dateModified\":\"2022-10-21T21:44:24+00:00\",\"description\":\"\u201cPitbull por el Hogar del Ni\u00f1o\u201d concierto \u00bfC\u00faando?:&nbsp;S\u00e1bado 21 de septiembre\u00bfD\u00f3nde?:&nbsp; Anfiteatro de Altos de Chav\u00f3n, Casa de\",\"breadcrumb\":{\"@id\":\"https:\\\/\\\/casadecampoliving.com\\\/es\\\/concierto-pitbull\\\/#breadcrumb\"},\"inLanguage\":\"es\",\"potentialAction\":[{\"@type\":\"ReadAction\",\"target\":[\"https:\\\/\\\/casadecampoliving.com\\\/es\\\/concierto-pitbull\\\/\"]}]},{\"@type\":\"ImageObject\",\"inLanguage\":\"es\",\"@id\":\"https:\\\/\\\/casadecampoliving.com\\\/es\\\/concierto-pitbull\\\/#primaryimage\",\"url\":\"https:\\\/\\\/i0.wp.com\\\/casadecampoliving.com\\\/wp-content\\\/uploads\\\/2013\\\/09\\\/pitbull_concert.jpg?fit=650%2C285&ssl=1\",\"contentUrl\":\"https:\\\/\\\/i0.wp.com\\\/casadecampoliving.com\\\/wp-content\\\/uploads\\\/2013\\\/09\\\/pitbull_concert.jpg?fit=650%2C285&ssl=1\",\"width\":650,\"height\":285,\"caption\":\"Pitbull concert\"},{\"@type\":\"BreadcrumbList\",\"@id\":\"https:\\\/\\\/casadecampoliving.com\\\/es\\\/concierto-pitbull\\\/#breadcrumb\",\"itemListElement\":[{\"@type\":\"ListItem\",\"position\":1,\"name\":\"Home\",\"item\":\"https:\\\/\\\/casadecampoliving.com\\\/es\\\/\"},{\"@type\":\"ListItem\",\"position\":2,\"name\":\"Concierto: &#8220;Pitbull por el Hogar del Ni\u00f1o&#8221;\"}]},{\"@type\":\"WebSite\",\"@id\":\"https:\\\/\\\/casadecampoliving.com\\\/es\\\/#website\",\"url\":\"https:\\\/\\\/casadecampoliving.com\\\/es\\\/\",\"name\":\"Casa de Campo Living\",\"description\":\"Resort community news and resources.\",\"publisher\":{\"@id\":\"https:\\\/\\\/casadecampoliving.com\\\/es\\\/#organization\"},\"potentialAction\":[{\"@type\":\"SearchAction\",\"target\":{\"@type\":\"EntryPoint\",\"urlTemplate\":\"https:\\\/\\\/casadecampoliving.com\\\/es\\\/?s={search_term_string}\"},\"query-input\":{\"@type\":\"PropertyValueSpecification\",\"valueRequired\":true,\"valueName\":\"search_term_string\"}}],\"inLanguage\":\"es\"},{\"@type\":\"Organization\",\"@id\":\"https:\\\/\\\/casadecampoliving.com\\\/es\\\/#organization\",\"name\":\"Casa de Campo Living\",\"url\":\"https:\\\/\\\/casadecampoliving.com\\\/es\\\/\",\"logo\":{\"@type\":\"ImageObject\",\"inLanguage\":\"es\",\"@id\":\"https:\\\/\\\/casadecampoliving.com\\\/es\\\/#\\\/schema\\\/logo\\\/image\\\/\",\"url\":\"https:\\\/\\\/i0.wp.com\\\/casadecampoliving.com\\\/wp-content\\\/uploads\\\/2022\\\/07\\\/CDCLivingLogo_V1-white-sized.png?fit=800%2C214&ssl=1\",\"contentUrl\":\"https:\\\/\\\/i0.wp.com\\\/casadecampoliving.com\\\/wp-content\\\/uploads\\\/2022\\\/07\\\/CDCLivingLogo_V1-white-sized.png?fit=800%2C214&ssl=1\",\"width\":800,\"height\":214,\"caption\":\"Casa de Campo Living\"},\"image\":{\"@id\":\"https:\\\/\\\/casadecampoliving.com\\\/es\\\/#\\\/schema\\\/logo\\\/image\\\/\"},\"sameAs\":[\"https:\\\/\\\/www.facebook.com\\\/casadecampoliving\",\"https:\\\/\\\/x.com\\\/cdcliving\"]}]}<\/script>\n<!-- \/ Yoast SEO plugin. -->","yoast_head_json":{"title":"Concierto: \"Pitbull por el Hogar del Ni\u00f1o\" | Casa de Campo Living","description":"\u201cPitbull por el Hogar del Ni\u00f1o\u201d concierto \u00bfC\u00faando?:&nbsp;S\u00e1bado 21 de septiembre\u00bfD\u00f3nde?:&nbsp; Anfiteatro de Altos de Chav\u00f3n, Casa de","robots":{"index":"index","follow":"follow","max-snippet":"max-snippet:-1","max-image-preview":"max-image-preview:large","max-video-preview":"max-video-preview:-1"},"canonical":"https:\/\/casadecampoliving.com\/es\/concierto-pitbull\/","og_locale":"es_ES","og_type":"article","og_title":"Concierto: \"Pitbull por el Hogar del Ni\u00f1o\" | Casa de Campo Living","og_description":"\u201cPitbull por el Hogar del Ni\u00f1o\u201d concierto \u00bfC\u00faando?:&nbsp;S\u00e1bado 21 de septiembre\u00bfD\u00f3nde?:&nbsp; Anfiteatro de Altos de Chav\u00f3n, Casa de","og_url":"https:\/\/casadecampoliving.com\/es\/concierto-pitbull\/","og_site_name":"Casa de Campo Living","article_publisher":"https:\/\/www.facebook.com\/casadecampoliving","article_modified_time":"2022-10-21T21:44:24+00:00","og_image":[{"width":650,"height":285,"url":"https:\/\/i0.wp.com\/casadecampoliving.com\/wp-content\/uploads\/2013\/09\/pitbull_concert.jpg?fit=650%2C285&ssl=1","type":"image\/jpeg"}],"twitter_card":"summary_large_image","twitter_site":"@cdcliving","schema":{"@context":"https:\/\/schema.org","@graph":[{"@type":"WebPage","@id":"https:\/\/casadecampoliving.com\/es\/concierto-pitbull\/","url":"https:\/\/casadecampoliving.com\/es\/concierto-pitbull\/","name":"Concierto: \"Pitbull por el Hogar del Ni\u00f1o\" | Casa de Campo Living","isPartOf":{"@id":"https:\/\/casadecampoliving.com\/es\/#website"},"primaryImageOfPage":{"@id":"https:\/\/casadecampoliving.com\/es\/concierto-pitbull\/#primaryimage"},"image":{"@id":"https:\/\/casadecampoliving.com\/es\/concierto-pitbull\/#primaryimage"},"thumbnailUrl":"https:\/\/i0.wp.com\/casadecampoliving.com\/wp-content\/uploads\/2013\/09\/pitbull_concert.jpg?fit=650%2C285&ssl=1","datePublished":"2013-09-13T12:54:21+00:00","dateModified":"2022-10-21T21:44:24+00:00","description":"\u201cPitbull por el Hogar del Ni\u00f1o\u201d concierto \u00bfC\u00faando?:&nbsp;S\u00e1bado 21 de septiembre\u00bfD\u00f3nde?:&nbsp; Anfiteatro de Altos de Chav\u00f3n, Casa de","breadcrumb":{"@id":"https:\/\/casadecampoliving.com\/es\/concierto-pitbull\/#breadcrumb"},"inLanguage":"es","potentialAction":[{"@type":"ReadAction","target":["https:\/\/casadecampoliving.com\/es\/concierto-pitbull\/"]}]},{"@type":"ImageObject","inLanguage":"es","@id":"https:\/\/casadecampoliving.com\/es\/concierto-pitbull\/#primaryimage","url":"https:\/\/i0.wp.com\/casadecampoliving.com\/wp-content\/uploads\/2013\/09\/pitbull_concert.jpg?fit=650%2C285&ssl=1","contentUrl":"https:\/\/i0.wp.com\/casadecampoliving.com\/wp-content\/uploads\/2013\/09\/pitbull_concert.jpg?fit=650%2C285&ssl=1","width":650,"height":285,"caption":"Pitbull concert"},{"@type":"BreadcrumbList","@id":"https:\/\/casadecampoliving.com\/es\/concierto-pitbull\/#breadcrumb","itemListElement":[{"@type":"ListItem","position":1,"name":"Home","item":"https:\/\/casadecampoliving.com\/es\/"},{"@type":"ListItem","position":2,"name":"Concierto: &#8220;Pitbull por el Hogar del Ni\u00f1o&#8221;"}]},{"@type":"WebSite","@id":"https:\/\/casadecampoliving.com\/es\/#website","url":"https:\/\/casadecampoliving.com\/es\/","name":"Casa de Campo Living","description":"Resort community news and resources.","publisher":{"@id":"https:\/\/casadecampoliving.com\/es\/#organization"},"potentialAction":[{"@type":"SearchAction","target":{"@type":"EntryPoint","urlTemplate":"https:\/\/casadecampoliving.com\/es\/?s={search_term_string}"},"query-input":{"@type":"PropertyValueSpecification","valueRequired":true,"valueName":"search_term_string"}}],"inLanguage":"es"},{"@type":"Organization","@id":"https:\/\/casadecampoliving.com\/es\/#organization","name":"Casa de Campo Living","url":"https:\/\/casadecampoliving.com\/es\/","logo":{"@type":"ImageObject","inLanguage":"es","@id":"https:\/\/casadecampoliving.com\/es\/#\/schema\/logo\/image\/","url":"https:\/\/i0.wp.com\/casadecampoliving.com\/wp-content\/uploads\/2022\/07\/CDCLivingLogo_V1-white-sized.png?fit=800%2C214&ssl=1","contentUrl":"https:\/\/i0.wp.com\/casadecampoliving.com\/wp-content\/uploads\/2022\/07\/CDCLivingLogo_V1-white-sized.png?fit=800%2C214&ssl=1","width":800,"height":214,"caption":"Casa de Campo Living"},"image":{"@id":"https:\/\/casadecampoliving.com\/es\/#\/schema\/logo\/image\/"},"sameAs":["https:\/\/www.facebook.com\/casadecampoliving","https:\/\/x.com\/cdcliving"]}]}},"parsely":{"version":"1.1.0","canonical_url":"https:\/\/casadecampoliving.com\/es\/concierto-pitbull\/","smart_links":{"inbound":0,"outbound":0},"traffic_boost_suggestions_count":0,"meta":{"@context":"https:\/\/schema.org","@type":"WebPage","headline":"Concierto: \u00abPitbull por el Hogar del Ni\u00f1o\u00bb","url":"http:\/\/casadecampoliving.com\/es\/concierto-pitbull\/","mainEntityOfPage":{"@type":"WebPage","@id":"http:\/\/casadecampoliving.com\/es\/concierto-pitbull\/"},"thumbnailUrl":"https:\/\/i0.wp.com\/casadecampoliving.com\/wp-content\/uploads\/2013\/09\/pitbull_concert.jpg?resize=150%2C150&ssl=1","image":{"@type":"ImageObject","url":"https:\/\/i0.wp.com\/casadecampoliving.com\/wp-content\/uploads\/2013\/09\/pitbull_concert.jpg?fit=650%2C285&ssl=1"},"articleSection":"Uncategorized @es","author":[{"@type":"Person","name":"Rebecca Silvestri"}],"creator":["Rebecca Silvestri"],"publisher":{"@type":"Organization","name":"Casa de Campo Living","logo":"https:\/\/casadecampoliving.com\/wp-content\/uploads\/2022\/07\/CDCLivingLogo_V1-white-sized.png"},"keywords":[],"dateCreated":"2013-09-13T12:54:21Z","datePublished":"2013-09-13T12:54:21Z","dateModified":"2022-10-21T21:44:24Z"},"rendered":"<script type=\"application\/ld+json\" class=\"wp-parsely-metadata\">{\"@context\":\"https:\\\/\\\/schema.org\",\"@type\":\"WebPage\",\"headline\":\"Concierto: \\u00abPitbull por el Hogar del Ni\\u00f1o\\u00bb\",\"url\":\"http:\\\/\\\/casadecampoliving.com\\\/es\\\/concierto-pitbull\\\/\",\"mainEntityOfPage\":{\"@type\":\"WebPage\",\"@id\":\"http:\\\/\\\/casadecampoliving.com\\\/es\\\/concierto-pitbull\\\/\"},\"thumbnailUrl\":\"https:\\\/\\\/i0.wp.com\\\/casadecampoliving.com\\\/wp-content\\\/uploads\\\/2013\\\/09\\\/pitbull_concert.jpg?resize=150%2C150&ssl=1\",\"image\":{\"@type\":\"ImageObject\",\"url\":\"https:\\\/\\\/i0.wp.com\\\/casadecampoliving.com\\\/wp-content\\\/uploads\\\/2013\\\/09\\\/pitbull_concert.jpg?fit=650%2C285&ssl=1\"},\"articleSection\":\"Uncategorized @es\",\"author\":[{\"@type\":\"Person\",\"name\":\"Rebecca Silvestri\"}],\"creator\":[\"Rebecca Silvestri\"],\"publisher\":{\"@type\":\"Organization\",\"name\":\"Casa de Campo Living\",\"logo\":\"https:\\\/\\\/casadecampoliving.com\\\/wp-content\\\/uploads\\\/2022\\\/07\\\/CDCLivingLogo_V1-white-sized.png\"},\"keywords\":[],\"dateCreated\":\"2013-09-13T12:54:21Z\",\"datePublished\":\"2013-09-13T12:54:21Z\",\"dateModified\":\"2022-10-21T21:44:24Z\"}<\/script>","tracker_url":"https:\/\/cdn.parsely.com\/keys\/casadecampoliving.com\/p.js"},"jetpack-related-posts":[{"id":77718,"url":"https:\/\/casadecampoliving.com\/pitbull\/","url_meta":{"origin":77721,"position":0},"title":"Pitbull for the Hogar del Ni\u00f1o concert","author":"Rebecca Silvestri","date":"13 Sep, 2013","format":false,"excerpt":"\u201cPitbull por el Hogar del Ni\u00f1o\u201d concertWhen:\u00a0Saturday, September 21stWhere:\u00a0The Altos de Chav\u00f3n amphitheater, Casa de CampoTicket prices:\u2022 MR. 305 GUEST: US$900.00\u00a0which includes access to a private after-party with Mr. 305 Pitbull himself (These tickets can only be purchased directly from the Hogar del Ni\u00f1o)\u2022 PBO GUEST: RD$10,000.00\u2022 VIP: RD5,000.00\u2022 GENERAL:\u2026","rel":"","context":"Entrada similar","block_context":{"text":"Entrada similar","link":""},"img":{"alt_text":"Pitbull concert","src":"https:\/\/i0.wp.com\/casadecampoliving.com\/wp-content\/uploads\/2013\/09\/pitbull_concert.jpg?fit=650%2C285&ssl=1&resize=350%2C200","width":350,"height":200,"srcset":"https:\/\/i0.wp.com\/casadecampoliving.com\/wp-content\/uploads\/2013\/09\/pitbull_concert.jpg?fit=650%2C285&ssl=1&resize=350%2C200 1x, https:\/\/i0.wp.com\/casadecampoliving.com\/wp-content\/uploads\/2013\/09\/pitbull_concert.jpg?fit=650%2C285&ssl=1&resize=525%2C300 1.5x"},"classes":[]},{"id":50852,"url":"https:\/\/casadecampoliving.com\/es\/hdn\/","url_meta":{"origin":77721,"position":1},"title":"El Hogar del Ni\u00f1o","author":"Rebecca Silvestri","date":"22 May, 2012","format":false,"excerpt":"El Hogar del Ni\u00f1o es un centro educacional y de cuidado para m\u00e1s de 1,500 ni\u00f1os, ubicado en el pueblo de La Romana, justo a las afueras de Casa de Campo. Ni\u00f1os que van desde los pocas semanas de nacidos hasta los 18 a\u00f1os de edad, son cuidados y educados\u2026","rel":"","context":"En \u00abFundaciones\u00bb","block_context":{"text":"Fundaciones","link":"https:\/\/casadecampoliving.com\/es\/category\/fundaciones-es\/"},"img":{"alt_text":"hogar del nino la romana","src":"https:\/\/i0.wp.com\/casadecampoliving.com\/wp-content\/uploads\/2012\/02\/hogar_del_nino_la_romana.jpg?fit=550%2C299&ssl=1&resize=350%2C200","width":350,"height":200,"srcset":"https:\/\/i0.wp.com\/casadecampoliving.com\/wp-content\/uploads\/2012\/02\/hogar_del_nino_la_romana.jpg?fit=550%2C299&ssl=1&resize=350%2C200 1x, https:\/\/i0.wp.com\/casadecampoliving.com\/wp-content\/uploads\/2012\/02\/hogar_del_nino_la_romana.jpg?fit=550%2C299&ssl=1&resize=525%2C300 1.5x"},"classes":[]},{"id":61854,"url":"https:\/\/casadecampoliving.com\/es\/julio-iglesias-boletas-a-la-venta-en-fundacion-mir\/","url_meta":{"origin":77721,"position":2},"title":"Julio Iglesias &#8211; boletas a la venta en Fundaci\u00f3n MIR!","author":"Rebecca Silvestri","date":"7 Dic, 2012","format":false,"excerpt":"Grandiosa noticia! No s\u00f3lo est\u00e1n a la venta ya las esperadas boletas del concierto de Julio Iglesias en Altos de Chav\u00f3n \u2013 tambi\u00e9n un 20% de las ventas de estas boletas, realizadas por la Fundaci\u00f3n MIR ir\u00e1 a beneficio de esta fabulosa fundaci\u00f3n que en la actualidad administra tres escuelas\u2026","rel":"","context":"Entrada similar","block_context":{"text":"Entrada similar","link":""},"img":{"alt_text":"julio iglesias","src":"https:\/\/i0.wp.com\/casadecampoliving.com\/wp-content\/uploads\/2012\/12\/Julio-iglesias.jpg?fit=650%2C541&ssl=1&resize=350%2C200","width":350,"height":200,"srcset":"https:\/\/i0.wp.com\/casadecampoliving.com\/wp-content\/uploads\/2012\/12\/Julio-iglesias.jpg?fit=650%2C541&ssl=1&resize=350%2C200 1x, https:\/\/i0.wp.com\/casadecampoliving.com\/wp-content\/uploads\/2012\/12\/Julio-iglesias.jpg?fit=650%2C541&ssl=1&resize=525%2C300 1.5x"},"classes":[]},{"id":82542,"url":"https:\/\/casadecampoliving.com\/es\/altos-de-chavon-programa-de-fiestas\/","url_meta":{"origin":77721,"position":3},"title":"Altos de Chav\u00f3n Programa de Fiestas 2013","author":"Rebecca Silvestri","date":"7 Dic, 2013","format":false,"excerpt":"Las navidades en Altos de Chav\u00f3n se han convertido en una verdadera tradici\u00f3n en Casa de Campo y todo el pa\u00eds. Por su belleza arquitect\u00f3nica y ambiente id\u00edlico, Altos de Chav\u00f3n es el anfitri\u00f3n perfecto para celebrar la navidad en grande. \u00a1Todas los eventos han sido confirmados!\u00a0aqu\u00ed esta el horario\u2026","rel":"","context":"Entrada similar","block_context":{"text":"Entrada similar","link":""},"img":{"alt_text":"Altos de Chavon holiday program","src":"https:\/\/i0.wp.com\/casadecampoliving.com\/wp-content\/uploads\/2013\/12\/altos_de_chavon_holiday_program.jpg?fit=650%2C454&ssl=1&resize=350%2C200","width":350,"height":200,"srcset":"https:\/\/i0.wp.com\/casadecampoliving.com\/wp-content\/uploads\/2013\/12\/altos_de_chavon_holiday_program.jpg?fit=650%2C454&ssl=1&resize=350%2C200 1x, https:\/\/i0.wp.com\/casadecampoliving.com\/wp-content\/uploads\/2013\/12\/altos_de_chavon_holiday_program.jpg?fit=650%2C454&ssl=1&resize=525%2C300 1.5x"},"classes":[]},{"id":50846,"url":"https:\/\/casadecampoliving.com\/hogardelnino\/","url_meta":{"origin":77721,"position":4},"title":"The Hogar del Ni\u00f1o","author":"Rebecca Silvestri","date":"22 May, 2012","format":false,"excerpt":"THE HOGAR DEL NI\u00d1O The Hogar del Ni\u00f1o is a children\u2019s daycare and educational center for over 1500 children, located in La Romana town, just outside of Casa de Campo. Children from as young as just a few weeks old up to 18 years old are cared for and educated\u2026","rel":"","context":"En \u00abHogar del Nino\u00bb","block_context":{"text":"Hogar del Nino","link":"https:\/\/casadecampoliving.com\/category\/philanthrophy\/hogar-del-nino-charity\/"},"img":{"alt_text":"hogar del nino la romana","src":"https:\/\/i0.wp.com\/casadecampoliving-wp.s3-accelerate.amazonaws.com\/2012\/02\/hogar_del_nino_la_romana.jpg?resize=350%2C200&ssl=1","width":350,"height":200,"srcset":"https:\/\/i0.wp.com\/casadecampoliving-wp.s3-accelerate.amazonaws.com\/2012\/02\/hogar_del_nino_la_romana.jpg?resize=350%2C200&ssl=1 1x, https:\/\/i0.wp.com\/casadecampoliving-wp.s3-accelerate.amazonaws.com\/2012\/02\/hogar_del_nino_la_romana.jpg?resize=525%2C300&ssl=1 1.5x"},"classes":[]},{"id":82591,"url":"https:\/\/casadecampoliving.com\/es\/fiesta-concierto-con-benny-the-cupids\/","url_meta":{"origin":77721,"position":5},"title":"Fiesta concierto con \u201cBenny &#038; the Cupids\u201d &#8211; dic. 29","author":"Rebecca Silvestri","date":"7 Dic, 2013","format":false,"excerpt":"Una gran banda con la poderosa voz de Benny Hidalgo y destacad\u00edsimos m\u00fasicos dominicanos. The Cupids bajo la direcci\u00f3n de Rigo Zapata nos regalaran su amplio repertorio de Blues, Pop, R&B y Rock. Fiesta Concierto con \u201cBenny & the Cupids\u201d\u2022 Domingo diciembre 29, 9pm\u2022 Plaza Chav\u00f3n, Altos de Chav\u00f3n \u00a1\u00c9poca\u00a0navide\u00f1a\u2026","rel":"","context":"Entrada similar","block_context":{"text":"Entrada similar","link":""},"img":{"alt_text":"Benny and The Cupids","src":"https:\/\/i0.wp.com\/casadecampoliving.com\/wp-content\/uploads\/2013\/12\/benny_and_the_cupids.jpg?fit=650%2C515&ssl=1&resize=350%2C200","width":350,"height":200,"srcset":"https:\/\/i0.wp.com\/casadecampoliving.com\/wp-content\/uploads\/2013\/12\/benny_and_the_cupids.jpg?fit=650%2C515&ssl=1&resize=350%2C200 1x, https:\/\/i0.wp.com\/casadecampoliving.com\/wp-content\/uploads\/2013\/12\/benny_and_the_cupids.jpg?fit=650%2C515&ssl=1&resize=525%2C300 1.5x"},"classes":[]}],"jetpack_sharing_enabled":true,"_links":{"self":[{"href":"https:\/\/casadecampoliving.com\/es\/wp-json\/wp\/v2\/pages\/77721","targetHints":{"allow":["GET"]}}],"collection":[{"href":"https:\/\/casadecampoliving.com\/es\/wp-json\/wp\/v2\/pages"}],"about":[{"href":"https:\/\/casadecampoliving.com\/es\/wp-json\/wp\/v2\/types\/page"}],"author":[{"embeddable":true,"href":"https:\/\/casadecampoliving.com\/es\/wp-json\/wp\/v2\/users\/31"}],"replies":[{"embeddable":true,"href":"https:\/\/casadecampoliving.com\/es\/wp-json\/wp\/v2\/comments?post=77721"}],"version-history":[{"count":0,"href":"https:\/\/casadecampoliving.com\/es\/wp-json\/wp\/v2\/pages\/77721\/revisions"}],"wp:featuredmedia":[{"embeddable":true,"href":"https:\/\/casadecampoliving.com\/es\/wp-json\/wp\/v2\/media\/77342"}],"wp:attachment":[{"href":"https:\/\/casadecampoliving.com\/es\/wp-json\/wp\/v2\/media?parent=77721"}],"wp:term":[{"taxonomy":"newspack_spnsrs_tax","embeddable":true,"href":"https:\/\/casadecampoliving.com\/es\/wp-json\/wp\/v2\/newspack_spnsrs_tax?post=77721"}],"curies":[{"name":"wp","href":"https:\/\/api.w.org\/{rel}","templated":true}]}}