{"id":73692,"date":"2013-07-09T15:14:26","date_gmt":"2013-07-09T19:14:26","guid":{"rendered":"http:\/\/casadecampoliving.com\/?page_id=73692"},"modified":"2022-10-21T17:43:58","modified_gmt":"2022-10-21T21:43:58","slug":"huracanes","status":"publish","type":"page","link":"https:\/\/casadecampoliving.com\/es\/huracanes\/","title":{"rendered":"Qu\u00e9 hacer en caso de alertas de tormentas y huracanes"},"content":{"rendered":"<div class=\"wp-block-image\">\n<figure class=\"aligncenter is-resized\"><img loading=\"lazy\" decoding=\"async\" src=\"https:\/\/i0.wp.com\/casadecampoliving-wp.s3-accelerate.amazonaws.com\/2012\/08\/tropical_storm_isaac6.jpg?resize=650%2C302&amp;ssl=1\" alt=\"tropical storm isaac\" class=\"wp-image-56718\" title=\"tropical_storm_isaac\" height=\"302\" width=\"650\" srcset=\"https:\/\/i0.wp.com\/casadecampoliving.com\/wp-content\/uploads\/2012\/08\/tropical_storm_isaac6.jpg?w=650&amp;ssl=1 650w, https:\/\/i0.wp.com\/casadecampoliving.com\/wp-content\/uploads\/2012\/08\/tropical_storm_isaac6.jpg?resize=300%2C139&amp;ssl=1 300w, https:\/\/i0.wp.com\/casadecampoliving-wp.s3-accelerate.amazonaws.com\/2012\/08\/tropical_storm_isaac6.jpg?w=370 370w, https:\/\/i0.wp.com\/casadecampoliving-wp.s3-accelerate.amazonaws.com\/2012\/08\/tropical_storm_isaac6.jpg?w=400 400w\" sizes=\"auto, (max-width: 650px) 100vw, 650px\" \/><\/figure>\n<\/div>\n\n\n<p>Si una tormenta o hurac\u00e1n est\u00e1 de camino y no puede dejar el pa\u00eds o el \u00e1rea, esto es lo que deber\u00eda hacer:<\/p>\n\n\n\n<p><strong>1 \u2013 Cortar algunas ramas de los \u00e1rboles cercanos<\/strong><br>\nAntes de que se retire su jardinero, aprov\u00e9chelo \u2013 corte las ramas meas grandes y peligrosas de cualquier \u00e1rbol cercano a su hogar.<\/p>\n\n\n\n<p><strong>2 \u2013 Guarde cualquier objeto o mueble ubicado en el exterior de su villa<\/strong><br>\nCualquier mueble, decoraciones u objetos colgando o colocados en el exterior de su villa de Casa de Campo debe ser llevado al interior de \u00e9sta.<\/p>\n\n\n\n<p><strong>3 \u2013 Mant\u00e9ngase informado!<\/strong><br>\nLas noticias, sus vecinos e inclusive Facebook le dijo que se avecinaba una tormenta \u2013 pero a\u00fan as\u00ed mant\u00e9ngase informado \u2013 refi\u00e9rase a los sitios web antes mencionados en este art\u00edculo. Quiz\u00e1s quiera comunicarse tambien con el Club de Due\u00f1os de Casa de Campo para las m\u00e1s recientes recomendaciones, Tel: 809-523-2161<\/p>\n\n\n\n<p><strong>4 \u2013 Proteja ventanas y puertas de cristal<\/strong><br>\nRecomendamos proteg\u00e9rles con resistentes tapes colocados de manera diagonal, formando una X. Esto reduce la posibilidad de rupturas del cristal, y si llegara a ocurrir, previene que estos pedazos sean de peligro para usted y para otros objetos dentro de su hogar.<\/p>\n\n\n\n<p><strong>5. Prevenci\u00f3n de inundaciones<\/strong><br>\nCree una barrera en el exterior de sus ventanas y puertas utilizando sacos de arena y en el interior, toallas.<\/p>\n\n\n\n<p><strong>6 \u2013 Re\u00fana a su familia (y mascotas) al igual que su \u201ckit de huracanes\u201d \u2013 y dir\u00edjase al \u201ccuarto seguro\u201d<\/strong><br>\nTan pronto prepare su villa \u2013 re\u00fana a su familia, incluyendo a sus mascotas y dir\u00edjase al \u201ccuarto seguro\u201d (en el interior de su hogar, sin ventanas) y lleve con usted el \u201ckit de huracanes\u201d. Trate de no mirar al exterior por las ventanas \u2013 esto es muy peligroso!<\/p>\n\n\n\n<p><a href=\"http:\/\/www.weather.com\/life\/safety\/homesafety\/article\/disaster-supply-kit_2011-10-10\">Haga click aqu\u00ed para ver la lista completa de todo lo que necesita.<\/a><\/p>\n\n\n\n<blockquote class=\"wp-block-quote is-layout-flow wp-block-quote-is-layout-flow\"><p><strong>Useful numbers<\/strong><\/p><p>El departamento de seguridad de Casa de Campo tiene servicios disponibles 24 horas para atender cualquier emergencia que pueda surgir.<\/p><p>Bomberos y ambulancia: ext. 5555<\/p><p>Emergencia: 911<\/p><p>Casa de Campo seguridad: ext.5193 or ext. 5194<\/p><p>Costasur hotline: ext.5115<\/p><\/blockquote>\n","protected":false},"excerpt":{"rendered":"<p>Si una tormenta o hurac\u00e1n est\u00e1 de camino y no puede dejar el pa\u00eds o el \u00e1rea, esto es lo que deber\u00eda hacer: 1 \u2013 Cortar algunas ramas de los \u00e1rboles cercanos Antes de que se retire su jardinero, aprov\u00e9chelo \u2013 corte las ramas meas grandes y peligrosas de cualquier \u00e1rbol cercano a su hogar. [&hellip;]<\/p>\n","protected":false},"author":31,"featured_media":0,"parent":0,"menu_order":0,"comment_status":"closed","ping_status":"closed","template":"","meta":{"newspack_ads_suppress_ads":false,"newspack_popups_has_disabled_popups":false,"newspack_sponsor_sponsorship_scope":"","newspack_sponsor_native_byline_display":"inherit","newspack_sponsor_native_category_display":"inherit","newspack_sponsor_underwriter_style":"inherit","newspack_sponsor_underwriter_placement":"inherit","newspack_content_restriction_is_exempt":false,"newspack_featured_image_position":"","newspack_hide_page_title":false,"newspack_show_share_buttons":false,"footnotes":""},"newspack_spnsrs_tax":[],"class_list":["post-73692","page","type-page","status-publish","hentry","entry"],"yoast_head":"<!-- This site is optimized with the Yoast SEO plugin v27.3 - https:\/\/yoast.com\/product\/yoast-seo-wordpress\/ -->\n<title>Qu\u00e9 hacer en caso de alertas de tormentas y huracanes | Casa de Campo Living<\/title>\n<meta name=\"description\" content=\"Si una tormenta o hurac\u00e1n est\u00e1 de camino y no puede dejar el pa\u00eds o el \u00e1rea, esto es lo que deber\u00eda hacer: 1 \u2013 Cortar algunas ramas de los \u00e1rboles\" \/>\n<meta name=\"robots\" content=\"index, follow, max-snippet:-1, max-image-preview:large, max-video-preview:-1\" \/>\n<link rel=\"canonical\" href=\"https:\/\/casadecampoliving.com\/es\/huracanes\/\" \/>\n<meta property=\"og:locale\" content=\"es_ES\" \/>\n<meta property=\"og:type\" content=\"article\" \/>\n<meta property=\"og:title\" content=\"Qu\u00e9 hacer en caso de alertas de tormentas y huracanes | Casa de Campo Living\" \/>\n<meta property=\"og:description\" content=\"Si una tormenta o hurac\u00e1n est\u00e1 de camino y no puede dejar el pa\u00eds o el \u00e1rea, esto es lo que deber\u00eda hacer: 1 \u2013 Cortar algunas ramas de los \u00e1rboles\" \/>\n<meta property=\"og:url\" content=\"https:\/\/casadecampoliving.com\/es\/huracanes\/\" \/>\n<meta property=\"og:site_name\" content=\"Casa de Campo Living\" \/>\n<meta property=\"article:publisher\" content=\"https:\/\/www.facebook.com\/casadecampoliving\" \/>\n<meta property=\"article:modified_time\" content=\"2022-10-21T21:43:58+00:00\" \/>\n<meta property=\"og:image\" content=\"https:\/\/casadecampoliving-wp.s3-accelerate.amazonaws.com\/2012\/08\/tropical_storm_isaac6.jpg\" \/>\n<meta name=\"twitter:card\" content=\"summary_large_image\" \/>\n<meta name=\"twitter:site\" content=\"@cdcliving\" \/>\n<meta name=\"twitter:label1\" content=\"Tiempo de lectura\" \/>\n\t<meta name=\"twitter:data1\" content=\"2 minutos\" \/>\n<script type=\"application\/ld+json\" class=\"yoast-schema-graph\">{\"@context\":\"https:\\\/\\\/schema.org\",\"@graph\":[{\"@type\":\"WebPage\",\"@id\":\"https:\\\/\\\/casadecampoliving.com\\\/es\\\/huracanes\\\/\",\"url\":\"https:\\\/\\\/casadecampoliving.com\\\/es\\\/huracanes\\\/\",\"name\":\"Qu\u00e9 hacer en caso de alertas de tormentas y huracanes | Casa de Campo Living\",\"isPartOf\":{\"@id\":\"https:\\\/\\\/casadecampoliving.com\\\/es\\\/#website\"},\"primaryImageOfPage\":{\"@id\":\"https:\\\/\\\/casadecampoliving.com\\\/es\\\/huracanes\\\/#primaryimage\"},\"image\":{\"@id\":\"https:\\\/\\\/casadecampoliving.com\\\/es\\\/huracanes\\\/#primaryimage\"},\"thumbnailUrl\":\"https:\\\/\\\/i0.wp.com\\\/casadecampoliving-wp.s3-accelerate.amazonaws.com\\\/2012\\\/08\\\/tropical_storm_isaac6.jpg?resize=650%2C302&amp;ssl=1\",\"datePublished\":\"2013-07-09T19:14:26+00:00\",\"dateModified\":\"2022-10-21T21:43:58+00:00\",\"description\":\"Si una tormenta o hurac\u00e1n est\u00e1 de camino y no puede dejar el pa\u00eds o el \u00e1rea, esto es lo que deber\u00eda hacer: 1 \u2013 Cortar algunas ramas de los \u00e1rboles\",\"breadcrumb\":{\"@id\":\"https:\\\/\\\/casadecampoliving.com\\\/es\\\/huracanes\\\/#breadcrumb\"},\"inLanguage\":\"es\",\"potentialAction\":[{\"@type\":\"ReadAction\",\"target\":[\"https:\\\/\\\/casadecampoliving.com\\\/es\\\/huracanes\\\/\"]}]},{\"@type\":\"ImageObject\",\"inLanguage\":\"es\",\"@id\":\"https:\\\/\\\/casadecampoliving.com\\\/es\\\/huracanes\\\/#primaryimage\",\"url\":\"https:\\\/\\\/i0.wp.com\\\/casadecampoliving-wp.s3-accelerate.amazonaws.com\\\/2012\\\/08\\\/tropical_storm_isaac6.jpg?resize=650%2C302&amp;ssl=1\",\"contentUrl\":\"https:\\\/\\\/i0.wp.com\\\/casadecampoliving-wp.s3-accelerate.amazonaws.com\\\/2012\\\/08\\\/tropical_storm_isaac6.jpg?resize=650%2C302&amp;ssl=1\"},{\"@type\":\"BreadcrumbList\",\"@id\":\"https:\\\/\\\/casadecampoliving.com\\\/es\\\/huracanes\\\/#breadcrumb\",\"itemListElement\":[{\"@type\":\"ListItem\",\"position\":1,\"name\":\"Home\",\"item\":\"https:\\\/\\\/casadecampoliving.com\\\/es\\\/\"},{\"@type\":\"ListItem\",\"position\":2,\"name\":\"Qu\u00e9 hacer en caso de alertas de tormentas y huracanes\"}]},{\"@type\":\"WebSite\",\"@id\":\"https:\\\/\\\/casadecampoliving.com\\\/es\\\/#website\",\"url\":\"https:\\\/\\\/casadecampoliving.com\\\/es\\\/\",\"name\":\"Casa de Campo Living\",\"description\":\"Resort community news and resources.\",\"publisher\":{\"@id\":\"https:\\\/\\\/casadecampoliving.com\\\/es\\\/#organization\"},\"potentialAction\":[{\"@type\":\"SearchAction\",\"target\":{\"@type\":\"EntryPoint\",\"urlTemplate\":\"https:\\\/\\\/casadecampoliving.com\\\/es\\\/?s={search_term_string}\"},\"query-input\":{\"@type\":\"PropertyValueSpecification\",\"valueRequired\":true,\"valueName\":\"search_term_string\"}}],\"inLanguage\":\"es\"},{\"@type\":\"Organization\",\"@id\":\"https:\\\/\\\/casadecampoliving.com\\\/es\\\/#organization\",\"name\":\"Casa de Campo Living\",\"url\":\"https:\\\/\\\/casadecampoliving.com\\\/es\\\/\",\"logo\":{\"@type\":\"ImageObject\",\"inLanguage\":\"es\",\"@id\":\"https:\\\/\\\/casadecampoliving.com\\\/es\\\/#\\\/schema\\\/logo\\\/image\\\/\",\"url\":\"https:\\\/\\\/i0.wp.com\\\/casadecampoliving.com\\\/wp-content\\\/uploads\\\/2022\\\/07\\\/CDCLivingLogo_V1-white-sized.png?fit=800%2C214&ssl=1\",\"contentUrl\":\"https:\\\/\\\/i0.wp.com\\\/casadecampoliving.com\\\/wp-content\\\/uploads\\\/2022\\\/07\\\/CDCLivingLogo_V1-white-sized.png?fit=800%2C214&ssl=1\",\"width\":800,\"height\":214,\"caption\":\"Casa de Campo Living\"},\"image\":{\"@id\":\"https:\\\/\\\/casadecampoliving.com\\\/es\\\/#\\\/schema\\\/logo\\\/image\\\/\"},\"sameAs\":[\"https:\\\/\\\/www.facebook.com\\\/casadecampoliving\",\"https:\\\/\\\/x.com\\\/cdcliving\"]}]}<\/script>\n<!-- \/ Yoast SEO plugin. -->","yoast_head_json":{"title":"Qu\u00e9 hacer en caso de alertas de tormentas y huracanes | Casa de Campo Living","description":"Si una tormenta o hurac\u00e1n est\u00e1 de camino y no puede dejar el pa\u00eds o el \u00e1rea, esto es lo que deber\u00eda hacer: 1 \u2013 Cortar algunas ramas de los \u00e1rboles","robots":{"index":"index","follow":"follow","max-snippet":"max-snippet:-1","max-image-preview":"max-image-preview:large","max-video-preview":"max-video-preview:-1"},"canonical":"https:\/\/casadecampoliving.com\/es\/huracanes\/","og_locale":"es_ES","og_type":"article","og_title":"Qu\u00e9 hacer en caso de alertas de tormentas y huracanes | Casa de Campo Living","og_description":"Si una tormenta o hurac\u00e1n est\u00e1 de camino y no puede dejar el pa\u00eds o el \u00e1rea, esto es lo que deber\u00eda hacer: 1 \u2013 Cortar algunas ramas de los \u00e1rboles","og_url":"https:\/\/casadecampoliving.com\/es\/huracanes\/","og_site_name":"Casa de Campo Living","article_publisher":"https:\/\/www.facebook.com\/casadecampoliving","article_modified_time":"2022-10-21T21:43:58+00:00","og_image":[{"url":"https:\/\/casadecampoliving-wp.s3-accelerate.amazonaws.com\/2012\/08\/tropical_storm_isaac6.jpg","type":"","width":"","height":""}],"twitter_card":"summary_large_image","twitter_site":"@cdcliving","twitter_misc":{"Tiempo de lectura":"2 minutos"},"schema":{"@context":"https:\/\/schema.org","@graph":[{"@type":"WebPage","@id":"https:\/\/casadecampoliving.com\/es\/huracanes\/","url":"https:\/\/casadecampoliving.com\/es\/huracanes\/","name":"Qu\u00e9 hacer en caso de alertas de tormentas y huracanes | Casa de Campo Living","isPartOf":{"@id":"https:\/\/casadecampoliving.com\/es\/#website"},"primaryImageOfPage":{"@id":"https:\/\/casadecampoliving.com\/es\/huracanes\/#primaryimage"},"image":{"@id":"https:\/\/casadecampoliving.com\/es\/huracanes\/#primaryimage"},"thumbnailUrl":"https:\/\/i0.wp.com\/casadecampoliving-wp.s3-accelerate.amazonaws.com\/2012\/08\/tropical_storm_isaac6.jpg?resize=650%2C302&amp;ssl=1","datePublished":"2013-07-09T19:14:26+00:00","dateModified":"2022-10-21T21:43:58+00:00","description":"Si una tormenta o hurac\u00e1n est\u00e1 de camino y no puede dejar el pa\u00eds o el \u00e1rea, esto es lo que deber\u00eda hacer: 1 \u2013 Cortar algunas ramas de los \u00e1rboles","breadcrumb":{"@id":"https:\/\/casadecampoliving.com\/es\/huracanes\/#breadcrumb"},"inLanguage":"es","potentialAction":[{"@type":"ReadAction","target":["https:\/\/casadecampoliving.com\/es\/huracanes\/"]}]},{"@type":"ImageObject","inLanguage":"es","@id":"https:\/\/casadecampoliving.com\/es\/huracanes\/#primaryimage","url":"https:\/\/i0.wp.com\/casadecampoliving-wp.s3-accelerate.amazonaws.com\/2012\/08\/tropical_storm_isaac6.jpg?resize=650%2C302&amp;ssl=1","contentUrl":"https:\/\/i0.wp.com\/casadecampoliving-wp.s3-accelerate.amazonaws.com\/2012\/08\/tropical_storm_isaac6.jpg?resize=650%2C302&amp;ssl=1"},{"@type":"BreadcrumbList","@id":"https:\/\/casadecampoliving.com\/es\/huracanes\/#breadcrumb","itemListElement":[{"@type":"ListItem","position":1,"name":"Home","item":"https:\/\/casadecampoliving.com\/es\/"},{"@type":"ListItem","position":2,"name":"Qu\u00e9 hacer en caso de alertas de tormentas y huracanes"}]},{"@type":"WebSite","@id":"https:\/\/casadecampoliving.com\/es\/#website","url":"https:\/\/casadecampoliving.com\/es\/","name":"Casa de Campo Living","description":"Resort community news and resources.","publisher":{"@id":"https:\/\/casadecampoliving.com\/es\/#organization"},"potentialAction":[{"@type":"SearchAction","target":{"@type":"EntryPoint","urlTemplate":"https:\/\/casadecampoliving.com\/es\/?s={search_term_string}"},"query-input":{"@type":"PropertyValueSpecification","valueRequired":true,"valueName":"search_term_string"}}],"inLanguage":"es"},{"@type":"Organization","@id":"https:\/\/casadecampoliving.com\/es\/#organization","name":"Casa de Campo Living","url":"https:\/\/casadecampoliving.com\/es\/","logo":{"@type":"ImageObject","inLanguage":"es","@id":"https:\/\/casadecampoliving.com\/es\/#\/schema\/logo\/image\/","url":"https:\/\/i0.wp.com\/casadecampoliving.com\/wp-content\/uploads\/2022\/07\/CDCLivingLogo_V1-white-sized.png?fit=800%2C214&ssl=1","contentUrl":"https:\/\/i0.wp.com\/casadecampoliving.com\/wp-content\/uploads\/2022\/07\/CDCLivingLogo_V1-white-sized.png?fit=800%2C214&ssl=1","width":800,"height":214,"caption":"Casa de Campo Living"},"image":{"@id":"https:\/\/casadecampoliving.com\/es\/#\/schema\/logo\/image\/"},"sameAs":["https:\/\/www.facebook.com\/casadecampoliving","https:\/\/x.com\/cdcliving"]}]}},"parsely":{"version":"1.1.0","canonical_url":"https:\/\/casadecampoliving.com\/es\/huracanes\/","smart_links":{"inbound":0,"outbound":0},"traffic_boost_suggestions_count":0,"meta":{"@context":"https:\/\/schema.org","@type":"WebPage","headline":"Qu\u00e9 hacer en caso de alertas de tormentas y huracanes","url":"http:\/\/casadecampoliving.com\/es\/huracanes\/","mainEntityOfPage":{"@type":"WebPage","@id":"http:\/\/casadecampoliving.com\/es\/huracanes\/"},"thumbnailUrl":"","image":{"@type":"ImageObject","url":""},"articleSection":"Uncategorized @es","author":[{"@type":"Person","name":"Rebecca Silvestri"}],"creator":["Rebecca Silvestri"],"publisher":{"@type":"Organization","name":"Casa de Campo Living","logo":"https:\/\/casadecampoliving.com\/wp-content\/uploads\/2022\/07\/CDCLivingLogo_V1-white-sized.png"},"keywords":[],"dateCreated":"2013-07-09T19:14:26Z","datePublished":"2013-07-09T19:14:26Z","dateModified":"2022-10-21T21:43:58Z"},"rendered":"<script type=\"application\/ld+json\" class=\"wp-parsely-metadata\">{\"@context\":\"https:\\\/\\\/schema.org\",\"@type\":\"WebPage\",\"headline\":\"Qu\\u00e9 hacer en caso de alertas de tormentas y huracanes\",\"url\":\"http:\\\/\\\/casadecampoliving.com\\\/es\\\/huracanes\\\/\",\"mainEntityOfPage\":{\"@type\":\"WebPage\",\"@id\":\"http:\\\/\\\/casadecampoliving.com\\\/es\\\/huracanes\\\/\"},\"thumbnailUrl\":\"\",\"image\":{\"@type\":\"ImageObject\",\"url\":\"\"},\"articleSection\":\"Uncategorized @es\",\"author\":[{\"@type\":\"Person\",\"name\":\"Rebecca Silvestri\"}],\"creator\":[\"Rebecca Silvestri\"],\"publisher\":{\"@type\":\"Organization\",\"name\":\"Casa de Campo Living\",\"logo\":\"https:\\\/\\\/casadecampoliving.com\\\/wp-content\\\/uploads\\\/2022\\\/07\\\/CDCLivingLogo_V1-white-sized.png\"},\"keywords\":[],\"dateCreated\":\"2013-07-09T19:14:26Z\",\"datePublished\":\"2013-07-09T19:14:26Z\",\"dateModified\":\"2022-10-21T21:43:58Z\"}<\/script>","tracker_url":"https:\/\/cdn.parsely.com\/keys\/casadecampoliving.com\/p.js"},"jetpack-related-posts":[{"id":73378,"url":"https:\/\/casadecampoliving.com\/es\/preparados-temporada-ciclonica\/","url_meta":{"origin":73692,"position":0},"title":"\u00bfEst\u00e1n usted y su villa de Casa de Campo preparados para la temporada cicl\u00f3nica?","author":"Rebecca Silvestri","date":"5 Jul, 2013","format":false,"excerpt":"La temporada de huracanes del Atl\u00e1ntico se produce desde el 1 de junio hasta el 30 de noviembre, as\u00ed que aqu\u00ed compartimos con ustedes unos cuantos tips para asegurar que usted y su villa de Casa de Campo est\u00e9n preparados. Antes de comenzar con los tips: por favor recuerde es\u2026","rel":"","context":"Entrada similar","block_context":{"text":"Entrada similar","link":""},"img":{"alt_text":"","src":"https:\/\/i0.wp.com\/casadecampoliving.com\/wp-content\/uploads\/2011\/08\/teeth_of_the_dog_golf_casa_de_campo_storm_surge_hurricane_irene.jpg?resize=350%2C200&ssl=1","width":350,"height":200,"srcset":"https:\/\/i0.wp.com\/casadecampoliving.com\/wp-content\/uploads\/2011\/08\/teeth_of_the_dog_golf_casa_de_campo_storm_surge_hurricane_irene.jpg?resize=350%2C200&ssl=1 1x, https:\/\/i0.wp.com\/casadecampoliving.com\/wp-content\/uploads\/2011\/08\/teeth_of_the_dog_golf_casa_de_campo_storm_surge_hurricane_irene.jpg?resize=525%2C300&ssl=1 1.5x"},"classes":[]},{"id":56809,"url":"https:\/\/casadecampoliving.com\/es\/tormenta-tropical-isaac\/","url_meta":{"origin":73692,"position":1},"title":"Casa de Campo durante tormenta tropical Isaac","author":"Rebecca Silvestri","date":"24 Ago, 2012","format":false,"excerpt":"Aqu\u00ed les traemos noticias de todos los servicios y restaurantes en Casa de Campo \u2013 durante\u00a0el paso de la tormenta tropical isaac: NOTA:\u00a0Dependiendo en las condici\u00f3nes del clima esta informaci\u00f3n esta sujeto a cambios! Para confirmar por favor llamar ext. 0 Seguridad de Casa de Campo: bomberos y ambulancia \u2022\u2026","rel":"","context":"Entrada similar","block_context":{"text":"Entrada similar","link":""},"img":{"alt_text":"","src":"","width":0,"height":0},"classes":[]},{"id":54439,"url":"https:\/\/casadecampoliving.com\/es\/flamboyan\/","url_meta":{"origin":73692,"position":2},"title":"Los incomparables \u00e1rboles de Flamboy\u00e1n de Casa de Campo","author":"Rebecca Silvestri","date":"19 Jul, 2012","format":false,"excerpt":"Las ha notado? Se han vestido en sus mejores atuendos, la mayor\u00eda en apasionados tonos anaranjados y rojos, bailando con gracia en la brisa al son de sus m\u00e1gicos tonos, majestuosas y provocativas al mismo tiempo. No obstante son bastantes fieles, pues siempre muestran el mismo espect\u00e1culo en una colorida\u2026","rel":"","context":"Entrada similar","block_context":{"text":"Entrada similar","link":""},"img":{"alt_text":"flamboyant tree","src":"https:\/\/i0.wp.com\/casadecampoliving.com\/wp-content\/uploads\/2012\/07\/flamboyant_tree.jpg?fit=650%2C446&ssl=1&resize=350%2C200","width":350,"height":200,"srcset":"https:\/\/i0.wp.com\/casadecampoliving.com\/wp-content\/uploads\/2012\/07\/flamboyant_tree.jpg?fit=650%2C446&ssl=1&resize=350%2C200 1x, https:\/\/i0.wp.com\/casadecampoliving.com\/wp-content\/uploads\/2012\/07\/flamboyant_tree.jpg?fit=650%2C446&ssl=1&resize=525%2C300 1.5x"},"classes":[]},{"id":36716,"url":"https:\/\/casadecampoliving.com\/es\/sobre-nosotros\/","url_meta":{"origin":73692,"position":3},"title":"Sobre Nosotros","author":"Rebecca Silvestri","date":"7 Nov, 2011","format":false,"excerpt":"\u00a1Amamos Casa de Campo! \u00a1Esta es la esencia de Casa de Campo Living! El prop\u00f3sito de este sitio Web es mantener a nuestros amigos, familiares \u2013y a nosotros mismos- actualizados con todo lo que ocurre en Casa de Campo.\u00a0Este peque\u00f1o proyecto que empez\u00f3 en el 2006 como un simple blog\u2026","rel":"","context":"Entrada similar","block_context":{"text":"Entrada similar","link":""},"img":{"alt_text":"","src":"","width":0,"height":0},"classes":[]},{"id":55703,"url":"https:\/\/casadecampoliving.com\/es\/vanta-srl\/","url_meta":{"origin":73692,"position":4},"title":"Vanta SRL, especialistas en ventanas y puertas","author":"Rebecca Silvestri","date":"7 Ago, 2012","format":false,"excerpt":"Vanta SRL, propiedad de Rosa Mar\u00eda Pablo y Carlos Mella, due\u00f1os de villa de Casa de Campo, es una suplidora de ventanas y puertas de calidad que cuenta con un equipo de arquitectos y profesionales dedicados y apasionados al momento de proveer el mejor servicio en el mercado. Con m\u00e1s\u2026","rel":"","context":"Entrada similar","block_context":{"text":"Entrada similar","link":""},"img":{"alt_text":"vanta","src":"https:\/\/i0.wp.com\/casadecampoliving.com\/wp-content\/uploads\/2012\/08\/vanta.jpg?resize=350%2C200&ssl=1","width":350,"height":200,"srcset":"https:\/\/i0.wp.com\/casadecampoliving.com\/wp-content\/uploads\/2012\/08\/vanta.jpg?resize=350%2C200&ssl=1 1x, https:\/\/i0.wp.com\/casadecampoliving.com\/wp-content\/uploads\/2012\/08\/vanta.jpg?resize=525%2C300&ssl=1 1.5x"},"classes":[]},{"id":42779,"url":"https:\/\/casadecampoliving.com\/es\/info-2\/cuota-de-inscripcion-del-complejo-casa-de-campo\/","url_meta":{"origin":73692,"position":5},"title":"Cuota de inscripci\u00f3n del complejo Casa de Campo","author":"Rebecca Silvestri","date":"13 Ene, 2012","format":false,"excerpt":"Como Casa de Campo es un resort privado, el acceso esta limitado a los due\u00f1os de villas y sus\u00a0hu\u00e9spedes\u00a0y los\u00a0hu\u00e9spedes\u00a0del hotel Casa de Campo. En general, la entrada de Casa de Campo es gratis pero para ciertos visitantes hay una \u201cCuota de inscripci\u00f3n.\u201d Aqu\u00ed les traemos todo\u00a0lo que necesitas saber.\u2026","rel":"","context":"Entrada similar","block_context":{"text":"Entrada similar","link":""},"img":{"alt_text":"","src":"https:\/\/i0.wp.com\/casadecampoliving.com\/wp-content\/uploads\/2011\/04\/carga_acceso_casadecampo.jpg?fit=565%2C218&ssl=1&resize=350%2C200","width":350,"height":200,"srcset":"https:\/\/i0.wp.com\/casadecampoliving.com\/wp-content\/uploads\/2011\/04\/carga_acceso_casadecampo.jpg?fit=565%2C218&ssl=1&resize=350%2C200 1x, https:\/\/i0.wp.com\/casadecampoliving.com\/wp-content\/uploads\/2011\/04\/carga_acceso_casadecampo.jpg?fit=565%2C218&ssl=1&resize=525%2C300 1.5x"},"classes":[]}],"jetpack_sharing_enabled":true,"_links":{"self":[{"href":"https:\/\/casadecampoliving.com\/es\/wp-json\/wp\/v2\/pages\/73692","targetHints":{"allow":["GET"]}}],"collection":[{"href":"https:\/\/casadecampoliving.com\/es\/wp-json\/wp\/v2\/pages"}],"about":[{"href":"https:\/\/casadecampoliving.com\/es\/wp-json\/wp\/v2\/types\/page"}],"author":[{"embeddable":true,"href":"https:\/\/casadecampoliving.com\/es\/wp-json\/wp\/v2\/users\/31"}],"replies":[{"embeddable":true,"href":"https:\/\/casadecampoliving.com\/es\/wp-json\/wp\/v2\/comments?post=73692"}],"version-history":[{"count":0,"href":"https:\/\/casadecampoliving.com\/es\/wp-json\/wp\/v2\/pages\/73692\/revisions"}],"wp:attachment":[{"href":"https:\/\/casadecampoliving.com\/es\/wp-json\/wp\/v2\/media?parent=73692"}],"wp:term":[{"taxonomy":"newspack_spnsrs_tax","embeddable":true,"href":"https:\/\/casadecampoliving.com\/es\/wp-json\/wp\/v2\/newspack_spnsrs_tax?post=73692"}],"curies":[{"name":"wp","href":"https:\/\/api.w.org\/{rel}","templated":true}]}}