{"id":72284,"date":"2013-06-18T10:36:07","date_gmt":"2013-06-18T14:36:07","guid":{"rendered":"http:\/\/casadecampoliving.com\/?page_id=72284"},"modified":"2022-10-21T17:43:36","modified_gmt":"2022-10-21T21:43:36","slug":"cabana-moda","status":"publish","type":"page","link":"https:\/\/casadecampoliving.com\/es\/cabana-moda\/","title":{"rendered":"Cabana"},"content":{"rendered":"<div class=\"wp-block-image\">\n<figure class=\"aligncenter is-resized\"><img loading=\"lazy\" decoding=\"async\" src=\"https:\/\/i0.wp.com\/casadecampoliving-wp.s3-accelerate.amazonaws.com\/2012\/07\/ana_grande.jpg?resize=650%2C404&amp;ssl=1\" alt=\"ana grande\" class=\"wp-image-54640\" title=\"ana_grande\" height=\"404\" width=\"650\" srcset=\"https:\/\/i0.wp.com\/casadecampoliving.com\/wp-content\/uploads\/2012\/07\/ana_grande.jpg?w=650&amp;ssl=1 650w, https:\/\/i0.wp.com\/casadecampoliving.com\/wp-content\/uploads\/2012\/07\/ana_grande.jpg?resize=300%2C186&amp;ssl=1 300w, https:\/\/i0.wp.com\/casadecampoliving-wp.s3-accelerate.amazonaws.com\/2012\/07\/ana_grande.jpg?w=370 370w, https:\/\/i0.wp.com\/casadecampoliving-wp.s3-accelerate.amazonaws.com\/2012\/07\/ana_grande.jpg?w=400 400w\" sizes=\"auto, (max-width: 650px) 100vw, 650px\" \/><\/figure>\n<\/div>\n\n\n<p>Cabana, propiedad de Ana Grande, est\u00e1 literalmente llena de fabulosas opciones para el verano, con algo para todas las edades. Ella tiene grandiosos trajes de ba\u00f1o \u2013 sombreros flexibles, encubrimientos, envolturas y t\u00fanicas, as\u00ed como vestidos, tops, shorts, pantalones, jeans y mucho m\u00e1s.<\/p>\n\n\n<div class=\"wp-block-image\">\n<figure class=\"alignright is-resized\"><img loading=\"lazy\" decoding=\"async\" src=\"https:\/\/i0.wp.com\/casadecampoliving-wp.s3-accelerate.amazonaws.com\/2012\/07\/fashion.jpg?resize=230%2C334&amp;ssl=1\" alt=\"fashion\" class=\"wp-image-54645\" title=\"fashion\" height=\"334\" width=\"230\" srcset=\"https:\/\/i0.wp.com\/casadecampoliving.com\/wp-content\/uploads\/2012\/07\/fashion.jpg?w=230&amp;ssl=1 230w, https:\/\/i0.wp.com\/casadecampoliving.com\/wp-content\/uploads\/2012\/07\/fashion.jpg?resize=206%2C300&amp;ssl=1 206w, https:\/\/i0.wp.com\/casadecampoliving-wp.s3-accelerate.amazonaws.com\/2012\/07\/fashion.jpg?w=370 370w, https:\/\/i0.wp.com\/casadecampoliving-wp.s3-accelerate.amazonaws.com\/2012\/07\/fashion.jpg?w=400 400w\" sizes=\"auto, (max-width: 230px) 100vw, 230px\" \/><\/figure>\n<\/div>\n\n\n<p>Pero esto no es todo, ella tiene tambien grandiosos accesorios (joyas y bolsos), as\u00ed como regalos, utensilios caseros tales como servilletas, velas y mucho m\u00e1s.<\/p>\n\n\n\n<blockquote class=\"wp-block-quote is-layout-flow wp-block-quote-is-layout-flow\"><p><strong>Cabana<\/strong><br>\n<em>Atuendos de moda, accesorios, regalos y accesorios para el hogar \u2013 todo a buenos precios!&nbsp;<\/em><\/p><p><strong>D\u00f3nde:<\/strong>&nbsp;En La Romana Country Club en el \u00e1rea del gimnasio<\/p><p><strong>Abierto:<\/strong>&nbsp;Todos los d\u00edas de 9am \u2013 4pm (cerrado los mi\u00e9rcoles) o por cita.<\/p><p><strong>Tel:<\/strong>&nbsp;Hortensia (administradora de la tienda) al (829) 217-0638<\/p><p><strong>Email:<\/strong>&nbsp;anagrande@mac.com<\/p><\/blockquote>\n","protected":false},"excerpt":{"rendered":"<p>Cabana, propiedad de Ana Grande, est\u00e1 literalmente llena de fabulosas opciones para el verano, con algo para todas las edades. Ella tiene grandiosos trajes de ba\u00f1o \u2013 sombreros flexibles, encubrimientos, envolturas y t\u00fanicas, as\u00ed como vestidos, tops, shorts, pantalones, jeans y mucho m\u00e1s. Pero esto no es todo, ella tiene tambien grandiosos accesorios (joyas y [&hellip;]<\/p>\n","protected":false},"author":31,"featured_media":0,"parent":0,"menu_order":0,"comment_status":"closed","ping_status":"closed","template":"","meta":{"newspack_ads_suppress_ads":false,"newspack_popups_has_disabled_popups":false,"newspack_sponsor_sponsorship_scope":"","newspack_sponsor_native_byline_display":"inherit","newspack_sponsor_native_category_display":"inherit","newspack_sponsor_underwriter_style":"inherit","newspack_sponsor_underwriter_placement":"inherit","newspack_content_restriction_is_exempt":false,"newspack_featured_image_position":"","newspack_hide_page_title":false,"newspack_show_share_buttons":false,"footnotes":""},"newspack_spnsrs_tax":[],"class_list":["post-72284","page","type-page","status-publish","hentry","entry"],"yoast_head":"<!-- This site is optimized with the Yoast SEO plugin v27.6 - https:\/\/yoast.com\/product\/yoast-seo-wordpress\/ -->\n<title>Cabana | Casa de Campo Living<\/title>\n<meta name=\"description\" content=\"Cabana, propiedad de Ana Grande, est\u00e1 literalmente llena de fabulosas opciones para el verano, con algo para todas las edades. Ella tiene grandiosos\" \/>\n<meta name=\"robots\" content=\"index, follow, max-snippet:-1, max-image-preview:large, max-video-preview:-1\" \/>\n<link rel=\"canonical\" href=\"https:\/\/casadecampoliving.com\/es\/cabana-moda\/\" \/>\n<meta property=\"og:locale\" content=\"es_ES\" \/>\n<meta property=\"og:type\" content=\"article\" \/>\n<meta property=\"og:title\" content=\"Cabana | Casa de Campo Living\" \/>\n<meta property=\"og:description\" content=\"Cabana, propiedad de Ana Grande, est\u00e1 literalmente llena de fabulosas opciones para el verano, con algo para todas las edades. Ella tiene grandiosos\" \/>\n<meta property=\"og:url\" content=\"https:\/\/casadecampoliving.com\/es\/cabana-moda\/\" \/>\n<meta property=\"og:site_name\" content=\"Casa de Campo Living\" \/>\n<meta property=\"article:publisher\" content=\"https:\/\/www.facebook.com\/casadecampoliving\" \/>\n<meta property=\"article:modified_time\" content=\"2022-10-21T21:43:36+00:00\" \/>\n<meta property=\"og:image\" content=\"https:\/\/casadecampoliving-wp.s3-accelerate.amazonaws.com\/2012\/07\/ana_grande.jpg\" \/>\n<meta name=\"twitter:card\" content=\"summary_large_image\" \/>\n<meta name=\"twitter:site\" content=\"@cdcliving\" \/>\n<meta name=\"twitter:label1\" content=\"Tiempo de lectura\" \/>\n\t<meta name=\"twitter:data1\" content=\"1 minuto\" \/>\n<script type=\"application\/ld+json\" class=\"yoast-schema-graph\">{\"@context\":\"https:\\\/\\\/schema.org\",\"@graph\":[{\"@type\":\"WebPage\",\"@id\":\"https:\\\/\\\/casadecampoliving.com\\\/es\\\/cabana-moda\\\/\",\"url\":\"https:\\\/\\\/casadecampoliving.com\\\/es\\\/cabana-moda\\\/\",\"name\":\"Cabana | Casa de Campo Living\",\"isPartOf\":{\"@id\":\"https:\\\/\\\/casadecampoliving.com\\\/es\\\/#website\"},\"primaryImageOfPage\":{\"@id\":\"https:\\\/\\\/casadecampoliving.com\\\/es\\\/cabana-moda\\\/#primaryimage\"},\"image\":{\"@id\":\"https:\\\/\\\/casadecampoliving.com\\\/es\\\/cabana-moda\\\/#primaryimage\"},\"thumbnailUrl\":\"https:\\\/\\\/i0.wp.com\\\/casadecampoliving-wp.s3-accelerate.amazonaws.com\\\/2012\\\/07\\\/ana_grande.jpg?resize=650%2C404&amp;ssl=1\",\"datePublished\":\"2013-06-18T14:36:07+00:00\",\"dateModified\":\"2022-10-21T21:43:36+00:00\",\"description\":\"Cabana, propiedad de Ana Grande, est\u00e1 literalmente llena de fabulosas opciones para el verano, con algo para todas las edades. Ella tiene grandiosos\",\"breadcrumb\":{\"@id\":\"https:\\\/\\\/casadecampoliving.com\\\/es\\\/cabana-moda\\\/#breadcrumb\"},\"inLanguage\":\"es\",\"potentialAction\":[{\"@type\":\"ReadAction\",\"target\":[\"https:\\\/\\\/casadecampoliving.com\\\/es\\\/cabana-moda\\\/\"]}]},{\"@type\":\"ImageObject\",\"inLanguage\":\"es\",\"@id\":\"https:\\\/\\\/casadecampoliving.com\\\/es\\\/cabana-moda\\\/#primaryimage\",\"url\":\"https:\\\/\\\/i0.wp.com\\\/casadecampoliving-wp.s3-accelerate.amazonaws.com\\\/2012\\\/07\\\/ana_grande.jpg?resize=650%2C404&amp;ssl=1\",\"contentUrl\":\"https:\\\/\\\/i0.wp.com\\\/casadecampoliving-wp.s3-accelerate.amazonaws.com\\\/2012\\\/07\\\/ana_grande.jpg?resize=650%2C404&amp;ssl=1\"},{\"@type\":\"BreadcrumbList\",\"@id\":\"https:\\\/\\\/casadecampoliving.com\\\/es\\\/cabana-moda\\\/#breadcrumb\",\"itemListElement\":[{\"@type\":\"ListItem\",\"position\":1,\"name\":\"Home\",\"item\":\"https:\\\/\\\/casadecampoliving.com\\\/es\\\/\"},{\"@type\":\"ListItem\",\"position\":2,\"name\":\"Cabana\"}]},{\"@type\":\"WebSite\",\"@id\":\"https:\\\/\\\/casadecampoliving.com\\\/es\\\/#website\",\"url\":\"https:\\\/\\\/casadecampoliving.com\\\/es\\\/\",\"name\":\"Casa de Campo Living\",\"description\":\"Resort community news and resources.\",\"publisher\":{\"@id\":\"https:\\\/\\\/casadecampoliving.com\\\/es\\\/#organization\"},\"potentialAction\":[{\"@type\":\"SearchAction\",\"target\":{\"@type\":\"EntryPoint\",\"urlTemplate\":\"https:\\\/\\\/casadecampoliving.com\\\/es\\\/?s={search_term_string}\"},\"query-input\":{\"@type\":\"PropertyValueSpecification\",\"valueRequired\":true,\"valueName\":\"search_term_string\"}}],\"inLanguage\":\"es\"},{\"@type\":\"Organization\",\"@id\":\"https:\\\/\\\/casadecampoliving.com\\\/es\\\/#organization\",\"name\":\"Casa de Campo Living\",\"url\":\"https:\\\/\\\/casadecampoliving.com\\\/es\\\/\",\"logo\":{\"@type\":\"ImageObject\",\"inLanguage\":\"es\",\"@id\":\"https:\\\/\\\/casadecampoliving.com\\\/es\\\/#\\\/schema\\\/logo\\\/image\\\/\",\"url\":\"https:\\\/\\\/i0.wp.com\\\/casadecampoliving.com\\\/wp-content\\\/uploads\\\/2022\\\/07\\\/CDCLivingLogo_V1-white-sized.png?fit=800%2C214&ssl=1\",\"contentUrl\":\"https:\\\/\\\/i0.wp.com\\\/casadecampoliving.com\\\/wp-content\\\/uploads\\\/2022\\\/07\\\/CDCLivingLogo_V1-white-sized.png?fit=800%2C214&ssl=1\",\"width\":800,\"height\":214,\"caption\":\"Casa de Campo Living\"},\"image\":{\"@id\":\"https:\\\/\\\/casadecampoliving.com\\\/es\\\/#\\\/schema\\\/logo\\\/image\\\/\"},\"sameAs\":[\"https:\\\/\\\/www.facebook.com\\\/casadecampoliving\",\"https:\\\/\\\/x.com\\\/cdcliving\"]}]}<\/script>\n<!-- \/ Yoast SEO plugin. -->","yoast_head_json":{"title":"Cabana | Casa de Campo Living","description":"Cabana, propiedad de Ana Grande, est\u00e1 literalmente llena de fabulosas opciones para el verano, con algo para todas las edades. Ella tiene grandiosos","robots":{"index":"index","follow":"follow","max-snippet":"max-snippet:-1","max-image-preview":"max-image-preview:large","max-video-preview":"max-video-preview:-1"},"canonical":"https:\/\/casadecampoliving.com\/es\/cabana-moda\/","og_locale":"es_ES","og_type":"article","og_title":"Cabana | Casa de Campo Living","og_description":"Cabana, propiedad de Ana Grande, est\u00e1 literalmente llena de fabulosas opciones para el verano, con algo para todas las edades. Ella tiene grandiosos","og_url":"https:\/\/casadecampoliving.com\/es\/cabana-moda\/","og_site_name":"Casa de Campo Living","article_publisher":"https:\/\/www.facebook.com\/casadecampoliving","article_modified_time":"2022-10-21T21:43:36+00:00","og_image":[{"url":"https:\/\/casadecampoliving-wp.s3-accelerate.amazonaws.com\/2012\/07\/ana_grande.jpg","type":"","width":"","height":""}],"twitter_card":"summary_large_image","twitter_site":"@cdcliving","twitter_misc":{"Tiempo de lectura":"1 minuto"},"schema":{"@context":"https:\/\/schema.org","@graph":[{"@type":"WebPage","@id":"https:\/\/casadecampoliving.com\/es\/cabana-moda\/","url":"https:\/\/casadecampoliving.com\/es\/cabana-moda\/","name":"Cabana | Casa de Campo Living","isPartOf":{"@id":"https:\/\/casadecampoliving.com\/es\/#website"},"primaryImageOfPage":{"@id":"https:\/\/casadecampoliving.com\/es\/cabana-moda\/#primaryimage"},"image":{"@id":"https:\/\/casadecampoliving.com\/es\/cabana-moda\/#primaryimage"},"thumbnailUrl":"https:\/\/i0.wp.com\/casadecampoliving-wp.s3-accelerate.amazonaws.com\/2012\/07\/ana_grande.jpg?resize=650%2C404&amp;ssl=1","datePublished":"2013-06-18T14:36:07+00:00","dateModified":"2022-10-21T21:43:36+00:00","description":"Cabana, propiedad de Ana Grande, est\u00e1 literalmente llena de fabulosas opciones para el verano, con algo para todas las edades. Ella tiene grandiosos","breadcrumb":{"@id":"https:\/\/casadecampoliving.com\/es\/cabana-moda\/#breadcrumb"},"inLanguage":"es","potentialAction":[{"@type":"ReadAction","target":["https:\/\/casadecampoliving.com\/es\/cabana-moda\/"]}]},{"@type":"ImageObject","inLanguage":"es","@id":"https:\/\/casadecampoliving.com\/es\/cabana-moda\/#primaryimage","url":"https:\/\/i0.wp.com\/casadecampoliving-wp.s3-accelerate.amazonaws.com\/2012\/07\/ana_grande.jpg?resize=650%2C404&amp;ssl=1","contentUrl":"https:\/\/i0.wp.com\/casadecampoliving-wp.s3-accelerate.amazonaws.com\/2012\/07\/ana_grande.jpg?resize=650%2C404&amp;ssl=1"},{"@type":"BreadcrumbList","@id":"https:\/\/casadecampoliving.com\/es\/cabana-moda\/#breadcrumb","itemListElement":[{"@type":"ListItem","position":1,"name":"Home","item":"https:\/\/casadecampoliving.com\/es\/"},{"@type":"ListItem","position":2,"name":"Cabana"}]},{"@type":"WebSite","@id":"https:\/\/casadecampoliving.com\/es\/#website","url":"https:\/\/casadecampoliving.com\/es\/","name":"Casa de Campo Living","description":"Resort community news and resources.","publisher":{"@id":"https:\/\/casadecampoliving.com\/es\/#organization"},"potentialAction":[{"@type":"SearchAction","target":{"@type":"EntryPoint","urlTemplate":"https:\/\/casadecampoliving.com\/es\/?s={search_term_string}"},"query-input":{"@type":"PropertyValueSpecification","valueRequired":true,"valueName":"search_term_string"}}],"inLanguage":"es"},{"@type":"Organization","@id":"https:\/\/casadecampoliving.com\/es\/#organization","name":"Casa de Campo Living","url":"https:\/\/casadecampoliving.com\/es\/","logo":{"@type":"ImageObject","inLanguage":"es","@id":"https:\/\/casadecampoliving.com\/es\/#\/schema\/logo\/image\/","url":"https:\/\/i0.wp.com\/casadecampoliving.com\/wp-content\/uploads\/2022\/07\/CDCLivingLogo_V1-white-sized.png?fit=800%2C214&ssl=1","contentUrl":"https:\/\/i0.wp.com\/casadecampoliving.com\/wp-content\/uploads\/2022\/07\/CDCLivingLogo_V1-white-sized.png?fit=800%2C214&ssl=1","width":800,"height":214,"caption":"Casa de Campo Living"},"image":{"@id":"https:\/\/casadecampoliving.com\/es\/#\/schema\/logo\/image\/"},"sameAs":["https:\/\/www.facebook.com\/casadecampoliving","https:\/\/x.com\/cdcliving"]}]}},"parsely":{"version":"1.1.0","canonical_url":"https:\/\/casadecampoliving.com\/es\/cabana-moda\/","smart_links":{"inbound":0,"outbound":0},"traffic_boost_suggestions_count":0,"meta":{"@context":"https:\/\/schema.org","@type":"WebPage","headline":"Cabana","url":"http:\/\/casadecampoliving.com\/es\/cabana-moda\/","mainEntityOfPage":{"@type":"WebPage","@id":"http:\/\/casadecampoliving.com\/es\/cabana-moda\/"},"thumbnailUrl":"","image":{"@type":"ImageObject","url":""},"articleSection":"Uncategorized @es","author":[{"@type":"Person","name":"Rebecca Silvestri"}],"creator":["Rebecca Silvestri"],"publisher":{"@type":"Organization","name":"Casa de Campo Living","logo":"https:\/\/casadecampoliving.com\/wp-content\/uploads\/2022\/07\/CDCLivingLogo_V1-white-sized.png"},"keywords":[],"dateCreated":"2013-06-18T14:36:07Z","datePublished":"2013-06-18T14:36:07Z","dateModified":"2022-10-21T21:43:36Z"},"rendered":"<script type=\"application\/ld+json\" class=\"wp-parsely-metadata\">{\"@context\":\"https:\\\/\\\/schema.org\",\"@type\":\"WebPage\",\"headline\":\"Cabana\",\"url\":\"http:\\\/\\\/casadecampoliving.com\\\/es\\\/cabana-moda\\\/\",\"mainEntityOfPage\":{\"@type\":\"WebPage\",\"@id\":\"http:\\\/\\\/casadecampoliving.com\\\/es\\\/cabana-moda\\\/\"},\"thumbnailUrl\":\"\",\"image\":{\"@type\":\"ImageObject\",\"url\":\"\"},\"articleSection\":\"Uncategorized @es\",\"author\":[{\"@type\":\"Person\",\"name\":\"Rebecca Silvestri\"}],\"creator\":[\"Rebecca Silvestri\"],\"publisher\":{\"@type\":\"Organization\",\"name\":\"Casa de Campo Living\",\"logo\":\"https:\\\/\\\/casadecampoliving.com\\\/wp-content\\\/uploads\\\/2022\\\/07\\\/CDCLivingLogo_V1-white-sized.png\"},\"keywords\":[],\"dateCreated\":\"2013-06-18T14:36:07Z\",\"datePublished\":\"2013-06-18T14:36:07Z\",\"dateModified\":\"2022-10-21T21:43:36Z\"}<\/script>","tracker_url":"https:\/\/cdn.parsely.com\/keys\/casadecampoliving.com\/p.js"},"jetpack-related-posts":[{"id":72281,"url":"https:\/\/casadecampoliving.com\/cabana\/","url_meta":{"origin":72284,"position":0},"title":"Cabana, fashion boutique by Ana Grande","author":"Rebecca Silvestri","date":"18 Jun, 2013","format":false,"excerpt":"Cabana, owned by Ana Grande is literally brimming with fabulous summer outfit options \u2013 with something suitable for all ages. She has great beachwear \u2013 floppy hats, cover ups, wraps and tunics, as well as dresses, tops, shorts, pants, jeans and more. But that\u2019s not all \u2013 she also has\u2026","rel":"","context":"Entrada similar","block_context":{"text":"Entrada similar","link":""},"img":{"alt_text":"ana grande","src":"https:\/\/i0.wp.com\/casadecampoliving.com\/wp-content\/uploads\/2012\/07\/ana_grande.jpg?resize=350%2C200&ssl=1","width":350,"height":200,"srcset":"https:\/\/i0.wp.com\/casadecampoliving.com\/wp-content\/uploads\/2012\/07\/ana_grande.jpg?resize=350%2C200&ssl=1 1x, https:\/\/i0.wp.com\/casadecampoliving.com\/wp-content\/uploads\/2012\/07\/ana_grande.jpg?resize=525%2C300&ssl=1 1.5x"},"classes":[]},{"id":82246,"url":"https:\/\/casadecampoliving.com\/es\/menus-festivos-2013\/","url_meta":{"origin":72284,"position":1},"title":"Casa de Campo men\u00fas festivos para diciembre","author":"Rebecca Silvestri","date":"5 Dic, 2013","format":false,"excerpt":"La Noche Buena Una variedad de diferentes men\u00fas estar\u00e1n disponibles para disfrutar esta navidad con su familia y amigos. Escoja entre Beach Club by le Cirque en Minitas Beach, La Casita en la Marina Casa de Campo, La Piazzetta en Altos de Chav\u00f3n, as\u00ed como tambi\u00e9n La Ca\u00f1a by il\u2026","rel":"","context":"Entrada similar","block_context":{"text":"Entrada similar","link":""},"img":{"alt_text":"lamb","src":"https:\/\/i0.wp.com\/casadecampoliving.com\/wp-content\/uploads\/2013\/07\/lamb.jpg?fit=620%2C465&ssl=1&resize=350%2C200","width":350,"height":200,"srcset":"https:\/\/i0.wp.com\/casadecampoliving.com\/wp-content\/uploads\/2013\/07\/lamb.jpg?fit=620%2C465&ssl=1&resize=350%2C200 1x, https:\/\/i0.wp.com\/casadecampoliving.com\/wp-content\/uploads\/2013\/07\/lamb.jpg?fit=620%2C465&ssl=1&resize=525%2C300 1.5x"},"classes":[]},{"id":59513,"url":"https:\/\/casadecampoliving.com\/es\/atracciones\/","url_meta":{"origin":72284,"position":2},"title":"Atracciones y cosas para hacer en Casa de Campo","author":"Rebecca Silvestri","date":"18 Oct, 2012","format":false,"excerpt":"A\u00fan cuando hay muchas actividades deportivas en las cuales puede participar durante su estad\u00eda en el inmenso Resort Casa de Campo, hay otras incontables opciones de TODO lo que puede disfrutar! Aqu\u00ed algunos de nuestros lugares favoritos para visitar y actividades para hacer en Casa de Campo: Altos de Chav\u00f3nCompletado\u2026","rel":"","context":"Entrada similar","block_context":{"text":"Entrada similar","link":""},"img":{"alt_text":"","src":"https:\/\/i0.wp.com\/casadecampoliving.com\/wp-content\/uploads\/2012\/07\/marina_casa_de_campo6.jpg?fit=1200%2C900&ssl=1&resize=350%2C200","width":350,"height":200,"srcset":"https:\/\/i0.wp.com\/casadecampoliving.com\/wp-content\/uploads\/2012\/07\/marina_casa_de_campo6.jpg?fit=1200%2C900&ssl=1&resize=350%2C200 1x, https:\/\/i0.wp.com\/casadecampoliving.com\/wp-content\/uploads\/2012\/07\/marina_casa_de_campo6.jpg?fit=1200%2C900&ssl=1&resize=525%2C300 1.5x, https:\/\/i0.wp.com\/casadecampoliving.com\/wp-content\/uploads\/2012\/07\/marina_casa_de_campo6.jpg?fit=1200%2C900&ssl=1&resize=700%2C400 2x, https:\/\/i0.wp.com\/casadecampoliving.com\/wp-content\/uploads\/2012\/07\/marina_casa_de_campo6.jpg?fit=1200%2C900&ssl=1&resize=1050%2C600 3x"},"classes":[]},{"id":54961,"url":"https:\/\/casadecampoliving.com\/es\/fin-de-semana\/","url_meta":{"origin":72284,"position":3},"title":"Un fin de semana interesante en Casa de Campo!","author":"Rebecca Silvestri","date":"24 Jul, 2012","format":false,"excerpt":"Con tantas cosas que ver y hacer aqu\u00ed, pensa- mos que necesitar\u00edan un poquito de ayuda para planificar el fin de semana perfecto! [Haga click en los links para m\u00e1s info.] Viernes \u2022 Despu\u00e9s de su viaje, rel\u00e1jese con un masaje en el Casa de Campo Spa. \u2022 Disfrute de\u2026","rel":"","context":"Entrada similar","block_context":{"text":"Entrada similar","link":""},"img":{"alt_text":"palmilla","src":"https:\/\/i0.wp.com\/casadecampoliving.com\/wp-content\/uploads\/2012\/07\/palmilla.jpg?fit=650%2C253&ssl=1&resize=350%2C200","width":350,"height":200,"srcset":"https:\/\/i0.wp.com\/casadecampoliving.com\/wp-content\/uploads\/2012\/07\/palmilla.jpg?fit=650%2C253&ssl=1&resize=350%2C200 1x, https:\/\/i0.wp.com\/casadecampoliving.com\/wp-content\/uploads\/2012\/07\/palmilla.jpg?fit=650%2C253&ssl=1&resize=525%2C300 1.5x"},"classes":[]},{"id":54953,"url":"https:\/\/casadecampoliving.com\/es\/spa\/","url_meta":{"origin":72284,"position":4},"title":"Casa de Campo Spa","author":"Rebecca Silvestri","date":"19 Jun, 2013","format":false,"excerpt":"Casa de Campo Spa in inspired by our native acribean rotos and the purity of nature. Using tropical essences, organic elixirs, and the finest techniques, our internationally qualified spa therapists take you on a journey to the extrordinary. The Casa de Campo Spa offers a long list of spa treatments,\u2026","rel":"","context":"Entrada similar","block_context":{"text":"Entrada similar","link":""},"img":{"alt_text":"casa de campo spa","src":"https:\/\/i0.wp.com\/casadecampoliving.com\/wp-content\/uploads\/2013\/06\/casa_de_campo_spa1.jpg?fit=650%2C379&ssl=1&resize=350%2C200","width":350,"height":200,"srcset":"https:\/\/i0.wp.com\/casadecampoliving.com\/wp-content\/uploads\/2013\/06\/casa_de_campo_spa1.jpg?fit=650%2C379&ssl=1&resize=350%2C200 1x, https:\/\/i0.wp.com\/casadecampoliving.com\/wp-content\/uploads\/2013\/06\/casa_de_campo_spa1.jpg?fit=650%2C379&ssl=1&resize=525%2C300 1.5x"},"classes":[]},{"id":59511,"url":"https:\/\/casadecampoliving.com\/attractions\/","url_meta":{"origin":72284,"position":5},"title":"Casa de Campo attractions and things TO DO","author":"Rebecca Silvestri","date":"18 Oct, 2012","format":false,"excerpt":"Whilst there are many sporting activities to get your teeth into whilst in Casa de Campo, in this immense resort, there are countless other things TO DO and enjoy! Here are some of our favorites places to visit and things TO DO: Altos de Chav\u00f3nCompleted in 1982, Altos de Chav\u00f3n\u2026","rel":"","context":"Entrada similar","block_context":{"text":"Entrada similar","link":""},"img":{"alt_text":"casa de campo spa","src":"https:\/\/i0.wp.com\/casadecampoliving.com\/wp-content\/uploads\/2012\/10\/casa_de_campo_spa.jpg?fit=650%2C378&ssl=1&resize=350%2C200","width":350,"height":200,"srcset":"https:\/\/i0.wp.com\/casadecampoliving.com\/wp-content\/uploads\/2012\/10\/casa_de_campo_spa.jpg?fit=650%2C378&ssl=1&resize=350%2C200 1x, https:\/\/i0.wp.com\/casadecampoliving.com\/wp-content\/uploads\/2012\/10\/casa_de_campo_spa.jpg?fit=650%2C378&ssl=1&resize=525%2C300 1.5x"},"classes":[]}],"jetpack_sharing_enabled":true,"_links":{"self":[{"href":"https:\/\/casadecampoliving.com\/es\/wp-json\/wp\/v2\/pages\/72284","targetHints":{"allow":["GET"]}}],"collection":[{"href":"https:\/\/casadecampoliving.com\/es\/wp-json\/wp\/v2\/pages"}],"about":[{"href":"https:\/\/casadecampoliving.com\/es\/wp-json\/wp\/v2\/types\/page"}],"author":[{"embeddable":true,"href":"https:\/\/casadecampoliving.com\/es\/wp-json\/wp\/v2\/users\/31"}],"replies":[{"embeddable":true,"href":"https:\/\/casadecampoliving.com\/es\/wp-json\/wp\/v2\/comments?post=72284"}],"version-history":[{"count":0,"href":"https:\/\/casadecampoliving.com\/es\/wp-json\/wp\/v2\/pages\/72284\/revisions"}],"wp:attachment":[{"href":"https:\/\/casadecampoliving.com\/es\/wp-json\/wp\/v2\/media?parent=72284"}],"wp:term":[{"taxonomy":"newspack_spnsrs_tax","embeddable":true,"href":"https:\/\/casadecampoliving.com\/es\/wp-json\/wp\/v2\/newspack_spnsrs_tax?post=72284"}],"curies":[{"name":"wp","href":"https:\/\/api.w.org\/{rel}","templated":true}]}}