{"id":71876,"date":"2013-06-11T10:11:21","date_gmt":"2013-06-11T14:11:21","guid":{"rendered":"http:\/\/casadecampoliving.com\/?page_id=71876"},"modified":"2022-10-21T17:43:23","modified_gmt":"2022-10-21T21:43:23","slug":"chavon-electronico-es","status":"publish","type":"page","link":"https:\/\/casadecampoliving.com\/es\/chavon-electronico-es\/","title":{"rendered":"Chav\u00f3n Electr\u00f3nico &#8211; fiesta y \u00abbar hopping\u00bb, el s\u00e1bado 22 de Junio en Altos de Chav\u00f3n"},"content":{"rendered":"<div class=\"wp-block-image\">\n<figure class=\"aligncenter is-resized\"><img loading=\"lazy\" decoding=\"async\" src=\"https:\/\/i0.wp.com\/casadecampoliving-wp.s3-accelerate.amazonaws.com\/2013\/06\/chavon_electronico_bar_hopping.jpg?resize=650%2C542&amp;ssl=1\" alt=\"chavon electronico\" class=\"wp-image-71814\" title=\"chavon_electronico_bar_hopping\" height=\"542\" width=\"650\" srcset=\"https:\/\/i0.wp.com\/casadecampoliving.com\/wp-content\/uploads\/2013\/06\/chavon_electronico_bar_hopping.jpg?w=650&amp;ssl=1 650w, https:\/\/i0.wp.com\/casadecampoliving.com\/wp-content\/uploads\/2013\/06\/chavon_electronico_bar_hopping.jpg?resize=300%2C250&amp;ssl=1 300w, https:\/\/i0.wp.com\/casadecampoliving-wp.s3-accelerate.amazonaws.com\/2013\/06\/chavon_electronico_bar_hopping.jpg?w=370 370w, https:\/\/i0.wp.com\/casadecampoliving-wp.s3-accelerate.amazonaws.com\/2013\/06\/chavon_electronico_bar_hopping.jpg?w=400 400w\" sizes=\"auto, (max-width: 650px) 100vw, 650px\" \/><\/figure>\n<\/div>\n\n\n<p>\u00a1El s\u00e1bado 22 de junio la fiesta es en Altos de Chav\u00f3n! &nbsp;Ya que proximamente se realizar\u00e1 un evento llamado&nbsp;<strong>Chav\u00f3n Electr\u00f3nico,<\/strong>&nbsp;que es Bar Hopping entre los bares y restaurantes de Altos de Chav\u00f3n y cada uno tendr\u00e1 ofertas especiales, adem\u00e1s del&nbsp;DJ Papanox y al Pinzi Truck de Red Bull&nbsp;en la Plaza Chav\u00f3n.<\/p>\n\n\n\n<p>Este evento prometer ser una noche excitante para explorar cada rinc\u00f3n de Altos de Chav\u00f3n y probar todo ofrece en la mejor fiesta para iniciar el verano.&nbsp;(Vea debajo todas las ofertas especiales de los bares y los restaurantes para ese d\u00eda.)<\/p>\n\n\n\n<blockquote class=\"wp-block-quote is-layout-flow wp-block-quote-is-layout-flow\"><p><span style=\"text-decoration: underline;\"><strong>Chav\u00f3n Electr\u00f3nico<\/strong><\/span><\/p><p><strong>Cu\u00e1ndo:<\/strong> 22 de Junio<\/p><p><strong>D\u00f3nde:<\/strong> Plaza Chav\u00f3n<\/p><p><strong>Hora:<\/strong> Desde las 6pm<\/p><p><strong>Incluye:<\/strong> Bar Hopping (vea debajo todas las ofertas especiales de los bares y los restaurantes)<\/p><p><strong>Contacto:&nbsp;<\/strong><\/p><p>\u2022 w.gomez@ccampo.com.do<br>\n\u2022 (809) 523-8522 \/ (809)&nbsp;523-2424<\/p><p><strong>Detalles y especiales:<\/strong><\/p><p><strong><span style=\"text-decoration: underline;\">Rest. La Piazzetta<\/span><br>\n<\/strong><strong>6-9 pm:<\/strong> Sunset Lounge, menu especial, Budha bar y Lounge Beats con DJ Kambax<\/p><p><strong><span style=\"text-decoration: underline;\">Papajacks<\/span><br>\n<\/strong><strong>7-10 pm:<\/strong> 2\u00d71 en tragos de Vodka y Ron \/ 10% descuento del men\u00fa regular<br>\n<strong>TODA LA NOCHE:&nbsp;<\/strong>Beats con DJ EMI &amp; Resident DJ Leo Irizarry<\/p><p><strong><span style=\"text-decoration: underline;\">Onno\u2019s<\/span><br>\n<\/strong><strong>7-10 pm:<\/strong>&nbsp;20% de descuento en botellas \/ 2 x 1 en c\u00f3cteles nacionales \/ 25% de descuento en tapas y pizzas<br>\n<strong>TODA LA NOCHE:&nbsp;<\/strong>Guest DJ &amp; Resident DJ Maicol<\/p><p><strong><span style=\"text-decoration: underline;\">The Club Restaurant &amp; Grill<\/span><br>\n<\/strong><strong>7-10pm:<\/strong> Especial de Paella de Mariscos + copa de Sangr\u00eda por RD$700.00 (mas impuestos) \/ 2 x 1 en Mojitos<br>\n<strong>10pm en adelante:<\/strong> DJ KORNELY<\/p><p><strong><span style=\"text-decoration: underline;\">Plaza Chav\u00f3n<\/span><br>\n<\/strong><strong>9pm:<\/strong> PINZI TRUCK by RedBull<br>\n<strong>12am:<\/strong> DJ Papanox<\/p><\/blockquote>\n","protected":false},"excerpt":{"rendered":"<p>\u00a1El s\u00e1bado 22 de junio la fiesta es en Altos de Chav\u00f3n! &nbsp;Ya que proximamente se realizar\u00e1 un evento llamado&nbsp;Chav\u00f3n Electr\u00f3nico,&nbsp;que es Bar Hopping entre los bares y restaurantes de Altos de Chav\u00f3n y cada uno tendr\u00e1 ofertas especiales, adem\u00e1s del&nbsp;DJ Papanox y al Pinzi Truck de Red Bull&nbsp;en la Plaza Chav\u00f3n. Este evento prometer [&hellip;]<\/p>\n","protected":false},"author":31,"featured_media":0,"parent":0,"menu_order":0,"comment_status":"closed","ping_status":"closed","template":"","meta":{"newspack_ads_suppress_ads":false,"newspack_popups_has_disabled_popups":false,"newspack_sponsor_sponsorship_scope":"","newspack_sponsor_native_byline_display":"inherit","newspack_sponsor_native_category_display":"inherit","newspack_sponsor_underwriter_style":"inherit","newspack_sponsor_underwriter_placement":"inherit","newspack_content_restriction_is_exempt":false,"newspack_featured_image_position":"","newspack_hide_page_title":false,"newspack_show_share_buttons":false,"footnotes":""},"newspack_spnsrs_tax":[],"class_list":["post-71876","page","type-page","status-publish","hentry","entry"],"yoast_head":"<!-- This site is optimized with the Yoast SEO plugin v27.3 - https:\/\/yoast.com\/product\/yoast-seo-wordpress\/ -->\n<title>Chav\u00f3n Electr\u00f3nico - fiesta y &quot;bar hopping&quot;, el s\u00e1bado 22 de Junio en Altos de Chav\u00f3n | Casa de Campo Living<\/title>\n<meta name=\"description\" content=\"\u00a1El s\u00e1bado 22 de junio la fiesta es en Altos de Chav\u00f3n! &nbsp;Ya que proximamente se realizar\u00e1 un evento llamado&nbsp;Chav\u00f3n Electr\u00f3nico,&nbsp;que es Bar\" \/>\n<meta name=\"robots\" content=\"index, follow, max-snippet:-1, max-image-preview:large, max-video-preview:-1\" \/>\n<link rel=\"canonical\" href=\"https:\/\/casadecampoliving.com\/es\/chavon-electronico-es\/\" \/>\n<meta property=\"og:locale\" content=\"es_ES\" \/>\n<meta property=\"og:type\" content=\"article\" \/>\n<meta property=\"og:title\" content=\"Chav\u00f3n Electr\u00f3nico - fiesta y &quot;bar hopping&quot;, el s\u00e1bado 22 de Junio en Altos de Chav\u00f3n | Casa de Campo Living\" \/>\n<meta property=\"og:description\" content=\"\u00a1El s\u00e1bado 22 de junio la fiesta es en Altos de Chav\u00f3n! &nbsp;Ya que proximamente se realizar\u00e1 un evento llamado&nbsp;Chav\u00f3n Electr\u00f3nico,&nbsp;que es Bar\" \/>\n<meta property=\"og:url\" content=\"https:\/\/casadecampoliving.com\/es\/chavon-electronico-es\/\" \/>\n<meta property=\"og:site_name\" content=\"Casa de Campo Living\" \/>\n<meta property=\"article:publisher\" content=\"https:\/\/www.facebook.com\/casadecampoliving\" \/>\n<meta property=\"article:modified_time\" content=\"2022-10-21T21:43:23+00:00\" \/>\n<meta property=\"og:image\" content=\"https:\/\/casadecampoliving-wp.s3-accelerate.amazonaws.com\/2013\/06\/chavon_electronico_bar_hopping.jpg\" \/>\n<meta name=\"twitter:card\" content=\"summary_large_image\" \/>\n<meta name=\"twitter:site\" content=\"@cdcliving\" \/>\n<meta name=\"twitter:label1\" content=\"Tiempo de lectura\" \/>\n\t<meta name=\"twitter:data1\" content=\"1 minuto\" \/>\n<script type=\"application\/ld+json\" class=\"yoast-schema-graph\">{\"@context\":\"https:\\\/\\\/schema.org\",\"@graph\":[{\"@type\":\"WebPage\",\"@id\":\"https:\\\/\\\/casadecampoliving.com\\\/es\\\/chavon-electronico-es\\\/\",\"url\":\"https:\\\/\\\/casadecampoliving.com\\\/es\\\/chavon-electronico-es\\\/\",\"name\":\"Chav\u00f3n Electr\u00f3nico - fiesta y \\\"bar hopping\\\", el s\u00e1bado 22 de Junio en Altos de Chav\u00f3n | Casa de Campo Living\",\"isPartOf\":{\"@id\":\"https:\\\/\\\/casadecampoliving.com\\\/es\\\/#website\"},\"primaryImageOfPage\":{\"@id\":\"https:\\\/\\\/casadecampoliving.com\\\/es\\\/chavon-electronico-es\\\/#primaryimage\"},\"image\":{\"@id\":\"https:\\\/\\\/casadecampoliving.com\\\/es\\\/chavon-electronico-es\\\/#primaryimage\"},\"thumbnailUrl\":\"https:\\\/\\\/i0.wp.com\\\/casadecampoliving-wp.s3-accelerate.amazonaws.com\\\/2013\\\/06\\\/chavon_electronico_bar_hopping.jpg?resize=650%2C542&amp;ssl=1\",\"datePublished\":\"2013-06-11T14:11:21+00:00\",\"dateModified\":\"2022-10-21T21:43:23+00:00\",\"description\":\"\u00a1El s\u00e1bado 22 de junio la fiesta es en Altos de Chav\u00f3n! &nbsp;Ya que proximamente se realizar\u00e1 un evento llamado&nbsp;Chav\u00f3n Electr\u00f3nico,&nbsp;que es Bar\",\"breadcrumb\":{\"@id\":\"https:\\\/\\\/casadecampoliving.com\\\/es\\\/chavon-electronico-es\\\/#breadcrumb\"},\"inLanguage\":\"es\",\"potentialAction\":[{\"@type\":\"ReadAction\",\"target\":[\"https:\\\/\\\/casadecampoliving.com\\\/es\\\/chavon-electronico-es\\\/\"]}]},{\"@type\":\"ImageObject\",\"inLanguage\":\"es\",\"@id\":\"https:\\\/\\\/casadecampoliving.com\\\/es\\\/chavon-electronico-es\\\/#primaryimage\",\"url\":\"https:\\\/\\\/i0.wp.com\\\/casadecampoliving-wp.s3-accelerate.amazonaws.com\\\/2013\\\/06\\\/chavon_electronico_bar_hopping.jpg?resize=650%2C542&amp;ssl=1\",\"contentUrl\":\"https:\\\/\\\/i0.wp.com\\\/casadecampoliving-wp.s3-accelerate.amazonaws.com\\\/2013\\\/06\\\/chavon_electronico_bar_hopping.jpg?resize=650%2C542&amp;ssl=1\"},{\"@type\":\"BreadcrumbList\",\"@id\":\"https:\\\/\\\/casadecampoliving.com\\\/es\\\/chavon-electronico-es\\\/#breadcrumb\",\"itemListElement\":[{\"@type\":\"ListItem\",\"position\":1,\"name\":\"Home\",\"item\":\"https:\\\/\\\/casadecampoliving.com\\\/es\\\/\"},{\"@type\":\"ListItem\",\"position\":2,\"name\":\"Chav\u00f3n Electr\u00f3nico &#8211; fiesta y &#8220;bar hopping&#8221;, el s\u00e1bado 22 de Junio en Altos de Chav\u00f3n\"}]},{\"@type\":\"WebSite\",\"@id\":\"https:\\\/\\\/casadecampoliving.com\\\/es\\\/#website\",\"url\":\"https:\\\/\\\/casadecampoliving.com\\\/es\\\/\",\"name\":\"Casa de Campo Living\",\"description\":\"Resort community news and resources.\",\"publisher\":{\"@id\":\"https:\\\/\\\/casadecampoliving.com\\\/es\\\/#organization\"},\"potentialAction\":[{\"@type\":\"SearchAction\",\"target\":{\"@type\":\"EntryPoint\",\"urlTemplate\":\"https:\\\/\\\/casadecampoliving.com\\\/es\\\/?s={search_term_string}\"},\"query-input\":{\"@type\":\"PropertyValueSpecification\",\"valueRequired\":true,\"valueName\":\"search_term_string\"}}],\"inLanguage\":\"es\"},{\"@type\":\"Organization\",\"@id\":\"https:\\\/\\\/casadecampoliving.com\\\/es\\\/#organization\",\"name\":\"Casa de Campo Living\",\"url\":\"https:\\\/\\\/casadecampoliving.com\\\/es\\\/\",\"logo\":{\"@type\":\"ImageObject\",\"inLanguage\":\"es\",\"@id\":\"https:\\\/\\\/casadecampoliving.com\\\/es\\\/#\\\/schema\\\/logo\\\/image\\\/\",\"url\":\"https:\\\/\\\/i0.wp.com\\\/casadecampoliving.com\\\/wp-content\\\/uploads\\\/2022\\\/07\\\/CDCLivingLogo_V1-white-sized.png?fit=800%2C214&ssl=1\",\"contentUrl\":\"https:\\\/\\\/i0.wp.com\\\/casadecampoliving.com\\\/wp-content\\\/uploads\\\/2022\\\/07\\\/CDCLivingLogo_V1-white-sized.png?fit=800%2C214&ssl=1\",\"width\":800,\"height\":214,\"caption\":\"Casa de Campo Living\"},\"image\":{\"@id\":\"https:\\\/\\\/casadecampoliving.com\\\/es\\\/#\\\/schema\\\/logo\\\/image\\\/\"},\"sameAs\":[\"https:\\\/\\\/www.facebook.com\\\/casadecampoliving\",\"https:\\\/\\\/x.com\\\/cdcliving\"]}]}<\/script>\n<!-- \/ Yoast SEO plugin. -->","yoast_head_json":{"title":"Chav\u00f3n Electr\u00f3nico - fiesta y \"bar hopping\", el s\u00e1bado 22 de Junio en Altos de Chav\u00f3n | Casa de Campo Living","description":"\u00a1El s\u00e1bado 22 de junio la fiesta es en Altos de Chav\u00f3n! &nbsp;Ya que proximamente se realizar\u00e1 un evento llamado&nbsp;Chav\u00f3n Electr\u00f3nico,&nbsp;que es Bar","robots":{"index":"index","follow":"follow","max-snippet":"max-snippet:-1","max-image-preview":"max-image-preview:large","max-video-preview":"max-video-preview:-1"},"canonical":"https:\/\/casadecampoliving.com\/es\/chavon-electronico-es\/","og_locale":"es_ES","og_type":"article","og_title":"Chav\u00f3n Electr\u00f3nico - fiesta y \"bar hopping\", el s\u00e1bado 22 de Junio en Altos de Chav\u00f3n | Casa de Campo Living","og_description":"\u00a1El s\u00e1bado 22 de junio la fiesta es en Altos de Chav\u00f3n! &nbsp;Ya que proximamente se realizar\u00e1 un evento llamado&nbsp;Chav\u00f3n Electr\u00f3nico,&nbsp;que es Bar","og_url":"https:\/\/casadecampoliving.com\/es\/chavon-electronico-es\/","og_site_name":"Casa de Campo Living","article_publisher":"https:\/\/www.facebook.com\/casadecampoliving","article_modified_time":"2022-10-21T21:43:23+00:00","og_image":[{"url":"https:\/\/casadecampoliving-wp.s3-accelerate.amazonaws.com\/2013\/06\/chavon_electronico_bar_hopping.jpg","type":"","width":"","height":""}],"twitter_card":"summary_large_image","twitter_site":"@cdcliving","twitter_misc":{"Tiempo de lectura":"1 minuto"},"schema":{"@context":"https:\/\/schema.org","@graph":[{"@type":"WebPage","@id":"https:\/\/casadecampoliving.com\/es\/chavon-electronico-es\/","url":"https:\/\/casadecampoliving.com\/es\/chavon-electronico-es\/","name":"Chav\u00f3n Electr\u00f3nico - fiesta y \"bar hopping\", el s\u00e1bado 22 de Junio en Altos de Chav\u00f3n | Casa de Campo Living","isPartOf":{"@id":"https:\/\/casadecampoliving.com\/es\/#website"},"primaryImageOfPage":{"@id":"https:\/\/casadecampoliving.com\/es\/chavon-electronico-es\/#primaryimage"},"image":{"@id":"https:\/\/casadecampoliving.com\/es\/chavon-electronico-es\/#primaryimage"},"thumbnailUrl":"https:\/\/i0.wp.com\/casadecampoliving-wp.s3-accelerate.amazonaws.com\/2013\/06\/chavon_electronico_bar_hopping.jpg?resize=650%2C542&amp;ssl=1","datePublished":"2013-06-11T14:11:21+00:00","dateModified":"2022-10-21T21:43:23+00:00","description":"\u00a1El s\u00e1bado 22 de junio la fiesta es en Altos de Chav\u00f3n! &nbsp;Ya que proximamente se realizar\u00e1 un evento llamado&nbsp;Chav\u00f3n Electr\u00f3nico,&nbsp;que es Bar","breadcrumb":{"@id":"https:\/\/casadecampoliving.com\/es\/chavon-electronico-es\/#breadcrumb"},"inLanguage":"es","potentialAction":[{"@type":"ReadAction","target":["https:\/\/casadecampoliving.com\/es\/chavon-electronico-es\/"]}]},{"@type":"ImageObject","inLanguage":"es","@id":"https:\/\/casadecampoliving.com\/es\/chavon-electronico-es\/#primaryimage","url":"https:\/\/i0.wp.com\/casadecampoliving-wp.s3-accelerate.amazonaws.com\/2013\/06\/chavon_electronico_bar_hopping.jpg?resize=650%2C542&amp;ssl=1","contentUrl":"https:\/\/i0.wp.com\/casadecampoliving-wp.s3-accelerate.amazonaws.com\/2013\/06\/chavon_electronico_bar_hopping.jpg?resize=650%2C542&amp;ssl=1"},{"@type":"BreadcrumbList","@id":"https:\/\/casadecampoliving.com\/es\/chavon-electronico-es\/#breadcrumb","itemListElement":[{"@type":"ListItem","position":1,"name":"Home","item":"https:\/\/casadecampoliving.com\/es\/"},{"@type":"ListItem","position":2,"name":"Chav\u00f3n Electr\u00f3nico &#8211; fiesta y &#8220;bar hopping&#8221;, el s\u00e1bado 22 de Junio en Altos de Chav\u00f3n"}]},{"@type":"WebSite","@id":"https:\/\/casadecampoliving.com\/es\/#website","url":"https:\/\/casadecampoliving.com\/es\/","name":"Casa de Campo Living","description":"Resort community news and resources.","publisher":{"@id":"https:\/\/casadecampoliving.com\/es\/#organization"},"potentialAction":[{"@type":"SearchAction","target":{"@type":"EntryPoint","urlTemplate":"https:\/\/casadecampoliving.com\/es\/?s={search_term_string}"},"query-input":{"@type":"PropertyValueSpecification","valueRequired":true,"valueName":"search_term_string"}}],"inLanguage":"es"},{"@type":"Organization","@id":"https:\/\/casadecampoliving.com\/es\/#organization","name":"Casa de Campo Living","url":"https:\/\/casadecampoliving.com\/es\/","logo":{"@type":"ImageObject","inLanguage":"es","@id":"https:\/\/casadecampoliving.com\/es\/#\/schema\/logo\/image\/","url":"https:\/\/i0.wp.com\/casadecampoliving.com\/wp-content\/uploads\/2022\/07\/CDCLivingLogo_V1-white-sized.png?fit=800%2C214&ssl=1","contentUrl":"https:\/\/i0.wp.com\/casadecampoliving.com\/wp-content\/uploads\/2022\/07\/CDCLivingLogo_V1-white-sized.png?fit=800%2C214&ssl=1","width":800,"height":214,"caption":"Casa de Campo Living"},"image":{"@id":"https:\/\/casadecampoliving.com\/es\/#\/schema\/logo\/image\/"},"sameAs":["https:\/\/www.facebook.com\/casadecampoliving","https:\/\/x.com\/cdcliving"]}]}},"parsely":{"version":"1.1.0","canonical_url":"https:\/\/casadecampoliving.com\/es\/chavon-electronico-es\/","smart_links":{"inbound":0,"outbound":0},"traffic_boost_suggestions_count":0,"meta":{"@context":"https:\/\/schema.org","@type":"WebPage","headline":"Chav\u00f3n Electr\u00f3nico &#8211; fiesta y \u00abbar hopping\u00bb, el s\u00e1bado 22 de Junio en Altos de Chav\u00f3n","url":"http:\/\/casadecampoliving.com\/es\/chavon-electronico-es\/","mainEntityOfPage":{"@type":"WebPage","@id":"http:\/\/casadecampoliving.com\/es\/chavon-electronico-es\/"},"thumbnailUrl":"","image":{"@type":"ImageObject","url":""},"articleSection":"Uncategorized @es","author":[{"@type":"Person","name":"Rebecca Silvestri"}],"creator":["Rebecca Silvestri"],"publisher":{"@type":"Organization","name":"Casa de Campo Living","logo":"https:\/\/casadecampoliving.com\/wp-content\/uploads\/2022\/07\/CDCLivingLogo_V1-white-sized.png"},"keywords":[],"dateCreated":"2013-06-11T14:11:21Z","datePublished":"2013-06-11T14:11:21Z","dateModified":"2022-10-21T21:43:23Z"},"rendered":"<script type=\"application\/ld+json\" class=\"wp-parsely-metadata\">{\"@context\":\"https:\\\/\\\/schema.org\",\"@type\":\"WebPage\",\"headline\":\"Chav\\u00f3n Electr\\u00f3nico &#8211; fiesta y \\u00abbar hopping\\u00bb, el s\\u00e1bado 22 de Junio en Altos de Chav\\u00f3n\",\"url\":\"http:\\\/\\\/casadecampoliving.com\\\/es\\\/chavon-electronico-es\\\/\",\"mainEntityOfPage\":{\"@type\":\"WebPage\",\"@id\":\"http:\\\/\\\/casadecampoliving.com\\\/es\\\/chavon-electronico-es\\\/\"},\"thumbnailUrl\":\"\",\"image\":{\"@type\":\"ImageObject\",\"url\":\"\"},\"articleSection\":\"Uncategorized @es\",\"author\":[{\"@type\":\"Person\",\"name\":\"Rebecca Silvestri\"}],\"creator\":[\"Rebecca Silvestri\"],\"publisher\":{\"@type\":\"Organization\",\"name\":\"Casa de Campo Living\",\"logo\":\"https:\\\/\\\/casadecampoliving.com\\\/wp-content\\\/uploads\\\/2022\\\/07\\\/CDCLivingLogo_V1-white-sized.png\"},\"keywords\":[],\"dateCreated\":\"2013-06-11T14:11:21Z\",\"datePublished\":\"2013-06-11T14:11:21Z\",\"dateModified\":\"2022-10-21T21:43:23Z\"}<\/script>","tracker_url":"https:\/\/cdn.parsely.com\/keys\/casadecampoliving.com\/p.js"},"jetpack-related-posts":[{"id":82586,"url":"https:\/\/casadecampoliving.com\/es\/chavon-electronico-christmas-dic-27\/","url_meta":{"origin":71876,"position":0},"title":"Chav\u00f3n Electr\u00f3nico Christmas &#8211; dic. 27","author":"Rebecca Silvestri","date":"7 Dic, 2013","format":false,"excerpt":"\u00a1El viernes 27 de diciembre la fiesta es en Altos de Chav\u00f3n! La versi\u00f3n navide\u00f1a de nuestro Chav\u00f3n Electr\u00f3nico! Disfrute de estos reconocidos DJ\u2019s con la mejor m\u00fasica! Con DJ Collapse (Jean Sosa), DJ Gem y DJ Kambax. Aproveche de especiales en todos nuestros bares y restaurantes! \u00a1\u00c9poca\u00a0navide\u00f1a en Altos\u2026","rel":"","context":"Entrada similar","block_context":{"text":"Entrada similar","link":""},"img":{"alt_text":"Chavon Electronico Christmas","src":"https:\/\/i0.wp.com\/casadecampoliving.com\/wp-content\/uploads\/2013\/12\/chavon_electronico_christmas.jpg?fit=650%2C454&ssl=1&resize=350%2C200","width":350,"height":200,"srcset":"https:\/\/i0.wp.com\/casadecampoliving.com\/wp-content\/uploads\/2013\/12\/chavon_electronico_christmas.jpg?fit=650%2C454&ssl=1&resize=350%2C200 1x, https:\/\/i0.wp.com\/casadecampoliving.com\/wp-content\/uploads\/2013\/12\/chavon_electronico_christmas.jpg?fit=650%2C454&ssl=1&resize=525%2C300 1.5x"},"classes":[]},{"id":82542,"url":"https:\/\/casadecampoliving.com\/es\/altos-de-chavon-programa-de-fiestas\/","url_meta":{"origin":71876,"position":1},"title":"Altos de Chav\u00f3n Programa de Fiestas 2013","author":"Rebecca Silvestri","date":"7 Dic, 2013","format":false,"excerpt":"Las navidades en Altos de Chav\u00f3n se han convertido en una verdadera tradici\u00f3n en Casa de Campo y todo el pa\u00eds. Por su belleza arquitect\u00f3nica y ambiente id\u00edlico, Altos de Chav\u00f3n es el anfitri\u00f3n perfecto para celebrar la navidad en grande. \u00a1Todas los eventos han sido confirmados!\u00a0aqu\u00ed esta el horario\u2026","rel":"","context":"Entrada similar","block_context":{"text":"Entrada similar","link":""},"img":{"alt_text":"Altos de Chavon holiday program","src":"https:\/\/i0.wp.com\/casadecampoliving.com\/wp-content\/uploads\/2013\/12\/altos_de_chavon_holiday_program.jpg?fit=650%2C454&ssl=1&resize=350%2C200","width":350,"height":200,"srcset":"https:\/\/i0.wp.com\/casadecampoliving.com\/wp-content\/uploads\/2013\/12\/altos_de_chavon_holiday_program.jpg?fit=650%2C454&ssl=1&resize=350%2C200 1x, https:\/\/i0.wp.com\/casadecampoliving.com\/wp-content\/uploads\/2013\/12\/altos_de_chavon_holiday_program.jpg?fit=650%2C454&ssl=1&resize=525%2C300 1.5x"},"classes":[]},{"id":71890,"url":"https:\/\/casadecampoliving.com\/es\/sabor\/","url_meta":{"origin":71876,"position":2},"title":"M\u00fasica en vivo con \u00abSabor a Son\u00bb- viernes 28 de junio, Altos de Chav\u00f3n","author":"Rebecca Silvestri","date":"11 Jun, 2013","format":false,"excerpt":"El viernes 28 de junio venga a disfrutar de una noche de fiesta en Altos de Chav\u00f3n \u2013 con la buena m\u00fasica del grupo \u201cSabor a Son\u201d. \u201cSabor a Son\u201d traer\u00e1 vida a la plaza de \u00a0Altos de Chav\u00f3n con ritmos latinos contagiosos, especializados en Son. El Son es una\u2026","rel":"","context":"Entrada similar","block_context":{"text":"Entrada similar","link":""},"img":{"alt_text":"son grupo","src":"https:\/\/i0.wp.com\/casadecampoliving.com\/wp-content\/uploads\/2013\/06\/son_grupo.jpg?resize=350%2C200&ssl=1","width":350,"height":200,"srcset":"https:\/\/i0.wp.com\/casadecampoliving.com\/wp-content\/uploads\/2013\/06\/son_grupo.jpg?resize=350%2C200&ssl=1 1x, https:\/\/i0.wp.com\/casadecampoliving.com\/wp-content\/uploads\/2013\/06\/son_grupo.jpg?resize=525%2C300&ssl=1 1.5x, https:\/\/i0.wp.com\/casadecampoliving.com\/wp-content\/uploads\/2013\/06\/son_grupo.jpg?resize=700%2C400&ssl=1 2x"},"classes":[]},{"id":82569,"url":"https:\/\/casadecampoliving.com\/es\/bocatabu-vicente-garcia-altos-de-chavon-2\/","url_meta":{"origin":71876,"position":3},"title":"ROCK EN LAS PIEDRAS, concierto con Bocatabu y Vicente Garcia &#8211; dic- 28","author":"Rebecca Silvestri","date":"7 Dic, 2013","format":false,"excerpt":"Bocatabu y Vicente Garc\u00eda en concierto! Dos de los m\u00e1s prometedores j\u00f3venes artistas dominicanos en un gran concierto por primera vez en Altos de Chav\u00f3n. Con la salida de su disco debut, \u201cMelodrama\u201d, el cantautor dominicano, Vicente Garc\u00eda, es en este momento un artistas Bocatabu es una banda de Rock\u2026","rel":"","context":"Entrada similar","block_context":{"text":"Entrada similar","link":""},"img":{"alt_text":"Vicente Garcia Altos de Chavon","src":"https:\/\/i0.wp.com\/casadecampoliving.com\/wp-content\/uploads\/2013\/12\/vicente_garcia_altos_de_chavon.jpg?fit=650%2C452&ssl=1&resize=350%2C200","width":350,"height":200,"srcset":"https:\/\/i0.wp.com\/casadecampoliving.com\/wp-content\/uploads\/2013\/12\/vicente_garcia_altos_de_chavon.jpg?fit=650%2C452&ssl=1&resize=350%2C200 1x, https:\/\/i0.wp.com\/casadecampoliving.com\/wp-content\/uploads\/2013\/12\/vicente_garcia_altos_de_chavon.jpg?fit=650%2C452&ssl=1&resize=525%2C300 1.5x"},"classes":[]},{"id":82597,"url":"https:\/\/casadecampoliving.com\/es\/fiesta-con-silvio-mora\/","url_meta":{"origin":71876,"position":4},"title":"Fiesta con Silvio Mora &#038; Orquestra &#8211; dic. 21","author":"Rebecca Silvestri","date":"7 Dic, 2013","format":false,"excerpt":"Un gran artista que pondr\u00e1 Altos de Chav\u00f3n a bailar merengue del bueno, as\u00ed que calce sus zapatos de baile! FIESTA CON SILVIO MORA & ORQUESTA\u2022\u00a0S\u00e1bado diciembre 21, 9pm\u2022\u00a0Plaza Chav\u00f3n, Altos de Chav\u00f3n \u00a1\u00c9poca\u00a0navide\u00f1a en Altos de Chav\u00f3n! Las celebraciones festivas en Altos de Chav\u00f3n continuaran todo el mes de\u2026","rel":"","context":"Entrada similar","block_context":{"text":"Entrada similar","link":""},"img":{"alt_text":"Silvio Mora","src":"https:\/\/i0.wp.com\/casadecampoliving.com\/wp-content\/uploads\/2013\/12\/silvio_mora.jpg?fit=650%2C612&ssl=1&resize=350%2C200","width":350,"height":200,"srcset":"https:\/\/i0.wp.com\/casadecampoliving.com\/wp-content\/uploads\/2013\/12\/silvio_mora.jpg?fit=650%2C612&ssl=1&resize=350%2C200 1x, https:\/\/i0.wp.com\/casadecampoliving.com\/wp-content\/uploads\/2013\/12\/silvio_mora.jpg?fit=650%2C612&ssl=1&resize=525%2C300 1.5x"},"classes":[]},{"id":42860,"url":"https:\/\/casadecampoliving.com\/es\/altosdechavon-2\/","url_meta":{"origin":71876,"position":5},"title":"Altos de Chav\u00f3n","author":"Rebecca Silvestri","date":"25 Jul, 2012","format":false,"excerpt":"Completado en 1982, Altos de Chav\u00f3n es una r\u00e9plica de una villa mediterr\u00e1nea del siglo XVI, ubicado dentro del Resort Casa de Campo. Con vistas al R\u00edo Chav\u00f3n, Altos de Chav\u00f3n es una de las \u00e1reas m\u00e1s hermosas de Casa de Campo, visitada por cientos de turistas a diario, provenientes\u2026","rel":"","context":"Entrada similar","block_context":{"text":"Entrada similar","link":""},"img":{"alt_text":"altos de chavon","src":"https:\/\/i0.wp.com\/casadecampoliving.com\/wp-content\/uploads\/2012\/07\/altos_de_chavon4.jpg?fit=650%2C345&ssl=1&resize=350%2C200","width":350,"height":200,"srcset":"https:\/\/i0.wp.com\/casadecampoliving.com\/wp-content\/uploads\/2012\/07\/altos_de_chavon4.jpg?fit=650%2C345&ssl=1&resize=350%2C200 1x, https:\/\/i0.wp.com\/casadecampoliving.com\/wp-content\/uploads\/2012\/07\/altos_de_chavon4.jpg?fit=650%2C345&ssl=1&resize=525%2C300 1.5x"},"classes":[]}],"jetpack_sharing_enabled":true,"_links":{"self":[{"href":"https:\/\/casadecampoliving.com\/es\/wp-json\/wp\/v2\/pages\/71876","targetHints":{"allow":["GET"]}}],"collection":[{"href":"https:\/\/casadecampoliving.com\/es\/wp-json\/wp\/v2\/pages"}],"about":[{"href":"https:\/\/casadecampoliving.com\/es\/wp-json\/wp\/v2\/types\/page"}],"author":[{"embeddable":true,"href":"https:\/\/casadecampoliving.com\/es\/wp-json\/wp\/v2\/users\/31"}],"replies":[{"embeddable":true,"href":"https:\/\/casadecampoliving.com\/es\/wp-json\/wp\/v2\/comments?post=71876"}],"version-history":[{"count":0,"href":"https:\/\/casadecampoliving.com\/es\/wp-json\/wp\/v2\/pages\/71876\/revisions"}],"wp:attachment":[{"href":"https:\/\/casadecampoliving.com\/es\/wp-json\/wp\/v2\/media?parent=71876"}],"wp:term":[{"taxonomy":"newspack_spnsrs_tax","embeddable":true,"href":"https:\/\/casadecampoliving.com\/es\/wp-json\/wp\/v2\/newspack_spnsrs_tax?post=71876"}],"curies":[{"name":"wp","href":"https:\/\/api.w.org\/{rel}","templated":true}]}}