{"id":62563,"date":"2012-12-17T13:26:39","date_gmt":"2012-12-17T17:26:39","guid":{"rendered":"http:\/\/casadecampoliving.com\/?page_id=62563"},"modified":"2022-10-21T17:42:29","modified_gmt":"2022-10-21T21:42:29","slug":"varela-2","status":"publish","type":"page","link":"https:\/\/casadecampoliving.com\/es\/varela-2\/","title":{"rendered":"Fernando Varela: Recent Works \u2013 Paintings\/Drawings"},"content":{"rendered":"<div class=\"wp-block-image\">\n<figure class=\"aligncenter is-resized\"><img loading=\"lazy\" decoding=\"async\" src=\"https:\/\/i0.wp.com\/casadecampoliving-wp.s3-accelerate.amazonaws.com\/2012\/12\/fernando_varela2.jpg?resize=650%2C417&amp;ssl=1\" alt=\"fernando varela\" class=\"wp-image-62113\" title=\"fernando_varela\" height=\"417\" width=\"650\" srcset=\"https:\/\/i0.wp.com\/casadecampoliving.com\/wp-content\/uploads\/2012\/12\/fernando_varela2.jpg?w=650&amp;ssl=1 650w, https:\/\/i0.wp.com\/casadecampoliving.com\/wp-content\/uploads\/2012\/12\/fernando_varela2.jpg?resize=300%2C192&amp;ssl=1 300w, https:\/\/i0.wp.com\/casadecampoliving-wp.s3-accelerate.amazonaws.com\/2012\/12\/fernando_varela2.jpg?w=370 370w, https:\/\/i0.wp.com\/casadecampoliving-wp.s3-accelerate.amazonaws.com\/2012\/12\/fernando_varela2.jpg?w=400 400w\" sizes=\"auto, (max-width: 650px) 100vw, 650px\" \/><\/figure>\n<\/div>\n\n\n<blockquote class=\"wp-block-quote is-layout-flow wp-block-quote-is-layout-flow\"><p><span style=\"text-decoration: underline;\"><strong>Fernando Varela: Recent Works \u2013 Paintings\/Drawings<\/strong><\/span><\/p><p><strong>Horario:<\/strong><\/p><p style=\"padding-left: 30px;\">\u2022 Martes \u2013 viernes, 10am \u2013 6pm<br>\n\u2022 S\u00e1bado, 10am \u2013 8pm<br>\n\u2022 Domingo,&nbsp;10am \u2013 6pm<br>\n\u2022 Cerrado los lunes<\/p><p><strong>Donde:<\/strong>&nbsp;Paseo del Mar #7, Marina Casa de Campo<\/p><p><strong>Contactos:&nbsp;<\/strong><\/p><p style=\"padding-left: 30px;\">\u2022 Fernando:(809) 862-6133<br>\n\u2022 Rosario: (829) 343-5301<br>\n\u2022 Xiomara: (809) 486-1650<\/p><\/blockquote>\n\n\n\n<p>Fernando Varela, un distinguido artista originario de Uruguay que ha estado viviendo en la Rep\u00fablica Dominicana desde 1975 y ahora es considerado como uno de los artistas m\u00e1s exitosos a nivel internacional del pa\u00eds. El es muy reconocido por sus pinturas por su estilo contempor\u00e1neo utilizando s\u00edmbolos ind\u00edgenas junto con las im\u00e1genes de la ca\u00f1a de az\u00facar, en una variedad de tonos negros, marrones y crema, as\u00ed como tonos m\u00e1s tropicales de azul, rosa y naranja. Las pinturas de Fernando Varela se pueden observar con orgullo en muchas de las paredes de las villas en Casa de Campo, as\u00ed como en los hogares alrededor del mundo.<\/p>\n\n\n\n<p>En su nueva exhibici\u00f3n Fernando Varela le da la oportunidad de ver, admirar y comprar su m\u00e1s reciente colecci\u00f3n de pinturas y arte.<\/p>\n\n\n<div class=\"wp-block-image\">\n<figure class=\"aligncenter is-resized\"><img loading=\"lazy\" decoding=\"async\" src=\"https:\/\/i0.wp.com\/casadecampoliving-wp.s3-accelerate.amazonaws.com\/2012\/12\/fernando_varela3.jpg?resize=650%2C366&amp;ssl=1\" alt=\"fernando varela\" class=\"wp-image-62116\" title=\"fernando_varela\" height=\"366\" width=\"650\" srcset=\"https:\/\/i0.wp.com\/casadecampoliving.com\/wp-content\/uploads\/2012\/12\/fernando_varela3.jpg?w=650&amp;ssl=1 650w, https:\/\/i0.wp.com\/casadecampoliving.com\/wp-content\/uploads\/2012\/12\/fernando_varela3.jpg?resize=300%2C168&amp;ssl=1 300w, https:\/\/i0.wp.com\/casadecampoliving-wp.s3-accelerate.amazonaws.com\/2012\/12\/fernando_varela3.jpg?w=370 370w, https:\/\/i0.wp.com\/casadecampoliving-wp.s3-accelerate.amazonaws.com\/2012\/12\/fernando_varela3.jpg?w=400 400w\" sizes=\"auto, (max-width: 650px) 100vw, 650px\" \/><\/figure>\n<\/div>","protected":false},"excerpt":{"rendered":"<p>Fernando Varela: Recent Works \u2013 Paintings\/Drawings Horario: \u2022 Martes \u2013 viernes, 10am \u2013 6pm \u2022 S\u00e1bado, 10am \u2013 8pm \u2022 Domingo,&nbsp;10am \u2013 6pm \u2022 Cerrado los lunes Donde:&nbsp;Paseo del Mar #7, Marina Casa de Campo Contactos:&nbsp; \u2022 Fernando:(809) 862-6133 \u2022 Rosario: (829) 343-5301 \u2022 Xiomara: (809) 486-1650 Fernando Varela, un distinguido artista originario de Uruguay [&hellip;]<\/p>\n","protected":false},"author":31,"featured_media":62116,"parent":0,"menu_order":0,"comment_status":"closed","ping_status":"closed","template":"","meta":{"newspack_ads_suppress_ads":false,"newspack_popups_has_disabled_popups":false,"newspack_sponsor_sponsorship_scope":"","newspack_sponsor_native_byline_display":"inherit","newspack_sponsor_native_category_display":"inherit","newspack_sponsor_underwriter_style":"inherit","newspack_sponsor_underwriter_placement":"inherit","newspack_content_restriction_is_exempt":false,"newspack_featured_image_position":"","newspack_hide_page_title":false,"newspack_show_share_buttons":false,"footnotes":""},"newspack_spnsrs_tax":[],"class_list":["post-62563","page","type-page","status-publish","has-post-thumbnail","hentry","entry"],"yoast_head":"<!-- This site is optimized with the Yoast SEO plugin v27.5 - https:\/\/yoast.com\/product\/yoast-seo-wordpress\/ -->\n<title>Fernando Varela: Recent Works \u2013 Paintings\/Drawings | Casa de Campo Living<\/title>\n<meta name=\"description\" content=\"Fernando Varela: Recent Works \u2013 Paintings\/DrawingsHorario:\u2022 Martes \u2013 viernes, 10am \u2013 6pm \u2022 S\u00e1bado, 10am \u2013 8pm \u2022 Domingo,&nbsp;10am \u2013 6pm \u2022 Cerrado los\" \/>\n<meta name=\"robots\" content=\"index, follow, max-snippet:-1, max-image-preview:large, max-video-preview:-1\" \/>\n<link rel=\"canonical\" href=\"https:\/\/casadecampoliving.com\/es\/varela-2\/\" \/>\n<meta property=\"og:locale\" content=\"es_ES\" \/>\n<meta property=\"og:type\" content=\"article\" \/>\n<meta property=\"og:title\" content=\"Fernando Varela: Recent Works \u2013 Paintings\/Drawings | Casa de Campo Living\" \/>\n<meta property=\"og:description\" content=\"Fernando Varela: Recent Works \u2013 Paintings\/DrawingsHorario:\u2022 Martes \u2013 viernes, 10am \u2013 6pm \u2022 S\u00e1bado, 10am \u2013 8pm \u2022 Domingo,&nbsp;10am \u2013 6pm \u2022 Cerrado los\" \/>\n<meta property=\"og:url\" content=\"https:\/\/casadecampoliving.com\/es\/varela-2\/\" \/>\n<meta property=\"og:site_name\" content=\"Casa de Campo Living\" \/>\n<meta property=\"article:publisher\" content=\"https:\/\/www.facebook.com\/casadecampoliving\" \/>\n<meta property=\"article:modified_time\" content=\"2022-10-21T21:42:29+00:00\" \/>\n<meta property=\"og:image\" content=\"https:\/\/i0.wp.com\/casadecampoliving.com\/wp-content\/uploads\/2012\/12\/fernando_varela3.jpg?fit=650%2C366&ssl=1\" \/>\n\t<meta property=\"og:image:width\" content=\"650\" \/>\n\t<meta property=\"og:image:height\" content=\"366\" \/>\n\t<meta property=\"og:image:type\" content=\"image\/jpeg\" \/>\n<meta name=\"twitter:card\" content=\"summary_large_image\" \/>\n<meta name=\"twitter:site\" content=\"@cdcliving\" \/>\n<meta name=\"twitter:label1\" content=\"Tiempo de lectura\" \/>\n\t<meta name=\"twitter:data1\" content=\"1 minuto\" \/>\n<script type=\"application\/ld+json\" class=\"yoast-schema-graph\">{\"@context\":\"https:\\\/\\\/schema.org\",\"@graph\":[{\"@type\":\"WebPage\",\"@id\":\"https:\\\/\\\/casadecampoliving.com\\\/es\\\/varela-2\\\/\",\"url\":\"https:\\\/\\\/casadecampoliving.com\\\/es\\\/varela-2\\\/\",\"name\":\"Fernando Varela: Recent Works \u2013 Paintings\\\/Drawings | Casa de Campo Living\",\"isPartOf\":{\"@id\":\"https:\\\/\\\/casadecampoliving.com\\\/es\\\/#website\"},\"primaryImageOfPage\":{\"@id\":\"https:\\\/\\\/casadecampoliving.com\\\/es\\\/varela-2\\\/#primaryimage\"},\"image\":{\"@id\":\"https:\\\/\\\/casadecampoliving.com\\\/es\\\/varela-2\\\/#primaryimage\"},\"thumbnailUrl\":\"https:\\\/\\\/i0.wp.com\\\/casadecampoliving.com\\\/wp-content\\\/uploads\\\/2012\\\/12\\\/fernando_varela3.jpg?fit=650%2C366&ssl=1\",\"datePublished\":\"2012-12-17T17:26:39+00:00\",\"dateModified\":\"2022-10-21T21:42:29+00:00\",\"description\":\"Fernando Varela: Recent Works \u2013 Paintings\\\/DrawingsHorario:\u2022 Martes \u2013 viernes, 10am \u2013 6pm \u2022 S\u00e1bado, 10am \u2013 8pm \u2022 Domingo,&nbsp;10am \u2013 6pm \u2022 Cerrado los\",\"breadcrumb\":{\"@id\":\"https:\\\/\\\/casadecampoliving.com\\\/es\\\/varela-2\\\/#breadcrumb\"},\"inLanguage\":\"es\",\"potentialAction\":[{\"@type\":\"ReadAction\",\"target\":[\"https:\\\/\\\/casadecampoliving.com\\\/es\\\/varela-2\\\/\"]}]},{\"@type\":\"ImageObject\",\"inLanguage\":\"es\",\"@id\":\"https:\\\/\\\/casadecampoliving.com\\\/es\\\/varela-2\\\/#primaryimage\",\"url\":\"https:\\\/\\\/i0.wp.com\\\/casadecampoliving.com\\\/wp-content\\\/uploads\\\/2012\\\/12\\\/fernando_varela3.jpg?fit=650%2C366&ssl=1\",\"contentUrl\":\"https:\\\/\\\/i0.wp.com\\\/casadecampoliving.com\\\/wp-content\\\/uploads\\\/2012\\\/12\\\/fernando_varela3.jpg?fit=650%2C366&ssl=1\",\"width\":\"650\",\"height\":\"366\",\"caption\":\"fernando varela\"},{\"@type\":\"BreadcrumbList\",\"@id\":\"https:\\\/\\\/casadecampoliving.com\\\/es\\\/varela-2\\\/#breadcrumb\",\"itemListElement\":[{\"@type\":\"ListItem\",\"position\":1,\"name\":\"Home\",\"item\":\"https:\\\/\\\/casadecampoliving.com\\\/es\\\/\"},{\"@type\":\"ListItem\",\"position\":2,\"name\":\"Fernando Varela: Recent Works \u2013 Paintings\\\/Drawings\"}]},{\"@type\":\"WebSite\",\"@id\":\"https:\\\/\\\/casadecampoliving.com\\\/es\\\/#website\",\"url\":\"https:\\\/\\\/casadecampoliving.com\\\/es\\\/\",\"name\":\"Casa de Campo Living\",\"description\":\"Resort community news and resources.\",\"publisher\":{\"@id\":\"https:\\\/\\\/casadecampoliving.com\\\/es\\\/#organization\"},\"potentialAction\":[{\"@type\":\"SearchAction\",\"target\":{\"@type\":\"EntryPoint\",\"urlTemplate\":\"https:\\\/\\\/casadecampoliving.com\\\/es\\\/?s={search_term_string}\"},\"query-input\":{\"@type\":\"PropertyValueSpecification\",\"valueRequired\":true,\"valueName\":\"search_term_string\"}}],\"inLanguage\":\"es\"},{\"@type\":\"Organization\",\"@id\":\"https:\\\/\\\/casadecampoliving.com\\\/es\\\/#organization\",\"name\":\"Casa de Campo Living\",\"url\":\"https:\\\/\\\/casadecampoliving.com\\\/es\\\/\",\"logo\":{\"@type\":\"ImageObject\",\"inLanguage\":\"es\",\"@id\":\"https:\\\/\\\/casadecampoliving.com\\\/es\\\/#\\\/schema\\\/logo\\\/image\\\/\",\"url\":\"https:\\\/\\\/i0.wp.com\\\/casadecampoliving.com\\\/wp-content\\\/uploads\\\/2022\\\/07\\\/CDCLivingLogo_V1-white-sized.png?fit=800%2C214&ssl=1\",\"contentUrl\":\"https:\\\/\\\/i0.wp.com\\\/casadecampoliving.com\\\/wp-content\\\/uploads\\\/2022\\\/07\\\/CDCLivingLogo_V1-white-sized.png?fit=800%2C214&ssl=1\",\"width\":800,\"height\":214,\"caption\":\"Casa de Campo Living\"},\"image\":{\"@id\":\"https:\\\/\\\/casadecampoliving.com\\\/es\\\/#\\\/schema\\\/logo\\\/image\\\/\"},\"sameAs\":[\"https:\\\/\\\/www.facebook.com\\\/casadecampoliving\",\"https:\\\/\\\/x.com\\\/cdcliving\"]}]}<\/script>\n<!-- \/ Yoast SEO plugin. -->","yoast_head_json":{"title":"Fernando Varela: Recent Works \u2013 Paintings\/Drawings | Casa de Campo Living","description":"Fernando Varela: Recent Works \u2013 Paintings\/DrawingsHorario:\u2022 Martes \u2013 viernes, 10am \u2013 6pm \u2022 S\u00e1bado, 10am \u2013 8pm \u2022 Domingo,&nbsp;10am \u2013 6pm \u2022 Cerrado los","robots":{"index":"index","follow":"follow","max-snippet":"max-snippet:-1","max-image-preview":"max-image-preview:large","max-video-preview":"max-video-preview:-1"},"canonical":"https:\/\/casadecampoliving.com\/es\/varela-2\/","og_locale":"es_ES","og_type":"article","og_title":"Fernando Varela: Recent Works \u2013 Paintings\/Drawings | Casa de Campo Living","og_description":"Fernando Varela: Recent Works \u2013 Paintings\/DrawingsHorario:\u2022 Martes \u2013 viernes, 10am \u2013 6pm \u2022 S\u00e1bado, 10am \u2013 8pm \u2022 Domingo,&nbsp;10am \u2013 6pm \u2022 Cerrado los","og_url":"https:\/\/casadecampoliving.com\/es\/varela-2\/","og_site_name":"Casa de Campo Living","article_publisher":"https:\/\/www.facebook.com\/casadecampoliving","article_modified_time":"2022-10-21T21:42:29+00:00","og_image":[{"width":650,"height":366,"url":"https:\/\/i0.wp.com\/casadecampoliving.com\/wp-content\/uploads\/2012\/12\/fernando_varela3.jpg?fit=650%2C366&ssl=1","type":"image\/jpeg"}],"twitter_card":"summary_large_image","twitter_site":"@cdcliving","twitter_misc":{"Tiempo de lectura":"1 minuto"},"schema":{"@context":"https:\/\/schema.org","@graph":[{"@type":"WebPage","@id":"https:\/\/casadecampoliving.com\/es\/varela-2\/","url":"https:\/\/casadecampoliving.com\/es\/varela-2\/","name":"Fernando Varela: Recent Works \u2013 Paintings\/Drawings | Casa de Campo Living","isPartOf":{"@id":"https:\/\/casadecampoliving.com\/es\/#website"},"primaryImageOfPage":{"@id":"https:\/\/casadecampoliving.com\/es\/varela-2\/#primaryimage"},"image":{"@id":"https:\/\/casadecampoliving.com\/es\/varela-2\/#primaryimage"},"thumbnailUrl":"https:\/\/i0.wp.com\/casadecampoliving.com\/wp-content\/uploads\/2012\/12\/fernando_varela3.jpg?fit=650%2C366&ssl=1","datePublished":"2012-12-17T17:26:39+00:00","dateModified":"2022-10-21T21:42:29+00:00","description":"Fernando Varela: Recent Works \u2013 Paintings\/DrawingsHorario:\u2022 Martes \u2013 viernes, 10am \u2013 6pm \u2022 S\u00e1bado, 10am \u2013 8pm \u2022 Domingo,&nbsp;10am \u2013 6pm \u2022 Cerrado los","breadcrumb":{"@id":"https:\/\/casadecampoliving.com\/es\/varela-2\/#breadcrumb"},"inLanguage":"es","potentialAction":[{"@type":"ReadAction","target":["https:\/\/casadecampoliving.com\/es\/varela-2\/"]}]},{"@type":"ImageObject","inLanguage":"es","@id":"https:\/\/casadecampoliving.com\/es\/varela-2\/#primaryimage","url":"https:\/\/i0.wp.com\/casadecampoliving.com\/wp-content\/uploads\/2012\/12\/fernando_varela3.jpg?fit=650%2C366&ssl=1","contentUrl":"https:\/\/i0.wp.com\/casadecampoliving.com\/wp-content\/uploads\/2012\/12\/fernando_varela3.jpg?fit=650%2C366&ssl=1","width":"650","height":"366","caption":"fernando varela"},{"@type":"BreadcrumbList","@id":"https:\/\/casadecampoliving.com\/es\/varela-2\/#breadcrumb","itemListElement":[{"@type":"ListItem","position":1,"name":"Home","item":"https:\/\/casadecampoliving.com\/es\/"},{"@type":"ListItem","position":2,"name":"Fernando Varela: Recent Works \u2013 Paintings\/Drawings"}]},{"@type":"WebSite","@id":"https:\/\/casadecampoliving.com\/es\/#website","url":"https:\/\/casadecampoliving.com\/es\/","name":"Casa de Campo Living","description":"Resort community news and resources.","publisher":{"@id":"https:\/\/casadecampoliving.com\/es\/#organization"},"potentialAction":[{"@type":"SearchAction","target":{"@type":"EntryPoint","urlTemplate":"https:\/\/casadecampoliving.com\/es\/?s={search_term_string}"},"query-input":{"@type":"PropertyValueSpecification","valueRequired":true,"valueName":"search_term_string"}}],"inLanguage":"es"},{"@type":"Organization","@id":"https:\/\/casadecampoliving.com\/es\/#organization","name":"Casa de Campo Living","url":"https:\/\/casadecampoliving.com\/es\/","logo":{"@type":"ImageObject","inLanguage":"es","@id":"https:\/\/casadecampoliving.com\/es\/#\/schema\/logo\/image\/","url":"https:\/\/i0.wp.com\/casadecampoliving.com\/wp-content\/uploads\/2022\/07\/CDCLivingLogo_V1-white-sized.png?fit=800%2C214&ssl=1","contentUrl":"https:\/\/i0.wp.com\/casadecampoliving.com\/wp-content\/uploads\/2022\/07\/CDCLivingLogo_V1-white-sized.png?fit=800%2C214&ssl=1","width":800,"height":214,"caption":"Casa de Campo Living"},"image":{"@id":"https:\/\/casadecampoliving.com\/es\/#\/schema\/logo\/image\/"},"sameAs":["https:\/\/www.facebook.com\/casadecampoliving","https:\/\/x.com\/cdcliving"]}]}},"parsely":{"version":"1.1.0","canonical_url":"https:\/\/casadecampoliving.com\/es\/varela-2\/","smart_links":{"inbound":0,"outbound":0},"traffic_boost_suggestions_count":0,"meta":{"@context":"https:\/\/schema.org","@type":"WebPage","headline":"Fernando Varela: Recent Works \u2013 Paintings\/Drawings","url":"http:\/\/casadecampoliving.com\/es\/varela-2\/","mainEntityOfPage":{"@type":"WebPage","@id":"http:\/\/casadecampoliving.com\/es\/varela-2\/"},"thumbnailUrl":"https:\/\/i0.wp.com\/casadecampoliving.com\/wp-content\/uploads\/2012\/12\/fernando_varela3.jpg?resize=150%2C150&ssl=1","image":{"@type":"ImageObject","url":"https:\/\/i0.wp.com\/casadecampoliving.com\/wp-content\/uploads\/2012\/12\/fernando_varela3.jpg?fit=650%2C366&ssl=1"},"articleSection":"Uncategorized @es","author":[{"@type":"Person","name":"Rebecca Silvestri"}],"creator":["Rebecca Silvestri"],"publisher":{"@type":"Organization","name":"Casa de Campo Living","logo":"https:\/\/casadecampoliving.com\/wp-content\/uploads\/2022\/07\/CDCLivingLogo_V1-white-sized.png"},"keywords":[],"dateCreated":"2012-12-17T17:26:39Z","datePublished":"2012-12-17T17:26:39Z","dateModified":"2022-10-21T21:42:29Z"},"rendered":"<script type=\"application\/ld+json\" class=\"wp-parsely-metadata\">{\"@context\":\"https:\\\/\\\/schema.org\",\"@type\":\"WebPage\",\"headline\":\"Fernando Varela: Recent Works \\u2013 Paintings\\\/Drawings\",\"url\":\"http:\\\/\\\/casadecampoliving.com\\\/es\\\/varela-2\\\/\",\"mainEntityOfPage\":{\"@type\":\"WebPage\",\"@id\":\"http:\\\/\\\/casadecampoliving.com\\\/es\\\/varela-2\\\/\"},\"thumbnailUrl\":\"https:\\\/\\\/i0.wp.com\\\/casadecampoliving.com\\\/wp-content\\\/uploads\\\/2012\\\/12\\\/fernando_varela3.jpg?resize=150%2C150&ssl=1\",\"image\":{\"@type\":\"ImageObject\",\"url\":\"https:\\\/\\\/i0.wp.com\\\/casadecampoliving.com\\\/wp-content\\\/uploads\\\/2012\\\/12\\\/fernando_varela3.jpg?fit=650%2C366&ssl=1\"},\"articleSection\":\"Uncategorized @es\",\"author\":[{\"@type\":\"Person\",\"name\":\"Rebecca Silvestri\"}],\"creator\":[\"Rebecca Silvestri\"],\"publisher\":{\"@type\":\"Organization\",\"name\":\"Casa de Campo Living\",\"logo\":\"https:\\\/\\\/casadecampoliving.com\\\/wp-content\\\/uploads\\\/2022\\\/07\\\/CDCLivingLogo_V1-white-sized.png\"},\"keywords\":[],\"dateCreated\":\"2012-12-17T17:26:39Z\",\"datePublished\":\"2012-12-17T17:26:39Z\",\"dateModified\":\"2022-10-21T21:42:29Z\"}<\/script>","tracker_url":"https:\/\/cdn.parsely.com\/keys\/casadecampoliving.com\/p.js"},"jetpack-related-posts":[{"id":62561,"url":"https:\/\/casadecampoliving.com\/fernando-varela\/","url_meta":{"origin":62563,"position":0},"title":"Fernando Varela: Recent Works &#8211; Paintings\/Drawings","author":"Rebecca Silvestri","date":"17 Dic, 2012","format":false,"excerpt":"Fernando Varela: Recent Works \u2013 Paintings\/DrawingsOpen until February 28th, 2013Opening times:\u2022 Tuesday \u2013 Friday, 10am \u2013 6pm \u2022 Saturday, 10am \u2013 8pm \u2022 Sunday, 10am \u2013 6pm \u2022 Closed MondaysWhere:\u00a0Paseo del Mar #7, Marina Casa de Campo Contacts:\u00a0\u2022 Fernando:(809) 862-6133 \u2022 Rosario: (829) 343-5301 \u2022 Xiomara: (809) 486-1650 Fernando Varela,\u2026","rel":"","context":"Entrada similar","block_context":{"text":"Entrada similar","link":""},"img":{"alt_text":"fernando varela","src":"https:\/\/i0.wp.com\/casadecampoliving.com\/wp-content\/uploads\/2012\/12\/fernando_varela3.jpg?fit=650%2C366&ssl=1&resize=350%2C200","width":350,"height":200,"srcset":"https:\/\/i0.wp.com\/casadecampoliving.com\/wp-content\/uploads\/2012\/12\/fernando_varela3.jpg?fit=650%2C366&ssl=1&resize=350%2C200 1x, https:\/\/i0.wp.com\/casadecampoliving.com\/wp-content\/uploads\/2012\/12\/fernando_varela3.jpg?fit=650%2C366&ssl=1&resize=525%2C300 1.5x"},"classes":[]},{"id":62147,"url":"https:\/\/casadecampoliving.com\/fernando_varela\/","url_meta":{"origin":62563,"position":1},"title":"Casa de Campo Living &#038; Chivas Regal 18 invite you to the opening of \u00abFernando Varela Recent Works &#8211; Paintings\/Drawings\u00bb","author":"Rebecca Silvestri","date":"11 Dic, 2012","format":false,"excerpt":"This Thursday December the 13th, Casa de Campo Living and Chivas Regal 18 invite you to celebrate the opening of new art exhibition \u201cFernando Varela Recent Works \u2013 Paintings\/Drawings\u201d to be celebrated at the Marina Casa de Campo from 6pm. Fernando Varela, a distinguished artist \u2013 originally from\u00a0Uruguay, has been\u2026","rel":"","context":"Entrada similar","block_context":{"text":"Entrada similar","link":""},"img":{"alt_text":"fernando varela","src":"https:\/\/i0.wp.com\/casadecampoliving.com\/wp-content\/uploads\/2012\/12\/fernando_varela3.jpg?fit=650%2C366&ssl=1&resize=350%2C200","width":350,"height":200,"srcset":"https:\/\/i0.wp.com\/casadecampoliving.com\/wp-content\/uploads\/2012\/12\/fernando_varela3.jpg?fit=650%2C366&ssl=1&resize=350%2C200 1x, https:\/\/i0.wp.com\/casadecampoliving.com\/wp-content\/uploads\/2012\/12\/fernando_varela3.jpg?fit=650%2C366&ssl=1&resize=525%2C300 1.5x"},"classes":[]},{"id":62150,"url":"https:\/\/casadecampoliving.com\/es\/varela\/","url_meta":{"origin":62563,"position":2},"title":"Casa de Campo Living y Chivas Regal 18 le invitan a la inauguraci\u00f3n de \u201cFernando Varela Recent Works \u2013 Paintings\/Drawings\u201d","author":"Rebecca Silvestri","date":"11 Dic, 2012","format":false,"excerpt":"Este jueves 13 de diciembre, Casa de Campo Living y Chivas Regal 18 le invitan a celebrar la inauguraci\u00f3n de la nueva exposici\u00f3n de arte nuevo \u201cFernando Varela Recent Works \u2013 Paintings\/Drawings\u201d , que se celebra en la Marina de Casa de Campo a partir de las 6pm. Fernando Varela,\u2026","rel":"","context":"Entrada similar","block_context":{"text":"Entrada similar","link":""},"img":{"alt_text":"fernando varela","src":"https:\/\/i0.wp.com\/casadecampoliving.com\/wp-content\/uploads\/2012\/12\/fernando_varela2.jpg?fit=650%2C417&ssl=1&resize=350%2C200","width":350,"height":200,"srcset":"https:\/\/i0.wp.com\/casadecampoliving.com\/wp-content\/uploads\/2012\/12\/fernando_varela2.jpg?fit=650%2C417&ssl=1&resize=350%2C200 1x, https:\/\/i0.wp.com\/casadecampoliving.com\/wp-content\/uploads\/2012\/12\/fernando_varela2.jpg?fit=650%2C417&ssl=1&resize=525%2C300 1.5x"},"classes":[]},{"id":41508,"url":"https:\/\/casadecampoliving.com\/restaurants-bars\/","url_meta":{"origin":62563,"position":3},"title":"Restaurants &#038; Bars","author":"Rebecca Silvestri","date":"27 Dic, 2011","format":false,"excerpt":"\u00a0Altos de Chav\u00f3nGINO IN TRASTEVERE \u2022 fine Italian dining \u2022 pizza \u2022 pasta \u2022 seafood \u2022 meats \u2022 Altos de Chav\u00f3n Plaza, Casa de Campo Tel:\u00a0809-523-1825 Open: 12pm \u2013 11:30pm: Friday \u2013 Monday 5pm \u2013 11:30pm: Tuesdays and Thursdays Closed Wednesdays Click here for more info!\u00a0LA PIAZZETA \u2022 fine Italian\u2026","rel":"","context":"Entrada similar","block_context":{"text":"Entrada similar","link":""},"img":{"alt_text":"","src":"","width":0,"height":0},"classes":[]},{"id":46895,"url":"https:\/\/casadecampoliving.com\/dining\/","url_meta":{"origin":62563,"position":4},"title":"Dining In &#038; Around Casa de Campo","author":"Rebecca Silvestri","date":"20 Mar, 2012","format":false,"excerpt":"Within and around Casa de Campo there are dozens of\u00a0restaurants, bars and caf\u00e9s \u2013 providing the local Casa de Campo resident population, as well as visitors and guests with\u00a0a wide variety of dining options \u2013 both casual and high-end, and a diverse selection of cuisine; Italian, international, mediterranean as well\u2026","rel":"","context":"En \u00abDining\u00bb","block_context":{"text":"Dining","link":"https:\/\/casadecampoliving.com\/category\/dining\/"},"img":{"alt_text":"Cafe Marietta","src":"https:\/\/i0.wp.com\/casadecampoliving.com\/wp-content\/uploads\/2012\/03\/Fritto-Misto.jpg?fit=1200%2C800&ssl=1&resize=350%2C200","width":350,"height":200,"srcset":"https:\/\/i0.wp.com\/casadecampoliving.com\/wp-content\/uploads\/2012\/03\/Fritto-Misto.jpg?fit=1200%2C800&ssl=1&resize=350%2C200 1x, https:\/\/i0.wp.com\/casadecampoliving.com\/wp-content\/uploads\/2012\/03\/Fritto-Misto.jpg?fit=1200%2C800&ssl=1&resize=525%2C300 1.5x, https:\/\/i0.wp.com\/casadecampoliving.com\/wp-content\/uploads\/2012\/03\/Fritto-Misto.jpg?fit=1200%2C800&ssl=1&resize=700%2C400 2x, https:\/\/i0.wp.com\/casadecampoliving.com\/wp-content\/uploads\/2012\/03\/Fritto-Misto.jpg?fit=1200%2C800&ssl=1&resize=1050%2C600 3x"},"classes":[]},{"id":41527,"url":"https:\/\/casadecampoliving.com\/es\/bares-y-restaurantes\/","url_meta":{"origin":62563,"position":5},"title":"Bares y restaurantes","author":"","date":"27 Dic, 2011","format":false,"excerpt":"\u00a0Altos de Chav\u00f3nGINO IN TRASTEVERE \u2022 Exquisita comida italiana \u2022 pizza \u2022 pasta \u2022 mariscos \u2022 carnes \u2022 Plaza Altos de Chav\u00f3n, Casa de Campo Tel:\u00a0809-523-1825 Horario: 12pm \u2013 11:30pm: viernes \u2013 lunes 5pm \u2013 11:30pm: martes y jueves Cerrado mi\u00e9rcoles Haga click aqu\u00ed para m\u00e1s info!\u00a0LA PIAZZETA \u2022 comida\u2026","rel":"","context":"Entrada similar","block_context":{"text":"Entrada similar","link":""},"img":{"alt_text":"","src":"","width":0,"height":0},"classes":[]}],"jetpack_sharing_enabled":true,"_links":{"self":[{"href":"https:\/\/casadecampoliving.com\/es\/wp-json\/wp\/v2\/pages\/62563","targetHints":{"allow":["GET"]}}],"collection":[{"href":"https:\/\/casadecampoliving.com\/es\/wp-json\/wp\/v2\/pages"}],"about":[{"href":"https:\/\/casadecampoliving.com\/es\/wp-json\/wp\/v2\/types\/page"}],"author":[{"embeddable":true,"href":"https:\/\/casadecampoliving.com\/es\/wp-json\/wp\/v2\/users\/31"}],"replies":[{"embeddable":true,"href":"https:\/\/casadecampoliving.com\/es\/wp-json\/wp\/v2\/comments?post=62563"}],"version-history":[{"count":0,"href":"https:\/\/casadecampoliving.com\/es\/wp-json\/wp\/v2\/pages\/62563\/revisions"}],"wp:featuredmedia":[{"embeddable":true,"href":"https:\/\/casadecampoliving.com\/es\/wp-json\/wp\/v2\/media\/62116"}],"wp:attachment":[{"href":"https:\/\/casadecampoliving.com\/es\/wp-json\/wp\/v2\/media?parent=62563"}],"wp:term":[{"taxonomy":"newspack_spnsrs_tax","embeddable":true,"href":"https:\/\/casadecampoliving.com\/es\/wp-json\/wp\/v2\/newspack_spnsrs_tax?post=62563"}],"curies":[{"name":"wp","href":"https:\/\/api.w.org\/{rel}","templated":true}]}}