{"id":61700,"date":"2012-12-06T12:14:39","date_gmt":"2012-12-06T16:14:39","guid":{"rendered":"http:\/\/casadecampoliving.com\/?page_id=61700"},"modified":"2022-10-21T17:42:10","modified_gmt":"2022-10-21T21:42:10","slug":"parranda-navidena","status":"publish","type":"page","link":"https:\/\/casadecampoliving.com\/es\/parranda-navidena\/","title":{"rendered":"Parranda Navide\u00f1a &#8211; viernes 14 de diciembre, una tradici\u00f3n Dominicana para toda la familia"},"content":{"rendered":"<div class=\"wp-block-image\">\n<figure class=\"aligncenter is-resized\"><img loading=\"lazy\" decoding=\"async\" src=\"https:\/\/i0.wp.com\/casadecampoliving-wp.s3-accelerate.amazonaws.com\/2012\/12\/perico_ripao.jpg?resize=650%2C361&amp;ssl=1\" alt=\"perico ripao\" class=\"wp-image-61403\" title=\"perico_ripao\" height=\"361\" width=\"650\" srcset=\"https:\/\/i0.wp.com\/casadecampoliving.com\/wp-content\/uploads\/2012\/12\/perico_ripao.jpg?w=650&amp;ssl=1 650w, https:\/\/i0.wp.com\/casadecampoliving.com\/wp-content\/uploads\/2012\/12\/perico_ripao.jpg?resize=300%2C166&amp;ssl=1 300w, https:\/\/i0.wp.com\/casadecampoliving-wp.s3-accelerate.amazonaws.com\/2012\/12\/perico_ripao.jpg?w=370 370w, https:\/\/i0.wp.com\/casadecampoliving-wp.s3-accelerate.amazonaws.com\/2012\/12\/perico_ripao.jpg?w=400 400w\" sizes=\"auto, (max-width: 650px) 100vw, 650px\" \/><\/figure>\n<\/div>\n\n\n<p>La Parranda Navide\u00f1a- una tradici\u00f3n muy com\u00fan entre los Dominicanos que se celebra durante esta temporada nos invita este proximo viernes 14 de diciembre a un gran evento musical!<\/p>\n\n\n\n<p> Sorprende a tus amigos y \u00fanete a la \u201cParranda Navide\u00f1a\u201d conocido tambi\u00e9n como el aguinaldo, en un viaje alrededor de la Casa de Campo \u2013 sorprenderlos con canciones de Navidad y m\u00fasica \u2013 conocido en Estados Unidos como \u201cChristmas Caroling\u201d aqu\u00ed se interpreta con m\u00fasica y instrumentos dominicanos!<\/p>\n\n\n\n<!--more-->\n\n\n\n<p>La \u201cParranda Navide\u00f1a\u201d finalizar\u00e1 en la plaza principal de Altos de Chav\u00f3n el Pericombo, donde la celebraci\u00f3n continuar\u00e1 con m\u00fasica en vivo del grupo de los \u201cHermanos Zorrilla\u201d- una banda tradici\u00f3n folkl\u00f3rica de Dominicana. As\u00ed que saca tu sombrero de Santa y ven preparado a celebrar las fiestas con un toque Dominicano! Tambi\u00e9n se llevar\u00e1 acabo en Altos de Chav\u00f3n el 14 de diciembre una representaci\u00f3n del teatro rodante dominicano (6 \u2013 7 pm) y una visita de Santa de (7-8pm).<\/p>\n\n\n\n<p>Para ver el calendario completo de eventos festivos y la visita de las actividades:<strong><a href=\"http:\/\/www.todo.fm\" target=\"_blank\">&nbsp;www.todo.fm<\/a><\/strong><\/p>\n\n\n\n<blockquote class=\"wp-block-quote is-layout-flow wp-block-quote-is-layout-flow\"><p><strong>Parranda Navide\u00f1a<\/strong><\/p><p><strong>Cu\u00e1ndo:<\/strong> Viernes 14 de diciembre, 7:30 pm<\/p><\/blockquote>\n\n\n\n<blockquote class=\"wp-block-quote is-layout-flow wp-block-quote-is-layout-flow\"><p><strong>Punto de encuentro:<\/strong> ?<\/p><\/blockquote>\n\n\n\n<blockquote class=\"wp-block-quote is-layout-flow wp-block-quote-is-layout-flow\"><p><strong>Para m\u00e1s informaci\u00f3n:<\/strong> Altos de Chav\u00f3n, (809) 523-2424<\/p><\/blockquote>\n","protected":false},"excerpt":{"rendered":"<p>La Parranda Navide\u00f1a- una tradici\u00f3n muy com\u00fan entre los Dominicanos que se celebra durante esta temporada nos invita este proximo viernes 14 de diciembre a un gran evento musical! Sorprende a tus amigos y \u00fanete a la \u201cParranda Navide\u00f1a\u201d conocido tambi\u00e9n como el aguinaldo, en un viaje alrededor de la Casa de Campo \u2013 sorprenderlos [&hellip;]<\/p>\n","protected":false},"author":31,"featured_media":61403,"parent":0,"menu_order":0,"comment_status":"closed","ping_status":"closed","template":"","meta":{"newspack_ads_suppress_ads":false,"newspack_popups_has_disabled_popups":false,"newspack_sponsor_sponsorship_scope":"","newspack_sponsor_native_byline_display":"inherit","newspack_sponsor_native_category_display":"inherit","newspack_sponsor_underwriter_style":"inherit","newspack_sponsor_underwriter_placement":"inherit","newspack_content_restriction_is_exempt":false,"newspack_featured_image_position":"","newspack_hide_page_title":false,"newspack_show_share_buttons":false,"footnotes":""},"newspack_spnsrs_tax":[],"class_list":["post-61700","page","type-page","status-publish","has-post-thumbnail","hentry","entry"],"yoast_head":"<!-- This site is optimized with the Yoast SEO plugin v27.3 - https:\/\/yoast.com\/product\/yoast-seo-wordpress\/ -->\n<title>Parranda Navide\u00f1a - viernes 14 de diciembre, una tradici\u00f3n Dominicana para toda la familia | Casa de Campo Living<\/title>\n<meta name=\"description\" content=\"La Parranda Navide\u00f1a- una tradici\u00f3n muy com\u00fan entre los Dominicanos que se celebra durante esta temporada nos invita este proximo viernes 14 de diciembre\" \/>\n<meta name=\"robots\" content=\"index, follow, max-snippet:-1, max-image-preview:large, max-video-preview:-1\" \/>\n<link rel=\"canonical\" href=\"https:\/\/casadecampoliving.com\/es\/parranda-navidena\/\" \/>\n<meta property=\"og:locale\" content=\"es_ES\" \/>\n<meta property=\"og:type\" content=\"article\" \/>\n<meta property=\"og:title\" content=\"Parranda Navide\u00f1a - viernes 14 de diciembre, una tradici\u00f3n Dominicana para toda la familia | Casa de Campo Living\" \/>\n<meta property=\"og:description\" content=\"La Parranda Navide\u00f1a- una tradici\u00f3n muy com\u00fan entre los Dominicanos que se celebra durante esta temporada nos invita este proximo viernes 14 de diciembre\" \/>\n<meta property=\"og:url\" content=\"https:\/\/casadecampoliving.com\/es\/parranda-navidena\/\" \/>\n<meta property=\"og:site_name\" content=\"Casa de Campo Living\" \/>\n<meta property=\"article:publisher\" content=\"https:\/\/www.facebook.com\/casadecampoliving\" \/>\n<meta property=\"article:modified_time\" content=\"2022-10-21T21:42:10+00:00\" \/>\n<meta property=\"og:image\" content=\"https:\/\/i0.wp.com\/casadecampoliving.com\/wp-content\/uploads\/2012\/12\/perico_ripao.jpg?fit=650%2C361&ssl=1\" \/>\n\t<meta property=\"og:image:width\" content=\"650\" \/>\n\t<meta property=\"og:image:height\" content=\"361\" \/>\n\t<meta property=\"og:image:type\" content=\"image\/jpeg\" \/>\n<meta name=\"twitter:card\" content=\"summary_large_image\" \/>\n<meta name=\"twitter:site\" content=\"@cdcliving\" \/>\n<meta name=\"twitter:label1\" content=\"Tiempo de lectura\" \/>\n\t<meta name=\"twitter:data1\" content=\"1 minuto\" \/>\n<script type=\"application\/ld+json\" class=\"yoast-schema-graph\">{\"@context\":\"https:\\\/\\\/schema.org\",\"@graph\":[{\"@type\":\"WebPage\",\"@id\":\"https:\\\/\\\/casadecampoliving.com\\\/es\\\/parranda-navidena\\\/\",\"url\":\"https:\\\/\\\/casadecampoliving.com\\\/es\\\/parranda-navidena\\\/\",\"name\":\"Parranda Navide\u00f1a - viernes 14 de diciembre, una tradici\u00f3n Dominicana para toda la familia | Casa de Campo Living\",\"isPartOf\":{\"@id\":\"https:\\\/\\\/casadecampoliving.com\\\/es\\\/#website\"},\"primaryImageOfPage\":{\"@id\":\"https:\\\/\\\/casadecampoliving.com\\\/es\\\/parranda-navidena\\\/#primaryimage\"},\"image\":{\"@id\":\"https:\\\/\\\/casadecampoliving.com\\\/es\\\/parranda-navidena\\\/#primaryimage\"},\"thumbnailUrl\":\"https:\\\/\\\/i0.wp.com\\\/casadecampoliving.com\\\/wp-content\\\/uploads\\\/2012\\\/12\\\/perico_ripao.jpg?fit=650%2C361&ssl=1\",\"datePublished\":\"2012-12-06T16:14:39+00:00\",\"dateModified\":\"2022-10-21T21:42:10+00:00\",\"description\":\"La Parranda Navide\u00f1a- una tradici\u00f3n muy com\u00fan entre los Dominicanos que se celebra durante esta temporada nos invita este proximo viernes 14 de diciembre\",\"breadcrumb\":{\"@id\":\"https:\\\/\\\/casadecampoliving.com\\\/es\\\/parranda-navidena\\\/#breadcrumb\"},\"inLanguage\":\"es\",\"potentialAction\":[{\"@type\":\"ReadAction\",\"target\":[\"https:\\\/\\\/casadecampoliving.com\\\/es\\\/parranda-navidena\\\/\"]}]},{\"@type\":\"ImageObject\",\"inLanguage\":\"es\",\"@id\":\"https:\\\/\\\/casadecampoliving.com\\\/es\\\/parranda-navidena\\\/#primaryimage\",\"url\":\"https:\\\/\\\/i0.wp.com\\\/casadecampoliving.com\\\/wp-content\\\/uploads\\\/2012\\\/12\\\/perico_ripao.jpg?fit=650%2C361&ssl=1\",\"contentUrl\":\"https:\\\/\\\/i0.wp.com\\\/casadecampoliving.com\\\/wp-content\\\/uploads\\\/2012\\\/12\\\/perico_ripao.jpg?fit=650%2C361&ssl=1\",\"width\":\"650\",\"height\":\"361\",\"caption\":\"perico ripao\"},{\"@type\":\"BreadcrumbList\",\"@id\":\"https:\\\/\\\/casadecampoliving.com\\\/es\\\/parranda-navidena\\\/#breadcrumb\",\"itemListElement\":[{\"@type\":\"ListItem\",\"position\":1,\"name\":\"Home\",\"item\":\"https:\\\/\\\/casadecampoliving.com\\\/es\\\/\"},{\"@type\":\"ListItem\",\"position\":2,\"name\":\"Parranda Navide\u00f1a &#8211; viernes 14 de diciembre, una tradici\u00f3n Dominicana para toda la familia\"}]},{\"@type\":\"WebSite\",\"@id\":\"https:\\\/\\\/casadecampoliving.com\\\/es\\\/#website\",\"url\":\"https:\\\/\\\/casadecampoliving.com\\\/es\\\/\",\"name\":\"Casa de Campo Living\",\"description\":\"Resort community news and resources.\",\"publisher\":{\"@id\":\"https:\\\/\\\/casadecampoliving.com\\\/es\\\/#organization\"},\"potentialAction\":[{\"@type\":\"SearchAction\",\"target\":{\"@type\":\"EntryPoint\",\"urlTemplate\":\"https:\\\/\\\/casadecampoliving.com\\\/es\\\/?s={search_term_string}\"},\"query-input\":{\"@type\":\"PropertyValueSpecification\",\"valueRequired\":true,\"valueName\":\"search_term_string\"}}],\"inLanguage\":\"es\"},{\"@type\":\"Organization\",\"@id\":\"https:\\\/\\\/casadecampoliving.com\\\/es\\\/#organization\",\"name\":\"Casa de Campo Living\",\"url\":\"https:\\\/\\\/casadecampoliving.com\\\/es\\\/\",\"logo\":{\"@type\":\"ImageObject\",\"inLanguage\":\"es\",\"@id\":\"https:\\\/\\\/casadecampoliving.com\\\/es\\\/#\\\/schema\\\/logo\\\/image\\\/\",\"url\":\"https:\\\/\\\/i0.wp.com\\\/casadecampoliving.com\\\/wp-content\\\/uploads\\\/2022\\\/07\\\/CDCLivingLogo_V1-white-sized.png?fit=800%2C214&ssl=1\",\"contentUrl\":\"https:\\\/\\\/i0.wp.com\\\/casadecampoliving.com\\\/wp-content\\\/uploads\\\/2022\\\/07\\\/CDCLivingLogo_V1-white-sized.png?fit=800%2C214&ssl=1\",\"width\":800,\"height\":214,\"caption\":\"Casa de Campo Living\"},\"image\":{\"@id\":\"https:\\\/\\\/casadecampoliving.com\\\/es\\\/#\\\/schema\\\/logo\\\/image\\\/\"},\"sameAs\":[\"https:\\\/\\\/www.facebook.com\\\/casadecampoliving\",\"https:\\\/\\\/x.com\\\/cdcliving\"]}]}<\/script>\n<!-- \/ Yoast SEO plugin. -->","yoast_head_json":{"title":"Parranda Navide\u00f1a - viernes 14 de diciembre, una tradici\u00f3n Dominicana para toda la familia | Casa de Campo Living","description":"La Parranda Navide\u00f1a- una tradici\u00f3n muy com\u00fan entre los Dominicanos que se celebra durante esta temporada nos invita este proximo viernes 14 de diciembre","robots":{"index":"index","follow":"follow","max-snippet":"max-snippet:-1","max-image-preview":"max-image-preview:large","max-video-preview":"max-video-preview:-1"},"canonical":"https:\/\/casadecampoliving.com\/es\/parranda-navidena\/","og_locale":"es_ES","og_type":"article","og_title":"Parranda Navide\u00f1a - viernes 14 de diciembre, una tradici\u00f3n Dominicana para toda la familia | Casa de Campo Living","og_description":"La Parranda Navide\u00f1a- una tradici\u00f3n muy com\u00fan entre los Dominicanos que se celebra durante esta temporada nos invita este proximo viernes 14 de diciembre","og_url":"https:\/\/casadecampoliving.com\/es\/parranda-navidena\/","og_site_name":"Casa de Campo Living","article_publisher":"https:\/\/www.facebook.com\/casadecampoliving","article_modified_time":"2022-10-21T21:42:10+00:00","og_image":[{"width":650,"height":361,"url":"https:\/\/i0.wp.com\/casadecampoliving.com\/wp-content\/uploads\/2012\/12\/perico_ripao.jpg?fit=650%2C361&ssl=1","type":"image\/jpeg"}],"twitter_card":"summary_large_image","twitter_site":"@cdcliving","twitter_misc":{"Tiempo de lectura":"1 minuto"},"schema":{"@context":"https:\/\/schema.org","@graph":[{"@type":"WebPage","@id":"https:\/\/casadecampoliving.com\/es\/parranda-navidena\/","url":"https:\/\/casadecampoliving.com\/es\/parranda-navidena\/","name":"Parranda Navide\u00f1a - viernes 14 de diciembre, una tradici\u00f3n Dominicana para toda la familia | Casa de Campo Living","isPartOf":{"@id":"https:\/\/casadecampoliving.com\/es\/#website"},"primaryImageOfPage":{"@id":"https:\/\/casadecampoliving.com\/es\/parranda-navidena\/#primaryimage"},"image":{"@id":"https:\/\/casadecampoliving.com\/es\/parranda-navidena\/#primaryimage"},"thumbnailUrl":"https:\/\/i0.wp.com\/casadecampoliving.com\/wp-content\/uploads\/2012\/12\/perico_ripao.jpg?fit=650%2C361&ssl=1","datePublished":"2012-12-06T16:14:39+00:00","dateModified":"2022-10-21T21:42:10+00:00","description":"La Parranda Navide\u00f1a- una tradici\u00f3n muy com\u00fan entre los Dominicanos que se celebra durante esta temporada nos invita este proximo viernes 14 de diciembre","breadcrumb":{"@id":"https:\/\/casadecampoliving.com\/es\/parranda-navidena\/#breadcrumb"},"inLanguage":"es","potentialAction":[{"@type":"ReadAction","target":["https:\/\/casadecampoliving.com\/es\/parranda-navidena\/"]}]},{"@type":"ImageObject","inLanguage":"es","@id":"https:\/\/casadecampoliving.com\/es\/parranda-navidena\/#primaryimage","url":"https:\/\/i0.wp.com\/casadecampoliving.com\/wp-content\/uploads\/2012\/12\/perico_ripao.jpg?fit=650%2C361&ssl=1","contentUrl":"https:\/\/i0.wp.com\/casadecampoliving.com\/wp-content\/uploads\/2012\/12\/perico_ripao.jpg?fit=650%2C361&ssl=1","width":"650","height":"361","caption":"perico ripao"},{"@type":"BreadcrumbList","@id":"https:\/\/casadecampoliving.com\/es\/parranda-navidena\/#breadcrumb","itemListElement":[{"@type":"ListItem","position":1,"name":"Home","item":"https:\/\/casadecampoliving.com\/es\/"},{"@type":"ListItem","position":2,"name":"Parranda Navide\u00f1a &#8211; viernes 14 de diciembre, una tradici\u00f3n Dominicana para toda la familia"}]},{"@type":"WebSite","@id":"https:\/\/casadecampoliving.com\/es\/#website","url":"https:\/\/casadecampoliving.com\/es\/","name":"Casa de Campo Living","description":"Resort community news and resources.","publisher":{"@id":"https:\/\/casadecampoliving.com\/es\/#organization"},"potentialAction":[{"@type":"SearchAction","target":{"@type":"EntryPoint","urlTemplate":"https:\/\/casadecampoliving.com\/es\/?s={search_term_string}"},"query-input":{"@type":"PropertyValueSpecification","valueRequired":true,"valueName":"search_term_string"}}],"inLanguage":"es"},{"@type":"Organization","@id":"https:\/\/casadecampoliving.com\/es\/#organization","name":"Casa de Campo Living","url":"https:\/\/casadecampoliving.com\/es\/","logo":{"@type":"ImageObject","inLanguage":"es","@id":"https:\/\/casadecampoliving.com\/es\/#\/schema\/logo\/image\/","url":"https:\/\/i0.wp.com\/casadecampoliving.com\/wp-content\/uploads\/2022\/07\/CDCLivingLogo_V1-white-sized.png?fit=800%2C214&ssl=1","contentUrl":"https:\/\/i0.wp.com\/casadecampoliving.com\/wp-content\/uploads\/2022\/07\/CDCLivingLogo_V1-white-sized.png?fit=800%2C214&ssl=1","width":800,"height":214,"caption":"Casa de Campo Living"},"image":{"@id":"https:\/\/casadecampoliving.com\/es\/#\/schema\/logo\/image\/"},"sameAs":["https:\/\/www.facebook.com\/casadecampoliving","https:\/\/x.com\/cdcliving"]}]}},"parsely":{"version":"1.1.0","canonical_url":"https:\/\/casadecampoliving.com\/es\/parranda-navidena\/","smart_links":{"inbound":0,"outbound":0},"traffic_boost_suggestions_count":0,"meta":{"@context":"https:\/\/schema.org","@type":"WebPage","headline":"Parranda Navide\u00f1a &#8211; viernes 14 de diciembre, una tradici\u00f3n Dominicana para toda la familia","url":"http:\/\/casadecampoliving.com\/es\/parranda-navidena\/","mainEntityOfPage":{"@type":"WebPage","@id":"http:\/\/casadecampoliving.com\/es\/parranda-navidena\/"},"thumbnailUrl":"https:\/\/i0.wp.com\/casadecampoliving.com\/wp-content\/uploads\/2012\/12\/perico_ripao.jpg?resize=150%2C150&ssl=1","image":{"@type":"ImageObject","url":"https:\/\/i0.wp.com\/casadecampoliving.com\/wp-content\/uploads\/2012\/12\/perico_ripao.jpg?fit=650%2C361&ssl=1"},"articleSection":"Uncategorized @es","author":[{"@type":"Person","name":"Rebecca Silvestri"}],"creator":["Rebecca Silvestri"],"publisher":{"@type":"Organization","name":"Casa de Campo Living","logo":"https:\/\/casadecampoliving.com\/wp-content\/uploads\/2022\/07\/CDCLivingLogo_V1-white-sized.png"},"keywords":[],"dateCreated":"2012-12-06T16:14:39Z","datePublished":"2012-12-06T16:14:39Z","dateModified":"2022-10-21T21:42:10Z"},"rendered":"<script type=\"application\/ld+json\" class=\"wp-parsely-metadata\">{\"@context\":\"https:\\\/\\\/schema.org\",\"@type\":\"WebPage\",\"headline\":\"Parranda Navide\\u00f1a &#8211; viernes 14 de diciembre, una tradici\\u00f3n Dominicana para toda la familia\",\"url\":\"http:\\\/\\\/casadecampoliving.com\\\/es\\\/parranda-navidena\\\/\",\"mainEntityOfPage\":{\"@type\":\"WebPage\",\"@id\":\"http:\\\/\\\/casadecampoliving.com\\\/es\\\/parranda-navidena\\\/\"},\"thumbnailUrl\":\"https:\\\/\\\/i0.wp.com\\\/casadecampoliving.com\\\/wp-content\\\/uploads\\\/2012\\\/12\\\/perico_ripao.jpg?resize=150%2C150&ssl=1\",\"image\":{\"@type\":\"ImageObject\",\"url\":\"https:\\\/\\\/i0.wp.com\\\/casadecampoliving.com\\\/wp-content\\\/uploads\\\/2012\\\/12\\\/perico_ripao.jpg?fit=650%2C361&ssl=1\"},\"articleSection\":\"Uncategorized @es\",\"author\":[{\"@type\":\"Person\",\"name\":\"Rebecca Silvestri\"}],\"creator\":[\"Rebecca Silvestri\"],\"publisher\":{\"@type\":\"Organization\",\"name\":\"Casa de Campo Living\",\"logo\":\"https:\\\/\\\/casadecampoliving.com\\\/wp-content\\\/uploads\\\/2022\\\/07\\\/CDCLivingLogo_V1-white-sized.png\"},\"keywords\":[],\"dateCreated\":\"2012-12-06T16:14:39Z\",\"datePublished\":\"2012-12-06T16:14:39Z\",\"dateModified\":\"2022-10-21T21:42:10Z\"}<\/script>","tracker_url":"https:\/\/cdn.parsely.com\/keys\/casadecampoliving.com\/p.js"},"jetpack-related-posts":[{"id":61563,"url":"https:\/\/casadecampoliving.com\/es\/navidad\/","url_meta":{"origin":61700,"position":0},"title":"Navidad en Altos de Chav\u00f3n!","author":"Rebecca Silvestri","date":"5 Dic, 2012","format":false,"excerpt":"En \u00e9sta temporada navide\u00f1a, Altos de Chav\u00f3n es el lugar para celebrar! Con la inauguraci\u00f3n oficial de la Navidad y la festiva temporada en la ciudad de los artistas, este pr\u00f3ximo s\u00e1bado 8 de diciembre, a partir de las 6pm, pensamos que ser\u00eda \u00fatil para ustedes el COMPLETO calendario de\u2026","rel":"","context":"Entrada similar","block_context":{"text":"Entrada similar","link":""},"img":{"alt_text":"altos de chavon","src":"https:\/\/i0.wp.com\/casadecampoliving.com\/wp-content\/uploads\/2012\/12\/altos_de_chavon.jpg?fit=650%2C434&ssl=1&resize=350%2C200","width":350,"height":200,"srcset":"https:\/\/i0.wp.com\/casadecampoliving.com\/wp-content\/uploads\/2012\/12\/altos_de_chavon.jpg?fit=650%2C434&ssl=1&resize=350%2C200 1x, https:\/\/i0.wp.com\/casadecampoliving.com\/wp-content\/uploads\/2012\/12\/altos_de_chavon.jpg?fit=650%2C434&ssl=1&resize=525%2C300 1.5x"},"classes":[]},{"id":61696,"url":"https:\/\/casadecampoliving.com\/parranda\/","url_meta":{"origin":61700,"position":1},"title":"Friday December 14th: \u00abParranda Navide\u00f1a\u00bb &#8211; a fun Dominican tradition for all the family","author":"Rebecca Silvestri","date":"6 Dic, 2012","format":false,"excerpt":"The \u201cParranda Navide\u00f1a\u201d is a fun Dominican Christmas tradition \u2013 and this year you and your family are invited to join in on Friday evening the 14th of December! Join the \u201cParranda Navide\u00f1a\u201d on a journey around Casa de Campo as they visit the doorsteps of friends and neighbors \u2013\u2026","rel":"","context":"Entrada similar","block_context":{"text":"Entrada similar","link":""},"img":{"alt_text":"perico ripao","src":"https:\/\/i0.wp.com\/casadecampoliving.com\/wp-content\/uploads\/2012\/12\/perico_ripao.jpg?fit=650%2C361&ssl=1&resize=350%2C200","width":350,"height":200,"srcset":"https:\/\/i0.wp.com\/casadecampoliving.com\/wp-content\/uploads\/2012\/12\/perico_ripao.jpg?fit=650%2C361&ssl=1&resize=350%2C200 1x, https:\/\/i0.wp.com\/casadecampoliving.com\/wp-content\/uploads\/2012\/12\/perico_ripao.jpg?fit=650%2C361&ssl=1&resize=525%2C300 1.5x"},"classes":[]},{"id":82579,"url":"https:\/\/casadecampoliving.com\/es\/celebracion-de-navidad\/","url_meta":{"origin":61700,"position":2},"title":"Celebraci\u00f3n de Navidad &#8211; dic. 25","author":"Rebecca Silvestri","date":"7 Dic, 2013","format":false,"excerpt":"El d\u00eda de Navidad, mi\u00e9rcoles 25 de diciembre, Altos de Chav\u00f3n les invita a celebrar las fiestas en la plaza principal de Altos de Chav\u00f3n \u2013 donde se puede disfrutar de una celebraci\u00f3n eucar\u00edstica, seguida por un concierto del Coro Armon\u00eda, una visita de Santa y si faltaba poco y\u2026","rel":"","context":"Entrada similar","block_context":{"text":"Entrada similar","link":""},"img":{"alt_text":"altos de chavon christmas","src":"https:\/\/i0.wp.com\/casadecampoliving.com\/wp-content\/uploads\/2012\/12\/altos_de_chavon_christmas4.jpg?resize=350%2C200&ssl=1","width":350,"height":200,"srcset":"https:\/\/i0.wp.com\/casadecampoliving.com\/wp-content\/uploads\/2012\/12\/altos_de_chavon_christmas4.jpg?resize=350%2C200&ssl=1 1x, https:\/\/i0.wp.com\/casadecampoliving.com\/wp-content\/uploads\/2012\/12\/altos_de_chavon_christmas4.jpg?resize=525%2C300&ssl=1 1.5x"},"classes":[]},{"id":61656,"url":"https:\/\/casadecampoliving.com\/es\/navidad-dominicana-martes-25-de-diciembre-en-altos-de-chavon\/","url_meta":{"origin":61700,"position":3},"title":"Navidad Dominicana: martes 25 de diciembre en Altos de Chav\u00f3n!","author":"Rebecca Silvestri","date":"6 Dic, 2012","format":false,"excerpt":"El d\u00eda de Navidad, martes 25 de diciembre, Altos de Chav\u00f3n les invita a celebrar las fiestas en la plaza principal de Altos de Chav\u00f3n \u2013 donde se puede disfrutar de una celebraci\u00f3n eucar\u00edstica, seguida por un concierto del Coro Armon\u00eda, una visita de Santa y si faltaba poco y\u2026","rel":"","context":"Entrada similar","block_context":{"text":"Entrada similar","link":""},"img":{"alt_text":"christmas altos de chavon","src":"https:\/\/i0.wp.com\/casadecampoliving.com\/wp-content\/uploads\/2012\/12\/christmas_altos_de_chavon3.jpg?fit=650%2C426&ssl=1&resize=350%2C200","width":350,"height":200,"srcset":"https:\/\/i0.wp.com\/casadecampoliving.com\/wp-content\/uploads\/2012\/12\/christmas_altos_de_chavon3.jpg?fit=650%2C426&ssl=1&resize=350%2C200 1x, https:\/\/i0.wp.com\/casadecampoliving.com\/wp-content\/uploads\/2012\/12\/christmas_altos_de_chavon3.jpg?fit=650%2C426&ssl=1&resize=525%2C300 1.5x"},"classes":[]},{"id":82569,"url":"https:\/\/casadecampoliving.com\/es\/bocatabu-vicente-garcia-altos-de-chavon-2\/","url_meta":{"origin":61700,"position":4},"title":"ROCK EN LAS PIEDRAS, concierto con Bocatabu y Vicente Garcia &#8211; dic- 28","author":"Rebecca Silvestri","date":"7 Dic, 2013","format":false,"excerpt":"Bocatabu y Vicente Garc\u00eda en concierto! Dos de los m\u00e1s prometedores j\u00f3venes artistas dominicanos en un gran concierto por primera vez en Altos de Chav\u00f3n. Con la salida de su disco debut, \u201cMelodrama\u201d, el cantautor dominicano, Vicente Garc\u00eda, es en este momento un artistas Bocatabu es una banda de Rock\u2026","rel":"","context":"Entrada similar","block_context":{"text":"Entrada similar","link":""},"img":{"alt_text":"Vicente Garcia Altos de Chavon","src":"https:\/\/i0.wp.com\/casadecampoliving.com\/wp-content\/uploads\/2013\/12\/vicente_garcia_altos_de_chavon.jpg?fit=650%2C452&ssl=1&resize=350%2C200","width":350,"height":200,"srcset":"https:\/\/i0.wp.com\/casadecampoliving.com\/wp-content\/uploads\/2013\/12\/vicente_garcia_altos_de_chavon.jpg?fit=650%2C452&ssl=1&resize=350%2C200 1x, https:\/\/i0.wp.com\/casadecampoliving.com\/wp-content\/uploads\/2013\/12\/vicente_garcia_altos_de_chavon.jpg?fit=650%2C452&ssl=1&resize=525%2C300 1.5x"},"classes":[]},{"id":82542,"url":"https:\/\/casadecampoliving.com\/es\/altos-de-chavon-programa-de-fiestas\/","url_meta":{"origin":61700,"position":5},"title":"Altos de Chav\u00f3n Programa de Fiestas 2013","author":"Rebecca Silvestri","date":"7 Dic, 2013","format":false,"excerpt":"Las navidades en Altos de Chav\u00f3n se han convertido en una verdadera tradici\u00f3n en Casa de Campo y todo el pa\u00eds. Por su belleza arquitect\u00f3nica y ambiente id\u00edlico, Altos de Chav\u00f3n es el anfitri\u00f3n perfecto para celebrar la navidad en grande. \u00a1Todas los eventos han sido confirmados!\u00a0aqu\u00ed esta el horario\u2026","rel":"","context":"Entrada similar","block_context":{"text":"Entrada similar","link":""},"img":{"alt_text":"Altos de Chavon holiday program","src":"https:\/\/i0.wp.com\/casadecampoliving.com\/wp-content\/uploads\/2013\/12\/altos_de_chavon_holiday_program.jpg?fit=650%2C454&ssl=1&resize=350%2C200","width":350,"height":200,"srcset":"https:\/\/i0.wp.com\/casadecampoliving.com\/wp-content\/uploads\/2013\/12\/altos_de_chavon_holiday_program.jpg?fit=650%2C454&ssl=1&resize=350%2C200 1x, https:\/\/i0.wp.com\/casadecampoliving.com\/wp-content\/uploads\/2013\/12\/altos_de_chavon_holiday_program.jpg?fit=650%2C454&ssl=1&resize=525%2C300 1.5x"},"classes":[]}],"jetpack_sharing_enabled":true,"_links":{"self":[{"href":"https:\/\/casadecampoliving.com\/es\/wp-json\/wp\/v2\/pages\/61700","targetHints":{"allow":["GET"]}}],"collection":[{"href":"https:\/\/casadecampoliving.com\/es\/wp-json\/wp\/v2\/pages"}],"about":[{"href":"https:\/\/casadecampoliving.com\/es\/wp-json\/wp\/v2\/types\/page"}],"author":[{"embeddable":true,"href":"https:\/\/casadecampoliving.com\/es\/wp-json\/wp\/v2\/users\/31"}],"replies":[{"embeddable":true,"href":"https:\/\/casadecampoliving.com\/es\/wp-json\/wp\/v2\/comments?post=61700"}],"version-history":[{"count":0,"href":"https:\/\/casadecampoliving.com\/es\/wp-json\/wp\/v2\/pages\/61700\/revisions"}],"wp:featuredmedia":[{"embeddable":true,"href":"https:\/\/casadecampoliving.com\/es\/wp-json\/wp\/v2\/media\/61403"}],"wp:attachment":[{"href":"https:\/\/casadecampoliving.com\/es\/wp-json\/wp\/v2\/media?parent=61700"}],"wp:term":[{"taxonomy":"newspack_spnsrs_tax","embeddable":true,"href":"https:\/\/casadecampoliving.com\/es\/wp-json\/wp\/v2\/newspack_spnsrs_tax?post=61700"}],"curies":[{"name":"wp","href":"https:\/\/api.w.org\/{rel}","templated":true}]}}