{"id":60231,"date":"2012-11-01T14:42:07","date_gmt":"2012-11-01T18:42:07","guid":{"rendered":"http:\/\/casadecampoliving.com\/?page_id=60231"},"modified":"2022-10-21T17:41:02","modified_gmt":"2022-10-21T21:41:02","slug":"acqua-villa","status":"publish","type":"page","link":"https:\/\/casadecampoliving.com\/es\/acqua-villa\/","title":{"rendered":"Acqua Villa, tienda de decoraciones del hogar"},"content":{"rendered":"<div class=\"wp-block-image\">\n<figure class=\"aligncenter\"><img loading=\"lazy\" decoding=\"async\" width=\"650\" height=\"467\" src=\"https:\/\/i0.wp.com\/casadecampoliving-wp.s3-accelerate.amazonaws.com\/2012\/10\/home-decor.jpg?resize=650%2C467&amp;ssl=1\" alt=\"home decor\" class=\"wp-image-60076\" title=\"home-decor\" srcset=\"https:\/\/i0.wp.com\/casadecampoliving.com\/wp-content\/uploads\/2012\/10\/home-decor.jpg?w=650&amp;ssl=1 650w, https:\/\/i0.wp.com\/casadecampoliving.com\/wp-content\/uploads\/2012\/10\/home-decor.jpg?resize=300%2C215&amp;ssl=1 300w, https:\/\/i0.wp.com\/casadecampoliving-wp.s3-accelerate.amazonaws.com\/2012\/10\/home-decor.jpg?w=370 370w, https:\/\/i0.wp.com\/casadecampoliving-wp.s3-accelerate.amazonaws.com\/2012\/10\/home-decor.jpg?w=400 400w\" sizes=\"auto, (max-width: 650px) 100vw, 650px\" \/><\/figure>\n<\/div>\n\n<div class=\"wp-block-image\">\n<figure class=\"alignright\"><img loading=\"lazy\" decoding=\"async\" width=\"169\" height=\"165\" src=\"https:\/\/i0.wp.com\/casadecampoliving-wp.s3-accelerate.amazonaws.com\/2012\/10\/Aqua_Villa.gif?resize=169%2C165&amp;ssl=1\" alt=\"acqua villa\" class=\"wp-image-60151\" title=\"Aqua_Villa\" srcset=\"https:\/\/i0.wp.com\/casadecampoliving.com\/wp-content\/uploads\/2012\/10\/Aqua_Villa.gif?w=169&amp;ssl=1 169w, https:\/\/i0.wp.com\/casadecampoliving-wp.s3-accelerate.amazonaws.com\/2012\/10\/Aqua_Villa.gif?w=370 370w, https:\/\/i0.wp.com\/casadecampoliving-wp.s3-accelerate.amazonaws.com\/2012\/10\/Aqua_Villa.gif?w=400 400w\" sizes=\"auto, (max-width: 169px) 100vw, 169px\" \/><\/figure>\n<\/div>\n\n\n<p><strong>Acqua Villa\n<\/strong><em>Avenida Altagracia #12, La Romana&nbsp;<\/em>\n\nLa tienda se enfoca en l\u00edneas dom\u00e9sticas hechas en tejidos de lino org\u00e1nico, tales como algod\u00f3n, servilletas de lino y cojines de plumas, al igual que l\u00e1mparas, espejos grandes y peque\u00f1os, vasijas, alfombras, velones y decoraciones de pared.La tienda tambi\u00e9n ofrece una peque\u00f1a variedad de ropa org\u00e1nica para beb\u00e9s y para ni\u00f1os, al igual que accesorios de moda tales como ropa de playa, pareos y coloridos brazaletes de playa \u2013 entre otras cosas.\n\n<strong>Horario:<\/strong> lunes a s\u00e1bado, 9am \u2013 7pm\n<strong>Tel:&nbsp;<\/strong>(809) 550-0810\n<strong>\n<\/strong><\/p>\n\n\n\n<figure class=\"wp-block-image\"><img loading=\"lazy\" decoding=\"async\" width=\"450\" height=\"600\" src=\"https:\/\/i0.wp.com\/casadecampoliving.com\/wp-content\/uploads\/2022\/10\/img_3485-1.jpg?resize=450%2C600&amp;ssl=1\" alt=\"\" class=\"wp-image-481854\" srcset=\"https:\/\/i0.wp.com\/casadecampoliving.com\/wp-content\/uploads\/2022\/10\/img_3485-1.jpg?w=450&amp;ssl=1 450w, https:\/\/i0.wp.com\/casadecampoliving.com\/wp-content\/uploads\/2022\/10\/img_3485-1.jpg?resize=225%2C300&amp;ssl=1 225w, https:\/\/i0.wp.com\/casadecampoliving.com\/wp-content\/uploads\/2022\/10\/img_3485-1.jpg?resize=300%2C400&amp;ssl=1 300w, https:\/\/i0.wp.com\/casadecampoliving.com\/wp-content\/uploads\/2022\/10\/img_3485-1.jpg?resize=150%2C200&amp;ssl=1 150w, https:\/\/i0.wp.com\/casadecampoliving.com\/wp-content\/uploads\/2022\/10\/img_3485-1.jpg?resize=400%2C533&amp;ssl=1 400w, https:\/\/i0.wp.com\/casadecampoliving.com\/wp-content\/uploads\/2022\/10\/img_3485-1.jpg?w=370 370w\" sizes=\"auto, (max-width: 450px) 100vw, 450px\" \/><\/figure>\n\n\n\n<strong>\n<\/strong>\n\n\n\n<p><\/p>\n","protected":false},"excerpt":{"rendered":"<p>Acqua Villa Avenida Altagracia #12, La Romana&nbsp; La tienda se enfoca en l\u00edneas dom\u00e9sticas hechas en tejidos de lino org\u00e1nico, tales como algod\u00f3n, servilletas de lino y cojines de plumas, al igual que l\u00e1mparas, espejos grandes y peque\u00f1os, vasijas, alfombras, velones y decoraciones de pared.La tienda tambi\u00e9n ofrece una peque\u00f1a variedad de ropa org\u00e1nica para [&hellip;]<\/p>\n","protected":false},"author":31,"featured_media":60076,"parent":0,"menu_order":0,"comment_status":"closed","ping_status":"closed","template":"","meta":{"newspack_ads_suppress_ads":false,"newspack_popups_has_disabled_popups":false,"newspack_sponsor_sponsorship_scope":"","newspack_sponsor_native_byline_display":"inherit","newspack_sponsor_native_category_display":"inherit","newspack_sponsor_underwriter_style":"inherit","newspack_sponsor_underwriter_placement":"inherit","newspack_content_restriction_is_exempt":false,"newspack_featured_image_position":"","newspack_hide_page_title":false,"newspack_show_share_buttons":false,"footnotes":""},"newspack_spnsrs_tax":[],"class_list":["post-60231","page","type-page","status-publish","has-post-thumbnail","hentry","entry"],"yoast_head":"<!-- This site is optimized with the Yoast SEO plugin v27.5 - https:\/\/yoast.com\/product\/yoast-seo-wordpress\/ -->\n<title>Acqua Villa, tienda de decoraciones del hogar | Casa de Campo Living<\/title>\n<meta name=\"description\" content=\"Acqua Villa Avenida Altagracia #12, La Romana&nbsp; La tienda se enfoca en l\u00edneas dom\u00e9sticas hechas en tejidos de lino org\u00e1nico, tales como algod\u00f3n,\" \/>\n<meta name=\"robots\" content=\"index, follow, max-snippet:-1, max-image-preview:large, max-video-preview:-1\" \/>\n<link rel=\"canonical\" href=\"https:\/\/casadecampoliving.com\/es\/acqua-villa\/\" \/>\n<meta property=\"og:locale\" content=\"es_ES\" \/>\n<meta property=\"og:type\" content=\"article\" \/>\n<meta property=\"og:title\" content=\"Acqua Villa, tienda de decoraciones del hogar | Casa de Campo Living\" \/>\n<meta property=\"og:description\" content=\"Acqua Villa Avenida Altagracia #12, La Romana&nbsp; La tienda se enfoca en l\u00edneas dom\u00e9sticas hechas en tejidos de lino org\u00e1nico, tales como algod\u00f3n,\" \/>\n<meta property=\"og:url\" content=\"https:\/\/casadecampoliving.com\/es\/acqua-villa\/\" \/>\n<meta property=\"og:site_name\" content=\"Casa de Campo Living\" \/>\n<meta property=\"article:publisher\" content=\"https:\/\/www.facebook.com\/casadecampoliving\" \/>\n<meta property=\"article:modified_time\" content=\"2022-10-21T21:41:02+00:00\" \/>\n<meta property=\"og:image\" content=\"https:\/\/i0.wp.com\/casadecampoliving.com\/wp-content\/uploads\/2012\/10\/home-decor.jpg?fit=650%2C467&ssl=1\" \/>\n\t<meta property=\"og:image:width\" content=\"650\" \/>\n\t<meta property=\"og:image:height\" content=\"467\" \/>\n\t<meta property=\"og:image:type\" content=\"image\/jpeg\" \/>\n<meta name=\"twitter:card\" content=\"summary_large_image\" \/>\n<meta name=\"twitter:site\" content=\"@cdcliving\" \/>\n<meta name=\"twitter:label1\" content=\"Tiempo de lectura\" \/>\n\t<meta name=\"twitter:data1\" content=\"1 minuto\" \/>\n<script type=\"application\/ld+json\" class=\"yoast-schema-graph\">{\"@context\":\"https:\\\/\\\/schema.org\",\"@graph\":[{\"@type\":\"WebPage\",\"@id\":\"https:\\\/\\\/casadecampoliving.com\\\/es\\\/acqua-villa\\\/\",\"url\":\"https:\\\/\\\/casadecampoliving.com\\\/es\\\/acqua-villa\\\/\",\"name\":\"Acqua Villa, tienda de decoraciones del hogar | Casa de Campo Living\",\"isPartOf\":{\"@id\":\"https:\\\/\\\/casadecampoliving.com\\\/es\\\/#website\"},\"primaryImageOfPage\":{\"@id\":\"https:\\\/\\\/casadecampoliving.com\\\/es\\\/acqua-villa\\\/#primaryimage\"},\"image\":{\"@id\":\"https:\\\/\\\/casadecampoliving.com\\\/es\\\/acqua-villa\\\/#primaryimage\"},\"thumbnailUrl\":\"https:\\\/\\\/i0.wp.com\\\/casadecampoliving.com\\\/wp-content\\\/uploads\\\/2012\\\/10\\\/home-decor.jpg?fit=650%2C467&ssl=1\",\"datePublished\":\"2012-11-01T18:42:07+00:00\",\"dateModified\":\"2022-10-21T21:41:02+00:00\",\"description\":\"Acqua Villa Avenida Altagracia #12, La Romana&nbsp; La tienda se enfoca en l\u00edneas dom\u00e9sticas hechas en tejidos de lino org\u00e1nico, tales como algod\u00f3n,\",\"breadcrumb\":{\"@id\":\"https:\\\/\\\/casadecampoliving.com\\\/es\\\/acqua-villa\\\/#breadcrumb\"},\"inLanguage\":\"es\",\"potentialAction\":[{\"@type\":\"ReadAction\",\"target\":[\"https:\\\/\\\/casadecampoliving.com\\\/es\\\/acqua-villa\\\/\"]}]},{\"@type\":\"ImageObject\",\"inLanguage\":\"es\",\"@id\":\"https:\\\/\\\/casadecampoliving.com\\\/es\\\/acqua-villa\\\/#primaryimage\",\"url\":\"https:\\\/\\\/i0.wp.com\\\/casadecampoliving.com\\\/wp-content\\\/uploads\\\/2012\\\/10\\\/home-decor.jpg?fit=650%2C467&ssl=1\",\"contentUrl\":\"https:\\\/\\\/i0.wp.com\\\/casadecampoliving.com\\\/wp-content\\\/uploads\\\/2012\\\/10\\\/home-decor.jpg?fit=650%2C467&ssl=1\",\"width\":\"650\",\"height\":\"467\",\"caption\":\"home decor\"},{\"@type\":\"BreadcrumbList\",\"@id\":\"https:\\\/\\\/casadecampoliving.com\\\/es\\\/acqua-villa\\\/#breadcrumb\",\"itemListElement\":[{\"@type\":\"ListItem\",\"position\":1,\"name\":\"Home\",\"item\":\"https:\\\/\\\/casadecampoliving.com\\\/es\\\/\"},{\"@type\":\"ListItem\",\"position\":2,\"name\":\"Acqua Villa, tienda de decoraciones del hogar\"}]},{\"@type\":\"WebSite\",\"@id\":\"https:\\\/\\\/casadecampoliving.com\\\/es\\\/#website\",\"url\":\"https:\\\/\\\/casadecampoliving.com\\\/es\\\/\",\"name\":\"Casa de Campo Living\",\"description\":\"Resort community news and resources.\",\"publisher\":{\"@id\":\"https:\\\/\\\/casadecampoliving.com\\\/es\\\/#organization\"},\"potentialAction\":[{\"@type\":\"SearchAction\",\"target\":{\"@type\":\"EntryPoint\",\"urlTemplate\":\"https:\\\/\\\/casadecampoliving.com\\\/es\\\/?s={search_term_string}\"},\"query-input\":{\"@type\":\"PropertyValueSpecification\",\"valueRequired\":true,\"valueName\":\"search_term_string\"}}],\"inLanguage\":\"es\"},{\"@type\":\"Organization\",\"@id\":\"https:\\\/\\\/casadecampoliving.com\\\/es\\\/#organization\",\"name\":\"Casa de Campo Living\",\"url\":\"https:\\\/\\\/casadecampoliving.com\\\/es\\\/\",\"logo\":{\"@type\":\"ImageObject\",\"inLanguage\":\"es\",\"@id\":\"https:\\\/\\\/casadecampoliving.com\\\/es\\\/#\\\/schema\\\/logo\\\/image\\\/\",\"url\":\"https:\\\/\\\/i0.wp.com\\\/casadecampoliving.com\\\/wp-content\\\/uploads\\\/2022\\\/07\\\/CDCLivingLogo_V1-white-sized.png?fit=800%2C214&ssl=1\",\"contentUrl\":\"https:\\\/\\\/i0.wp.com\\\/casadecampoliving.com\\\/wp-content\\\/uploads\\\/2022\\\/07\\\/CDCLivingLogo_V1-white-sized.png?fit=800%2C214&ssl=1\",\"width\":800,\"height\":214,\"caption\":\"Casa de Campo Living\"},\"image\":{\"@id\":\"https:\\\/\\\/casadecampoliving.com\\\/es\\\/#\\\/schema\\\/logo\\\/image\\\/\"},\"sameAs\":[\"https:\\\/\\\/www.facebook.com\\\/casadecampoliving\",\"https:\\\/\\\/x.com\\\/cdcliving\"]}]}<\/script>\n<!-- \/ Yoast SEO plugin. -->","yoast_head_json":{"title":"Acqua Villa, tienda de decoraciones del hogar | Casa de Campo Living","description":"Acqua Villa Avenida Altagracia #12, La Romana&nbsp; La tienda se enfoca en l\u00edneas dom\u00e9sticas hechas en tejidos de lino org\u00e1nico, tales como algod\u00f3n,","robots":{"index":"index","follow":"follow","max-snippet":"max-snippet:-1","max-image-preview":"max-image-preview:large","max-video-preview":"max-video-preview:-1"},"canonical":"https:\/\/casadecampoliving.com\/es\/acqua-villa\/","og_locale":"es_ES","og_type":"article","og_title":"Acqua Villa, tienda de decoraciones del hogar | Casa de Campo Living","og_description":"Acqua Villa Avenida Altagracia #12, La Romana&nbsp; La tienda se enfoca en l\u00edneas dom\u00e9sticas hechas en tejidos de lino org\u00e1nico, tales como algod\u00f3n,","og_url":"https:\/\/casadecampoliving.com\/es\/acqua-villa\/","og_site_name":"Casa de Campo Living","article_publisher":"https:\/\/www.facebook.com\/casadecampoliving","article_modified_time":"2022-10-21T21:41:02+00:00","og_image":[{"width":650,"height":467,"url":"https:\/\/i0.wp.com\/casadecampoliving.com\/wp-content\/uploads\/2012\/10\/home-decor.jpg?fit=650%2C467&ssl=1","type":"image\/jpeg"}],"twitter_card":"summary_large_image","twitter_site":"@cdcliving","twitter_misc":{"Tiempo de lectura":"1 minuto"},"schema":{"@context":"https:\/\/schema.org","@graph":[{"@type":"WebPage","@id":"https:\/\/casadecampoliving.com\/es\/acqua-villa\/","url":"https:\/\/casadecampoliving.com\/es\/acqua-villa\/","name":"Acqua Villa, tienda de decoraciones del hogar | Casa de Campo Living","isPartOf":{"@id":"https:\/\/casadecampoliving.com\/es\/#website"},"primaryImageOfPage":{"@id":"https:\/\/casadecampoliving.com\/es\/acqua-villa\/#primaryimage"},"image":{"@id":"https:\/\/casadecampoliving.com\/es\/acqua-villa\/#primaryimage"},"thumbnailUrl":"https:\/\/i0.wp.com\/casadecampoliving.com\/wp-content\/uploads\/2012\/10\/home-decor.jpg?fit=650%2C467&ssl=1","datePublished":"2012-11-01T18:42:07+00:00","dateModified":"2022-10-21T21:41:02+00:00","description":"Acqua Villa Avenida Altagracia #12, La Romana&nbsp; La tienda se enfoca en l\u00edneas dom\u00e9sticas hechas en tejidos de lino org\u00e1nico, tales como algod\u00f3n,","breadcrumb":{"@id":"https:\/\/casadecampoliving.com\/es\/acqua-villa\/#breadcrumb"},"inLanguage":"es","potentialAction":[{"@type":"ReadAction","target":["https:\/\/casadecampoliving.com\/es\/acqua-villa\/"]}]},{"@type":"ImageObject","inLanguage":"es","@id":"https:\/\/casadecampoliving.com\/es\/acqua-villa\/#primaryimage","url":"https:\/\/i0.wp.com\/casadecampoliving.com\/wp-content\/uploads\/2012\/10\/home-decor.jpg?fit=650%2C467&ssl=1","contentUrl":"https:\/\/i0.wp.com\/casadecampoliving.com\/wp-content\/uploads\/2012\/10\/home-decor.jpg?fit=650%2C467&ssl=1","width":"650","height":"467","caption":"home decor"},{"@type":"BreadcrumbList","@id":"https:\/\/casadecampoliving.com\/es\/acqua-villa\/#breadcrumb","itemListElement":[{"@type":"ListItem","position":1,"name":"Home","item":"https:\/\/casadecampoliving.com\/es\/"},{"@type":"ListItem","position":2,"name":"Acqua Villa, tienda de decoraciones del hogar"}]},{"@type":"WebSite","@id":"https:\/\/casadecampoliving.com\/es\/#website","url":"https:\/\/casadecampoliving.com\/es\/","name":"Casa de Campo Living","description":"Resort community news and resources.","publisher":{"@id":"https:\/\/casadecampoliving.com\/es\/#organization"},"potentialAction":[{"@type":"SearchAction","target":{"@type":"EntryPoint","urlTemplate":"https:\/\/casadecampoliving.com\/es\/?s={search_term_string}"},"query-input":{"@type":"PropertyValueSpecification","valueRequired":true,"valueName":"search_term_string"}}],"inLanguage":"es"},{"@type":"Organization","@id":"https:\/\/casadecampoliving.com\/es\/#organization","name":"Casa de Campo Living","url":"https:\/\/casadecampoliving.com\/es\/","logo":{"@type":"ImageObject","inLanguage":"es","@id":"https:\/\/casadecampoliving.com\/es\/#\/schema\/logo\/image\/","url":"https:\/\/i0.wp.com\/casadecampoliving.com\/wp-content\/uploads\/2022\/07\/CDCLivingLogo_V1-white-sized.png?fit=800%2C214&ssl=1","contentUrl":"https:\/\/i0.wp.com\/casadecampoliving.com\/wp-content\/uploads\/2022\/07\/CDCLivingLogo_V1-white-sized.png?fit=800%2C214&ssl=1","width":800,"height":214,"caption":"Casa de Campo Living"},"image":{"@id":"https:\/\/casadecampoliving.com\/es\/#\/schema\/logo\/image\/"},"sameAs":["https:\/\/www.facebook.com\/casadecampoliving","https:\/\/x.com\/cdcliving"]}]}},"parsely":{"version":"1.1.0","canonical_url":"https:\/\/casadecampoliving.com\/es\/acqua-villa\/","smart_links":{"inbound":0,"outbound":0},"traffic_boost_suggestions_count":0,"meta":{"@context":"https:\/\/schema.org","@type":"WebPage","headline":"Acqua Villa, tienda de decoraciones del hogar","url":"http:\/\/casadecampoliving.com\/es\/acqua-villa\/","mainEntityOfPage":{"@type":"WebPage","@id":"http:\/\/casadecampoliving.com\/es\/acqua-villa\/"},"thumbnailUrl":"https:\/\/i0.wp.com\/casadecampoliving.com\/wp-content\/uploads\/2012\/10\/home-decor.jpg?resize=150%2C150&ssl=1","image":{"@type":"ImageObject","url":"https:\/\/i0.wp.com\/casadecampoliving.com\/wp-content\/uploads\/2012\/10\/home-decor.jpg?fit=650%2C467&ssl=1"},"articleSection":"Uncategorized @es","author":[{"@type":"Person","name":"Rebecca Silvestri"}],"creator":["Rebecca Silvestri"],"publisher":{"@type":"Organization","name":"Casa de Campo Living","logo":"https:\/\/casadecampoliving.com\/wp-content\/uploads\/2022\/07\/CDCLivingLogo_V1-white-sized.png"},"keywords":[],"dateCreated":"2012-11-01T18:42:07Z","datePublished":"2012-11-01T18:42:07Z","dateModified":"2022-10-21T21:41:02Z"},"rendered":"<script type=\"application\/ld+json\" class=\"wp-parsely-metadata\">{\"@context\":\"https:\\\/\\\/schema.org\",\"@type\":\"WebPage\",\"headline\":\"Acqua Villa, tienda de decoraciones del hogar\",\"url\":\"http:\\\/\\\/casadecampoliving.com\\\/es\\\/acqua-villa\\\/\",\"mainEntityOfPage\":{\"@type\":\"WebPage\",\"@id\":\"http:\\\/\\\/casadecampoliving.com\\\/es\\\/acqua-villa\\\/\"},\"thumbnailUrl\":\"https:\\\/\\\/i0.wp.com\\\/casadecampoliving.com\\\/wp-content\\\/uploads\\\/2012\\\/10\\\/home-decor.jpg?resize=150%2C150&ssl=1\",\"image\":{\"@type\":\"ImageObject\",\"url\":\"https:\\\/\\\/i0.wp.com\\\/casadecampoliving.com\\\/wp-content\\\/uploads\\\/2012\\\/10\\\/home-decor.jpg?fit=650%2C467&ssl=1\"},\"articleSection\":\"Uncategorized @es\",\"author\":[{\"@type\":\"Person\",\"name\":\"Rebecca Silvestri\"}],\"creator\":[\"Rebecca Silvestri\"],\"publisher\":{\"@type\":\"Organization\",\"name\":\"Casa de Campo Living\",\"logo\":\"https:\\\/\\\/casadecampoliving.com\\\/wp-content\\\/uploads\\\/2022\\\/07\\\/CDCLivingLogo_V1-white-sized.png\"},\"keywords\":[],\"dateCreated\":\"2012-11-01T18:42:07Z\",\"datePublished\":\"2012-11-01T18:42:07Z\",\"dateModified\":\"2022-10-21T21:41:02Z\"}<\/script>","tracker_url":"https:\/\/cdn.parsely.com\/keys\/casadecampoliving.com\/p.js"},"jetpack-related-posts":[{"id":53905,"url":"https:\/\/casadecampoliving.com\/es\/jennypolanco1\/","url_meta":{"origin":60231,"position":0},"title":"Jenny Polanco Project en Altos de Chav\u00f3n:\u00a0espacio de Moda, Arte y\u00a0Artesan\u00eda","author":"Rebecca Silvestri","date":"9 Jul, 2012","format":false,"excerpt":"La tienda de Jenny Polanco que fuera recientemente abierta en Altos de Chav\u00f3n es, posiblemente, el mejor lugar en Casa de Campo (y La Romana) para adquirir \u00fanicas y tradicionales piezas de arte. All\u00ed encontrar\u00e1 artesan\u00edas, genuinas pinturas dominicanas y haitianas, m\u00e1scaras de carnaval, canastas, vasijas, decoraciones de mesa e\u2026","rel":"","context":"Entrada similar","block_context":{"text":"Entrada similar","link":""},"img":{"alt_text":"jenny polanco","src":"https:\/\/i0.wp.com\/casadecampoliving.com\/wp-content\/uploads\/2012\/07\/jenny_polanco.jpg?fit=650%2C388&ssl=1&resize=350%2C200","width":350,"height":200,"srcset":"https:\/\/i0.wp.com\/casadecampoliving.com\/wp-content\/uploads\/2012\/07\/jenny_polanco.jpg?fit=650%2C388&ssl=1&resize=350%2C200 1x, https:\/\/i0.wp.com\/casadecampoliving.com\/wp-content\/uploads\/2012\/07\/jenny_polanco.jpg?fit=650%2C388&ssl=1&resize=525%2C300 1.5x"},"classes":[]},{"id":54296,"url":"https:\/\/casadecampoliving.com\/es\/jenny-polanco\/","url_meta":{"origin":60231,"position":1},"title":"Jenny Polanco, dise\u00f1adora dominicana","author":"","date":"18 Jul, 2012","format":false,"excerpt":"Para los fashionistas y amantes de las compras en Casa de Campo, los fabulosos dise\u00f1os, carteras y joyas de Jenny Polanco, ofrecen la mezcla perfecta de lo \u201cCaribe\u00f1o chic\u201d y pueden ser hallados en sus tiendas en la Marina Casa de Campo, Altos de Chav\u00f3n\u00a0y\u00a0Santo Domingo (ver debajo los detalles).\u2026","rel":"","context":"Entrada similar","block_context":{"text":"Entrada similar","link":""},"img":{"alt_text":"jenny polanco","src":"https:\/\/i0.wp.com\/casadecampoliving.com\/wp-content\/uploads\/2012\/07\/jenny_polanco7.jpg?fit=650%2C327&ssl=1&resize=350%2C200","width":350,"height":200,"srcset":"https:\/\/i0.wp.com\/casadecampoliving.com\/wp-content\/uploads\/2012\/07\/jenny_polanco7.jpg?fit=650%2C327&ssl=1&resize=350%2C200 1x, https:\/\/i0.wp.com\/casadecampoliving.com\/wp-content\/uploads\/2012\/07\/jenny_polanco7.jpg?fit=650%2C327&ssl=1&resize=525%2C300 1.5x"},"classes":[]},{"id":42860,"url":"https:\/\/casadecampoliving.com\/es\/altosdechavon-2\/","url_meta":{"origin":60231,"position":2},"title":"Altos de Chav\u00f3n","author":"Rebecca Silvestri","date":"25 Jul, 2012","format":false,"excerpt":"Completado en 1982, Altos de Chav\u00f3n es una r\u00e9plica de una villa mediterr\u00e1nea del siglo XVI, ubicado dentro del Resort Casa de Campo. Con vistas al R\u00edo Chav\u00f3n, Altos de Chav\u00f3n es una de las \u00e1reas m\u00e1s hermosas de Casa de Campo, visitada por cientos de turistas a diario, provenientes\u2026","rel":"","context":"Entrada similar","block_context":{"text":"Entrada similar","link":""},"img":{"alt_text":"altos de chavon","src":"https:\/\/i0.wp.com\/casadecampoliving.com\/wp-content\/uploads\/2012\/07\/altos_de_chavon4.jpg?fit=650%2C345&ssl=1&resize=350%2C200","width":350,"height":200,"srcset":"https:\/\/i0.wp.com\/casadecampoliving.com\/wp-content\/uploads\/2012\/07\/altos_de_chavon4.jpg?fit=650%2C345&ssl=1&resize=350%2C200 1x, https:\/\/i0.wp.com\/casadecampoliving.com\/wp-content\/uploads\/2012\/07\/altos_de_chavon4.jpg?fit=650%2C345&ssl=1&resize=525%2C300 1.5x"},"classes":[]},{"id":46879,"url":"https:\/\/casadecampoliving.com\/es\/info-2\/compras\/","url_meta":{"origin":60231,"position":3},"title":"Compras","author":"Rebecca Silvestri","date":"20 Mar, 2012","format":false,"excerpt":"Siendo el resort y comunidad de mayor prestigio en el pa\u00eds, las opciones de compras en Casa de Campo giran en torno a los gustos de su distinguida clientela por los dise\u00f1os de playa y resort, al igual que joyas, regalos y accesorios.\u00a0Pero cualquiera que sea su gusto y deseo\u2026","rel":"","context":"Entrada similar","block_context":{"text":"Entrada similar","link":""},"img":{"alt_text":"tienda jenny polanco","src":"https:\/\/i0.wp.com\/casadecampoliving.com\/wp-content\/uploads\/2012\/03\/tienda_jenny_polanco.jpg?fit=650%2C393&ssl=1&resize=350%2C200","width":350,"height":200,"srcset":"https:\/\/i0.wp.com\/casadecampoliving.com\/wp-content\/uploads\/2012\/03\/tienda_jenny_polanco.jpg?fit=650%2C393&ssl=1&resize=350%2C200 1x, https:\/\/i0.wp.com\/casadecampoliving.com\/wp-content\/uploads\/2012\/03\/tienda_jenny_polanco.jpg?fit=650%2C393&ssl=1&resize=525%2C300 1.5x"},"classes":[]},{"id":61222,"url":"https:\/\/casadecampoliving.com\/es\/jr-co\/","url_meta":{"origin":60231,"position":4},"title":"JR &#038; Co.","author":"","date":"4 Dic, 2012","format":false,"excerpt":"Un ambiente \u00fanico por JR & Co.\u00a0 JR & Co.\u00a0 Piezas \u00danicas, Ambientes Extraordinarios Alquileres para eventos \u201cJR & Co. Piezas \u00danicas, Ambientes Extraordinarios\u201d, es una oferta fresca e innovadora. Se trata de una \u201ctienda\u201d de alquileres, con un concepto que va m\u00e1s all\u00e1 de los est\u00e1ndares de \u00e9sta industria.\u2026","rel":"","context":"Entrada similar","block_context":{"text":"Entrada similar","link":""},"img":{"alt_text":"jr co","src":"https:\/\/i0.wp.com\/casadecampoliving.com\/wp-content\/uploads\/2012\/11\/jr_co2.jpg?fit=650%2C375&ssl=1&resize=350%2C200","width":350,"height":200,"srcset":"https:\/\/i0.wp.com\/casadecampoliving.com\/wp-content\/uploads\/2012\/11\/jr_co2.jpg?fit=650%2C375&ssl=1&resize=350%2C200 1x, https:\/\/i0.wp.com\/casadecampoliving.com\/wp-content\/uploads\/2012\/11\/jr_co2.jpg?fit=650%2C375&ssl=1&resize=525%2C300 1.5x"},"classes":[]},{"id":73692,"url":"https:\/\/casadecampoliving.com\/es\/huracanes\/","url_meta":{"origin":60231,"position":5},"title":"Qu\u00e9 hacer en caso de alertas de tormentas y huracanes","author":"Rebecca Silvestri","date":"9 Jul, 2013","format":false,"excerpt":"Si una tormenta o hurac\u00e1n est\u00e1 de camino y no puede dejar el pa\u00eds o el \u00e1rea, esto es lo que deber\u00eda hacer: 1 \u2013 Cortar algunas ramas de los \u00e1rboles cercanos Antes de que se retire su jardinero, aprov\u00e9chelo \u2013 corte las ramas meas grandes y peligrosas de cualquier\u2026","rel":"","context":"Entrada similar","block_context":{"text":"Entrada similar","link":""},"img":{"alt_text":"tropical storm isaac","src":"https:\/\/i0.wp.com\/casadecampoliving.com\/wp-content\/uploads\/2012\/08\/tropical_storm_isaac6.jpg?resize=350%2C200&ssl=1","width":350,"height":200,"srcset":"https:\/\/i0.wp.com\/casadecampoliving.com\/wp-content\/uploads\/2012\/08\/tropical_storm_isaac6.jpg?resize=350%2C200&ssl=1 1x, https:\/\/i0.wp.com\/casadecampoliving.com\/wp-content\/uploads\/2012\/08\/tropical_storm_isaac6.jpg?resize=525%2C300&ssl=1 1.5x"},"classes":[]}],"jetpack_sharing_enabled":true,"_links":{"self":[{"href":"https:\/\/casadecampoliving.com\/es\/wp-json\/wp\/v2\/pages\/60231","targetHints":{"allow":["GET"]}}],"collection":[{"href":"https:\/\/casadecampoliving.com\/es\/wp-json\/wp\/v2\/pages"}],"about":[{"href":"https:\/\/casadecampoliving.com\/es\/wp-json\/wp\/v2\/types\/page"}],"author":[{"embeddable":true,"href":"https:\/\/casadecampoliving.com\/es\/wp-json\/wp\/v2\/users\/31"}],"replies":[{"embeddable":true,"href":"https:\/\/casadecampoliving.com\/es\/wp-json\/wp\/v2\/comments?post=60231"}],"version-history":[{"count":0,"href":"https:\/\/casadecampoliving.com\/es\/wp-json\/wp\/v2\/pages\/60231\/revisions"}],"wp:featuredmedia":[{"embeddable":true,"href":"https:\/\/casadecampoliving.com\/es\/wp-json\/wp\/v2\/media\/60076"}],"wp:attachment":[{"href":"https:\/\/casadecampoliving.com\/es\/wp-json\/wp\/v2\/media?parent=60231"}],"wp:term":[{"taxonomy":"newspack_spnsrs_tax","embeddable":true,"href":"https:\/\/casadecampoliving.com\/es\/wp-json\/wp\/v2\/newspack_spnsrs_tax?post=60231"}],"curies":[{"name":"wp","href":"https:\/\/api.w.org\/{rel}","templated":true}]}}