{"id":59584,"date":"2012-10-18T15:19:32","date_gmt":"2012-10-18T19:19:32","guid":{"rendered":"http:\/\/casadecampoliving.com\/?page_id=59584"},"modified":"2022-10-21T17:40:56","modified_gmt":"2022-10-21T21:40:56","slug":"centro-ecuestre","status":"publish","type":"page","link":"https:\/\/casadecampoliving.com\/es\/centro-ecuestre\/","title":{"rendered":"El Centro Ecuestre de Casa de Campo (El Dude Ranch)"},"content":{"rendered":"<div class=\"wp-block-image\">\n<figure class=\"aligncenter is-resized\"><img loading=\"lazy\" decoding=\"async\" src=\"https:\/\/i0.wp.com\/casadecampoliving-wp.s3-accelerate.amazonaws.com\/2012\/07\/casa_de_campo_horse_riding.jpg?resize=585%2C337&amp;ssl=1\" alt=\"casa de campo horse riding\" class=\"wp-image-54923\" title=\"casa_de_campo_horse_riding\" height=\"337\" width=\"585\" srcset=\"https:\/\/i0.wp.com\/casadecampoliving.com\/wp-content\/uploads\/2012\/07\/casa_de_campo_horse_riding.jpg?w=585&amp;ssl=1 585w, https:\/\/i0.wp.com\/casadecampoliving.com\/wp-content\/uploads\/2012\/07\/casa_de_campo_horse_riding.jpg?resize=300%2C172&amp;ssl=1 300w, https:\/\/i0.wp.com\/casadecampoliving-wp.s3-accelerate.amazonaws.com\/2012\/07\/casa_de_campo_horse_riding.jpg?w=370 370w, https:\/\/i0.wp.com\/casadecampoliving-wp.s3-accelerate.amazonaws.com\/2012\/07\/casa_de_campo_horse_riding.jpg?w=400 400w\" sizes=\"auto, (max-width: 585px) 100vw, 585px\" \/><\/figure>\n<\/div>\n\n\n<p>El Centro Ecuestre de Casa de Campo cuida de ponies y caballos de residentes del complejo, pero tambien ofrece cabalgatas y clases de equitaci\u00f3n incluyendo saltos.<\/p>\n\n\n\n<p><strong>Horario:<\/strong> 8am \u2013 6pm<\/p>\n\n\n\n<p><strong>Tel:&nbsp;<\/strong>(809) 523-5249<\/p>\n\n\n\n<p><strong>Paseo a Caballo dentro del resort<\/strong><br>\n\u2022 30 min: US$29 \u2022 1h: US$56 \u2022 2h: US$88<\/p>\n\n\n\n<p><strong>Paseo a Caballo fuera del resort<br>\n<\/strong>Exploraciones de 2 horas de la naturaleza cercana en el Rancho Peligro.<br>\nDisponible: Jueves, viernes y s\u00e1bado. M\u00ednimo de 4 personas, desde US$110 p\/p.<\/p>\n\n\n\n<p><strong>Clases de equitaci\u00f3n<\/strong><br>\n\u2022 30 min: US$55 \u2022 1 h: US$88<\/p>\n\n\n\n<p><strong>Paseos en Pony&nbsp;<\/strong>(para ni\u00f1os menores de 7 a\u00f1os)<br>\n\u2022 &nbsp;30 min: US$24<\/p>\n","protected":false},"excerpt":{"rendered":"<p>El Centro Ecuestre de Casa de Campo cuida de ponies y caballos de residentes del complejo, pero tambien ofrece cabalgatas y clases de equitaci\u00f3n incluyendo saltos. Horario: 8am \u2013 6pm Tel:&nbsp;(809) 523-5249 Paseo a Caballo dentro del resort \u2022 30 min: US$29 \u2022 1h: US$56 \u2022 2h: US$88 Paseo a Caballo fuera del resort Exploraciones [&hellip;]<\/p>\n","protected":false},"author":31,"featured_media":0,"parent":0,"menu_order":0,"comment_status":"closed","ping_status":"closed","template":"","meta":{"newspack_ads_suppress_ads":false,"newspack_popups_has_disabled_popups":false,"newspack_sponsor_sponsorship_scope":"","newspack_sponsor_native_byline_display":"inherit","newspack_sponsor_native_category_display":"inherit","newspack_sponsor_underwriter_style":"inherit","newspack_sponsor_underwriter_placement":"inherit","newspack_featured_image_position":"","newspack_hide_page_title":false,"newspack_show_share_buttons":false,"footnotes":""},"newspack_spnsrs_tax":[],"class_list":["post-59584","page","type-page","status-publish","hentry","entry"],"yoast_head":"<!-- This site is optimized with the Yoast SEO plugin v27.1.1 - https:\/\/yoast.com\/product\/yoast-seo-wordpress\/ -->\n<title>El Centro Ecuestre de Casa de Campo (El Dude Ranch) | Casa de Campo Living<\/title>\n<meta name=\"description\" content=\"El Centro Ecuestre de Casa de Campo cuida de ponies y caballos de residentes del complejo, pero tambien ofrece cabalgatas y clases de equitaci\u00f3n\" \/>\n<meta name=\"robots\" content=\"index, follow, max-snippet:-1, max-image-preview:large, max-video-preview:-1\" \/>\n<link rel=\"canonical\" href=\"https:\/\/casadecampoliving.com\/es\/centro-ecuestre\/\" \/>\n<meta property=\"og:locale\" content=\"es_ES\" \/>\n<meta property=\"og:type\" content=\"article\" \/>\n<meta property=\"og:title\" content=\"El Centro Ecuestre de Casa de Campo (El Dude Ranch) | Casa de Campo Living\" \/>\n<meta property=\"og:description\" content=\"El Centro Ecuestre de Casa de Campo cuida de ponies y caballos de residentes del complejo, pero tambien ofrece cabalgatas y clases de equitaci\u00f3n\" \/>\n<meta property=\"og:url\" content=\"https:\/\/casadecampoliving.com\/es\/centro-ecuestre\/\" \/>\n<meta property=\"og:site_name\" content=\"Casa de Campo Living\" \/>\n<meta property=\"article:publisher\" content=\"https:\/\/www.facebook.com\/casadecampoliving\" \/>\n<meta property=\"article:modified_time\" content=\"2022-10-21T21:40:56+00:00\" \/>\n<meta property=\"og:image\" content=\"https:\/\/casadecampoliving-wp.s3-accelerate.amazonaws.com\/2012\/07\/casa_de_campo_horse_riding.jpg\" \/>\n<meta name=\"twitter:card\" content=\"summary_large_image\" \/>\n<meta name=\"twitter:site\" content=\"@cdcliving\" \/>\n<script type=\"application\/ld+json\" class=\"yoast-schema-graph\">{\"@context\":\"https:\/\/schema.org\",\"@graph\":[{\"@type\":\"WebPage\",\"@id\":\"https:\/\/casadecampoliving.com\/es\/centro-ecuestre\/\",\"url\":\"https:\/\/casadecampoliving.com\/es\/centro-ecuestre\/\",\"name\":\"El Centro Ecuestre de Casa de Campo (El Dude Ranch) | Casa de Campo Living\",\"isPartOf\":{\"@id\":\"https:\/\/casadecampoliving.com\/es\/#website\"},\"primaryImageOfPage\":{\"@id\":\"https:\/\/casadecampoliving.com\/es\/centro-ecuestre\/#primaryimage\"},\"image\":{\"@id\":\"https:\/\/casadecampoliving.com\/es\/centro-ecuestre\/#primaryimage\"},\"thumbnailUrl\":\"https:\/\/i0.wp.com\/casadecampoliving-wp.s3-accelerate.amazonaws.com\/2012\/07\/casa_de_campo_horse_riding.jpg?resize=585%2C337&amp;ssl=1\",\"datePublished\":\"2012-10-18T19:19:32+00:00\",\"dateModified\":\"2022-10-21T21:40:56+00:00\",\"description\":\"El Centro Ecuestre de Casa de Campo cuida de ponies y caballos de residentes del complejo, pero tambien ofrece cabalgatas y clases de equitaci\u00f3n\",\"breadcrumb\":{\"@id\":\"https:\/\/casadecampoliving.com\/es\/centro-ecuestre\/#breadcrumb\"},\"inLanguage\":\"es\",\"potentialAction\":[{\"@type\":\"ReadAction\",\"target\":[\"https:\/\/casadecampoliving.com\/es\/centro-ecuestre\/\"]}]},{\"@type\":\"ImageObject\",\"inLanguage\":\"es\",\"@id\":\"https:\/\/casadecampoliving.com\/es\/centro-ecuestre\/#primaryimage\",\"url\":\"https:\/\/i0.wp.com\/casadecampoliving-wp.s3-accelerate.amazonaws.com\/2012\/07\/casa_de_campo_horse_riding.jpg?resize=585%2C337&amp;ssl=1\",\"contentUrl\":\"https:\/\/i0.wp.com\/casadecampoliving-wp.s3-accelerate.amazonaws.com\/2012\/07\/casa_de_campo_horse_riding.jpg?resize=585%2C337&amp;ssl=1\"},{\"@type\":\"BreadcrumbList\",\"@id\":\"https:\/\/casadecampoliving.com\/es\/centro-ecuestre\/#breadcrumb\",\"itemListElement\":[{\"@type\":\"ListItem\",\"position\":1,\"name\":\"Home\",\"item\":\"https:\/\/casadecampoliving.com\/es\/\"},{\"@type\":\"ListItem\",\"position\":2,\"name\":\"El Centro Ecuestre de Casa de Campo (El Dude Ranch)\"}]},{\"@type\":\"WebSite\",\"@id\":\"https:\/\/casadecampoliving.com\/es\/#website\",\"url\":\"https:\/\/casadecampoliving.com\/es\/\",\"name\":\"Casa de Campo Living\",\"description\":\"Resort community news and resources.\",\"publisher\":{\"@id\":\"https:\/\/casadecampoliving.com\/es\/#organization\"},\"potentialAction\":[{\"@type\":\"SearchAction\",\"target\":{\"@type\":\"EntryPoint\",\"urlTemplate\":\"https:\/\/casadecampoliving.com\/es\/?s={search_term_string}\"},\"query-input\":{\"@type\":\"PropertyValueSpecification\",\"valueRequired\":true,\"valueName\":\"search_term_string\"}}],\"inLanguage\":\"es\"},{\"@type\":\"Organization\",\"@id\":\"https:\/\/casadecampoliving.com\/es\/#organization\",\"name\":\"Casa de Campo Living\",\"url\":\"https:\/\/casadecampoliving.com\/es\/\",\"logo\":{\"@type\":\"ImageObject\",\"inLanguage\":\"es\",\"@id\":\"https:\/\/casadecampoliving.com\/es\/#\/schema\/logo\/image\/\",\"url\":\"https:\/\/i0.wp.com\/casadecampoliving.com\/wp-content\/uploads\/2022\/07\/CDCLivingLogo_V1-white-sized.png?fit=800%2C214&ssl=1\",\"contentUrl\":\"https:\/\/i0.wp.com\/casadecampoliving.com\/wp-content\/uploads\/2022\/07\/CDCLivingLogo_V1-white-sized.png?fit=800%2C214&ssl=1\",\"width\":800,\"height\":214,\"caption\":\"Casa de Campo Living\"},\"image\":{\"@id\":\"https:\/\/casadecampoliving.com\/es\/#\/schema\/logo\/image\/\"},\"sameAs\":[\"https:\/\/www.facebook.com\/casadecampoliving\",\"https:\/\/x.com\/cdcliving\"]}]}<\/script>\n<!-- \/ Yoast SEO plugin. -->","yoast_head_json":{"title":"El Centro Ecuestre de Casa de Campo (El Dude Ranch) | Casa de Campo Living","description":"El Centro Ecuestre de Casa de Campo cuida de ponies y caballos de residentes del complejo, pero tambien ofrece cabalgatas y clases de equitaci\u00f3n","robots":{"index":"index","follow":"follow","max-snippet":"max-snippet:-1","max-image-preview":"max-image-preview:large","max-video-preview":"max-video-preview:-1"},"canonical":"https:\/\/casadecampoliving.com\/es\/centro-ecuestre\/","og_locale":"es_ES","og_type":"article","og_title":"El Centro Ecuestre de Casa de Campo (El Dude Ranch) | Casa de Campo Living","og_description":"El Centro Ecuestre de Casa de Campo cuida de ponies y caballos de residentes del complejo, pero tambien ofrece cabalgatas y clases de equitaci\u00f3n","og_url":"https:\/\/casadecampoliving.com\/es\/centro-ecuestre\/","og_site_name":"Casa de Campo Living","article_publisher":"https:\/\/www.facebook.com\/casadecampoliving","article_modified_time":"2022-10-21T21:40:56+00:00","og_image":[{"url":"https:\/\/casadecampoliving-wp.s3-accelerate.amazonaws.com\/2012\/07\/casa_de_campo_horse_riding.jpg","type":"","width":"","height":""}],"twitter_card":"summary_large_image","twitter_site":"@cdcliving","schema":{"@context":"https:\/\/schema.org","@graph":[{"@type":"WebPage","@id":"https:\/\/casadecampoliving.com\/es\/centro-ecuestre\/","url":"https:\/\/casadecampoliving.com\/es\/centro-ecuestre\/","name":"El Centro Ecuestre de Casa de Campo (El Dude Ranch) | Casa de Campo Living","isPartOf":{"@id":"https:\/\/casadecampoliving.com\/es\/#website"},"primaryImageOfPage":{"@id":"https:\/\/casadecampoliving.com\/es\/centro-ecuestre\/#primaryimage"},"image":{"@id":"https:\/\/casadecampoliving.com\/es\/centro-ecuestre\/#primaryimage"},"thumbnailUrl":"https:\/\/i0.wp.com\/casadecampoliving-wp.s3-accelerate.amazonaws.com\/2012\/07\/casa_de_campo_horse_riding.jpg?resize=585%2C337&amp;ssl=1","datePublished":"2012-10-18T19:19:32+00:00","dateModified":"2022-10-21T21:40:56+00:00","description":"El Centro Ecuestre de Casa de Campo cuida de ponies y caballos de residentes del complejo, pero tambien ofrece cabalgatas y clases de equitaci\u00f3n","breadcrumb":{"@id":"https:\/\/casadecampoliving.com\/es\/centro-ecuestre\/#breadcrumb"},"inLanguage":"es","potentialAction":[{"@type":"ReadAction","target":["https:\/\/casadecampoliving.com\/es\/centro-ecuestre\/"]}]},{"@type":"ImageObject","inLanguage":"es","@id":"https:\/\/casadecampoliving.com\/es\/centro-ecuestre\/#primaryimage","url":"https:\/\/i0.wp.com\/casadecampoliving-wp.s3-accelerate.amazonaws.com\/2012\/07\/casa_de_campo_horse_riding.jpg?resize=585%2C337&amp;ssl=1","contentUrl":"https:\/\/i0.wp.com\/casadecampoliving-wp.s3-accelerate.amazonaws.com\/2012\/07\/casa_de_campo_horse_riding.jpg?resize=585%2C337&amp;ssl=1"},{"@type":"BreadcrumbList","@id":"https:\/\/casadecampoliving.com\/es\/centro-ecuestre\/#breadcrumb","itemListElement":[{"@type":"ListItem","position":1,"name":"Home","item":"https:\/\/casadecampoliving.com\/es\/"},{"@type":"ListItem","position":2,"name":"El Centro Ecuestre de Casa de Campo (El Dude Ranch)"}]},{"@type":"WebSite","@id":"https:\/\/casadecampoliving.com\/es\/#website","url":"https:\/\/casadecampoliving.com\/es\/","name":"Casa de Campo Living","description":"Resort community news and resources.","publisher":{"@id":"https:\/\/casadecampoliving.com\/es\/#organization"},"potentialAction":[{"@type":"SearchAction","target":{"@type":"EntryPoint","urlTemplate":"https:\/\/casadecampoliving.com\/es\/?s={search_term_string}"},"query-input":{"@type":"PropertyValueSpecification","valueRequired":true,"valueName":"search_term_string"}}],"inLanguage":"es"},{"@type":"Organization","@id":"https:\/\/casadecampoliving.com\/es\/#organization","name":"Casa de Campo Living","url":"https:\/\/casadecampoliving.com\/es\/","logo":{"@type":"ImageObject","inLanguage":"es","@id":"https:\/\/casadecampoliving.com\/es\/#\/schema\/logo\/image\/","url":"https:\/\/i0.wp.com\/casadecampoliving.com\/wp-content\/uploads\/2022\/07\/CDCLivingLogo_V1-white-sized.png?fit=800%2C214&ssl=1","contentUrl":"https:\/\/i0.wp.com\/casadecampoliving.com\/wp-content\/uploads\/2022\/07\/CDCLivingLogo_V1-white-sized.png?fit=800%2C214&ssl=1","width":800,"height":214,"caption":"Casa de Campo Living"},"image":{"@id":"https:\/\/casadecampoliving.com\/es\/#\/schema\/logo\/image\/"},"sameAs":["https:\/\/www.facebook.com\/casadecampoliving","https:\/\/x.com\/cdcliving"]}]}},"parsely":{"version":"1.1.0","canonical_url":"https:\/\/casadecampoliving.com\/es\/centro-ecuestre\/","smart_links":{"inbound":0,"outbound":0},"traffic_boost_suggestions_count":0,"meta":{"@context":"https:\/\/schema.org","@type":"WebPage","headline":"El Centro Ecuestre de Casa de Campo (El Dude Ranch)","url":"http:\/\/casadecampoliving.com\/es\/centro-ecuestre\/","mainEntityOfPage":{"@type":"WebPage","@id":"http:\/\/casadecampoliving.com\/es\/centro-ecuestre\/"},"thumbnailUrl":"","image":{"@type":"ImageObject","url":""},"articleSection":"Uncategorized @es","author":[{"@type":"Person","name":"Rebecca Silvestri"}],"creator":["Rebecca Silvestri"],"publisher":{"@type":"Organization","name":"Casa de Campo Living","logo":"https:\/\/casadecampoliving.com\/wp-content\/uploads\/2022\/07\/CDCLivingLogo_V1-white-sized.png"},"keywords":[],"dateCreated":"2012-10-18T19:19:32Z","datePublished":"2012-10-18T19:19:32Z","dateModified":"2022-10-21T21:40:56Z"},"rendered":"<script type=\"application\/ld+json\" class=\"wp-parsely-metadata\">{\"@context\":\"https:\\\/\\\/schema.org\",\"@type\":\"WebPage\",\"headline\":\"El Centro Ecuestre de Casa de Campo (El Dude Ranch)\",\"url\":\"http:\\\/\\\/casadecampoliving.com\\\/es\\\/centro-ecuestre\\\/\",\"mainEntityOfPage\":{\"@type\":\"WebPage\",\"@id\":\"http:\\\/\\\/casadecampoliving.com\\\/es\\\/centro-ecuestre\\\/\"},\"thumbnailUrl\":\"\",\"image\":{\"@type\":\"ImageObject\",\"url\":\"\"},\"articleSection\":\"Uncategorized @es\",\"author\":[{\"@type\":\"Person\",\"name\":\"Rebecca Silvestri\"}],\"creator\":[\"Rebecca Silvestri\"],\"publisher\":{\"@type\":\"Organization\",\"name\":\"Casa de Campo Living\",\"logo\":\"https:\\\/\\\/casadecampoliving.com\\\/wp-content\\\/uploads\\\/2022\\\/07\\\/CDCLivingLogo_V1-white-sized.png\"},\"keywords\":[],\"dateCreated\":\"2012-10-18T19:19:32Z\",\"datePublished\":\"2012-10-18T19:19:32Z\",\"dateModified\":\"2022-10-21T21:40:56Z\"}<\/script>","tracker_url":"https:\/\/cdn.parsely.com\/keys\/casadecampoliving.com\/p.js"},"jetpack-related-posts":[{"id":54933,"url":"https:\/\/casadecampoliving.com\/es\/deportes\/","url_meta":{"origin":59584,"position":0},"title":"Casa de Campo deportes y actividades","author":"Rebecca Silvestri","date":"24 Jul, 2012","format":false,"excerpt":"En el resort de Casa de Campo hay muchos deportes y actividades para disfrutar: golf, tenis, tiro, paseo en kayak, equitaci\u00f3n, navigaci\u00f3n y m\u00e1s Aqu\u00ed les traemos todas las tarifas y\u00a0informaciones de las varias actividades: Casa de Campo GolfEl resort Casa de Campo cuenta con 90 hoyos dise\u00f1ados por Pete\u2026","rel":"","context":"Entrada similar","block_context":{"text":"Entrada similar","link":""},"img":{"alt_text":"","src":"https:\/\/i0.wp.com\/casadecampoliving.com\/wp-content\/uploads\/2012\/07\/kayak_rio_chavon.jpg?fit=1200%2C955&ssl=1&resize=350%2C200","width":350,"height":200,"srcset":"https:\/\/i0.wp.com\/casadecampoliving.com\/wp-content\/uploads\/2012\/07\/kayak_rio_chavon.jpg?fit=1200%2C955&ssl=1&resize=350%2C200 1x, https:\/\/i0.wp.com\/casadecampoliving.com\/wp-content\/uploads\/2012\/07\/kayak_rio_chavon.jpg?fit=1200%2C955&ssl=1&resize=525%2C300 1.5x, https:\/\/i0.wp.com\/casadecampoliving.com\/wp-content\/uploads\/2012\/07\/kayak_rio_chavon.jpg?fit=1200%2C955&ssl=1&resize=700%2C400 2x, https:\/\/i0.wp.com\/casadecampoliving.com\/wp-content\/uploads\/2012\/07\/kayak_rio_chavon.jpg?fit=1200%2C955&ssl=1&resize=1050%2C600 3x"},"classes":[]},{"id":79200,"url":"https:\/\/casadecampoliving.com\/es\/2013-duenos\/","url_meta":{"origin":59584,"position":1},"title":"Due\u00f1os 2013: 22 &#8211; 23 de noviembre","author":"Rebecca Silvestri","date":"10 Oct, 2013","format":false,"excerpt":"Para los due\u00f1os de villa de Casa de Campo, el fin de semana anual Due\u00f1os, es uno de los mejores del a\u00f1o, es cuando tenemos la oportunidad de experimentar todo lo que Casa de Campo \u201cThe Sporting Life\u201d tiene para ofrecer, y al mismo tiempo conocer a compa\u00f1eros propietarios de\u2026","rel":"","context":"Entrada similar","block_context":{"text":"Entrada similar","link":""},"img":{"alt_text":"alfonso paniagua claudio silvestri","src":"https:\/\/i0.wp.com\/casadecampoliving.com\/wp-content\/uploads\/2012\/11\/alfonso_paniagua_claudio_silvestri.jpg?fit=650%2C436&ssl=1&resize=350%2C200","width":350,"height":200,"srcset":"https:\/\/i0.wp.com\/casadecampoliving.com\/wp-content\/uploads\/2012\/11\/alfonso_paniagua_claudio_silvestri.jpg?fit=650%2C436&ssl=1&resize=350%2C200 1x, https:\/\/i0.wp.com\/casadecampoliving.com\/wp-content\/uploads\/2012\/11\/alfonso_paniagua_claudio_silvestri.jpg?fit=650%2C436&ssl=1&resize=525%2C300 1.5x"},"classes":[]},{"id":59520,"url":"https:\/\/casadecampoliving.com\/es\/excursiones\/","url_meta":{"origin":59584,"position":2},"title":"Excursiones","author":"Rebecca Silvestri","date":"18 Oct, 2012","format":false,"excerpt":"Algunas veces, la mejor manera de explorar TODO lo que hay en las afueras de Casa de Campo es haciendo una excursi\u00f3n \u2013 y ciertamente existen muchas opciones a elegir! Ziplining en Wild RanchWild Ranch es tanto un centro de conservaci\u00f3n como aventura de canopy. Aqu\u00ed su excursi\u00f3n comienza con\u2026","rel":"","context":"Entrada similar","block_context":{"text":"Entrada similar","link":""},"img":{"alt_text":"","src":"https:\/\/i0.wp.com\/casadecampoliving-wp.s3-accelerate.amazonaws.com\/2011\/02\/wild_ranch_dominican_republic_casadecampo9.jpg?resize=350%2C200&ssl=1","width":350,"height":200,"srcset":"https:\/\/i0.wp.com\/casadecampoliving-wp.s3-accelerate.amazonaws.com\/2011\/02\/wild_ranch_dominican_republic_casadecampo9.jpg?resize=350%2C200&ssl=1 1x, https:\/\/i0.wp.com\/casadecampoliving-wp.s3-accelerate.amazonaws.com\/2011\/02\/wild_ranch_dominican_republic_casadecampo9.jpg?resize=525%2C300&ssl=1 1.5x"},"classes":[]},{"id":36319,"url":"https:\/\/casadecampoliving.com\/es\/duenos-2011-2\/","url_meta":{"origin":59584,"position":3},"title":"Due\u00f1os 2011","author":"Rebecca Silvestri","date":"3 Nov, 2011","format":false,"excerpt":"\u201cDue\u00f1os\u201d, el evento anual organizado por Costasur y Casa de Campo es un gran ocasi\u00f3n, cuando los due\u00f1os de villas de Casa de Campo son invitados a disfrutar de las facilidades deportivas de Casa de Campo y una cena bailable. Este a\u00f1o la fiesta Due\u00f1os tendr\u00e1 lugar el s\u00e1bado 5\u2026","rel":"","context":"Entrada similar","block_context":{"text":"Entrada similar","link":""},"img":{"alt_text":"duenos casa de campo","src":"https:\/\/i0.wp.com\/casadecampoliving.com\/wp-content\/uploads\/2011\/10\/duenos_casa_de_campo1.jpg?resize=350%2C200&ssl=1","width":350,"height":200,"srcset":"https:\/\/i0.wp.com\/casadecampoliving.com\/wp-content\/uploads\/2011\/10\/duenos_casa_de_campo1.jpg?resize=350%2C200&ssl=1 1x, https:\/\/i0.wp.com\/casadecampoliving.com\/wp-content\/uploads\/2011\/10\/duenos_casa_de_campo1.jpg?resize=525%2C300&ssl=1 1.5x"},"classes":[]},{"id":59508,"url":"https:\/\/casadecampoliving.com\/es\/parque-nacional-del-este\/","url_meta":{"origin":59584,"position":4},"title":"El Parque Nacional del Este","author":"Rebecca Silvestri","date":"18 Oct, 2012","format":false,"excerpt":"El Parque Nacional del Este, ubicado a s\u00f3lo 4 millas en las afueras de Bayahibe \u2013 y en el coraz\u00f3n del \u00e1rea de Bayahibe, es uno de los destinos m\u00e1s populares de la Rep\u00fablica Dominicana \u2013 famoso por sus aguas cristalinas y arena blanca de la isla Saona. Este hermoso\u2026","rel":"","context":"Entrada similar","block_context":{"text":"Entrada similar","link":""},"img":{"alt_text":"canto de la playa","src":"https:\/\/i0.wp.com\/casadecampoliving.com\/wp-content\/uploads\/2012\/10\/canto_de_la_playa.jpg?resize=350%2C200&ssl=1","width":350,"height":200,"srcset":"https:\/\/i0.wp.com\/casadecampoliving.com\/wp-content\/uploads\/2012\/10\/canto_de_la_playa.jpg?resize=350%2C200&ssl=1 1x, https:\/\/i0.wp.com\/casadecampoliving.com\/wp-content\/uploads\/2012\/10\/canto_de_la_playa.jpg?resize=525%2C300&ssl=1 1.5x"},"classes":[]},{"id":42860,"url":"https:\/\/casadecampoliving.com\/es\/altosdechavon-2\/","url_meta":{"origin":59584,"position":5},"title":"Altos de Chav\u00f3n","author":"Rebecca Silvestri","date":"25 Jul, 2012","format":false,"excerpt":"Completado en 1982, Altos de Chav\u00f3n es una r\u00e9plica de una villa mediterr\u00e1nea del siglo XVI, ubicado dentro del Resort Casa de Campo. Con vistas al R\u00edo Chav\u00f3n, Altos de Chav\u00f3n es una de las \u00e1reas m\u00e1s hermosas de Casa de Campo, visitada por cientos de turistas a diario, provenientes\u2026","rel":"","context":"Entrada similar","block_context":{"text":"Entrada similar","link":""},"img":{"alt_text":"altos de chavon","src":"https:\/\/i0.wp.com\/casadecampoliving.com\/wp-content\/uploads\/2012\/07\/altos_de_chavon4.jpg?fit=650%2C345&ssl=1&resize=350%2C200","width":350,"height":200,"srcset":"https:\/\/i0.wp.com\/casadecampoliving.com\/wp-content\/uploads\/2012\/07\/altos_de_chavon4.jpg?fit=650%2C345&ssl=1&resize=350%2C200 1x, https:\/\/i0.wp.com\/casadecampoliving.com\/wp-content\/uploads\/2012\/07\/altos_de_chavon4.jpg?fit=650%2C345&ssl=1&resize=525%2C300 1.5x"},"classes":[]}],"jetpack_sharing_enabled":true,"_links":{"self":[{"href":"https:\/\/casadecampoliving.com\/es\/wp-json\/wp\/v2\/pages\/59584","targetHints":{"allow":["GET"]}}],"collection":[{"href":"https:\/\/casadecampoliving.com\/es\/wp-json\/wp\/v2\/pages"}],"about":[{"href":"https:\/\/casadecampoliving.com\/es\/wp-json\/wp\/v2\/types\/page"}],"author":[{"embeddable":true,"href":"https:\/\/casadecampoliving.com\/es\/wp-json\/wp\/v2\/users\/31"}],"replies":[{"embeddable":true,"href":"https:\/\/casadecampoliving.com\/es\/wp-json\/wp\/v2\/comments?post=59584"}],"version-history":[{"count":0,"href":"https:\/\/casadecampoliving.com\/es\/wp-json\/wp\/v2\/pages\/59584\/revisions"}],"wp:attachment":[{"href":"https:\/\/casadecampoliving.com\/es\/wp-json\/wp\/v2\/media?parent=59584"}],"wp:term":[{"taxonomy":"newspack_spnsrs_tax","embeddable":true,"href":"https:\/\/casadecampoliving.com\/es\/wp-json\/wp\/v2\/newspack_spnsrs_tax?post=59584"}],"curies":[{"name":"wp","href":"https:\/\/api.w.org\/{rel}","templated":true}]}}