{"id":59508,"date":"2012-10-18T11:07:03","date_gmt":"2012-10-18T15:07:03","guid":{"rendered":"http:\/\/casadecampoliving.com\/?page_id=59508"},"modified":"2022-10-21T17:40:36","modified_gmt":"2022-10-21T21:40:36","slug":"parque-nacional-del-este","status":"publish","type":"page","link":"https:\/\/casadecampoliving.com\/es\/parque-nacional-del-este\/","title":{"rendered":"El Parque Nacional del Este"},"content":{"rendered":"<div class=\"wp-block-image\">\n<figure class=\"aligncenter is-resized\"><img loading=\"lazy\" decoding=\"async\" src=\"https:\/\/i0.wp.com\/casadecampoliving-wp.s3-accelerate.amazonaws.com\/2012\/10\/canto_de_la_playa.jpg?resize=650%2C606&amp;ssl=1\" alt=\"canto de la playa\" class=\"wp-image-59555\" title=\"canto_de_la_playa\" height=\"606\" width=\"650\" srcset=\"https:\/\/i0.wp.com\/casadecampoliving.com\/wp-content\/uploads\/2012\/10\/canto_de_la_playa.jpg?w=650&amp;ssl=1 650w, https:\/\/i0.wp.com\/casadecampoliving.com\/wp-content\/uploads\/2012\/10\/canto_de_la_playa.jpg?resize=300%2C279&amp;ssl=1 300w, https:\/\/i0.wp.com\/casadecampoliving-wp.s3-accelerate.amazonaws.com\/2012\/10\/canto_de_la_playa.jpg?w=370 370w, https:\/\/i0.wp.com\/casadecampoliving-wp.s3-accelerate.amazonaws.com\/2012\/10\/canto_de_la_playa.jpg?w=400 400w\" sizes=\"auto, (max-width: 650px) 100vw, 650px\" \/><\/figure>\n<\/div>\n\n\n<p>El Parque Nacional del Este, ubicado a s\u00f3lo 4 millas en las afueras de Bayahibe \u2013 y en el coraz\u00f3n del \u00e1rea de Bayahibe, es uno de los destinos m\u00e1s populares de la Rep\u00fablica Dominicana \u2013 famoso por sus aguas cristalinas y arena blanca de la isla Saona.<\/p>\n\n\n\n<p>Este hermoso Parque Nacional del Este, es una reserva natural desde 1975, que cubre un \u00e1rea de 791.9km2; de la cual el principal territorio es una pen\u00ednsula cubierta por bosques subtropicales secos y h\u00famedos. Esta \u00e1rea que solo fue poblada por los ta\u00ednos, puede ser visitada en Padre Nuestro a pie o a caballo en un paseo ecol\u00f3gico de 1.9km \u2013 haga click aqu\u00ed para m\u00e1s detalles!<\/p>\n\n\n\n<p>Sin embargo, el \u00e1rea m\u00e1s visitada es la mar\u00edtima \u2013 la isla Saona y el \u201cCatuano Strait\u201d, que separa a la isla Saona del \u00e1rea principal. Aqu\u00ed, el mar Caribe de agua cristalina que brilla con el sol, ofrece las mejores fotos y recuerdos caribe\u00f1os a los turistas \u2013 ya sea que elija relajarse en una de sus muchas playas, bucear en los arrecifes o pescar en sus abundantes aguas.<\/p>\n\n\n\n<p>Los siguientes enlaces le referir\u00e1n a las m\u00e1s recientes publicaciones sobre el magn\u00edfico Parque Nacional del Este:<\/p>\n","protected":false},"excerpt":{"rendered":"<p>El Parque Nacional del Este, ubicado a s\u00f3lo 4 millas en las afueras de Bayahibe \u2013 y en el coraz\u00f3n del \u00e1rea de Bayahibe, es uno de los destinos m\u00e1s populares de la Rep\u00fablica Dominicana \u2013 famoso por sus aguas cristalinas y arena blanca de la isla Saona. Este hermoso Parque Nacional del Este, es [&hellip;]<\/p>\n","protected":false},"author":31,"featured_media":0,"parent":0,"menu_order":0,"comment_status":"closed","ping_status":"closed","template":"tag-page.php","meta":{"newspack_ads_suppress_ads":false,"newspack_popups_has_disabled_popups":false,"newspack_sponsor_sponsorship_scope":"","newspack_sponsor_native_byline_display":"inherit","newspack_sponsor_native_category_display":"inherit","newspack_sponsor_underwriter_style":"inherit","newspack_sponsor_underwriter_placement":"inherit","newspack_content_restriction_is_exempt":false,"newspack_featured_image_position":"","newspack_hide_page_title":false,"newspack_show_share_buttons":false,"footnotes":""},"newspack_spnsrs_tax":[],"class_list":["post-59508","page","type-page","status-publish","hentry","entry"],"yoast_head":"<!-- This site is optimized with the Yoast SEO plugin v27.4 - https:\/\/yoast.com\/product\/yoast-seo-wordpress\/ -->\n<title>El Parque Nacional del Este | Casa de Campo Living<\/title>\n<meta name=\"description\" content=\"El Parque Nacional del Este, ubicado a s\u00f3lo 4 millas en las afueras de Bayahibe \u2013 y en el coraz\u00f3n del \u00e1rea de Bayahibe, es uno de los destinos m\u00e1s\" \/>\n<meta name=\"robots\" content=\"index, follow, max-snippet:-1, max-image-preview:large, max-video-preview:-1\" \/>\n<link rel=\"canonical\" href=\"https:\/\/casadecampoliving.com\/es\/parque-nacional-del-este\/\" \/>\n<meta property=\"og:locale\" content=\"es_ES\" \/>\n<meta property=\"og:type\" content=\"article\" \/>\n<meta property=\"og:title\" content=\"El Parque Nacional del Este | Casa de Campo Living\" \/>\n<meta property=\"og:description\" content=\"El Parque Nacional del Este, ubicado a s\u00f3lo 4 millas en las afueras de Bayahibe \u2013 y en el coraz\u00f3n del \u00e1rea de Bayahibe, es uno de los destinos m\u00e1s\" \/>\n<meta property=\"og:url\" content=\"https:\/\/casadecampoliving.com\/es\/parque-nacional-del-este\/\" \/>\n<meta property=\"og:site_name\" content=\"Casa de Campo Living\" \/>\n<meta property=\"article:publisher\" content=\"https:\/\/www.facebook.com\/casadecampoliving\" \/>\n<meta property=\"article:modified_time\" content=\"2022-10-21T21:40:36+00:00\" \/>\n<meta property=\"og:image\" content=\"https:\/\/casadecampoliving-wp.s3-accelerate.amazonaws.com\/2012\/10\/canto_de_la_playa.jpg\" \/>\n<meta name=\"twitter:card\" content=\"summary_large_image\" \/>\n<meta name=\"twitter:site\" content=\"@cdcliving\" \/>\n<meta name=\"twitter:label1\" content=\"Tiempo de lectura\" \/>\n\t<meta name=\"twitter:data1\" content=\"1 minuto\" \/>\n<script type=\"application\/ld+json\" class=\"yoast-schema-graph\">{\"@context\":\"https:\\\/\\\/schema.org\",\"@graph\":[{\"@type\":\"WebPage\",\"@id\":\"https:\\\/\\\/casadecampoliving.com\\\/es\\\/parque-nacional-del-este\\\/\",\"url\":\"https:\\\/\\\/casadecampoliving.com\\\/es\\\/parque-nacional-del-este\\\/\",\"name\":\"El Parque Nacional del Este | Casa de Campo Living\",\"isPartOf\":{\"@id\":\"https:\\\/\\\/casadecampoliving.com\\\/es\\\/#website\"},\"primaryImageOfPage\":{\"@id\":\"https:\\\/\\\/casadecampoliving.com\\\/es\\\/parque-nacional-del-este\\\/#primaryimage\"},\"image\":{\"@id\":\"https:\\\/\\\/casadecampoliving.com\\\/es\\\/parque-nacional-del-este\\\/#primaryimage\"},\"thumbnailUrl\":\"https:\\\/\\\/i0.wp.com\\\/casadecampoliving-wp.s3-accelerate.amazonaws.com\\\/2012\\\/10\\\/canto_de_la_playa.jpg?resize=650%2C606&amp;ssl=1\",\"datePublished\":\"2012-10-18T15:07:03+00:00\",\"dateModified\":\"2022-10-21T21:40:36+00:00\",\"description\":\"El Parque Nacional del Este, ubicado a s\u00f3lo 4 millas en las afueras de Bayahibe \u2013 y en el coraz\u00f3n del \u00e1rea de Bayahibe, es uno de los destinos m\u00e1s\",\"breadcrumb\":{\"@id\":\"https:\\\/\\\/casadecampoliving.com\\\/es\\\/parque-nacional-del-este\\\/#breadcrumb\"},\"inLanguage\":\"es\",\"potentialAction\":[{\"@type\":\"ReadAction\",\"target\":[\"https:\\\/\\\/casadecampoliving.com\\\/es\\\/parque-nacional-del-este\\\/\"]}]},{\"@type\":\"ImageObject\",\"inLanguage\":\"es\",\"@id\":\"https:\\\/\\\/casadecampoliving.com\\\/es\\\/parque-nacional-del-este\\\/#primaryimage\",\"url\":\"https:\\\/\\\/i0.wp.com\\\/casadecampoliving-wp.s3-accelerate.amazonaws.com\\\/2012\\\/10\\\/canto_de_la_playa.jpg?resize=650%2C606&amp;ssl=1\",\"contentUrl\":\"https:\\\/\\\/i0.wp.com\\\/casadecampoliving-wp.s3-accelerate.amazonaws.com\\\/2012\\\/10\\\/canto_de_la_playa.jpg?resize=650%2C606&amp;ssl=1\"},{\"@type\":\"BreadcrumbList\",\"@id\":\"https:\\\/\\\/casadecampoliving.com\\\/es\\\/parque-nacional-del-este\\\/#breadcrumb\",\"itemListElement\":[{\"@type\":\"ListItem\",\"position\":1,\"name\":\"Home\",\"item\":\"https:\\\/\\\/casadecampoliving.com\\\/es\\\/\"},{\"@type\":\"ListItem\",\"position\":2,\"name\":\"El Parque Nacional del Este\"}]},{\"@type\":\"WebSite\",\"@id\":\"https:\\\/\\\/casadecampoliving.com\\\/es\\\/#website\",\"url\":\"https:\\\/\\\/casadecampoliving.com\\\/es\\\/\",\"name\":\"Casa de Campo Living\",\"description\":\"Resort community news and resources.\",\"publisher\":{\"@id\":\"https:\\\/\\\/casadecampoliving.com\\\/es\\\/#organization\"},\"potentialAction\":[{\"@type\":\"SearchAction\",\"target\":{\"@type\":\"EntryPoint\",\"urlTemplate\":\"https:\\\/\\\/casadecampoliving.com\\\/es\\\/?s={search_term_string}\"},\"query-input\":{\"@type\":\"PropertyValueSpecification\",\"valueRequired\":true,\"valueName\":\"search_term_string\"}}],\"inLanguage\":\"es\"},{\"@type\":\"Organization\",\"@id\":\"https:\\\/\\\/casadecampoliving.com\\\/es\\\/#organization\",\"name\":\"Casa de Campo Living\",\"url\":\"https:\\\/\\\/casadecampoliving.com\\\/es\\\/\",\"logo\":{\"@type\":\"ImageObject\",\"inLanguage\":\"es\",\"@id\":\"https:\\\/\\\/casadecampoliving.com\\\/es\\\/#\\\/schema\\\/logo\\\/image\\\/\",\"url\":\"https:\\\/\\\/i0.wp.com\\\/casadecampoliving.com\\\/wp-content\\\/uploads\\\/2022\\\/07\\\/CDCLivingLogo_V1-white-sized.png?fit=800%2C214&ssl=1\",\"contentUrl\":\"https:\\\/\\\/i0.wp.com\\\/casadecampoliving.com\\\/wp-content\\\/uploads\\\/2022\\\/07\\\/CDCLivingLogo_V1-white-sized.png?fit=800%2C214&ssl=1\",\"width\":800,\"height\":214,\"caption\":\"Casa de Campo Living\"},\"image\":{\"@id\":\"https:\\\/\\\/casadecampoliving.com\\\/es\\\/#\\\/schema\\\/logo\\\/image\\\/\"},\"sameAs\":[\"https:\\\/\\\/www.facebook.com\\\/casadecampoliving\",\"https:\\\/\\\/x.com\\\/cdcliving\"]}]}<\/script>\n<!-- \/ Yoast SEO plugin. -->","yoast_head_json":{"title":"El Parque Nacional del Este | Casa de Campo Living","description":"El Parque Nacional del Este, ubicado a s\u00f3lo 4 millas en las afueras de Bayahibe \u2013 y en el coraz\u00f3n del \u00e1rea de Bayahibe, es uno de los destinos m\u00e1s","robots":{"index":"index","follow":"follow","max-snippet":"max-snippet:-1","max-image-preview":"max-image-preview:large","max-video-preview":"max-video-preview:-1"},"canonical":"https:\/\/casadecampoliving.com\/es\/parque-nacional-del-este\/","og_locale":"es_ES","og_type":"article","og_title":"El Parque Nacional del Este | Casa de Campo Living","og_description":"El Parque Nacional del Este, ubicado a s\u00f3lo 4 millas en las afueras de Bayahibe \u2013 y en el coraz\u00f3n del \u00e1rea de Bayahibe, es uno de los destinos m\u00e1s","og_url":"https:\/\/casadecampoliving.com\/es\/parque-nacional-del-este\/","og_site_name":"Casa de Campo Living","article_publisher":"https:\/\/www.facebook.com\/casadecampoliving","article_modified_time":"2022-10-21T21:40:36+00:00","og_image":[{"url":"https:\/\/casadecampoliving-wp.s3-accelerate.amazonaws.com\/2012\/10\/canto_de_la_playa.jpg","type":"","width":"","height":""}],"twitter_card":"summary_large_image","twitter_site":"@cdcliving","twitter_misc":{"Tiempo de lectura":"1 minuto"},"schema":{"@context":"https:\/\/schema.org","@graph":[{"@type":"WebPage","@id":"https:\/\/casadecampoliving.com\/es\/parque-nacional-del-este\/","url":"https:\/\/casadecampoliving.com\/es\/parque-nacional-del-este\/","name":"El Parque Nacional del Este | Casa de Campo Living","isPartOf":{"@id":"https:\/\/casadecampoliving.com\/es\/#website"},"primaryImageOfPage":{"@id":"https:\/\/casadecampoliving.com\/es\/parque-nacional-del-este\/#primaryimage"},"image":{"@id":"https:\/\/casadecampoliving.com\/es\/parque-nacional-del-este\/#primaryimage"},"thumbnailUrl":"https:\/\/i0.wp.com\/casadecampoliving-wp.s3-accelerate.amazonaws.com\/2012\/10\/canto_de_la_playa.jpg?resize=650%2C606&amp;ssl=1","datePublished":"2012-10-18T15:07:03+00:00","dateModified":"2022-10-21T21:40:36+00:00","description":"El Parque Nacional del Este, ubicado a s\u00f3lo 4 millas en las afueras de Bayahibe \u2013 y en el coraz\u00f3n del \u00e1rea de Bayahibe, es uno de los destinos m\u00e1s","breadcrumb":{"@id":"https:\/\/casadecampoliving.com\/es\/parque-nacional-del-este\/#breadcrumb"},"inLanguage":"es","potentialAction":[{"@type":"ReadAction","target":["https:\/\/casadecampoliving.com\/es\/parque-nacional-del-este\/"]}]},{"@type":"ImageObject","inLanguage":"es","@id":"https:\/\/casadecampoliving.com\/es\/parque-nacional-del-este\/#primaryimage","url":"https:\/\/i0.wp.com\/casadecampoliving-wp.s3-accelerate.amazonaws.com\/2012\/10\/canto_de_la_playa.jpg?resize=650%2C606&amp;ssl=1","contentUrl":"https:\/\/i0.wp.com\/casadecampoliving-wp.s3-accelerate.amazonaws.com\/2012\/10\/canto_de_la_playa.jpg?resize=650%2C606&amp;ssl=1"},{"@type":"BreadcrumbList","@id":"https:\/\/casadecampoliving.com\/es\/parque-nacional-del-este\/#breadcrumb","itemListElement":[{"@type":"ListItem","position":1,"name":"Home","item":"https:\/\/casadecampoliving.com\/es\/"},{"@type":"ListItem","position":2,"name":"El Parque Nacional del Este"}]},{"@type":"WebSite","@id":"https:\/\/casadecampoliving.com\/es\/#website","url":"https:\/\/casadecampoliving.com\/es\/","name":"Casa de Campo Living","description":"Resort community news and resources.","publisher":{"@id":"https:\/\/casadecampoliving.com\/es\/#organization"},"potentialAction":[{"@type":"SearchAction","target":{"@type":"EntryPoint","urlTemplate":"https:\/\/casadecampoliving.com\/es\/?s={search_term_string}"},"query-input":{"@type":"PropertyValueSpecification","valueRequired":true,"valueName":"search_term_string"}}],"inLanguage":"es"},{"@type":"Organization","@id":"https:\/\/casadecampoliving.com\/es\/#organization","name":"Casa de Campo Living","url":"https:\/\/casadecampoliving.com\/es\/","logo":{"@type":"ImageObject","inLanguage":"es","@id":"https:\/\/casadecampoliving.com\/es\/#\/schema\/logo\/image\/","url":"https:\/\/i0.wp.com\/casadecampoliving.com\/wp-content\/uploads\/2022\/07\/CDCLivingLogo_V1-white-sized.png?fit=800%2C214&ssl=1","contentUrl":"https:\/\/i0.wp.com\/casadecampoliving.com\/wp-content\/uploads\/2022\/07\/CDCLivingLogo_V1-white-sized.png?fit=800%2C214&ssl=1","width":800,"height":214,"caption":"Casa de Campo Living"},"image":{"@id":"https:\/\/casadecampoliving.com\/es\/#\/schema\/logo\/image\/"},"sameAs":["https:\/\/www.facebook.com\/casadecampoliving","https:\/\/x.com\/cdcliving"]}]}},"parsely":{"version":"1.1.0","canonical_url":"https:\/\/casadecampoliving.com\/es\/parque-nacional-del-este\/","smart_links":{"inbound":0,"outbound":0},"traffic_boost_suggestions_count":0,"meta":{"@context":"https:\/\/schema.org","@type":"WebPage","headline":"El Parque Nacional del Este","url":"http:\/\/casadecampoliving.com\/es\/parque-nacional-del-este\/","mainEntityOfPage":{"@type":"WebPage","@id":"http:\/\/casadecampoliving.com\/es\/parque-nacional-del-este\/"},"thumbnailUrl":"","image":{"@type":"ImageObject","url":""},"articleSection":"Uncategorized @es","author":[{"@type":"Person","name":"Rebecca Silvestri"}],"creator":["Rebecca Silvestri"],"publisher":{"@type":"Organization","name":"Casa de Campo Living","logo":"https:\/\/casadecampoliving.com\/wp-content\/uploads\/2022\/07\/CDCLivingLogo_V1-white-sized.png"},"keywords":[],"dateCreated":"2012-10-18T15:07:03Z","datePublished":"2012-10-18T15:07:03Z","dateModified":"2022-10-21T21:40:36Z"},"rendered":"<script type=\"application\/ld+json\" class=\"wp-parsely-metadata\">{\"@context\":\"https:\\\/\\\/schema.org\",\"@type\":\"WebPage\",\"headline\":\"El Parque Nacional del Este\",\"url\":\"http:\\\/\\\/casadecampoliving.com\\\/es\\\/parque-nacional-del-este\\\/\",\"mainEntityOfPage\":{\"@type\":\"WebPage\",\"@id\":\"http:\\\/\\\/casadecampoliving.com\\\/es\\\/parque-nacional-del-este\\\/\"},\"thumbnailUrl\":\"\",\"image\":{\"@type\":\"ImageObject\",\"url\":\"\"},\"articleSection\":\"Uncategorized @es\",\"author\":[{\"@type\":\"Person\",\"name\":\"Rebecca Silvestri\"}],\"creator\":[\"Rebecca Silvestri\"],\"publisher\":{\"@type\":\"Organization\",\"name\":\"Casa de Campo Living\",\"logo\":\"https:\\\/\\\/casadecampoliving.com\\\/wp-content\\\/uploads\\\/2022\\\/07\\\/CDCLivingLogo_V1-white-sized.png\"},\"keywords\":[],\"dateCreated\":\"2012-10-18T15:07:03Z\",\"datePublished\":\"2012-10-18T15:07:03Z\",\"dateModified\":\"2022-10-21T21:40:36Z\"}<\/script>","tracker_url":"https:\/\/cdn.parsely.com\/keys\/casadecampoliving.com\/p.js"},"jetpack-related-posts":[{"id":55377,"url":"https:\/\/casadecampoliving.com\/es\/padre-nuestro\/","url_meta":{"origin":59508,"position":0},"title":"Explorando Bayahibe: Un paseo por el Parque Nacional del Este en \u00abPadre Nuestro\u00bb","author":"Rebecca Silvestri","date":"31 Jul, 2012","format":false,"excerpt":"Despu\u00e9s de vivir en Casa de Campo, Rep\u00fablica Dominicana por casi cuatro a\u00f1os, pens\u00e9 que era momento de conocer un poco m\u00e1s el pa\u00eds \u2013 y qu\u00e9 mejor que empezar por Bayahibe? Con mi sobrero de exploraci\u00f3n y acompa\u00f1ante fiel, Philip Silvestri, nos dirigimos a Bayahibe a ver qu\u00e9 pod\u00edamos\u2026","rel":"","context":"Entrada similar","block_context":{"text":"Entrada similar","link":""},"img":{"alt_text":"cactus","src":"https:\/\/i0.wp.com\/casadecampoliving.com\/wp-content\/uploads\/2012\/07\/cactus.jpg?resize=350%2C200&ssl=1","width":350,"height":200,"srcset":"https:\/\/i0.wp.com\/casadecampoliving.com\/wp-content\/uploads\/2012\/07\/cactus.jpg?resize=350%2C200&ssl=1 1x, https:\/\/i0.wp.com\/casadecampoliving.com\/wp-content\/uploads\/2012\/07\/cactus.jpg?resize=525%2C300&ssl=1 1.5x"},"classes":[]},{"id":58805,"url":"https:\/\/casadecampoliving.com\/es\/todolrb\/","url_meta":{"origin":59508,"position":1},"title":"TODO La Romana &#8211; Bayahibe","author":"Rebecca Silvestri","date":"5 Oct, 2012","format":false,"excerpt":"\u201cTODO La Romana \u2013 Bayahibe\u201d, es una gu\u00eda biling\u00fce (Ingl\u00e9s \u2013 Espa\u00f1ol) y revista para el destino de La Romana \u2013 Bayahibe, enfoc\u00e1ndose tanto en el turismo nacional como internacional, con el prop\u00f3sito principal de hacer que los visitantes exploren el \u00e1rea fuera de los hoteles \u2013 que tiene tanto\u2026","rel":"","context":"Entrada similar","block_context":{"text":"Entrada similar","link":""},"img":{"alt_text":"todo la romana bayahibe","src":"https:\/\/i0.wp.com\/casadecampoliving.com\/wp-content\/uploads\/2012\/09\/TODOcovers.001.jpg?fit=1024%2C768&ssl=1&resize=350%2C200","width":350,"height":200,"srcset":"https:\/\/i0.wp.com\/casadecampoliving.com\/wp-content\/uploads\/2012\/09\/TODOcovers.001.jpg?fit=1024%2C768&ssl=1&resize=350%2C200 1x, https:\/\/i0.wp.com\/casadecampoliving.com\/wp-content\/uploads\/2012\/09\/TODOcovers.001.jpg?fit=1024%2C768&ssl=1&resize=525%2C300 1.5x, https:\/\/i0.wp.com\/casadecampoliving.com\/wp-content\/uploads\/2012\/09\/TODOcovers.001.jpg?fit=1024%2C768&ssl=1&resize=700%2C400 2x"},"classes":[]},{"id":59199,"url":"https:\/\/casadecampoliving.com\/es\/la-romana-bayahibe\/","url_meta":{"origin":59508,"position":2},"title":"La Romana &#8211; Bayahibe","author":"Rebecca Silvestri","date":"11 Oct, 2012","format":false,"excerpt":"Casa de Campo est\u00e1 situado en el hermoso destino tur\u00edstico conocido como \u201cLa Romana \u2013 Bayahibe\u201d, en la Rep\u00fablica Dominicana. Algunos de nuestros favoritos cosas que hacer y lugares para comer en la zona son: El tropical Cafecito de la Cubana!Haga click aqu\u00ed para leer m\u00e1s! Bayahibe SUP\u00a0 De acuerdo\u2026","rel":"","context":"Entrada similar","block_context":{"text":"Entrada similar","link":""},"img":{"alt_text":"bayahibe sunset","src":"https:\/\/i0.wp.com\/casadecampoliving.com\/wp-content\/uploads\/2012\/10\/bayahibe_sunset.jpg?fit=650%2C488&ssl=1&resize=350%2C200","width":350,"height":200,"srcset":"https:\/\/i0.wp.com\/casadecampoliving.com\/wp-content\/uploads\/2012\/10\/bayahibe_sunset.jpg?fit=650%2C488&ssl=1&resize=350%2C200 1x, https:\/\/i0.wp.com\/casadecampoliving.com\/wp-content\/uploads\/2012\/10\/bayahibe_sunset.jpg?fit=650%2C488&ssl=1&resize=525%2C300 1.5x"},"classes":[]},{"id":59520,"url":"https:\/\/casadecampoliving.com\/es\/excursiones\/","url_meta":{"origin":59508,"position":3},"title":"Excursiones","author":"Rebecca Silvestri","date":"18 Oct, 2012","format":false,"excerpt":"Algunas veces, la mejor manera de explorar TODO lo que hay en las afueras de Casa de Campo es haciendo una excursi\u00f3n \u2013 y ciertamente existen muchas opciones a elegir! Ziplining en Wild RanchWild Ranch es tanto un centro de conservaci\u00f3n como aventura de canopy. Aqu\u00ed su excursi\u00f3n comienza con\u2026","rel":"","context":"Entrada similar","block_context":{"text":"Entrada similar","link":""},"img":{"alt_text":"","src":"https:\/\/i0.wp.com\/casadecampoliving-wp.s3-accelerate.amazonaws.com\/2011\/02\/wild_ranch_dominican_republic_casadecampo9.jpg?resize=350%2C200&ssl=1","width":350,"height":200,"srcset":"https:\/\/i0.wp.com\/casadecampoliving-wp.s3-accelerate.amazonaws.com\/2011\/02\/wild_ranch_dominican_republic_casadecampo9.jpg?resize=350%2C200&ssl=1 1x, https:\/\/i0.wp.com\/casadecampoliving-wp.s3-accelerate.amazonaws.com\/2011\/02\/wild_ranch_dominican_republic_casadecampo9.jpg?resize=525%2C300&ssl=1 1.5x"},"classes":[]},{"id":59483,"url":"https:\/\/casadecampoliving.com\/es\/autopista-del-coral\/","url_meta":{"origin":59508,"position":4},"title":"La Autopista del Coral","author":"Rebecca Silvestri","date":"18 Oct, 2012","format":false,"excerpt":"La Autopista del Coral entre La Romana y Punta Cana, fue inaugurada oficialmente por el Ex Presidente Leonel Fern\u00e1ndez el pasado 8 de agosto, 2012, haciendo m\u00e1s r\u00e1pido, seguro y eficiente, el viaje entre ambos destinos tur\u00edsticos. Como, posiblemente, una de las m\u00e1s importantes y beneficiosas labores realizadas en los\u2026","rel":"","context":"Entrada similar","block_context":{"text":"Entrada similar","link":""},"img":{"alt_text":"autopista del coral","src":"https:\/\/i0.wp.com\/casadecampoliving.com\/wp-content\/uploads\/2012\/09\/autopista_del_coral1.jpg?fit=650%2C367&ssl=1&resize=350%2C200","width":350,"height":200,"srcset":"https:\/\/i0.wp.com\/casadecampoliving.com\/wp-content\/uploads\/2012\/09\/autopista_del_coral1.jpg?fit=650%2C367&ssl=1&resize=350%2C200 1x, https:\/\/i0.wp.com\/casadecampoliving.com\/wp-content\/uploads\/2012\/09\/autopista_del_coral1.jpg?fit=650%2C367&ssl=1&resize=525%2C300 1.5x"},"classes":[]},{"id":47139,"url":"https:\/\/casadecampoliving.com\/es\/sup1\/","url_meta":{"origin":59508,"position":5},"title":"Stand Up Paddle Boarding (SUP)","author":"Rebecca Silvestri","date":"22 Mar, 2012","format":false,"excerpt":"SUP significa, por sus siglas en ingl\u00e9s \u201cStand Up Paddle Boarding\u201d, que b\u00e1sicamente significa tablas que te permiten estar de pie sobre el agua y son asombrosas!! Este nuevo deporte acu\u00e1tico est\u00e1 ahora disponible en las cercan\u00edas de Bayahibe y puede leer acerca de \u00e9l ahora! Siempre en la b\u00fasqueda\u2026","rel":"","context":"Entrada similar","block_context":{"text":"Entrada similar","link":""},"img":{"alt_text":"","src":"https:\/\/i0.wp.com\/casadecampoliving.com\/wp-content\/uploads\/2011\/05\/SUP_bayahibe_casadecampo.jpg?fit=565%2C258&ssl=1&resize=350%2C200","width":350,"height":200,"srcset":"https:\/\/i0.wp.com\/casadecampoliving.com\/wp-content\/uploads\/2011\/05\/SUP_bayahibe_casadecampo.jpg?fit=565%2C258&ssl=1&resize=350%2C200 1x, https:\/\/i0.wp.com\/casadecampoliving.com\/wp-content\/uploads\/2011\/05\/SUP_bayahibe_casadecampo.jpg?fit=565%2C258&ssl=1&resize=525%2C300 1.5x"},"classes":[]}],"jetpack_sharing_enabled":true,"_links":{"self":[{"href":"https:\/\/casadecampoliving.com\/es\/wp-json\/wp\/v2\/pages\/59508","targetHints":{"allow":["GET"]}}],"collection":[{"href":"https:\/\/casadecampoliving.com\/es\/wp-json\/wp\/v2\/pages"}],"about":[{"href":"https:\/\/casadecampoliving.com\/es\/wp-json\/wp\/v2\/types\/page"}],"author":[{"embeddable":true,"href":"https:\/\/casadecampoliving.com\/es\/wp-json\/wp\/v2\/users\/31"}],"replies":[{"embeddable":true,"href":"https:\/\/casadecampoliving.com\/es\/wp-json\/wp\/v2\/comments?post=59508"}],"version-history":[{"count":0,"href":"https:\/\/casadecampoliving.com\/es\/wp-json\/wp\/v2\/pages\/59508\/revisions"}],"wp:attachment":[{"href":"https:\/\/casadecampoliving.com\/es\/wp-json\/wp\/v2\/media?parent=59508"}],"wp:term":[{"taxonomy":"newspack_spnsrs_tax","embeddable":true,"href":"https:\/\/casadecampoliving.com\/es\/wp-json\/wp\/v2\/newspack_spnsrs_tax?post=59508"}],"curies":[{"name":"wp","href":"https:\/\/api.w.org\/{rel}","templated":true}]}}