{"id":59498,"date":"2012-10-18T10:59:24","date_gmt":"2012-10-18T14:59:24","guid":{"rendered":"http:\/\/casadecampoliving.com\/?page_id=59498"},"modified":"2022-10-21T17:40:29","modified_gmt":"2022-10-21T21:40:29","slug":"rio-chavon","status":"publish","type":"page","link":"https:\/\/casadecampoliving.com\/es\/rio-chavon\/","title":{"rendered":"El R\u00edo Chav\u00f3n"},"content":{"rendered":"<div class=\"wp-block-image\">\n<figure class=\"aligncenter is-resized\"><img loading=\"lazy\" decoding=\"async\" src=\"https:\/\/i0.wp.com\/casadecampoliving-wp.s3-accelerate.amazonaws.com\/2012\/10\/rio_chavon2.jpg?resize=650%2C488&amp;ssl=1\" alt=\"rio chavon\" class=\"wp-image-59544\" title=\"rio_chavon\" height=\"488\" width=\"650\" srcset=\"https:\/\/i0.wp.com\/casadecampoliving.com\/wp-content\/uploads\/2012\/10\/rio_chavon2.jpg?w=650&amp;ssl=1 650w, https:\/\/i0.wp.com\/casadecampoliving.com\/wp-content\/uploads\/2012\/10\/rio_chavon2.jpg?resize=300%2C225&amp;ssl=1 300w, https:\/\/i0.wp.com\/casadecampoliving-wp.s3-accelerate.amazonaws.com\/2012\/10\/rio_chavon2.jpg?w=370 370w, https:\/\/i0.wp.com\/casadecampoliving-wp.s3-accelerate.amazonaws.com\/2012\/10\/rio_chavon2.jpg?w=400 400w\" sizes=\"auto, (max-width: 650px) 100vw, 650px\" \/><\/figure>\n<\/div>\n\n\n<p>El magn\u00edfico R\u00edo Chav\u00f3n forma una frontera natural al Este del Resort Casa de Campo, mientras corre hacia el Sur cruzando debajo del campo de golf Dye Fore y Altos de Chav\u00f3n, antes de desembocar en el mar Caribe al lado de la Marina Casa de Campo. El r\u00edo de 63km se origina en la Cordillera Oriental, una de las tres princi- pales zonas monta\u00f1osas de la Rep\u00fablica Dominicana, que en un d\u00eda despejado, puede ser vista desde Altos de Chav\u00f3n.<\/p>\n\n\n\n<p>Famoso por su breve aparici\u00f3n en la pel\u00edcula Apoca- lypse Now rodada en 1979 y tambi\u00e9n por Jurassic Park, filmada en 1993, el R\u00edo Chav\u00f3n es conocido t\u00edpi- camente y admirado desde Altos de Chav\u00f3n. Pero \u00e9ste magn\u00edfico r\u00edo ofrece mucho m\u00e1s que s\u00f3lo una hermosa vista y grandiosas oportunidades para la toma de fotos \u2013 es tambi\u00e9n un abundante y natural h\u00e1bitat para la vida silvestre nativa del pa\u00eds, haci\u00e9ndole un maravilloso lugar para explorar y experimentar la belleza natural y diversi- dad de la Rep\u00fablica Dominicana \u2013 m\u00e1s all\u00e1 de las playas y los campos de golf.<\/p>\n","protected":false},"excerpt":{"rendered":"<p>El magn\u00edfico R\u00edo Chav\u00f3n forma una frontera natural al Este del Resort Casa de Campo, mientras corre hacia el Sur cruzando debajo del campo de golf Dye Fore y Altos de Chav\u00f3n, antes de desembocar en el mar Caribe al lado de la Marina Casa de Campo. El r\u00edo de 63km se origina en la [&hellip;]<\/p>\n","protected":false},"author":31,"featured_media":59544,"parent":0,"menu_order":0,"comment_status":"closed","ping_status":"closed","template":"tag-page.php","meta":{"newspack_ads_suppress_ads":false,"newspack_popups_has_disabled_popups":false,"newspack_sponsor_sponsorship_scope":"","newspack_sponsor_native_byline_display":"inherit","newspack_sponsor_native_category_display":"inherit","newspack_sponsor_underwriter_style":"inherit","newspack_sponsor_underwriter_placement":"inherit","newspack_content_restriction_is_exempt":false,"newspack_featured_image_position":"","newspack_hide_page_title":false,"newspack_show_share_buttons":false,"footnotes":""},"newspack_spnsrs_tax":[],"class_list":["post-59498","page","type-page","status-publish","has-post-thumbnail","hentry","entry"],"yoast_head":"<!-- This site is optimized with the Yoast SEO plugin v27.5 - https:\/\/yoast.com\/product\/yoast-seo-wordpress\/ -->\n<title>El R\u00edo Chav\u00f3n | Casa de Campo Living<\/title>\n<meta name=\"description\" content=\"El magn\u00edfico R\u00edo Chav\u00f3n forma una frontera natural al Este del Resort Casa de Campo, mientras corre hacia el Sur cruzando debajo del campo de golf Dye\" \/>\n<meta name=\"robots\" content=\"index, follow, max-snippet:-1, max-image-preview:large, max-video-preview:-1\" \/>\n<link rel=\"canonical\" href=\"https:\/\/casadecampoliving.com\/es\/rio-chavon\/\" \/>\n<meta property=\"og:locale\" content=\"es_ES\" \/>\n<meta property=\"og:type\" content=\"article\" \/>\n<meta property=\"og:title\" content=\"El R\u00edo Chav\u00f3n | Casa de Campo Living\" \/>\n<meta property=\"og:description\" content=\"El magn\u00edfico R\u00edo Chav\u00f3n forma una frontera natural al Este del Resort Casa de Campo, mientras corre hacia el Sur cruzando debajo del campo de golf Dye\" \/>\n<meta property=\"og:url\" content=\"https:\/\/casadecampoliving.com\/es\/rio-chavon\/\" \/>\n<meta property=\"og:site_name\" content=\"Casa de Campo Living\" \/>\n<meta property=\"article:publisher\" content=\"https:\/\/www.facebook.com\/casadecampoliving\" \/>\n<meta property=\"article:modified_time\" content=\"2022-10-21T21:40:29+00:00\" \/>\n<meta property=\"og:image\" content=\"https:\/\/i0.wp.com\/casadecampoliving.com\/wp-content\/uploads\/2012\/10\/rio_chavon2.jpg?fit=650%2C488&ssl=1\" \/>\n\t<meta property=\"og:image:width\" content=\"650\" \/>\n\t<meta property=\"og:image:height\" content=\"488\" \/>\n\t<meta property=\"og:image:type\" content=\"image\/jpeg\" \/>\n<meta name=\"twitter:card\" content=\"summary_large_image\" \/>\n<meta name=\"twitter:site\" content=\"@cdcliving\" \/>\n<meta name=\"twitter:label1\" content=\"Tiempo de lectura\" \/>\n\t<meta name=\"twitter:data1\" content=\"1 minuto\" \/>\n<script type=\"application\/ld+json\" class=\"yoast-schema-graph\">{\"@context\":\"https:\\\/\\\/schema.org\",\"@graph\":[{\"@type\":\"WebPage\",\"@id\":\"https:\\\/\\\/casadecampoliving.com\\\/es\\\/rio-chavon\\\/\",\"url\":\"https:\\\/\\\/casadecampoliving.com\\\/es\\\/rio-chavon\\\/\",\"name\":\"El R\u00edo Chav\u00f3n | Casa de Campo Living\",\"isPartOf\":{\"@id\":\"https:\\\/\\\/casadecampoliving.com\\\/es\\\/#website\"},\"primaryImageOfPage\":{\"@id\":\"https:\\\/\\\/casadecampoliving.com\\\/es\\\/rio-chavon\\\/#primaryimage\"},\"image\":{\"@id\":\"https:\\\/\\\/casadecampoliving.com\\\/es\\\/rio-chavon\\\/#primaryimage\"},\"thumbnailUrl\":\"https:\\\/\\\/i0.wp.com\\\/casadecampoliving.com\\\/wp-content\\\/uploads\\\/2012\\\/10\\\/rio_chavon2.jpg?fit=650%2C488&ssl=1\",\"datePublished\":\"2012-10-18T14:59:24+00:00\",\"dateModified\":\"2022-10-21T21:40:29+00:00\",\"description\":\"El magn\u00edfico R\u00edo Chav\u00f3n forma una frontera natural al Este del Resort Casa de Campo, mientras corre hacia el Sur cruzando debajo del campo de golf Dye\",\"breadcrumb\":{\"@id\":\"https:\\\/\\\/casadecampoliving.com\\\/es\\\/rio-chavon\\\/#breadcrumb\"},\"inLanguage\":\"es\",\"potentialAction\":[{\"@type\":\"ReadAction\",\"target\":[\"https:\\\/\\\/casadecampoliving.com\\\/es\\\/rio-chavon\\\/\"]}]},{\"@type\":\"ImageObject\",\"inLanguage\":\"es\",\"@id\":\"https:\\\/\\\/casadecampoliving.com\\\/es\\\/rio-chavon\\\/#primaryimage\",\"url\":\"https:\\\/\\\/i0.wp.com\\\/casadecampoliving.com\\\/wp-content\\\/uploads\\\/2012\\\/10\\\/rio_chavon2.jpg?fit=650%2C488&ssl=1\",\"contentUrl\":\"https:\\\/\\\/i0.wp.com\\\/casadecampoliving.com\\\/wp-content\\\/uploads\\\/2012\\\/10\\\/rio_chavon2.jpg?fit=650%2C488&ssl=1\",\"width\":\"650\",\"height\":\"488\",\"caption\":\"rio chavon\"},{\"@type\":\"BreadcrumbList\",\"@id\":\"https:\\\/\\\/casadecampoliving.com\\\/es\\\/rio-chavon\\\/#breadcrumb\",\"itemListElement\":[{\"@type\":\"ListItem\",\"position\":1,\"name\":\"Home\",\"item\":\"https:\\\/\\\/casadecampoliving.com\\\/es\\\/\"},{\"@type\":\"ListItem\",\"position\":2,\"name\":\"El R\u00edo Chav\u00f3n\"}]},{\"@type\":\"WebSite\",\"@id\":\"https:\\\/\\\/casadecampoliving.com\\\/es\\\/#website\",\"url\":\"https:\\\/\\\/casadecampoliving.com\\\/es\\\/\",\"name\":\"Casa de Campo Living\",\"description\":\"Resort community news and resources.\",\"publisher\":{\"@id\":\"https:\\\/\\\/casadecampoliving.com\\\/es\\\/#organization\"},\"potentialAction\":[{\"@type\":\"SearchAction\",\"target\":{\"@type\":\"EntryPoint\",\"urlTemplate\":\"https:\\\/\\\/casadecampoliving.com\\\/es\\\/?s={search_term_string}\"},\"query-input\":{\"@type\":\"PropertyValueSpecification\",\"valueRequired\":true,\"valueName\":\"search_term_string\"}}],\"inLanguage\":\"es\"},{\"@type\":\"Organization\",\"@id\":\"https:\\\/\\\/casadecampoliving.com\\\/es\\\/#organization\",\"name\":\"Casa de Campo Living\",\"url\":\"https:\\\/\\\/casadecampoliving.com\\\/es\\\/\",\"logo\":{\"@type\":\"ImageObject\",\"inLanguage\":\"es\",\"@id\":\"https:\\\/\\\/casadecampoliving.com\\\/es\\\/#\\\/schema\\\/logo\\\/image\\\/\",\"url\":\"https:\\\/\\\/i0.wp.com\\\/casadecampoliving.com\\\/wp-content\\\/uploads\\\/2022\\\/07\\\/CDCLivingLogo_V1-white-sized.png?fit=800%2C214&ssl=1\",\"contentUrl\":\"https:\\\/\\\/i0.wp.com\\\/casadecampoliving.com\\\/wp-content\\\/uploads\\\/2022\\\/07\\\/CDCLivingLogo_V1-white-sized.png?fit=800%2C214&ssl=1\",\"width\":800,\"height\":214,\"caption\":\"Casa de Campo Living\"},\"image\":{\"@id\":\"https:\\\/\\\/casadecampoliving.com\\\/es\\\/#\\\/schema\\\/logo\\\/image\\\/\"},\"sameAs\":[\"https:\\\/\\\/www.facebook.com\\\/casadecampoliving\",\"https:\\\/\\\/x.com\\\/cdcliving\"]}]}<\/script>\n<!-- \/ Yoast SEO plugin. -->","yoast_head_json":{"title":"El R\u00edo Chav\u00f3n | Casa de Campo Living","description":"El magn\u00edfico R\u00edo Chav\u00f3n forma una frontera natural al Este del Resort Casa de Campo, mientras corre hacia el Sur cruzando debajo del campo de golf Dye","robots":{"index":"index","follow":"follow","max-snippet":"max-snippet:-1","max-image-preview":"max-image-preview:large","max-video-preview":"max-video-preview:-1"},"canonical":"https:\/\/casadecampoliving.com\/es\/rio-chavon\/","og_locale":"es_ES","og_type":"article","og_title":"El R\u00edo Chav\u00f3n | Casa de Campo Living","og_description":"El magn\u00edfico R\u00edo Chav\u00f3n forma una frontera natural al Este del Resort Casa de Campo, mientras corre hacia el Sur cruzando debajo del campo de golf Dye","og_url":"https:\/\/casadecampoliving.com\/es\/rio-chavon\/","og_site_name":"Casa de Campo Living","article_publisher":"https:\/\/www.facebook.com\/casadecampoliving","article_modified_time":"2022-10-21T21:40:29+00:00","og_image":[{"width":650,"height":488,"url":"https:\/\/i0.wp.com\/casadecampoliving.com\/wp-content\/uploads\/2012\/10\/rio_chavon2.jpg?fit=650%2C488&ssl=1","type":"image\/jpeg"}],"twitter_card":"summary_large_image","twitter_site":"@cdcliving","twitter_misc":{"Tiempo de lectura":"1 minuto"},"schema":{"@context":"https:\/\/schema.org","@graph":[{"@type":"WebPage","@id":"https:\/\/casadecampoliving.com\/es\/rio-chavon\/","url":"https:\/\/casadecampoliving.com\/es\/rio-chavon\/","name":"El R\u00edo Chav\u00f3n | Casa de Campo Living","isPartOf":{"@id":"https:\/\/casadecampoliving.com\/es\/#website"},"primaryImageOfPage":{"@id":"https:\/\/casadecampoliving.com\/es\/rio-chavon\/#primaryimage"},"image":{"@id":"https:\/\/casadecampoliving.com\/es\/rio-chavon\/#primaryimage"},"thumbnailUrl":"https:\/\/i0.wp.com\/casadecampoliving.com\/wp-content\/uploads\/2012\/10\/rio_chavon2.jpg?fit=650%2C488&ssl=1","datePublished":"2012-10-18T14:59:24+00:00","dateModified":"2022-10-21T21:40:29+00:00","description":"El magn\u00edfico R\u00edo Chav\u00f3n forma una frontera natural al Este del Resort Casa de Campo, mientras corre hacia el Sur cruzando debajo del campo de golf Dye","breadcrumb":{"@id":"https:\/\/casadecampoliving.com\/es\/rio-chavon\/#breadcrumb"},"inLanguage":"es","potentialAction":[{"@type":"ReadAction","target":["https:\/\/casadecampoliving.com\/es\/rio-chavon\/"]}]},{"@type":"ImageObject","inLanguage":"es","@id":"https:\/\/casadecampoliving.com\/es\/rio-chavon\/#primaryimage","url":"https:\/\/i0.wp.com\/casadecampoliving.com\/wp-content\/uploads\/2012\/10\/rio_chavon2.jpg?fit=650%2C488&ssl=1","contentUrl":"https:\/\/i0.wp.com\/casadecampoliving.com\/wp-content\/uploads\/2012\/10\/rio_chavon2.jpg?fit=650%2C488&ssl=1","width":"650","height":"488","caption":"rio chavon"},{"@type":"BreadcrumbList","@id":"https:\/\/casadecampoliving.com\/es\/rio-chavon\/#breadcrumb","itemListElement":[{"@type":"ListItem","position":1,"name":"Home","item":"https:\/\/casadecampoliving.com\/es\/"},{"@type":"ListItem","position":2,"name":"El R\u00edo Chav\u00f3n"}]},{"@type":"WebSite","@id":"https:\/\/casadecampoliving.com\/es\/#website","url":"https:\/\/casadecampoliving.com\/es\/","name":"Casa de Campo Living","description":"Resort community news and resources.","publisher":{"@id":"https:\/\/casadecampoliving.com\/es\/#organization"},"potentialAction":[{"@type":"SearchAction","target":{"@type":"EntryPoint","urlTemplate":"https:\/\/casadecampoliving.com\/es\/?s={search_term_string}"},"query-input":{"@type":"PropertyValueSpecification","valueRequired":true,"valueName":"search_term_string"}}],"inLanguage":"es"},{"@type":"Organization","@id":"https:\/\/casadecampoliving.com\/es\/#organization","name":"Casa de Campo Living","url":"https:\/\/casadecampoliving.com\/es\/","logo":{"@type":"ImageObject","inLanguage":"es","@id":"https:\/\/casadecampoliving.com\/es\/#\/schema\/logo\/image\/","url":"https:\/\/i0.wp.com\/casadecampoliving.com\/wp-content\/uploads\/2022\/07\/CDCLivingLogo_V1-white-sized.png?fit=800%2C214&ssl=1","contentUrl":"https:\/\/i0.wp.com\/casadecampoliving.com\/wp-content\/uploads\/2022\/07\/CDCLivingLogo_V1-white-sized.png?fit=800%2C214&ssl=1","width":800,"height":214,"caption":"Casa de Campo Living"},"image":{"@id":"https:\/\/casadecampoliving.com\/es\/#\/schema\/logo\/image\/"},"sameAs":["https:\/\/www.facebook.com\/casadecampoliving","https:\/\/x.com\/cdcliving"]}]}},"parsely":{"version":"1.1.0","canonical_url":"https:\/\/casadecampoliving.com\/es\/rio-chavon\/","smart_links":{"inbound":0,"outbound":0},"traffic_boost_suggestions_count":0,"meta":{"@context":"https:\/\/schema.org","@type":"WebPage","headline":"El R\u00edo Chav\u00f3n","url":"http:\/\/casadecampoliving.com\/es\/rio-chavon\/","mainEntityOfPage":{"@type":"WebPage","@id":"http:\/\/casadecampoliving.com\/es\/rio-chavon\/"},"thumbnailUrl":"https:\/\/i0.wp.com\/casadecampoliving.com\/wp-content\/uploads\/2012\/10\/rio_chavon2.jpg?resize=150%2C150&ssl=1","image":{"@type":"ImageObject","url":"https:\/\/i0.wp.com\/casadecampoliving.com\/wp-content\/uploads\/2012\/10\/rio_chavon2.jpg?fit=650%2C488&ssl=1"},"articleSection":"Uncategorized @es","author":[{"@type":"Person","name":"Rebecca Silvestri"}],"creator":["Rebecca Silvestri"],"publisher":{"@type":"Organization","name":"Casa de Campo Living","logo":"https:\/\/casadecampoliving.com\/wp-content\/uploads\/2022\/07\/CDCLivingLogo_V1-white-sized.png"},"keywords":[],"dateCreated":"2012-10-18T14:59:24Z","datePublished":"2012-10-18T14:59:24Z","dateModified":"2022-10-21T21:40:29Z"},"rendered":"<script type=\"application\/ld+json\" class=\"wp-parsely-metadata\">{\"@context\":\"https:\\\/\\\/schema.org\",\"@type\":\"WebPage\",\"headline\":\"El R\\u00edo Chav\\u00f3n\",\"url\":\"http:\\\/\\\/casadecampoliving.com\\\/es\\\/rio-chavon\\\/\",\"mainEntityOfPage\":{\"@type\":\"WebPage\",\"@id\":\"http:\\\/\\\/casadecampoliving.com\\\/es\\\/rio-chavon\\\/\"},\"thumbnailUrl\":\"https:\\\/\\\/i0.wp.com\\\/casadecampoliving.com\\\/wp-content\\\/uploads\\\/2012\\\/10\\\/rio_chavon2.jpg?resize=150%2C150&ssl=1\",\"image\":{\"@type\":\"ImageObject\",\"url\":\"https:\\\/\\\/i0.wp.com\\\/casadecampoliving.com\\\/wp-content\\\/uploads\\\/2012\\\/10\\\/rio_chavon2.jpg?fit=650%2C488&ssl=1\"},\"articleSection\":\"Uncategorized @es\",\"author\":[{\"@type\":\"Person\",\"name\":\"Rebecca Silvestri\"}],\"creator\":[\"Rebecca Silvestri\"],\"publisher\":{\"@type\":\"Organization\",\"name\":\"Casa de Campo Living\",\"logo\":\"https:\\\/\\\/casadecampoliving.com\\\/wp-content\\\/uploads\\\/2022\\\/07\\\/CDCLivingLogo_V1-white-sized.png\"},\"keywords\":[],\"dateCreated\":\"2012-10-18T14:59:24Z\",\"datePublished\":\"2012-10-18T14:59:24Z\",\"dateModified\":\"2022-10-21T21:40:29Z\"}<\/script>","tracker_url":"https:\/\/cdn.parsely.com\/keys\/casadecampoliving.com\/p.js"},"jetpack-related-posts":[{"id":42860,"url":"https:\/\/casadecampoliving.com\/es\/altosdechavon-2\/","url_meta":{"origin":59498,"position":0},"title":"Altos de Chav\u00f3n","author":"Rebecca Silvestri","date":"25 Jul, 2012","format":false,"excerpt":"Completado en 1982, Altos de Chav\u00f3n es una r\u00e9plica de una villa mediterr\u00e1nea del siglo XVI, ubicado dentro del Resort Casa de Campo. Con vistas al R\u00edo Chav\u00f3n, Altos de Chav\u00f3n es una de las \u00e1reas m\u00e1s hermosas de Casa de Campo, visitada por cientos de turistas a diario, provenientes\u2026","rel":"","context":"Entrada similar","block_context":{"text":"Entrada similar","link":""},"img":{"alt_text":"altos de chavon","src":"https:\/\/i0.wp.com\/casadecampoliving.com\/wp-content\/uploads\/2012\/07\/altos_de_chavon4.jpg?fit=650%2C345&ssl=1&resize=350%2C200","width":350,"height":200,"srcset":"https:\/\/i0.wp.com\/casadecampoliving.com\/wp-content\/uploads\/2012\/07\/altos_de_chavon4.jpg?fit=650%2C345&ssl=1&resize=350%2C200 1x, https:\/\/i0.wp.com\/casadecampoliving.com\/wp-content\/uploads\/2012\/07\/altos_de_chavon4.jpg?fit=650%2C345&ssl=1&resize=525%2C300 1.5x"},"classes":[]},{"id":55379,"url":"https:\/\/casadecampoliving.com\/es\/datos-curiosos\/","url_meta":{"origin":59498,"position":1},"title":"Datos Curiosos","author":"Rebecca Silvestri","date":"31 Jul, 2012","format":false,"excerpt":"En cada edici\u00f3n de TODO Casa de Campo, la gu\u00eda y revista biling\u00fce oficial de Casa de Campo estar\u00e1 incluyendo una p\u00e1gina con datos curiosos sobre Casa de Campo! Aqu\u00ed les traemos los m\u00e1s recientes \u201cDatos Curiosos\u201d con enlaces que le permitir\u00e1n leer m\u00e1s acerca de cada uno! 1. Michael\u2026","rel":"","context":"Entrada similar","block_context":{"text":"Entrada similar","link":""},"img":{"alt_text":"todo_casa_de_campo","src":"https:\/\/i0.wp.com\/casadecampoliving-wp.s3-accelerate.amazonaws.com\/2012\/07\/Todo_casa_de_campo1.jpg?resize=350%2C200&ssl=1","width":350,"height":200,"srcset":"https:\/\/i0.wp.com\/casadecampoliving-wp.s3-accelerate.amazonaws.com\/2012\/07\/Todo_casa_de_campo1.jpg?resize=350%2C200&ssl=1 1x, https:\/\/i0.wp.com\/casadecampoliving-wp.s3-accelerate.amazonaws.com\/2012\/07\/Todo_casa_de_campo1.jpg?resize=525%2C300&ssl=1 1.5x"},"classes":[]},{"id":59513,"url":"https:\/\/casadecampoliving.com\/es\/atracciones\/","url_meta":{"origin":59498,"position":2},"title":"Atracciones y cosas para hacer en Casa de Campo","author":"Rebecca Silvestri","date":"18 Oct, 2012","format":false,"excerpt":"A\u00fan cuando hay muchas actividades deportivas en las cuales puede participar durante su estad\u00eda en el inmenso Resort Casa de Campo, hay otras incontables opciones de TODO lo que puede disfrutar! Aqu\u00ed algunos de nuestros lugares favoritos para visitar y actividades para hacer en Casa de Campo: Altos de Chav\u00f3nCompletado\u2026","rel":"","context":"Entrada similar","block_context":{"text":"Entrada similar","link":""},"img":{"alt_text":"","src":"https:\/\/i0.wp.com\/casadecampoliving.com\/wp-content\/uploads\/2012\/07\/marina_casa_de_campo6.jpg?fit=1200%2C900&ssl=1&resize=350%2C200","width":350,"height":200,"srcset":"https:\/\/i0.wp.com\/casadecampoliving.com\/wp-content\/uploads\/2012\/07\/marina_casa_de_campo6.jpg?fit=1200%2C900&ssl=1&resize=350%2C200 1x, https:\/\/i0.wp.com\/casadecampoliving.com\/wp-content\/uploads\/2012\/07\/marina_casa_de_campo6.jpg?fit=1200%2C900&ssl=1&resize=525%2C300 1.5x, https:\/\/i0.wp.com\/casadecampoliving.com\/wp-content\/uploads\/2012\/07\/marina_casa_de_campo6.jpg?fit=1200%2C900&ssl=1&resize=700%2C400 2x, https:\/\/i0.wp.com\/casadecampoliving.com\/wp-content\/uploads\/2012\/07\/marina_casa_de_campo6.jpg?fit=1200%2C900&ssl=1&resize=1050%2C600 3x"},"classes":[]},{"id":54961,"url":"https:\/\/casadecampoliving.com\/es\/fin-de-semana\/","url_meta":{"origin":59498,"position":3},"title":"Un fin de semana interesante en Casa de Campo!","author":"Rebecca Silvestri","date":"24 Jul, 2012","format":false,"excerpt":"Con tantas cosas que ver y hacer aqu\u00ed, pensa- mos que necesitar\u00edan un poquito de ayuda para planificar el fin de semana perfecto! [Haga click en los links para m\u00e1s info.] Viernes \u2022 Despu\u00e9s de su viaje, rel\u00e1jese con un masaje en el Casa de Campo Spa. \u2022 Disfrute de\u2026","rel":"","context":"Entrada similar","block_context":{"text":"Entrada similar","link":""},"img":{"alt_text":"palmilla","src":"https:\/\/i0.wp.com\/casadecampoliving.com\/wp-content\/uploads\/2012\/07\/palmilla.jpg?fit=650%2C253&ssl=1&resize=350%2C200","width":350,"height":200,"srcset":"https:\/\/i0.wp.com\/casadecampoliving.com\/wp-content\/uploads\/2012\/07\/palmilla.jpg?fit=650%2C253&ssl=1&resize=350%2C200 1x, https:\/\/i0.wp.com\/casadecampoliving.com\/wp-content\/uploads\/2012\/07\/palmilla.jpg?fit=650%2C253&ssl=1&resize=525%2C300 1.5x"},"classes":[]},{"id":82557,"url":"https:\/\/casadecampoliving.com\/es\/epoca-navidena-altos-de-chavon\/","url_meta":{"origin":59498,"position":4},"title":"Inauguraci\u00f3n de la \u00e9poca navide\u00f1a &#8211; dic. 13","author":"Rebecca Silvestri","date":"7 Dic, 2013","format":false,"excerpt":"Este viernes 13 de diciembre, marcar\u00e1 el inicio oficial de la temporada navide\u00f1a en Casa de Campo, una ocasi\u00f3n la cual ser\u00e1 celebrada en Altos de Chav\u00f3n con la primera aparici\u00f3n de Santa Claus, la ceremonia de encendida del \u00e1rbol navide\u00f1o y hasta un concierto. La celebraci\u00f3n comenzar\u00e1 con la\u2026","rel":"","context":"Entrada similar","block_context":{"text":"Entrada similar","link":""},"img":{"alt_text":"Holidays Altos de Chavon","src":"https:\/\/i0.wp.com\/casadecampoliving.com\/wp-content\/uploads\/2013\/12\/holidays_altos_de_chavon.jpg?fit=650%2C455&ssl=1&resize=350%2C200","width":350,"height":200,"srcset":"https:\/\/i0.wp.com\/casadecampoliving.com\/wp-content\/uploads\/2013\/12\/holidays_altos_de_chavon.jpg?fit=650%2C455&ssl=1&resize=350%2C200 1x, https:\/\/i0.wp.com\/casadecampoliving.com\/wp-content\/uploads\/2013\/12\/holidays_altos_de_chavon.jpg?fit=650%2C455&ssl=1&resize=525%2C300 1.5x"},"classes":[]},{"id":38861,"url":"https:\/\/casadecampoliving.com\/es\/gino-in-trastevere\/","url_meta":{"origin":59498,"position":5},"title":"Gino in Trastevere","author":"Ms. K","date":"29 Nov, 2011","format":false,"excerpt":"Gino in Trastevere es un aut\u00e9ntico restaurante Italiano ubicado en Altos de Chav\u00f3n, con una confortante terraza y una vista impresionante del\u00a0R\u00edo\u00a0Chav\u00f3n y el famoso campo de golf Dye Fore. Gino In Trastevere en Altos de Chav\u00f3n es propiedad de Claudio Angeloni de Italia, perteneciente a la familia que ha\u2026","rel":"","context":"Entrada similar","block_context":{"text":"Entrada similar","link":""},"img":{"alt_text":"gino altos de chavon","src":"https:\/\/i0.wp.com\/casadecampoliving.com\/wp-content\/uploads\/2011\/11\/Gino.jpg?resize=350%2C200&ssl=1","width":350,"height":200,"srcset":"https:\/\/i0.wp.com\/casadecampoliving.com\/wp-content\/uploads\/2011\/11\/Gino.jpg?resize=350%2C200&ssl=1 1x, https:\/\/i0.wp.com\/casadecampoliving.com\/wp-content\/uploads\/2011\/11\/Gino.jpg?resize=525%2C300&ssl=1 1.5x"},"classes":[]}],"jetpack_sharing_enabled":true,"_links":{"self":[{"href":"https:\/\/casadecampoliving.com\/es\/wp-json\/wp\/v2\/pages\/59498","targetHints":{"allow":["GET"]}}],"collection":[{"href":"https:\/\/casadecampoliving.com\/es\/wp-json\/wp\/v2\/pages"}],"about":[{"href":"https:\/\/casadecampoliving.com\/es\/wp-json\/wp\/v2\/types\/page"}],"author":[{"embeddable":true,"href":"https:\/\/casadecampoliving.com\/es\/wp-json\/wp\/v2\/users\/31"}],"replies":[{"embeddable":true,"href":"https:\/\/casadecampoliving.com\/es\/wp-json\/wp\/v2\/comments?post=59498"}],"version-history":[{"count":0,"href":"https:\/\/casadecampoliving.com\/es\/wp-json\/wp\/v2\/pages\/59498\/revisions"}],"wp:featuredmedia":[{"embeddable":true,"href":"https:\/\/casadecampoliving.com\/es\/wp-json\/wp\/v2\/media\/59544"}],"wp:attachment":[{"href":"https:\/\/casadecampoliving.com\/es\/wp-json\/wp\/v2\/media?parent=59498"}],"wp:term":[{"taxonomy":"newspack_spnsrs_tax","embeddable":true,"href":"https:\/\/casadecampoliving.com\/es\/wp-json\/wp\/v2\/newspack_spnsrs_tax?post=59498"}],"curies":[{"name":"wp","href":"https:\/\/api.w.org\/{rel}","templated":true}]}}