{"id":59173,"date":"2012-10-11T17:25:10","date_gmt":"2012-10-11T21:25:10","guid":{"rendered":"http:\/\/casadecampoliving.com\/?page_id=59173"},"modified":"2022-10-21T17:39:45","modified_gmt":"2022-10-21T21:39:45","slug":"cdcpolo","status":"publish","type":"page","link":"https:\/\/casadecampoliving.com\/es\/cdcpolo\/","title":{"rendered":"Casa de Campo Polo Club"},"content":{"rendered":"<div class=\"wp-block-image\">\n<figure class=\"aligncenter is-resized\"><img loading=\"lazy\" decoding=\"async\" src=\"https:\/\/i0.wp.com\/casadecampoliving-wp.s3-accelerate.amazonaws.com\/2012\/10\/casa_de_campo_polo.jpg?resize=650%2C457&amp;ssl=1\" alt=\"casa de campo polo\" class=\"wp-image-59159\" title=\"casa_de_campo_polo\" height=\"457\" width=\"650\" srcset=\"https:\/\/i0.wp.com\/casadecampoliving.com\/wp-content\/uploads\/2012\/10\/casa_de_campo_polo.jpg?w=650&amp;ssl=1 650w, https:\/\/i0.wp.com\/casadecampoliving.com\/wp-content\/uploads\/2012\/10\/casa_de_campo_polo.jpg?resize=300%2C210&amp;ssl=1 300w, https:\/\/i0.wp.com\/casadecampoliving-wp.s3-accelerate.amazonaws.com\/2012\/10\/casa_de_campo_polo.jpg?w=370 370w, https:\/\/i0.wp.com\/casadecampoliving-wp.s3-accelerate.amazonaws.com\/2012\/10\/casa_de_campo_polo.jpg?w=400 400w\" sizes=\"auto, (max-width: 650px) 100vw, 650px\" \/><\/figure>\n<\/div>\n\n\n<p>Durante la temporada de polo, muchos torneos nacionales y internacionales est\u00e1n jugados en los campos de polo de Casa de Campo.<\/p>\n\n\n\n<p><strong>Horario:<\/strong>&nbsp;8am \u2013 5pm<\/p>\n\n\n\n<p><strong>Tel:<\/strong>&nbsp;(809) 523-8951<\/p>\n","protected":false},"excerpt":{"rendered":"<p>Durante la temporada de polo, muchos torneos nacionales y internacionales est\u00e1n jugados en los campos de polo de Casa de Campo. Horario:&nbsp;8am \u2013 5pm Tel:&nbsp;(809) 523-8951<\/p>\n","protected":false},"author":31,"featured_media":59159,"parent":0,"menu_order":0,"comment_status":"closed","ping_status":"closed","template":"tag-page.php","meta":{"newspack_ads_suppress_ads":false,"newspack_popups_has_disabled_popups":false,"newspack_sponsor_sponsorship_scope":"","newspack_sponsor_native_byline_display":"inherit","newspack_sponsor_native_category_display":"inherit","newspack_sponsor_underwriter_style":"inherit","newspack_sponsor_underwriter_placement":"inherit","newspack_content_restriction_is_exempt":false,"newspack_featured_image_position":"","newspack_hide_page_title":false,"newspack_show_share_buttons":false,"footnotes":""},"newspack_spnsrs_tax":[],"class_list":["post-59173","page","type-page","status-publish","has-post-thumbnail","hentry","entry"],"yoast_head":"<!-- This site is optimized with the Yoast SEO plugin v27.4 - https:\/\/yoast.com\/product\/yoast-seo-wordpress\/ -->\n<title>Casa de Campo Polo Club | Casa de Campo Living<\/title>\n<meta name=\"description\" content=\"Durante la temporada de polo, muchos torneos nacionales y internacionales est\u00e1n jugados en los campos de polo de Casa de Campo. Horario:&nbsp;8am \u2013 5pm\" \/>\n<meta name=\"robots\" content=\"index, follow, max-snippet:-1, max-image-preview:large, max-video-preview:-1\" \/>\n<link rel=\"canonical\" href=\"https:\/\/casadecampoliving.com\/es\/cdcpolo\/\" \/>\n<meta property=\"og:locale\" content=\"es_ES\" \/>\n<meta property=\"og:type\" content=\"article\" \/>\n<meta property=\"og:title\" content=\"Casa de Campo Polo Club | Casa de Campo Living\" \/>\n<meta property=\"og:description\" content=\"Durante la temporada de polo, muchos torneos nacionales y internacionales est\u00e1n jugados en los campos de polo de Casa de Campo. Horario:&nbsp;8am \u2013 5pm\" \/>\n<meta property=\"og:url\" content=\"https:\/\/casadecampoliving.com\/es\/cdcpolo\/\" \/>\n<meta property=\"og:site_name\" content=\"Casa de Campo Living\" \/>\n<meta property=\"article:publisher\" content=\"https:\/\/www.facebook.com\/casadecampoliving\" \/>\n<meta property=\"article:modified_time\" content=\"2022-10-21T21:39:45+00:00\" \/>\n<meta property=\"og:image\" content=\"https:\/\/i0.wp.com\/casadecampoliving.com\/wp-content\/uploads\/2012\/10\/casa_de_campo_polo.jpg?fit=650%2C457&ssl=1\" \/>\n\t<meta property=\"og:image:width\" content=\"650\" \/>\n\t<meta property=\"og:image:height\" content=\"457\" \/>\n\t<meta property=\"og:image:type\" content=\"image\/jpeg\" \/>\n<meta name=\"twitter:card\" content=\"summary_large_image\" \/>\n<meta name=\"twitter:site\" content=\"@cdcliving\" \/>\n<script type=\"application\/ld+json\" class=\"yoast-schema-graph\">{\"@context\":\"https:\\\/\\\/schema.org\",\"@graph\":[{\"@type\":\"WebPage\",\"@id\":\"https:\\\/\\\/casadecampoliving.com\\\/es\\\/cdcpolo\\\/\",\"url\":\"https:\\\/\\\/casadecampoliving.com\\\/es\\\/cdcpolo\\\/\",\"name\":\"Casa de Campo Polo Club | Casa de Campo Living\",\"isPartOf\":{\"@id\":\"https:\\\/\\\/casadecampoliving.com\\\/es\\\/#website\"},\"primaryImageOfPage\":{\"@id\":\"https:\\\/\\\/casadecampoliving.com\\\/es\\\/cdcpolo\\\/#primaryimage\"},\"image\":{\"@id\":\"https:\\\/\\\/casadecampoliving.com\\\/es\\\/cdcpolo\\\/#primaryimage\"},\"thumbnailUrl\":\"https:\\\/\\\/i0.wp.com\\\/casadecampoliving.com\\\/wp-content\\\/uploads\\\/2012\\\/10\\\/casa_de_campo_polo.jpg?fit=650%2C457&ssl=1\",\"datePublished\":\"2012-10-11T21:25:10+00:00\",\"dateModified\":\"2022-10-21T21:39:45+00:00\",\"description\":\"Durante la temporada de polo, muchos torneos nacionales y internacionales est\u00e1n jugados en los campos de polo de Casa de Campo. Horario:&nbsp;8am \u2013 5pm\",\"breadcrumb\":{\"@id\":\"https:\\\/\\\/casadecampoliving.com\\\/es\\\/cdcpolo\\\/#breadcrumb\"},\"inLanguage\":\"es\",\"potentialAction\":[{\"@type\":\"ReadAction\",\"target\":[\"https:\\\/\\\/casadecampoliving.com\\\/es\\\/cdcpolo\\\/\"]}]},{\"@type\":\"ImageObject\",\"inLanguage\":\"es\",\"@id\":\"https:\\\/\\\/casadecampoliving.com\\\/es\\\/cdcpolo\\\/#primaryimage\",\"url\":\"https:\\\/\\\/i0.wp.com\\\/casadecampoliving.com\\\/wp-content\\\/uploads\\\/2012\\\/10\\\/casa_de_campo_polo.jpg?fit=650%2C457&ssl=1\",\"contentUrl\":\"https:\\\/\\\/i0.wp.com\\\/casadecampoliving.com\\\/wp-content\\\/uploads\\\/2012\\\/10\\\/casa_de_campo_polo.jpg?fit=650%2C457&ssl=1\",\"width\":\"650\",\"height\":\"457\",\"caption\":\"casa de campo polo\"},{\"@type\":\"BreadcrumbList\",\"@id\":\"https:\\\/\\\/casadecampoliving.com\\\/es\\\/cdcpolo\\\/#breadcrumb\",\"itemListElement\":[{\"@type\":\"ListItem\",\"position\":1,\"name\":\"Home\",\"item\":\"https:\\\/\\\/casadecampoliving.com\\\/es\\\/\"},{\"@type\":\"ListItem\",\"position\":2,\"name\":\"Casa de Campo Polo Club\"}]},{\"@type\":\"WebSite\",\"@id\":\"https:\\\/\\\/casadecampoliving.com\\\/es\\\/#website\",\"url\":\"https:\\\/\\\/casadecampoliving.com\\\/es\\\/\",\"name\":\"Casa de Campo Living\",\"description\":\"Resort community news and resources.\",\"publisher\":{\"@id\":\"https:\\\/\\\/casadecampoliving.com\\\/es\\\/#organization\"},\"potentialAction\":[{\"@type\":\"SearchAction\",\"target\":{\"@type\":\"EntryPoint\",\"urlTemplate\":\"https:\\\/\\\/casadecampoliving.com\\\/es\\\/?s={search_term_string}\"},\"query-input\":{\"@type\":\"PropertyValueSpecification\",\"valueRequired\":true,\"valueName\":\"search_term_string\"}}],\"inLanguage\":\"es\"},{\"@type\":\"Organization\",\"@id\":\"https:\\\/\\\/casadecampoliving.com\\\/es\\\/#organization\",\"name\":\"Casa de Campo Living\",\"url\":\"https:\\\/\\\/casadecampoliving.com\\\/es\\\/\",\"logo\":{\"@type\":\"ImageObject\",\"inLanguage\":\"es\",\"@id\":\"https:\\\/\\\/casadecampoliving.com\\\/es\\\/#\\\/schema\\\/logo\\\/image\\\/\",\"url\":\"https:\\\/\\\/i0.wp.com\\\/casadecampoliving.com\\\/wp-content\\\/uploads\\\/2022\\\/07\\\/CDCLivingLogo_V1-white-sized.png?fit=800%2C214&ssl=1\",\"contentUrl\":\"https:\\\/\\\/i0.wp.com\\\/casadecampoliving.com\\\/wp-content\\\/uploads\\\/2022\\\/07\\\/CDCLivingLogo_V1-white-sized.png?fit=800%2C214&ssl=1\",\"width\":800,\"height\":214,\"caption\":\"Casa de Campo Living\"},\"image\":{\"@id\":\"https:\\\/\\\/casadecampoliving.com\\\/es\\\/#\\\/schema\\\/logo\\\/image\\\/\"},\"sameAs\":[\"https:\\\/\\\/www.facebook.com\\\/casadecampoliving\",\"https:\\\/\\\/x.com\\\/cdcliving\"]}]}<\/script>\n<!-- \/ Yoast SEO plugin. -->","yoast_head_json":{"title":"Casa de Campo Polo Club | Casa de Campo Living","description":"Durante la temporada de polo, muchos torneos nacionales y internacionales est\u00e1n jugados en los campos de polo de Casa de Campo. Horario:&nbsp;8am \u2013 5pm","robots":{"index":"index","follow":"follow","max-snippet":"max-snippet:-1","max-image-preview":"max-image-preview:large","max-video-preview":"max-video-preview:-1"},"canonical":"https:\/\/casadecampoliving.com\/es\/cdcpolo\/","og_locale":"es_ES","og_type":"article","og_title":"Casa de Campo Polo Club | Casa de Campo Living","og_description":"Durante la temporada de polo, muchos torneos nacionales y internacionales est\u00e1n jugados en los campos de polo de Casa de Campo. Horario:&nbsp;8am \u2013 5pm","og_url":"https:\/\/casadecampoliving.com\/es\/cdcpolo\/","og_site_name":"Casa de Campo Living","article_publisher":"https:\/\/www.facebook.com\/casadecampoliving","article_modified_time":"2022-10-21T21:39:45+00:00","og_image":[{"width":650,"height":457,"url":"https:\/\/i0.wp.com\/casadecampoliving.com\/wp-content\/uploads\/2012\/10\/casa_de_campo_polo.jpg?fit=650%2C457&ssl=1","type":"image\/jpeg"}],"twitter_card":"summary_large_image","twitter_site":"@cdcliving","schema":{"@context":"https:\/\/schema.org","@graph":[{"@type":"WebPage","@id":"https:\/\/casadecampoliving.com\/es\/cdcpolo\/","url":"https:\/\/casadecampoliving.com\/es\/cdcpolo\/","name":"Casa de Campo Polo Club | Casa de Campo Living","isPartOf":{"@id":"https:\/\/casadecampoliving.com\/es\/#website"},"primaryImageOfPage":{"@id":"https:\/\/casadecampoliving.com\/es\/cdcpolo\/#primaryimage"},"image":{"@id":"https:\/\/casadecampoliving.com\/es\/cdcpolo\/#primaryimage"},"thumbnailUrl":"https:\/\/i0.wp.com\/casadecampoliving.com\/wp-content\/uploads\/2012\/10\/casa_de_campo_polo.jpg?fit=650%2C457&ssl=1","datePublished":"2012-10-11T21:25:10+00:00","dateModified":"2022-10-21T21:39:45+00:00","description":"Durante la temporada de polo, muchos torneos nacionales y internacionales est\u00e1n jugados en los campos de polo de Casa de Campo. Horario:&nbsp;8am \u2013 5pm","breadcrumb":{"@id":"https:\/\/casadecampoliving.com\/es\/cdcpolo\/#breadcrumb"},"inLanguage":"es","potentialAction":[{"@type":"ReadAction","target":["https:\/\/casadecampoliving.com\/es\/cdcpolo\/"]}]},{"@type":"ImageObject","inLanguage":"es","@id":"https:\/\/casadecampoliving.com\/es\/cdcpolo\/#primaryimage","url":"https:\/\/i0.wp.com\/casadecampoliving.com\/wp-content\/uploads\/2012\/10\/casa_de_campo_polo.jpg?fit=650%2C457&ssl=1","contentUrl":"https:\/\/i0.wp.com\/casadecampoliving.com\/wp-content\/uploads\/2012\/10\/casa_de_campo_polo.jpg?fit=650%2C457&ssl=1","width":"650","height":"457","caption":"casa de campo polo"},{"@type":"BreadcrumbList","@id":"https:\/\/casadecampoliving.com\/es\/cdcpolo\/#breadcrumb","itemListElement":[{"@type":"ListItem","position":1,"name":"Home","item":"https:\/\/casadecampoliving.com\/es\/"},{"@type":"ListItem","position":2,"name":"Casa de Campo Polo Club"}]},{"@type":"WebSite","@id":"https:\/\/casadecampoliving.com\/es\/#website","url":"https:\/\/casadecampoliving.com\/es\/","name":"Casa de Campo Living","description":"Resort community news and resources.","publisher":{"@id":"https:\/\/casadecampoliving.com\/es\/#organization"},"potentialAction":[{"@type":"SearchAction","target":{"@type":"EntryPoint","urlTemplate":"https:\/\/casadecampoliving.com\/es\/?s={search_term_string}"},"query-input":{"@type":"PropertyValueSpecification","valueRequired":true,"valueName":"search_term_string"}}],"inLanguage":"es"},{"@type":"Organization","@id":"https:\/\/casadecampoliving.com\/es\/#organization","name":"Casa de Campo Living","url":"https:\/\/casadecampoliving.com\/es\/","logo":{"@type":"ImageObject","inLanguage":"es","@id":"https:\/\/casadecampoliving.com\/es\/#\/schema\/logo\/image\/","url":"https:\/\/i0.wp.com\/casadecampoliving.com\/wp-content\/uploads\/2022\/07\/CDCLivingLogo_V1-white-sized.png?fit=800%2C214&ssl=1","contentUrl":"https:\/\/i0.wp.com\/casadecampoliving.com\/wp-content\/uploads\/2022\/07\/CDCLivingLogo_V1-white-sized.png?fit=800%2C214&ssl=1","width":800,"height":214,"caption":"Casa de Campo Living"},"image":{"@id":"https:\/\/casadecampoliving.com\/es\/#\/schema\/logo\/image\/"},"sameAs":["https:\/\/www.facebook.com\/casadecampoliving","https:\/\/x.com\/cdcliving"]}]}},"parsely":{"version":"1.1.0","canonical_url":"https:\/\/casadecampoliving.com\/es\/cdcpolo\/","smart_links":{"inbound":0,"outbound":0},"traffic_boost_suggestions_count":0,"meta":{"@context":"https:\/\/schema.org","@type":"WebPage","headline":"Casa de Campo Polo Club","url":"http:\/\/casadecampoliving.com\/es\/cdcpolo\/","mainEntityOfPage":{"@type":"WebPage","@id":"http:\/\/casadecampoliving.com\/es\/cdcpolo\/"},"thumbnailUrl":"https:\/\/i0.wp.com\/casadecampoliving.com\/wp-content\/uploads\/2012\/10\/casa_de_campo_polo.jpg?resize=150%2C150&ssl=1","image":{"@type":"ImageObject","url":"https:\/\/i0.wp.com\/casadecampoliving.com\/wp-content\/uploads\/2012\/10\/casa_de_campo_polo.jpg?fit=650%2C457&ssl=1"},"articleSection":"Uncategorized @es","author":[{"@type":"Person","name":"Rebecca Silvestri"}],"creator":["Rebecca Silvestri"],"publisher":{"@type":"Organization","name":"Casa de Campo Living","logo":"https:\/\/casadecampoliving.com\/wp-content\/uploads\/2022\/07\/CDCLivingLogo_V1-white-sized.png"},"keywords":[],"dateCreated":"2012-10-11T21:25:10Z","datePublished":"2012-10-11T21:25:10Z","dateModified":"2022-10-21T21:39:45Z"},"rendered":"<script type=\"application\/ld+json\" class=\"wp-parsely-metadata\">{\"@context\":\"https:\\\/\\\/schema.org\",\"@type\":\"WebPage\",\"headline\":\"Casa de Campo Polo Club\",\"url\":\"http:\\\/\\\/casadecampoliving.com\\\/es\\\/cdcpolo\\\/\",\"mainEntityOfPage\":{\"@type\":\"WebPage\",\"@id\":\"http:\\\/\\\/casadecampoliving.com\\\/es\\\/cdcpolo\\\/\"},\"thumbnailUrl\":\"https:\\\/\\\/i0.wp.com\\\/casadecampoliving.com\\\/wp-content\\\/uploads\\\/2012\\\/10\\\/casa_de_campo_polo.jpg?resize=150%2C150&ssl=1\",\"image\":{\"@type\":\"ImageObject\",\"url\":\"https:\\\/\\\/i0.wp.com\\\/casadecampoliving.com\\\/wp-content\\\/uploads\\\/2012\\\/10\\\/casa_de_campo_polo.jpg?fit=650%2C457&ssl=1\"},\"articleSection\":\"Uncategorized @es\",\"author\":[{\"@type\":\"Person\",\"name\":\"Rebecca Silvestri\"}],\"creator\":[\"Rebecca Silvestri\"],\"publisher\":{\"@type\":\"Organization\",\"name\":\"Casa de Campo Living\",\"logo\":\"https:\\\/\\\/casadecampoliving.com\\\/wp-content\\\/uploads\\\/2022\\\/07\\\/CDCLivingLogo_V1-white-sized.png\"},\"keywords\":[],\"dateCreated\":\"2012-10-11T21:25:10Z\",\"datePublished\":\"2012-10-11T21:25:10Z\",\"dateModified\":\"2022-10-21T21:39:45Z\"}<\/script>","tracker_url":"https:\/\/cdn.parsely.com\/keys\/casadecampoliving.com\/p.js"},"jetpack-related-posts":[{"id":86620,"url":"https:\/\/casadecampoliving.com\/1-polo-under-the-lights\/","url_meta":{"origin":59173,"position":0},"title":"Polo Under The Lights: Friday May 23rd","author":"Rebecca Silvestri","date":"3 Mar, 2014","format":false,"excerpt":"The next Polo Under The Lights celebration is scheduled for Friday May 23rd. Polo Under The Lights, brought to you by SILGON, Casa de Campo Living and Casa de Campo is\u00a0a casually sophisticated celebration which unites polo, donkey polo and burgers! What could be finer? The concept of Polo under\u2026","rel":"","context":"Entrada similar","block_context":{"text":"Entrada similar","link":""},"img":{"alt_text":"polo Casa de Campo","src":"https:\/\/i0.wp.com\/casadecampoliving.com\/wp-content\/uploads\/2014\/02\/polo_casa_de_campo.jpg?fit=650%2C405&ssl=1&resize=350%2C200","width":350,"height":200,"srcset":"https:\/\/i0.wp.com\/casadecampoliving.com\/wp-content\/uploads\/2014\/02\/polo_casa_de_campo.jpg?fit=650%2C405&ssl=1&resize=350%2C200 1x, https:\/\/i0.wp.com\/casadecampoliving.com\/wp-content\/uploads\/2014\/02\/polo_casa_de_campo.jpg?fit=650%2C405&ssl=1&resize=525%2C300 1.5x"},"classes":[]},{"id":59158,"url":"https:\/\/casadecampoliving.com\/polo\/","url_meta":{"origin":59173,"position":1},"title":"The Casa de Campo Polo Club","author":"Rebecca Silvestri","date":"11 Oct, 2012","format":false,"excerpt":"Throughout polo season the Casa de Campo Polo Club hosts numerous national and international polo tournaments, and also offers polo lessons all year round. Opening Times: 8am \u2013 5pm Tel: (809) 523-895","rel":"","context":"Entrada similar","block_context":{"text":"Entrada similar","link":""},"img":{"alt_text":"casa de campo polo","src":"https:\/\/i0.wp.com\/casadecampoliving.com\/wp-content\/uploads\/2012\/10\/casa_de_campo_polo.jpg?fit=650%2C457&ssl=1&resize=350%2C200","width":350,"height":200,"srcset":"https:\/\/i0.wp.com\/casadecampoliving.com\/wp-content\/uploads\/2012\/10\/casa_de_campo_polo.jpg?fit=650%2C457&ssl=1&resize=350%2C200 1x, https:\/\/i0.wp.com\/casadecampoliving.com\/wp-content\/uploads\/2012\/10\/casa_de_campo_polo.jpg?fit=650%2C457&ssl=1&resize=525%2C300 1.5x"},"classes":[]},{"id":86628,"url":"https:\/\/casadecampoliving.com\/es\/polo-under-the-lights-2\/","url_meta":{"origin":59173,"position":2},"title":"Polo Under The Lights &#8211; viernes 23 de mayo","author":"Rebecca Silvestri","date":"3 Mar, 2014","format":false,"excerpt":"El pr\u00f3xima celebraci\u00f3n de Polo Bajo Luces est\u00e1 pactado para el viernes 23 de mayo. El Polo Bajo Luces traido a ustedes por SILGON, Casa de Campo Living y Casa de Campo es\u00a0una sofisticada celebraci\u00f3n casual, la cual combina polo, polo en burro y hamburguesas! \u00bfQu\u00e9 podr\u00eda ser mejor? El\u2026","rel":"","context":"Entrada similar","block_context":{"text":"Entrada similar","link":""},"img":{"alt_text":"polo Casa de Campo","src":"https:\/\/i0.wp.com\/casadecampoliving.com\/wp-content\/uploads\/2014\/02\/polo_casa_de_campo.jpg?fit=650%2C405&ssl=1&resize=350%2C200","width":350,"height":200,"srcset":"https:\/\/i0.wp.com\/casadecampoliving.com\/wp-content\/uploads\/2014\/02\/polo_casa_de_campo.jpg?fit=650%2C405&ssl=1&resize=350%2C200 1x, https:\/\/i0.wp.com\/casadecampoliving.com\/wp-content\/uploads\/2014\/02\/polo_casa_de_campo.jpg?fit=650%2C405&ssl=1&resize=525%2C300 1.5x"},"classes":[]},{"id":54912,"url":"https:\/\/casadecampoliving.com\/sports\/","url_meta":{"origin":59173,"position":3},"title":"Casa de Campo Sports and Activities","author":"Rebecca Silvestri","date":"24 Jul, 2012","format":false,"excerpt":"Within the Casa de Campo resort there are many sports and activities to enjoy; golf, tennis, shooting, kayaking, horseback riding, sailing and more! Here we bring you an overview of everything Casa de Campo has to offer as well as all the most up-to-date rates and essential information. Casa de\u2026","rel":"","context":"Entrada similar","block_context":{"text":"Entrada similar","link":""},"img":{"alt_text":"golf casa de campo","src":"https:\/\/i0.wp.com\/casadecampoliving-wp.s3-accelerate.amazonaws.com\/2012\/07\/golf_casa_de_campo.jpg?resize=350%2C200&ssl=1","width":350,"height":200,"srcset":"https:\/\/i0.wp.com\/casadecampoliving-wp.s3-accelerate.amazonaws.com\/2012\/07\/golf_casa_de_campo.jpg?resize=350%2C200&ssl=1 1x, https:\/\/i0.wp.com\/casadecampoliving-wp.s3-accelerate.amazonaws.com\/2012\/07\/golf_casa_de_campo.jpg?resize=525%2C300&ssl=1 1.5x"},"classes":[]},{"id":88100,"url":"https:\/\/casadecampoliving.com\/casa-de-campo-copa-semana-santa\/","url_meta":{"origin":59173,"position":4},"title":"10th annual Casa de Campo Copa Semana Santa","author":"Rebecca Silvestri","date":"8 Abr, 2014","format":false,"excerpt":"This Saturday, April 19th from 3pm, the 10th annual Casa de Campo Copa Semana Santa polo tournament, presented by CasaLife magazine, will come to a grand close with the finals and celebration. As has become tradition, the finals will be accompanied by a deluxe spectator area, providing Mo\u00ebt Chandon and\u2026","rel":"","context":"Entrada similar","block_context":{"text":"Entrada similar","link":""},"img":{"alt_text":"polo Casa de Campo Semana Santa","src":"https:\/\/i0.wp.com\/casadecampoliving.com\/wp-content\/uploads\/2014\/04\/polo_casa_de_campo_semana_santa.jpg?fit=650%2C522&ssl=1&resize=350%2C200","width":350,"height":200,"srcset":"https:\/\/i0.wp.com\/casadecampoliving.com\/wp-content\/uploads\/2014\/04\/polo_casa_de_campo_semana_santa.jpg?fit=650%2C522&ssl=1&resize=350%2C200 1x, https:\/\/i0.wp.com\/casadecampoliving.com\/wp-content\/uploads\/2014\/04\/polo_casa_de_campo_semana_santa.jpg?fit=650%2C522&ssl=1&resize=525%2C300 1.5x"},"classes":[]},{"id":88103,"url":"https:\/\/casadecampoliving.com\/es\/10-casa-de-campo-copa-semana-santa\/","url_meta":{"origin":59173,"position":5},"title":"10\u00ba Casa de Campo Copa Semana Santa","author":"Rebecca Silvestri","date":"8 Abr, 2014","format":false,"excerpt":"Este s\u00e1bado, 19 de abril desde las 3pm, ser\u00e1\u00a0la gran clausura de la X Copa de Polo Casa de Campo Semana Santa, presentada por la revista CasaLife, con las finales y la celebraci\u00f3n. La gran final ser\u00e1 llevada a cabo el S\u00e1bado Santo, s\u00e1bado 19 de abril, con juegos pactados\u2026","rel":"","context":"Entrada similar","block_context":{"text":"Entrada similar","link":""},"img":{"alt_text":"polo Casa de Campo Semana Santa","src":"https:\/\/i0.wp.com\/casadecampoliving.com\/wp-content\/uploads\/2014\/04\/polo_casa_de_campo_semana_santa.jpg?fit=650%2C522&ssl=1&resize=350%2C200","width":350,"height":200,"srcset":"https:\/\/i0.wp.com\/casadecampoliving.com\/wp-content\/uploads\/2014\/04\/polo_casa_de_campo_semana_santa.jpg?fit=650%2C522&ssl=1&resize=350%2C200 1x, https:\/\/i0.wp.com\/casadecampoliving.com\/wp-content\/uploads\/2014\/04\/polo_casa_de_campo_semana_santa.jpg?fit=650%2C522&ssl=1&resize=525%2C300 1.5x"},"classes":[]}],"jetpack_sharing_enabled":true,"_links":{"self":[{"href":"https:\/\/casadecampoliving.com\/es\/wp-json\/wp\/v2\/pages\/59173","targetHints":{"allow":["GET"]}}],"collection":[{"href":"https:\/\/casadecampoliving.com\/es\/wp-json\/wp\/v2\/pages"}],"about":[{"href":"https:\/\/casadecampoliving.com\/es\/wp-json\/wp\/v2\/types\/page"}],"author":[{"embeddable":true,"href":"https:\/\/casadecampoliving.com\/es\/wp-json\/wp\/v2\/users\/31"}],"replies":[{"embeddable":true,"href":"https:\/\/casadecampoliving.com\/es\/wp-json\/wp\/v2\/comments?post=59173"}],"version-history":[{"count":0,"href":"https:\/\/casadecampoliving.com\/es\/wp-json\/wp\/v2\/pages\/59173\/revisions"}],"wp:featuredmedia":[{"embeddable":true,"href":"https:\/\/casadecampoliving.com\/es\/wp-json\/wp\/v2\/media\/59159"}],"wp:attachment":[{"href":"https:\/\/casadecampoliving.com\/es\/wp-json\/wp\/v2\/media?parent=59173"}],"wp:term":[{"taxonomy":"newspack_spnsrs_tax","embeddable":true,"href":"https:\/\/casadecampoliving.com\/es\/wp-json\/wp\/v2\/newspack_spnsrs_tax?post=59173"}],"curies":[{"name":"wp","href":"https:\/\/api.w.org\/{rel}","templated":true}]}}