{"id":58805,"date":"2012-10-05T12:04:48","date_gmt":"2012-10-05T16:04:48","guid":{"rendered":"http:\/\/casadecampoliving.com\/?page_id=58805"},"modified":"2022-10-21T17:39:39","modified_gmt":"2022-10-21T21:39:39","slug":"todolrb","status":"publish","type":"page","link":"https:\/\/casadecampoliving.com\/es\/todolrb\/","title":{"rendered":"TODO La Romana &#8211; Bayahibe"},"content":{"rendered":"<div class=\"wp-block-image\">\n<figure class=\"aligncenter is-resized\"><img loading=\"lazy\" decoding=\"async\" src=\"https:\/\/i0.wp.com\/casadecampoliving-wp.s3-accelerate.amazonaws.com\/2012\/09\/TODOcovers.001.jpg?resize=614%2C461&amp;ssl=1\" alt=\"todo la romana bayahibe\" class=\"wp-image-58510\" title=\"TODOcovers.001\" height=\"461\" width=\"614\" srcset=\"https:\/\/i0.wp.com\/casadecampoliving.com\/wp-content\/uploads\/2012\/09\/TODOcovers.001.jpg?w=1024&amp;ssl=1 1024w, https:\/\/i0.wp.com\/casadecampoliving.com\/wp-content\/uploads\/2012\/09\/TODOcovers.001.jpg?resize=300%2C225&amp;ssl=1 300w, https:\/\/i0.wp.com\/casadecampoliving-wp.s3-accelerate.amazonaws.com\/2012\/09\/TODOcovers.001.jpg?w=370 370w, https:\/\/i0.wp.com\/casadecampoliving-wp.s3-accelerate.amazonaws.com\/2012\/09\/TODOcovers.001.jpg?w=400 400w\" sizes=\"auto, (max-width: 614px) 100vw, 614px\" \/><\/figure>\n<\/div>\n\n\n<p>\u201cTODO La Romana \u2013 Bayahibe\u201d, es una gu\u00eda biling\u00fce (Ingl\u00e9s \u2013 Espa\u00f1ol) y revista para el destino de La Romana \u2013 Bayahibe, enfoc\u00e1ndose tanto en el turismo nacional como internacional, con el prop\u00f3sito principal de hacer que los visitantes exploren el \u00e1rea fuera de los hoteles \u2013 que tiene tanto que ofrecer adem\u00e1s del sol, mar y arena y mucho ron dominicano.<\/p>\n\n\n\n<!--more-->\n\n\n\n<p>Dentro de TODO La Romana \u2013 Bayahibe, los turistas disfrutar\u00e1n de gu\u00eda comprensiva de TODO lo que hay por hacer en esta \u00e1rea; desde las exploraciones terrestres, tales como la del Parque Nacional del Este en Padre Nuestro, los tours en buggy, cable, a caballo, golf y mucho m\u00e1s, hasta las acu\u00e1ticas tales como; buceo, snorkeling, viajes en yates e inclusive SUP-ing (Stand Up Paddle Boarding)!<\/p>\n\n\n\n<p>Las primeras 15,000 copias de esta primera edici\u00f3n \u201cTODO La Romana \u2013 Bayahibe\u201d, ser\u00e1 puesta en circulaci\u00f3n en diciembre en todos los hoteles y puntos tur\u00edsticos de La Romana \u2013 Bayah\u00edbe.<\/p>\n\n\n\n<blockquote><figure><img decoding=\"async\" loading=\"lazy\" class=\"alignright  wp-image-58773\" title=\"silgon\" src=\"https:\/\/i0.wp.com\/casadecampoliving-wp.s3-accelerate.amazonaws.com\/2012\/10\/silgon1.jpg?resize=135%2C135&amp;ssl=1\" alt=\"silgon\" width=\"135\" height=\"135\"><\/figure><p><strong>What\u2019s your media stategy?<\/strong><\/p><p>(809) 523-2045<\/p><p>info@silgon.net<\/p><p><a href=\"http:\/\/www.silgon.net\">www.silgon.net<\/a><\/p><\/blockquote>\n","protected":false},"excerpt":{"rendered":"<p>\u201cTODO La Romana \u2013 Bayahibe\u201d, es una gu\u00eda biling\u00fce (Ingl\u00e9s \u2013 Espa\u00f1ol) y revista para el destino de La Romana \u2013 Bayahibe, enfoc\u00e1ndose tanto en el turismo nacional como internacional, con el prop\u00f3sito principal de hacer que los visitantes exploren el \u00e1rea fuera de los hoteles \u2013 que tiene tanto que ofrecer adem\u00e1s del sol, [&hellip;]<\/p>\n","protected":false},"author":31,"featured_media":58510,"parent":0,"menu_order":0,"comment_status":"closed","ping_status":"closed","template":"","meta":{"newspack_ads_suppress_ads":false,"newspack_popups_has_disabled_popups":false,"newspack_sponsor_sponsorship_scope":"","newspack_sponsor_native_byline_display":"inherit","newspack_sponsor_native_category_display":"inherit","newspack_sponsor_underwriter_style":"inherit","newspack_sponsor_underwriter_placement":"inherit","newspack_content_restriction_is_exempt":false,"newspack_featured_image_position":"","newspack_hide_page_title":false,"newspack_show_share_buttons":false,"footnotes":""},"newspack_spnsrs_tax":[],"class_list":["post-58805","page","type-page","status-publish","has-post-thumbnail","hentry","entry"],"yoast_head":"<!-- This site is optimized with the Yoast SEO plugin v27.4 - https:\/\/yoast.com\/product\/yoast-seo-wordpress\/ -->\n<title>TODO La Romana - Bayahibe | Casa de Campo Living<\/title>\n<meta name=\"description\" content=\"\u201cTODO La Romana \u2013 Bayahibe\u201d, es una gu\u00eda biling\u00fce (Ingl\u00e9s \u2013 Espa\u00f1ol) y revista para el destino de La Romana \u2013 Bayahibe, enfoc\u00e1ndose tanto en el turismo\" \/>\n<meta name=\"robots\" content=\"index, follow, max-snippet:-1, max-image-preview:large, max-video-preview:-1\" \/>\n<link rel=\"canonical\" href=\"https:\/\/casadecampoliving.com\/es\/todolrb\/\" \/>\n<meta property=\"og:locale\" content=\"es_ES\" \/>\n<meta property=\"og:type\" content=\"article\" \/>\n<meta property=\"og:title\" content=\"TODO La Romana - Bayahibe | Casa de Campo Living\" \/>\n<meta property=\"og:description\" content=\"\u201cTODO La Romana \u2013 Bayahibe\u201d, es una gu\u00eda biling\u00fce (Ingl\u00e9s \u2013 Espa\u00f1ol) y revista para el destino de La Romana \u2013 Bayahibe, enfoc\u00e1ndose tanto en el turismo\" \/>\n<meta property=\"og:url\" content=\"https:\/\/casadecampoliving.com\/es\/todolrb\/\" \/>\n<meta property=\"og:site_name\" content=\"Casa de Campo Living\" \/>\n<meta property=\"article:publisher\" content=\"https:\/\/www.facebook.com\/casadecampoliving\" \/>\n<meta property=\"article:modified_time\" content=\"2022-10-21T21:39:39+00:00\" \/>\n<meta property=\"og:image\" content=\"https:\/\/i0.wp.com\/casadecampoliving.com\/wp-content\/uploads\/2012\/09\/TODOcovers.001.jpg?fit=1024%2C768&ssl=1\" \/>\n\t<meta property=\"og:image:width\" content=\"1024\" \/>\n\t<meta property=\"og:image:height\" content=\"768\" \/>\n\t<meta property=\"og:image:type\" content=\"image\/jpeg\" \/>\n<meta name=\"twitter:card\" content=\"summary_large_image\" \/>\n<meta name=\"twitter:site\" content=\"@cdcliving\" \/>\n<meta name=\"twitter:label1\" content=\"Tiempo de lectura\" \/>\n\t<meta name=\"twitter:data1\" content=\"1 minuto\" \/>\n<script type=\"application\/ld+json\" class=\"yoast-schema-graph\">{\"@context\":\"https:\\\/\\\/schema.org\",\"@graph\":[{\"@type\":\"WebPage\",\"@id\":\"https:\\\/\\\/casadecampoliving.com\\\/es\\\/todolrb\\\/\",\"url\":\"https:\\\/\\\/casadecampoliving.com\\\/es\\\/todolrb\\\/\",\"name\":\"TODO La Romana - Bayahibe | Casa de Campo Living\",\"isPartOf\":{\"@id\":\"https:\\\/\\\/casadecampoliving.com\\\/es\\\/#website\"},\"primaryImageOfPage\":{\"@id\":\"https:\\\/\\\/casadecampoliving.com\\\/es\\\/todolrb\\\/#primaryimage\"},\"image\":{\"@id\":\"https:\\\/\\\/casadecampoliving.com\\\/es\\\/todolrb\\\/#primaryimage\"},\"thumbnailUrl\":\"https:\\\/\\\/i0.wp.com\\\/casadecampoliving.com\\\/wp-content\\\/uploads\\\/2012\\\/09\\\/TODOcovers.001.jpg?fit=1024%2C768&ssl=1\",\"datePublished\":\"2012-10-05T16:04:48+00:00\",\"dateModified\":\"2022-10-21T21:39:39+00:00\",\"description\":\"\u201cTODO La Romana \u2013 Bayahibe\u201d, es una gu\u00eda biling\u00fce (Ingl\u00e9s \u2013 Espa\u00f1ol) y revista para el destino de La Romana \u2013 Bayahibe, enfoc\u00e1ndose tanto en el turismo\",\"breadcrumb\":{\"@id\":\"https:\\\/\\\/casadecampoliving.com\\\/es\\\/todolrb\\\/#breadcrumb\"},\"inLanguage\":\"es\",\"potentialAction\":[{\"@type\":\"ReadAction\",\"target\":[\"https:\\\/\\\/casadecampoliving.com\\\/es\\\/todolrb\\\/\"]}]},{\"@type\":\"ImageObject\",\"inLanguage\":\"es\",\"@id\":\"https:\\\/\\\/casadecampoliving.com\\\/es\\\/todolrb\\\/#primaryimage\",\"url\":\"https:\\\/\\\/i0.wp.com\\\/casadecampoliving.com\\\/wp-content\\\/uploads\\\/2012\\\/09\\\/TODOcovers.001.jpg?fit=1024%2C768&ssl=1\",\"contentUrl\":\"https:\\\/\\\/i0.wp.com\\\/casadecampoliving.com\\\/wp-content\\\/uploads\\\/2012\\\/09\\\/TODOcovers.001.jpg?fit=1024%2C768&ssl=1\",\"width\":\"1024\",\"height\":\"768\",\"caption\":\"todo la romana bayahibe\"},{\"@type\":\"BreadcrumbList\",\"@id\":\"https:\\\/\\\/casadecampoliving.com\\\/es\\\/todolrb\\\/#breadcrumb\",\"itemListElement\":[{\"@type\":\"ListItem\",\"position\":1,\"name\":\"Home\",\"item\":\"https:\\\/\\\/casadecampoliving.com\\\/es\\\/\"},{\"@type\":\"ListItem\",\"position\":2,\"name\":\"TODO La Romana &#8211; Bayahibe\"}]},{\"@type\":\"WebSite\",\"@id\":\"https:\\\/\\\/casadecampoliving.com\\\/es\\\/#website\",\"url\":\"https:\\\/\\\/casadecampoliving.com\\\/es\\\/\",\"name\":\"Casa de Campo Living\",\"description\":\"Resort community news and resources.\",\"publisher\":{\"@id\":\"https:\\\/\\\/casadecampoliving.com\\\/es\\\/#organization\"},\"potentialAction\":[{\"@type\":\"SearchAction\",\"target\":{\"@type\":\"EntryPoint\",\"urlTemplate\":\"https:\\\/\\\/casadecampoliving.com\\\/es\\\/?s={search_term_string}\"},\"query-input\":{\"@type\":\"PropertyValueSpecification\",\"valueRequired\":true,\"valueName\":\"search_term_string\"}}],\"inLanguage\":\"es\"},{\"@type\":\"Organization\",\"@id\":\"https:\\\/\\\/casadecampoliving.com\\\/es\\\/#organization\",\"name\":\"Casa de Campo Living\",\"url\":\"https:\\\/\\\/casadecampoliving.com\\\/es\\\/\",\"logo\":{\"@type\":\"ImageObject\",\"inLanguage\":\"es\",\"@id\":\"https:\\\/\\\/casadecampoliving.com\\\/es\\\/#\\\/schema\\\/logo\\\/image\\\/\",\"url\":\"https:\\\/\\\/i0.wp.com\\\/casadecampoliving.com\\\/wp-content\\\/uploads\\\/2022\\\/07\\\/CDCLivingLogo_V1-white-sized.png?fit=800%2C214&ssl=1\",\"contentUrl\":\"https:\\\/\\\/i0.wp.com\\\/casadecampoliving.com\\\/wp-content\\\/uploads\\\/2022\\\/07\\\/CDCLivingLogo_V1-white-sized.png?fit=800%2C214&ssl=1\",\"width\":800,\"height\":214,\"caption\":\"Casa de Campo Living\"},\"image\":{\"@id\":\"https:\\\/\\\/casadecampoliving.com\\\/es\\\/#\\\/schema\\\/logo\\\/image\\\/\"},\"sameAs\":[\"https:\\\/\\\/www.facebook.com\\\/casadecampoliving\",\"https:\\\/\\\/x.com\\\/cdcliving\"]}]}<\/script>\n<!-- \/ Yoast SEO plugin. -->","yoast_head_json":{"title":"TODO La Romana - Bayahibe | Casa de Campo Living","description":"\u201cTODO La Romana \u2013 Bayahibe\u201d, es una gu\u00eda biling\u00fce (Ingl\u00e9s \u2013 Espa\u00f1ol) y revista para el destino de La Romana \u2013 Bayahibe, enfoc\u00e1ndose tanto en el turismo","robots":{"index":"index","follow":"follow","max-snippet":"max-snippet:-1","max-image-preview":"max-image-preview:large","max-video-preview":"max-video-preview:-1"},"canonical":"https:\/\/casadecampoliving.com\/es\/todolrb\/","og_locale":"es_ES","og_type":"article","og_title":"TODO La Romana - Bayahibe | Casa de Campo Living","og_description":"\u201cTODO La Romana \u2013 Bayahibe\u201d, es una gu\u00eda biling\u00fce (Ingl\u00e9s \u2013 Espa\u00f1ol) y revista para el destino de La Romana \u2013 Bayahibe, enfoc\u00e1ndose tanto en el turismo","og_url":"https:\/\/casadecampoliving.com\/es\/todolrb\/","og_site_name":"Casa de Campo Living","article_publisher":"https:\/\/www.facebook.com\/casadecampoliving","article_modified_time":"2022-10-21T21:39:39+00:00","og_image":[{"width":1024,"height":768,"url":"https:\/\/i0.wp.com\/casadecampoliving.com\/wp-content\/uploads\/2012\/09\/TODOcovers.001.jpg?fit=1024%2C768&ssl=1","type":"image\/jpeg"}],"twitter_card":"summary_large_image","twitter_site":"@cdcliving","twitter_misc":{"Tiempo de lectura":"1 minuto"},"schema":{"@context":"https:\/\/schema.org","@graph":[{"@type":"WebPage","@id":"https:\/\/casadecampoliving.com\/es\/todolrb\/","url":"https:\/\/casadecampoliving.com\/es\/todolrb\/","name":"TODO La Romana - Bayahibe | Casa de Campo Living","isPartOf":{"@id":"https:\/\/casadecampoliving.com\/es\/#website"},"primaryImageOfPage":{"@id":"https:\/\/casadecampoliving.com\/es\/todolrb\/#primaryimage"},"image":{"@id":"https:\/\/casadecampoliving.com\/es\/todolrb\/#primaryimage"},"thumbnailUrl":"https:\/\/i0.wp.com\/casadecampoliving.com\/wp-content\/uploads\/2012\/09\/TODOcovers.001.jpg?fit=1024%2C768&ssl=1","datePublished":"2012-10-05T16:04:48+00:00","dateModified":"2022-10-21T21:39:39+00:00","description":"\u201cTODO La Romana \u2013 Bayahibe\u201d, es una gu\u00eda biling\u00fce (Ingl\u00e9s \u2013 Espa\u00f1ol) y revista para el destino de La Romana \u2013 Bayahibe, enfoc\u00e1ndose tanto en el turismo","breadcrumb":{"@id":"https:\/\/casadecampoliving.com\/es\/todolrb\/#breadcrumb"},"inLanguage":"es","potentialAction":[{"@type":"ReadAction","target":["https:\/\/casadecampoliving.com\/es\/todolrb\/"]}]},{"@type":"ImageObject","inLanguage":"es","@id":"https:\/\/casadecampoliving.com\/es\/todolrb\/#primaryimage","url":"https:\/\/i0.wp.com\/casadecampoliving.com\/wp-content\/uploads\/2012\/09\/TODOcovers.001.jpg?fit=1024%2C768&ssl=1","contentUrl":"https:\/\/i0.wp.com\/casadecampoliving.com\/wp-content\/uploads\/2012\/09\/TODOcovers.001.jpg?fit=1024%2C768&ssl=1","width":"1024","height":"768","caption":"todo la romana bayahibe"},{"@type":"BreadcrumbList","@id":"https:\/\/casadecampoliving.com\/es\/todolrb\/#breadcrumb","itemListElement":[{"@type":"ListItem","position":1,"name":"Home","item":"https:\/\/casadecampoliving.com\/es\/"},{"@type":"ListItem","position":2,"name":"TODO La Romana &#8211; Bayahibe"}]},{"@type":"WebSite","@id":"https:\/\/casadecampoliving.com\/es\/#website","url":"https:\/\/casadecampoliving.com\/es\/","name":"Casa de Campo Living","description":"Resort community news and resources.","publisher":{"@id":"https:\/\/casadecampoliving.com\/es\/#organization"},"potentialAction":[{"@type":"SearchAction","target":{"@type":"EntryPoint","urlTemplate":"https:\/\/casadecampoliving.com\/es\/?s={search_term_string}"},"query-input":{"@type":"PropertyValueSpecification","valueRequired":true,"valueName":"search_term_string"}}],"inLanguage":"es"},{"@type":"Organization","@id":"https:\/\/casadecampoliving.com\/es\/#organization","name":"Casa de Campo Living","url":"https:\/\/casadecampoliving.com\/es\/","logo":{"@type":"ImageObject","inLanguage":"es","@id":"https:\/\/casadecampoliving.com\/es\/#\/schema\/logo\/image\/","url":"https:\/\/i0.wp.com\/casadecampoliving.com\/wp-content\/uploads\/2022\/07\/CDCLivingLogo_V1-white-sized.png?fit=800%2C214&ssl=1","contentUrl":"https:\/\/i0.wp.com\/casadecampoliving.com\/wp-content\/uploads\/2022\/07\/CDCLivingLogo_V1-white-sized.png?fit=800%2C214&ssl=1","width":800,"height":214,"caption":"Casa de Campo Living"},"image":{"@id":"https:\/\/casadecampoliving.com\/es\/#\/schema\/logo\/image\/"},"sameAs":["https:\/\/www.facebook.com\/casadecampoliving","https:\/\/x.com\/cdcliving"]}]}},"parsely":{"version":"1.1.0","canonical_url":"https:\/\/casadecampoliving.com\/es\/todolrb\/","smart_links":{"inbound":0,"outbound":0},"traffic_boost_suggestions_count":0,"meta":{"@context":"https:\/\/schema.org","@type":"WebPage","headline":"TODO La Romana &#8211; Bayahibe","url":"http:\/\/casadecampoliving.com\/es\/todolrb\/","mainEntityOfPage":{"@type":"WebPage","@id":"http:\/\/casadecampoliving.com\/es\/todolrb\/"},"thumbnailUrl":"https:\/\/i0.wp.com\/casadecampoliving.com\/wp-content\/uploads\/2012\/09\/TODOcovers.001.jpg?resize=150%2C150&ssl=1","image":{"@type":"ImageObject","url":"https:\/\/i0.wp.com\/casadecampoliving.com\/wp-content\/uploads\/2012\/09\/TODOcovers.001.jpg?fit=1024%2C768&ssl=1"},"articleSection":"Uncategorized @es","author":[{"@type":"Person","name":"Rebecca Silvestri"}],"creator":["Rebecca Silvestri"],"publisher":{"@type":"Organization","name":"Casa de Campo Living","logo":"https:\/\/casadecampoliving.com\/wp-content\/uploads\/2022\/07\/CDCLivingLogo_V1-white-sized.png"},"keywords":[],"dateCreated":"2012-10-05T16:04:48Z","datePublished":"2012-10-05T16:04:48Z","dateModified":"2022-10-21T21:39:39Z"},"rendered":"<script type=\"application\/ld+json\" class=\"wp-parsely-metadata\">{\"@context\":\"https:\\\/\\\/schema.org\",\"@type\":\"WebPage\",\"headline\":\"TODO La Romana &#8211; Bayahibe\",\"url\":\"http:\\\/\\\/casadecampoliving.com\\\/es\\\/todolrb\\\/\",\"mainEntityOfPage\":{\"@type\":\"WebPage\",\"@id\":\"http:\\\/\\\/casadecampoliving.com\\\/es\\\/todolrb\\\/\"},\"thumbnailUrl\":\"https:\\\/\\\/i0.wp.com\\\/casadecampoliving.com\\\/wp-content\\\/uploads\\\/2012\\\/09\\\/TODOcovers.001.jpg?resize=150%2C150&ssl=1\",\"image\":{\"@type\":\"ImageObject\",\"url\":\"https:\\\/\\\/i0.wp.com\\\/casadecampoliving.com\\\/wp-content\\\/uploads\\\/2012\\\/09\\\/TODOcovers.001.jpg?fit=1024%2C768&ssl=1\"},\"articleSection\":\"Uncategorized @es\",\"author\":[{\"@type\":\"Person\",\"name\":\"Rebecca Silvestri\"}],\"creator\":[\"Rebecca Silvestri\"],\"publisher\":{\"@type\":\"Organization\",\"name\":\"Casa de Campo Living\",\"logo\":\"https:\\\/\\\/casadecampoliving.com\\\/wp-content\\\/uploads\\\/2022\\\/07\\\/CDCLivingLogo_V1-white-sized.png\"},\"keywords\":[],\"dateCreated\":\"2012-10-05T16:04:48Z\",\"datePublished\":\"2012-10-05T16:04:48Z\",\"dateModified\":\"2022-10-21T21:39:39Z\"}<\/script>","tracker_url":"https:\/\/cdn.parsely.com\/keys\/casadecampoliving.com\/p.js"},"jetpack-related-posts":[{"id":59199,"url":"https:\/\/casadecampoliving.com\/es\/la-romana-bayahibe\/","url_meta":{"origin":58805,"position":0},"title":"La Romana &#8211; Bayahibe","author":"Rebecca Silvestri","date":"11 Oct, 2012","format":false,"excerpt":"Casa de Campo est\u00e1 situado en el hermoso destino tur\u00edstico conocido como \u201cLa Romana \u2013 Bayahibe\u201d, en la Rep\u00fablica Dominicana. Algunos de nuestros favoritos cosas que hacer y lugares para comer en la zona son: El tropical Cafecito de la Cubana!Haga click aqu\u00ed para leer m\u00e1s! Bayahibe SUP\u00a0 De acuerdo\u2026","rel":"","context":"Entrada similar","block_context":{"text":"Entrada similar","link":""},"img":{"alt_text":"bayahibe sunset","src":"https:\/\/i0.wp.com\/casadecampoliving.com\/wp-content\/uploads\/2012\/10\/bayahibe_sunset.jpg?fit=650%2C488&ssl=1&resize=350%2C200","width":350,"height":200,"srcset":"https:\/\/i0.wp.com\/casadecampoliving.com\/wp-content\/uploads\/2012\/10\/bayahibe_sunset.jpg?fit=650%2C488&ssl=1&resize=350%2C200 1x, https:\/\/i0.wp.com\/casadecampoliving.com\/wp-content\/uploads\/2012\/10\/bayahibe_sunset.jpg?fit=650%2C488&ssl=1&resize=525%2C300 1.5x"},"classes":[]},{"id":55377,"url":"https:\/\/casadecampoliving.com\/es\/padre-nuestro\/","url_meta":{"origin":58805,"position":1},"title":"Explorando Bayahibe: Un paseo por el Parque Nacional del Este en \u00abPadre Nuestro\u00bb","author":"Rebecca Silvestri","date":"31 Jul, 2012","format":false,"excerpt":"Despu\u00e9s de vivir en Casa de Campo, Rep\u00fablica Dominicana por casi cuatro a\u00f1os, pens\u00e9 que era momento de conocer un poco m\u00e1s el pa\u00eds \u2013 y qu\u00e9 mejor que empezar por Bayahibe? Con mi sobrero de exploraci\u00f3n y acompa\u00f1ante fiel, Philip Silvestri, nos dirigimos a Bayahibe a ver qu\u00e9 pod\u00edamos\u2026","rel":"","context":"Entrada similar","block_context":{"text":"Entrada similar","link":""},"img":{"alt_text":"cactus","src":"https:\/\/i0.wp.com\/casadecampoliving.com\/wp-content\/uploads\/2012\/07\/cactus.jpg?resize=350%2C200&ssl=1","width":350,"height":200,"srcset":"https:\/\/i0.wp.com\/casadecampoliving.com\/wp-content\/uploads\/2012\/07\/cactus.jpg?resize=350%2C200&ssl=1 1x, https:\/\/i0.wp.com\/casadecampoliving.com\/wp-content\/uploads\/2012\/07\/cactus.jpg?resize=525%2C300&ssl=1 1.5x"},"classes":[]},{"id":59483,"url":"https:\/\/casadecampoliving.com\/es\/autopista-del-coral\/","url_meta":{"origin":58805,"position":2},"title":"La Autopista del Coral","author":"Rebecca Silvestri","date":"18 Oct, 2012","format":false,"excerpt":"La Autopista del Coral entre La Romana y Punta Cana, fue inaugurada oficialmente por el Ex Presidente Leonel Fern\u00e1ndez el pasado 8 de agosto, 2012, haciendo m\u00e1s r\u00e1pido, seguro y eficiente, el viaje entre ambos destinos tur\u00edsticos. Como, posiblemente, una de las m\u00e1s importantes y beneficiosas labores realizadas en los\u2026","rel":"","context":"Entrada similar","block_context":{"text":"Entrada similar","link":""},"img":{"alt_text":"autopista del coral","src":"https:\/\/i0.wp.com\/casadecampoliving.com\/wp-content\/uploads\/2012\/09\/autopista_del_coral1.jpg?fit=650%2C367&ssl=1&resize=350%2C200","width":350,"height":200,"srcset":"https:\/\/i0.wp.com\/casadecampoliving.com\/wp-content\/uploads\/2012\/09\/autopista_del_coral1.jpg?fit=650%2C367&ssl=1&resize=350%2C200 1x, https:\/\/i0.wp.com\/casadecampoliving.com\/wp-content\/uploads\/2012\/09\/autopista_del_coral1.jpg?fit=650%2C367&ssl=1&resize=525%2C300 1.5x"},"classes":[]},{"id":46918,"url":"https:\/\/casadecampoliving.com\/es\/gastronomia\/","url_meta":{"origin":58805,"position":3},"title":"Gastronom\u00eda","author":"Rebecca Silvestri","date":"20 Mar, 2012","format":false,"excerpt":"Dentro del resort Casa de Campo, existen m\u00e1s de 22 restaurantes, bares y caf\u00e9s \u2013 ofreciendo a la comunidad de Casa de Campo, al igual que sus visitantes y hu\u00e9spedes, una variedad de opciones gastron\u00f3micas \u2013 tanto casuales como de gala, y diversas selecciones de cocinas italianas, internacionales, del mediterr\u00e1neo,\u2026","rel":"","context":"En \u00abRestaurantes\u00bb","block_context":{"text":"Restaurantes","link":"https:\/\/casadecampoliving.com\/es\/category\/restaurantes-es\/"},"img":{"alt_text":"gino in trastevere altos de chavon","src":"https:\/\/i0.wp.com\/casadecampoliving.com\/wp-content\/uploads\/2012\/03\/gino_in_trastevere_altos_de_chavon2.jpg?fit=650%2C376&ssl=1&resize=350%2C200","width":350,"height":200,"srcset":"https:\/\/i0.wp.com\/casadecampoliving.com\/wp-content\/uploads\/2012\/03\/gino_in_trastevere_altos_de_chavon2.jpg?fit=650%2C376&ssl=1&resize=350%2C200 1x, https:\/\/i0.wp.com\/casadecampoliving.com\/wp-content\/uploads\/2012\/03\/gino_in_trastevere_altos_de_chavon2.jpg?fit=650%2C376&ssl=1&resize=525%2C300 1.5x"},"classes":[]},{"id":58770,"url":"https:\/\/casadecampoliving.com\/es\/silgon-inc\/","url_meta":{"origin":58805,"position":4},"title":"Silgon Inc., empresa de Marketing, Desarrollo Web y Servicios de Publicidad","author":"Rebecca Silvestri","date":"5 Oct, 2012","format":false,"excerpt":"Silgon Inc. es una empresa de medios modernos de comunicaci\u00f3n con sede en Casa de Campo \u2013 La comunidad m\u00e1s pr\u00f3spera de la Rep\u00fablica Dominicana. Siendo un miembro integral de la comunidad, Silgon Inc es el proveedor de medios #1 en Casa de Campo. Con CasaLife, nuestra revista trimestral, Casa\u2026","rel":"","context":"Entrada similar","block_context":{"text":"Entrada similar","link":""},"img":{"alt_text":"silgon","src":"https:\/\/i0.wp.com\/casadecampoliving.com\/wp-content\/uploads\/2012\/10\/silgon.jpg?fit=650%2C289&ssl=1&resize=350%2C200","width":350,"height":200,"srcset":"https:\/\/i0.wp.com\/casadecampoliving.com\/wp-content\/uploads\/2012\/10\/silgon.jpg?fit=650%2C289&ssl=1&resize=350%2C200 1x, https:\/\/i0.wp.com\/casadecampoliving.com\/wp-content\/uploads\/2012\/10\/silgon.jpg?fit=650%2C289&ssl=1&resize=525%2C300 1.5x"},"classes":[]},{"id":69246,"url":"https:\/\/casadecampoliving.com\/es\/uwescuba-dive\/","url_meta":{"origin":58805,"position":5},"title":"Uwescuba Dive Center, Marina Casa de Campo","author":"Rebecca Silvestri","date":"26 Abr, 2013","format":false,"excerpt":"\u00a0 El Uwescuba Dive Center, ubicado en el Paseo del Mar de la Marina Casa de Campo, es propiedad de Uwe Rath, quien ha basado sus habilidades de buceo y de entrenamiento en m\u00e1s de 30 a\u00f1os de experiencia trabajando y ense\u00f1ando buceo recreativo, con mezcla de gases y sobretodo\u2026","rel":"","context":"Entrada similar","block_context":{"text":"Entrada similar","link":""},"img":{"alt_text":"uwe scuba","src":"https:\/\/i0.wp.com\/casadecampoliving.com\/wp-content\/uploads\/2013\/04\/uwe-scuba-3.jpg?fit=600%2C200&ssl=1&resize=350%2C200","width":350,"height":200,"srcset":"https:\/\/i0.wp.com\/casadecampoliving.com\/wp-content\/uploads\/2013\/04\/uwe-scuba-3.jpg?fit=600%2C200&ssl=1&resize=350%2C200 1x, https:\/\/i0.wp.com\/casadecampoliving.com\/wp-content\/uploads\/2013\/04\/uwe-scuba-3.jpg?fit=600%2C200&ssl=1&resize=525%2C300 1.5x"},"classes":[]}],"jetpack_sharing_enabled":true,"_links":{"self":[{"href":"https:\/\/casadecampoliving.com\/es\/wp-json\/wp\/v2\/pages\/58805","targetHints":{"allow":["GET"]}}],"collection":[{"href":"https:\/\/casadecampoliving.com\/es\/wp-json\/wp\/v2\/pages"}],"about":[{"href":"https:\/\/casadecampoliving.com\/es\/wp-json\/wp\/v2\/types\/page"}],"author":[{"embeddable":true,"href":"https:\/\/casadecampoliving.com\/es\/wp-json\/wp\/v2\/users\/31"}],"replies":[{"embeddable":true,"href":"https:\/\/casadecampoliving.com\/es\/wp-json\/wp\/v2\/comments?post=58805"}],"version-history":[{"count":0,"href":"https:\/\/casadecampoliving.com\/es\/wp-json\/wp\/v2\/pages\/58805\/revisions"}],"wp:featuredmedia":[{"embeddable":true,"href":"https:\/\/casadecampoliving.com\/es\/wp-json\/wp\/v2\/media\/58510"}],"wp:attachment":[{"href":"https:\/\/casadecampoliving.com\/es\/wp-json\/wp\/v2\/media?parent=58805"}],"wp:term":[{"taxonomy":"newspack_spnsrs_tax","embeddable":true,"href":"https:\/\/casadecampoliving.com\/es\/wp-json\/wp\/v2\/newspack_spnsrs_tax?post=58805"}],"curies":[{"name":"wp","href":"https:\/\/api.w.org\/{rel}","templated":true}]}}