{"id":58789,"date":"2012-10-05T11:42:57","date_gmt":"2012-10-05T15:42:57","guid":{"rendered":"http:\/\/casadecampoliving.com\/?page_id=58789"},"modified":"2022-10-21T17:39:32","modified_gmt":"2022-10-21T21:39:32","slug":"todocdc","status":"publish","type":"page","link":"https:\/\/casadecampoliving.com\/es\/todocdc\/","title":{"rendered":"TODO Casa de Campo"},"content":{"rendered":"<div class=\"wp-block-image\">\n<figure class=\"aligncenter\"><img decoding=\"async\" src=\"https:\/\/i0.wp.com\/casadecampoliving-wp.s3-accelerate.amazonaws.com\/2013\/07\/TODO_casa_de_campo.jpg?resize=650%2C300&amp;ssl=1\" alt=\"TODO Casa de Campo\" class=\"wp-image-73200\" title=\"TODO_casa_de_campo\"\/><\/figure>\n<\/div>\n\n<div class=\"wp-block-image\">\n<figure class=\"alignright\"><img loading=\"lazy\" decoding=\"async\" width=\"200\" height=\"300\" src=\"https:\/\/i0.wp.com\/casadecampoliving-wp.s3-accelerate.amazonaws.com\/2013\/07\/TODO_casa_de_campo1-200x300.jpg?resize=200%2C300&amp;ssl=1\" alt=\"TODO casa de campo\" class=\"wp-image-73207\" title=\"TODO_casa_de_campo\" srcset=\"https:\/\/i0.wp.com\/casadecampoliving.com\/wp-content\/uploads\/2013\/07\/TODO_casa_de_campo1.jpg?resize=200%2C300&amp;ssl=1 200w, https:\/\/i0.wp.com\/casadecampoliving.com\/wp-content\/uploads\/2013\/07\/TODO_casa_de_campo1.jpg?resize=683%2C1024&amp;ssl=1 683w, https:\/\/i0.wp.com\/casadecampoliving.com\/wp-content\/uploads\/2013\/07\/TODO_casa_de_campo1.jpg?w=901&amp;ssl=1 901w, https:\/\/i0.wp.com\/casadecampoliving-wp.s3-accelerate.amazonaws.com\/2013\/07\/TODO_casa_de_campo1-200x300.jpg?w=370 370w, https:\/\/i0.wp.com\/casadecampoliving-wp.s3-accelerate.amazonaws.com\/2013\/07\/TODO_casa_de_campo1-200x300.jpg?w=400 400w\" sizes=\"auto, (max-width: 200px) 100vw, 200px\" \/><\/figure>\n<\/div>\n\n\n<p>La revista TODO Casa de Campo, es la gu\u00eda oficial y revista informativa de Casa de Campo con \u201c<em>TODO lo que necesitas<\/em>\u201d, producida por <a href=\"https:\/\/casadecampoliving.com\/es\/silgon-inc\/\">Silgon Inc., empresa de Marketing, Desarrollo de Web y Servicios de Publicidad<\/a>.\n\nDise\u00f1ada para ser una herramienta invaluable para disfrutar de Casa de Campo, en esta edici\u00f3n de \u201cTODO Casa de Campo\u201d, encontrar\u00e1 un calendario de eventos, gu\u00eda de servicios, mapas, tarifas de actividades, deportes y tel\u00e9fonos, al igual que numerosas secciones y art\u00edculos divertidos\n\nTODO Casa de Campo es distributido dentro de Casa de Campo a todos los due\u00f1os de villas, pero tambi\u00e9n puede ser hallada en puntos claves dentro del resort, tal como la playa Minitas, Altos de Chav\u00f3n y la Marina Casa de Campo.\n\nTODO Casa de Campo se publica cada tres meses: septiembre, diciembre, marzo y julio.\n\nLa siguiente galer\u00eda de im\u00e1genes muestra las p\u00e1ginas de las ediciones m\u00e1s recientes de TODO Casa de Campo: \n<\/p>\n\n\n\n<figure class=\"wp-block-image\"><img loading=\"lazy\" decoding=\"async\" width=\"800\" height=\"600\" src=\"https:\/\/i0.wp.com\/casadecampoliving.com\/wp-content\/uploads\/2022\/10\/16-17-1.jpg?resize=800%2C600&amp;ssl=1\" alt=\"\" class=\"wp-image-489314\" srcset=\"https:\/\/i0.wp.com\/casadecampoliving.com\/wp-content\/uploads\/2022\/10\/16-17-1.jpg?w=800&amp;ssl=1 800w, https:\/\/i0.wp.com\/casadecampoliving.com\/wp-content\/uploads\/2022\/10\/16-17-1.jpg?resize=300%2C225&amp;ssl=1 300w, https:\/\/i0.wp.com\/casadecampoliving.com\/wp-content\/uploads\/2022\/10\/16-17-1.jpg?resize=768%2C576&amp;ssl=1 768w, https:\/\/i0.wp.com\/casadecampoliving.com\/wp-content\/uploads\/2022\/10\/16-17-1.jpg?resize=400%2C300&amp;ssl=1 400w, https:\/\/i0.wp.com\/casadecampoliving.com\/wp-content\/uploads\/2022\/10\/16-17-1.jpg?resize=200%2C150&amp;ssl=1 200w, https:\/\/i0.wp.com\/casadecampoliving.com\/wp-content\/uploads\/2022\/10\/16-17-1.jpg?resize=706%2C530&amp;ssl=1 706w, https:\/\/i0.wp.com\/casadecampoliving.com\/wp-content\/uploads\/2022\/10\/16-17-1.jpg?resize=150%2C113&amp;ssl=1 150w, https:\/\/i0.wp.com\/casadecampoliving.com\/wp-content\/uploads\/2022\/10\/16-17-1.jpg?w=370 370w\" sizes=\"auto, (max-width: 800px) 100vw, 800px\" \/><\/figure>\n\n\n\n<p><span style=\"color: #ff0000;\"><span style=\"color: #000000;\">TODO Casa de Campo es un medio ofrecido por Silgon Inc., empresa de Marketing, Desarrollo Web y Servicios de Publicidad, una que tambi\u00e9n les ofrece TODO La Romana \u2013 Bayahibe, CasaLife, al igual que su portal de noticias y eventos, Casa de Campo Living.<\/span>\n<\/span><\/p>\n\n\n\n<blockquote class=\"wp-block-quote is-layout-flow wp-block-quote-is-layout-flow\"><p><strong><img decoding=\"async\" loading=\"lazy\" class=\"alignright  wp-image-58773\" title=\"silgon\" src=\"https:\/\/i0.wp.com\/casadecampoliving-wp.s3-accelerate.amazonaws.com\/2012\/10\/silgon1.jpg?resize=135%2C135&amp;ssl=1\" alt=\"silgon\" width=\"135\" height=\"135\">Cu\u00e1l es su estrategia de medios?<\/strong>\n\n(809) 523-2045\n\ninfo@silgon.net\n\n<a href=\"http:\/\/www.silgon.net\">www.silgon.net<\/a><\/p><\/blockquote>\n","protected":false},"excerpt":{"rendered":"<p>La revista TODO Casa de Campo, es la gu\u00eda oficial y revista informativa de Casa de Campo con \u201cTODO lo que necesitas\u201d, producida por Silgon Inc., empresa de Marketing, Desarrollo de Web y Servicios de Publicidad. Dise\u00f1ada para ser una herramienta invaluable para disfrutar de Casa de Campo, en esta edici\u00f3n de \u201cTODO Casa de [&hellip;]<\/p>\n","protected":false},"author":31,"featured_media":0,"parent":0,"menu_order":0,"comment_status":"closed","ping_status":"closed","template":"","meta":{"newspack_ads_suppress_ads":false,"newspack_popups_has_disabled_popups":false,"newspack_sponsor_sponsorship_scope":"","newspack_sponsor_native_byline_display":"inherit","newspack_sponsor_native_category_display":"inherit","newspack_sponsor_underwriter_style":"inherit","newspack_sponsor_underwriter_placement":"inherit","newspack_content_restriction_is_exempt":false,"newspack_featured_image_position":"","newspack_hide_page_title":false,"newspack_show_share_buttons":false,"footnotes":""},"newspack_spnsrs_tax":[],"class_list":["post-58789","page","type-page","status-publish","hentry","entry"],"yoast_head":"<!-- This site is optimized with the Yoast SEO plugin v27.4 - https:\/\/yoast.com\/product\/yoast-seo-wordpress\/ -->\n<title>TODO Casa de Campo | Casa de Campo Living<\/title>\n<meta name=\"description\" content=\"La revista TODO Casa de Campo, es la gu\u00eda oficial y revista informativa de Casa de Campo con \u201cTODO lo que necesitas\u201d, producida por Silgon Inc., empresa\" \/>\n<meta name=\"robots\" content=\"index, follow, max-snippet:-1, max-image-preview:large, max-video-preview:-1\" \/>\n<link rel=\"canonical\" href=\"https:\/\/casadecampoliving.com\/es\/todocdc\/\" \/>\n<meta property=\"og:locale\" content=\"es_ES\" \/>\n<meta property=\"og:type\" content=\"article\" \/>\n<meta property=\"og:title\" content=\"TODO Casa de Campo | Casa de Campo Living\" \/>\n<meta property=\"og:description\" content=\"La revista TODO Casa de Campo, es la gu\u00eda oficial y revista informativa de Casa de Campo con \u201cTODO lo que necesitas\u201d, producida por Silgon Inc., empresa\" \/>\n<meta property=\"og:url\" content=\"https:\/\/casadecampoliving.com\/es\/todocdc\/\" \/>\n<meta property=\"og:site_name\" content=\"Casa de Campo Living\" \/>\n<meta property=\"article:publisher\" content=\"https:\/\/www.facebook.com\/casadecampoliving\" \/>\n<meta property=\"article:modified_time\" content=\"2022-10-21T21:39:32+00:00\" \/>\n<meta property=\"og:image\" content=\"https:\/\/casadecampoliving-wp.s3-accelerate.amazonaws.com\/2013\/07\/TODO_casa_de_campo.jpg\" \/>\n<meta name=\"twitter:card\" content=\"summary_large_image\" \/>\n<meta name=\"twitter:site\" content=\"@cdcliving\" \/>\n<meta name=\"twitter:label1\" content=\"Tiempo de lectura\" \/>\n\t<meta name=\"twitter:data1\" content=\"1 minuto\" \/>\n<script type=\"application\/ld+json\" class=\"yoast-schema-graph\">{\"@context\":\"https:\\\/\\\/schema.org\",\"@graph\":[{\"@type\":\"WebPage\",\"@id\":\"https:\\\/\\\/casadecampoliving.com\\\/es\\\/todocdc\\\/\",\"url\":\"https:\\\/\\\/casadecampoliving.com\\\/es\\\/todocdc\\\/\",\"name\":\"TODO Casa de Campo | Casa de Campo Living\",\"isPartOf\":{\"@id\":\"https:\\\/\\\/casadecampoliving.com\\\/es\\\/#website\"},\"primaryImageOfPage\":{\"@id\":\"https:\\\/\\\/casadecampoliving.com\\\/es\\\/todocdc\\\/#primaryimage\"},\"image\":{\"@id\":\"https:\\\/\\\/casadecampoliving.com\\\/es\\\/todocdc\\\/#primaryimage\"},\"thumbnailUrl\":\"https:\\\/\\\/i0.wp.com\\\/casadecampoliving-wp.s3-accelerate.amazonaws.com\\\/2013\\\/07\\\/TODO_casa_de_campo.jpg?resize=650%2C300&amp;ssl=1\",\"datePublished\":\"2012-10-05T15:42:57+00:00\",\"dateModified\":\"2022-10-21T21:39:32+00:00\",\"description\":\"La revista TODO Casa de Campo, es la gu\u00eda oficial y revista informativa de Casa de Campo con \u201cTODO lo que necesitas\u201d, producida por Silgon Inc., empresa\",\"breadcrumb\":{\"@id\":\"https:\\\/\\\/casadecampoliving.com\\\/es\\\/todocdc\\\/#breadcrumb\"},\"inLanguage\":\"es\",\"potentialAction\":[{\"@type\":\"ReadAction\",\"target\":[\"https:\\\/\\\/casadecampoliving.com\\\/es\\\/todocdc\\\/\"]}]},{\"@type\":\"ImageObject\",\"inLanguage\":\"es\",\"@id\":\"https:\\\/\\\/casadecampoliving.com\\\/es\\\/todocdc\\\/#primaryimage\",\"url\":\"https:\\\/\\\/i0.wp.com\\\/casadecampoliving-wp.s3-accelerate.amazonaws.com\\\/2013\\\/07\\\/TODO_casa_de_campo.jpg?resize=650%2C300&amp;ssl=1\",\"contentUrl\":\"https:\\\/\\\/i0.wp.com\\\/casadecampoliving-wp.s3-accelerate.amazonaws.com\\\/2013\\\/07\\\/TODO_casa_de_campo.jpg?resize=650%2C300&amp;ssl=1\"},{\"@type\":\"BreadcrumbList\",\"@id\":\"https:\\\/\\\/casadecampoliving.com\\\/es\\\/todocdc\\\/#breadcrumb\",\"itemListElement\":[{\"@type\":\"ListItem\",\"position\":1,\"name\":\"Home\",\"item\":\"https:\\\/\\\/casadecampoliving.com\\\/es\\\/\"},{\"@type\":\"ListItem\",\"position\":2,\"name\":\"TODO Casa de Campo\"}]},{\"@type\":\"WebSite\",\"@id\":\"https:\\\/\\\/casadecampoliving.com\\\/es\\\/#website\",\"url\":\"https:\\\/\\\/casadecampoliving.com\\\/es\\\/\",\"name\":\"Casa de Campo Living\",\"description\":\"Resort community news and resources.\",\"publisher\":{\"@id\":\"https:\\\/\\\/casadecampoliving.com\\\/es\\\/#organization\"},\"potentialAction\":[{\"@type\":\"SearchAction\",\"target\":{\"@type\":\"EntryPoint\",\"urlTemplate\":\"https:\\\/\\\/casadecampoliving.com\\\/es\\\/?s={search_term_string}\"},\"query-input\":{\"@type\":\"PropertyValueSpecification\",\"valueRequired\":true,\"valueName\":\"search_term_string\"}}],\"inLanguage\":\"es\"},{\"@type\":\"Organization\",\"@id\":\"https:\\\/\\\/casadecampoliving.com\\\/es\\\/#organization\",\"name\":\"Casa de Campo Living\",\"url\":\"https:\\\/\\\/casadecampoliving.com\\\/es\\\/\",\"logo\":{\"@type\":\"ImageObject\",\"inLanguage\":\"es\",\"@id\":\"https:\\\/\\\/casadecampoliving.com\\\/es\\\/#\\\/schema\\\/logo\\\/image\\\/\",\"url\":\"https:\\\/\\\/i0.wp.com\\\/casadecampoliving.com\\\/wp-content\\\/uploads\\\/2022\\\/07\\\/CDCLivingLogo_V1-white-sized.png?fit=800%2C214&ssl=1\",\"contentUrl\":\"https:\\\/\\\/i0.wp.com\\\/casadecampoliving.com\\\/wp-content\\\/uploads\\\/2022\\\/07\\\/CDCLivingLogo_V1-white-sized.png?fit=800%2C214&ssl=1\",\"width\":800,\"height\":214,\"caption\":\"Casa de Campo Living\"},\"image\":{\"@id\":\"https:\\\/\\\/casadecampoliving.com\\\/es\\\/#\\\/schema\\\/logo\\\/image\\\/\"},\"sameAs\":[\"https:\\\/\\\/www.facebook.com\\\/casadecampoliving\",\"https:\\\/\\\/x.com\\\/cdcliving\"]}]}<\/script>\n<!-- \/ Yoast SEO plugin. -->","yoast_head_json":{"title":"TODO Casa de Campo | Casa de Campo Living","description":"La revista TODO Casa de Campo, es la gu\u00eda oficial y revista informativa de Casa de Campo con \u201cTODO lo que necesitas\u201d, producida por Silgon Inc., empresa","robots":{"index":"index","follow":"follow","max-snippet":"max-snippet:-1","max-image-preview":"max-image-preview:large","max-video-preview":"max-video-preview:-1"},"canonical":"https:\/\/casadecampoliving.com\/es\/todocdc\/","og_locale":"es_ES","og_type":"article","og_title":"TODO Casa de Campo | Casa de Campo Living","og_description":"La revista TODO Casa de Campo, es la gu\u00eda oficial y revista informativa de Casa de Campo con \u201cTODO lo que necesitas\u201d, producida por Silgon Inc., empresa","og_url":"https:\/\/casadecampoliving.com\/es\/todocdc\/","og_site_name":"Casa de Campo Living","article_publisher":"https:\/\/www.facebook.com\/casadecampoliving","article_modified_time":"2022-10-21T21:39:32+00:00","og_image":[{"url":"https:\/\/casadecampoliving-wp.s3-accelerate.amazonaws.com\/2013\/07\/TODO_casa_de_campo.jpg","type":"","width":"","height":""}],"twitter_card":"summary_large_image","twitter_site":"@cdcliving","twitter_misc":{"Tiempo de lectura":"1 minuto"},"schema":{"@context":"https:\/\/schema.org","@graph":[{"@type":"WebPage","@id":"https:\/\/casadecampoliving.com\/es\/todocdc\/","url":"https:\/\/casadecampoliving.com\/es\/todocdc\/","name":"TODO Casa de Campo | Casa de Campo Living","isPartOf":{"@id":"https:\/\/casadecampoliving.com\/es\/#website"},"primaryImageOfPage":{"@id":"https:\/\/casadecampoliving.com\/es\/todocdc\/#primaryimage"},"image":{"@id":"https:\/\/casadecampoliving.com\/es\/todocdc\/#primaryimage"},"thumbnailUrl":"https:\/\/i0.wp.com\/casadecampoliving-wp.s3-accelerate.amazonaws.com\/2013\/07\/TODO_casa_de_campo.jpg?resize=650%2C300&amp;ssl=1","datePublished":"2012-10-05T15:42:57+00:00","dateModified":"2022-10-21T21:39:32+00:00","description":"La revista TODO Casa de Campo, es la gu\u00eda oficial y revista informativa de Casa de Campo con \u201cTODO lo que necesitas\u201d, producida por Silgon Inc., empresa","breadcrumb":{"@id":"https:\/\/casadecampoliving.com\/es\/todocdc\/#breadcrumb"},"inLanguage":"es","potentialAction":[{"@type":"ReadAction","target":["https:\/\/casadecampoliving.com\/es\/todocdc\/"]}]},{"@type":"ImageObject","inLanguage":"es","@id":"https:\/\/casadecampoliving.com\/es\/todocdc\/#primaryimage","url":"https:\/\/i0.wp.com\/casadecampoliving-wp.s3-accelerate.amazonaws.com\/2013\/07\/TODO_casa_de_campo.jpg?resize=650%2C300&amp;ssl=1","contentUrl":"https:\/\/i0.wp.com\/casadecampoliving-wp.s3-accelerate.amazonaws.com\/2013\/07\/TODO_casa_de_campo.jpg?resize=650%2C300&amp;ssl=1"},{"@type":"BreadcrumbList","@id":"https:\/\/casadecampoliving.com\/es\/todocdc\/#breadcrumb","itemListElement":[{"@type":"ListItem","position":1,"name":"Home","item":"https:\/\/casadecampoliving.com\/es\/"},{"@type":"ListItem","position":2,"name":"TODO Casa de Campo"}]},{"@type":"WebSite","@id":"https:\/\/casadecampoliving.com\/es\/#website","url":"https:\/\/casadecampoliving.com\/es\/","name":"Casa de Campo Living","description":"Resort community news and resources.","publisher":{"@id":"https:\/\/casadecampoliving.com\/es\/#organization"},"potentialAction":[{"@type":"SearchAction","target":{"@type":"EntryPoint","urlTemplate":"https:\/\/casadecampoliving.com\/es\/?s={search_term_string}"},"query-input":{"@type":"PropertyValueSpecification","valueRequired":true,"valueName":"search_term_string"}}],"inLanguage":"es"},{"@type":"Organization","@id":"https:\/\/casadecampoliving.com\/es\/#organization","name":"Casa de Campo Living","url":"https:\/\/casadecampoliving.com\/es\/","logo":{"@type":"ImageObject","inLanguage":"es","@id":"https:\/\/casadecampoliving.com\/es\/#\/schema\/logo\/image\/","url":"https:\/\/i0.wp.com\/casadecampoliving.com\/wp-content\/uploads\/2022\/07\/CDCLivingLogo_V1-white-sized.png?fit=800%2C214&ssl=1","contentUrl":"https:\/\/i0.wp.com\/casadecampoliving.com\/wp-content\/uploads\/2022\/07\/CDCLivingLogo_V1-white-sized.png?fit=800%2C214&ssl=1","width":800,"height":214,"caption":"Casa de Campo Living"},"image":{"@id":"https:\/\/casadecampoliving.com\/es\/#\/schema\/logo\/image\/"},"sameAs":["https:\/\/www.facebook.com\/casadecampoliving","https:\/\/x.com\/cdcliving"]}]}},"parsely":{"version":"1.1.0","canonical_url":"https:\/\/casadecampoliving.com\/es\/todocdc\/","smart_links":{"inbound":0,"outbound":0},"traffic_boost_suggestions_count":0,"meta":{"@context":"https:\/\/schema.org","@type":"WebPage","headline":"TODO Casa de Campo","url":"http:\/\/casadecampoliving.com\/es\/todocdc\/","mainEntityOfPage":{"@type":"WebPage","@id":"http:\/\/casadecampoliving.com\/es\/todocdc\/"},"thumbnailUrl":"","image":{"@type":"ImageObject","url":""},"articleSection":"Uncategorized @es","author":[{"@type":"Person","name":"Rebecca Silvestri"}],"creator":["Rebecca Silvestri"],"publisher":{"@type":"Organization","name":"Casa de Campo Living","logo":"https:\/\/casadecampoliving.com\/wp-content\/uploads\/2022\/07\/CDCLivingLogo_V1-white-sized.png"},"keywords":[],"dateCreated":"2012-10-05T15:42:57Z","datePublished":"2012-10-05T15:42:57Z","dateModified":"2022-10-21T21:39:32Z"},"rendered":"<script type=\"application\/ld+json\" class=\"wp-parsely-metadata\">{\"@context\":\"https:\\\/\\\/schema.org\",\"@type\":\"WebPage\",\"headline\":\"TODO Casa de Campo\",\"url\":\"http:\\\/\\\/casadecampoliving.com\\\/es\\\/todocdc\\\/\",\"mainEntityOfPage\":{\"@type\":\"WebPage\",\"@id\":\"http:\\\/\\\/casadecampoliving.com\\\/es\\\/todocdc\\\/\"},\"thumbnailUrl\":\"\",\"image\":{\"@type\":\"ImageObject\",\"url\":\"\"},\"articleSection\":\"Uncategorized @es\",\"author\":[{\"@type\":\"Person\",\"name\":\"Rebecca Silvestri\"}],\"creator\":[\"Rebecca Silvestri\"],\"publisher\":{\"@type\":\"Organization\",\"name\":\"Casa de Campo Living\",\"logo\":\"https:\\\/\\\/casadecampoliving.com\\\/wp-content\\\/uploads\\\/2022\\\/07\\\/CDCLivingLogo_V1-white-sized.png\"},\"keywords\":[],\"dateCreated\":\"2012-10-05T15:42:57Z\",\"datePublished\":\"2012-10-05T15:42:57Z\",\"dateModified\":\"2022-10-21T21:39:32Z\"}<\/script>","tracker_url":"https:\/\/cdn.parsely.com\/keys\/casadecampoliving.com\/p.js"},"jetpack-related-posts":[{"id":58770,"url":"https:\/\/casadecampoliving.com\/es\/silgon-inc\/","url_meta":{"origin":58789,"position":0},"title":"Silgon Inc., empresa de Marketing, Desarrollo Web y Servicios de Publicidad","author":"Rebecca Silvestri","date":"5 Oct, 2012","format":false,"excerpt":"Silgon Inc. es una empresa de medios modernos de comunicaci\u00f3n con sede en Casa de Campo \u2013 La comunidad m\u00e1s pr\u00f3spera de la Rep\u00fablica Dominicana. Siendo un miembro integral de la comunidad, Silgon Inc es el proveedor de medios #1 en Casa de Campo. Con CasaLife, nuestra revista trimestral, Casa\u2026","rel":"","context":"Entrada similar","block_context":{"text":"Entrada similar","link":""},"img":{"alt_text":"silgon","src":"https:\/\/i0.wp.com\/casadecampoliving.com\/wp-content\/uploads\/2012\/10\/silgon.jpg?fit=650%2C289&ssl=1&resize=350%2C200","width":350,"height":200,"srcset":"https:\/\/i0.wp.com\/casadecampoliving.com\/wp-content\/uploads\/2012\/10\/silgon.jpg?fit=650%2C289&ssl=1&resize=350%2C200 1x, https:\/\/i0.wp.com\/casadecampoliving.com\/wp-content\/uploads\/2012\/10\/silgon.jpg?fit=650%2C289&ssl=1&resize=525%2C300 1.5x"},"classes":[]},{"id":64807,"url":"https:\/\/casadecampoliving.com\/es\/revista-inmortales\/","url_meta":{"origin":58789,"position":1},"title":"INMORTALES, revista oficial del Sal\u00f3n de la Fama del B\u00e9isbol Latino","author":"Rebecca Silvestri","date":"7 Feb, 2013","format":false,"excerpt":"INMORTALES,\u00a0la primera revista del beisbol latino de este tipo tiene testimonios personales de los Luminarios del Sal\u00f3n de la Fama del B\u00e9isbol del clase 2013 (Octavio Rojas,\u00a0Teodoro Higueras,\u00a0Rennie Stennett,\u00a0Juan Igor Gonz\u00e1lez,\u00a0Tony Fern\u00e1ndez,\u00a0Antonio Armas,\u00a0Santos Amaro,\u00a0Victor Davalillo,\u00a0Victor Pellot Power,\u00a0Felipe Clipper Montemayor y\u00a0Juli\u00e1n Javier0), entrevistas con los Luminarios del clase 2012; Tony Pe\u00f1a\u2026","rel":"","context":"Entrada similar","block_context":{"text":"Entrada similar","link":""},"img":{"alt_text":"INMORTALES revista","src":"https:\/\/i0.wp.com\/casadecampoliving.com\/wp-content\/uploads\/2013\/02\/INMORTALES_revista2.jpg?fit=650%2C337&ssl=1&resize=350%2C200","width":350,"height":200,"srcset":"https:\/\/i0.wp.com\/casadecampoliving.com\/wp-content\/uploads\/2013\/02\/INMORTALES_revista2.jpg?fit=650%2C337&ssl=1&resize=350%2C200 1x, https:\/\/i0.wp.com\/casadecampoliving.com\/wp-content\/uploads\/2013\/02\/INMORTALES_revista2.jpg?fit=650%2C337&ssl=1&resize=525%2C300 1.5x"},"classes":[]},{"id":55379,"url":"https:\/\/casadecampoliving.com\/es\/datos-curiosos\/","url_meta":{"origin":58789,"position":2},"title":"Datos Curiosos","author":"Rebecca Silvestri","date":"31 Jul, 2012","format":false,"excerpt":"En cada edici\u00f3n de TODO Casa de Campo, la gu\u00eda y revista biling\u00fce oficial de Casa de Campo estar\u00e1 incluyendo una p\u00e1gina con datos curiosos sobre Casa de Campo! Aqu\u00ed les traemos los m\u00e1s recientes \u201cDatos Curiosos\u201d con enlaces que le permitir\u00e1n leer m\u00e1s acerca de cada uno! 1. Michael\u2026","rel":"","context":"Entrada similar","block_context":{"text":"Entrada similar","link":""},"img":{"alt_text":"todo_casa_de_campo","src":"https:\/\/i0.wp.com\/casadecampoliving-wp.s3-accelerate.amazonaws.com\/2012\/07\/Todo_casa_de_campo1.jpg?resize=350%2C200&ssl=1","width":350,"height":200,"srcset":"https:\/\/i0.wp.com\/casadecampoliving-wp.s3-accelerate.amazonaws.com\/2012\/07\/Todo_casa_de_campo1.jpg?resize=350%2C200&ssl=1 1x, https:\/\/i0.wp.com\/casadecampoliving-wp.s3-accelerate.amazonaws.com\/2012\/07\/Todo_casa_de_campo1.jpg?resize=525%2C300&ssl=1 1.5x"},"classes":[]},{"id":78772,"url":"https:\/\/casadecampoliving.com\/es\/fiesta-halloween\/","url_meta":{"origin":58789,"position":3},"title":"Fiesta de Halloween 2013 &#8211; 3 de noviembre","author":"Rebecca Silvestri","date":"2 Oct, 2013","format":false,"excerpt":"Este a\u00f1o todos los \u201cfantasmas y demonios\u201d de Casa de Campo est\u00e1n cordialmente invitados a la fiesta anual de Halloween, que tendr\u00e1 lugar en el Club de Yates el pr\u00f3ximo 3 de Noviembre. Este evento ser\u00e1 patrocinado por Silgon, con Casa de Campo Living sitio de web y la revista\u2026","rel":"","context":"Entrada similar","block_context":{"text":"Entrada similar","link":""},"img":{"alt_text":"halloween party casa de campo","src":"https:\/\/i0.wp.com\/casadecampoliving.com\/wp-content\/uploads\/2013\/09\/halloween_party_casa_de_campo.jpg?resize=350%2C200&ssl=1","width":350,"height":200,"srcset":"https:\/\/i0.wp.com\/casadecampoliving.com\/wp-content\/uploads\/2013\/09\/halloween_party_casa_de_campo.jpg?resize=350%2C200&ssl=1 1x, https:\/\/i0.wp.com\/casadecampoliving.com\/wp-content\/uploads\/2013\/09\/halloween_party_casa_de_campo.jpg?resize=525%2C300&ssl=1 1.5x"},"classes":[]},{"id":98541,"url":"https:\/\/casadecampoliving.com\/es\/todo-lo-mejor-de-2014\/","url_meta":{"origin":58789,"position":4},"title":"\u00a1Lo mejor de 2014!","author":"Rebecca Silvestri","date":"29 Sep, 2014","format":false,"excerpt":"\u00a1Acomp\u00e1\u00f1anos en nuestra b\u00fasqueda de los mejores restaurantes! \u00bfQui\u00e9nes sirven los mejores mariscos? \u00bfLa pasta m\u00e1s aut\u00e9ntica? \u00bfD\u00f3nde prefiere ir para una noche rom\u00e1ntica? \u00bfO para una cena con toda su familia? \u00bfY qu\u00e9 hay del servicio m\u00e1s eficiente?\u00a0\u00bfEl sitio ideal para las celebraciones?\u00a0\u00bfNo les gustar\u00eda saber cu\u00e1les son los\u2026","rel":"","context":"Entrada similar","block_context":{"text":"Entrada similar","link":""},"img":{"alt_text":"Beach Club by Le Cirque","src":"https:\/\/i0.wp.com\/casadecampoliving.com\/wp-content\/uploads\/2014\/09\/beach_club_by_le_cirque2.jpg?fit=650%2C434&ssl=1&resize=350%2C200","width":350,"height":200,"srcset":"https:\/\/i0.wp.com\/casadecampoliving.com\/wp-content\/uploads\/2014\/09\/beach_club_by_le_cirque2.jpg?fit=650%2C434&ssl=1&resize=350%2C200 1x, https:\/\/i0.wp.com\/casadecampoliving.com\/wp-content\/uploads\/2014\/09\/beach_club_by_le_cirque2.jpg?fit=650%2C434&ssl=1&resize=525%2C300 1.5x"},"classes":[]},{"id":64800,"url":"https:\/\/casadecampoliving.com\/inmortales\/","url_meta":{"origin":58789,"position":5},"title":"INMORTALES, official magazine of the Latino Baseball Hall of Fame","author":"Rebecca Silvestri","date":"7 Feb, 2013","format":false,"excerpt":"INMORTALES, the first Latino Baseball magazine of it\u2019s kind features heartfelt testimonials with the 2013 Baseball Luminaries (Octavio Rojas,\u00a0Teodoro Higueras,\u00a0Rennie Stennett,\u00a0Juan Igor Gonz\u00e1lez,\u00a0Tony Fern\u00e1ndez,\u00a0Antonio Armas,\u00a0Santos Amaro,\u00a0Victor Davalillo,\u00a0Victor Pellot Power,\u00a0Felipe Clipper Montemayor and\u00a0Juli\u00e1n Javier), interviews with Tony Pe\u00f1a and Bernie Williams inducted into the class of 2012, as well as with\u2026","rel":"","context":"Entrada similar","block_context":{"text":"Entrada similar","link":""},"img":{"alt_text":"INMORTALES revista","src":"https:\/\/i0.wp.com\/casadecampoliving.com\/wp-content\/uploads\/2013\/02\/INMORTALES_revista2.jpg?fit=650%2C337&ssl=1&resize=350%2C200","width":350,"height":200,"srcset":"https:\/\/i0.wp.com\/casadecampoliving.com\/wp-content\/uploads\/2013\/02\/INMORTALES_revista2.jpg?fit=650%2C337&ssl=1&resize=350%2C200 1x, https:\/\/i0.wp.com\/casadecampoliving.com\/wp-content\/uploads\/2013\/02\/INMORTALES_revista2.jpg?fit=650%2C337&ssl=1&resize=525%2C300 1.5x"},"classes":[]}],"jetpack_sharing_enabled":true,"_links":{"self":[{"href":"https:\/\/casadecampoliving.com\/es\/wp-json\/wp\/v2\/pages\/58789","targetHints":{"allow":["GET"]}}],"collection":[{"href":"https:\/\/casadecampoliving.com\/es\/wp-json\/wp\/v2\/pages"}],"about":[{"href":"https:\/\/casadecampoliving.com\/es\/wp-json\/wp\/v2\/types\/page"}],"author":[{"embeddable":true,"href":"https:\/\/casadecampoliving.com\/es\/wp-json\/wp\/v2\/users\/31"}],"replies":[{"embeddable":true,"href":"https:\/\/casadecampoliving.com\/es\/wp-json\/wp\/v2\/comments?post=58789"}],"version-history":[{"count":0,"href":"https:\/\/casadecampoliving.com\/es\/wp-json\/wp\/v2\/pages\/58789\/revisions"}],"wp:attachment":[{"href":"https:\/\/casadecampoliving.com\/es\/wp-json\/wp\/v2\/media?parent=58789"}],"wp:term":[{"taxonomy":"newspack_spnsrs_tax","embeddable":true,"href":"https:\/\/casadecampoliving.com\/es\/wp-json\/wp\/v2\/newspack_spnsrs_tax?post=58789"}],"curies":[{"name":"wp","href":"https:\/\/api.w.org\/{rel}","templated":true}]}}