{"id":58770,"date":"2012-10-05T11:01:24","date_gmt":"2012-10-05T15:01:24","guid":{"rendered":"http:\/\/casadecampoliving.com\/?page_id=58770"},"modified":"2022-10-21T17:39:25","modified_gmt":"2022-10-21T21:39:25","slug":"silgon-inc","status":"publish","type":"page","link":"https:\/\/casadecampoliving.com\/es\/silgon-inc\/","title":{"rendered":"Silgon Inc., empresa de Marketing, Desarrollo Web y Servicios de Publicidad"},"content":{"rendered":"<div class=\"wp-block-image\">\n<figure class=\"aligncenter is-resized\"><img loading=\"lazy\" decoding=\"async\" src=\"https:\/\/i0.wp.com\/casadecampoliving-wp.s3-accelerate.amazonaws.com\/2012\/10\/silgon.jpg?resize=650%2C289&amp;ssl=1\" alt=\"silgon\" class=\"wp-image-58766\" title=\"silgon\" height=\"289\" width=\"650\" srcset=\"https:\/\/i0.wp.com\/casadecampoliving.com\/wp-content\/uploads\/2012\/10\/silgon.jpg?w=650&amp;ssl=1 650w, https:\/\/i0.wp.com\/casadecampoliving.com\/wp-content\/uploads\/2012\/10\/silgon.jpg?resize=300%2C133&amp;ssl=1 300w, https:\/\/i0.wp.com\/casadecampoliving-wp.s3-accelerate.amazonaws.com\/2012\/10\/silgon.jpg?w=370 370w, https:\/\/i0.wp.com\/casadecampoliving-wp.s3-accelerate.amazonaws.com\/2012\/10\/silgon.jpg?w=400 400w\" sizes=\"auto, (max-width: 650px) 100vw, 650px\" \/><\/figure>\n<\/div>\n\n\n<p>Silgon Inc. es una empresa de medios modernos de comunicaci\u00f3n con sede en Casa de Campo \u2013 La comunidad m\u00e1s pr\u00f3spera de la Rep\u00fablica Dominicana.<\/p>\n\n\n\n<!--more-->\n\n\n\n<p>Siendo un miembro integral de la comunidad, Silgon Inc es el proveedor de medios #1 en Casa de Campo. Con CasaLife, nuestra revista trimestral, Casa de Campo Living nuestro portal digital de noticias diarias, \u201cEl Semanal\u201d el bolet\u00edn electr\u00f3nico y tambi\u00e9n con Casa de Campo TV, el canal propio del complejo \u2013 Silgon es en qui\u00e9n la comunidad deposita toda su confianza para mantenerse al d\u00eda con todo lo que acontece en Casa de Campo.<\/p>\n\n\n\n<p>A trav\u00e9s de nuestros medios de comunicaci\u00f3n, trabajamos con marcas y empresas l\u00edderes de la Rep\u00fablica Dominicana para implementar campa\u00f1as de mercadeo con el objetivo de posicionarles en un mercado con un excelente poder adquisitivo.<\/p>\n\n\n\n<p>Al ser una compa\u00f1\u00eda de desarrollo web, Silgon Inc. crea y mantiene p\u00e1ginas web de algunas de las empresas m\u00e1s exitosas del pa\u00eds. No s\u00f3lo trabajamos para la comunidad de Casa de Campo, somos parte de ella. Si quieres llegar a las personas de Casa de Campo, no tenemos competencia.<\/p>\n\n\n\n<p>Nuestros medios de comunicaci\u00f3n incluyen:<\/p>\n\n\n\n<p><strong>\u2022 <a href=\"https:\/\/casadecampoliving.com\/es\/todocdc\/\">TODO Casa de Campo<\/a><\/strong>, la gu\u00eda oficial y revista de Casa de Campo.<\/p>\n\n\n\n<p><strong>\u2022<a href=\"https:\/\/casadecampoliving.com\/es\/2012\/07\/casalife-la-exclusiva-revista-del-resort-casa-de-campo-ha-llegado-2\/\">&nbsp;Revista&nbsp;CasaLife<\/a><\/strong>, la exclusiva revista del resort Casa de Campo.<\/p>\n\n\n\n<p><strong>\u2022 Portal en l\u00ednea Casa de Campo Living<\/strong>&nbsp;(<a href=\"https:\/\/casadecampoliving.com\">www.casadecampoliving.com<\/a>), sitio Web de noticias diarias y cobertura de eventos de Casa de Campo.<\/p>\n\n\n\n<p><strong>\u2022 TODO en l\u00ednea<\/strong>&nbsp;(<a href=\"http:\/\/www.todo.fm\/es\">www.todo.fm<\/a>), directorio de negocios y calendario de eventos en l\u00ednea para Casa de Campo.<\/p>\n\n\n\n<p><strong>\u2022&nbsp;<a href=\"http:\/\/createsend.com\/t\/y-449F49D49D699A55\">El Semanal<\/a><\/strong>, distribuido cada lunes a m\u00e1s de 3,000 due\u00f1os de villas, residentes y aficionados de Casa de Campo.<\/p>\n\n\n\n<p><strong>\u2022 Casa de Campo TV<\/strong>, canal de televisi\u00f3n propio de Casa de Campo.<\/p>\n\n\n\n<div><strong>\u2022 <a href=\"https:\/\/casadecampoliving.com\/es\/todolrb\/\">TODO La Romana \u2013 Bayahibe<\/a><\/strong>,&nbsp;gu\u00eda biling\u00fce (Ingl\u00e9s \u2013 Espa\u00f1ol) y revista para el destino de La Romana \u2013 Bayahibe<\/div>\n\n\n\n<blockquote><figure><img decoding=\"async\" loading=\"lazy\" class=\"alignright  wp-image-58773\" title=\"silgon\" src=\"https:\/\/i0.wp.com\/casadecampoliving-wp.s3-accelerate.amazonaws.com\/2012\/10\/silgon1.jpg?resize=135%2C135&amp;ssl=1\" alt=\"silgon\" width=\"135\" height=\"135\"><\/figure><p><strong>Cu\u00e1l es su estrategia de medios?<\/strong><\/p><p>(809) 523-2045<\/p><p>info@silgon.net<\/p><p><a href=\"http:\/\/www.silgon.net\">www.silgon.net<\/a><\/p><\/blockquote>\n","protected":false},"excerpt":{"rendered":"<p>Silgon Inc. es una empresa de medios modernos de comunicaci\u00f3n con sede en Casa de Campo \u2013 La comunidad m\u00e1s pr\u00f3spera de la Rep\u00fablica Dominicana.<\/p>\n","protected":false},"author":31,"featured_media":58766,"parent":0,"menu_order":0,"comment_status":"closed","ping_status":"closed","template":"","meta":{"newspack_ads_suppress_ads":false,"newspack_popups_has_disabled_popups":false,"newspack_sponsor_sponsorship_scope":"","newspack_sponsor_native_byline_display":"inherit","newspack_sponsor_native_category_display":"inherit","newspack_sponsor_underwriter_style":"inherit","newspack_sponsor_underwriter_placement":"inherit","newspack_content_restriction_is_exempt":false,"newspack_featured_image_position":"","newspack_hide_page_title":false,"newspack_show_share_buttons":false,"footnotes":""},"newspack_spnsrs_tax":[],"class_list":["post-58770","page","type-page","status-publish","has-post-thumbnail","hentry","entry"],"yoast_head":"<!-- This site is optimized with the Yoast SEO plugin v27.2 - https:\/\/yoast.com\/product\/yoast-seo-wordpress\/ -->\n<title>Silgon Inc., empresa de Marketing, Desarrollo Web y Servicios de Publicidad | Casa de Campo Living<\/title>\n<meta name=\"description\" content=\"Silgon Inc. es una empresa de medios modernos de comunicaci\u00f3n con sede en Casa de Campo \u2013 La comunidad m\u00e1s pr\u00f3spera de la Rep\u00fablica Dominicana. Siendo un\" \/>\n<meta name=\"robots\" content=\"index, follow, max-snippet:-1, max-image-preview:large, max-video-preview:-1\" \/>\n<link rel=\"canonical\" href=\"https:\/\/casadecampoliving.com\/es\/silgon-inc\/\" \/>\n<meta property=\"og:locale\" content=\"es_ES\" \/>\n<meta property=\"og:type\" content=\"article\" \/>\n<meta property=\"og:title\" content=\"Silgon Inc., empresa de Marketing, Desarrollo Web y Servicios de Publicidad | Casa de Campo Living\" \/>\n<meta property=\"og:description\" content=\"Silgon Inc. es una empresa de medios modernos de comunicaci\u00f3n con sede en Casa de Campo \u2013 La comunidad m\u00e1s pr\u00f3spera de la Rep\u00fablica Dominicana. Siendo un\" \/>\n<meta property=\"og:url\" content=\"https:\/\/casadecampoliving.com\/es\/silgon-inc\/\" \/>\n<meta property=\"og:site_name\" content=\"Casa de Campo Living\" \/>\n<meta property=\"article:publisher\" content=\"https:\/\/www.facebook.com\/casadecampoliving\" \/>\n<meta property=\"article:modified_time\" content=\"2022-10-21T21:39:25+00:00\" \/>\n<meta property=\"og:image\" content=\"https:\/\/i0.wp.com\/casadecampoliving.com\/wp-content\/uploads\/2012\/10\/silgon.jpg?fit=650%2C289&ssl=1\" \/>\n\t<meta property=\"og:image:width\" content=\"650\" \/>\n\t<meta property=\"og:image:height\" content=\"289\" \/>\n\t<meta property=\"og:image:type\" content=\"image\/jpeg\" \/>\n<meta name=\"twitter:card\" content=\"summary_large_image\" \/>\n<meta name=\"twitter:site\" content=\"@cdcliving\" \/>\n<meta name=\"twitter:label1\" content=\"Tiempo de lectura\" \/>\n\t<meta name=\"twitter:data1\" content=\"2 minutos\" \/>\n<script type=\"application\/ld+json\" class=\"yoast-schema-graph\">{\"@context\":\"https:\/\/schema.org\",\"@graph\":[{\"@type\":\"WebPage\",\"@id\":\"https:\/\/casadecampoliving.com\/es\/silgon-inc\/\",\"url\":\"https:\/\/casadecampoliving.com\/es\/silgon-inc\/\",\"name\":\"Silgon Inc., empresa de Marketing, Desarrollo Web y Servicios de Publicidad | Casa de Campo Living\",\"isPartOf\":{\"@id\":\"https:\/\/casadecampoliving.com\/es\/#website\"},\"primaryImageOfPage\":{\"@id\":\"https:\/\/casadecampoliving.com\/es\/silgon-inc\/#primaryimage\"},\"image\":{\"@id\":\"https:\/\/casadecampoliving.com\/es\/silgon-inc\/#primaryimage\"},\"thumbnailUrl\":\"https:\/\/i0.wp.com\/casadecampoliving.com\/wp-content\/uploads\/2012\/10\/silgon.jpg?fit=650%2C289&ssl=1\",\"datePublished\":\"2012-10-05T15:01:24+00:00\",\"dateModified\":\"2022-10-21T21:39:25+00:00\",\"description\":\"Silgon Inc. es una empresa de medios modernos de comunicaci\u00f3n con sede en Casa de Campo \u2013 La comunidad m\u00e1s pr\u00f3spera de la Rep\u00fablica Dominicana. Siendo un\",\"breadcrumb\":{\"@id\":\"https:\/\/casadecampoliving.com\/es\/silgon-inc\/#breadcrumb\"},\"inLanguage\":\"es\",\"potentialAction\":[{\"@type\":\"ReadAction\",\"target\":[\"https:\/\/casadecampoliving.com\/es\/silgon-inc\/\"]}]},{\"@type\":\"ImageObject\",\"inLanguage\":\"es\",\"@id\":\"https:\/\/casadecampoliving.com\/es\/silgon-inc\/#primaryimage\",\"url\":\"https:\/\/i0.wp.com\/casadecampoliving.com\/wp-content\/uploads\/2012\/10\/silgon.jpg?fit=650%2C289&ssl=1\",\"contentUrl\":\"https:\/\/i0.wp.com\/casadecampoliving.com\/wp-content\/uploads\/2012\/10\/silgon.jpg?fit=650%2C289&ssl=1\",\"width\":\"650\",\"height\":\"289\",\"caption\":\"silgon\"},{\"@type\":\"BreadcrumbList\",\"@id\":\"https:\/\/casadecampoliving.com\/es\/silgon-inc\/#breadcrumb\",\"itemListElement\":[{\"@type\":\"ListItem\",\"position\":1,\"name\":\"Home\",\"item\":\"https:\/\/casadecampoliving.com\/es\/\"},{\"@type\":\"ListItem\",\"position\":2,\"name\":\"Silgon Inc., empresa de Marketing, Desarrollo Web y Servicios de Publicidad\"}]},{\"@type\":\"WebSite\",\"@id\":\"https:\/\/casadecampoliving.com\/es\/#website\",\"url\":\"https:\/\/casadecampoliving.com\/es\/\",\"name\":\"Casa de Campo Living\",\"description\":\"Resort community news and resources.\",\"publisher\":{\"@id\":\"https:\/\/casadecampoliving.com\/es\/#organization\"},\"potentialAction\":[{\"@type\":\"SearchAction\",\"target\":{\"@type\":\"EntryPoint\",\"urlTemplate\":\"https:\/\/casadecampoliving.com\/es\/?s={search_term_string}\"},\"query-input\":{\"@type\":\"PropertyValueSpecification\",\"valueRequired\":true,\"valueName\":\"search_term_string\"}}],\"inLanguage\":\"es\"},{\"@type\":\"Organization\",\"@id\":\"https:\/\/casadecampoliving.com\/es\/#organization\",\"name\":\"Casa de Campo Living\",\"url\":\"https:\/\/casadecampoliving.com\/es\/\",\"logo\":{\"@type\":\"ImageObject\",\"inLanguage\":\"es\",\"@id\":\"https:\/\/casadecampoliving.com\/es\/#\/schema\/logo\/image\/\",\"url\":\"https:\/\/i0.wp.com\/casadecampoliving.com\/wp-content\/uploads\/2022\/07\/CDCLivingLogo_V1-white-sized.png?fit=800%2C214&ssl=1\",\"contentUrl\":\"https:\/\/i0.wp.com\/casadecampoliving.com\/wp-content\/uploads\/2022\/07\/CDCLivingLogo_V1-white-sized.png?fit=800%2C214&ssl=1\",\"width\":800,\"height\":214,\"caption\":\"Casa de Campo Living\"},\"image\":{\"@id\":\"https:\/\/casadecampoliving.com\/es\/#\/schema\/logo\/image\/\"},\"sameAs\":[\"https:\/\/www.facebook.com\/casadecampoliving\",\"https:\/\/x.com\/cdcliving\"]}]}<\/script>\n<!-- \/ Yoast SEO plugin. -->","yoast_head_json":{"title":"Silgon Inc., empresa de Marketing, Desarrollo Web y Servicios de Publicidad | Casa de Campo Living","description":"Silgon Inc. es una empresa de medios modernos de comunicaci\u00f3n con sede en Casa de Campo \u2013 La comunidad m\u00e1s pr\u00f3spera de la Rep\u00fablica Dominicana. Siendo un","robots":{"index":"index","follow":"follow","max-snippet":"max-snippet:-1","max-image-preview":"max-image-preview:large","max-video-preview":"max-video-preview:-1"},"canonical":"https:\/\/casadecampoliving.com\/es\/silgon-inc\/","og_locale":"es_ES","og_type":"article","og_title":"Silgon Inc., empresa de Marketing, Desarrollo Web y Servicios de Publicidad | Casa de Campo Living","og_description":"Silgon Inc. es una empresa de medios modernos de comunicaci\u00f3n con sede en Casa de Campo \u2013 La comunidad m\u00e1s pr\u00f3spera de la Rep\u00fablica Dominicana. Siendo un","og_url":"https:\/\/casadecampoliving.com\/es\/silgon-inc\/","og_site_name":"Casa de Campo Living","article_publisher":"https:\/\/www.facebook.com\/casadecampoliving","article_modified_time":"2022-10-21T21:39:25+00:00","og_image":[{"width":650,"height":289,"url":"https:\/\/i0.wp.com\/casadecampoliving.com\/wp-content\/uploads\/2012\/10\/silgon.jpg?fit=650%2C289&ssl=1","type":"image\/jpeg"}],"twitter_card":"summary_large_image","twitter_site":"@cdcliving","twitter_misc":{"Tiempo de lectura":"2 minutos"},"schema":{"@context":"https:\/\/schema.org","@graph":[{"@type":"WebPage","@id":"https:\/\/casadecampoliving.com\/es\/silgon-inc\/","url":"https:\/\/casadecampoliving.com\/es\/silgon-inc\/","name":"Silgon Inc., empresa de Marketing, Desarrollo Web y Servicios de Publicidad | Casa de Campo Living","isPartOf":{"@id":"https:\/\/casadecampoliving.com\/es\/#website"},"primaryImageOfPage":{"@id":"https:\/\/casadecampoliving.com\/es\/silgon-inc\/#primaryimage"},"image":{"@id":"https:\/\/casadecampoliving.com\/es\/silgon-inc\/#primaryimage"},"thumbnailUrl":"https:\/\/i0.wp.com\/casadecampoliving.com\/wp-content\/uploads\/2012\/10\/silgon.jpg?fit=650%2C289&ssl=1","datePublished":"2012-10-05T15:01:24+00:00","dateModified":"2022-10-21T21:39:25+00:00","description":"Silgon Inc. es una empresa de medios modernos de comunicaci\u00f3n con sede en Casa de Campo \u2013 La comunidad m\u00e1s pr\u00f3spera de la Rep\u00fablica Dominicana. Siendo un","breadcrumb":{"@id":"https:\/\/casadecampoliving.com\/es\/silgon-inc\/#breadcrumb"},"inLanguage":"es","potentialAction":[{"@type":"ReadAction","target":["https:\/\/casadecampoliving.com\/es\/silgon-inc\/"]}]},{"@type":"ImageObject","inLanguage":"es","@id":"https:\/\/casadecampoliving.com\/es\/silgon-inc\/#primaryimage","url":"https:\/\/i0.wp.com\/casadecampoliving.com\/wp-content\/uploads\/2012\/10\/silgon.jpg?fit=650%2C289&ssl=1","contentUrl":"https:\/\/i0.wp.com\/casadecampoliving.com\/wp-content\/uploads\/2012\/10\/silgon.jpg?fit=650%2C289&ssl=1","width":"650","height":"289","caption":"silgon"},{"@type":"BreadcrumbList","@id":"https:\/\/casadecampoliving.com\/es\/silgon-inc\/#breadcrumb","itemListElement":[{"@type":"ListItem","position":1,"name":"Home","item":"https:\/\/casadecampoliving.com\/es\/"},{"@type":"ListItem","position":2,"name":"Silgon Inc., empresa de Marketing, Desarrollo Web y Servicios de Publicidad"}]},{"@type":"WebSite","@id":"https:\/\/casadecampoliving.com\/es\/#website","url":"https:\/\/casadecampoliving.com\/es\/","name":"Casa de Campo Living","description":"Resort community news and resources.","publisher":{"@id":"https:\/\/casadecampoliving.com\/es\/#organization"},"potentialAction":[{"@type":"SearchAction","target":{"@type":"EntryPoint","urlTemplate":"https:\/\/casadecampoliving.com\/es\/?s={search_term_string}"},"query-input":{"@type":"PropertyValueSpecification","valueRequired":true,"valueName":"search_term_string"}}],"inLanguage":"es"},{"@type":"Organization","@id":"https:\/\/casadecampoliving.com\/es\/#organization","name":"Casa de Campo Living","url":"https:\/\/casadecampoliving.com\/es\/","logo":{"@type":"ImageObject","inLanguage":"es","@id":"https:\/\/casadecampoliving.com\/es\/#\/schema\/logo\/image\/","url":"https:\/\/i0.wp.com\/casadecampoliving.com\/wp-content\/uploads\/2022\/07\/CDCLivingLogo_V1-white-sized.png?fit=800%2C214&ssl=1","contentUrl":"https:\/\/i0.wp.com\/casadecampoliving.com\/wp-content\/uploads\/2022\/07\/CDCLivingLogo_V1-white-sized.png?fit=800%2C214&ssl=1","width":800,"height":214,"caption":"Casa de Campo Living"},"image":{"@id":"https:\/\/casadecampoliving.com\/es\/#\/schema\/logo\/image\/"},"sameAs":["https:\/\/www.facebook.com\/casadecampoliving","https:\/\/x.com\/cdcliving"]}]}},"parsely":{"version":"1.1.0","canonical_url":"https:\/\/casadecampoliving.com\/es\/silgon-inc\/","smart_links":{"inbound":0,"outbound":0},"traffic_boost_suggestions_count":0,"meta":{"@context":"https:\/\/schema.org","@type":"WebPage","headline":"Silgon Inc., empresa de Marketing, Desarrollo Web y Servicios de Publicidad","url":"http:\/\/casadecampoliving.com\/es\/silgon-inc\/","mainEntityOfPage":{"@type":"WebPage","@id":"http:\/\/casadecampoliving.com\/es\/silgon-inc\/"},"thumbnailUrl":"https:\/\/i0.wp.com\/casadecampoliving.com\/wp-content\/uploads\/2012\/10\/silgon.jpg?resize=150%2C150&ssl=1","image":{"@type":"ImageObject","url":"https:\/\/i0.wp.com\/casadecampoliving.com\/wp-content\/uploads\/2012\/10\/silgon.jpg?fit=650%2C289&ssl=1"},"articleSection":"Uncategorized @es","author":[{"@type":"Person","name":"Rebecca Silvestri"}],"creator":["Rebecca Silvestri"],"publisher":{"@type":"Organization","name":"Casa de Campo Living","logo":"https:\/\/casadecampoliving.com\/wp-content\/uploads\/2022\/07\/CDCLivingLogo_V1-white-sized.png"},"keywords":[],"dateCreated":"2012-10-05T15:01:24Z","datePublished":"2012-10-05T15:01:24Z","dateModified":"2022-10-21T21:39:25Z"},"rendered":"<script type=\"application\/ld+json\" class=\"wp-parsely-metadata\">{\"@context\":\"https:\\\/\\\/schema.org\",\"@type\":\"WebPage\",\"headline\":\"Silgon Inc., empresa de Marketing, Desarrollo Web y Servicios de Publicidad\",\"url\":\"http:\\\/\\\/casadecampoliving.com\\\/es\\\/silgon-inc\\\/\",\"mainEntityOfPage\":{\"@type\":\"WebPage\",\"@id\":\"http:\\\/\\\/casadecampoliving.com\\\/es\\\/silgon-inc\\\/\"},\"thumbnailUrl\":\"https:\\\/\\\/i0.wp.com\\\/casadecampoliving.com\\\/wp-content\\\/uploads\\\/2012\\\/10\\\/silgon.jpg?resize=150%2C150&ssl=1\",\"image\":{\"@type\":\"ImageObject\",\"url\":\"https:\\\/\\\/i0.wp.com\\\/casadecampoliving.com\\\/wp-content\\\/uploads\\\/2012\\\/10\\\/silgon.jpg?fit=650%2C289&ssl=1\"},\"articleSection\":\"Uncategorized @es\",\"author\":[{\"@type\":\"Person\",\"name\":\"Rebecca Silvestri\"}],\"creator\":[\"Rebecca Silvestri\"],\"publisher\":{\"@type\":\"Organization\",\"name\":\"Casa de Campo Living\",\"logo\":\"https:\\\/\\\/casadecampoliving.com\\\/wp-content\\\/uploads\\\/2022\\\/07\\\/CDCLivingLogo_V1-white-sized.png\"},\"keywords\":[],\"dateCreated\":\"2012-10-05T15:01:24Z\",\"datePublished\":\"2012-10-05T15:01:24Z\",\"dateModified\":\"2022-10-21T21:39:25Z\"}<\/script>","tracker_url":"https:\/\/cdn.parsely.com\/keys\/casadecampoliving.com\/p.js"},"jetpack-related-posts":[{"id":64807,"url":"https:\/\/casadecampoliving.com\/es\/revista-inmortales\/","url_meta":{"origin":58770,"position":0},"title":"INMORTALES, revista oficial del Sal\u00f3n de la Fama del B\u00e9isbol Latino","author":"Rebecca Silvestri","date":"7 Feb, 2013","format":false,"excerpt":"INMORTALES,\u00a0la primera revista del beisbol latino de este tipo tiene testimonios personales de los Luminarios del Sal\u00f3n de la Fama del B\u00e9isbol del clase 2013 (Octavio Rojas,\u00a0Teodoro Higueras,\u00a0Rennie Stennett,\u00a0Juan Igor Gonz\u00e1lez,\u00a0Tony Fern\u00e1ndez,\u00a0Antonio Armas,\u00a0Santos Amaro,\u00a0Victor Davalillo,\u00a0Victor Pellot Power,\u00a0Felipe Clipper Montemayor y\u00a0Juli\u00e1n Javier0), entrevistas con los Luminarios del clase 2012; Tony Pe\u00f1a\u2026","rel":"","context":"Entrada similar","block_context":{"text":"Entrada similar","link":""},"img":{"alt_text":"INMORTALES revista","src":"https:\/\/i0.wp.com\/casadecampoliving.com\/wp-content\/uploads\/2013\/02\/INMORTALES_revista2.jpg?fit=650%2C337&ssl=1&resize=350%2C200","width":350,"height":200,"srcset":"https:\/\/i0.wp.com\/casadecampoliving.com\/wp-content\/uploads\/2013\/02\/INMORTALES_revista2.jpg?fit=650%2C337&ssl=1&resize=350%2C200 1x, https:\/\/i0.wp.com\/casadecampoliving.com\/wp-content\/uploads\/2013\/02\/INMORTALES_revista2.jpg?fit=650%2C337&ssl=1&resize=525%2C300 1.5x"},"classes":[]},{"id":58789,"url":"https:\/\/casadecampoliving.com\/es\/todocdc\/","url_meta":{"origin":58770,"position":1},"title":"TODO Casa de Campo","author":"Rebecca Silvestri","date":"5 Oct, 2012","format":false,"excerpt":"La revista TODO Casa de Campo, es la gu\u00eda oficial y revista informativa de Casa de Campo con \u201cTODO lo que necesitas\u201d, producida por Silgon Inc., empresa de Marketing, Desarrollo de Web y Servicios de Publicidad. Dise\u00f1ada para ser una herramienta invaluable para disfrutar de Casa de Campo, en esta\u2026","rel":"","context":"Entrada similar","block_context":{"text":"Entrada similar","link":""},"img":{"alt_text":"TODO Casa de Campo","src":"https:\/\/i0.wp.com\/casadecampoliving.com\/wp-content\/uploads\/2013\/07\/TODO_casa_de_campo.jpg?resize=350%2C200&ssl=1","width":350,"height":200,"srcset":"https:\/\/i0.wp.com\/casadecampoliving.com\/wp-content\/uploads\/2013\/07\/TODO_casa_de_campo.jpg?resize=350%2C200&ssl=1 1x, https:\/\/i0.wp.com\/casadecampoliving.com\/wp-content\/uploads\/2013\/07\/TODO_casa_de_campo.jpg?resize=525%2C300&ssl=1 1.5x"},"classes":[]},{"id":74572,"url":"https:\/\/casadecampoliving.com\/es\/el-atardecer\/","url_meta":{"origin":58770,"position":2},"title":"\u00a1El Atardecer con Sabor a M\u00fasica en el Azimut Caf\u00e9 es este s\u00e1bado!","author":"Rebecca Silvestri","date":"22 Jul, 2013","format":false,"excerpt":"Los Atardeceres con Sabor a M\u00fasica,\u00a0regularmente en el Caf\u00e9 Azimut en La Marina Casa de Campo son organizados por Mauro Caslini, Presidente y Director General de IB Nautica y su hija Alice Caslini de Moriconi, propietaria y Directora de Ventas y Marketing de IBI Yates. Este d\u00fao din\u00e1mico le invita\u2026","rel":"","context":"Entrada similar","block_context":{"text":"Entrada similar","link":""},"img":{"alt_text":"marina casa de campo","src":"https:\/\/i0.wp.com\/casadecampoliving-wp.s3-accelerate.amazonaws.com\/2012\/07\/marina_casa_de_campo2.jpg?resize=350%2C200&ssl=1","width":350,"height":200,"srcset":"https:\/\/i0.wp.com\/casadecampoliving-wp.s3-accelerate.amazonaws.com\/2012\/07\/marina_casa_de_campo2.jpg?resize=350%2C200&ssl=1 1x, https:\/\/i0.wp.com\/casadecampoliving-wp.s3-accelerate.amazonaws.com\/2012\/07\/marina_casa_de_campo2.jpg?resize=525%2C300&ssl=1 1.5x"},"classes":[]},{"id":74567,"url":"https:\/\/casadecampoliving.com\/es\/atardecer-con-sabo\/","url_meta":{"origin":58770,"position":3},"title":"\u00a1El Atardecer con Sabor a M\u00fasica en el Azimut Caf\u00e9 is este s\u00e1bado!","author":"Rebecca Silvestri","date":"22 Jul, 2013","format":false,"excerpt":"\u00a1Excelentes noticias! \u2013 otro Atardecer con Sabor a M\u00fasica en el Azimut Caf\u00e9 tendr\u00e1 lugar este s\u00e1bado 27 de julio, y \u00a1esperamos verlos a todos all\u00ed! Los Atardeceres con Sabor a M\u00fasica,\u00a0regularmente en el Caf\u00e9 Azimut en La Marina Casa de Campo son organizados por Mauro Caslini, Presidente y Director\u2026","rel":"","context":"Entrada similar","block_context":{"text":"Entrada similar","link":""},"img":{"alt_text":"","src":"","width":0,"height":0},"classes":[]},{"id":86628,"url":"https:\/\/casadecampoliving.com\/es\/polo-under-the-lights-2\/","url_meta":{"origin":58770,"position":4},"title":"Polo Under The Lights &#8211; viernes 23 de mayo","author":"Rebecca Silvestri","date":"3 Mar, 2014","format":false,"excerpt":"El pr\u00f3xima celebraci\u00f3n de Polo Bajo Luces est\u00e1 pactado para el viernes 23 de mayo. El Polo Bajo Luces traido a ustedes por SILGON, Casa de Campo Living y Casa de Campo es\u00a0una sofisticada celebraci\u00f3n casual, la cual combina polo, polo en burro y hamburguesas! \u00bfQu\u00e9 podr\u00eda ser mejor? El\u2026","rel":"","context":"Entrada similar","block_context":{"text":"Entrada similar","link":""},"img":{"alt_text":"polo Casa de Campo","src":"https:\/\/i0.wp.com\/casadecampoliving.com\/wp-content\/uploads\/2014\/02\/polo_casa_de_campo.jpg?fit=650%2C405&ssl=1&resize=350%2C200","width":350,"height":200,"srcset":"https:\/\/i0.wp.com\/casadecampoliving.com\/wp-content\/uploads\/2014\/02\/polo_casa_de_campo.jpg?fit=650%2C405&ssl=1&resize=350%2C200 1x, https:\/\/i0.wp.com\/casadecampoliving.com\/wp-content\/uploads\/2014\/02\/polo_casa_de_campo.jpg?fit=650%2C405&ssl=1&resize=525%2C300 1.5x"},"classes":[]},{"id":58763,"url":"https:\/\/casadecampoliving.com\/silgon\/","url_meta":{"origin":58770,"position":5},"title":"SILGON, Marketing, Web Development &#038; Publishing Services","author":"Rebecca Silvestri","date":"5 Oct, 2012","format":false,"excerpt":"SILGON,\u00a0(creators of Casa de Campo Living website) is a modern media company based in Casa de Campo \u2013 the Dominican Republic\u2019s most affluent community. An integral member of the community, SILGON, is Casa de Campo\u2019s #1 media provider. With CasaLife, our quarterly print magazine, Casa de Campo Living our daily\u2026","rel":"","context":"Entrada similar","block_context":{"text":"Entrada similar","link":""},"img":{"alt_text":"SILGON","src":"https:\/\/i0.wp.com\/casadecampoliving.com\/wp-content\/uploads\/2012\/10\/SILGON.jpg?fit=650%2C241&ssl=1&resize=350%2C200","width":350,"height":200,"srcset":"https:\/\/i0.wp.com\/casadecampoliving.com\/wp-content\/uploads\/2012\/10\/SILGON.jpg?fit=650%2C241&ssl=1&resize=350%2C200 1x, https:\/\/i0.wp.com\/casadecampoliving.com\/wp-content\/uploads\/2012\/10\/SILGON.jpg?fit=650%2C241&ssl=1&resize=525%2C300 1.5x"},"classes":[]}],"jetpack_sharing_enabled":true,"_links":{"self":[{"href":"https:\/\/casadecampoliving.com\/es\/wp-json\/wp\/v2\/pages\/58770","targetHints":{"allow":["GET"]}}],"collection":[{"href":"https:\/\/casadecampoliving.com\/es\/wp-json\/wp\/v2\/pages"}],"about":[{"href":"https:\/\/casadecampoliving.com\/es\/wp-json\/wp\/v2\/types\/page"}],"author":[{"embeddable":true,"href":"https:\/\/casadecampoliving.com\/es\/wp-json\/wp\/v2\/users\/31"}],"replies":[{"embeddable":true,"href":"https:\/\/casadecampoliving.com\/es\/wp-json\/wp\/v2\/comments?post=58770"}],"version-history":[{"count":0,"href":"https:\/\/casadecampoliving.com\/es\/wp-json\/wp\/v2\/pages\/58770\/revisions"}],"wp:featuredmedia":[{"embeddable":true,"href":"https:\/\/casadecampoliving.com\/es\/wp-json\/wp\/v2\/media\/58766"}],"wp:attachment":[{"href":"https:\/\/casadecampoliving.com\/es\/wp-json\/wp\/v2\/media?parent=58770"}],"wp:term":[{"taxonomy":"newspack_spnsrs_tax","embeddable":true,"href":"https:\/\/casadecampoliving.com\/es\/wp-json\/wp\/v2\/newspack_spnsrs_tax?post=58770"}],"curies":[{"name":"wp","href":"https:\/\/api.w.org\/{rel}","templated":true}]}}