{"id":56809,"date":"2012-08-24T10:21:23","date_gmt":"2012-08-24T14:21:23","guid":{"rendered":"http:\/\/casadecampoliving.com\/?page_id=56809"},"modified":"2022-10-21T17:39:19","modified_gmt":"2022-10-21T21:39:19","slug":"tormenta-tropical-isaac","status":"publish","type":"page","link":"https:\/\/casadecampoliving.com\/es\/tormenta-tropical-isaac\/","title":{"rendered":"Casa de Campo durante tormenta tropical Isaac"},"content":{"rendered":"\n<p>Aqu\u00ed les traemos noticias de todos los servicios y restaurantes en Casa de Campo \u2013 durante&nbsp;el paso de la tormenta tropical isaac:<\/p>\n\n\n\n<blockquote class=\"wp-block-quote is-layout-flow wp-block-quote-is-layout-flow\"><p><strong>NOTA:<\/strong>&nbsp;Dependiendo en las condici\u00f3nes del clima esta informaci\u00f3n esta sujeto a cambios! Para confirmar por favor llamar ext. 0<\/p><\/blockquote>\n\n\n\n<p><strong>Seguridad de Casa de Campo: bomberos y ambulancia<\/strong><\/p>\n\n\n\n<p>\u2022 El departamento de seguridad de Casa de Campo tiene servicios disponibles 24 horas para atender cualquier emergencia que pueda surgir.<\/p>\n\n\n\n<p>\u2022 Llame a la EXT. 5193 o al 5194 para emergencias.<\/p>\n\n\n\n<p><strong>Servicios de comida y restaurantes de Casa de Campo<\/strong><\/p>\n\n\n\n<p>\u2022 Los siguientes restaurantes estar\u00e1n CERRADOS hasta nuevo aviso: Lago Grill, Beach Club By Le Cirque y el Coco Mar Bar en la playa Minitas, as\u00ed como el Bar del Hoyo 19.<\/p>\n\n\n\n<p>\u2022 Los siguientes restaurantes estar\u00e1n ABIERTOS: La Ca\u00f1a By Il Circo en el \u00e1rea principal de Casa de Campo para almuerzo y cena,&nbsp;La Piazzetta en Altos de Chav\u00f3n para cena,&nbsp;Chinois en la Marina Casa de Campo para almuerzo y cena.<\/p>\n\n\n\n<p>\u2022 Servicios de habitaci\u00f3n disponible 24 horas para hu\u00e9spedes de Casa de Campo y villas (privadas) \u2013 por favor comun\u00edquese a la EXT. 3118 o al&nbsp; 3117.<\/p>\n\n\n\n<p><strong>Compras<\/strong><\/p>\n\n\n\n<p>\u2022 El Supermercado Nacional en la Marina Casa de Campo y el Mercadito en Altos de Chav\u00f3n permanecer\u00e1n abiertos en horario normal. Ambos cierran esta noche a las 8 p.m.<\/p>\n\n\n\n<p><strong>Facilidades y deportes en Casa de Campo<br>\n<\/strong><\/p>\n\n\n\n<p>\u2022 Las siguientes actividades y deportes de Casa de Campo estar\u00e1n cerrados hasta nuevo aviso: playa Minitas, Club de Tenis La Terraza,&nbsp; los campos de golf; Teeth of the Dog, Links and Dye Fore, el Centro de Tiro de Casa de Campo, las piscinas del hotel y el Centro Ecuestre de Casa de Campo.<\/p>\n\n\n\n<p>\u2022 El Casa de Campo Spa permanece ABIERTO \u2013 aunque es posible que cierre m\u00e1s temprano hoy, a las 3 p.m. (dependiendo de las condiciones del tiempo).<\/p>\n\n\n\n<p><strong>La Marina Casa de Campo<\/strong><br>\nFrank Castillo, Harbourmaster de la Marina Casa de Campo nos mand\u00f3 esta mensaje:<\/p>\n\n\n\n<p>\u201cEstamos emitiendo \u2018<em>Una Advertencia\u2019<\/em>&nbsp;a los due\u00f1os, Capitanes y tripulantes que tienen embarcaciones en muelles en las instalaciones de la Marina de Casa de Campo, <strong>para que planifiquen anticipadamente y opten por tomar todas las medidas necesarias para proteger sus embarcaciones y a su vez retiren sus embarcaciones fuera de las instalaciones de Marina de Casa de Campo<\/strong>, si lo consideran pertinente. La&nbsp;Marina de Casa de Campo no se har\u00e1 responsable de los da\u00f1os o perdidas a cualquier embarcaci\u00f3n que por cualquier motivo permanezca en muelle durante el paso de la tormenta tropical lsaac.\u201d<\/p>\n\n\n\n<p><strong>Hotel Casa de Campo<\/strong><\/p>\n\n\n\n<p>\u2022 Un \u201clounge\u201d se ha establecido en el Centro de Conferencias Flamboy\u00e1n para los hu\u00e9spedes de Casa de Campo. Esta \u00e1rea est\u00e1 dise\u00f1ada para ser un \u00e1rea social que ofrecer\u00e1 actividades divertidas, tanto para adultos como para ni\u00f1os. Bebidas no-alcoh\u00f3licas complementarias, as\u00ed como WI-FI (seg\u00fan permita el clima) estar\u00e1n disponibles.<\/p>\n","protected":false},"excerpt":{"rendered":"<p>Aqu\u00ed les traemos noticias de todos los servicios y restaurantes en Casa de Campo \u2013 durante&nbsp;el paso de la tormenta tropical isaac: NOTA:&nbsp;Dependiendo en las condici\u00f3nes del clima esta informaci\u00f3n esta sujeto a cambios! Para confirmar por favor llamar ext. 0 Seguridad de Casa de Campo: bomberos y ambulancia \u2022 El departamento de seguridad de [&hellip;]<\/p>\n","protected":false},"author":31,"featured_media":0,"parent":0,"menu_order":0,"comment_status":"closed","ping_status":"closed","template":"","meta":{"newspack_ads_suppress_ads":false,"newspack_popups_has_disabled_popups":false,"newspack_sponsor_sponsorship_scope":"","newspack_sponsor_native_byline_display":"inherit","newspack_sponsor_native_category_display":"inherit","newspack_sponsor_underwriter_style":"inherit","newspack_sponsor_underwriter_placement":"inherit","newspack_content_restriction_is_exempt":false,"newspack_featured_image_position":"","newspack_hide_page_title":false,"newspack_show_share_buttons":false,"footnotes":""},"newspack_spnsrs_tax":[],"class_list":["post-56809","page","type-page","status-publish","hentry","entry"],"yoast_head":"<!-- This site is optimized with the Yoast SEO plugin v27.3 - https:\/\/yoast.com\/product\/yoast-seo-wordpress\/ -->\n<title>Casa de Campo durante tormenta tropical Isaac | Casa de Campo Living<\/title>\n<meta name=\"description\" content=\"Aqu\u00ed les traemos noticias de todos los servicios y restaurantes en Casa de Campo \u2013 durante&nbsp;el paso de la tormenta tropical isaac:\" \/>\n<meta name=\"robots\" content=\"index, follow, max-snippet:-1, max-image-preview:large, max-video-preview:-1\" \/>\n<link rel=\"canonical\" href=\"https:\/\/casadecampoliving.com\/es\/tormenta-tropical-isaac\/\" \/>\n<meta property=\"og:locale\" content=\"es_ES\" \/>\n<meta property=\"og:type\" content=\"article\" \/>\n<meta property=\"og:title\" content=\"Casa de Campo durante tormenta tropical Isaac | Casa de Campo Living\" \/>\n<meta property=\"og:description\" content=\"Aqu\u00ed les traemos noticias de todos los servicios y restaurantes en Casa de Campo \u2013 durante&nbsp;el paso de la tormenta tropical isaac:\" \/>\n<meta property=\"og:url\" content=\"https:\/\/casadecampoliving.com\/es\/tormenta-tropical-isaac\/\" \/>\n<meta property=\"og:site_name\" content=\"Casa de Campo Living\" \/>\n<meta property=\"article:publisher\" content=\"https:\/\/www.facebook.com\/casadecampoliving\" \/>\n<meta property=\"article:modified_time\" content=\"2022-10-21T21:39:19+00:00\" \/>\n<meta name=\"twitter:card\" content=\"summary_large_image\" \/>\n<meta name=\"twitter:site\" content=\"@cdcliving\" \/>\n<meta name=\"twitter:label1\" content=\"Tiempo de lectura\" \/>\n\t<meta name=\"twitter:data1\" content=\"2 minutos\" \/>\n<script type=\"application\/ld+json\" class=\"yoast-schema-graph\">{\"@context\":\"https:\\\/\\\/schema.org\",\"@graph\":[{\"@type\":\"WebPage\",\"@id\":\"https:\\\/\\\/casadecampoliving.com\\\/es\\\/tormenta-tropical-isaac\\\/\",\"url\":\"https:\\\/\\\/casadecampoliving.com\\\/es\\\/tormenta-tropical-isaac\\\/\",\"name\":\"Casa de Campo durante tormenta tropical Isaac | Casa de Campo Living\",\"isPartOf\":{\"@id\":\"https:\\\/\\\/casadecampoliving.com\\\/es\\\/#website\"},\"datePublished\":\"2012-08-24T14:21:23+00:00\",\"dateModified\":\"2022-10-21T21:39:19+00:00\",\"description\":\"Aqu\u00ed les traemos noticias de todos los servicios y restaurantes en Casa de Campo \u2013 durante&nbsp;el paso de la tormenta tropical isaac:\",\"breadcrumb\":{\"@id\":\"https:\\\/\\\/casadecampoliving.com\\\/es\\\/tormenta-tropical-isaac\\\/#breadcrumb\"},\"inLanguage\":\"es\",\"potentialAction\":[{\"@type\":\"ReadAction\",\"target\":[\"https:\\\/\\\/casadecampoliving.com\\\/es\\\/tormenta-tropical-isaac\\\/\"]}]},{\"@type\":\"BreadcrumbList\",\"@id\":\"https:\\\/\\\/casadecampoliving.com\\\/es\\\/tormenta-tropical-isaac\\\/#breadcrumb\",\"itemListElement\":[{\"@type\":\"ListItem\",\"position\":1,\"name\":\"Home\",\"item\":\"https:\\\/\\\/casadecampoliving.com\\\/es\\\/\"},{\"@type\":\"ListItem\",\"position\":2,\"name\":\"Casa de Campo durante tormenta tropical Isaac\"}]},{\"@type\":\"WebSite\",\"@id\":\"https:\\\/\\\/casadecampoliving.com\\\/es\\\/#website\",\"url\":\"https:\\\/\\\/casadecampoliving.com\\\/es\\\/\",\"name\":\"Casa de Campo Living\",\"description\":\"Resort community news and resources.\",\"publisher\":{\"@id\":\"https:\\\/\\\/casadecampoliving.com\\\/es\\\/#organization\"},\"potentialAction\":[{\"@type\":\"SearchAction\",\"target\":{\"@type\":\"EntryPoint\",\"urlTemplate\":\"https:\\\/\\\/casadecampoliving.com\\\/es\\\/?s={search_term_string}\"},\"query-input\":{\"@type\":\"PropertyValueSpecification\",\"valueRequired\":true,\"valueName\":\"search_term_string\"}}],\"inLanguage\":\"es\"},{\"@type\":\"Organization\",\"@id\":\"https:\\\/\\\/casadecampoliving.com\\\/es\\\/#organization\",\"name\":\"Casa de Campo Living\",\"url\":\"https:\\\/\\\/casadecampoliving.com\\\/es\\\/\",\"logo\":{\"@type\":\"ImageObject\",\"inLanguage\":\"es\",\"@id\":\"https:\\\/\\\/casadecampoliving.com\\\/es\\\/#\\\/schema\\\/logo\\\/image\\\/\",\"url\":\"https:\\\/\\\/i0.wp.com\\\/casadecampoliving.com\\\/wp-content\\\/uploads\\\/2022\\\/07\\\/CDCLivingLogo_V1-white-sized.png?fit=800%2C214&ssl=1\",\"contentUrl\":\"https:\\\/\\\/i0.wp.com\\\/casadecampoliving.com\\\/wp-content\\\/uploads\\\/2022\\\/07\\\/CDCLivingLogo_V1-white-sized.png?fit=800%2C214&ssl=1\",\"width\":800,\"height\":214,\"caption\":\"Casa de Campo Living\"},\"image\":{\"@id\":\"https:\\\/\\\/casadecampoliving.com\\\/es\\\/#\\\/schema\\\/logo\\\/image\\\/\"},\"sameAs\":[\"https:\\\/\\\/www.facebook.com\\\/casadecampoliving\",\"https:\\\/\\\/x.com\\\/cdcliving\"]}]}<\/script>\n<!-- \/ Yoast SEO plugin. -->","yoast_head_json":{"title":"Casa de Campo durante tormenta tropical Isaac | Casa de Campo Living","description":"Aqu\u00ed les traemos noticias de todos los servicios y restaurantes en Casa de Campo \u2013 durante&nbsp;el paso de la tormenta tropical isaac:","robots":{"index":"index","follow":"follow","max-snippet":"max-snippet:-1","max-image-preview":"max-image-preview:large","max-video-preview":"max-video-preview:-1"},"canonical":"https:\/\/casadecampoliving.com\/es\/tormenta-tropical-isaac\/","og_locale":"es_ES","og_type":"article","og_title":"Casa de Campo durante tormenta tropical Isaac | Casa de Campo Living","og_description":"Aqu\u00ed les traemos noticias de todos los servicios y restaurantes en Casa de Campo \u2013 durante&nbsp;el paso de la tormenta tropical isaac:","og_url":"https:\/\/casadecampoliving.com\/es\/tormenta-tropical-isaac\/","og_site_name":"Casa de Campo Living","article_publisher":"https:\/\/www.facebook.com\/casadecampoliving","article_modified_time":"2022-10-21T21:39:19+00:00","twitter_card":"summary_large_image","twitter_site":"@cdcliving","twitter_misc":{"Tiempo de lectura":"2 minutos"},"schema":{"@context":"https:\/\/schema.org","@graph":[{"@type":"WebPage","@id":"https:\/\/casadecampoliving.com\/es\/tormenta-tropical-isaac\/","url":"https:\/\/casadecampoliving.com\/es\/tormenta-tropical-isaac\/","name":"Casa de Campo durante tormenta tropical Isaac | Casa de Campo Living","isPartOf":{"@id":"https:\/\/casadecampoliving.com\/es\/#website"},"datePublished":"2012-08-24T14:21:23+00:00","dateModified":"2022-10-21T21:39:19+00:00","description":"Aqu\u00ed les traemos noticias de todos los servicios y restaurantes en Casa de Campo \u2013 durante&nbsp;el paso de la tormenta tropical isaac:","breadcrumb":{"@id":"https:\/\/casadecampoliving.com\/es\/tormenta-tropical-isaac\/#breadcrumb"},"inLanguage":"es","potentialAction":[{"@type":"ReadAction","target":["https:\/\/casadecampoliving.com\/es\/tormenta-tropical-isaac\/"]}]},{"@type":"BreadcrumbList","@id":"https:\/\/casadecampoliving.com\/es\/tormenta-tropical-isaac\/#breadcrumb","itemListElement":[{"@type":"ListItem","position":1,"name":"Home","item":"https:\/\/casadecampoliving.com\/es\/"},{"@type":"ListItem","position":2,"name":"Casa de Campo durante tormenta tropical Isaac"}]},{"@type":"WebSite","@id":"https:\/\/casadecampoliving.com\/es\/#website","url":"https:\/\/casadecampoliving.com\/es\/","name":"Casa de Campo Living","description":"Resort community news and resources.","publisher":{"@id":"https:\/\/casadecampoliving.com\/es\/#organization"},"potentialAction":[{"@type":"SearchAction","target":{"@type":"EntryPoint","urlTemplate":"https:\/\/casadecampoliving.com\/es\/?s={search_term_string}"},"query-input":{"@type":"PropertyValueSpecification","valueRequired":true,"valueName":"search_term_string"}}],"inLanguage":"es"},{"@type":"Organization","@id":"https:\/\/casadecampoliving.com\/es\/#organization","name":"Casa de Campo Living","url":"https:\/\/casadecampoliving.com\/es\/","logo":{"@type":"ImageObject","inLanguage":"es","@id":"https:\/\/casadecampoliving.com\/es\/#\/schema\/logo\/image\/","url":"https:\/\/i0.wp.com\/casadecampoliving.com\/wp-content\/uploads\/2022\/07\/CDCLivingLogo_V1-white-sized.png?fit=800%2C214&ssl=1","contentUrl":"https:\/\/i0.wp.com\/casadecampoliving.com\/wp-content\/uploads\/2022\/07\/CDCLivingLogo_V1-white-sized.png?fit=800%2C214&ssl=1","width":800,"height":214,"caption":"Casa de Campo Living"},"image":{"@id":"https:\/\/casadecampoliving.com\/es\/#\/schema\/logo\/image\/"},"sameAs":["https:\/\/www.facebook.com\/casadecampoliving","https:\/\/x.com\/cdcliving"]}]}},"parsely":{"version":"1.1.0","canonical_url":"https:\/\/casadecampoliving.com\/es\/tormenta-tropical-isaac\/","smart_links":{"inbound":0,"outbound":0},"traffic_boost_suggestions_count":0,"meta":{"@context":"https:\/\/schema.org","@type":"WebPage","headline":"Casa de Campo durante tormenta tropical Isaac","url":"http:\/\/casadecampoliving.com\/es\/tormenta-tropical-isaac\/","mainEntityOfPage":{"@type":"WebPage","@id":"http:\/\/casadecampoliving.com\/es\/tormenta-tropical-isaac\/"},"thumbnailUrl":"","image":{"@type":"ImageObject","url":""},"articleSection":"Uncategorized @es","author":[{"@type":"Person","name":"Rebecca Silvestri"}],"creator":["Rebecca Silvestri"],"publisher":{"@type":"Organization","name":"Casa de Campo Living","logo":"https:\/\/casadecampoliving.com\/wp-content\/uploads\/2022\/07\/CDCLivingLogo_V1-white-sized.png"},"keywords":[],"dateCreated":"2012-08-24T14:21:23Z","datePublished":"2012-08-24T14:21:23Z","dateModified":"2022-10-21T21:39:19Z"},"rendered":"<script type=\"application\/ld+json\" class=\"wp-parsely-metadata\">{\"@context\":\"https:\\\/\\\/schema.org\",\"@type\":\"WebPage\",\"headline\":\"Casa de Campo durante tormenta tropical Isaac\",\"url\":\"http:\\\/\\\/casadecampoliving.com\\\/es\\\/tormenta-tropical-isaac\\\/\",\"mainEntityOfPage\":{\"@type\":\"WebPage\",\"@id\":\"http:\\\/\\\/casadecampoliving.com\\\/es\\\/tormenta-tropical-isaac\\\/\"},\"thumbnailUrl\":\"\",\"image\":{\"@type\":\"ImageObject\",\"url\":\"\"},\"articleSection\":\"Uncategorized @es\",\"author\":[{\"@type\":\"Person\",\"name\":\"Rebecca Silvestri\"}],\"creator\":[\"Rebecca Silvestri\"],\"publisher\":{\"@type\":\"Organization\",\"name\":\"Casa de Campo Living\",\"logo\":\"https:\\\/\\\/casadecampoliving.com\\\/wp-content\\\/uploads\\\/2022\\\/07\\\/CDCLivingLogo_V1-white-sized.png\"},\"keywords\":[],\"dateCreated\":\"2012-08-24T14:21:23Z\",\"datePublished\":\"2012-08-24T14:21:23Z\",\"dateModified\":\"2022-10-21T21:39:19Z\"}<\/script>","tracker_url":"https:\/\/cdn.parsely.com\/keys\/casadecampoliving.com\/p.js"},"jetpack-related-posts":[{"id":73692,"url":"https:\/\/casadecampoliving.com\/es\/huracanes\/","url_meta":{"origin":56809,"position":0},"title":"Qu\u00e9 hacer en caso de alertas de tormentas y huracanes","author":"Rebecca Silvestri","date":"9 Jul, 2013","format":false,"excerpt":"Si una tormenta o hurac\u00e1n est\u00e1 de camino y no puede dejar el pa\u00eds o el \u00e1rea, esto es lo que deber\u00eda hacer: 1 \u2013 Cortar algunas ramas de los \u00e1rboles cercanos Antes de que se retire su jardinero, aprov\u00e9chelo \u2013 corte las ramas meas grandes y peligrosas de cualquier\u2026","rel":"","context":"Entrada similar","block_context":{"text":"Entrada similar","link":""},"img":{"alt_text":"tropical storm isaac","src":"https:\/\/i0.wp.com\/casadecampoliving.com\/wp-content\/uploads\/2012\/08\/tropical_storm_isaac6.jpg?resize=350%2C200&ssl=1","width":350,"height":200,"srcset":"https:\/\/i0.wp.com\/casadecampoliving.com\/wp-content\/uploads\/2012\/08\/tropical_storm_isaac6.jpg?resize=350%2C200&ssl=1 1x, https:\/\/i0.wp.com\/casadecampoliving.com\/wp-content\/uploads\/2012\/08\/tropical_storm_isaac6.jpg?resize=525%2C300&ssl=1 1.5x"},"classes":[]},{"id":46956,"url":"https:\/\/casadecampoliving.com\/es\/playaminitas\/","url_meta":{"origin":56809,"position":1},"title":"Playa Minitas","author":"Rebecca Silvestri","date":"20 Mar, 2012","format":false,"excerpt":"Con servicio de camareros disponibles hasta su chaise longue\u00a0desde el restaurante Beach Club by Le Cirque o del Coco Mar Bar, al igual que divertidos juegos y actividades y deportes acu\u00e1ticos para entretener a los ni\u00f1os \u2013 la Playa Minitas, la playa privada de Casa de Campo, es el mejor\u2026","rel":"","context":"Entrada similar","block_context":{"text":"Entrada similar","link":""},"img":{"alt_text":"minitas beach casa de campo","src":"https:\/\/i0.wp.com\/casadecampoliving.com\/wp-content\/uploads\/2012\/03\/minitas_beach_casa_de_campo1.jpg?fit=650%2C320&ssl=1&resize=350%2C200","width":350,"height":200,"srcset":"https:\/\/i0.wp.com\/casadecampoliving.com\/wp-content\/uploads\/2012\/03\/minitas_beach_casa_de_campo1.jpg?fit=650%2C320&ssl=1&resize=350%2C200 1x, https:\/\/i0.wp.com\/casadecampoliving.com\/wp-content\/uploads\/2012\/03\/minitas_beach_casa_de_campo1.jpg?fit=650%2C320&ssl=1&resize=525%2C300 1.5x"},"classes":[]},{"id":42779,"url":"https:\/\/casadecampoliving.com\/es\/info-2\/cuota-de-inscripcion-del-complejo-casa-de-campo\/","url_meta":{"origin":56809,"position":2},"title":"Cuota de inscripci\u00f3n del complejo Casa de Campo","author":"Rebecca Silvestri","date":"13 Ene, 2012","format":false,"excerpt":"Como Casa de Campo es un resort privado, el acceso esta limitado a los due\u00f1os de villas y sus\u00a0hu\u00e9spedes\u00a0y los\u00a0hu\u00e9spedes\u00a0del hotel Casa de Campo. En general, la entrada de Casa de Campo es gratis pero para ciertos visitantes hay una \u201cCuota de inscripci\u00f3n.\u201d Aqu\u00ed les traemos todo\u00a0lo que necesitas saber.\u2026","rel":"","context":"Entrada similar","block_context":{"text":"Entrada similar","link":""},"img":{"alt_text":"","src":"https:\/\/i0.wp.com\/casadecampoliving.com\/wp-content\/uploads\/2011\/04\/carga_acceso_casadecampo.jpg?fit=565%2C218&ssl=1&resize=350%2C200","width":350,"height":200,"srcset":"https:\/\/i0.wp.com\/casadecampoliving.com\/wp-content\/uploads\/2011\/04\/carga_acceso_casadecampo.jpg?fit=565%2C218&ssl=1&resize=350%2C200 1x, https:\/\/i0.wp.com\/casadecampoliving.com\/wp-content\/uploads\/2011\/04\/carga_acceso_casadecampo.jpg?fit=565%2C218&ssl=1&resize=525%2C300 1.5x"},"classes":[]},{"id":73378,"url":"https:\/\/casadecampoliving.com\/es\/preparados-temporada-ciclonica\/","url_meta":{"origin":56809,"position":3},"title":"\u00bfEst\u00e1n usted y su villa de Casa de Campo preparados para la temporada cicl\u00f3nica?","author":"Rebecca Silvestri","date":"5 Jul, 2013","format":false,"excerpt":"La temporada de huracanes del Atl\u00e1ntico se produce desde el 1 de junio hasta el 30 de noviembre, as\u00ed que aqu\u00ed compartimos con ustedes unos cuantos tips para asegurar que usted y su villa de Casa de Campo est\u00e9n preparados. Antes de comenzar con los tips: por favor recuerde es\u2026","rel":"","context":"Entrada similar","block_context":{"text":"Entrada similar","link":""},"img":{"alt_text":"","src":"https:\/\/i0.wp.com\/casadecampoliving.com\/wp-content\/uploads\/2011\/08\/teeth_of_the_dog_golf_casa_de_campo_storm_surge_hurricane_irene.jpg?resize=350%2C200&ssl=1","width":350,"height":200,"srcset":"https:\/\/i0.wp.com\/casadecampoliving.com\/wp-content\/uploads\/2011\/08\/teeth_of_the_dog_golf_casa_de_campo_storm_surge_hurricane_irene.jpg?resize=350%2C200&ssl=1 1x, https:\/\/i0.wp.com\/casadecampoliving.com\/wp-content\/uploads\/2011\/08\/teeth_of_the_dog_golf_casa_de_campo_storm_surge_hurricane_irene.jpg?resize=525%2C300&ssl=1 1.5x"},"classes":[]},{"id":79200,"url":"https:\/\/casadecampoliving.com\/es\/2013-duenos\/","url_meta":{"origin":56809,"position":4},"title":"Due\u00f1os 2013: 22 &#8211; 23 de noviembre","author":"Rebecca Silvestri","date":"10 Oct, 2013","format":false,"excerpt":"Para los due\u00f1os de villa de Casa de Campo, el fin de semana anual Due\u00f1os, es uno de los mejores del a\u00f1o, es cuando tenemos la oportunidad de experimentar todo lo que Casa de Campo \u201cThe Sporting Life\u201d tiene para ofrecer, y al mismo tiempo conocer a compa\u00f1eros propietarios de\u2026","rel":"","context":"Entrada similar","block_context":{"text":"Entrada similar","link":""},"img":{"alt_text":"alfonso paniagua claudio silvestri","src":"https:\/\/i0.wp.com\/casadecampoliving.com\/wp-content\/uploads\/2012\/11\/alfonso_paniagua_claudio_silvestri.jpg?fit=650%2C436&ssl=1&resize=350%2C200","width":350,"height":200,"srcset":"https:\/\/i0.wp.com\/casadecampoliving.com\/wp-content\/uploads\/2012\/11\/alfonso_paniagua_claudio_silvestri.jpg?fit=650%2C436&ssl=1&resize=350%2C200 1x, https:\/\/i0.wp.com\/casadecampoliving.com\/wp-content\/uploads\/2012\/11\/alfonso_paniagua_claudio_silvestri.jpg?fit=650%2C436&ssl=1&resize=525%2C300 1.5x"},"classes":[]},{"id":98541,"url":"https:\/\/casadecampoliving.com\/es\/todo-lo-mejor-de-2014\/","url_meta":{"origin":56809,"position":5},"title":"\u00a1Lo mejor de 2014!","author":"Rebecca Silvestri","date":"29 Sep, 2014","format":false,"excerpt":"\u00a1Acomp\u00e1\u00f1anos en nuestra b\u00fasqueda de los mejores restaurantes! \u00bfQui\u00e9nes sirven los mejores mariscos? \u00bfLa pasta m\u00e1s aut\u00e9ntica? \u00bfD\u00f3nde prefiere ir para una noche rom\u00e1ntica? \u00bfO para una cena con toda su familia? \u00bfY qu\u00e9 hay del servicio m\u00e1s eficiente?\u00a0\u00bfEl sitio ideal para las celebraciones?\u00a0\u00bfNo les gustar\u00eda saber cu\u00e1les son los\u2026","rel":"","context":"Entrada similar","block_context":{"text":"Entrada similar","link":""},"img":{"alt_text":"Beach Club by Le Cirque","src":"https:\/\/i0.wp.com\/casadecampoliving.com\/wp-content\/uploads\/2014\/09\/beach_club_by_le_cirque2.jpg?fit=650%2C434&ssl=1&resize=350%2C200","width":350,"height":200,"srcset":"https:\/\/i0.wp.com\/casadecampoliving.com\/wp-content\/uploads\/2014\/09\/beach_club_by_le_cirque2.jpg?fit=650%2C434&ssl=1&resize=350%2C200 1x, https:\/\/i0.wp.com\/casadecampoliving.com\/wp-content\/uploads\/2014\/09\/beach_club_by_le_cirque2.jpg?fit=650%2C434&ssl=1&resize=525%2C300 1.5x"},"classes":[]}],"jetpack_sharing_enabled":true,"_links":{"self":[{"href":"https:\/\/casadecampoliving.com\/es\/wp-json\/wp\/v2\/pages\/56809","targetHints":{"allow":["GET"]}}],"collection":[{"href":"https:\/\/casadecampoliving.com\/es\/wp-json\/wp\/v2\/pages"}],"about":[{"href":"https:\/\/casadecampoliving.com\/es\/wp-json\/wp\/v2\/types\/page"}],"author":[{"embeddable":true,"href":"https:\/\/casadecampoliving.com\/es\/wp-json\/wp\/v2\/users\/31"}],"replies":[{"embeddable":true,"href":"https:\/\/casadecampoliving.com\/es\/wp-json\/wp\/v2\/comments?post=56809"}],"version-history":[{"count":0,"href":"https:\/\/casadecampoliving.com\/es\/wp-json\/wp\/v2\/pages\/56809\/revisions"}],"wp:attachment":[{"href":"https:\/\/casadecampoliving.com\/es\/wp-json\/wp\/v2\/media?parent=56809"}],"wp:term":[{"taxonomy":"newspack_spnsrs_tax","embeddable":true,"href":"https:\/\/casadecampoliving.com\/es\/wp-json\/wp\/v2\/newspack_spnsrs_tax?post=56809"}],"curies":[{"name":"wp","href":"https:\/\/api.w.org\/{rel}","templated":true}]}}