{"id":54953,"date":"2013-06-19T10:37:29","date_gmt":"2013-06-19T14:37:29","guid":{"rendered":"http:\/\/casadecampoliving.com\/?page_id=54953"},"modified":"2022-10-21T17:26:36","modified_gmt":"2022-10-21T21:26:36","slug":"spa","status":"publish","type":"page","link":"https:\/\/casadecampoliving.com\/es\/spa\/","title":{"rendered":"Casa de Campo Spa"},"content":{"rendered":"<div class=\"wp-block-image\">\n<figure class=\"aligncenter is-resized\"><img loading=\"lazy\" decoding=\"async\" src=\"https:\/\/i0.wp.com\/casadecampoliving-wp.s3-accelerate.amazonaws.com\/2013\/06\/casa_de_campo_spa1.jpg?resize=650%2C379&amp;ssl=1\" alt=\"casa de campo spa\" class=\"wp-image-72353\" title=\"casa_de_campo_spa\" height=\"379\" width=\"650\" srcset=\"https:\/\/i0.wp.com\/casadecampoliving.com\/wp-content\/uploads\/2013\/06\/casa_de_campo_spa1.jpg?w=650&amp;ssl=1 650w, https:\/\/i0.wp.com\/casadecampoliving.com\/wp-content\/uploads\/2013\/06\/casa_de_campo_spa1.jpg?resize=300%2C174&amp;ssl=1 300w, https:\/\/i0.wp.com\/casadecampoliving-wp.s3-accelerate.amazonaws.com\/2013\/06\/casa_de_campo_spa1.jpg?w=370 370w, https:\/\/i0.wp.com\/casadecampoliving-wp.s3-accelerate.amazonaws.com\/2013\/06\/casa_de_campo_spa1.jpg?w=400 400w\" sizes=\"auto, (max-width: 650px) 100vw, 650px\" \/><\/figure>\n<\/div>\n\n\n<p><br>\nCasa de Campo Spa in inspired by our native acribean rotos and the purity of nature. Using tropical essences, organic elixirs, and the finest techniques, our internationally qualified spa therapists take you on a journey to the extrordinary.<\/p>\n\n\n<div class=\"wp-block-image\">\n<figure class=\"alignright is-resized\"><img loading=\"lazy\" decoding=\"async\" src=\"https:\/\/i0.wp.com\/casadecampoliving-wp.s3-accelerate.amazonaws.com\/2013\/06\/casa_de_campo_spa.jpg?resize=250%2C375&amp;ssl=1\" alt=\"casa de campo spa\" class=\"wp-image-72352\" title=\"casa_de_campo_spa\" height=\"375\" width=\"250\" srcset=\"https:\/\/i0.wp.com\/casadecampoliving.com\/wp-content\/uploads\/2013\/06\/casa_de_campo_spa.jpg?w=250&amp;ssl=1 250w, https:\/\/i0.wp.com\/casadecampoliving.com\/wp-content\/uploads\/2013\/06\/casa_de_campo_spa.jpg?resize=200%2C300&amp;ssl=1 200w, https:\/\/i0.wp.com\/casadecampoliving-wp.s3-accelerate.amazonaws.com\/2013\/06\/casa_de_campo_spa.jpg?w=370 370w, https:\/\/i0.wp.com\/casadecampoliving-wp.s3-accelerate.amazonaws.com\/2013\/06\/casa_de_campo_spa.jpg?w=400 400w\" sizes=\"auto, (max-width: 250px) 100vw, 250px\" \/><\/figure>\n<\/div>\n\n\n<p>The Casa de Campo Spa offers a long list of spa treatments, each of them speacially made to make you relax, release your spirit, rejuvenate your soul and cleanse the mind of all thoughts. They go from classic massages to three-dimensional massage, we also offer different facials treatments each of them specially designed for all types of skin giving you the right treatment and minerals for YOUR skin\u2019s needs, to keep you looking radiant and glowing.<\/p>\n\n\n\n<p>Not only does the Casa de Campo Spa pamper your body, but we also take care of your mind, offering ayurvedic and balancing treatments, like de abhyanga massage, the chakra balance reading and reiki, and we also offer yoga classes.<\/p>\n\n\n\n<p>In addition to the guest experience at the luxurious Casa de Campo Spa, we also bring the spa to the privacy of the villas, hotel rooms, at a beautiful gazebo at the beach and even aboard your private yacht.<\/p>\n\n\n\n<p>They also offer a \u2018mobile spa\u2019 concept, where they can set up a nice relaxation spa in sport activities such as Polo Tournaments, Golf Tournaments etc.<\/p>\n\n\n\n<blockquote class=\"wp-block-quote is-layout-flow wp-block-quote-is-layout-flow\"><p><strong>The Casa de Campo Spa<\/strong><\/p><p>Located in the main Casa de Campo hotel area, a haven of tranquility, where each client enjoys their massage or treatment in the privacy of their own caba\u00f1a.<\/p><p><strong>Open daily:<\/strong> 9am \u2013 8pm<\/p><p><strong>Tel:<\/strong> (809) 523-8529<\/p><\/blockquote>\n","protected":false},"excerpt":{"rendered":"<p>Casa de Campo Spa in inspired by our native acribean rotos and the purity of nature. Using tropical essences, organic elixirs, and the finest techniques, our internationally qualified spa therapists take you on a journey to the extrordinary. The Casa de Campo Spa offers a long list of spa treatments, each of them speacially made [&hellip;]<\/p>\n","protected":false},"author":31,"featured_media":72353,"parent":0,"menu_order":0,"comment_status":"closed","ping_status":"closed","template":"","meta":{"newspack_ads_suppress_ads":false,"newspack_popups_has_disabled_popups":false,"newspack_sponsor_sponsorship_scope":"","newspack_sponsor_native_byline_display":"inherit","newspack_sponsor_native_category_display":"inherit","newspack_sponsor_underwriter_style":"inherit","newspack_sponsor_underwriter_placement":"inherit","newspack_content_restriction_is_exempt":false,"newspack_featured_image_position":"","newspack_hide_page_title":false,"newspack_show_share_buttons":false,"footnotes":""},"newspack_spnsrs_tax":[],"class_list":["post-54953","page","type-page","status-publish","has-post-thumbnail","hentry","entry"],"yoast_head":"<!-- This site is optimized with the Yoast SEO plugin v27.3 - https:\/\/yoast.com\/product\/yoast-seo-wordpress\/ -->\n<title>Casa de Campo Spa | Casa de Campo Living<\/title>\n<meta name=\"description\" content=\"Casa de Campo Spa in inspired by our native acribean rotos and the purity of nature. Using tropical essences, organic elixirs, and the finest techniques,\" \/>\n<meta name=\"robots\" content=\"index, follow, max-snippet:-1, max-image-preview:large, max-video-preview:-1\" \/>\n<link rel=\"canonical\" href=\"https:\/\/casadecampoliving.com\/es\/spa\/\" \/>\n<meta property=\"og:locale\" content=\"es_ES\" \/>\n<meta property=\"og:type\" content=\"article\" \/>\n<meta property=\"og:title\" content=\"Casa de Campo Spa | Casa de Campo Living\" \/>\n<meta property=\"og:description\" content=\"Casa de Campo Spa in inspired by our native acribean rotos and the purity of nature. Using tropical essences, organic elixirs, and the finest techniques,\" \/>\n<meta property=\"og:url\" content=\"https:\/\/casadecampoliving.com\/es\/spa\/\" \/>\n<meta property=\"og:site_name\" content=\"Casa de Campo Living\" \/>\n<meta property=\"article:publisher\" content=\"https:\/\/www.facebook.com\/casadecampoliving\" \/>\n<meta property=\"article:modified_time\" content=\"2022-10-21T21:26:36+00:00\" \/>\n<meta property=\"og:image\" content=\"https:\/\/i0.wp.com\/casadecampoliving.com\/wp-content\/uploads\/2013\/06\/casa_de_campo_spa1.jpg?fit=650%2C379&ssl=1\" \/>\n\t<meta property=\"og:image:width\" content=\"650\" \/>\n\t<meta property=\"og:image:height\" content=\"379\" \/>\n\t<meta property=\"og:image:type\" content=\"image\/jpeg\" \/>\n<meta name=\"twitter:card\" content=\"summary_large_image\" \/>\n<meta name=\"twitter:site\" content=\"@cdcliving\" \/>\n<meta name=\"twitter:label1\" content=\"Tiempo de lectura\" \/>\n\t<meta name=\"twitter:data1\" content=\"1 minuto\" \/>\n<script type=\"application\/ld+json\" class=\"yoast-schema-graph\">{\"@context\":\"https:\\\/\\\/schema.org\",\"@graph\":[{\"@type\":\"WebPage\",\"@id\":\"https:\\\/\\\/casadecampoliving.com\\\/es\\\/spa\\\/\",\"url\":\"https:\\\/\\\/casadecampoliving.com\\\/es\\\/spa\\\/\",\"name\":\"Casa de Campo Spa | Casa de Campo Living\",\"isPartOf\":{\"@id\":\"https:\\\/\\\/casadecampoliving.com\\\/es\\\/#website\"},\"primaryImageOfPage\":{\"@id\":\"https:\\\/\\\/casadecampoliving.com\\\/es\\\/spa\\\/#primaryimage\"},\"image\":{\"@id\":\"https:\\\/\\\/casadecampoliving.com\\\/es\\\/spa\\\/#primaryimage\"},\"thumbnailUrl\":\"https:\\\/\\\/i0.wp.com\\\/casadecampoliving.com\\\/wp-content\\\/uploads\\\/2013\\\/06\\\/casa_de_campo_spa1.jpg?fit=650%2C379&ssl=1\",\"datePublished\":\"2013-06-19T14:37:29+00:00\",\"dateModified\":\"2022-10-21T21:26:36+00:00\",\"description\":\"Casa de Campo Spa in inspired by our native acribean rotos and the purity of nature. Using tropical essences, organic elixirs, and the finest techniques,\",\"breadcrumb\":{\"@id\":\"https:\\\/\\\/casadecampoliving.com\\\/es\\\/spa\\\/#breadcrumb\"},\"inLanguage\":\"es\",\"potentialAction\":[{\"@type\":\"ReadAction\",\"target\":[\"https:\\\/\\\/casadecampoliving.com\\\/es\\\/spa\\\/\"]}]},{\"@type\":\"ImageObject\",\"inLanguage\":\"es\",\"@id\":\"https:\\\/\\\/casadecampoliving.com\\\/es\\\/spa\\\/#primaryimage\",\"url\":\"https:\\\/\\\/i0.wp.com\\\/casadecampoliving.com\\\/wp-content\\\/uploads\\\/2013\\\/06\\\/casa_de_campo_spa1.jpg?fit=650%2C379&ssl=1\",\"contentUrl\":\"https:\\\/\\\/i0.wp.com\\\/casadecampoliving.com\\\/wp-content\\\/uploads\\\/2013\\\/06\\\/casa_de_campo_spa1.jpg?fit=650%2C379&ssl=1\",\"width\":\"650\",\"height\":\"379\",\"caption\":\"casa de campo spa\"},{\"@type\":\"BreadcrumbList\",\"@id\":\"https:\\\/\\\/casadecampoliving.com\\\/es\\\/spa\\\/#breadcrumb\",\"itemListElement\":[{\"@type\":\"ListItem\",\"position\":1,\"name\":\"Home\",\"item\":\"https:\\\/\\\/casadecampoliving.com\\\/es\\\/\"},{\"@type\":\"ListItem\",\"position\":2,\"name\":\"Casa de Campo Spa\"}]},{\"@type\":\"WebSite\",\"@id\":\"https:\\\/\\\/casadecampoliving.com\\\/es\\\/#website\",\"url\":\"https:\\\/\\\/casadecampoliving.com\\\/es\\\/\",\"name\":\"Casa de Campo Living\",\"description\":\"Resort community news and resources.\",\"publisher\":{\"@id\":\"https:\\\/\\\/casadecampoliving.com\\\/es\\\/#organization\"},\"potentialAction\":[{\"@type\":\"SearchAction\",\"target\":{\"@type\":\"EntryPoint\",\"urlTemplate\":\"https:\\\/\\\/casadecampoliving.com\\\/es\\\/?s={search_term_string}\"},\"query-input\":{\"@type\":\"PropertyValueSpecification\",\"valueRequired\":true,\"valueName\":\"search_term_string\"}}],\"inLanguage\":\"es\"},{\"@type\":\"Organization\",\"@id\":\"https:\\\/\\\/casadecampoliving.com\\\/es\\\/#organization\",\"name\":\"Casa de Campo Living\",\"url\":\"https:\\\/\\\/casadecampoliving.com\\\/es\\\/\",\"logo\":{\"@type\":\"ImageObject\",\"inLanguage\":\"es\",\"@id\":\"https:\\\/\\\/casadecampoliving.com\\\/es\\\/#\\\/schema\\\/logo\\\/image\\\/\",\"url\":\"https:\\\/\\\/i0.wp.com\\\/casadecampoliving.com\\\/wp-content\\\/uploads\\\/2022\\\/07\\\/CDCLivingLogo_V1-white-sized.png?fit=800%2C214&ssl=1\",\"contentUrl\":\"https:\\\/\\\/i0.wp.com\\\/casadecampoliving.com\\\/wp-content\\\/uploads\\\/2022\\\/07\\\/CDCLivingLogo_V1-white-sized.png?fit=800%2C214&ssl=1\",\"width\":800,\"height\":214,\"caption\":\"Casa de Campo Living\"},\"image\":{\"@id\":\"https:\\\/\\\/casadecampoliving.com\\\/es\\\/#\\\/schema\\\/logo\\\/image\\\/\"},\"sameAs\":[\"https:\\\/\\\/www.facebook.com\\\/casadecampoliving\",\"https:\\\/\\\/x.com\\\/cdcliving\"]}]}<\/script>\n<!-- \/ Yoast SEO plugin. -->","yoast_head_json":{"title":"Casa de Campo Spa | Casa de Campo Living","description":"Casa de Campo Spa in inspired by our native acribean rotos and the purity of nature. Using tropical essences, organic elixirs, and the finest techniques,","robots":{"index":"index","follow":"follow","max-snippet":"max-snippet:-1","max-image-preview":"max-image-preview:large","max-video-preview":"max-video-preview:-1"},"canonical":"https:\/\/casadecampoliving.com\/es\/spa\/","og_locale":"es_ES","og_type":"article","og_title":"Casa de Campo Spa | Casa de Campo Living","og_description":"Casa de Campo Spa in inspired by our native acribean rotos and the purity of nature. Using tropical essences, organic elixirs, and the finest techniques,","og_url":"https:\/\/casadecampoliving.com\/es\/spa\/","og_site_name":"Casa de Campo Living","article_publisher":"https:\/\/www.facebook.com\/casadecampoliving","article_modified_time":"2022-10-21T21:26:36+00:00","og_image":[{"width":650,"height":379,"url":"https:\/\/i0.wp.com\/casadecampoliving.com\/wp-content\/uploads\/2013\/06\/casa_de_campo_spa1.jpg?fit=650%2C379&ssl=1","type":"image\/jpeg"}],"twitter_card":"summary_large_image","twitter_site":"@cdcliving","twitter_misc":{"Tiempo de lectura":"1 minuto"},"schema":{"@context":"https:\/\/schema.org","@graph":[{"@type":"WebPage","@id":"https:\/\/casadecampoliving.com\/es\/spa\/","url":"https:\/\/casadecampoliving.com\/es\/spa\/","name":"Casa de Campo Spa | Casa de Campo Living","isPartOf":{"@id":"https:\/\/casadecampoliving.com\/es\/#website"},"primaryImageOfPage":{"@id":"https:\/\/casadecampoliving.com\/es\/spa\/#primaryimage"},"image":{"@id":"https:\/\/casadecampoliving.com\/es\/spa\/#primaryimage"},"thumbnailUrl":"https:\/\/i0.wp.com\/casadecampoliving.com\/wp-content\/uploads\/2013\/06\/casa_de_campo_spa1.jpg?fit=650%2C379&ssl=1","datePublished":"2013-06-19T14:37:29+00:00","dateModified":"2022-10-21T21:26:36+00:00","description":"Casa de Campo Spa in inspired by our native acribean rotos and the purity of nature. Using tropical essences, organic elixirs, and the finest techniques,","breadcrumb":{"@id":"https:\/\/casadecampoliving.com\/es\/spa\/#breadcrumb"},"inLanguage":"es","potentialAction":[{"@type":"ReadAction","target":["https:\/\/casadecampoliving.com\/es\/spa\/"]}]},{"@type":"ImageObject","inLanguage":"es","@id":"https:\/\/casadecampoliving.com\/es\/spa\/#primaryimage","url":"https:\/\/i0.wp.com\/casadecampoliving.com\/wp-content\/uploads\/2013\/06\/casa_de_campo_spa1.jpg?fit=650%2C379&ssl=1","contentUrl":"https:\/\/i0.wp.com\/casadecampoliving.com\/wp-content\/uploads\/2013\/06\/casa_de_campo_spa1.jpg?fit=650%2C379&ssl=1","width":"650","height":"379","caption":"casa de campo spa"},{"@type":"BreadcrumbList","@id":"https:\/\/casadecampoliving.com\/es\/spa\/#breadcrumb","itemListElement":[{"@type":"ListItem","position":1,"name":"Home","item":"https:\/\/casadecampoliving.com\/es\/"},{"@type":"ListItem","position":2,"name":"Casa de Campo Spa"}]},{"@type":"WebSite","@id":"https:\/\/casadecampoliving.com\/es\/#website","url":"https:\/\/casadecampoliving.com\/es\/","name":"Casa de Campo Living","description":"Resort community news and resources.","publisher":{"@id":"https:\/\/casadecampoliving.com\/es\/#organization"},"potentialAction":[{"@type":"SearchAction","target":{"@type":"EntryPoint","urlTemplate":"https:\/\/casadecampoliving.com\/es\/?s={search_term_string}"},"query-input":{"@type":"PropertyValueSpecification","valueRequired":true,"valueName":"search_term_string"}}],"inLanguage":"es"},{"@type":"Organization","@id":"https:\/\/casadecampoliving.com\/es\/#organization","name":"Casa de Campo Living","url":"https:\/\/casadecampoliving.com\/es\/","logo":{"@type":"ImageObject","inLanguage":"es","@id":"https:\/\/casadecampoliving.com\/es\/#\/schema\/logo\/image\/","url":"https:\/\/i0.wp.com\/casadecampoliving.com\/wp-content\/uploads\/2022\/07\/CDCLivingLogo_V1-white-sized.png?fit=800%2C214&ssl=1","contentUrl":"https:\/\/i0.wp.com\/casadecampoliving.com\/wp-content\/uploads\/2022\/07\/CDCLivingLogo_V1-white-sized.png?fit=800%2C214&ssl=1","width":800,"height":214,"caption":"Casa de Campo Living"},"image":{"@id":"https:\/\/casadecampoliving.com\/es\/#\/schema\/logo\/image\/"},"sameAs":["https:\/\/www.facebook.com\/casadecampoliving","https:\/\/x.com\/cdcliving"]}]}},"parsely":{"version":"1.1.0","canonical_url":"https:\/\/casadecampoliving.com\/es\/spa\/","smart_links":{"inbound":0,"outbound":0},"traffic_boost_suggestions_count":0,"meta":{"@context":"https:\/\/schema.org","@type":"WebPage","headline":"Casa de Campo Spa","url":"http:\/\/casadecampoliving.com\/es\/spa\/","mainEntityOfPage":{"@type":"WebPage","@id":"http:\/\/casadecampoliving.com\/es\/spa\/"},"thumbnailUrl":"https:\/\/i0.wp.com\/casadecampoliving.com\/wp-content\/uploads\/2013\/06\/casa_de_campo_spa1.jpg?resize=150%2C150&ssl=1","image":{"@type":"ImageObject","url":"https:\/\/i0.wp.com\/casadecampoliving.com\/wp-content\/uploads\/2013\/06\/casa_de_campo_spa1.jpg?fit=650%2C379&ssl=1"},"articleSection":"Uncategorized @es","author":[{"@type":"Person","name":"Rebecca Silvestri"}],"creator":["Rebecca Silvestri"],"publisher":{"@type":"Organization","name":"Casa de Campo Living","logo":"https:\/\/casadecampoliving.com\/wp-content\/uploads\/2022\/07\/CDCLivingLogo_V1-white-sized.png"},"keywords":[],"dateCreated":"2013-06-19T14:37:29Z","datePublished":"2013-06-19T14:37:29Z","dateModified":"2022-10-21T21:26:36Z"},"rendered":"<script type=\"application\/ld+json\" class=\"wp-parsely-metadata\">{\"@context\":\"https:\\\/\\\/schema.org\",\"@type\":\"WebPage\",\"headline\":\"Casa de Campo Spa\",\"url\":\"http:\\\/\\\/casadecampoliving.com\\\/es\\\/spa\\\/\",\"mainEntityOfPage\":{\"@type\":\"WebPage\",\"@id\":\"http:\\\/\\\/casadecampoliving.com\\\/es\\\/spa\\\/\"},\"thumbnailUrl\":\"https:\\\/\\\/i0.wp.com\\\/casadecampoliving.com\\\/wp-content\\\/uploads\\\/2013\\\/06\\\/casa_de_campo_spa1.jpg?resize=150%2C150&ssl=1\",\"image\":{\"@type\":\"ImageObject\",\"url\":\"https:\\\/\\\/i0.wp.com\\\/casadecampoliving.com\\\/wp-content\\\/uploads\\\/2013\\\/06\\\/casa_de_campo_spa1.jpg?fit=650%2C379&ssl=1\"},\"articleSection\":\"Uncategorized @es\",\"author\":[{\"@type\":\"Person\",\"name\":\"Rebecca Silvestri\"}],\"creator\":[\"Rebecca Silvestri\"],\"publisher\":{\"@type\":\"Organization\",\"name\":\"Casa de Campo Living\",\"logo\":\"https:\\\/\\\/casadecampoliving.com\\\/wp-content\\\/uploads\\\/2022\\\/07\\\/CDCLivingLogo_V1-white-sized.png\"},\"keywords\":[],\"dateCreated\":\"2013-06-19T14:37:29Z\",\"datePublished\":\"2013-06-19T14:37:29Z\",\"dateModified\":\"2022-10-21T21:26:36Z\"}<\/script>","tracker_url":"https:\/\/cdn.parsely.com\/keys\/casadecampoliving.com\/p.js"},"jetpack-related-posts":[{"id":59511,"url":"https:\/\/casadecampoliving.com\/attractions\/","url_meta":{"origin":54953,"position":0},"title":"Casa de Campo attractions and things TO DO","author":"Rebecca Silvestri","date":"18 Oct, 2012","format":false,"excerpt":"Whilst there are many sporting activities to get your teeth into whilst in Casa de Campo, in this immense resort, there are countless other things TO DO and enjoy! Here are some of our favorites places to visit and things TO DO: Altos de Chav\u00f3nCompleted in 1982, Altos de Chav\u00f3n\u2026","rel":"","context":"Entrada similar","block_context":{"text":"Entrada similar","link":""},"img":{"alt_text":"casa de campo spa","src":"https:\/\/i0.wp.com\/casadecampoliving.com\/wp-content\/uploads\/2012\/10\/casa_de_campo_spa.jpg?fit=650%2C378&ssl=1&resize=350%2C200","width":350,"height":200,"srcset":"https:\/\/i0.wp.com\/casadecampoliving.com\/wp-content\/uploads\/2012\/10\/casa_de_campo_spa.jpg?fit=650%2C378&ssl=1&resize=350%2C200 1x, https:\/\/i0.wp.com\/casadecampoliving.com\/wp-content\/uploads\/2012\/10\/casa_de_campo_spa.jpg?fit=650%2C378&ssl=1&resize=525%2C300 1.5x"},"classes":[]},{"id":59513,"url":"https:\/\/casadecampoliving.com\/es\/atracciones\/","url_meta":{"origin":54953,"position":1},"title":"Atracciones y cosas para hacer en Casa de Campo","author":"Rebecca Silvestri","date":"18 Oct, 2012","format":false,"excerpt":"A\u00fan cuando hay muchas actividades deportivas en las cuales puede participar durante su estad\u00eda en el inmenso Resort Casa de Campo, hay otras incontables opciones de TODO lo que puede disfrutar! Aqu\u00ed algunos de nuestros lugares favoritos para visitar y actividades para hacer en Casa de Campo: Altos de Chav\u00f3nCompletado\u2026","rel":"","context":"Entrada similar","block_context":{"text":"Entrada similar","link":""},"img":{"alt_text":"","src":"https:\/\/i0.wp.com\/casadecampoliving.com\/wp-content\/uploads\/2012\/07\/marina_casa_de_campo6.jpg?fit=1200%2C900&ssl=1&resize=350%2C200","width":350,"height":200,"srcset":"https:\/\/i0.wp.com\/casadecampoliving.com\/wp-content\/uploads\/2012\/07\/marina_casa_de_campo6.jpg?fit=1200%2C900&ssl=1&resize=350%2C200 1x, https:\/\/i0.wp.com\/casadecampoliving.com\/wp-content\/uploads\/2012\/07\/marina_casa_de_campo6.jpg?fit=1200%2C900&ssl=1&resize=525%2C300 1.5x, https:\/\/i0.wp.com\/casadecampoliving.com\/wp-content\/uploads\/2012\/07\/marina_casa_de_campo6.jpg?fit=1200%2C900&ssl=1&resize=700%2C400 2x, https:\/\/i0.wp.com\/casadecampoliving.com\/wp-content\/uploads\/2012\/07\/marina_casa_de_campo6.jpg?fit=1200%2C900&ssl=1&resize=1050%2C600 3x"},"classes":[]},{"id":24713,"url":"https:\/\/casadecampoliving.com\/es\/this-week-in-casa\/","url_meta":{"origin":54953,"position":2},"title":"This Week in Casa","author":"Rebecca Silvestri","date":"30 Ene, 2011","format":false,"excerpt":"Wow! What an awesome weekend we just enjoyed \u2013 well done Costasur Casa de Campo Due\u00f1os was fabulous! And this week in Casa de Campo there are 2 big golf tournaments;\u00a0The Teeth of the Dog Seniors and the DR Open \u2013 so if you\u2019re planning on playing golf and you\u2026","rel":"","context":"Entrada similar","block_context":{"text":"Entrada similar","link":""},"img":{"alt_text":"","src":"https:\/\/i0.wp.com\/casadecampoliving.com\/wp-content\/uploads\/2011\/02\/Thisweekincasa6.jpg?resize=350%2C200&ssl=1","width":350,"height":200,"srcset":"https:\/\/i0.wp.com\/casadecampoliving.com\/wp-content\/uploads\/2011\/02\/Thisweekincasa6.jpg?resize=350%2C200&ssl=1 1x, https:\/\/i0.wp.com\/casadecampoliving.com\/wp-content\/uploads\/2011\/02\/Thisweekincasa6.jpg?resize=525%2C300&ssl=1 1.5x"},"classes":[]},{"id":56805,"url":"https:\/\/casadecampoliving.com\/casa-de-campo-during-tropical-storm-isaac\/","url_meta":{"origin":54953,"position":3},"title":"Casa de Campo during Tropical Storm Isaac","author":"Rebecca Silvestri","date":"24 Ago, 2012","format":false,"excerpt":"The following is our most up to date information on Casa de Campo services, restaurants and shops during Tropical Storm Isaac. Please note ALL this information is subject to change as the weather is rather unpredictable \u2013 if you would like to double-check anything please call ext.0 Casa de Campo\u2026","rel":"","context":"Entrada similar","block_context":{"text":"Entrada similar","link":""},"img":{"alt_text":"","src":"","width":0,"height":0},"classes":[]},{"id":56809,"url":"https:\/\/casadecampoliving.com\/es\/tormenta-tropical-isaac\/","url_meta":{"origin":54953,"position":4},"title":"Casa de Campo durante tormenta tropical Isaac","author":"Rebecca Silvestri","date":"24 Ago, 2012","format":false,"excerpt":"Aqu\u00ed les traemos noticias de todos los servicios y restaurantes en Casa de Campo \u2013 durante\u00a0el paso de la tormenta tropical isaac: NOTA:\u00a0Dependiendo en las condici\u00f3nes del clima esta informaci\u00f3n esta sujeto a cambios! Para confirmar por favor llamar ext. 0 Seguridad de Casa de Campo: bomberos y ambulancia \u2022\u2026","rel":"","context":"Entrada similar","block_context":{"text":"Entrada similar","link":""},"img":{"alt_text":"","src":"","width":0,"height":0},"classes":[]},{"id":54957,"url":"https:\/\/casadecampoliving.com\/weekend\/","url_meta":{"origin":54953,"position":5},"title":"A Wonderful Weekend in Casa de Campo","author":"Rebecca Silvestri","date":"24 Jul, 2012","format":false,"excerpt":"With so many things to see and do, we thought you may need a little help planning the perfect weekend! [For more info on each activity \u2013 just click on the links.] Friday \u2022 Unwind after your journey with a massage at the Casa de Campo Spa. \u2022 Head to\u2026","rel":"","context":"Entrada similar","block_context":{"text":"Entrada similar","link":""},"img":{"alt_text":"palmilla","src":"https:\/\/i0.wp.com\/casadecampoliving.com\/wp-content\/uploads\/2012\/07\/palmilla.jpg?fit=650%2C253&ssl=1&resize=350%2C200","width":350,"height":200,"srcset":"https:\/\/i0.wp.com\/casadecampoliving.com\/wp-content\/uploads\/2012\/07\/palmilla.jpg?fit=650%2C253&ssl=1&resize=350%2C200 1x, https:\/\/i0.wp.com\/casadecampoliving.com\/wp-content\/uploads\/2012\/07\/palmilla.jpg?fit=650%2C253&ssl=1&resize=525%2C300 1.5x"},"classes":[]}],"jetpack_sharing_enabled":true,"_links":{"self":[{"href":"https:\/\/casadecampoliving.com\/es\/wp-json\/wp\/v2\/pages\/54953","targetHints":{"allow":["GET"]}}],"collection":[{"href":"https:\/\/casadecampoliving.com\/es\/wp-json\/wp\/v2\/pages"}],"about":[{"href":"https:\/\/casadecampoliving.com\/es\/wp-json\/wp\/v2\/types\/page"}],"author":[{"embeddable":true,"href":"https:\/\/casadecampoliving.com\/es\/wp-json\/wp\/v2\/users\/31"}],"replies":[{"embeddable":true,"href":"https:\/\/casadecampoliving.com\/es\/wp-json\/wp\/v2\/comments?post=54953"}],"version-history":[{"count":0,"href":"https:\/\/casadecampoliving.com\/es\/wp-json\/wp\/v2\/pages\/54953\/revisions"}],"wp:featuredmedia":[{"embeddable":true,"href":"https:\/\/casadecampoliving.com\/es\/wp-json\/wp\/v2\/media\/72353"}],"wp:attachment":[{"href":"https:\/\/casadecampoliving.com\/es\/wp-json\/wp\/v2\/media?parent=54953"}],"wp:term":[{"taxonomy":"newspack_spnsrs_tax","embeddable":true,"href":"https:\/\/casadecampoliving.com\/es\/wp-json\/wp\/v2\/newspack_spnsrs_tax?post=54953"}],"curies":[{"name":"wp","href":"https:\/\/api.w.org\/{rel}","templated":true}]}}