{"id":54848,"date":"2012-07-24T10:20:26","date_gmt":"2012-07-24T14:20:26","guid":{"rendered":"http:\/\/casadecampoliving.com\/?page_id=54848"},"modified":"2022-10-21T17:26:26","modified_gmt":"2022-10-21T21:26:26","slug":"i-b-i-nautica","status":"publish","type":"page","link":"https:\/\/casadecampoliving.com\/es\/i-b-i-nautica\/","title":{"rendered":"I.B.I Nautica"},"content":{"rendered":"\n<p>Desde 1998, I.B.I N\u00e1utica ha sido el corredor exclusivo del grupo Azimut|Benetti Group y la \u00fanica compa\u00f1\u00eda del Caribe que vende una completa gama de flotillas, tales como los mega yates, yates de lujo, yates motorizados, yates de pesca, veleros y mucho m\u00e1s.<\/p>\n\n\n\n<p>La oficina de venta de I.B.I N\u00e1utica est\u00e1 ubicada en el Paseo del Mar en la Marina Casa de Campo.<\/p>\n\n\n\n<p>Sumado a los yates que se encuentran a la venta, el grupo I.B.I. Nautica tambi\u00e9n ofrece servicios de su caf\u00e9\/ tienda y bar llamado Azimut Caf\u00e9 y un enorme astillero \u2013 el Astillero IBC, que ofrece mantenimiento, manejo del barco as\u00ed como un muelle seco para recuperaci\u00f3n.<\/p>\n\n\n\n<blockquote class=\"wp-block-quote is-layout-flow wp-block-quote-is-layout-flow\"><p><strong>I.B.I. Nautica&nbsp;<\/strong><\/p><p>Paseo Del Mar #1,&nbsp;Marina Casa de Campo<\/p><p>(809) 523-2208<\/p><p>info@ibinautica.com<\/p><p><a href=\"http:\/\/www.ibinautica.com\">www.ibinautica.com<\/a><\/p><\/blockquote>\n","protected":false},"excerpt":{"rendered":"<p>Desde 1998, I.B.I N\u00e1utica ha sido el corredor exclusivo del grupo Azimut|Benetti Group y la \u00fanica compa\u00f1\u00eda del Caribe que vende una completa gama de flotillas, tales como los mega yates, yates de lujo, yates motorizados, yates de pesca, veleros y mucho m\u00e1s. La oficina de venta de I.B.I N\u00e1utica est\u00e1 ubicada en el Paseo [&hellip;]<\/p>\n","protected":false},"author":31,"featured_media":0,"parent":0,"menu_order":0,"comment_status":"closed","ping_status":"closed","template":"tag-page.php","meta":{"newspack_ads_suppress_ads":false,"newspack_popups_has_disabled_popups":false,"newspack_sponsor_sponsorship_scope":"","newspack_sponsor_native_byline_display":"inherit","newspack_sponsor_native_category_display":"inherit","newspack_sponsor_underwriter_style":"inherit","newspack_sponsor_underwriter_placement":"inherit","newspack_content_restriction_is_exempt":false,"newspack_featured_image_position":"","newspack_hide_page_title":false,"newspack_show_share_buttons":false,"footnotes":""},"newspack_spnsrs_tax":[],"class_list":["post-54848","page","type-page","status-publish","hentry","entry"],"yoast_head":"<!-- This site is optimized with the Yoast SEO plugin v27.3 - https:\/\/yoast.com\/product\/yoast-seo-wordpress\/ -->\n<title>I.B.I Nautica | Casa de Campo Living<\/title>\n<meta name=\"description\" content=\"Desde 1998, I.B.I N\u00e1utica ha sido el corredor exclusivo del grupo Azimut|Benetti Group y la \u00fanica compa\u00f1\u00eda del Caribe que vende una completa gama de\" \/>\n<meta name=\"robots\" content=\"index, follow, max-snippet:-1, max-image-preview:large, max-video-preview:-1\" \/>\n<link rel=\"canonical\" href=\"https:\/\/casadecampoliving.com\/es\/i-b-i-nautica\/\" \/>\n<meta property=\"og:locale\" content=\"es_ES\" \/>\n<meta property=\"og:type\" content=\"article\" \/>\n<meta property=\"og:title\" content=\"I.B.I Nautica | Casa de Campo Living\" \/>\n<meta property=\"og:description\" content=\"Desde 1998, I.B.I N\u00e1utica ha sido el corredor exclusivo del grupo Azimut|Benetti Group y la \u00fanica compa\u00f1\u00eda del Caribe que vende una completa gama de\" \/>\n<meta property=\"og:url\" content=\"https:\/\/casadecampoliving.com\/es\/i-b-i-nautica\/\" \/>\n<meta property=\"og:site_name\" content=\"Casa de Campo Living\" \/>\n<meta property=\"article:publisher\" content=\"https:\/\/www.facebook.com\/casadecampoliving\" \/>\n<meta property=\"article:modified_time\" content=\"2022-10-21T21:26:26+00:00\" \/>\n<meta name=\"twitter:card\" content=\"summary_large_image\" \/>\n<meta name=\"twitter:site\" content=\"@cdcliving\" \/>\n<meta name=\"twitter:label1\" content=\"Tiempo de lectura\" \/>\n\t<meta name=\"twitter:data1\" content=\"1 minuto\" \/>\n<script type=\"application\/ld+json\" class=\"yoast-schema-graph\">{\"@context\":\"https:\\\/\\\/schema.org\",\"@graph\":[{\"@type\":\"WebPage\",\"@id\":\"https:\\\/\\\/casadecampoliving.com\\\/es\\\/i-b-i-nautica\\\/\",\"url\":\"https:\\\/\\\/casadecampoliving.com\\\/es\\\/i-b-i-nautica\\\/\",\"name\":\"I.B.I Nautica | Casa de Campo Living\",\"isPartOf\":{\"@id\":\"https:\\\/\\\/casadecampoliving.com\\\/es\\\/#website\"},\"datePublished\":\"2012-07-24T14:20:26+00:00\",\"dateModified\":\"2022-10-21T21:26:26+00:00\",\"description\":\"Desde 1998, I.B.I N\u00e1utica ha sido el corredor exclusivo del grupo Azimut|Benetti Group y la \u00fanica compa\u00f1\u00eda del Caribe que vende una completa gama de\",\"breadcrumb\":{\"@id\":\"https:\\\/\\\/casadecampoliving.com\\\/es\\\/i-b-i-nautica\\\/#breadcrumb\"},\"inLanguage\":\"es\",\"potentialAction\":[{\"@type\":\"ReadAction\",\"target\":[\"https:\\\/\\\/casadecampoliving.com\\\/es\\\/i-b-i-nautica\\\/\"]}]},{\"@type\":\"BreadcrumbList\",\"@id\":\"https:\\\/\\\/casadecampoliving.com\\\/es\\\/i-b-i-nautica\\\/#breadcrumb\",\"itemListElement\":[{\"@type\":\"ListItem\",\"position\":1,\"name\":\"Home\",\"item\":\"https:\\\/\\\/casadecampoliving.com\\\/es\\\/\"},{\"@type\":\"ListItem\",\"position\":2,\"name\":\"I.B.I Nautica\"}]},{\"@type\":\"WebSite\",\"@id\":\"https:\\\/\\\/casadecampoliving.com\\\/es\\\/#website\",\"url\":\"https:\\\/\\\/casadecampoliving.com\\\/es\\\/\",\"name\":\"Casa de Campo Living\",\"description\":\"Resort community news and resources.\",\"publisher\":{\"@id\":\"https:\\\/\\\/casadecampoliving.com\\\/es\\\/#organization\"},\"potentialAction\":[{\"@type\":\"SearchAction\",\"target\":{\"@type\":\"EntryPoint\",\"urlTemplate\":\"https:\\\/\\\/casadecampoliving.com\\\/es\\\/?s={search_term_string}\"},\"query-input\":{\"@type\":\"PropertyValueSpecification\",\"valueRequired\":true,\"valueName\":\"search_term_string\"}}],\"inLanguage\":\"es\"},{\"@type\":\"Organization\",\"@id\":\"https:\\\/\\\/casadecampoliving.com\\\/es\\\/#organization\",\"name\":\"Casa de Campo Living\",\"url\":\"https:\\\/\\\/casadecampoliving.com\\\/es\\\/\",\"logo\":{\"@type\":\"ImageObject\",\"inLanguage\":\"es\",\"@id\":\"https:\\\/\\\/casadecampoliving.com\\\/es\\\/#\\\/schema\\\/logo\\\/image\\\/\",\"url\":\"https:\\\/\\\/i0.wp.com\\\/casadecampoliving.com\\\/wp-content\\\/uploads\\\/2022\\\/07\\\/CDCLivingLogo_V1-white-sized.png?fit=800%2C214&ssl=1\",\"contentUrl\":\"https:\\\/\\\/i0.wp.com\\\/casadecampoliving.com\\\/wp-content\\\/uploads\\\/2022\\\/07\\\/CDCLivingLogo_V1-white-sized.png?fit=800%2C214&ssl=1\",\"width\":800,\"height\":214,\"caption\":\"Casa de Campo Living\"},\"image\":{\"@id\":\"https:\\\/\\\/casadecampoliving.com\\\/es\\\/#\\\/schema\\\/logo\\\/image\\\/\"},\"sameAs\":[\"https:\\\/\\\/www.facebook.com\\\/casadecampoliving\",\"https:\\\/\\\/x.com\\\/cdcliving\"]}]}<\/script>\n<!-- \/ Yoast SEO plugin. -->","yoast_head_json":{"title":"I.B.I Nautica | Casa de Campo Living","description":"Desde 1998, I.B.I N\u00e1utica ha sido el corredor exclusivo del grupo Azimut|Benetti Group y la \u00fanica compa\u00f1\u00eda del Caribe que vende una completa gama de","robots":{"index":"index","follow":"follow","max-snippet":"max-snippet:-1","max-image-preview":"max-image-preview:large","max-video-preview":"max-video-preview:-1"},"canonical":"https:\/\/casadecampoliving.com\/es\/i-b-i-nautica\/","og_locale":"es_ES","og_type":"article","og_title":"I.B.I Nautica | Casa de Campo Living","og_description":"Desde 1998, I.B.I N\u00e1utica ha sido el corredor exclusivo del grupo Azimut|Benetti Group y la \u00fanica compa\u00f1\u00eda del Caribe que vende una completa gama de","og_url":"https:\/\/casadecampoliving.com\/es\/i-b-i-nautica\/","og_site_name":"Casa de Campo Living","article_publisher":"https:\/\/www.facebook.com\/casadecampoliving","article_modified_time":"2022-10-21T21:26:26+00:00","twitter_card":"summary_large_image","twitter_site":"@cdcliving","twitter_misc":{"Tiempo de lectura":"1 minuto"},"schema":{"@context":"https:\/\/schema.org","@graph":[{"@type":"WebPage","@id":"https:\/\/casadecampoliving.com\/es\/i-b-i-nautica\/","url":"https:\/\/casadecampoliving.com\/es\/i-b-i-nautica\/","name":"I.B.I Nautica | Casa de Campo Living","isPartOf":{"@id":"https:\/\/casadecampoliving.com\/es\/#website"},"datePublished":"2012-07-24T14:20:26+00:00","dateModified":"2022-10-21T21:26:26+00:00","description":"Desde 1998, I.B.I N\u00e1utica ha sido el corredor exclusivo del grupo Azimut|Benetti Group y la \u00fanica compa\u00f1\u00eda del Caribe que vende una completa gama de","breadcrumb":{"@id":"https:\/\/casadecampoliving.com\/es\/i-b-i-nautica\/#breadcrumb"},"inLanguage":"es","potentialAction":[{"@type":"ReadAction","target":["https:\/\/casadecampoliving.com\/es\/i-b-i-nautica\/"]}]},{"@type":"BreadcrumbList","@id":"https:\/\/casadecampoliving.com\/es\/i-b-i-nautica\/#breadcrumb","itemListElement":[{"@type":"ListItem","position":1,"name":"Home","item":"https:\/\/casadecampoliving.com\/es\/"},{"@type":"ListItem","position":2,"name":"I.B.I Nautica"}]},{"@type":"WebSite","@id":"https:\/\/casadecampoliving.com\/es\/#website","url":"https:\/\/casadecampoliving.com\/es\/","name":"Casa de Campo Living","description":"Resort community news and resources.","publisher":{"@id":"https:\/\/casadecampoliving.com\/es\/#organization"},"potentialAction":[{"@type":"SearchAction","target":{"@type":"EntryPoint","urlTemplate":"https:\/\/casadecampoliving.com\/es\/?s={search_term_string}"},"query-input":{"@type":"PropertyValueSpecification","valueRequired":true,"valueName":"search_term_string"}}],"inLanguage":"es"},{"@type":"Organization","@id":"https:\/\/casadecampoliving.com\/es\/#organization","name":"Casa de Campo Living","url":"https:\/\/casadecampoliving.com\/es\/","logo":{"@type":"ImageObject","inLanguage":"es","@id":"https:\/\/casadecampoliving.com\/es\/#\/schema\/logo\/image\/","url":"https:\/\/i0.wp.com\/casadecampoliving.com\/wp-content\/uploads\/2022\/07\/CDCLivingLogo_V1-white-sized.png?fit=800%2C214&ssl=1","contentUrl":"https:\/\/i0.wp.com\/casadecampoliving.com\/wp-content\/uploads\/2022\/07\/CDCLivingLogo_V1-white-sized.png?fit=800%2C214&ssl=1","width":800,"height":214,"caption":"Casa de Campo Living"},"image":{"@id":"https:\/\/casadecampoliving.com\/es\/#\/schema\/logo\/image\/"},"sameAs":["https:\/\/www.facebook.com\/casadecampoliving","https:\/\/x.com\/cdcliving"]}]}},"parsely":{"version":"1.1.0","canonical_url":"https:\/\/casadecampoliving.com\/es\/i-b-i-nautica\/","smart_links":{"inbound":0,"outbound":0},"traffic_boost_suggestions_count":0,"meta":{"@context":"https:\/\/schema.org","@type":"WebPage","headline":"I.B.I Nautica","url":"http:\/\/casadecampoliving.com\/es\/i-b-i-nautica\/","mainEntityOfPage":{"@type":"WebPage","@id":"http:\/\/casadecampoliving.com\/es\/i-b-i-nautica\/"},"thumbnailUrl":"","image":{"@type":"ImageObject","url":""},"articleSection":"Uncategorized @es","author":[{"@type":"Person","name":"Rebecca Silvestri"}],"creator":["Rebecca Silvestri"],"publisher":{"@type":"Organization","name":"Casa de Campo Living","logo":"https:\/\/casadecampoliving.com\/wp-content\/uploads\/2022\/07\/CDCLivingLogo_V1-white-sized.png"},"keywords":[],"dateCreated":"2012-07-24T14:20:26Z","datePublished":"2012-07-24T14:20:26Z","dateModified":"2022-10-21T21:26:26Z"},"rendered":"<script type=\"application\/ld+json\" class=\"wp-parsely-metadata\">{\"@context\":\"https:\\\/\\\/schema.org\",\"@type\":\"WebPage\",\"headline\":\"I.B.I Nautica\",\"url\":\"http:\\\/\\\/casadecampoliving.com\\\/es\\\/i-b-i-nautica\\\/\",\"mainEntityOfPage\":{\"@type\":\"WebPage\",\"@id\":\"http:\\\/\\\/casadecampoliving.com\\\/es\\\/i-b-i-nautica\\\/\"},\"thumbnailUrl\":\"\",\"image\":{\"@type\":\"ImageObject\",\"url\":\"\"},\"articleSection\":\"Uncategorized @es\",\"author\":[{\"@type\":\"Person\",\"name\":\"Rebecca Silvestri\"}],\"creator\":[\"Rebecca Silvestri\"],\"publisher\":{\"@type\":\"Organization\",\"name\":\"Casa de Campo Living\",\"logo\":\"https:\\\/\\\/casadecampoliving.com\\\/wp-content\\\/uploads\\\/2022\\\/07\\\/CDCLivingLogo_V1-white-sized.png\"},\"keywords\":[],\"dateCreated\":\"2012-07-24T14:20:26Z\",\"datePublished\":\"2012-07-24T14:20:26Z\",\"dateModified\":\"2022-10-21T21:26:26Z\"}<\/script>","tracker_url":"https:\/\/cdn.parsely.com\/keys\/casadecampoliving.com\/p.js"},"jetpack-related-posts":[{"id":54846,"url":"https:\/\/casadecampoliving.com\/es\/astillero-ibc\/","url_meta":{"origin":54848,"position":0},"title":"Astilleros IBC","author":"Rebecca Silvestri","date":"7 Nov, 2012","format":false,"excerpt":"El Astillero Inversiones Bastilla Caribe (IBC), es el astillero m\u00e1s grande del Caribe con un muelle seco de 25,000 pies cuadrados. La compa\u00f1\u00eda experta, que este verano celebra su 11vo aniversario, ofrece servicios de mantenimiento y de reparaci\u00f3n en la Marina Casa de Campo y es, inclusive, equipado con una\u2026","rel":"","context":"Entrada similar","block_context":{"text":"Entrada similar","link":""},"img":{"alt_text":"ibc shipyard","src":"https:\/\/i0.wp.com\/casadecampoliving.com\/wp-content\/uploads\/2012\/07\/azimut_IBC_shipyard_marina_casa_de_campo.jpg?fit=650%2C434&ssl=1&resize=350%2C200","width":350,"height":200,"srcset":"https:\/\/i0.wp.com\/casadecampoliving.com\/wp-content\/uploads\/2012\/07\/azimut_IBC_shipyard_marina_casa_de_campo.jpg?fit=650%2C434&ssl=1&resize=350%2C200 1x, https:\/\/i0.wp.com\/casadecampoliving.com\/wp-content\/uploads\/2012\/07\/azimut_IBC_shipyard_marina_casa_de_campo.jpg?fit=650%2C434&ssl=1&resize=525%2C300 1.5x"},"classes":[]},{"id":54788,"url":"https:\/\/casadecampoliving.com\/azimut-cafe\/","url_meta":{"origin":54848,"position":1},"title":"The Azimut Caf\u00e9, Marina Casa de Campo","author":"Rebecca Silvestri","date":"23 Jul, 2012","format":false,"excerpt":"Popularly known as the \u201cCafe de la esquinita\u201d (the Caf\u00e9 on the corner), the Azimut Caf\u00e9, ran by the IB Nautica Group is\u00a0a place where Azimut clients, yacht owners, nautical enthusiasts, yacht crew, as well as members of the Casa de Campo community and visitors can enjoy a great NESPRESSO\u2026","rel":"","context":"Entrada similar","block_context":{"text":"Entrada similar","link":""},"img":{"alt_text":"azimut cafe","src":"https:\/\/i0.wp.com\/casadecampoliving.com\/wp-content\/uploads\/2012\/07\/azimut_cafe1.jpg?fit=650%2C349&ssl=1&resize=350%2C200","width":350,"height":200,"srcset":"https:\/\/i0.wp.com\/casadecampoliving.com\/wp-content\/uploads\/2012\/07\/azimut_cafe1.jpg?fit=650%2C349&ssl=1&resize=350%2C200 1x, https:\/\/i0.wp.com\/casadecampoliving.com\/wp-content\/uploads\/2012\/07\/azimut_cafe1.jpg?fit=650%2C349&ssl=1&resize=525%2C300 1.5x"},"classes":[]},{"id":74572,"url":"https:\/\/casadecampoliving.com\/es\/el-atardecer\/","url_meta":{"origin":54848,"position":2},"title":"\u00a1El Atardecer con Sabor a M\u00fasica en el Azimut Caf\u00e9 es este s\u00e1bado!","author":"Rebecca Silvestri","date":"22 Jul, 2013","format":false,"excerpt":"Los Atardeceres con Sabor a M\u00fasica,\u00a0regularmente en el Caf\u00e9 Azimut en La Marina Casa de Campo son organizados por Mauro Caslini, Presidente y Director General de IB Nautica y su hija Alice Caslini de Moriconi, propietaria y Directora de Ventas y Marketing de IBI Yates. Este d\u00fao din\u00e1mico le invita\u2026","rel":"","context":"Entrada similar","block_context":{"text":"Entrada similar","link":""},"img":{"alt_text":"marina casa de campo","src":"https:\/\/i0.wp.com\/casadecampoliving-wp.s3-accelerate.amazonaws.com\/2012\/07\/marina_casa_de_campo2.jpg?resize=350%2C200&ssl=1","width":350,"height":200,"srcset":"https:\/\/i0.wp.com\/casadecampoliving-wp.s3-accelerate.amazonaws.com\/2012\/07\/marina_casa_de_campo2.jpg?resize=350%2C200&ssl=1 1x, https:\/\/i0.wp.com\/casadecampoliving-wp.s3-accelerate.amazonaws.com\/2012\/07\/marina_casa_de_campo2.jpg?resize=525%2C300&ssl=1 1.5x"},"classes":[]},{"id":74567,"url":"https:\/\/casadecampoliving.com\/es\/atardecer-con-sabo\/","url_meta":{"origin":54848,"position":3},"title":"\u00a1El Atardecer con Sabor a M\u00fasica en el Azimut Caf\u00e9 is este s\u00e1bado!","author":"Rebecca Silvestri","date":"22 Jul, 2013","format":false,"excerpt":"\u00a1Excelentes noticias! \u2013 otro Atardecer con Sabor a M\u00fasica en el Azimut Caf\u00e9 tendr\u00e1 lugar este s\u00e1bado 27 de julio, y \u00a1esperamos verlos a todos all\u00ed! Los Atardeceres con Sabor a M\u00fasica,\u00a0regularmente en el Caf\u00e9 Azimut en La Marina Casa de Campo son organizados por Mauro Caslini, Presidente y Director\u2026","rel":"","context":"Entrada similar","block_context":{"text":"Entrada similar","link":""},"img":{"alt_text":"","src":"","width":0,"height":0},"classes":[]},{"id":82494,"url":"https:\/\/casadecampoliving.com\/es\/sunset-jazz-azimut-cafe-21\/","url_meta":{"origin":54848,"position":4},"title":"Otro Sunset Jazz Night en Azimut Caf\u00e9 &#8211; dic. 21","author":"Rebecca Silvestri","date":"6 Dic, 2013","format":false,"excerpt":"\u00a1Guarde la fecha!\u00a0Otro Sunset Jazz en Azimut Caf\u00e9 en La Marina Casa de Campo est\u00e1 planeado para el s\u00e1bado 21 de diciembre. Si usted disfrut\u00f3 del Sunset Jazz \u00a0Night en Azimut Caf\u00e9 (el pasado viernes 29 de noviembre) lo mejor es que guarde la fecha para esta edici\u00f3n de diciembre.\u2026","rel":"","context":"Entrada similar","block_context":{"text":"Entrada similar","link":""},"img":{"alt_text":"Jazz night","src":"https:\/\/i0.wp.com\/casadecampoliving.com\/wp-content\/uploads\/2013\/12\/jazz-night.jpg?fit=650%2C433&ssl=1&resize=350%2C200","width":350,"height":200,"srcset":"https:\/\/i0.wp.com\/casadecampoliving.com\/wp-content\/uploads\/2013\/12\/jazz-night.jpg?fit=650%2C433&ssl=1&resize=350%2C200 1x, https:\/\/i0.wp.com\/casadecampoliving.com\/wp-content\/uploads\/2013\/12\/jazz-night.jpg?fit=650%2C433&ssl=1&resize=525%2C300 1.5x"},"classes":[]},{"id":54826,"url":"https:\/\/casadecampoliving.com\/es\/azimutcafe\/","url_meta":{"origin":54848,"position":5},"title":"El Azimut Caf\u00e9 en la Marina Casa de Campo","author":"Rebecca Silvestri","date":"24 Jul, 2012","format":false,"excerpt":"Popularly known as the \u201cCafe de la esquinita\u201d (the Caf\u00e9 on the corner), the Azimut Caf\u00e9, ran by the IBI Nautica Group is\u00a0a place where Azimut clients, yacht owners, nautical enthusiasts, yacht crew, as well as members of the Casa de Campo community and visitors can enjoy a great coffee\u2026","rel":"","context":"Entrada similar","block_context":{"text":"Entrada similar","link":""},"img":{"alt_text":"azimut cafe","src":"https:\/\/i0.wp.com\/casadecampoliving.com\/wp-content\/uploads\/2012\/07\/azimut_cafe1.jpg?fit=650%2C349&ssl=1&resize=350%2C200","width":350,"height":200,"srcset":"https:\/\/i0.wp.com\/casadecampoliving.com\/wp-content\/uploads\/2012\/07\/azimut_cafe1.jpg?fit=650%2C349&ssl=1&resize=350%2C200 1x, https:\/\/i0.wp.com\/casadecampoliving.com\/wp-content\/uploads\/2012\/07\/azimut_cafe1.jpg?fit=650%2C349&ssl=1&resize=525%2C300 1.5x"},"classes":[]}],"jetpack_sharing_enabled":true,"_links":{"self":[{"href":"https:\/\/casadecampoliving.com\/es\/wp-json\/wp\/v2\/pages\/54848","targetHints":{"allow":["GET"]}}],"collection":[{"href":"https:\/\/casadecampoliving.com\/es\/wp-json\/wp\/v2\/pages"}],"about":[{"href":"https:\/\/casadecampoliving.com\/es\/wp-json\/wp\/v2\/types\/page"}],"author":[{"embeddable":true,"href":"https:\/\/casadecampoliving.com\/es\/wp-json\/wp\/v2\/users\/31"}],"replies":[{"embeddable":true,"href":"https:\/\/casadecampoliving.com\/es\/wp-json\/wp\/v2\/comments?post=54848"}],"version-history":[{"count":0,"href":"https:\/\/casadecampoliving.com\/es\/wp-json\/wp\/v2\/pages\/54848\/revisions"}],"wp:attachment":[{"href":"https:\/\/casadecampoliving.com\/es\/wp-json\/wp\/v2\/media?parent=54848"}],"wp:term":[{"taxonomy":"newspack_spnsrs_tax","embeddable":true,"href":"https:\/\/casadecampoliving.com\/es\/wp-json\/wp\/v2\/newspack_spnsrs_tax?post=54848"}],"curies":[{"name":"wp","href":"https:\/\/api.w.org\/{rel}","templated":true}]}}