{"id":54846,"date":"2012-11-07T09:59:04","date_gmt":"2012-11-07T13:59:04","guid":{"rendered":"http:\/\/casadecampoliving.com\/?page_id=54846"},"modified":"2022-10-21T17:26:21","modified_gmt":"2022-10-21T21:26:21","slug":"astillero-ibc","status":"publish","type":"page","link":"https:\/\/casadecampoliving.com\/es\/astillero-ibc\/","title":{"rendered":"Astilleros IBC"},"content":{"rendered":"<div class=\"wp-block-image\">\n<figure class=\"aligncenter is-resized\"><img loading=\"lazy\" decoding=\"async\" src=\"https:\/\/i0.wp.com\/casadecampoliving-wp.s3-accelerate.amazonaws.com\/2012\/07\/azimut_IBC_shipyard_marina_casa_de_campo.jpg?resize=650%2C434&amp;ssl=1\" alt=\"ibc shipyard\" class=\"wp-image-54831\" title=\"azimut_IBC_shipyard_marina_casa_de_campo\" height=\"434\" width=\"650\" srcset=\"https:\/\/i0.wp.com\/casadecampoliving.com\/wp-content\/uploads\/2012\/07\/azimut_IBC_shipyard_marina_casa_de_campo.jpg?w=650&amp;ssl=1 650w, https:\/\/i0.wp.com\/casadecampoliving.com\/wp-content\/uploads\/2012\/07\/azimut_IBC_shipyard_marina_casa_de_campo.jpg?resize=300%2C200&amp;ssl=1 300w, https:\/\/i0.wp.com\/casadecampoliving-wp.s3-accelerate.amazonaws.com\/2012\/07\/azimut_IBC_shipyard_marina_casa_de_campo.jpg?w=370 370w, https:\/\/i0.wp.com\/casadecampoliving-wp.s3-accelerate.amazonaws.com\/2012\/07\/azimut_IBC_shipyard_marina_casa_de_campo.jpg?w=400 400w\" sizes=\"auto, (max-width: 650px) 100vw, 650px\" \/><\/figure>\n<\/div>\n\n\n<p>El Astillero Inversiones Bastilla Caribe (IBC), es el astillero m\u00e1s grande del Caribe con un muelle seco de 25,000 pies cuadrados. La compa\u00f1\u00eda experta, que este verano celebra su 11vo aniversario, ofrece servicios de mantenimiento y de reparaci\u00f3n en la Marina Casa de Campo y es, inclusive, equipado con una gr\u00faa especializada para levantamiento de yates de hasta 120 toneladas.<\/p>\n\n\n\n<blockquote><figure><img decoding=\"async\" loading=\"lazy\" class=\"alignright size-full wp-image-55888\" title=\"ibc_shipyard\" src=\"https:\/\/i0.wp.com\/casadecampoliving-wp.s3-accelerate.amazonaws.com\/2012\/07\/ibc_shipyard3.jpg?resize=150%2C98&amp;ssl=1\" alt=\"ibc shipyard\" width=\"150\" height=\"98\"><\/figure><p><strong><strong>Astillero IBC&nbsp;<\/strong> <strong><br>\n<\/strong><\/strong><\/p><p><strong>D\u00f3nde:<\/strong> Av.&nbsp;De La Marina 54, Marina Casa de Campo<strong><br>\nHorario:&nbsp;<\/strong> De lunes a viernes desde las 8am hasta 5pm<strong><br>\nTel:<\/strong> 809 449 3321 or 809 449 3323<strong><br>\n<strong>Fax:<\/strong>&nbsp;<\/strong>809 523 2377<strong><br>\n<strong>Email:<\/strong> <\/strong>infoibc@ibinautica.com<strong><br>\nWebsite:<\/strong>&nbsp;<a href=\"http:\/\/www.ibinautica.com\/ibc\/index.htm\">www.ibinautica.com<\/a><\/p><\/blockquote>\n\n\n\n<p>El Astillero IBC es parte de IB N\u00e1utica, propietario de <a href=\"http:\/\/wp.me\/P1kvEy-egE\">IBI Yachts <\/a>y el A<a href=\"https:\/\/casadecampoliving.com\/azimut-cafe\">zimut Caf\u00e9<\/a>.<\/p>\n\n\n<div class=\"wp-block-image\">\n<figure class=\"aligncenter is-resized\"><img loading=\"lazy\" decoding=\"async\" src=\"https:\/\/i0.wp.com\/casadecampoliving-wp.s3-accelerate.amazonaws.com\/2012\/07\/ibc_shipyard2.jpg?resize=650%2C358&amp;ssl=1\" alt=\"ibc shipyard \" class=\"wp-image-55852\" title=\"ibc_shipyard\" height=\"358\" width=\"650\" srcset=\"https:\/\/i0.wp.com\/casadecampoliving.com\/wp-content\/uploads\/2012\/07\/ibc_shipyard2.jpg?w=650&amp;ssl=1 650w, https:\/\/i0.wp.com\/casadecampoliving.com\/wp-content\/uploads\/2012\/07\/ibc_shipyard2.jpg?resize=300%2C165&amp;ssl=1 300w, https:\/\/i0.wp.com\/casadecampoliving-wp.s3-accelerate.amazonaws.com\/2012\/07\/ibc_shipyard2.jpg?w=370 370w, https:\/\/i0.wp.com\/casadecampoliving-wp.s3-accelerate.amazonaws.com\/2012\/07\/ibc_shipyard2.jpg?w=400 400w\" sizes=\"auto, (max-width: 650px) 100vw, 650px\" \/><\/figure>\n<\/div>\n\n\n<p class=\"has-text-align-center\"><strong>Mauro Caslini, Fundador y CEO de IBI Nautica con su hija, Alice<\/strong><br>\n<\/p>\n","protected":false},"excerpt":{"rendered":"<p>El Astillero Inversiones Bastilla Caribe (IBC), es el astillero m\u00e1s grande del Caribe con un muelle seco de 25,000 pies cuadrados. La compa\u00f1\u00eda experta, que este verano celebra su 11vo aniversario, ofrece servicios de mantenimiento y de reparaci\u00f3n en la Marina Casa de Campo y es, inclusive, equipado con una gr\u00faa especializada para levantamiento de [&hellip;]<\/p>\n","protected":false},"author":31,"featured_media":54831,"parent":0,"menu_order":0,"comment_status":"closed","ping_status":"closed","template":"tag-page.php","meta":{"newspack_ads_suppress_ads":false,"newspack_popups_has_disabled_popups":false,"newspack_sponsor_sponsorship_scope":"","newspack_sponsor_native_byline_display":"inherit","newspack_sponsor_native_category_display":"inherit","newspack_sponsor_underwriter_style":"inherit","newspack_sponsor_underwriter_placement":"inherit","newspack_content_restriction_is_exempt":false,"newspack_featured_image_position":"","newspack_hide_page_title":false,"newspack_show_share_buttons":false,"footnotes":""},"newspack_spnsrs_tax":[],"class_list":["post-54846","page","type-page","status-publish","has-post-thumbnail","hentry","entry"],"yoast_head":"<!-- This site is optimized with the Yoast SEO plugin v27.3 - https:\/\/yoast.com\/product\/yoast-seo-wordpress\/ -->\n<title>Astilleros IBC | Casa de Campo Living<\/title>\n<meta name=\"description\" content=\"El Astillero Inversiones Bastilla Caribe (IBC), es el astillero m\u00e1s grande del Caribe con un muelle seco de 25,000 pies cuadrados. La compa\u00f1\u00eda experta,\" \/>\n<meta name=\"robots\" content=\"index, follow, max-snippet:-1, max-image-preview:large, max-video-preview:-1\" \/>\n<link rel=\"canonical\" href=\"https:\/\/casadecampoliving.com\/es\/astillero-ibc\/\" \/>\n<meta property=\"og:locale\" content=\"es_ES\" \/>\n<meta property=\"og:type\" content=\"article\" \/>\n<meta property=\"og:title\" content=\"Astilleros IBC | Casa de Campo Living\" \/>\n<meta property=\"og:description\" content=\"El Astillero Inversiones Bastilla Caribe (IBC), es el astillero m\u00e1s grande del Caribe con un muelle seco de 25,000 pies cuadrados. La compa\u00f1\u00eda experta,\" \/>\n<meta property=\"og:url\" content=\"https:\/\/casadecampoliving.com\/es\/astillero-ibc\/\" \/>\n<meta property=\"og:site_name\" content=\"Casa de Campo Living\" \/>\n<meta property=\"article:publisher\" content=\"https:\/\/www.facebook.com\/casadecampoliving\" \/>\n<meta property=\"article:modified_time\" content=\"2022-10-21T21:26:21+00:00\" \/>\n<meta property=\"og:image\" content=\"https:\/\/i0.wp.com\/casadecampoliving.com\/wp-content\/uploads\/2012\/07\/azimut_IBC_shipyard_marina_casa_de_campo.jpg?fit=650%2C434&ssl=1\" \/>\n\t<meta property=\"og:image:width\" content=\"650\" \/>\n\t<meta property=\"og:image:height\" content=\"434\" \/>\n\t<meta property=\"og:image:type\" content=\"image\/jpeg\" \/>\n<meta name=\"twitter:card\" content=\"summary_large_image\" \/>\n<meta name=\"twitter:site\" content=\"@cdcliving\" \/>\n<meta name=\"twitter:label1\" content=\"Tiempo de lectura\" \/>\n\t<meta name=\"twitter:data1\" content=\"1 minuto\" \/>\n<script type=\"application\/ld+json\" class=\"yoast-schema-graph\">{\"@context\":\"https:\\\/\\\/schema.org\",\"@graph\":[{\"@type\":\"WebPage\",\"@id\":\"https:\\\/\\\/casadecampoliving.com\\\/es\\\/astillero-ibc\\\/\",\"url\":\"https:\\\/\\\/casadecampoliving.com\\\/es\\\/astillero-ibc\\\/\",\"name\":\"Astilleros IBC | Casa de Campo Living\",\"isPartOf\":{\"@id\":\"https:\\\/\\\/casadecampoliving.com\\\/es\\\/#website\"},\"primaryImageOfPage\":{\"@id\":\"https:\\\/\\\/casadecampoliving.com\\\/es\\\/astillero-ibc\\\/#primaryimage\"},\"image\":{\"@id\":\"https:\\\/\\\/casadecampoliving.com\\\/es\\\/astillero-ibc\\\/#primaryimage\"},\"thumbnailUrl\":\"https:\\\/\\\/i0.wp.com\\\/casadecampoliving.com\\\/wp-content\\\/uploads\\\/2012\\\/07\\\/azimut_IBC_shipyard_marina_casa_de_campo.jpg?fit=650%2C434&ssl=1\",\"datePublished\":\"2012-11-07T13:59:04+00:00\",\"dateModified\":\"2022-10-21T21:26:21+00:00\",\"description\":\"El Astillero Inversiones Bastilla Caribe (IBC), es el astillero m\u00e1s grande del Caribe con un muelle seco de 25,000 pies cuadrados. La compa\u00f1\u00eda experta,\",\"breadcrumb\":{\"@id\":\"https:\\\/\\\/casadecampoliving.com\\\/es\\\/astillero-ibc\\\/#breadcrumb\"},\"inLanguage\":\"es\",\"potentialAction\":[{\"@type\":\"ReadAction\",\"target\":[\"https:\\\/\\\/casadecampoliving.com\\\/es\\\/astillero-ibc\\\/\"]}]},{\"@type\":\"ImageObject\",\"inLanguage\":\"es\",\"@id\":\"https:\\\/\\\/casadecampoliving.com\\\/es\\\/astillero-ibc\\\/#primaryimage\",\"url\":\"https:\\\/\\\/i0.wp.com\\\/casadecampoliving.com\\\/wp-content\\\/uploads\\\/2012\\\/07\\\/azimut_IBC_shipyard_marina_casa_de_campo.jpg?fit=650%2C434&ssl=1\",\"contentUrl\":\"https:\\\/\\\/i0.wp.com\\\/casadecampoliving.com\\\/wp-content\\\/uploads\\\/2012\\\/07\\\/azimut_IBC_shipyard_marina_casa_de_campo.jpg?fit=650%2C434&ssl=1\",\"width\":\"650\",\"height\":\"434\",\"caption\":\"ibc shipyard\"},{\"@type\":\"BreadcrumbList\",\"@id\":\"https:\\\/\\\/casadecampoliving.com\\\/es\\\/astillero-ibc\\\/#breadcrumb\",\"itemListElement\":[{\"@type\":\"ListItem\",\"position\":1,\"name\":\"Home\",\"item\":\"https:\\\/\\\/casadecampoliving.com\\\/es\\\/\"},{\"@type\":\"ListItem\",\"position\":2,\"name\":\"Astilleros IBC\"}]},{\"@type\":\"WebSite\",\"@id\":\"https:\\\/\\\/casadecampoliving.com\\\/es\\\/#website\",\"url\":\"https:\\\/\\\/casadecampoliving.com\\\/es\\\/\",\"name\":\"Casa de Campo Living\",\"description\":\"Resort community news and resources.\",\"publisher\":{\"@id\":\"https:\\\/\\\/casadecampoliving.com\\\/es\\\/#organization\"},\"potentialAction\":[{\"@type\":\"SearchAction\",\"target\":{\"@type\":\"EntryPoint\",\"urlTemplate\":\"https:\\\/\\\/casadecampoliving.com\\\/es\\\/?s={search_term_string}\"},\"query-input\":{\"@type\":\"PropertyValueSpecification\",\"valueRequired\":true,\"valueName\":\"search_term_string\"}}],\"inLanguage\":\"es\"},{\"@type\":\"Organization\",\"@id\":\"https:\\\/\\\/casadecampoliving.com\\\/es\\\/#organization\",\"name\":\"Casa de Campo Living\",\"url\":\"https:\\\/\\\/casadecampoliving.com\\\/es\\\/\",\"logo\":{\"@type\":\"ImageObject\",\"inLanguage\":\"es\",\"@id\":\"https:\\\/\\\/casadecampoliving.com\\\/es\\\/#\\\/schema\\\/logo\\\/image\\\/\",\"url\":\"https:\\\/\\\/i0.wp.com\\\/casadecampoliving.com\\\/wp-content\\\/uploads\\\/2022\\\/07\\\/CDCLivingLogo_V1-white-sized.png?fit=800%2C214&ssl=1\",\"contentUrl\":\"https:\\\/\\\/i0.wp.com\\\/casadecampoliving.com\\\/wp-content\\\/uploads\\\/2022\\\/07\\\/CDCLivingLogo_V1-white-sized.png?fit=800%2C214&ssl=1\",\"width\":800,\"height\":214,\"caption\":\"Casa de Campo Living\"},\"image\":{\"@id\":\"https:\\\/\\\/casadecampoliving.com\\\/es\\\/#\\\/schema\\\/logo\\\/image\\\/\"},\"sameAs\":[\"https:\\\/\\\/www.facebook.com\\\/casadecampoliving\",\"https:\\\/\\\/x.com\\\/cdcliving\"]}]}<\/script>\n<!-- \/ Yoast SEO plugin. -->","yoast_head_json":{"title":"Astilleros IBC | Casa de Campo Living","description":"El Astillero Inversiones Bastilla Caribe (IBC), es el astillero m\u00e1s grande del Caribe con un muelle seco de 25,000 pies cuadrados. La compa\u00f1\u00eda experta,","robots":{"index":"index","follow":"follow","max-snippet":"max-snippet:-1","max-image-preview":"max-image-preview:large","max-video-preview":"max-video-preview:-1"},"canonical":"https:\/\/casadecampoliving.com\/es\/astillero-ibc\/","og_locale":"es_ES","og_type":"article","og_title":"Astilleros IBC | Casa de Campo Living","og_description":"El Astillero Inversiones Bastilla Caribe (IBC), es el astillero m\u00e1s grande del Caribe con un muelle seco de 25,000 pies cuadrados. La compa\u00f1\u00eda experta,","og_url":"https:\/\/casadecampoliving.com\/es\/astillero-ibc\/","og_site_name":"Casa de Campo Living","article_publisher":"https:\/\/www.facebook.com\/casadecampoliving","article_modified_time":"2022-10-21T21:26:21+00:00","og_image":[{"width":650,"height":434,"url":"https:\/\/i0.wp.com\/casadecampoliving.com\/wp-content\/uploads\/2012\/07\/azimut_IBC_shipyard_marina_casa_de_campo.jpg?fit=650%2C434&ssl=1","type":"image\/jpeg"}],"twitter_card":"summary_large_image","twitter_site":"@cdcliving","twitter_misc":{"Tiempo de lectura":"1 minuto"},"schema":{"@context":"https:\/\/schema.org","@graph":[{"@type":"WebPage","@id":"https:\/\/casadecampoliving.com\/es\/astillero-ibc\/","url":"https:\/\/casadecampoliving.com\/es\/astillero-ibc\/","name":"Astilleros IBC | Casa de Campo Living","isPartOf":{"@id":"https:\/\/casadecampoliving.com\/es\/#website"},"primaryImageOfPage":{"@id":"https:\/\/casadecampoliving.com\/es\/astillero-ibc\/#primaryimage"},"image":{"@id":"https:\/\/casadecampoliving.com\/es\/astillero-ibc\/#primaryimage"},"thumbnailUrl":"https:\/\/i0.wp.com\/casadecampoliving.com\/wp-content\/uploads\/2012\/07\/azimut_IBC_shipyard_marina_casa_de_campo.jpg?fit=650%2C434&ssl=1","datePublished":"2012-11-07T13:59:04+00:00","dateModified":"2022-10-21T21:26:21+00:00","description":"El Astillero Inversiones Bastilla Caribe (IBC), es el astillero m\u00e1s grande del Caribe con un muelle seco de 25,000 pies cuadrados. La compa\u00f1\u00eda experta,","breadcrumb":{"@id":"https:\/\/casadecampoliving.com\/es\/astillero-ibc\/#breadcrumb"},"inLanguage":"es","potentialAction":[{"@type":"ReadAction","target":["https:\/\/casadecampoliving.com\/es\/astillero-ibc\/"]}]},{"@type":"ImageObject","inLanguage":"es","@id":"https:\/\/casadecampoliving.com\/es\/astillero-ibc\/#primaryimage","url":"https:\/\/i0.wp.com\/casadecampoliving.com\/wp-content\/uploads\/2012\/07\/azimut_IBC_shipyard_marina_casa_de_campo.jpg?fit=650%2C434&ssl=1","contentUrl":"https:\/\/i0.wp.com\/casadecampoliving.com\/wp-content\/uploads\/2012\/07\/azimut_IBC_shipyard_marina_casa_de_campo.jpg?fit=650%2C434&ssl=1","width":"650","height":"434","caption":"ibc shipyard"},{"@type":"BreadcrumbList","@id":"https:\/\/casadecampoliving.com\/es\/astillero-ibc\/#breadcrumb","itemListElement":[{"@type":"ListItem","position":1,"name":"Home","item":"https:\/\/casadecampoliving.com\/es\/"},{"@type":"ListItem","position":2,"name":"Astilleros IBC"}]},{"@type":"WebSite","@id":"https:\/\/casadecampoliving.com\/es\/#website","url":"https:\/\/casadecampoliving.com\/es\/","name":"Casa de Campo Living","description":"Resort community news and resources.","publisher":{"@id":"https:\/\/casadecampoliving.com\/es\/#organization"},"potentialAction":[{"@type":"SearchAction","target":{"@type":"EntryPoint","urlTemplate":"https:\/\/casadecampoliving.com\/es\/?s={search_term_string}"},"query-input":{"@type":"PropertyValueSpecification","valueRequired":true,"valueName":"search_term_string"}}],"inLanguage":"es"},{"@type":"Organization","@id":"https:\/\/casadecampoliving.com\/es\/#organization","name":"Casa de Campo Living","url":"https:\/\/casadecampoliving.com\/es\/","logo":{"@type":"ImageObject","inLanguage":"es","@id":"https:\/\/casadecampoliving.com\/es\/#\/schema\/logo\/image\/","url":"https:\/\/i0.wp.com\/casadecampoliving.com\/wp-content\/uploads\/2022\/07\/CDCLivingLogo_V1-white-sized.png?fit=800%2C214&ssl=1","contentUrl":"https:\/\/i0.wp.com\/casadecampoliving.com\/wp-content\/uploads\/2022\/07\/CDCLivingLogo_V1-white-sized.png?fit=800%2C214&ssl=1","width":800,"height":214,"caption":"Casa de Campo Living"},"image":{"@id":"https:\/\/casadecampoliving.com\/es\/#\/schema\/logo\/image\/"},"sameAs":["https:\/\/www.facebook.com\/casadecampoliving","https:\/\/x.com\/cdcliving"]}]}},"parsely":{"version":"1.1.0","canonical_url":"https:\/\/casadecampoliving.com\/es\/astillero-ibc\/","smart_links":{"inbound":0,"outbound":0},"traffic_boost_suggestions_count":0,"meta":{"@context":"https:\/\/schema.org","@type":"WebPage","headline":"Astilleros IBC","url":"http:\/\/casadecampoliving.com\/es\/astillero-ibc\/","mainEntityOfPage":{"@type":"WebPage","@id":"http:\/\/casadecampoliving.com\/es\/astillero-ibc\/"},"thumbnailUrl":"https:\/\/i0.wp.com\/casadecampoliving.com\/wp-content\/uploads\/2012\/07\/azimut_IBC_shipyard_marina_casa_de_campo.jpg?resize=150%2C150&ssl=1","image":{"@type":"ImageObject","url":"https:\/\/i0.wp.com\/casadecampoliving.com\/wp-content\/uploads\/2012\/07\/azimut_IBC_shipyard_marina_casa_de_campo.jpg?fit=650%2C434&ssl=1"},"articleSection":"Uncategorized @es","author":[{"@type":"Person","name":"Rebecca Silvestri"}],"creator":["Rebecca Silvestri"],"publisher":{"@type":"Organization","name":"Casa de Campo Living","logo":"https:\/\/casadecampoliving.com\/wp-content\/uploads\/2022\/07\/CDCLivingLogo_V1-white-sized.png"},"keywords":[],"dateCreated":"2012-11-07T13:59:04Z","datePublished":"2012-11-07T13:59:04Z","dateModified":"2022-10-21T21:26:21Z"},"rendered":"<script type=\"application\/ld+json\" class=\"wp-parsely-metadata\">{\"@context\":\"https:\\\/\\\/schema.org\",\"@type\":\"WebPage\",\"headline\":\"Astilleros IBC\",\"url\":\"http:\\\/\\\/casadecampoliving.com\\\/es\\\/astillero-ibc\\\/\",\"mainEntityOfPage\":{\"@type\":\"WebPage\",\"@id\":\"http:\\\/\\\/casadecampoliving.com\\\/es\\\/astillero-ibc\\\/\"},\"thumbnailUrl\":\"https:\\\/\\\/i0.wp.com\\\/casadecampoliving.com\\\/wp-content\\\/uploads\\\/2012\\\/07\\\/azimut_IBC_shipyard_marina_casa_de_campo.jpg?resize=150%2C150&ssl=1\",\"image\":{\"@type\":\"ImageObject\",\"url\":\"https:\\\/\\\/i0.wp.com\\\/casadecampoliving.com\\\/wp-content\\\/uploads\\\/2012\\\/07\\\/azimut_IBC_shipyard_marina_casa_de_campo.jpg?fit=650%2C434&ssl=1\"},\"articleSection\":\"Uncategorized @es\",\"author\":[{\"@type\":\"Person\",\"name\":\"Rebecca Silvestri\"}],\"creator\":[\"Rebecca Silvestri\"],\"publisher\":{\"@type\":\"Organization\",\"name\":\"Casa de Campo Living\",\"logo\":\"https:\\\/\\\/casadecampoliving.com\\\/wp-content\\\/uploads\\\/2022\\\/07\\\/CDCLivingLogo_V1-white-sized.png\"},\"keywords\":[],\"dateCreated\":\"2012-11-07T13:59:04Z\",\"datePublished\":\"2012-11-07T13:59:04Z\",\"dateModified\":\"2022-10-21T21:26:21Z\"}<\/script>","tracker_url":"https:\/\/cdn.parsely.com\/keys\/casadecampoliving.com\/p.js"},"jetpack-related-posts":[{"id":54848,"url":"https:\/\/casadecampoliving.com\/es\/i-b-i-nautica\/","url_meta":{"origin":54846,"position":0},"title":"I.B.I Nautica","author":"Rebecca Silvestri","date":"24 Jul, 2012","format":false,"excerpt":"Desde 1998, I.B.I N\u00e1utica ha sido el corredor exclusivo del grupo Azimut|Benetti Group y la \u00fanica compa\u00f1\u00eda del Caribe que vende una completa gama de flotillas, tales como los mega yates, yates de lujo, yates motorizados, yates de pesca, veleros y mucho m\u00e1s. La oficina de venta de I.B.I N\u00e1utica\u2026","rel":"","context":"Entrada similar","block_context":{"text":"Entrada similar","link":""},"img":{"alt_text":"","src":"","width":0,"height":0},"classes":[]},{"id":42839,"url":"https:\/\/casadecampoliving.com\/es\/la-marina-casa-de-campo\/","url_meta":{"origin":54846,"position":1},"title":"La Marina Casa de Campo","author":"Rebecca Silvestri","date":"19 Oct, 2012","format":false,"excerpt":"Bienvenidos a la Marina Casa de Campo! Considerada generalmente como una de las \u00e1reas m\u00e1s \u201cchic\u201d de Casa de Campo, la Marina Casa de Campo es un gran lugar para ir de compras, cenar, y por supuesto para salir de paseo en bote! Completada en el 2001, la Marina Casa\u2026","rel":"","context":"Entrada similar","block_context":{"text":"Entrada similar","link":""},"img":{"alt_text":"marina casa de campo","src":"https:\/\/i0.wp.com\/casadecampoliving-wp.s3-accelerate.amazonaws.com\/2012\/01\/marina_casa_de_campo7.jpg?resize=350%2C200&ssl=1","width":350,"height":200,"srcset":"https:\/\/i0.wp.com\/casadecampoliving-wp.s3-accelerate.amazonaws.com\/2012\/01\/marina_casa_de_campo7.jpg?resize=350%2C200&ssl=1 1x, https:\/\/i0.wp.com\/casadecampoliving-wp.s3-accelerate.amazonaws.com\/2012\/01\/marina_casa_de_campo7.jpg?resize=525%2C300&ssl=1 1.5x"},"classes":[]},{"id":54830,"url":"https:\/\/casadecampoliving.com\/ibc\/","url_meta":{"origin":54846,"position":2},"title":"IBC Shipyard","author":"Rebecca Silvestri","date":"24 Jul, 2012","format":false,"excerpt":"The\u00a0Inversiones Bastilla Caribe (IBC) Shipyard is the largest shipyard in the Caribbean, with a 25,000 square foot dry dock. The experienced company, which this summer celebrates it\u2019s 11th anniversary offers maintenance and reparation services for the Marina Casa de Campo and is even equipped with a specialist crane for lifting\u2026","rel":"","context":"Entrada similar","block_context":{"text":"Entrada similar","link":""},"img":{"alt_text":"ibc shipyard","src":"https:\/\/i0.wp.com\/casadecampoliving.com\/wp-content\/uploads\/2012\/07\/azimut_IBC_shipyard_marina_casa_de_campo.jpg?fit=650%2C434&ssl=1&resize=350%2C200","width":350,"height":200,"srcset":"https:\/\/i0.wp.com\/casadecampoliving.com\/wp-content\/uploads\/2012\/07\/azimut_IBC_shipyard_marina_casa_de_campo.jpg?fit=650%2C434&ssl=1&resize=350%2C200 1x, https:\/\/i0.wp.com\/casadecampoliving.com\/wp-content\/uploads\/2012\/07\/azimut_IBC_shipyard_marina_casa_de_campo.jpg?fit=650%2C434&ssl=1&resize=525%2C300 1.5x"},"classes":[]},{"id":54784,"url":"https:\/\/casadecampoliving.com\/es\/ecoplaneta\/","url_meta":{"origin":54846,"position":3},"title":"Eco Planeta Caribe S.R.L .","author":"","date":"23 Jul, 2012","format":false,"excerpt":"Eco Planeta Caribe en la Marina Casa de Campo tiene a la venta y renta los modernos scooters y carritos de golf el\u00e9ctricos, al igual que los carritos de golf solares y soluciones de energ\u00eda solar para su hogar.\u00a0 Los servicios y productos ofrecidos por Eco Planeta Caribe son: Carritos\u2026","rel":"","context":"Entrada similar","block_context":{"text":"Entrada similar","link":""},"img":{"alt_text":"eco plantea caribe","src":"https:\/\/i0.wp.com\/casadecampoliving.com\/wp-content\/uploads\/2012\/07\/eco_planeta_caribe.jpg?fit=650%2C312&ssl=1&resize=350%2C200","width":350,"height":200,"srcset":"https:\/\/i0.wp.com\/casadecampoliving.com\/wp-content\/uploads\/2012\/07\/eco_planeta_caribe.jpg?fit=650%2C312&ssl=1&resize=350%2C200 1x, https:\/\/i0.wp.com\/casadecampoliving.com\/wp-content\/uploads\/2012\/07\/eco_planeta_caribe.jpg?fit=650%2C312&ssl=1&resize=525%2C300 1.5x"},"classes":[]},{"id":53905,"url":"https:\/\/casadecampoliving.com\/es\/jennypolanco1\/","url_meta":{"origin":54846,"position":4},"title":"Jenny Polanco Project en Altos de Chav\u00f3n:\u00a0espacio de Moda, Arte y\u00a0Artesan\u00eda","author":"Rebecca Silvestri","date":"9 Jul, 2012","format":false,"excerpt":"La tienda de Jenny Polanco que fuera recientemente abierta en Altos de Chav\u00f3n es, posiblemente, el mejor lugar en Casa de Campo (y La Romana) para adquirir \u00fanicas y tradicionales piezas de arte. All\u00ed encontrar\u00e1 artesan\u00edas, genuinas pinturas dominicanas y haitianas, m\u00e1scaras de carnaval, canastas, vasijas, decoraciones de mesa e\u2026","rel":"","context":"Entrada similar","block_context":{"text":"Entrada similar","link":""},"img":{"alt_text":"jenny polanco","src":"https:\/\/i0.wp.com\/casadecampoliving.com\/wp-content\/uploads\/2012\/07\/jenny_polanco.jpg?fit=650%2C388&ssl=1&resize=350%2C200","width":350,"height":200,"srcset":"https:\/\/i0.wp.com\/casadecampoliving.com\/wp-content\/uploads\/2012\/07\/jenny_polanco.jpg?fit=650%2C388&ssl=1&resize=350%2C200 1x, https:\/\/i0.wp.com\/casadecampoliving.com\/wp-content\/uploads\/2012\/07\/jenny_polanco.jpg?fit=650%2C388&ssl=1&resize=525%2C300 1.5x"},"classes":[]},{"id":74572,"url":"https:\/\/casadecampoliving.com\/es\/el-atardecer\/","url_meta":{"origin":54846,"position":5},"title":"\u00a1El Atardecer con Sabor a M\u00fasica en el Azimut Caf\u00e9 es este s\u00e1bado!","author":"Rebecca Silvestri","date":"22 Jul, 2013","format":false,"excerpt":"Los Atardeceres con Sabor a M\u00fasica,\u00a0regularmente en el Caf\u00e9 Azimut en La Marina Casa de Campo son organizados por Mauro Caslini, Presidente y Director General de IB Nautica y su hija Alice Caslini de Moriconi, propietaria y Directora de Ventas y Marketing de IBI Yates. Este d\u00fao din\u00e1mico le invita\u2026","rel":"","context":"Entrada similar","block_context":{"text":"Entrada similar","link":""},"img":{"alt_text":"marina casa de campo","src":"https:\/\/i0.wp.com\/casadecampoliving-wp.s3-accelerate.amazonaws.com\/2012\/07\/marina_casa_de_campo2.jpg?resize=350%2C200&ssl=1","width":350,"height":200,"srcset":"https:\/\/i0.wp.com\/casadecampoliving-wp.s3-accelerate.amazonaws.com\/2012\/07\/marina_casa_de_campo2.jpg?resize=350%2C200&ssl=1 1x, https:\/\/i0.wp.com\/casadecampoliving-wp.s3-accelerate.amazonaws.com\/2012\/07\/marina_casa_de_campo2.jpg?resize=525%2C300&ssl=1 1.5x"},"classes":[]}],"jetpack_sharing_enabled":true,"_links":{"self":[{"href":"https:\/\/casadecampoliving.com\/es\/wp-json\/wp\/v2\/pages\/54846","targetHints":{"allow":["GET"]}}],"collection":[{"href":"https:\/\/casadecampoliving.com\/es\/wp-json\/wp\/v2\/pages"}],"about":[{"href":"https:\/\/casadecampoliving.com\/es\/wp-json\/wp\/v2\/types\/page"}],"author":[{"embeddable":true,"href":"https:\/\/casadecampoliving.com\/es\/wp-json\/wp\/v2\/users\/31"}],"replies":[{"embeddable":true,"href":"https:\/\/casadecampoliving.com\/es\/wp-json\/wp\/v2\/comments?post=54846"}],"version-history":[{"count":0,"href":"https:\/\/casadecampoliving.com\/es\/wp-json\/wp\/v2\/pages\/54846\/revisions"}],"wp:featuredmedia":[{"embeddable":true,"href":"https:\/\/casadecampoliving.com\/es\/wp-json\/wp\/v2\/media\/54831"}],"wp:attachment":[{"href":"https:\/\/casadecampoliving.com\/es\/wp-json\/wp\/v2\/media?parent=54846"}],"wp:term":[{"taxonomy":"newspack_spnsrs_tax","embeddable":true,"href":"https:\/\/casadecampoliving.com\/es\/wp-json\/wp\/v2\/newspack_spnsrs_tax?post=54846"}],"curies":[{"name":"wp","href":"https:\/\/api.w.org\/{rel}","templated":true}]}}