{"id":53905,"date":"2012-07-09T20:51:42","date_gmt":"2012-07-10T00:51:42","guid":{"rendered":"http:\/\/casadecampoliving.com\/?page_id=53905"},"modified":"2022-10-21T17:25:18","modified_gmt":"2022-10-21T21:25:18","slug":"jennypolanco1","status":"publish","type":"page","link":"https:\/\/casadecampoliving.com\/es\/jennypolanco1\/","title":{"rendered":"Jenny Polanco Project en Altos de Chav\u00f3n:\u00a0espacio de Moda, Arte y\u00a0Artesan\u00eda"},"content":{"rendered":"<div class=\"wp-block-image\">\n<figure class=\"aligncenter\"><img loading=\"lazy\" decoding=\"async\" width=\"650\" height=\"388\" src=\"https:\/\/i0.wp.com\/casadecampoliving-wp.s3-accelerate.amazonaws.com\/2012\/07\/jenny_polanco.jpg?resize=650%2C388&amp;ssl=1\" alt=\"jenny polanco\" class=\"wp-image-53899\" title=\"jenny_polanco\" srcset=\"https:\/\/i0.wp.com\/casadecampoliving.com\/wp-content\/uploads\/2012\/07\/jenny_polanco.jpg?w=650&amp;ssl=1 650w, https:\/\/i0.wp.com\/casadecampoliving.com\/wp-content\/uploads\/2012\/07\/jenny_polanco.jpg?resize=300%2C179&amp;ssl=1 300w, https:\/\/i0.wp.com\/casadecampoliving-wp.s3-accelerate.amazonaws.com\/2012\/07\/jenny_polanco.jpg?w=370 370w, https:\/\/i0.wp.com\/casadecampoliving-wp.s3-accelerate.amazonaws.com\/2012\/07\/jenny_polanco.jpg?w=400 400w\" sizes=\"auto, (max-width: 650px) 100vw, 650px\" \/><\/figure>\n<\/div>\n\n\n<p>La tienda de Jenny Polanco que fuera recientemente abierta en Altos de Chav\u00f3n es, posiblemente, el mejor lugar en Casa de Campo (y La Romana) para adquirir \u00fanicas y tradicionales piezas de arte. All\u00ed encontrar\u00e1 artesan\u00edas, genuinas pinturas dominicanas y haitianas, m\u00e1scaras de carnaval, canastas, vasijas, decoraciones de mesa e inclusive muebles \u2013 todos elaborados a mano por artesanos dominicanos, haitianos y el Caribe.\n<\/p>\n\n\n\n<blockquote class=\"wp-block-quote is-layout-flow wp-block-quote-is-layout-flow\"><p><em><strong><img decoding=\"async\" loading=\"lazy\" class=\"alignright size-full wp-image-53901\" style=\"margin-left: 15px; margin-right: 15px;\" title=\"jenny_polanco\" src=\"https:\/\/i0.wp.com\/casadecampoliving-wp.s3-accelerate.amazonaws.com\/2012\/07\/jenny_polanco1.jpg?resize=250%2C325&amp;ssl=1\" alt=\"jenny polanco\" width=\"250\" height=\"325\" srcset=\"https:\/\/i0.wp.com\/casadecampoliving.com\/wp-content\/uploads\/2012\/07\/jenny_polanco1.jpg?w=250&amp;ssl=1 250w, https:\/\/i0.wp.com\/casadecampoliving.com\/wp-content\/uploads\/2012\/07\/jenny_polanco1.jpg?resize=230%2C300&amp;ssl=1 230w\" sizes=\"auto, (max-width: 250px) 100vw, 250px\">\u201cProject es un espacio de arte dise\u00f1ado para apoyar la artesan\u00eda del Caribe, con el fin de promover las creaciones de artesanos de nuestros pa\u00edses.\u201d<\/strong><\/em><\/p><p style=\"padding-left: 60px;\"><em><strong><\/strong><\/em>\u2014 Jenny Polanco, dise\u00f1ador Dominicano<\/p><\/blockquote>\n\n\n\n<p>\nAdem\u00e1s de estas piezas tradicionales, Jenny Polanco presenta con orgullo sus propios dise\u00f1os de moda; tropicales vestidos blancos de lino y blusas con detalles de ambar, perfectos para el clima del Caribe, al igual que hermosas carteras y joyas.\n\n<strong>\n<\/strong><\/p>\n\n\n\n<figure class=\"wp-block-image\"><img loading=\"lazy\" decoding=\"async\" width=\"800\" height=\"1066\" src=\"https:\/\/i0.wp.com\/casadecampoliving.com\/wp-content\/uploads\/2022\/10\/img_4921.jpg?resize=800%2C1066&amp;ssl=1\" alt=\"\" class=\"wp-image-429984\" srcset=\"https:\/\/i0.wp.com\/casadecampoliving.com\/wp-content\/uploads\/2022\/10\/img_4921.jpg?w=800&amp;ssl=1 800w, https:\/\/i0.wp.com\/casadecampoliving.com\/wp-content\/uploads\/2022\/10\/img_4921.jpg?resize=225%2C300&amp;ssl=1 225w, https:\/\/i0.wp.com\/casadecampoliving.com\/wp-content\/uploads\/2022\/10\/img_4921.jpg?resize=768%2C1023&amp;ssl=1 768w, https:\/\/i0.wp.com\/casadecampoliving.com\/wp-content\/uploads\/2022\/10\/img_4921.jpg?resize=600%2C800&amp;ssl=1 600w, https:\/\/i0.wp.com\/casadecampoliving.com\/wp-content\/uploads\/2022\/10\/img_4921.jpg?resize=300%2C400&amp;ssl=1 300w, https:\/\/i0.wp.com\/casadecampoliving.com\/wp-content\/uploads\/2022\/10\/img_4921.jpg?resize=150%2C200&amp;ssl=1 150w, https:\/\/i0.wp.com\/casadecampoliving.com\/wp-content\/uploads\/2022\/10\/img_4921.jpg?resize=400%2C533&amp;ssl=1 400w, https:\/\/i0.wp.com\/casadecampoliving.com\/wp-content\/uploads\/2022\/10\/img_4921.jpg?resize=706%2C941&amp;ssl=1 706w, https:\/\/i0.wp.com\/casadecampoliving.com\/wp-content\/uploads\/2022\/10\/img_4921.jpg?resize=640%2C853&amp;ssl=1 640w, https:\/\/i0.wp.com\/casadecampoliving.com\/wp-content\/uploads\/2022\/10\/img_4921.jpg?w=370 370w\" sizes=\"auto, (max-width: 800px) 100vw, 800px\" \/><\/figure>\n\n\n\n<strong>\n<\/strong>\n\n\n\n<p><\/p>\n\n\n\n<blockquote class=\"wp-block-quote is-layout-flow wp-block-quote-is-layout-flow\"><p style=\"text-align: left;\"><strong>The Jenny Polanco Project<\/strong>\nCasa del Rio, Altos de Chav\u00f3n\nAbierto diariamente: 9am \u2013 6pm\nTel: 809-925-1899<\/p><\/blockquote>\n","protected":false},"excerpt":{"rendered":"<p>La tienda de Jenny Polanco que fuera recientemente abierta en Altos de Chav\u00f3n es, posiblemente, el mejor lugar en Casa de Campo (y La Romana) para adquirir \u00fanicas y tradicionales piezas de arte. All\u00ed encontrar\u00e1 artesan\u00edas, genuinas pinturas dominicanas y haitianas, m\u00e1scaras de carnaval, canastas, vasijas, decoraciones de mesa e inclusive muebles \u2013 todos elaborados [&hellip;]<\/p>\n","protected":false},"author":31,"featured_media":53899,"parent":0,"menu_order":0,"comment_status":"closed","ping_status":"closed","template":"tag-page.php","meta":{"newspack_ads_suppress_ads":false,"newspack_popups_has_disabled_popups":false,"newspack_sponsor_sponsorship_scope":"","newspack_sponsor_native_byline_display":"inherit","newspack_sponsor_native_category_display":"inherit","newspack_sponsor_underwriter_style":"inherit","newspack_sponsor_underwriter_placement":"inherit","newspack_content_restriction_is_exempt":false,"newspack_featured_image_position":"","newspack_hide_page_title":false,"newspack_show_share_buttons":false,"footnotes":""},"newspack_spnsrs_tax":[],"class_list":["post-53905","page","type-page","status-publish","has-post-thumbnail","hentry","entry"],"yoast_head":"<!-- This site is optimized with the Yoast SEO plugin v27.6 - https:\/\/yoast.com\/product\/yoast-seo-wordpress\/ -->\n<title>Jenny Polanco Project en Altos de Chav\u00f3n:\u00a0espacio de Moda, Arte y\u00a0Artesan\u00eda | Casa de Campo Living<\/title>\n<meta name=\"description\" content=\"La tienda de Jenny Polanco que fuera recientemente abierta en Altos de Chav\u00f3n es, posiblemente, el mejor lugar en Casa de Campo (y La Romana) para\" \/>\n<meta name=\"robots\" content=\"index, follow, max-snippet:-1, max-image-preview:large, max-video-preview:-1\" \/>\n<link rel=\"canonical\" href=\"https:\/\/casadecampoliving.com\/es\/jennypolanco1\/\" \/>\n<meta property=\"og:locale\" content=\"es_ES\" \/>\n<meta property=\"og:type\" content=\"article\" \/>\n<meta property=\"og:title\" content=\"Jenny Polanco Project en Altos de Chav\u00f3n:\u00a0espacio de Moda, Arte y\u00a0Artesan\u00eda | Casa de Campo Living\" \/>\n<meta property=\"og:description\" content=\"La tienda de Jenny Polanco que fuera recientemente abierta en Altos de Chav\u00f3n es, posiblemente, el mejor lugar en Casa de Campo (y La Romana) para\" \/>\n<meta property=\"og:url\" content=\"https:\/\/casadecampoliving.com\/es\/jennypolanco1\/\" \/>\n<meta property=\"og:site_name\" content=\"Casa de Campo Living\" \/>\n<meta property=\"article:publisher\" content=\"https:\/\/www.facebook.com\/casadecampoliving\" \/>\n<meta property=\"article:modified_time\" content=\"2022-10-21T21:25:18+00:00\" \/>\n<meta property=\"og:image\" content=\"https:\/\/i0.wp.com\/casadecampoliving.com\/wp-content\/uploads\/2012\/07\/jenny_polanco.jpg?fit=650%2C388&ssl=1\" \/>\n\t<meta property=\"og:image:width\" content=\"650\" \/>\n\t<meta property=\"og:image:height\" content=\"388\" \/>\n\t<meta property=\"og:image:type\" content=\"image\/jpeg\" \/>\n<meta name=\"twitter:card\" content=\"summary_large_image\" \/>\n<meta name=\"twitter:site\" content=\"@cdcliving\" \/>\n<meta name=\"twitter:label1\" content=\"Tiempo de lectura\" \/>\n\t<meta name=\"twitter:data1\" content=\"1 minuto\" \/>\n<script type=\"application\/ld+json\" class=\"yoast-schema-graph\">{\"@context\":\"https:\\\/\\\/schema.org\",\"@graph\":[{\"@type\":\"WebPage\",\"@id\":\"https:\\\/\\\/casadecampoliving.com\\\/es\\\/jennypolanco1\\\/\",\"url\":\"https:\\\/\\\/casadecampoliving.com\\\/es\\\/jennypolanco1\\\/\",\"name\":\"Jenny Polanco Project en Altos de Chav\u00f3n:\u00a0espacio de Moda, Arte y\u00a0Artesan\u00eda | Casa de Campo Living\",\"isPartOf\":{\"@id\":\"https:\\\/\\\/casadecampoliving.com\\\/es\\\/#website\"},\"primaryImageOfPage\":{\"@id\":\"https:\\\/\\\/casadecampoliving.com\\\/es\\\/jennypolanco1\\\/#primaryimage\"},\"image\":{\"@id\":\"https:\\\/\\\/casadecampoliving.com\\\/es\\\/jennypolanco1\\\/#primaryimage\"},\"thumbnailUrl\":\"https:\\\/\\\/i0.wp.com\\\/casadecampoliving.com\\\/wp-content\\\/uploads\\\/2012\\\/07\\\/jenny_polanco.jpg?fit=650%2C388&ssl=1\",\"datePublished\":\"2012-07-10T00:51:42+00:00\",\"dateModified\":\"2022-10-21T21:25:18+00:00\",\"description\":\"La tienda de Jenny Polanco que fuera recientemente abierta en Altos de Chav\u00f3n es, posiblemente, el mejor lugar en Casa de Campo (y La Romana) para\",\"breadcrumb\":{\"@id\":\"https:\\\/\\\/casadecampoliving.com\\\/es\\\/jennypolanco1\\\/#breadcrumb\"},\"inLanguage\":\"es\",\"potentialAction\":[{\"@type\":\"ReadAction\",\"target\":[\"https:\\\/\\\/casadecampoliving.com\\\/es\\\/jennypolanco1\\\/\"]}]},{\"@type\":\"ImageObject\",\"inLanguage\":\"es\",\"@id\":\"https:\\\/\\\/casadecampoliving.com\\\/es\\\/jennypolanco1\\\/#primaryimage\",\"url\":\"https:\\\/\\\/i0.wp.com\\\/casadecampoliving.com\\\/wp-content\\\/uploads\\\/2012\\\/07\\\/jenny_polanco.jpg?fit=650%2C388&ssl=1\",\"contentUrl\":\"https:\\\/\\\/i0.wp.com\\\/casadecampoliving.com\\\/wp-content\\\/uploads\\\/2012\\\/07\\\/jenny_polanco.jpg?fit=650%2C388&ssl=1\",\"width\":\"650\",\"height\":\"388\",\"caption\":\"jenny polanco\"},{\"@type\":\"BreadcrumbList\",\"@id\":\"https:\\\/\\\/casadecampoliving.com\\\/es\\\/jennypolanco1\\\/#breadcrumb\",\"itemListElement\":[{\"@type\":\"ListItem\",\"position\":1,\"name\":\"Home\",\"item\":\"https:\\\/\\\/casadecampoliving.com\\\/es\\\/\"},{\"@type\":\"ListItem\",\"position\":2,\"name\":\"Jenny Polanco Project en Altos de Chav\u00f3n:\u00a0espacio de Moda, Arte y\u00a0Artesan\u00eda\"}]},{\"@type\":\"WebSite\",\"@id\":\"https:\\\/\\\/casadecampoliving.com\\\/es\\\/#website\",\"url\":\"https:\\\/\\\/casadecampoliving.com\\\/es\\\/\",\"name\":\"Casa de Campo Living\",\"description\":\"Resort community news and resources.\",\"publisher\":{\"@id\":\"https:\\\/\\\/casadecampoliving.com\\\/es\\\/#organization\"},\"potentialAction\":[{\"@type\":\"SearchAction\",\"target\":{\"@type\":\"EntryPoint\",\"urlTemplate\":\"https:\\\/\\\/casadecampoliving.com\\\/es\\\/?s={search_term_string}\"},\"query-input\":{\"@type\":\"PropertyValueSpecification\",\"valueRequired\":true,\"valueName\":\"search_term_string\"}}],\"inLanguage\":\"es\"},{\"@type\":\"Organization\",\"@id\":\"https:\\\/\\\/casadecampoliving.com\\\/es\\\/#organization\",\"name\":\"Casa de Campo Living\",\"url\":\"https:\\\/\\\/casadecampoliving.com\\\/es\\\/\",\"logo\":{\"@type\":\"ImageObject\",\"inLanguage\":\"es\",\"@id\":\"https:\\\/\\\/casadecampoliving.com\\\/es\\\/#\\\/schema\\\/logo\\\/image\\\/\",\"url\":\"https:\\\/\\\/i0.wp.com\\\/casadecampoliving.com\\\/wp-content\\\/uploads\\\/2022\\\/07\\\/CDCLivingLogo_V1-white-sized.png?fit=800%2C214&ssl=1\",\"contentUrl\":\"https:\\\/\\\/i0.wp.com\\\/casadecampoliving.com\\\/wp-content\\\/uploads\\\/2022\\\/07\\\/CDCLivingLogo_V1-white-sized.png?fit=800%2C214&ssl=1\",\"width\":800,\"height\":214,\"caption\":\"Casa de Campo Living\"},\"image\":{\"@id\":\"https:\\\/\\\/casadecampoliving.com\\\/es\\\/#\\\/schema\\\/logo\\\/image\\\/\"},\"sameAs\":[\"https:\\\/\\\/www.facebook.com\\\/casadecampoliving\",\"https:\\\/\\\/x.com\\\/cdcliving\"]}]}<\/script>\n<!-- \/ Yoast SEO plugin. -->","yoast_head_json":{"title":"Jenny Polanco Project en Altos de Chav\u00f3n:\u00a0espacio de Moda, Arte y\u00a0Artesan\u00eda | Casa de Campo Living","description":"La tienda de Jenny Polanco que fuera recientemente abierta en Altos de Chav\u00f3n es, posiblemente, el mejor lugar en Casa de Campo (y La Romana) para","robots":{"index":"index","follow":"follow","max-snippet":"max-snippet:-1","max-image-preview":"max-image-preview:large","max-video-preview":"max-video-preview:-1"},"canonical":"https:\/\/casadecampoliving.com\/es\/jennypolanco1\/","og_locale":"es_ES","og_type":"article","og_title":"Jenny Polanco Project en Altos de Chav\u00f3n:\u00a0espacio de Moda, Arte y\u00a0Artesan\u00eda | Casa de Campo Living","og_description":"La tienda de Jenny Polanco que fuera recientemente abierta en Altos de Chav\u00f3n es, posiblemente, el mejor lugar en Casa de Campo (y La Romana) para","og_url":"https:\/\/casadecampoliving.com\/es\/jennypolanco1\/","og_site_name":"Casa de Campo Living","article_publisher":"https:\/\/www.facebook.com\/casadecampoliving","article_modified_time":"2022-10-21T21:25:18+00:00","og_image":[{"width":650,"height":388,"url":"https:\/\/i0.wp.com\/casadecampoliving.com\/wp-content\/uploads\/2012\/07\/jenny_polanco.jpg?fit=650%2C388&ssl=1","type":"image\/jpeg"}],"twitter_card":"summary_large_image","twitter_site":"@cdcliving","twitter_misc":{"Tiempo de lectura":"1 minuto"},"schema":{"@context":"https:\/\/schema.org","@graph":[{"@type":"WebPage","@id":"https:\/\/casadecampoliving.com\/es\/jennypolanco1\/","url":"https:\/\/casadecampoliving.com\/es\/jennypolanco1\/","name":"Jenny Polanco Project en Altos de Chav\u00f3n:\u00a0espacio de Moda, Arte y\u00a0Artesan\u00eda | Casa de Campo Living","isPartOf":{"@id":"https:\/\/casadecampoliving.com\/es\/#website"},"primaryImageOfPage":{"@id":"https:\/\/casadecampoliving.com\/es\/jennypolanco1\/#primaryimage"},"image":{"@id":"https:\/\/casadecampoliving.com\/es\/jennypolanco1\/#primaryimage"},"thumbnailUrl":"https:\/\/i0.wp.com\/casadecampoliving.com\/wp-content\/uploads\/2012\/07\/jenny_polanco.jpg?fit=650%2C388&ssl=1","datePublished":"2012-07-10T00:51:42+00:00","dateModified":"2022-10-21T21:25:18+00:00","description":"La tienda de Jenny Polanco que fuera recientemente abierta en Altos de Chav\u00f3n es, posiblemente, el mejor lugar en Casa de Campo (y La Romana) para","breadcrumb":{"@id":"https:\/\/casadecampoliving.com\/es\/jennypolanco1\/#breadcrumb"},"inLanguage":"es","potentialAction":[{"@type":"ReadAction","target":["https:\/\/casadecampoliving.com\/es\/jennypolanco1\/"]}]},{"@type":"ImageObject","inLanguage":"es","@id":"https:\/\/casadecampoliving.com\/es\/jennypolanco1\/#primaryimage","url":"https:\/\/i0.wp.com\/casadecampoliving.com\/wp-content\/uploads\/2012\/07\/jenny_polanco.jpg?fit=650%2C388&ssl=1","contentUrl":"https:\/\/i0.wp.com\/casadecampoliving.com\/wp-content\/uploads\/2012\/07\/jenny_polanco.jpg?fit=650%2C388&ssl=1","width":"650","height":"388","caption":"jenny polanco"},{"@type":"BreadcrumbList","@id":"https:\/\/casadecampoliving.com\/es\/jennypolanco1\/#breadcrumb","itemListElement":[{"@type":"ListItem","position":1,"name":"Home","item":"https:\/\/casadecampoliving.com\/es\/"},{"@type":"ListItem","position":2,"name":"Jenny Polanco Project en Altos de Chav\u00f3n:\u00a0espacio de Moda, Arte y\u00a0Artesan\u00eda"}]},{"@type":"WebSite","@id":"https:\/\/casadecampoliving.com\/es\/#website","url":"https:\/\/casadecampoliving.com\/es\/","name":"Casa de Campo Living","description":"Resort community news and resources.","publisher":{"@id":"https:\/\/casadecampoliving.com\/es\/#organization"},"potentialAction":[{"@type":"SearchAction","target":{"@type":"EntryPoint","urlTemplate":"https:\/\/casadecampoliving.com\/es\/?s={search_term_string}"},"query-input":{"@type":"PropertyValueSpecification","valueRequired":true,"valueName":"search_term_string"}}],"inLanguage":"es"},{"@type":"Organization","@id":"https:\/\/casadecampoliving.com\/es\/#organization","name":"Casa de Campo Living","url":"https:\/\/casadecampoliving.com\/es\/","logo":{"@type":"ImageObject","inLanguage":"es","@id":"https:\/\/casadecampoliving.com\/es\/#\/schema\/logo\/image\/","url":"https:\/\/i0.wp.com\/casadecampoliving.com\/wp-content\/uploads\/2022\/07\/CDCLivingLogo_V1-white-sized.png?fit=800%2C214&ssl=1","contentUrl":"https:\/\/i0.wp.com\/casadecampoliving.com\/wp-content\/uploads\/2022\/07\/CDCLivingLogo_V1-white-sized.png?fit=800%2C214&ssl=1","width":800,"height":214,"caption":"Casa de Campo Living"},"image":{"@id":"https:\/\/casadecampoliving.com\/es\/#\/schema\/logo\/image\/"},"sameAs":["https:\/\/www.facebook.com\/casadecampoliving","https:\/\/x.com\/cdcliving"]}]}},"parsely":{"version":"1.1.0","canonical_url":"https:\/\/casadecampoliving.com\/es\/jennypolanco1\/","smart_links":{"inbound":0,"outbound":0},"traffic_boost_suggestions_count":0,"meta":{"@context":"https:\/\/schema.org","@type":"WebPage","headline":"Jenny Polanco Project en Altos de Chav\u00f3n:\u00a0espacio de Moda, Arte y\u00a0Artesan\u00eda","url":"http:\/\/casadecampoliving.com\/es\/jennypolanco1\/","mainEntityOfPage":{"@type":"WebPage","@id":"http:\/\/casadecampoliving.com\/es\/jennypolanco1\/"},"thumbnailUrl":"https:\/\/i0.wp.com\/casadecampoliving.com\/wp-content\/uploads\/2012\/07\/jenny_polanco.jpg?resize=150%2C150&ssl=1","image":{"@type":"ImageObject","url":"https:\/\/i0.wp.com\/casadecampoliving.com\/wp-content\/uploads\/2012\/07\/jenny_polanco.jpg?fit=650%2C388&ssl=1"},"articleSection":"Uncategorized @es","author":[{"@type":"Person","name":"Rebecca Silvestri"}],"creator":["Rebecca Silvestri"],"publisher":{"@type":"Organization","name":"Casa de Campo Living","logo":"https:\/\/casadecampoliving.com\/wp-content\/uploads\/2022\/07\/CDCLivingLogo_V1-white-sized.png"},"keywords":[],"dateCreated":"2012-07-10T00:51:42Z","datePublished":"2012-07-10T00:51:42Z","dateModified":"2022-10-21T21:25:18Z"},"rendered":"<script type=\"application\/ld+json\" class=\"wp-parsely-metadata\">{\"@context\":\"https:\\\/\\\/schema.org\",\"@type\":\"WebPage\",\"headline\":\"Jenny Polanco Project en Altos de Chav\\u00f3n:\\u00a0espacio de Moda, Arte y\\u00a0Artesan\\u00eda\",\"url\":\"http:\\\/\\\/casadecampoliving.com\\\/es\\\/jennypolanco1\\\/\",\"mainEntityOfPage\":{\"@type\":\"WebPage\",\"@id\":\"http:\\\/\\\/casadecampoliving.com\\\/es\\\/jennypolanco1\\\/\"},\"thumbnailUrl\":\"https:\\\/\\\/i0.wp.com\\\/casadecampoliving.com\\\/wp-content\\\/uploads\\\/2012\\\/07\\\/jenny_polanco.jpg?resize=150%2C150&ssl=1\",\"image\":{\"@type\":\"ImageObject\",\"url\":\"https:\\\/\\\/i0.wp.com\\\/casadecampoliving.com\\\/wp-content\\\/uploads\\\/2012\\\/07\\\/jenny_polanco.jpg?fit=650%2C388&ssl=1\"},\"articleSection\":\"Uncategorized @es\",\"author\":[{\"@type\":\"Person\",\"name\":\"Rebecca Silvestri\"}],\"creator\":[\"Rebecca Silvestri\"],\"publisher\":{\"@type\":\"Organization\",\"name\":\"Casa de Campo Living\",\"logo\":\"https:\\\/\\\/casadecampoliving.com\\\/wp-content\\\/uploads\\\/2022\\\/07\\\/CDCLivingLogo_V1-white-sized.png\"},\"keywords\":[],\"dateCreated\":\"2012-07-10T00:51:42Z\",\"datePublished\":\"2012-07-10T00:51:42Z\",\"dateModified\":\"2022-10-21T21:25:18Z\"}<\/script>","tracker_url":"https:\/\/cdn.parsely.com\/keys\/casadecampoliving.com\/p.js"},"jetpack-related-posts":[{"id":54296,"url":"https:\/\/casadecampoliving.com\/es\/jenny-polanco\/","url_meta":{"origin":53905,"position":0},"title":"Jenny Polanco, dise\u00f1adora dominicana","author":"","date":"18 Jul, 2012","format":false,"excerpt":"Para los fashionistas y amantes de las compras en Casa de Campo, los fabulosos dise\u00f1os, carteras y joyas de Jenny Polanco, ofrecen la mezcla perfecta de lo \u201cCaribe\u00f1o chic\u201d y pueden ser hallados en sus tiendas en la Marina Casa de Campo, Altos de Chav\u00f3n\u00a0y\u00a0Santo Domingo (ver debajo los detalles).\u2026","rel":"","context":"Entrada similar","block_context":{"text":"Entrada similar","link":""},"img":{"alt_text":"jenny polanco","src":"https:\/\/i0.wp.com\/casadecampoliving.com\/wp-content\/uploads\/2012\/07\/jenny_polanco7.jpg?fit=650%2C327&ssl=1&resize=350%2C200","width":350,"height":200,"srcset":"https:\/\/i0.wp.com\/casadecampoliving.com\/wp-content\/uploads\/2012\/07\/jenny_polanco7.jpg?fit=650%2C327&ssl=1&resize=350%2C200 1x, https:\/\/i0.wp.com\/casadecampoliving.com\/wp-content\/uploads\/2012\/07\/jenny_polanco7.jpg?fit=650%2C327&ssl=1&resize=525%2C300 1.5x"},"classes":[]},{"id":42860,"url":"https:\/\/casadecampoliving.com\/es\/altosdechavon-2\/","url_meta":{"origin":53905,"position":1},"title":"Altos de Chav\u00f3n","author":"Rebecca Silvestri","date":"25 Jul, 2012","format":false,"excerpt":"Completado en 1982, Altos de Chav\u00f3n es una r\u00e9plica de una villa mediterr\u00e1nea del siglo XVI, ubicado dentro del Resort Casa de Campo. Con vistas al R\u00edo Chav\u00f3n, Altos de Chav\u00f3n es una de las \u00e1reas m\u00e1s hermosas de Casa de Campo, visitada por cientos de turistas a diario, provenientes\u2026","rel":"","context":"Entrada similar","block_context":{"text":"Entrada similar","link":""},"img":{"alt_text":"altos de chavon","src":"https:\/\/i0.wp.com\/casadecampoliving.com\/wp-content\/uploads\/2012\/07\/altos_de_chavon4.jpg?fit=650%2C345&ssl=1&resize=350%2C200","width":350,"height":200,"srcset":"https:\/\/i0.wp.com\/casadecampoliving.com\/wp-content\/uploads\/2012\/07\/altos_de_chavon4.jpg?fit=650%2C345&ssl=1&resize=350%2C200 1x, https:\/\/i0.wp.com\/casadecampoliving.com\/wp-content\/uploads\/2012\/07\/altos_de_chavon4.jpg?fit=650%2C345&ssl=1&resize=525%2C300 1.5x"},"classes":[]},{"id":54961,"url":"https:\/\/casadecampoliving.com\/es\/fin-de-semana\/","url_meta":{"origin":53905,"position":2},"title":"Un fin de semana interesante en Casa de Campo!","author":"Rebecca Silvestri","date":"24 Jul, 2012","format":false,"excerpt":"Con tantas cosas que ver y hacer aqu\u00ed, pensa- mos que necesitar\u00edan un poquito de ayuda para planificar el fin de semana perfecto! [Haga click en los links para m\u00e1s info.] Viernes \u2022 Despu\u00e9s de su viaje, rel\u00e1jese con un masaje en el Casa de Campo Spa. \u2022 Disfrute de\u2026","rel":"","context":"Entrada similar","block_context":{"text":"Entrada similar","link":""},"img":{"alt_text":"palmilla","src":"https:\/\/i0.wp.com\/casadecampoliving.com\/wp-content\/uploads\/2012\/07\/palmilla.jpg?fit=650%2C253&ssl=1&resize=350%2C200","width":350,"height":200,"srcset":"https:\/\/i0.wp.com\/casadecampoliving.com\/wp-content\/uploads\/2012\/07\/palmilla.jpg?fit=650%2C253&ssl=1&resize=350%2C200 1x, https:\/\/i0.wp.com\/casadecampoliving.com\/wp-content\/uploads\/2012\/07\/palmilla.jpg?fit=650%2C253&ssl=1&resize=525%2C300 1.5x"},"classes":[]},{"id":46879,"url":"https:\/\/casadecampoliving.com\/es\/info-2\/compras\/","url_meta":{"origin":53905,"position":3},"title":"Compras","author":"Rebecca Silvestri","date":"20 Mar, 2012","format":false,"excerpt":"Siendo el resort y comunidad de mayor prestigio en el pa\u00eds, las opciones de compras en Casa de Campo giran en torno a los gustos de su distinguida clientela por los dise\u00f1os de playa y resort, al igual que joyas, regalos y accesorios.\u00a0Pero cualquiera que sea su gusto y deseo\u2026","rel":"","context":"Entrada similar","block_context":{"text":"Entrada similar","link":""},"img":{"alt_text":"tienda jenny polanco","src":"https:\/\/i0.wp.com\/casadecampoliving.com\/wp-content\/uploads\/2012\/03\/tienda_jenny_polanco.jpg?fit=650%2C393&ssl=1&resize=350%2C200","width":350,"height":200,"srcset":"https:\/\/i0.wp.com\/casadecampoliving.com\/wp-content\/uploads\/2012\/03\/tienda_jenny_polanco.jpg?fit=650%2C393&ssl=1&resize=350%2C200 1x, https:\/\/i0.wp.com\/casadecampoliving.com\/wp-content\/uploads\/2012\/03\/tienda_jenny_polanco.jpg?fit=650%2C393&ssl=1&resize=525%2C300 1.5x"},"classes":[]},{"id":54420,"url":"https:\/\/casadecampoliving.com\/es\/agradables-momentos\/","url_meta":{"origin":53905,"position":4},"title":"Recordando buenos tiempos en Casa de Campo!","author":"Rebecca Silvestri","date":"19 Jul, 2012","format":false,"excerpt":"Durante los \u00faltimos meses, hemos tenido BUENOS momentos en c\u00f3cteles, eventos ben\u00e9ficos y deportivos \u2013 aqu\u00ed recapitulamos algunos de nuestros favoritos!\u00a0 Marat Legal inaugura oficina en La RomanaEl pasado viernes 15 de junio de 2012, Marat Legal, empresa con m\u00e1s de 30 a\u00f1os de experiencia en el mundo del derecho,\u2026","rel":"","context":"Entrada similar","block_context":{"text":"Entrada similar","link":""},"img":{"alt_text":"casa de campo polo","src":"https:\/\/i0.wp.com\/casadecampoliving.com\/wp-content\/uploads\/2012\/04\/casa_de_campo_polo2.jpg?fit=650%2C456&ssl=1&resize=350%2C200","width":350,"height":200,"srcset":"https:\/\/i0.wp.com\/casadecampoliving.com\/wp-content\/uploads\/2012\/04\/casa_de_campo_polo2.jpg?fit=650%2C456&ssl=1&resize=350%2C200 1x, https:\/\/i0.wp.com\/casadecampoliving.com\/wp-content\/uploads\/2012\/04\/casa_de_campo_polo2.jpg?fit=650%2C456&ssl=1&resize=525%2C300 1.5x"},"classes":[]},{"id":54187,"url":"https:\/\/casadecampoliving.com\/polanco\/","url_meta":{"origin":53905,"position":5},"title":"Dominican fashion designer, Jenny Polanco","author":"Rebecca Silvestri","date":"16 Jul, 2012","format":false,"excerpt":"For Casa de Campo shoppers and fashionistas, the stylish designs, purses and jewelry of Jenny Polanco offer the perfect blend of Caribbean chic and can be purchased at her stores in the Marina Casa de Campo, Altos de Chav\u00f3n and Santo Domingo (see below for details.) Meanwhile at the new\u2026","rel":"","context":"Entrada similar","block_context":{"text":"Entrada similar","link":""},"img":{"alt_text":"jenny polanco","src":"https:\/\/i0.wp.com\/casadecampoliving.com\/wp-content\/uploads\/2012\/07\/jenny_polanco7.jpg?fit=650%2C327&ssl=1&resize=350%2C200","width":350,"height":200,"srcset":"https:\/\/i0.wp.com\/casadecampoliving.com\/wp-content\/uploads\/2012\/07\/jenny_polanco7.jpg?fit=650%2C327&ssl=1&resize=350%2C200 1x, https:\/\/i0.wp.com\/casadecampoliving.com\/wp-content\/uploads\/2012\/07\/jenny_polanco7.jpg?fit=650%2C327&ssl=1&resize=525%2C300 1.5x"},"classes":[]}],"jetpack_sharing_enabled":true,"_links":{"self":[{"href":"https:\/\/casadecampoliving.com\/es\/wp-json\/wp\/v2\/pages\/53905","targetHints":{"allow":["GET"]}}],"collection":[{"href":"https:\/\/casadecampoliving.com\/es\/wp-json\/wp\/v2\/pages"}],"about":[{"href":"https:\/\/casadecampoliving.com\/es\/wp-json\/wp\/v2\/types\/page"}],"author":[{"embeddable":true,"href":"https:\/\/casadecampoliving.com\/es\/wp-json\/wp\/v2\/users\/31"}],"replies":[{"embeddable":true,"href":"https:\/\/casadecampoliving.com\/es\/wp-json\/wp\/v2\/comments?post=53905"}],"version-history":[{"count":0,"href":"https:\/\/casadecampoliving.com\/es\/wp-json\/wp\/v2\/pages\/53905\/revisions"}],"wp:featuredmedia":[{"embeddable":true,"href":"https:\/\/casadecampoliving.com\/es\/wp-json\/wp\/v2\/media\/53899"}],"wp:attachment":[{"href":"https:\/\/casadecampoliving.com\/es\/wp-json\/wp\/v2\/media?parent=53905"}],"wp:term":[{"taxonomy":"newspack_spnsrs_tax","embeddable":true,"href":"https:\/\/casadecampoliving.com\/es\/wp-json\/wp\/v2\/newspack_spnsrs_tax?post=53905"}],"curies":[{"name":"wp","href":"https:\/\/api.w.org\/{rel}","templated":true}]}}