{"id":525124,"date":"2023-12-12T08:57:44","date_gmt":"2023-12-12T12:57:44","guid":{"rendered":"https:\/\/casadecampoliving.com\/?page_id=525124"},"modified":"2023-12-12T09:03:07","modified_gmt":"2023-12-12T13:03:07","slug":"50-aniversario-de-casa-de-campo","status":"publish","type":"page","link":"https:\/\/casadecampoliving.com\/es\/50-aniversario-de-casa-de-campo\/","title":{"rendered":"50 Aniversario de Casa de Campo"},"content":{"rendered":"\n<p>A medida que nos acercamos al 50 aniversario de Casa de Campo Resort and Villas, nos emociona celebrar el vibrante tapiz de experiencias que define este destino excepcional. Sus recuerdos son parte integral del legado de Casa de Campo, y le invitamos a unirse a nuestra colecci\u00f3n de recuerdos del 50 aniversario. Sus historias personales, momentos preciados y reflexiones agregar\u00e1n un toque \u00fanico a esta celebraci\u00f3n. Para capturar la esencia de Casa de Campo a trav\u00e9s de sus ojos, hemos elaborado un conjunto de preguntas para guiarle al compartir sus recuerdos. <\/p>\n\n\n\n<p>Simplemente haga clic debajo y emprenda un viaje por el camino de los recuerdos con nosotros.<\/p>\n\n\n\n<h4 class=\"wp-block-heading\"><a href=\"https:\/\/forms.gle\/eVjJRq323JmHyyNG8\" target=\"_blank\" rel=\"noreferrer noopener nofollow\">Memorias de Casa de Campo<\/a><\/h4>\n\n\n\n<figure class=\"wp-block-image size-large\"><a href=\"https:\/\/forms.gle\/KBD3vhUrqvoGfaja9\" target=\"_blank\" rel=\"noreferrer noopener\"><img data-recalc-dims=\"1\" loading=\"lazy\" decoding=\"async\" width=\"1024\" height=\"706\" src=\"https:\/\/i0.wp.com\/casadecampoliving.com\/wp-content\/uploads\/2023\/12\/memories-in-Casa.jpg?resize=1024%2C706&#038;ssl=1\" alt=\"\" class=\"wp-image-525119\" srcset=\"https:\/\/i0.wp.com\/casadecampoliving.com\/wp-content\/uploads\/2023\/12\/memories-in-Casa-scaled.jpg?resize=1024%2C706&amp;ssl=1 1024w, https:\/\/i0.wp.com\/casadecampoliving.com\/wp-content\/uploads\/2023\/12\/memories-in-Casa-scaled.jpg?resize=300%2C207&amp;ssl=1 300w, https:\/\/i0.wp.com\/casadecampoliving.com\/wp-content\/uploads\/2023\/12\/memories-in-Casa-scaled.jpg?resize=768%2C529&amp;ssl=1 768w, https:\/\/i0.wp.com\/casadecampoliving.com\/wp-content\/uploads\/2023\/12\/memories-in-Casa-scaled.jpg?resize=1536%2C1059&amp;ssl=1 1536w, https:\/\/i0.wp.com\/casadecampoliving.com\/wp-content\/uploads\/2023\/12\/memories-in-Casa-scaled.jpg?resize=2048%2C1411&amp;ssl=1 2048w, https:\/\/i0.wp.com\/casadecampoliving.com\/wp-content\/uploads\/2023\/12\/memories-in-Casa-scaled.jpg?resize=1200%2C827&amp;ssl=1 1200w, https:\/\/i0.wp.com\/casadecampoliving.com\/wp-content\/uploads\/2023\/12\/memories-in-Casa-scaled.jpg?resize=1568%2C1081&amp;ssl=1 1568w, https:\/\/i0.wp.com\/casadecampoliving.com\/wp-content\/uploads\/2023\/12\/memories-in-Casa-scaled.jpg?resize=400%2C276&amp;ssl=1 400w, https:\/\/i0.wp.com\/casadecampoliving.com\/wp-content\/uploads\/2023\/12\/memories-in-Casa-scaled.jpg?resize=1320%2C910&amp;ssl=1 1320w, https:\/\/i0.wp.com\/casadecampoliving.com\/wp-content\/uploads\/2023\/12\/memories-in-Casa-scaled.jpg?resize=150%2C103&amp;ssl=1 150w, https:\/\/i0.wp.com\/casadecampoliving.com\/wp-content\/uploads\/2023\/12\/memories-in-Casa-1024x706.jpg?w=370&amp;ssl=1 370w\" sizes=\"auto, (max-width: 1000px) 100vw, 1000px\" \/><\/a><\/figure>\n","protected":false},"excerpt":{"rendered":"<p>A medida que nos acercamos al 50 aniversario de Casa de Campo Resort and Villas, nos emociona celebrar el vibrante tapiz de experiencias que define este destino excepcional. Sus recuerdos son parte integral del legado de Casa de Campo, y le invitamos a unirse a nuestra colecci\u00f3n de recuerdos del 50 aniversario. Sus historias personales, [&hellip;]<\/p>\n","protected":false},"author":36791,"featured_media":0,"parent":0,"menu_order":0,"comment_status":"closed","ping_status":"closed","template":"","meta":{"newspack_ads_suppress_ads":false,"newspack_popups_has_disabled_popups":false,"newspack_sponsor_sponsorship_scope":"","newspack_sponsor_native_byline_display":"inherit","newspack_sponsor_native_category_display":"inherit","newspack_sponsor_underwriter_style":"inherit","newspack_sponsor_underwriter_placement":"inherit","newspack_content_restriction_is_exempt":false,"newspack_featured_image_position":"","newspack_hide_page_title":false,"newspack_show_share_buttons":false,"footnotes":""},"newspack_spnsrs_tax":[],"class_list":["post-525124","page","type-page","status-publish","hentry","entry"],"yoast_head":"<!-- This site is optimized with the Yoast SEO plugin v27.5 - https:\/\/yoast.com\/product\/yoast-seo-wordpress\/ -->\n<title>50 Aniversario de Casa de Campo | Casa de Campo Living<\/title>\n<meta name=\"description\" content=\"A medida que nos acercamos al 50 aniversario de Casa de Campo Resort and Villas, nos emociona celebrar el vibrante tapiz de experiencias que define este\" \/>\n<meta name=\"robots\" content=\"index, follow, max-snippet:-1, max-image-preview:large, max-video-preview:-1\" \/>\n<link rel=\"canonical\" href=\"https:\/\/casadecampoliving.com\/es\/50-aniversario-de-casa-de-campo\/\" \/>\n<meta property=\"og:locale\" content=\"es_ES\" \/>\n<meta property=\"og:type\" content=\"article\" \/>\n<meta property=\"og:title\" content=\"50 Aniversario de Casa de Campo | Casa de Campo Living\" \/>\n<meta property=\"og:description\" content=\"A medida que nos acercamos al 50 aniversario de Casa de Campo Resort and Villas, nos emociona celebrar el vibrante tapiz de experiencias que define este\" \/>\n<meta property=\"og:url\" content=\"https:\/\/casadecampoliving.com\/es\/50-aniversario-de-casa-de-campo\/\" \/>\n<meta property=\"og:site_name\" content=\"Casa de Campo Living\" \/>\n<meta property=\"article:publisher\" content=\"https:\/\/www.facebook.com\/casadecampoliving\" \/>\n<meta property=\"article:modified_time\" content=\"2023-12-12T13:03:07+00:00\" \/>\n<meta property=\"og:image\" content=\"https:\/\/casadecampoliving.com\/wp-content\/uploads\/2023\/12\/memories-in-Casa-1024x706.jpg\" \/>\n<meta name=\"twitter:card\" content=\"summary_large_image\" \/>\n<meta name=\"twitter:site\" content=\"@cdcliving\" \/>\n<meta name=\"twitter:label1\" content=\"Tiempo de lectura\" \/>\n\t<meta name=\"twitter:data1\" content=\"1 minuto\" \/>\n<script type=\"application\/ld+json\" class=\"yoast-schema-graph\">{\"@context\":\"https:\\\/\\\/schema.org\",\"@graph\":[{\"@type\":\"WebPage\",\"@id\":\"https:\\\/\\\/casadecampoliving.com\\\/es\\\/50-aniversario-de-casa-de-campo\\\/\",\"url\":\"https:\\\/\\\/casadecampoliving.com\\\/es\\\/50-aniversario-de-casa-de-campo\\\/\",\"name\":\"50 Aniversario de Casa de Campo | Casa de Campo Living\",\"isPartOf\":{\"@id\":\"https:\\\/\\\/casadecampoliving.com\\\/es\\\/#website\"},\"primaryImageOfPage\":{\"@id\":\"https:\\\/\\\/casadecampoliving.com\\\/es\\\/50-aniversario-de-casa-de-campo\\\/#primaryimage\"},\"image\":{\"@id\":\"https:\\\/\\\/casadecampoliving.com\\\/es\\\/50-aniversario-de-casa-de-campo\\\/#primaryimage\"},\"thumbnailUrl\":\"https:\\\/\\\/casadecampoliving.com\\\/wp-content\\\/uploads\\\/2023\\\/12\\\/memories-in-Casa-1024x706.jpg\",\"datePublished\":\"2023-12-12T12:57:44+00:00\",\"dateModified\":\"2023-12-12T13:03:07+00:00\",\"description\":\"A medida que nos acercamos al 50 aniversario de Casa de Campo Resort and Villas, nos emociona celebrar el vibrante tapiz de experiencias que define este\",\"breadcrumb\":{\"@id\":\"https:\\\/\\\/casadecampoliving.com\\\/es\\\/50-aniversario-de-casa-de-campo\\\/#breadcrumb\"},\"inLanguage\":\"es\",\"potentialAction\":[{\"@type\":\"ReadAction\",\"target\":[\"https:\\\/\\\/casadecampoliving.com\\\/es\\\/50-aniversario-de-casa-de-campo\\\/\"]}]},{\"@type\":\"ImageObject\",\"inLanguage\":\"es\",\"@id\":\"https:\\\/\\\/casadecampoliving.com\\\/es\\\/50-aniversario-de-casa-de-campo\\\/#primaryimage\",\"url\":\"https:\\\/\\\/casadecampoliving.com\\\/wp-content\\\/uploads\\\/2023\\\/12\\\/memories-in-Casa-1024x706.jpg\",\"contentUrl\":\"https:\\\/\\\/casadecampoliving.com\\\/wp-content\\\/uploads\\\/2023\\\/12\\\/memories-in-Casa-1024x706.jpg\"},{\"@type\":\"BreadcrumbList\",\"@id\":\"https:\\\/\\\/casadecampoliving.com\\\/es\\\/50-aniversario-de-casa-de-campo\\\/#breadcrumb\",\"itemListElement\":[{\"@type\":\"ListItem\",\"position\":1,\"name\":\"Home\",\"item\":\"https:\\\/\\\/casadecampoliving.com\\\/es\\\/\"},{\"@type\":\"ListItem\",\"position\":2,\"name\":\"50 Aniversario de Casa de Campo\"}]},{\"@type\":\"WebSite\",\"@id\":\"https:\\\/\\\/casadecampoliving.com\\\/es\\\/#website\",\"url\":\"https:\\\/\\\/casadecampoliving.com\\\/es\\\/\",\"name\":\"Casa de Campo Living\",\"description\":\"Resort community news and resources.\",\"publisher\":{\"@id\":\"https:\\\/\\\/casadecampoliving.com\\\/es\\\/#organization\"},\"potentialAction\":[{\"@type\":\"SearchAction\",\"target\":{\"@type\":\"EntryPoint\",\"urlTemplate\":\"https:\\\/\\\/casadecampoliving.com\\\/es\\\/?s={search_term_string}\"},\"query-input\":{\"@type\":\"PropertyValueSpecification\",\"valueRequired\":true,\"valueName\":\"search_term_string\"}}],\"inLanguage\":\"es\"},{\"@type\":\"Organization\",\"@id\":\"https:\\\/\\\/casadecampoliving.com\\\/es\\\/#organization\",\"name\":\"Casa de Campo Living\",\"url\":\"https:\\\/\\\/casadecampoliving.com\\\/es\\\/\",\"logo\":{\"@type\":\"ImageObject\",\"inLanguage\":\"es\",\"@id\":\"https:\\\/\\\/casadecampoliving.com\\\/es\\\/#\\\/schema\\\/logo\\\/image\\\/\",\"url\":\"https:\\\/\\\/i0.wp.com\\\/casadecampoliving.com\\\/wp-content\\\/uploads\\\/2022\\\/07\\\/CDCLivingLogo_V1-white-sized.png?fit=800%2C214&ssl=1\",\"contentUrl\":\"https:\\\/\\\/i0.wp.com\\\/casadecampoliving.com\\\/wp-content\\\/uploads\\\/2022\\\/07\\\/CDCLivingLogo_V1-white-sized.png?fit=800%2C214&ssl=1\",\"width\":800,\"height\":214,\"caption\":\"Casa de Campo Living\"},\"image\":{\"@id\":\"https:\\\/\\\/casadecampoliving.com\\\/es\\\/#\\\/schema\\\/logo\\\/image\\\/\"},\"sameAs\":[\"https:\\\/\\\/www.facebook.com\\\/casadecampoliving\",\"https:\\\/\\\/x.com\\\/cdcliving\"]}]}<\/script>\n<!-- \/ Yoast SEO plugin. -->","yoast_head_json":{"title":"50 Aniversario de Casa de Campo | Casa de Campo Living","description":"A medida que nos acercamos al 50 aniversario de Casa de Campo Resort and Villas, nos emociona celebrar el vibrante tapiz de experiencias que define este","robots":{"index":"index","follow":"follow","max-snippet":"max-snippet:-1","max-image-preview":"max-image-preview:large","max-video-preview":"max-video-preview:-1"},"canonical":"https:\/\/casadecampoliving.com\/es\/50-aniversario-de-casa-de-campo\/","og_locale":"es_ES","og_type":"article","og_title":"50 Aniversario de Casa de Campo | Casa de Campo Living","og_description":"A medida que nos acercamos al 50 aniversario de Casa de Campo Resort and Villas, nos emociona celebrar el vibrante tapiz de experiencias que define este","og_url":"https:\/\/casadecampoliving.com\/es\/50-aniversario-de-casa-de-campo\/","og_site_name":"Casa de Campo Living","article_publisher":"https:\/\/www.facebook.com\/casadecampoliving","article_modified_time":"2023-12-12T13:03:07+00:00","og_image":[{"url":"https:\/\/casadecampoliving.com\/wp-content\/uploads\/2023\/12\/memories-in-Casa-1024x706.jpg","type":"","width":"","height":""}],"twitter_card":"summary_large_image","twitter_site":"@cdcliving","twitter_misc":{"Tiempo de lectura":"1 minuto"},"schema":{"@context":"https:\/\/schema.org","@graph":[{"@type":"WebPage","@id":"https:\/\/casadecampoliving.com\/es\/50-aniversario-de-casa-de-campo\/","url":"https:\/\/casadecampoliving.com\/es\/50-aniversario-de-casa-de-campo\/","name":"50 Aniversario de Casa de Campo | Casa de Campo Living","isPartOf":{"@id":"https:\/\/casadecampoliving.com\/es\/#website"},"primaryImageOfPage":{"@id":"https:\/\/casadecampoliving.com\/es\/50-aniversario-de-casa-de-campo\/#primaryimage"},"image":{"@id":"https:\/\/casadecampoliving.com\/es\/50-aniversario-de-casa-de-campo\/#primaryimage"},"thumbnailUrl":"https:\/\/casadecampoliving.com\/wp-content\/uploads\/2023\/12\/memories-in-Casa-1024x706.jpg","datePublished":"2023-12-12T12:57:44+00:00","dateModified":"2023-12-12T13:03:07+00:00","description":"A medida que nos acercamos al 50 aniversario de Casa de Campo Resort and Villas, nos emociona celebrar el vibrante tapiz de experiencias que define este","breadcrumb":{"@id":"https:\/\/casadecampoliving.com\/es\/50-aniversario-de-casa-de-campo\/#breadcrumb"},"inLanguage":"es","potentialAction":[{"@type":"ReadAction","target":["https:\/\/casadecampoliving.com\/es\/50-aniversario-de-casa-de-campo\/"]}]},{"@type":"ImageObject","inLanguage":"es","@id":"https:\/\/casadecampoliving.com\/es\/50-aniversario-de-casa-de-campo\/#primaryimage","url":"https:\/\/casadecampoliving.com\/wp-content\/uploads\/2023\/12\/memories-in-Casa-1024x706.jpg","contentUrl":"https:\/\/casadecampoliving.com\/wp-content\/uploads\/2023\/12\/memories-in-Casa-1024x706.jpg"},{"@type":"BreadcrumbList","@id":"https:\/\/casadecampoliving.com\/es\/50-aniversario-de-casa-de-campo\/#breadcrumb","itemListElement":[{"@type":"ListItem","position":1,"name":"Home","item":"https:\/\/casadecampoliving.com\/es\/"},{"@type":"ListItem","position":2,"name":"50 Aniversario de Casa de Campo"}]},{"@type":"WebSite","@id":"https:\/\/casadecampoliving.com\/es\/#website","url":"https:\/\/casadecampoliving.com\/es\/","name":"Casa de Campo Living","description":"Resort community news and resources.","publisher":{"@id":"https:\/\/casadecampoliving.com\/es\/#organization"},"potentialAction":[{"@type":"SearchAction","target":{"@type":"EntryPoint","urlTemplate":"https:\/\/casadecampoliving.com\/es\/?s={search_term_string}"},"query-input":{"@type":"PropertyValueSpecification","valueRequired":true,"valueName":"search_term_string"}}],"inLanguage":"es"},{"@type":"Organization","@id":"https:\/\/casadecampoliving.com\/es\/#organization","name":"Casa de Campo Living","url":"https:\/\/casadecampoliving.com\/es\/","logo":{"@type":"ImageObject","inLanguage":"es","@id":"https:\/\/casadecampoliving.com\/es\/#\/schema\/logo\/image\/","url":"https:\/\/i0.wp.com\/casadecampoliving.com\/wp-content\/uploads\/2022\/07\/CDCLivingLogo_V1-white-sized.png?fit=800%2C214&ssl=1","contentUrl":"https:\/\/i0.wp.com\/casadecampoliving.com\/wp-content\/uploads\/2022\/07\/CDCLivingLogo_V1-white-sized.png?fit=800%2C214&ssl=1","width":800,"height":214,"caption":"Casa de Campo Living"},"image":{"@id":"https:\/\/casadecampoliving.com\/es\/#\/schema\/logo\/image\/"},"sameAs":["https:\/\/www.facebook.com\/casadecampoliving","https:\/\/x.com\/cdcliving"]}]}},"parsely":{"version":"1.1.0","canonical_url":"https:\/\/casadecampoliving.com\/es\/50-aniversario-de-casa-de-campo\/","smart_links":{"inbound":0,"outbound":0},"traffic_boost_suggestions_count":0,"meta":{"@context":"https:\/\/schema.org","@type":"WebPage","headline":"50 Aniversario de Casa de Campo","url":"http:\/\/casadecampoliving.com\/es\/50-aniversario-de-casa-de-campo\/","mainEntityOfPage":{"@type":"WebPage","@id":"http:\/\/casadecampoliving.com\/es\/50-aniversario-de-casa-de-campo\/"},"thumbnailUrl":"","image":{"@type":"ImageObject","url":""},"articleSection":"Uncategorized @es","author":[{"@type":"Person","name":"Casa de Campo Living"}],"creator":["Casa de Campo Living"],"publisher":{"@type":"Organization","name":"Casa de Campo Living","logo":"https:\/\/casadecampoliving.com\/wp-content\/uploads\/2022\/07\/CDCLivingLogo_V1-white-sized.png"},"keywords":[],"dateCreated":"2023-12-12T12:57:44Z","datePublished":"2023-12-12T12:57:44Z","dateModified":"2023-12-12T13:03:07Z"},"rendered":"<script type=\"application\/ld+json\" class=\"wp-parsely-metadata\">{\"@context\":\"https:\\\/\\\/schema.org\",\"@type\":\"WebPage\",\"headline\":\"50 Aniversario de Casa de Campo\",\"url\":\"http:\\\/\\\/casadecampoliving.com\\\/es\\\/50-aniversario-de-casa-de-campo\\\/\",\"mainEntityOfPage\":{\"@type\":\"WebPage\",\"@id\":\"http:\\\/\\\/casadecampoliving.com\\\/es\\\/50-aniversario-de-casa-de-campo\\\/\"},\"thumbnailUrl\":\"\",\"image\":{\"@type\":\"ImageObject\",\"url\":\"\"},\"articleSection\":\"Uncategorized @es\",\"author\":[{\"@type\":\"Person\",\"name\":\"Casa de Campo Living\"}],\"creator\":[\"Casa de Campo Living\"],\"publisher\":{\"@type\":\"Organization\",\"name\":\"Casa de Campo Living\",\"logo\":\"https:\\\/\\\/casadecampoliving.com\\\/wp-content\\\/uploads\\\/2022\\\/07\\\/CDCLivingLogo_V1-white-sized.png\"},\"keywords\":[],\"dateCreated\":\"2023-12-12T12:57:44Z\",\"datePublished\":\"2023-12-12T12:57:44Z\",\"dateModified\":\"2023-12-12T13:03:07Z\"}<\/script>","tracker_url":"https:\/\/cdn.parsely.com\/keys\/casadecampoliving.com\/p.js"},"jetpack-related-posts":[{"id":54976,"url":"https:\/\/casadecampoliving.com\/es\/recuerdos\/","url_meta":{"origin":525124,"position":0},"title":"Memorias de Casa de Campo por Carol Burke","author":"Rebecca Silvestri","date":"24 Jul, 2012","format":false,"excerpt":"La serie de art\u00edculos \u2018Memorias de Casa de Campo\u2019 fue contribuida por Carol Burke, quien vivi\u00f3 en Casa de Campo desde agosto de 1987 hasta enero de 1999, tiempo en el que fue una entusiasta fot\u00f3grafa, mientras que su esposo trabaj\u00f3 como Director de Alimentos de Casa de Campo y\u2026","rel":"","context":"Entrada similar","block_context":{"text":"Entrada similar","link":""},"img":{"alt_text":"memories of casa de campo","src":"https:\/\/i0.wp.com\/casadecampoliving.com\/wp-content\/uploads\/2012\/07\/memories_casa_de_campo.jpg?fit=650%2C406&ssl=1&resize=350%2C200","width":350,"height":200,"srcset":"https:\/\/i0.wp.com\/casadecampoliving.com\/wp-content\/uploads\/2012\/07\/memories_casa_de_campo.jpg?fit=650%2C406&ssl=1&resize=350%2C200 1x, https:\/\/i0.wp.com\/casadecampoliving.com\/wp-content\/uploads\/2012\/07\/memories_casa_de_campo.jpg?fit=650%2C406&ssl=1&resize=525%2C300 1.5x"},"classes":[]},{"id":36319,"url":"https:\/\/casadecampoliving.com\/es\/duenos-2011-2\/","url_meta":{"origin":525124,"position":1},"title":"Due\u00f1os 2011","author":"Rebecca Silvestri","date":"3 Nov, 2011","format":false,"excerpt":"\u201cDue\u00f1os\u201d, el evento anual organizado por Costasur y Casa de Campo es un gran ocasi\u00f3n, cuando los due\u00f1os de villas de Casa de Campo son invitados a disfrutar de las facilidades deportivas de Casa de Campo y una cena bailable. Este a\u00f1o la fiesta Due\u00f1os tendr\u00e1 lugar el s\u00e1bado 5\u2026","rel":"","context":"Entrada similar","block_context":{"text":"Entrada similar","link":""},"img":{"alt_text":"duenos casa de campo","src":"https:\/\/i0.wp.com\/casadecampoliving.com\/wp-content\/uploads\/2011\/10\/duenos_casa_de_campo1.jpg?resize=350%2C200&ssl=1","width":350,"height":200,"srcset":"https:\/\/i0.wp.com\/casadecampoliving.com\/wp-content\/uploads\/2011\/10\/duenos_casa_de_campo1.jpg?resize=350%2C200&ssl=1 1x, https:\/\/i0.wp.com\/casadecampoliving.com\/wp-content\/uploads\/2011\/10\/duenos_casa_de_campo1.jpg?resize=525%2C300&ssl=1 1.5x"},"classes":[]},{"id":79200,"url":"https:\/\/casadecampoliving.com\/es\/2013-duenos\/","url_meta":{"origin":525124,"position":2},"title":"Due\u00f1os 2013: 22 &#8211; 23 de noviembre","author":"Rebecca Silvestri","date":"10 Oct, 2013","format":false,"excerpt":"Para los due\u00f1os de villa de Casa de Campo, el fin de semana anual Due\u00f1os, es uno de los mejores del a\u00f1o, es cuando tenemos la oportunidad de experimentar todo lo que Casa de Campo \u201cThe Sporting Life\u201d tiene para ofrecer, y al mismo tiempo conocer a compa\u00f1eros propietarios de\u2026","rel":"","context":"Entrada similar","block_context":{"text":"Entrada similar","link":""},"img":{"alt_text":"alfonso paniagua claudio silvestri","src":"https:\/\/i0.wp.com\/casadecampoliving.com\/wp-content\/uploads\/2012\/11\/alfonso_paniagua_claudio_silvestri.jpg?fit=650%2C436&ssl=1&resize=350%2C200","width":350,"height":200,"srcset":"https:\/\/i0.wp.com\/casadecampoliving.com\/wp-content\/uploads\/2012\/11\/alfonso_paniagua_claudio_silvestri.jpg?fit=650%2C436&ssl=1&resize=350%2C200 1x, https:\/\/i0.wp.com\/casadecampoliving.com\/wp-content\/uploads\/2012\/11\/alfonso_paniagua_claudio_silvestri.jpg?fit=650%2C436&ssl=1&resize=525%2C300 1.5x"},"classes":[]},{"id":36332,"url":"https:\/\/casadecampoliving.com\/es\/duenos-2011-2\/feria-duenos-2011-2\/","url_meta":{"origin":525124,"position":3},"title":"Feria Due\u00f1os 2011","author":"Rebecca Silvestri","date":"3 Nov, 2011","format":false,"excerpt":"Este a\u00f1o nuestra segunda anual FERIA DUE\u00d1OS tendr\u00e1 lugar el domingo 6 de Noviembre, el d\u00eda\u00a0despu\u00e9s\u00a0del gran evento anual de Due\u00f1os, organizado por Costasur Dominicana y Casa de Campo. La Feria Due\u00f1os 2011, ser\u00e1 mejor y m\u00e1s grande de nunca antes\u2026.porque adem\u00e1s del shopping, habr\u00e1 varios\u00a0entretenimientos\u2026\u2026para todo la familia! Feria\u2026","rel":"","context":"Entrada similar","block_context":{"text":"Entrada similar","link":""},"img":{"alt_text":"feria duenos","src":"https:\/\/i0.wp.com\/casadecampoliving.com\/wp-content\/uploads\/2011\/11\/Feria_Duenos_altos_de_chavon1.jpg?fit=565%2C370&ssl=1&resize=350%2C200","width":350,"height":200,"srcset":"https:\/\/i0.wp.com\/casadecampoliving.com\/wp-content\/uploads\/2011\/11\/Feria_Duenos_altos_de_chavon1.jpg?fit=565%2C370&ssl=1&resize=350%2C200 1x, https:\/\/i0.wp.com\/casadecampoliving.com\/wp-content\/uploads\/2011\/11\/Feria_Duenos_altos_de_chavon1.jpg?fit=565%2C370&ssl=1&resize=525%2C300 1.5x"},"classes":[]},{"id":54846,"url":"https:\/\/casadecampoliving.com\/es\/astillero-ibc\/","url_meta":{"origin":525124,"position":4},"title":"Astilleros IBC","author":"Rebecca Silvestri","date":"7 Nov, 2012","format":false,"excerpt":"El Astillero Inversiones Bastilla Caribe (IBC), es el astillero m\u00e1s grande del Caribe con un muelle seco de 25,000 pies cuadrados. La compa\u00f1\u00eda experta, que este verano celebra su 11vo aniversario, ofrece servicios de mantenimiento y de reparaci\u00f3n en la Marina Casa de Campo y es, inclusive, equipado con una\u2026","rel":"","context":"Entrada similar","block_context":{"text":"Entrada similar","link":""},"img":{"alt_text":"ibc shipyard","src":"https:\/\/i0.wp.com\/casadecampoliving.com\/wp-content\/uploads\/2012\/07\/azimut_IBC_shipyard_marina_casa_de_campo.jpg?fit=650%2C434&ssl=1&resize=350%2C200","width":350,"height":200,"srcset":"https:\/\/i0.wp.com\/casadecampoliving.com\/wp-content\/uploads\/2012\/07\/azimut_IBC_shipyard_marina_casa_de_campo.jpg?fit=650%2C434&ssl=1&resize=350%2C200 1x, https:\/\/i0.wp.com\/casadecampoliving.com\/wp-content\/uploads\/2012\/07\/azimut_IBC_shipyard_marina_casa_de_campo.jpg?fit=650%2C434&ssl=1&resize=525%2C300 1.5x"},"classes":[]},{"id":59513,"url":"https:\/\/casadecampoliving.com\/es\/atracciones\/","url_meta":{"origin":525124,"position":5},"title":"Atracciones y cosas para hacer en Casa de Campo","author":"Rebecca Silvestri","date":"18 Oct, 2012","format":false,"excerpt":"A\u00fan cuando hay muchas actividades deportivas en las cuales puede participar durante su estad\u00eda en el inmenso Resort Casa de Campo, hay otras incontables opciones de TODO lo que puede disfrutar! Aqu\u00ed algunos de nuestros lugares favoritos para visitar y actividades para hacer en Casa de Campo: Altos de Chav\u00f3nCompletado\u2026","rel":"","context":"Entrada similar","block_context":{"text":"Entrada similar","link":""},"img":{"alt_text":"","src":"https:\/\/i0.wp.com\/casadecampoliving.com\/wp-content\/uploads\/2012\/07\/marina_casa_de_campo6.jpg?fit=1200%2C900&ssl=1&resize=350%2C200","width":350,"height":200,"srcset":"https:\/\/i0.wp.com\/casadecampoliving.com\/wp-content\/uploads\/2012\/07\/marina_casa_de_campo6.jpg?fit=1200%2C900&ssl=1&resize=350%2C200 1x, https:\/\/i0.wp.com\/casadecampoliving.com\/wp-content\/uploads\/2012\/07\/marina_casa_de_campo6.jpg?fit=1200%2C900&ssl=1&resize=525%2C300 1.5x, https:\/\/i0.wp.com\/casadecampoliving.com\/wp-content\/uploads\/2012\/07\/marina_casa_de_campo6.jpg?fit=1200%2C900&ssl=1&resize=700%2C400 2x, https:\/\/i0.wp.com\/casadecampoliving.com\/wp-content\/uploads\/2012\/07\/marina_casa_de_campo6.jpg?fit=1200%2C900&ssl=1&resize=1050%2C600 3x"},"classes":[]}],"jetpack_sharing_enabled":true,"_links":{"self":[{"href":"https:\/\/casadecampoliving.com\/es\/wp-json\/wp\/v2\/pages\/525124","targetHints":{"allow":["GET"]}}],"collection":[{"href":"https:\/\/casadecampoliving.com\/es\/wp-json\/wp\/v2\/pages"}],"about":[{"href":"https:\/\/casadecampoliving.com\/es\/wp-json\/wp\/v2\/types\/page"}],"author":[{"embeddable":true,"href":"https:\/\/casadecampoliving.com\/es\/wp-json\/wp\/v2\/users\/36791"}],"replies":[{"embeddable":true,"href":"https:\/\/casadecampoliving.com\/es\/wp-json\/wp\/v2\/comments?post=525124"}],"version-history":[{"count":1,"href":"https:\/\/casadecampoliving.com\/es\/wp-json\/wp\/v2\/pages\/525124\/revisions"}],"predecessor-version":[{"id":525125,"href":"https:\/\/casadecampoliving.com\/es\/wp-json\/wp\/v2\/pages\/525124\/revisions\/525125"}],"wp:attachment":[{"href":"https:\/\/casadecampoliving.com\/es\/wp-json\/wp\/v2\/media?parent=525124"}],"wp:term":[{"taxonomy":"newspack_spnsrs_tax","embeddable":true,"href":"https:\/\/casadecampoliving.com\/es\/wp-json\/wp\/v2\/newspack_spnsrs_tax?post=525124"}],"curies":[{"name":"wp","href":"https:\/\/api.w.org\/{rel}","templated":true}]}}