{"id":51205,"date":"2012-05-26T14:40:51","date_gmt":"2012-05-26T18:40:51","guid":{"rendered":"http:\/\/casadecampoliving.com\/?page_id=51205"},"modified":"2022-10-21T17:25:07","modified_gmt":"2022-10-21T21:25:07","slug":"escuelalincoln","status":"publish","type":"page","link":"https:\/\/casadecampoliving.com\/es\/escuelalincoln\/","title":{"rendered":"La Escuela Abraham Lincoln"},"content":{"rendered":"<div class=\"wp-block-image\">\n<figure class=\"alignright is-resized\"><img loading=\"lazy\" decoding=\"async\" src=\"https:\/\/i0.wp.com\/casadecampoliving-wp.s3-accelerate.amazonaws.com\/2012\/05\/abraham_lincoln_school7.jpg?resize=200%2C329&amp;ssl=1\" alt=\"abraham lincoln school\" class=\"wp-image-49844\" title=\"abraham_lincoln_school\" height=\"329\" width=\"200\" srcset=\"https:\/\/i0.wp.com\/casadecampoliving.com\/wp-content\/uploads\/2012\/05\/abraham_lincoln_school7.jpg?w=200&amp;ssl=1 200w, https:\/\/i0.wp.com\/casadecampoliving.com\/wp-content\/uploads\/2012\/05\/abraham_lincoln_school7.jpg?resize=182%2C300&amp;ssl=1 182w, https:\/\/i0.wp.com\/casadecampoliving-wp.s3-accelerate.amazonaws.com\/2012\/05\/abraham_lincoln_school7.jpg?w=370 370w, https:\/\/i0.wp.com\/casadecampoliving-wp.s3-accelerate.amazonaws.com\/2012\/05\/abraham_lincoln_school7.jpg?w=400 400w\" sizes=\"auto, (max-width: 200px) 100vw, 200px\" \/><\/figure>\n<\/div>\n\n\n<p>La Escuela Abraham Lincoln, ubicada en el Central Romana, dentro del pueblo de La Romana, es una escuela privada para ni\u00f1os de empleados del Central Romana Corporation y tambi\u00e9n para otros ni\u00f1os con tarifas anuales.<\/p>\n\n\n\n<p>La Escuela Abraham Lincoln es una \u201cescuela inglesa\u201d, lo que significa que las clases son impartidas con un curriculum de est\u00e1ndares brit\u00e1nicos, con maestros brit\u00e1nicos, con la excepci\u00f3n, por supuesto, de los maestros dominicanos que imparten las clases de \u201cEspa\u00f1ol\u201d, y las clases de pre-kinder. Esto significa que la mayor\u00eda de las clases se realizan en ingl\u00e9s y que los estudiantes dominan tanto el ingl\u00e9s como el espa\u00f1ol.<\/p>\n\n\n\n<p>A\u00fan cuando el curr\u00edculo acad\u00e9mico es ingl\u00e9s, las notas son asignadas de acuerdo al GPA del sistema americano, y los estudiantes tambi\u00e9n toman las Pruebas Nacionales; todo esto con el fin de permitirles continuar su educaci\u00f3n superior en las universidades de los Estados Unidos, la Rep\u00fablica Dominicana o en Europa.<\/p>\n\n\n\n<p>Las clases van desde pre-kinder hasta cuarto de bachillerato.<\/p>\n\n\n\n<blockquote class=\"wp-block-quote is-layout-flow wp-block-quote-is-layout-flow\"><p><strong>Horario<\/strong><\/p><p>Oficina: 8am \u2013 5pm<\/p><p>Clases: 8am \u2013 1:40pm<\/p><p>Tel: 809-550-4113<\/p><\/blockquote>\n","protected":false},"excerpt":{"rendered":"<p>La Escuela Abraham Lincoln, ubicada en el Central Romana, dentro del pueblo de La Romana, es una escuela privada para ni\u00f1os de empleados del Central Romana Corporation y tambi\u00e9n para otros ni\u00f1os con tarifas anuales. La Escuela Abraham Lincoln es una \u201cescuela inglesa\u201d, lo que significa que las clases son impartidas con un curriculum de [&hellip;]<\/p>\n","protected":false},"author":31,"featured_media":51193,"parent":0,"menu_order":0,"comment_status":"closed","ping_status":"closed","template":"","meta":{"newspack_ads_suppress_ads":false,"newspack_popups_has_disabled_popups":false,"newspack_sponsor_sponsorship_scope":"","newspack_sponsor_native_byline_display":"inherit","newspack_sponsor_native_category_display":"inherit","newspack_sponsor_underwriter_style":"inherit","newspack_sponsor_underwriter_placement":"inherit","newspack_content_restriction_is_exempt":false,"newspack_featured_image_position":"","newspack_hide_page_title":false,"newspack_show_share_buttons":false,"footnotes":""},"newspack_spnsrs_tax":[],"class_list":["post-51205","page","type-page","status-publish","has-post-thumbnail","hentry","entry"],"yoast_head":"<!-- This site is optimized with the Yoast SEO plugin v27.3 - https:\/\/yoast.com\/product\/yoast-seo-wordpress\/ -->\n<title>La Escuela Abraham Lincoln | Casa de Campo Living<\/title>\n<meta name=\"description\" content=\"La Escuela Abraham Lincoln, ubicada en el Central Romana, dentro del pueblo de La Romana, es una escuela privada para ni\u00f1os de empleados del Central\" \/>\n<meta name=\"robots\" content=\"index, follow, max-snippet:-1, max-image-preview:large, max-video-preview:-1\" \/>\n<link rel=\"canonical\" href=\"https:\/\/casadecampoliving.com\/es\/escuelalincoln\/\" \/>\n<meta property=\"og:locale\" content=\"es_ES\" \/>\n<meta property=\"og:type\" content=\"article\" \/>\n<meta property=\"og:title\" content=\"La Escuela Abraham Lincoln | Casa de Campo Living\" \/>\n<meta property=\"og:description\" content=\"La Escuela Abraham Lincoln, ubicada en el Central Romana, dentro del pueblo de La Romana, es una escuela privada para ni\u00f1os de empleados del Central\" \/>\n<meta property=\"og:url\" content=\"https:\/\/casadecampoliving.com\/es\/escuelalincoln\/\" \/>\n<meta property=\"og:site_name\" content=\"Casa de Campo Living\" \/>\n<meta property=\"article:publisher\" content=\"https:\/\/www.facebook.com\/casadecampoliving\" \/>\n<meta property=\"article:modified_time\" content=\"2022-10-21T21:25:07+00:00\" \/>\n<meta property=\"og:image\" content=\"https:\/\/i0.wp.com\/casadecampoliving.com\/wp-content\/uploads\/2012\/05\/school5.jpg?fit=2000%2C1333&ssl=1\" \/>\n\t<meta property=\"og:image:width\" content=\"2000\" \/>\n\t<meta property=\"og:image:height\" content=\"1333\" \/>\n\t<meta property=\"og:image:type\" content=\"image\/jpeg\" \/>\n<meta name=\"twitter:card\" content=\"summary_large_image\" \/>\n<meta name=\"twitter:site\" content=\"@cdcliving\" \/>\n<meta name=\"twitter:label1\" content=\"Tiempo de lectura\" \/>\n\t<meta name=\"twitter:data1\" content=\"1 minuto\" \/>\n<script type=\"application\/ld+json\" class=\"yoast-schema-graph\">{\"@context\":\"https:\\\/\\\/schema.org\",\"@graph\":[{\"@type\":\"WebPage\",\"@id\":\"https:\\\/\\\/casadecampoliving.com\\\/es\\\/escuelalincoln\\\/\",\"url\":\"https:\\\/\\\/casadecampoliving.com\\\/es\\\/escuelalincoln\\\/\",\"name\":\"La Escuela Abraham Lincoln | Casa de Campo Living\",\"isPartOf\":{\"@id\":\"https:\\\/\\\/casadecampoliving.com\\\/es\\\/#website\"},\"primaryImageOfPage\":{\"@id\":\"https:\\\/\\\/casadecampoliving.com\\\/es\\\/escuelalincoln\\\/#primaryimage\"},\"image\":{\"@id\":\"https:\\\/\\\/casadecampoliving.com\\\/es\\\/escuelalincoln\\\/#primaryimage\"},\"thumbnailUrl\":\"https:\\\/\\\/i0.wp.com\\\/casadecampoliving.com\\\/wp-content\\\/uploads\\\/2012\\\/05\\\/school5.jpg?fit=2000%2C1333&ssl=1\",\"datePublished\":\"2012-05-26T18:40:51+00:00\",\"dateModified\":\"2022-10-21T21:25:07+00:00\",\"description\":\"La Escuela Abraham Lincoln, ubicada en el Central Romana, dentro del pueblo de La Romana, es una escuela privada para ni\u00f1os de empleados del Central\",\"breadcrumb\":{\"@id\":\"https:\\\/\\\/casadecampoliving.com\\\/es\\\/escuelalincoln\\\/#breadcrumb\"},\"inLanguage\":\"es\",\"potentialAction\":[{\"@type\":\"ReadAction\",\"target\":[\"https:\\\/\\\/casadecampoliving.com\\\/es\\\/escuelalincoln\\\/\"]}]},{\"@type\":\"ImageObject\",\"inLanguage\":\"es\",\"@id\":\"https:\\\/\\\/casadecampoliving.com\\\/es\\\/escuelalincoln\\\/#primaryimage\",\"url\":\"https:\\\/\\\/i0.wp.com\\\/casadecampoliving.com\\\/wp-content\\\/uploads\\\/2012\\\/05\\\/school5.jpg?fit=2000%2C1333&ssl=1\",\"contentUrl\":\"https:\\\/\\\/i0.wp.com\\\/casadecampoliving.com\\\/wp-content\\\/uploads\\\/2012\\\/05\\\/school5.jpg?fit=2000%2C1333&ssl=1\",\"width\":\"2000\",\"height\":\"1333\"},{\"@type\":\"BreadcrumbList\",\"@id\":\"https:\\\/\\\/casadecampoliving.com\\\/es\\\/escuelalincoln\\\/#breadcrumb\",\"itemListElement\":[{\"@type\":\"ListItem\",\"position\":1,\"name\":\"Home\",\"item\":\"https:\\\/\\\/casadecampoliving.com\\\/es\\\/\"},{\"@type\":\"ListItem\",\"position\":2,\"name\":\"La Escuela Abraham Lincoln\"}]},{\"@type\":\"WebSite\",\"@id\":\"https:\\\/\\\/casadecampoliving.com\\\/es\\\/#website\",\"url\":\"https:\\\/\\\/casadecampoliving.com\\\/es\\\/\",\"name\":\"Casa de Campo Living\",\"description\":\"Resort community news and resources.\",\"publisher\":{\"@id\":\"https:\\\/\\\/casadecampoliving.com\\\/es\\\/#organization\"},\"potentialAction\":[{\"@type\":\"SearchAction\",\"target\":{\"@type\":\"EntryPoint\",\"urlTemplate\":\"https:\\\/\\\/casadecampoliving.com\\\/es\\\/?s={search_term_string}\"},\"query-input\":{\"@type\":\"PropertyValueSpecification\",\"valueRequired\":true,\"valueName\":\"search_term_string\"}}],\"inLanguage\":\"es\"},{\"@type\":\"Organization\",\"@id\":\"https:\\\/\\\/casadecampoliving.com\\\/es\\\/#organization\",\"name\":\"Casa de Campo Living\",\"url\":\"https:\\\/\\\/casadecampoliving.com\\\/es\\\/\",\"logo\":{\"@type\":\"ImageObject\",\"inLanguage\":\"es\",\"@id\":\"https:\\\/\\\/casadecampoliving.com\\\/es\\\/#\\\/schema\\\/logo\\\/image\\\/\",\"url\":\"https:\\\/\\\/i0.wp.com\\\/casadecampoliving.com\\\/wp-content\\\/uploads\\\/2022\\\/07\\\/CDCLivingLogo_V1-white-sized.png?fit=800%2C214&ssl=1\",\"contentUrl\":\"https:\\\/\\\/i0.wp.com\\\/casadecampoliving.com\\\/wp-content\\\/uploads\\\/2022\\\/07\\\/CDCLivingLogo_V1-white-sized.png?fit=800%2C214&ssl=1\",\"width\":800,\"height\":214,\"caption\":\"Casa de Campo Living\"},\"image\":{\"@id\":\"https:\\\/\\\/casadecampoliving.com\\\/es\\\/#\\\/schema\\\/logo\\\/image\\\/\"},\"sameAs\":[\"https:\\\/\\\/www.facebook.com\\\/casadecampoliving\",\"https:\\\/\\\/x.com\\\/cdcliving\"]}]}<\/script>\n<!-- \/ Yoast SEO plugin. -->","yoast_head_json":{"title":"La Escuela Abraham Lincoln | Casa de Campo Living","description":"La Escuela Abraham Lincoln, ubicada en el Central Romana, dentro del pueblo de La Romana, es una escuela privada para ni\u00f1os de empleados del Central","robots":{"index":"index","follow":"follow","max-snippet":"max-snippet:-1","max-image-preview":"max-image-preview:large","max-video-preview":"max-video-preview:-1"},"canonical":"https:\/\/casadecampoliving.com\/es\/escuelalincoln\/","og_locale":"es_ES","og_type":"article","og_title":"La Escuela Abraham Lincoln | Casa de Campo Living","og_description":"La Escuela Abraham Lincoln, ubicada en el Central Romana, dentro del pueblo de La Romana, es una escuela privada para ni\u00f1os de empleados del Central","og_url":"https:\/\/casadecampoliving.com\/es\/escuelalincoln\/","og_site_name":"Casa de Campo Living","article_publisher":"https:\/\/www.facebook.com\/casadecampoliving","article_modified_time":"2022-10-21T21:25:07+00:00","og_image":[{"width":2000,"height":1333,"url":"https:\/\/i0.wp.com\/casadecampoliving.com\/wp-content\/uploads\/2012\/05\/school5.jpg?fit=2000%2C1333&ssl=1","type":"image\/jpeg"}],"twitter_card":"summary_large_image","twitter_site":"@cdcliving","twitter_misc":{"Tiempo de lectura":"1 minuto"},"schema":{"@context":"https:\/\/schema.org","@graph":[{"@type":"WebPage","@id":"https:\/\/casadecampoliving.com\/es\/escuelalincoln\/","url":"https:\/\/casadecampoliving.com\/es\/escuelalincoln\/","name":"La Escuela Abraham Lincoln | Casa de Campo Living","isPartOf":{"@id":"https:\/\/casadecampoliving.com\/es\/#website"},"primaryImageOfPage":{"@id":"https:\/\/casadecampoliving.com\/es\/escuelalincoln\/#primaryimage"},"image":{"@id":"https:\/\/casadecampoliving.com\/es\/escuelalincoln\/#primaryimage"},"thumbnailUrl":"https:\/\/i0.wp.com\/casadecampoliving.com\/wp-content\/uploads\/2012\/05\/school5.jpg?fit=2000%2C1333&ssl=1","datePublished":"2012-05-26T18:40:51+00:00","dateModified":"2022-10-21T21:25:07+00:00","description":"La Escuela Abraham Lincoln, ubicada en el Central Romana, dentro del pueblo de La Romana, es una escuela privada para ni\u00f1os de empleados del Central","breadcrumb":{"@id":"https:\/\/casadecampoliving.com\/es\/escuelalincoln\/#breadcrumb"},"inLanguage":"es","potentialAction":[{"@type":"ReadAction","target":["https:\/\/casadecampoliving.com\/es\/escuelalincoln\/"]}]},{"@type":"ImageObject","inLanguage":"es","@id":"https:\/\/casadecampoliving.com\/es\/escuelalincoln\/#primaryimage","url":"https:\/\/i0.wp.com\/casadecampoliving.com\/wp-content\/uploads\/2012\/05\/school5.jpg?fit=2000%2C1333&ssl=1","contentUrl":"https:\/\/i0.wp.com\/casadecampoliving.com\/wp-content\/uploads\/2012\/05\/school5.jpg?fit=2000%2C1333&ssl=1","width":"2000","height":"1333"},{"@type":"BreadcrumbList","@id":"https:\/\/casadecampoliving.com\/es\/escuelalincoln\/#breadcrumb","itemListElement":[{"@type":"ListItem","position":1,"name":"Home","item":"https:\/\/casadecampoliving.com\/es\/"},{"@type":"ListItem","position":2,"name":"La Escuela Abraham Lincoln"}]},{"@type":"WebSite","@id":"https:\/\/casadecampoliving.com\/es\/#website","url":"https:\/\/casadecampoliving.com\/es\/","name":"Casa de Campo Living","description":"Resort community news and resources.","publisher":{"@id":"https:\/\/casadecampoliving.com\/es\/#organization"},"potentialAction":[{"@type":"SearchAction","target":{"@type":"EntryPoint","urlTemplate":"https:\/\/casadecampoliving.com\/es\/?s={search_term_string}"},"query-input":{"@type":"PropertyValueSpecification","valueRequired":true,"valueName":"search_term_string"}}],"inLanguage":"es"},{"@type":"Organization","@id":"https:\/\/casadecampoliving.com\/es\/#organization","name":"Casa de Campo Living","url":"https:\/\/casadecampoliving.com\/es\/","logo":{"@type":"ImageObject","inLanguage":"es","@id":"https:\/\/casadecampoliving.com\/es\/#\/schema\/logo\/image\/","url":"https:\/\/i0.wp.com\/casadecampoliving.com\/wp-content\/uploads\/2022\/07\/CDCLivingLogo_V1-white-sized.png?fit=800%2C214&ssl=1","contentUrl":"https:\/\/i0.wp.com\/casadecampoliving.com\/wp-content\/uploads\/2022\/07\/CDCLivingLogo_V1-white-sized.png?fit=800%2C214&ssl=1","width":800,"height":214,"caption":"Casa de Campo Living"},"image":{"@id":"https:\/\/casadecampoliving.com\/es\/#\/schema\/logo\/image\/"},"sameAs":["https:\/\/www.facebook.com\/casadecampoliving","https:\/\/x.com\/cdcliving"]}]}},"parsely":{"version":"1.1.0","canonical_url":"https:\/\/casadecampoliving.com\/es\/escuelalincoln\/","smart_links":{"inbound":0,"outbound":0},"traffic_boost_suggestions_count":0,"meta":{"@context":"https:\/\/schema.org","@type":"WebPage","headline":"La Escuela Abraham Lincoln","url":"http:\/\/casadecampoliving.com\/es\/escuelalincoln\/","mainEntityOfPage":{"@type":"WebPage","@id":"http:\/\/casadecampoliving.com\/es\/escuelalincoln\/"},"thumbnailUrl":"https:\/\/i0.wp.com\/casadecampoliving.com\/wp-content\/uploads\/2012\/05\/school5.jpg?resize=150%2C150&ssl=1","image":{"@type":"ImageObject","url":"https:\/\/i0.wp.com\/casadecampoliving.com\/wp-content\/uploads\/2012\/05\/school5.jpg?fit=2000%2C1333&ssl=1"},"articleSection":"Uncategorized @es","author":[{"@type":"Person","name":"Rebecca Silvestri"}],"creator":["Rebecca Silvestri"],"publisher":{"@type":"Organization","name":"Casa de Campo Living","logo":"https:\/\/casadecampoliving.com\/wp-content\/uploads\/2022\/07\/CDCLivingLogo_V1-white-sized.png"},"keywords":[],"dateCreated":"2012-05-26T18:40:51Z","datePublished":"2012-05-26T18:40:51Z","dateModified":"2022-10-21T21:25:07Z"},"rendered":"<script type=\"application\/ld+json\" class=\"wp-parsely-metadata\">{\"@context\":\"https:\\\/\\\/schema.org\",\"@type\":\"WebPage\",\"headline\":\"La Escuela Abraham Lincoln\",\"url\":\"http:\\\/\\\/casadecampoliving.com\\\/es\\\/escuelalincoln\\\/\",\"mainEntityOfPage\":{\"@type\":\"WebPage\",\"@id\":\"http:\\\/\\\/casadecampoliving.com\\\/es\\\/escuelalincoln\\\/\"},\"thumbnailUrl\":\"https:\\\/\\\/i0.wp.com\\\/casadecampoliving.com\\\/wp-content\\\/uploads\\\/2012\\\/05\\\/school5.jpg?resize=150%2C150&ssl=1\",\"image\":{\"@type\":\"ImageObject\",\"url\":\"https:\\\/\\\/i0.wp.com\\\/casadecampoliving.com\\\/wp-content\\\/uploads\\\/2012\\\/05\\\/school5.jpg?fit=2000%2C1333&ssl=1\"},\"articleSection\":\"Uncategorized @es\",\"author\":[{\"@type\":\"Person\",\"name\":\"Rebecca Silvestri\"}],\"creator\":[\"Rebecca Silvestri\"],\"publisher\":{\"@type\":\"Organization\",\"name\":\"Casa de Campo Living\",\"logo\":\"https:\\\/\\\/casadecampoliving.com\\\/wp-content\\\/uploads\\\/2022\\\/07\\\/CDCLivingLogo_V1-white-sized.png\"},\"keywords\":[],\"dateCreated\":\"2012-05-26T18:40:51Z\",\"datePublished\":\"2012-05-26T18:40:51Z\",\"dateModified\":\"2022-10-21T21:25:07Z\"}<\/script>","tracker_url":"https:\/\/cdn.parsely.com\/keys\/casadecampoliving.com\/p.js"},"jetpack-related-posts":[{"id":42902,"url":"https:\/\/casadecampoliving.com\/es\/la-fundacion-mir\/","url_meta":{"origin":51205,"position":0},"title":"La Fundaci\u00f3n MIR","author":"Rebecca Silvestri","date":"20 Mar, 2012","format":false,"excerpt":"La\u00a0Fundaci\u00f3n MIR\u00a0es una organizaci\u00f3n sin fines de lucro que trabaja para educar a los ni\u00f1os de escasos recursos del \u00e1rea de La Romana. La fundaci\u00f3n administra tres escuelas que velan por las necesidades de m\u00e1s de 1,000 ni\u00f1os; MIR Esperanza (escuela vocacional de ni\u00f1os), la Escuela T\u00e9cnico Vocacional Fundaci\u00f3n MIR\u2026","rel":"","context":"En \u00abFundaci\u00f3n MIR @es\u00bb","block_context":{"text":"Fundaci\u00f3n MIR @es","link":"https:\/\/casadecampoliving.com\/es\/category\/fundaciones-es\/fundacion-mir-es\/"},"img":{"alt_text":"fundacion MIR la romana","src":"https:\/\/i0.wp.com\/casadecampoliving.com\/wp-content\/uploads\/2012\/03\/fundacionMIR_casadecampo.jpg?fit=650%2C259&ssl=1&resize=350%2C200","width":350,"height":200,"srcset":"https:\/\/i0.wp.com\/casadecampoliving.com\/wp-content\/uploads\/2012\/03\/fundacionMIR_casadecampo.jpg?fit=650%2C259&ssl=1&resize=350%2C200 1x, https:\/\/i0.wp.com\/casadecampoliving.com\/wp-content\/uploads\/2012\/03\/fundacionMIR_casadecampo.jpg?fit=650%2C259&ssl=1&resize=525%2C300 1.5x"},"classes":[]},{"id":78813,"url":"https:\/\/casadecampoliving.com\/es\/luis-miguel-entradas\/","url_meta":{"origin":51205,"position":1},"title":"Las boletas para el concierto de Luis Miguel disponibles en la Fundaci\u00f3n MIR","author":"Rebecca Silvestri","date":"2 Oct, 2013","format":false,"excerpt":"\u00a1Muy buenas noticias! Las entradas para el conciertos de Luis Miguel no solo est\u00e1n a la venta en Casa de Campo \u2013 sino tambi\u00e9n en las oficina de la Fundaci\u00f3n MIR en Altos de Chav\u00f3n \u2013 un 10% de las ventas de estas entradas realizadas en las oficinas de la\u2026","rel":"","context":"Entrada similar","block_context":{"text":"Entrada similar","link":""},"img":{"alt_text":"Fundacion MIR","src":"https:\/\/i0.wp.com\/casadecampoliving.com\/wp-content\/uploads\/2013\/09\/fundacion_MIR2.jpg?fit=650%2C328&ssl=1&resize=350%2C200","width":350,"height":200,"srcset":"https:\/\/i0.wp.com\/casadecampoliving.com\/wp-content\/uploads\/2013\/09\/fundacion_MIR2.jpg?fit=650%2C328&ssl=1&resize=350%2C200 1x, https:\/\/i0.wp.com\/casadecampoliving.com\/wp-content\/uploads\/2013\/09\/fundacion_MIR2.jpg?fit=650%2C328&ssl=1&resize=525%2C300 1.5x"},"classes":[]},{"id":50852,"url":"https:\/\/casadecampoliving.com\/es\/hdn\/","url_meta":{"origin":51205,"position":2},"title":"El Hogar del Ni\u00f1o","author":"Rebecca Silvestri","date":"22 May, 2012","format":false,"excerpt":"El Hogar del Ni\u00f1o es un centro educacional y de cuidado para m\u00e1s de 1,500 ni\u00f1os, ubicado en el pueblo de La Romana, justo a las afueras de Casa de Campo. Ni\u00f1os que van desde los pocas semanas de nacidos hasta los 18 a\u00f1os de edad, son cuidados y educados\u2026","rel":"","context":"En \u00abFundaciones\u00bb","block_context":{"text":"Fundaciones","link":"https:\/\/casadecampoliving.com\/es\/category\/fundaciones-es\/"},"img":{"alt_text":"hogar del nino la romana","src":"https:\/\/i0.wp.com\/casadecampoliving.com\/wp-content\/uploads\/2012\/02\/hogar_del_nino_la_romana.jpg?fit=550%2C299&ssl=1&resize=350%2C200","width":350,"height":200,"srcset":"https:\/\/i0.wp.com\/casadecampoliving.com\/wp-content\/uploads\/2012\/02\/hogar_del_nino_la_romana.jpg?fit=550%2C299&ssl=1&resize=350%2C200 1x, https:\/\/i0.wp.com\/casadecampoliving.com\/wp-content\/uploads\/2012\/02\/hogar_del_nino_la_romana.jpg?fit=550%2C299&ssl=1&resize=525%2C300 1.5x"},"classes":[]},{"id":69942,"url":"https:\/\/casadecampoliving.com\/es\/festival-de-primavera\/","url_meta":{"origin":51205,"position":3},"title":"Festival de Primavera: Mayo 23 &#8211; 26","author":"Rebecca Silvestri","date":"9 May, 2013","format":false,"excerpt":"Del 23 al 26 de mayo de 2013, Altos de Chav\u00f3n cobrar\u00e1 vida con una celebraci\u00f3n m\u00e1gica, el \u201cFestival de Primavera 2013\u201d, una melod\u00eda maravillosa del teatro dominicano, la m\u00fasica y la danza como una actuaci\u00f3n de la Orquesta Sinf\u00f3nica Nacional dirigida por el gran Maestro Jos\u00e9 Antonio Molina. El\u2026","rel":"","context":"Entrada similar","block_context":{"text":"Entrada similar","link":""},"img":{"alt_text":"festival primavera","src":"https:\/\/i0.wp.com\/casadecampoliving.com\/wp-content\/uploads\/2013\/04\/festival_primavera.jpg?fit=715%2C320&ssl=1&resize=350%2C200","width":350,"height":200,"srcset":"https:\/\/i0.wp.com\/casadecampoliving.com\/wp-content\/uploads\/2013\/04\/festival_primavera.jpg?fit=715%2C320&ssl=1&resize=350%2C200 1x, https:\/\/i0.wp.com\/casadecampoliving.com\/wp-content\/uploads\/2013\/04\/festival_primavera.jpg?fit=715%2C320&ssl=1&resize=525%2C300 1.5x, https:\/\/i0.wp.com\/casadecampoliving.com\/wp-content\/uploads\/2013\/04\/festival_primavera.jpg?fit=715%2C320&ssl=1&resize=700%2C400 2x"},"classes":[]},{"id":54976,"url":"https:\/\/casadecampoliving.com\/es\/recuerdos\/","url_meta":{"origin":51205,"position":4},"title":"Memorias de Casa de Campo por Carol Burke","author":"Rebecca Silvestri","date":"24 Jul, 2012","format":false,"excerpt":"La serie de art\u00edculos \u2018Memorias de Casa de Campo\u2019 fue contribuida por Carol Burke, quien vivi\u00f3 en Casa de Campo desde agosto de 1987 hasta enero de 1999, tiempo en el que fue una entusiasta fot\u00f3grafa, mientras que su esposo trabaj\u00f3 como Director de Alimentos de Casa de Campo y\u2026","rel":"","context":"Entrada similar","block_context":{"text":"Entrada similar","link":""},"img":{"alt_text":"memories of casa de campo","src":"https:\/\/i0.wp.com\/casadecampoliving.com\/wp-content\/uploads\/2012\/07\/memories_casa_de_campo.jpg?fit=650%2C406&ssl=1&resize=350%2C200","width":350,"height":200,"srcset":"https:\/\/i0.wp.com\/casadecampoliving.com\/wp-content\/uploads\/2012\/07\/memories_casa_de_campo.jpg?fit=650%2C406&ssl=1&resize=350%2C200 1x, https:\/\/i0.wp.com\/casadecampoliving.com\/wp-content\/uploads\/2012\/07\/memories_casa_de_campo.jpg?fit=650%2C406&ssl=1&resize=525%2C300 1.5x"},"classes":[]},{"id":82542,"url":"https:\/\/casadecampoliving.com\/es\/altos-de-chavon-programa-de-fiestas\/","url_meta":{"origin":51205,"position":5},"title":"Altos de Chav\u00f3n Programa de Fiestas 2013","author":"Rebecca Silvestri","date":"7 Dic, 2013","format":false,"excerpt":"Las navidades en Altos de Chav\u00f3n se han convertido en una verdadera tradici\u00f3n en Casa de Campo y todo el pa\u00eds. Por su belleza arquitect\u00f3nica y ambiente id\u00edlico, Altos de Chav\u00f3n es el anfitri\u00f3n perfecto para celebrar la navidad en grande. \u00a1Todas los eventos han sido confirmados!\u00a0aqu\u00ed esta el horario\u2026","rel":"","context":"Entrada similar","block_context":{"text":"Entrada similar","link":""},"img":{"alt_text":"Altos de Chavon holiday program","src":"https:\/\/i0.wp.com\/casadecampoliving.com\/wp-content\/uploads\/2013\/12\/altos_de_chavon_holiday_program.jpg?fit=650%2C454&ssl=1&resize=350%2C200","width":350,"height":200,"srcset":"https:\/\/i0.wp.com\/casadecampoliving.com\/wp-content\/uploads\/2013\/12\/altos_de_chavon_holiday_program.jpg?fit=650%2C454&ssl=1&resize=350%2C200 1x, https:\/\/i0.wp.com\/casadecampoliving.com\/wp-content\/uploads\/2013\/12\/altos_de_chavon_holiday_program.jpg?fit=650%2C454&ssl=1&resize=525%2C300 1.5x"},"classes":[]}],"jetpack_sharing_enabled":true,"_links":{"self":[{"href":"https:\/\/casadecampoliving.com\/es\/wp-json\/wp\/v2\/pages\/51205","targetHints":{"allow":["GET"]}}],"collection":[{"href":"https:\/\/casadecampoliving.com\/es\/wp-json\/wp\/v2\/pages"}],"about":[{"href":"https:\/\/casadecampoliving.com\/es\/wp-json\/wp\/v2\/types\/page"}],"author":[{"embeddable":true,"href":"https:\/\/casadecampoliving.com\/es\/wp-json\/wp\/v2\/users\/31"}],"replies":[{"embeddable":true,"href":"https:\/\/casadecampoliving.com\/es\/wp-json\/wp\/v2\/comments?post=51205"}],"version-history":[{"count":0,"href":"https:\/\/casadecampoliving.com\/es\/wp-json\/wp\/v2\/pages\/51205\/revisions"}],"wp:featuredmedia":[{"embeddable":true,"href":"https:\/\/casadecampoliving.com\/es\/wp-json\/wp\/v2\/media\/51193"}],"wp:attachment":[{"href":"https:\/\/casadecampoliving.com\/es\/wp-json\/wp\/v2\/media?parent=51205"}],"wp:term":[{"taxonomy":"newspack_spnsrs_tax","embeddable":true,"href":"https:\/\/casadecampoliving.com\/es\/wp-json\/wp\/v2\/newspack_spnsrs_tax?post=51205"}],"curies":[{"name":"wp","href":"https:\/\/api.w.org\/{rel}","templated":true}]}}