{"id":50852,"date":"2012-05-22T12:38:46","date_gmt":"2012-05-22T16:38:46","guid":{"rendered":"http:\/\/casadecampoliving.com\/?page_id=50852"},"modified":"2022-10-21T17:24:52","modified_gmt":"2022-10-21T21:24:52","slug":"hdn","status":"publish","type":"page","link":"https:\/\/casadecampoliving.com\/es\/hdn\/","title":{"rendered":"El Hogar del Ni\u00f1o"},"content":{"rendered":"<div class=\"wp-block-image\">\n<figure class=\"aligncenter is-resized\"><img loading=\"lazy\" decoding=\"async\" src=\"https:\/\/i0.wp.com\/casadecampoliving-wp.s3-accelerate.amazonaws.com\/2012\/02\/hogar_del_nino_la_romana.jpg?resize=550%2C299&amp;ssl=1\" alt=\"hogar del nino la romana\" title=\"hogar_del_nino_la_romana\" height=\"299\" width=\"550\"\/><\/figure>\n<\/div>\n\n\n<p>El Hogar del Ni\u00f1o es un centro educacional y de cuidado para m\u00e1s de 1,500 ni\u00f1os, ubicado en el pueblo de La Romana, justo a las afueras de Casa de Campo. Ni\u00f1os que van desde los pocas semanas de nacidos hasta los 18 a\u00f1os de edad, son cuidados y educados a diario desde las 5:30am hasta las 7pm.<\/p>\n\n\n<div class=\"wp-block-image\">\n<figure class=\"alignright is-resized\"><img loading=\"lazy\" decoding=\"async\" src=\"https:\/\/i0.wp.com\/casadecampoliving-wp.s3-accelerate.amazonaws.com\/2012\/01\/hogar_del_nino.jpg?resize=200%2C105&amp;ssl=1\" alt=\"hogar del nino \" title=\"hogar_del_nino\" height=\"105\" width=\"200\"\/><\/figure>\n<\/div>\n\n\n<p>La organizaci\u00f3n tambi\u00e9n provee educaci\u00f3n especial para ni\u00f1os especiales que padecen de ceguera o con limitaciones auditivas, al igual que una escuela vocacional en la que m\u00e1s de 235 estudiantes reciben educaci\u00f3n en las distintas \u00e1reas como: costura, preparaci\u00f3n industrial, mantenimiento e instalaci\u00f3n el\u00e9ctrica; manejo de programas de c\u00f3mputos.<\/p>\n\n\n\n<blockquote class=\"wp-block-quote is-layout-flow wp-block-quote-is-layout-flow\"><p><strong><strong><strong>Comun\u00edquese con el Hogar del Ni\u00f1o al:<\/strong><br>\n<strong>Tel:<\/strong>&nbsp;<a href=\"tel:%28809%29%20523-8901\" target=\"_blank\">(809) 523-8901<\/a>&nbsp;<\/strong><\/strong>o al (809) 556-3181<strong><strong><br>\n<strong>Email:<\/strong>&nbsp;<a href=\"mailto:info@pbo.org.do\" target=\"_blank\">info@pbo.org.do<\/a><br>\n<strong>Sitio Web:<\/strong>&nbsp;<a href=\"http:\/\/www.hogardelnino.com\/\">www.hogardelnino.com<\/a><\/strong><\/strong><\/p><\/blockquote>\n","protected":false},"excerpt":{"rendered":"<p>El Hogar del Ni\u00f1o es un centro educacional y de cuidado para m\u00e1s de 1,500 ni\u00f1os, ubicado en el pueblo de La Romana, justo a las afueras de Casa de Campo. Ni\u00f1os que van desde los pocas semanas de nacidos hasta los 18 a\u00f1os de edad, son cuidados y educados a diario desde las 5:30am [&hellip;]<\/p>\n","protected":false},"author":31,"featured_media":45354,"parent":0,"menu_order":0,"comment_status":"closed","ping_status":"closed","template":"","meta":{"newspack_ads_suppress_ads":false,"newspack_popups_has_disabled_popups":false,"newspack_sponsor_sponsorship_scope":"","newspack_sponsor_native_byline_display":"inherit","newspack_sponsor_native_category_display":"inherit","newspack_sponsor_underwriter_style":"inherit","newspack_sponsor_underwriter_placement":"inherit","newspack_content_restriction_is_exempt":false,"newspack_featured_image_position":"","newspack_hide_page_title":false,"newspack_show_share_buttons":false,"footnotes":""},"newspack_spnsrs_tax":[],"class_list":["post-50852","page","type-page","status-publish","has-post-thumbnail","hentry","entry"],"yoast_head":"<!-- This site is optimized with the Yoast SEO plugin v27.4 - https:\/\/yoast.com\/product\/yoast-seo-wordpress\/ -->\n<title>El Hogar del Ni\u00f1o | Casa de Campo Living<\/title>\n<meta name=\"description\" content=\"El Hogar del Ni\u00f1o es un centro educacional y de cuidado para m\u00e1s de 1,500 ni\u00f1os, ubicado en el pueblo de La Romana, justo a las afueras de Casa de Campo.\" \/>\n<meta name=\"robots\" content=\"index, follow, max-snippet:-1, max-image-preview:large, max-video-preview:-1\" \/>\n<link rel=\"canonical\" href=\"https:\/\/casadecampoliving.com\/es\/hdn\/\" \/>\n<meta property=\"og:locale\" content=\"es_ES\" \/>\n<meta property=\"og:type\" content=\"article\" \/>\n<meta property=\"og:title\" content=\"El Hogar del Ni\u00f1o | Casa de Campo Living\" \/>\n<meta property=\"og:description\" content=\"El Hogar del Ni\u00f1o es un centro educacional y de cuidado para m\u00e1s de 1,500 ni\u00f1os, ubicado en el pueblo de La Romana, justo a las afueras de Casa de Campo.\" \/>\n<meta property=\"og:url\" content=\"https:\/\/casadecampoliving.com\/es\/hdn\/\" \/>\n<meta property=\"og:site_name\" content=\"Casa de Campo Living\" \/>\n<meta property=\"article:publisher\" content=\"https:\/\/www.facebook.com\/casadecampoliving\" \/>\n<meta property=\"article:modified_time\" content=\"2022-10-21T21:24:52+00:00\" \/>\n<meta property=\"og:image\" content=\"https:\/\/i0.wp.com\/casadecampoliving.com\/wp-content\/uploads\/2012\/02\/hogar_del_nino_la_romana.jpg?fit=550%2C299&ssl=1\" \/>\n\t<meta property=\"og:image:width\" content=\"550\" \/>\n\t<meta property=\"og:image:height\" content=\"299\" \/>\n\t<meta property=\"og:image:type\" content=\"image\/jpeg\" \/>\n<meta name=\"twitter:card\" content=\"summary_large_image\" \/>\n<meta name=\"twitter:site\" content=\"@cdcliving\" \/>\n<meta name=\"twitter:label1\" content=\"Tiempo de lectura\" \/>\n\t<meta name=\"twitter:data1\" content=\"1 minuto\" \/>\n<script type=\"application\/ld+json\" class=\"yoast-schema-graph\">{\"@context\":\"https:\\\/\\\/schema.org\",\"@graph\":[{\"@type\":\"WebPage\",\"@id\":\"https:\\\/\\\/casadecampoliving.com\\\/es\\\/hdn\\\/\",\"url\":\"https:\\\/\\\/casadecampoliving.com\\\/es\\\/hdn\\\/\",\"name\":\"El Hogar del Ni\u00f1o | Casa de Campo Living\",\"isPartOf\":{\"@id\":\"https:\\\/\\\/casadecampoliving.com\\\/es\\\/#website\"},\"primaryImageOfPage\":{\"@id\":\"https:\\\/\\\/casadecampoliving.com\\\/es\\\/hdn\\\/#primaryimage\"},\"image\":{\"@id\":\"https:\\\/\\\/casadecampoliving.com\\\/es\\\/hdn\\\/#primaryimage\"},\"thumbnailUrl\":\"https:\\\/\\\/i0.wp.com\\\/casadecampoliving.com\\\/wp-content\\\/uploads\\\/2012\\\/02\\\/hogar_del_nino_la_romana.jpg?fit=550%2C299&ssl=1\",\"datePublished\":\"2012-05-22T16:38:46+00:00\",\"dateModified\":\"2022-10-21T21:24:52+00:00\",\"description\":\"El Hogar del Ni\u00f1o es un centro educacional y de cuidado para m\u00e1s de 1,500 ni\u00f1os, ubicado en el pueblo de La Romana, justo a las afueras de Casa de Campo.\",\"breadcrumb\":{\"@id\":\"https:\\\/\\\/casadecampoliving.com\\\/es\\\/hdn\\\/#breadcrumb\"},\"inLanguage\":\"es\",\"potentialAction\":[{\"@type\":\"ReadAction\",\"target\":[\"https:\\\/\\\/casadecampoliving.com\\\/es\\\/hdn\\\/\"]}]},{\"@type\":\"ImageObject\",\"inLanguage\":\"es\",\"@id\":\"https:\\\/\\\/casadecampoliving.com\\\/es\\\/hdn\\\/#primaryimage\",\"url\":\"https:\\\/\\\/i0.wp.com\\\/casadecampoliving.com\\\/wp-content\\\/uploads\\\/2012\\\/02\\\/hogar_del_nino_la_romana.jpg?fit=550%2C299&ssl=1\",\"contentUrl\":\"https:\\\/\\\/i0.wp.com\\\/casadecampoliving.com\\\/wp-content\\\/uploads\\\/2012\\\/02\\\/hogar_del_nino_la_romana.jpg?fit=550%2C299&ssl=1\",\"width\":\"550\",\"height\":\"299\",\"caption\":\"hogar del nino la romana\"},{\"@type\":\"BreadcrumbList\",\"@id\":\"https:\\\/\\\/casadecampoliving.com\\\/es\\\/hdn\\\/#breadcrumb\",\"itemListElement\":[{\"@type\":\"ListItem\",\"position\":1,\"name\":\"Home\",\"item\":\"https:\\\/\\\/casadecampoliving.com\\\/es\\\/\"},{\"@type\":\"ListItem\",\"position\":2,\"name\":\"El Hogar del Ni\u00f1o\"}]},{\"@type\":\"WebSite\",\"@id\":\"https:\\\/\\\/casadecampoliving.com\\\/es\\\/#website\",\"url\":\"https:\\\/\\\/casadecampoliving.com\\\/es\\\/\",\"name\":\"Casa de Campo Living\",\"description\":\"Resort community news and resources.\",\"publisher\":{\"@id\":\"https:\\\/\\\/casadecampoliving.com\\\/es\\\/#organization\"},\"potentialAction\":[{\"@type\":\"SearchAction\",\"target\":{\"@type\":\"EntryPoint\",\"urlTemplate\":\"https:\\\/\\\/casadecampoliving.com\\\/es\\\/?s={search_term_string}\"},\"query-input\":{\"@type\":\"PropertyValueSpecification\",\"valueRequired\":true,\"valueName\":\"search_term_string\"}}],\"inLanguage\":\"es\"},{\"@type\":\"Organization\",\"@id\":\"https:\\\/\\\/casadecampoliving.com\\\/es\\\/#organization\",\"name\":\"Casa de Campo Living\",\"url\":\"https:\\\/\\\/casadecampoliving.com\\\/es\\\/\",\"logo\":{\"@type\":\"ImageObject\",\"inLanguage\":\"es\",\"@id\":\"https:\\\/\\\/casadecampoliving.com\\\/es\\\/#\\\/schema\\\/logo\\\/image\\\/\",\"url\":\"https:\\\/\\\/i0.wp.com\\\/casadecampoliving.com\\\/wp-content\\\/uploads\\\/2022\\\/07\\\/CDCLivingLogo_V1-white-sized.png?fit=800%2C214&ssl=1\",\"contentUrl\":\"https:\\\/\\\/i0.wp.com\\\/casadecampoliving.com\\\/wp-content\\\/uploads\\\/2022\\\/07\\\/CDCLivingLogo_V1-white-sized.png?fit=800%2C214&ssl=1\",\"width\":800,\"height\":214,\"caption\":\"Casa de Campo Living\"},\"image\":{\"@id\":\"https:\\\/\\\/casadecampoliving.com\\\/es\\\/#\\\/schema\\\/logo\\\/image\\\/\"},\"sameAs\":[\"https:\\\/\\\/www.facebook.com\\\/casadecampoliving\",\"https:\\\/\\\/x.com\\\/cdcliving\"]}]}<\/script>\n<!-- \/ Yoast SEO plugin. -->","yoast_head_json":{"title":"El Hogar del Ni\u00f1o | Casa de Campo Living","description":"El Hogar del Ni\u00f1o es un centro educacional y de cuidado para m\u00e1s de 1,500 ni\u00f1os, ubicado en el pueblo de La Romana, justo a las afueras de Casa de Campo.","robots":{"index":"index","follow":"follow","max-snippet":"max-snippet:-1","max-image-preview":"max-image-preview:large","max-video-preview":"max-video-preview:-1"},"canonical":"https:\/\/casadecampoliving.com\/es\/hdn\/","og_locale":"es_ES","og_type":"article","og_title":"El Hogar del Ni\u00f1o | Casa de Campo Living","og_description":"El Hogar del Ni\u00f1o es un centro educacional y de cuidado para m\u00e1s de 1,500 ni\u00f1os, ubicado en el pueblo de La Romana, justo a las afueras de Casa de Campo.","og_url":"https:\/\/casadecampoliving.com\/es\/hdn\/","og_site_name":"Casa de Campo Living","article_publisher":"https:\/\/www.facebook.com\/casadecampoliving","article_modified_time":"2022-10-21T21:24:52+00:00","og_image":[{"width":550,"height":299,"url":"https:\/\/i0.wp.com\/casadecampoliving.com\/wp-content\/uploads\/2012\/02\/hogar_del_nino_la_romana.jpg?fit=550%2C299&ssl=1","type":"image\/jpeg"}],"twitter_card":"summary_large_image","twitter_site":"@cdcliving","twitter_misc":{"Tiempo de lectura":"1 minuto"},"schema":{"@context":"https:\/\/schema.org","@graph":[{"@type":"WebPage","@id":"https:\/\/casadecampoliving.com\/es\/hdn\/","url":"https:\/\/casadecampoliving.com\/es\/hdn\/","name":"El Hogar del Ni\u00f1o | Casa de Campo Living","isPartOf":{"@id":"https:\/\/casadecampoliving.com\/es\/#website"},"primaryImageOfPage":{"@id":"https:\/\/casadecampoliving.com\/es\/hdn\/#primaryimage"},"image":{"@id":"https:\/\/casadecampoliving.com\/es\/hdn\/#primaryimage"},"thumbnailUrl":"https:\/\/i0.wp.com\/casadecampoliving.com\/wp-content\/uploads\/2012\/02\/hogar_del_nino_la_romana.jpg?fit=550%2C299&ssl=1","datePublished":"2012-05-22T16:38:46+00:00","dateModified":"2022-10-21T21:24:52+00:00","description":"El Hogar del Ni\u00f1o es un centro educacional y de cuidado para m\u00e1s de 1,500 ni\u00f1os, ubicado en el pueblo de La Romana, justo a las afueras de Casa de Campo.","breadcrumb":{"@id":"https:\/\/casadecampoliving.com\/es\/hdn\/#breadcrumb"},"inLanguage":"es","potentialAction":[{"@type":"ReadAction","target":["https:\/\/casadecampoliving.com\/es\/hdn\/"]}]},{"@type":"ImageObject","inLanguage":"es","@id":"https:\/\/casadecampoliving.com\/es\/hdn\/#primaryimage","url":"https:\/\/i0.wp.com\/casadecampoliving.com\/wp-content\/uploads\/2012\/02\/hogar_del_nino_la_romana.jpg?fit=550%2C299&ssl=1","contentUrl":"https:\/\/i0.wp.com\/casadecampoliving.com\/wp-content\/uploads\/2012\/02\/hogar_del_nino_la_romana.jpg?fit=550%2C299&ssl=1","width":"550","height":"299","caption":"hogar del nino la romana"},{"@type":"BreadcrumbList","@id":"https:\/\/casadecampoliving.com\/es\/hdn\/#breadcrumb","itemListElement":[{"@type":"ListItem","position":1,"name":"Home","item":"https:\/\/casadecampoliving.com\/es\/"},{"@type":"ListItem","position":2,"name":"El Hogar del Ni\u00f1o"}]},{"@type":"WebSite","@id":"https:\/\/casadecampoliving.com\/es\/#website","url":"https:\/\/casadecampoliving.com\/es\/","name":"Casa de Campo Living","description":"Resort community news and resources.","publisher":{"@id":"https:\/\/casadecampoliving.com\/es\/#organization"},"potentialAction":[{"@type":"SearchAction","target":{"@type":"EntryPoint","urlTemplate":"https:\/\/casadecampoliving.com\/es\/?s={search_term_string}"},"query-input":{"@type":"PropertyValueSpecification","valueRequired":true,"valueName":"search_term_string"}}],"inLanguage":"es"},{"@type":"Organization","@id":"https:\/\/casadecampoliving.com\/es\/#organization","name":"Casa de Campo Living","url":"https:\/\/casadecampoliving.com\/es\/","logo":{"@type":"ImageObject","inLanguage":"es","@id":"https:\/\/casadecampoliving.com\/es\/#\/schema\/logo\/image\/","url":"https:\/\/i0.wp.com\/casadecampoliving.com\/wp-content\/uploads\/2022\/07\/CDCLivingLogo_V1-white-sized.png?fit=800%2C214&ssl=1","contentUrl":"https:\/\/i0.wp.com\/casadecampoliving.com\/wp-content\/uploads\/2022\/07\/CDCLivingLogo_V1-white-sized.png?fit=800%2C214&ssl=1","width":800,"height":214,"caption":"Casa de Campo Living"},"image":{"@id":"https:\/\/casadecampoliving.com\/es\/#\/schema\/logo\/image\/"},"sameAs":["https:\/\/www.facebook.com\/casadecampoliving","https:\/\/x.com\/cdcliving"]}]}},"parsely":{"version":"1.1.0","canonical_url":"https:\/\/casadecampoliving.com\/es\/hdn\/","smart_links":{"inbound":0,"outbound":0},"traffic_boost_suggestions_count":0,"meta":{"@context":"https:\/\/schema.org","@type":"WebPage","headline":"El Hogar del Ni\u00f1o","url":"http:\/\/casadecampoliving.com\/es\/hdn\/","mainEntityOfPage":{"@type":"WebPage","@id":"http:\/\/casadecampoliving.com\/es\/hdn\/"},"thumbnailUrl":"https:\/\/i0.wp.com\/casadecampoliving.com\/wp-content\/uploads\/2012\/02\/hogar_del_nino_la_romana.jpg?resize=150%2C150&ssl=1","image":{"@type":"ImageObject","url":"https:\/\/i0.wp.com\/casadecampoliving.com\/wp-content\/uploads\/2012\/02\/hogar_del_nino_la_romana.jpg?fit=550%2C299&ssl=1"},"articleSection":"Hogar del Ni\u00f1o @es","author":[{"@type":"Person","name":"Rebecca Silvestri"}],"creator":["Rebecca Silvestri"],"publisher":{"@type":"Organization","name":"Casa de Campo Living","logo":"https:\/\/casadecampoliving.com\/wp-content\/uploads\/2022\/07\/CDCLivingLogo_V1-white-sized.png"},"keywords":[],"dateCreated":"2012-05-22T16:38:46Z","datePublished":"2012-05-22T16:38:46Z","dateModified":"2022-10-21T21:24:52Z"},"rendered":"<script type=\"application\/ld+json\" class=\"wp-parsely-metadata\">{\"@context\":\"https:\\\/\\\/schema.org\",\"@type\":\"WebPage\",\"headline\":\"El Hogar del Ni\\u00f1o\",\"url\":\"http:\\\/\\\/casadecampoliving.com\\\/es\\\/hdn\\\/\",\"mainEntityOfPage\":{\"@type\":\"WebPage\",\"@id\":\"http:\\\/\\\/casadecampoliving.com\\\/es\\\/hdn\\\/\"},\"thumbnailUrl\":\"https:\\\/\\\/i0.wp.com\\\/casadecampoliving.com\\\/wp-content\\\/uploads\\\/2012\\\/02\\\/hogar_del_nino_la_romana.jpg?resize=150%2C150&ssl=1\",\"image\":{\"@type\":\"ImageObject\",\"url\":\"https:\\\/\\\/i0.wp.com\\\/casadecampoliving.com\\\/wp-content\\\/uploads\\\/2012\\\/02\\\/hogar_del_nino_la_romana.jpg?fit=550%2C299&ssl=1\"},\"articleSection\":\"Hogar del Ni\\u00f1o @es\",\"author\":[{\"@type\":\"Person\",\"name\":\"Rebecca Silvestri\"}],\"creator\":[\"Rebecca Silvestri\"],\"publisher\":{\"@type\":\"Organization\",\"name\":\"Casa de Campo Living\",\"logo\":\"https:\\\/\\\/casadecampoliving.com\\\/wp-content\\\/uploads\\\/2022\\\/07\\\/CDCLivingLogo_V1-white-sized.png\"},\"keywords\":[],\"dateCreated\":\"2012-05-22T16:38:46Z\",\"datePublished\":\"2012-05-22T16:38:46Z\",\"dateModified\":\"2022-10-21T21:24:52Z\"}<\/script>","tracker_url":"https:\/\/cdn.parsely.com\/keys\/casadecampoliving.com\/p.js"},"jetpack-related-posts":[{"id":77718,"url":"https:\/\/casadecampoliving.com\/pitbull\/","url_meta":{"origin":50852,"position":0},"title":"Pitbull for the Hogar del Ni\u00f1o concert","author":"Rebecca Silvestri","date":"13 Sep, 2013","format":false,"excerpt":"\u201cPitbull por el Hogar del Ni\u00f1o\u201d concertWhen:\u00a0Saturday, September 21stWhere:\u00a0The Altos de Chav\u00f3n amphitheater, Casa de CampoTicket prices:\u2022 MR. 305 GUEST: US$900.00\u00a0which includes access to a private after-party with Mr. 305 Pitbull himself (These tickets can only be purchased directly from the Hogar del Ni\u00f1o)\u2022 PBO GUEST: RD$10,000.00\u2022 VIP: RD5,000.00\u2022 GENERAL:\u2026","rel":"","context":"Entrada similar","block_context":{"text":"Entrada similar","link":""},"img":{"alt_text":"Pitbull concert","src":"https:\/\/i0.wp.com\/casadecampoliving.com\/wp-content\/uploads\/2013\/09\/pitbull_concert.jpg?fit=650%2C285&ssl=1&resize=350%2C200","width":350,"height":200,"srcset":"https:\/\/i0.wp.com\/casadecampoliving.com\/wp-content\/uploads\/2013\/09\/pitbull_concert.jpg?fit=650%2C285&ssl=1&resize=350%2C200 1x, https:\/\/i0.wp.com\/casadecampoliving.com\/wp-content\/uploads\/2013\/09\/pitbull_concert.jpg?fit=650%2C285&ssl=1&resize=525%2C300 1.5x"},"classes":[]},{"id":50846,"url":"https:\/\/casadecampoliving.com\/hogardelnino\/","url_meta":{"origin":50852,"position":1},"title":"The Hogar del Ni\u00f1o","author":"Rebecca Silvestri","date":"22 May, 2012","format":false,"excerpt":"THE HOGAR DEL NI\u00d1O The Hogar del Ni\u00f1o is a children\u2019s daycare and educational center for over 1500 children, located in La Romana town, just outside of Casa de Campo. Children from as young as just a few weeks old up to 18 years old are cared for and educated\u2026","rel":"","context":"En \u00abHogar del Nino\u00bb","block_context":{"text":"Hogar del Nino","link":"https:\/\/casadecampoliving.com\/category\/philanthrophy\/hogar-del-nino-charity\/"},"img":{"alt_text":"hogar del nino la romana","src":"https:\/\/i0.wp.com\/casadecampoliving-wp.s3-accelerate.amazonaws.com\/2012\/02\/hogar_del_nino_la_romana.jpg?resize=350%2C200&ssl=1","width":350,"height":200,"srcset":"https:\/\/i0.wp.com\/casadecampoliving-wp.s3-accelerate.amazonaws.com\/2012\/02\/hogar_del_nino_la_romana.jpg?resize=350%2C200&ssl=1 1x, https:\/\/i0.wp.com\/casadecampoliving-wp.s3-accelerate.amazonaws.com\/2012\/02\/hogar_del_nino_la_romana.jpg?resize=525%2C300&ssl=1 1.5x"},"classes":[]},{"id":77721,"url":"https:\/\/casadecampoliving.com\/es\/concierto-pitbull\/","url_meta":{"origin":50852,"position":2},"title":"Concierto: \u00abPitbull por el Hogar del Ni\u00f1o\u00bb","author":"Rebecca Silvestri","date":"13 Sep, 2013","format":false,"excerpt":"\u201cPitbull por el Hogar del Ni\u00f1o\u201d concierto \u00bfC\u00faando?:\u00a0S\u00e1bado 21 de septiembre\u00bfD\u00f3nde?:\u00a0 Anfiteatro de Altos de Chav\u00f3n, Casa de CampoEntradas:\u00a0\u2022 Visitante MR. 305 : US$ 900.00\u00a0incluye acceso a una fiesta privada con el mismo. MR 305, imag\u00ednense eso! (M\u00e1s detalles pronto)\u2022 Visitante PBO: RD$10,000.00\u2022 VIP: RD$ 5,000.00\u2022 GENERAL: RD$ 1,500.00\u00a0 \u00a0Contacto:\u00a0salvarado@pbo.org.do,\u00a0(809)\u2026","rel":"","context":"Entrada similar","block_context":{"text":"Entrada similar","link":""},"img":{"alt_text":"Pitbull concert","src":"https:\/\/i0.wp.com\/casadecampoliving.com\/wp-content\/uploads\/2013\/09\/pitbull_concert.jpg?fit=650%2C285&ssl=1&resize=350%2C200","width":350,"height":200,"srcset":"https:\/\/i0.wp.com\/casadecampoliving.com\/wp-content\/uploads\/2013\/09\/pitbull_concert.jpg?fit=650%2C285&ssl=1&resize=350%2C200 1x, https:\/\/i0.wp.com\/casadecampoliving.com\/wp-content\/uploads\/2013\/09\/pitbull_concert.jpg?fit=650%2C285&ssl=1&resize=525%2C300 1.5x"},"classes":[]},{"id":43276,"url":"https:\/\/casadecampoliving.com\/es\/el-cafe-de-la-leche\/","url_meta":{"origin":50852,"position":3},"title":"El Caf\u00e9 de la Leche","author":"","date":"19 Ene, 2012","format":false,"excerpt":"El Caf\u00e9 de la Leche es un evento ben\u00e9fico que se realiza mensualmente, acompa\u00f1ado de un poco de t\u00e9 o caf\u00e9, en donde las damas de Casa de Campo (a\u00fan cuando se presentan caballeros de vez en cuando) por lo general se re\u00fanen el primer viernes. Cada mes, este Caf\u00e9\u2026","rel":"","context":"En \u00abFundaciones\u00bb","block_context":{"text":"Fundaciones","link":"https:\/\/casadecampoliving.com\/es\/category\/fundaciones-es\/"},"img":{"alt_text":"","src":"https:\/\/i0.wp.com\/casadecampoliving.com\/wp-content\/uploads\/2009\/03\/main.jpg?fit=580%2C244&ssl=1&resize=350%2C200","width":350,"height":200,"srcset":"https:\/\/i0.wp.com\/casadecampoliving.com\/wp-content\/uploads\/2009\/03\/main.jpg?fit=580%2C244&ssl=1&resize=350%2C200 1x, https:\/\/i0.wp.com\/casadecampoliving.com\/wp-content\/uploads\/2009\/03\/main.jpg?fit=580%2C244&ssl=1&resize=525%2C300 1.5x"},"classes":[]},{"id":51205,"url":"https:\/\/casadecampoliving.com\/es\/escuelalincoln\/","url_meta":{"origin":50852,"position":4},"title":"La Escuela Abraham Lincoln","author":"Rebecca Silvestri","date":"26 May, 2012","format":false,"excerpt":"La Escuela Abraham Lincoln, ubicada en el Central Romana, dentro del pueblo de La Romana, es una escuela privada para ni\u00f1os de empleados del Central Romana Corporation y tambi\u00e9n para otros ni\u00f1os con tarifas anuales. La Escuela Abraham Lincoln es una \u201cescuela inglesa\u201d, lo que significa que las clases son\u2026","rel":"","context":"Entrada similar","block_context":{"text":"Entrada similar","link":""},"img":{"alt_text":"","src":"https:\/\/i0.wp.com\/casadecampoliving.com\/wp-content\/uploads\/2012\/05\/school5.jpg?fit=1200%2C800&ssl=1&resize=350%2C200","width":350,"height":200,"srcset":"https:\/\/i0.wp.com\/casadecampoliving.com\/wp-content\/uploads\/2012\/05\/school5.jpg?fit=1200%2C800&ssl=1&resize=350%2C200 1x, https:\/\/i0.wp.com\/casadecampoliving.com\/wp-content\/uploads\/2012\/05\/school5.jpg?fit=1200%2C800&ssl=1&resize=525%2C300 1.5x, https:\/\/i0.wp.com\/casadecampoliving.com\/wp-content\/uploads\/2012\/05\/school5.jpg?fit=1200%2C800&ssl=1&resize=700%2C400 2x, https:\/\/i0.wp.com\/casadecampoliving.com\/wp-content\/uploads\/2012\/05\/school5.jpg?fit=1200%2C800&ssl=1&resize=1050%2C600 3x"},"classes":[]},{"id":46956,"url":"https:\/\/casadecampoliving.com\/es\/playaminitas\/","url_meta":{"origin":50852,"position":5},"title":"Playa Minitas","author":"Rebecca Silvestri","date":"20 Mar, 2012","format":false,"excerpt":"Con servicio de camareros disponibles hasta su chaise longue\u00a0desde el restaurante Beach Club by Le Cirque o del Coco Mar Bar, al igual que divertidos juegos y actividades y deportes acu\u00e1ticos para entretener a los ni\u00f1os \u2013 la Playa Minitas, la playa privada de Casa de Campo, es el mejor\u2026","rel":"","context":"Entrada similar","block_context":{"text":"Entrada similar","link":""},"img":{"alt_text":"minitas beach casa de campo","src":"https:\/\/i0.wp.com\/casadecampoliving.com\/wp-content\/uploads\/2012\/03\/minitas_beach_casa_de_campo1.jpg?fit=650%2C320&ssl=1&resize=350%2C200","width":350,"height":200,"srcset":"https:\/\/i0.wp.com\/casadecampoliving.com\/wp-content\/uploads\/2012\/03\/minitas_beach_casa_de_campo1.jpg?fit=650%2C320&ssl=1&resize=350%2C200 1x, https:\/\/i0.wp.com\/casadecampoliving.com\/wp-content\/uploads\/2012\/03\/minitas_beach_casa_de_campo1.jpg?fit=650%2C320&ssl=1&resize=525%2C300 1.5x"},"classes":[]}],"jetpack_sharing_enabled":true,"_links":{"self":[{"href":"https:\/\/casadecampoliving.com\/es\/wp-json\/wp\/v2\/pages\/50852","targetHints":{"allow":["GET"]}}],"collection":[{"href":"https:\/\/casadecampoliving.com\/es\/wp-json\/wp\/v2\/pages"}],"about":[{"href":"https:\/\/casadecampoliving.com\/es\/wp-json\/wp\/v2\/types\/page"}],"author":[{"embeddable":true,"href":"https:\/\/casadecampoliving.com\/es\/wp-json\/wp\/v2\/users\/31"}],"replies":[{"embeddable":true,"href":"https:\/\/casadecampoliving.com\/es\/wp-json\/wp\/v2\/comments?post=50852"}],"version-history":[{"count":0,"href":"https:\/\/casadecampoliving.com\/es\/wp-json\/wp\/v2\/pages\/50852\/revisions"}],"wp:featuredmedia":[{"embeddable":true,"href":"https:\/\/casadecampoliving.com\/es\/wp-json\/wp\/v2\/media\/45354"}],"wp:attachment":[{"href":"https:\/\/casadecampoliving.com\/es\/wp-json\/wp\/v2\/media?parent=50852"}],"wp:term":[{"taxonomy":"newspack_spnsrs_tax","embeddable":true,"href":"https:\/\/casadecampoliving.com\/es\/wp-json\/wp\/v2\/newspack_spnsrs_tax?post=50852"}],"curies":[{"name":"wp","href":"https:\/\/api.w.org\/{rel}","templated":true}]}}