{"id":46956,"date":"2012-03-20T18:30:40","date_gmt":"2012-03-20T22:30:40","guid":{"rendered":"http:\/\/casadecampoliving.com\/?page_id=46956"},"modified":"2022-10-21T17:24:28","modified_gmt":"2022-10-21T21:24:28","slug":"playaminitas","status":"publish","type":"page","link":"https:\/\/casadecampoliving.com\/es\/playaminitas\/","title":{"rendered":"Playa Minitas"},"content":{"rendered":"<div class=\"wp-block-image\">\n<figure class=\"aligncenter is-resized\"><img loading=\"lazy\" decoding=\"async\" src=\"https:\/\/i0.wp.com\/casadecampoliving-wp.s3-accelerate.amazonaws.com\/2012\/03\/minitas_beach_casa_de_campo1.jpg?resize=650%2C320&amp;ssl=1\" alt=\"minitas beach casa de campo\" class=\"wp-image-46946\" title=\"minitas_beach_casa_de_campo\" height=\"320\" width=\"650\" srcset=\"https:\/\/i0.wp.com\/casadecampoliving.com\/wp-content\/uploads\/2012\/03\/minitas_beach_casa_de_campo1.jpg?w=650&amp;ssl=1 650w, https:\/\/i0.wp.com\/casadecampoliving.com\/wp-content\/uploads\/2012\/03\/minitas_beach_casa_de_campo1.jpg?resize=300%2C147&amp;ssl=1 300w, https:\/\/i0.wp.com\/casadecampoliving-wp.s3-accelerate.amazonaws.com\/2012\/03\/minitas_beach_casa_de_campo1.jpg?w=370 370w, https:\/\/i0.wp.com\/casadecampoliving-wp.s3-accelerate.amazonaws.com\/2012\/03\/minitas_beach_casa_de_campo1.jpg?w=400 400w\" sizes=\"auto, (max-width: 650px) 100vw, 650px\" \/><\/figure>\n<\/div>\n\n\n<p>Con servicio de camareros disponibles hasta su <em>chaise longue<\/em>&nbsp;desde el restaurante Beach Club by Le Cirque o del Coco Mar Bar, al igual que divertidos juegos y actividades y deportes acu\u00e1ticos para entretener a los ni\u00f1os \u2013 la Playa Minitas, la playa privada de Casa de Campo, es el mejor lugar para relajarse!\n\n<span style=\"text-decoration: underline;\"><strong>Facilidades en Minitas<\/strong><\/span>\n\u2022 ba\u00f1os y duchas\n\u2022 deportes acu\u00e1ticos\n\u2022 \u00e1rea de juego para ni\u00f1os\n\u2022 &nbsp;servicio de camareros desde el Coco Mar Bar y el restaurante Beach Club by Le Cirque\n<\/p>\n\n\n\n<p><span style=\"text-decoration: underline;\"><strong>Deportes Acu\u00e1ticos&nbsp;<\/strong><\/span>\n<strong>Horario:<\/strong> 9am \u2013 6pm\n<strong>Tel:<\/strong> 809-523-2468\n<strong>Tarifas:\n<\/strong>\u2022 Flotantes: US$8 (todo el d\u00eda)\n\u2022 Snorkel: US$14 (todo el d\u00eda)\n\u2022 Kayak: US$28 (1h)\n\u2022 Kayak Doble: US$45 (1h)\n\u2022 Sunfish (velero): US$42 (1h)\n\u2022 Hobie Wave (velero): US$56 (1h)\n\u2022 Bote de Pedal: US$40 (1h)\n\u2022 Banana Boat: US$15 p\/p (m\u00ednimo de 3 personas \u2013 15mins)\n\u2022 Stand Up Paddle Boarding: US$30 (1hr)\n\u2022 Stand Up Paddle Boarding: US$18 (30min)\n\u2022&nbsp;Windsurfing: US$36 (1hr)\n\u2022&nbsp;Windsurfing: US$22 (30min)\n\u2022 Clase de Deportes&nbsp;Acu\u00e1ticos: US$31 (30min)<\/p>\n\n\n\n<p><strong><span style=\"text-decoration: underline;\">Rentas de biciletas<\/span>\n<\/strong>Las biciletas se rentan para uso por todo Casa de Campo, disponibles en Minitas.\nHorario: 9am \u2013 5pm\nTel: 809-523-2468\nCosto: US$26.00 (todo el d\u00eda)<\/p>\n\n\n\n<p><span style=\"text-decoration: underline;\"><strong>Actividades para ni\u00f1os\n<\/strong><\/span>El Hotel Casa de Campo ofrece un programa complementario de actividades para ni\u00f1os todos los d\u00edas en Minitas en La Palapa, la cual est\u00e1 ubicada al final de la playa Minitas, junto al \u00e1rea de juegos de ni\u00f1os.<\/p>\n\n\n\n<p>Haga click en la imagen siguiente para ver el completo programa de actividades para ni\u00f1os: <strong>\n<\/strong><\/p>\n\n\n\n<figure class=\"wp-block-image is-resized\"><img loading=\"lazy\" decoding=\"async\" src=\"https:\/\/i0.wp.com\/casadecampoliving.com\/wp-content\/uploads\/2022\/10\/minitas_beach_casa_de_campo-7.jpg?resize=800%2C892&amp;ssl=1\" alt=\"\" class=\"wp-image-394233\" height=\"892\" width=\"800\" srcset=\"https:\/\/i0.wp.com\/casadecampoliving.com\/wp-content\/uploads\/2022\/10\/minitas_beach_casa_de_campo-7.jpg?w=800&amp;ssl=1 800w, https:\/\/i0.wp.com\/casadecampoliving.com\/wp-content\/uploads\/2022\/10\/minitas_beach_casa_de_campo-7.jpg?resize=269%2C300&amp;ssl=1 269w, https:\/\/i0.wp.com\/casadecampoliving.com\/wp-content\/uploads\/2022\/10\/minitas_beach_casa_de_campo-7.jpg?resize=768%2C856&amp;ssl=1 768w, https:\/\/i0.wp.com\/casadecampoliving.com\/wp-content\/uploads\/2022\/10\/minitas_beach_casa_de_campo-7.jpg?resize=400%2C446&amp;ssl=1 400w, https:\/\/i0.wp.com\/casadecampoliving.com\/wp-content\/uploads\/2022\/10\/minitas_beach_casa_de_campo-7.jpg?resize=706%2C787&amp;ssl=1 706w, https:\/\/i0.wp.com\/casadecampoliving.com\/wp-content\/uploads\/2022\/10\/minitas_beach_casa_de_campo-7.jpg?resize=150%2C167&amp;ssl=1 150w, https:\/\/i0.wp.com\/casadecampoliving.com\/wp-content\/uploads\/2022\/10\/minitas_beach_casa_de_campo-7.jpg?w=370 370w\" sizes=\"auto, (max-width: 800px) 100vw, 800px\" \/><\/figure>\n\n\n\n<p><strong>\n<\/strong><\/p>\n\n\n\n<p dir=\"ltr\"><\/p>\n","protected":false},"excerpt":{"rendered":"<p>Con servicio de camareros disponibles hasta su chaise longue&nbsp;desde el restaurante Beach Club by Le Cirque o del Coco Mar Bar, al igual que divertidos juegos y actividades y deportes acu\u00e1ticos para entretener a los ni\u00f1os \u2013 la Playa Minitas, la playa privada de Casa de Campo, es el mejor lugar para relajarse! Facilidades en [&hellip;]<\/p>\n","protected":false},"author":31,"featured_media":46946,"parent":0,"menu_order":0,"comment_status":"closed","ping_status":"closed","template":"","meta":{"newspack_ads_suppress_ads":false,"newspack_popups_has_disabled_popups":false,"newspack_sponsor_sponsorship_scope":"","newspack_sponsor_native_byline_display":"inherit","newspack_sponsor_native_category_display":"inherit","newspack_sponsor_underwriter_style":"inherit","newspack_sponsor_underwriter_placement":"inherit","newspack_content_restriction_is_exempt":false,"newspack_featured_image_position":"","newspack_hide_page_title":false,"newspack_show_share_buttons":false,"footnotes":""},"newspack_spnsrs_tax":[],"class_list":["post-46956","page","type-page","status-publish","has-post-thumbnail","hentry","entry"],"yoast_head":"<!-- This site is optimized with the Yoast SEO plugin v27.4 - https:\/\/yoast.com\/product\/yoast-seo-wordpress\/ -->\n<title>Playa Minitas | Casa de Campo Living<\/title>\n<meta name=\"description\" content=\"Con servicio de camareros disponibles hasta su chaise longue&nbsp;desde el restaurante Beach Club by Le Cirque o del Coco Mar Bar, al igual que divertidos\" \/>\n<meta name=\"robots\" content=\"index, follow, max-snippet:-1, max-image-preview:large, max-video-preview:-1\" \/>\n<link rel=\"canonical\" href=\"https:\/\/casadecampoliving.com\/es\/playaminitas\/\" \/>\n<meta property=\"og:locale\" content=\"es_ES\" \/>\n<meta property=\"og:type\" content=\"article\" \/>\n<meta property=\"og:title\" content=\"Playa Minitas | Casa de Campo Living\" \/>\n<meta property=\"og:description\" content=\"Con servicio de camareros disponibles hasta su chaise longue&nbsp;desde el restaurante Beach Club by Le Cirque o del Coco Mar Bar, al igual que divertidos\" \/>\n<meta property=\"og:url\" content=\"https:\/\/casadecampoliving.com\/es\/playaminitas\/\" \/>\n<meta property=\"og:site_name\" content=\"Casa de Campo Living\" \/>\n<meta property=\"article:publisher\" content=\"https:\/\/www.facebook.com\/casadecampoliving\" \/>\n<meta property=\"article:modified_time\" content=\"2022-10-21T21:24:28+00:00\" \/>\n<meta property=\"og:image\" content=\"https:\/\/i0.wp.com\/casadecampoliving.com\/wp-content\/uploads\/2012\/03\/minitas_beach_casa_de_campo1.jpg?fit=650%2C320&ssl=1\" \/>\n\t<meta property=\"og:image:width\" content=\"650\" \/>\n\t<meta property=\"og:image:height\" content=\"320\" \/>\n\t<meta property=\"og:image:type\" content=\"image\/jpeg\" \/>\n<meta name=\"twitter:card\" content=\"summary_large_image\" \/>\n<meta name=\"twitter:site\" content=\"@cdcliving\" \/>\n<meta name=\"twitter:label1\" content=\"Tiempo de lectura\" \/>\n\t<meta name=\"twitter:data1\" content=\"1 minuto\" \/>\n<script type=\"application\/ld+json\" class=\"yoast-schema-graph\">{\"@context\":\"https:\\\/\\\/schema.org\",\"@graph\":[{\"@type\":\"WebPage\",\"@id\":\"https:\\\/\\\/casadecampoliving.com\\\/es\\\/playaminitas\\\/\",\"url\":\"https:\\\/\\\/casadecampoliving.com\\\/es\\\/playaminitas\\\/\",\"name\":\"Playa Minitas | Casa de Campo Living\",\"isPartOf\":{\"@id\":\"https:\\\/\\\/casadecampoliving.com\\\/es\\\/#website\"},\"primaryImageOfPage\":{\"@id\":\"https:\\\/\\\/casadecampoliving.com\\\/es\\\/playaminitas\\\/#primaryimage\"},\"image\":{\"@id\":\"https:\\\/\\\/casadecampoliving.com\\\/es\\\/playaminitas\\\/#primaryimage\"},\"thumbnailUrl\":\"https:\\\/\\\/i0.wp.com\\\/casadecampoliving.com\\\/wp-content\\\/uploads\\\/2012\\\/03\\\/minitas_beach_casa_de_campo1.jpg?fit=650%2C320&ssl=1\",\"datePublished\":\"2012-03-20T22:30:40+00:00\",\"dateModified\":\"2022-10-21T21:24:28+00:00\",\"description\":\"Con servicio de camareros disponibles hasta su chaise longue&nbsp;desde el restaurante Beach Club by Le Cirque o del Coco Mar Bar, al igual que divertidos\",\"breadcrumb\":{\"@id\":\"https:\\\/\\\/casadecampoliving.com\\\/es\\\/playaminitas\\\/#breadcrumb\"},\"inLanguage\":\"es\",\"potentialAction\":[{\"@type\":\"ReadAction\",\"target\":[\"https:\\\/\\\/casadecampoliving.com\\\/es\\\/playaminitas\\\/\"]}]},{\"@type\":\"ImageObject\",\"inLanguage\":\"es\",\"@id\":\"https:\\\/\\\/casadecampoliving.com\\\/es\\\/playaminitas\\\/#primaryimage\",\"url\":\"https:\\\/\\\/i0.wp.com\\\/casadecampoliving.com\\\/wp-content\\\/uploads\\\/2012\\\/03\\\/minitas_beach_casa_de_campo1.jpg?fit=650%2C320&ssl=1\",\"contentUrl\":\"https:\\\/\\\/i0.wp.com\\\/casadecampoliving.com\\\/wp-content\\\/uploads\\\/2012\\\/03\\\/minitas_beach_casa_de_campo1.jpg?fit=650%2C320&ssl=1\",\"width\":\"650\",\"height\":\"320\",\"caption\":\"minitas beach casa de campo\"},{\"@type\":\"BreadcrumbList\",\"@id\":\"https:\\\/\\\/casadecampoliving.com\\\/es\\\/playaminitas\\\/#breadcrumb\",\"itemListElement\":[{\"@type\":\"ListItem\",\"position\":1,\"name\":\"Home\",\"item\":\"https:\\\/\\\/casadecampoliving.com\\\/es\\\/\"},{\"@type\":\"ListItem\",\"position\":2,\"name\":\"Playa Minitas\"}]},{\"@type\":\"WebSite\",\"@id\":\"https:\\\/\\\/casadecampoliving.com\\\/es\\\/#website\",\"url\":\"https:\\\/\\\/casadecampoliving.com\\\/es\\\/\",\"name\":\"Casa de Campo Living\",\"description\":\"Resort community news and resources.\",\"publisher\":{\"@id\":\"https:\\\/\\\/casadecampoliving.com\\\/es\\\/#organization\"},\"potentialAction\":[{\"@type\":\"SearchAction\",\"target\":{\"@type\":\"EntryPoint\",\"urlTemplate\":\"https:\\\/\\\/casadecampoliving.com\\\/es\\\/?s={search_term_string}\"},\"query-input\":{\"@type\":\"PropertyValueSpecification\",\"valueRequired\":true,\"valueName\":\"search_term_string\"}}],\"inLanguage\":\"es\"},{\"@type\":\"Organization\",\"@id\":\"https:\\\/\\\/casadecampoliving.com\\\/es\\\/#organization\",\"name\":\"Casa de Campo Living\",\"url\":\"https:\\\/\\\/casadecampoliving.com\\\/es\\\/\",\"logo\":{\"@type\":\"ImageObject\",\"inLanguage\":\"es\",\"@id\":\"https:\\\/\\\/casadecampoliving.com\\\/es\\\/#\\\/schema\\\/logo\\\/image\\\/\",\"url\":\"https:\\\/\\\/i0.wp.com\\\/casadecampoliving.com\\\/wp-content\\\/uploads\\\/2022\\\/07\\\/CDCLivingLogo_V1-white-sized.png?fit=800%2C214&ssl=1\",\"contentUrl\":\"https:\\\/\\\/i0.wp.com\\\/casadecampoliving.com\\\/wp-content\\\/uploads\\\/2022\\\/07\\\/CDCLivingLogo_V1-white-sized.png?fit=800%2C214&ssl=1\",\"width\":800,\"height\":214,\"caption\":\"Casa de Campo Living\"},\"image\":{\"@id\":\"https:\\\/\\\/casadecampoliving.com\\\/es\\\/#\\\/schema\\\/logo\\\/image\\\/\"},\"sameAs\":[\"https:\\\/\\\/www.facebook.com\\\/casadecampoliving\",\"https:\\\/\\\/x.com\\\/cdcliving\"]}]}<\/script>\n<!-- \/ Yoast SEO plugin. -->","yoast_head_json":{"title":"Playa Minitas | Casa de Campo Living","description":"Con servicio de camareros disponibles hasta su chaise longue&nbsp;desde el restaurante Beach Club by Le Cirque o del Coco Mar Bar, al igual que divertidos","robots":{"index":"index","follow":"follow","max-snippet":"max-snippet:-1","max-image-preview":"max-image-preview:large","max-video-preview":"max-video-preview:-1"},"canonical":"https:\/\/casadecampoliving.com\/es\/playaminitas\/","og_locale":"es_ES","og_type":"article","og_title":"Playa Minitas | Casa de Campo Living","og_description":"Con servicio de camareros disponibles hasta su chaise longue&nbsp;desde el restaurante Beach Club by Le Cirque o del Coco Mar Bar, al igual que divertidos","og_url":"https:\/\/casadecampoliving.com\/es\/playaminitas\/","og_site_name":"Casa de Campo Living","article_publisher":"https:\/\/www.facebook.com\/casadecampoliving","article_modified_time":"2022-10-21T21:24:28+00:00","og_image":[{"width":650,"height":320,"url":"https:\/\/i0.wp.com\/casadecampoliving.com\/wp-content\/uploads\/2012\/03\/minitas_beach_casa_de_campo1.jpg?fit=650%2C320&ssl=1","type":"image\/jpeg"}],"twitter_card":"summary_large_image","twitter_site":"@cdcliving","twitter_misc":{"Tiempo de lectura":"1 minuto"},"schema":{"@context":"https:\/\/schema.org","@graph":[{"@type":"WebPage","@id":"https:\/\/casadecampoliving.com\/es\/playaminitas\/","url":"https:\/\/casadecampoliving.com\/es\/playaminitas\/","name":"Playa Minitas | Casa de Campo Living","isPartOf":{"@id":"https:\/\/casadecampoliving.com\/es\/#website"},"primaryImageOfPage":{"@id":"https:\/\/casadecampoliving.com\/es\/playaminitas\/#primaryimage"},"image":{"@id":"https:\/\/casadecampoliving.com\/es\/playaminitas\/#primaryimage"},"thumbnailUrl":"https:\/\/i0.wp.com\/casadecampoliving.com\/wp-content\/uploads\/2012\/03\/minitas_beach_casa_de_campo1.jpg?fit=650%2C320&ssl=1","datePublished":"2012-03-20T22:30:40+00:00","dateModified":"2022-10-21T21:24:28+00:00","description":"Con servicio de camareros disponibles hasta su chaise longue&nbsp;desde el restaurante Beach Club by Le Cirque o del Coco Mar Bar, al igual que divertidos","breadcrumb":{"@id":"https:\/\/casadecampoliving.com\/es\/playaminitas\/#breadcrumb"},"inLanguage":"es","potentialAction":[{"@type":"ReadAction","target":["https:\/\/casadecampoliving.com\/es\/playaminitas\/"]}]},{"@type":"ImageObject","inLanguage":"es","@id":"https:\/\/casadecampoliving.com\/es\/playaminitas\/#primaryimage","url":"https:\/\/i0.wp.com\/casadecampoliving.com\/wp-content\/uploads\/2012\/03\/minitas_beach_casa_de_campo1.jpg?fit=650%2C320&ssl=1","contentUrl":"https:\/\/i0.wp.com\/casadecampoliving.com\/wp-content\/uploads\/2012\/03\/minitas_beach_casa_de_campo1.jpg?fit=650%2C320&ssl=1","width":"650","height":"320","caption":"minitas beach casa de campo"},{"@type":"BreadcrumbList","@id":"https:\/\/casadecampoliving.com\/es\/playaminitas\/#breadcrumb","itemListElement":[{"@type":"ListItem","position":1,"name":"Home","item":"https:\/\/casadecampoliving.com\/es\/"},{"@type":"ListItem","position":2,"name":"Playa Minitas"}]},{"@type":"WebSite","@id":"https:\/\/casadecampoliving.com\/es\/#website","url":"https:\/\/casadecampoliving.com\/es\/","name":"Casa de Campo Living","description":"Resort community news and resources.","publisher":{"@id":"https:\/\/casadecampoliving.com\/es\/#organization"},"potentialAction":[{"@type":"SearchAction","target":{"@type":"EntryPoint","urlTemplate":"https:\/\/casadecampoliving.com\/es\/?s={search_term_string}"},"query-input":{"@type":"PropertyValueSpecification","valueRequired":true,"valueName":"search_term_string"}}],"inLanguage":"es"},{"@type":"Organization","@id":"https:\/\/casadecampoliving.com\/es\/#organization","name":"Casa de Campo Living","url":"https:\/\/casadecampoliving.com\/es\/","logo":{"@type":"ImageObject","inLanguage":"es","@id":"https:\/\/casadecampoliving.com\/es\/#\/schema\/logo\/image\/","url":"https:\/\/i0.wp.com\/casadecampoliving.com\/wp-content\/uploads\/2022\/07\/CDCLivingLogo_V1-white-sized.png?fit=800%2C214&ssl=1","contentUrl":"https:\/\/i0.wp.com\/casadecampoliving.com\/wp-content\/uploads\/2022\/07\/CDCLivingLogo_V1-white-sized.png?fit=800%2C214&ssl=1","width":800,"height":214,"caption":"Casa de Campo Living"},"image":{"@id":"https:\/\/casadecampoliving.com\/es\/#\/schema\/logo\/image\/"},"sameAs":["https:\/\/www.facebook.com\/casadecampoliving","https:\/\/x.com\/cdcliving"]}]}},"parsely":{"version":"1.1.0","canonical_url":"https:\/\/casadecampoliving.com\/es\/playaminitas\/","smart_links":{"inbound":0,"outbound":0},"traffic_boost_suggestions_count":0,"meta":{"@context":"https:\/\/schema.org","@type":"WebPage","headline":"Playa Minitas","url":"http:\/\/casadecampoliving.com\/es\/playaminitas\/","mainEntityOfPage":{"@type":"WebPage","@id":"http:\/\/casadecampoliving.com\/es\/playaminitas\/"},"thumbnailUrl":"https:\/\/i0.wp.com\/casadecampoliving.com\/wp-content\/uploads\/2012\/03\/minitas_beach_casa_de_campo1.jpg?resize=150%2C150&ssl=1","image":{"@type":"ImageObject","url":"https:\/\/i0.wp.com\/casadecampoliving.com\/wp-content\/uploads\/2012\/03\/minitas_beach_casa_de_campo1.jpg?fit=650%2C320&ssl=1"},"articleSection":"Uncategorized @es","author":[{"@type":"Person","name":"Rebecca Silvestri"}],"creator":["Rebecca Silvestri"],"publisher":{"@type":"Organization","name":"Casa de Campo Living","logo":"https:\/\/casadecampoliving.com\/wp-content\/uploads\/2022\/07\/CDCLivingLogo_V1-white-sized.png"},"keywords":[],"dateCreated":"2012-03-20T22:30:40Z","datePublished":"2012-03-20T22:30:40Z","dateModified":"2022-10-21T21:24:28Z"},"rendered":"<script type=\"application\/ld+json\" class=\"wp-parsely-metadata\">{\"@context\":\"https:\\\/\\\/schema.org\",\"@type\":\"WebPage\",\"headline\":\"Playa Minitas\",\"url\":\"http:\\\/\\\/casadecampoliving.com\\\/es\\\/playaminitas\\\/\",\"mainEntityOfPage\":{\"@type\":\"WebPage\",\"@id\":\"http:\\\/\\\/casadecampoliving.com\\\/es\\\/playaminitas\\\/\"},\"thumbnailUrl\":\"https:\\\/\\\/i0.wp.com\\\/casadecampoliving.com\\\/wp-content\\\/uploads\\\/2012\\\/03\\\/minitas_beach_casa_de_campo1.jpg?resize=150%2C150&ssl=1\",\"image\":{\"@type\":\"ImageObject\",\"url\":\"https:\\\/\\\/i0.wp.com\\\/casadecampoliving.com\\\/wp-content\\\/uploads\\\/2012\\\/03\\\/minitas_beach_casa_de_campo1.jpg?fit=650%2C320&ssl=1\"},\"articleSection\":\"Uncategorized @es\",\"author\":[{\"@type\":\"Person\",\"name\":\"Rebecca Silvestri\"}],\"creator\":[\"Rebecca Silvestri\"],\"publisher\":{\"@type\":\"Organization\",\"name\":\"Casa de Campo Living\",\"logo\":\"https:\\\/\\\/casadecampoliving.com\\\/wp-content\\\/uploads\\\/2022\\\/07\\\/CDCLivingLogo_V1-white-sized.png\"},\"keywords\":[],\"dateCreated\":\"2012-03-20T22:30:40Z\",\"datePublished\":\"2012-03-20T22:30:40Z\",\"dateModified\":\"2022-10-21T21:24:28Z\"}<\/script>","tracker_url":"https:\/\/cdn.parsely.com\/keys\/casadecampoliving.com\/p.js"},"jetpack-related-posts":[{"id":56809,"url":"https:\/\/casadecampoliving.com\/es\/tormenta-tropical-isaac\/","url_meta":{"origin":46956,"position":0},"title":"Casa de Campo durante tormenta tropical Isaac","author":"Rebecca Silvestri","date":"24 Ago, 2012","format":false,"excerpt":"Aqu\u00ed les traemos noticias de todos los servicios y restaurantes en Casa de Campo \u2013 durante\u00a0el paso de la tormenta tropical isaac: NOTA:\u00a0Dependiendo en las condici\u00f3nes del clima esta informaci\u00f3n esta sujeto a cambios! Para confirmar por favor llamar ext. 0 Seguridad de Casa de Campo: bomberos y ambulancia \u2022\u2026","rel":"","context":"Entrada similar","block_context":{"text":"Entrada similar","link":""},"img":{"alt_text":"","src":"","width":0,"height":0},"classes":[]},{"id":54933,"url":"https:\/\/casadecampoliving.com\/es\/deportes\/","url_meta":{"origin":46956,"position":1},"title":"Casa de Campo deportes y actividades","author":"Rebecca Silvestri","date":"24 Jul, 2012","format":false,"excerpt":"En el resort de Casa de Campo hay muchos deportes y actividades para disfrutar: golf, tenis, tiro, paseo en kayak, equitaci\u00f3n, navigaci\u00f3n y m\u00e1s Aqu\u00ed les traemos todas las tarifas y\u00a0informaciones de las varias actividades: Casa de Campo GolfEl resort Casa de Campo cuenta con 90 hoyos dise\u00f1ados por Pete\u2026","rel":"","context":"Entrada similar","block_context":{"text":"Entrada similar","link":""},"img":{"alt_text":"","src":"https:\/\/i0.wp.com\/casadecampoliving.com\/wp-content\/uploads\/2012\/07\/kayak_rio_chavon.jpg?fit=1200%2C955&ssl=1&resize=350%2C200","width":350,"height":200,"srcset":"https:\/\/i0.wp.com\/casadecampoliving.com\/wp-content\/uploads\/2012\/07\/kayak_rio_chavon.jpg?fit=1200%2C955&ssl=1&resize=350%2C200 1x, https:\/\/i0.wp.com\/casadecampoliving.com\/wp-content\/uploads\/2012\/07\/kayak_rio_chavon.jpg?fit=1200%2C955&ssl=1&resize=525%2C300 1.5x, https:\/\/i0.wp.com\/casadecampoliving.com\/wp-content\/uploads\/2012\/07\/kayak_rio_chavon.jpg?fit=1200%2C955&ssl=1&resize=700%2C400 2x, https:\/\/i0.wp.com\/casadecampoliving.com\/wp-content\/uploads\/2012\/07\/kayak_rio_chavon.jpg?fit=1200%2C955&ssl=1&resize=1050%2C600 3x"},"classes":[]},{"id":82246,"url":"https:\/\/casadecampoliving.com\/es\/menus-festivos-2013\/","url_meta":{"origin":46956,"position":2},"title":"Casa de Campo men\u00fas festivos para diciembre","author":"Rebecca Silvestri","date":"5 Dic, 2013","format":false,"excerpt":"La Noche Buena Una variedad de diferentes men\u00fas estar\u00e1n disponibles para disfrutar esta navidad con su familia y amigos. Escoja entre Beach Club by le Cirque en Minitas Beach, La Casita en la Marina Casa de Campo, La Piazzetta en Altos de Chav\u00f3n, as\u00ed como tambi\u00e9n La Ca\u00f1a by il\u2026","rel":"","context":"Entrada similar","block_context":{"text":"Entrada similar","link":""},"img":{"alt_text":"lamb","src":"https:\/\/i0.wp.com\/casadecampoliving.com\/wp-content\/uploads\/2013\/07\/lamb.jpg?fit=620%2C465&ssl=1&resize=350%2C200","width":350,"height":200,"srcset":"https:\/\/i0.wp.com\/casadecampoliving.com\/wp-content\/uploads\/2013\/07\/lamb.jpg?fit=620%2C465&ssl=1&resize=350%2C200 1x, https:\/\/i0.wp.com\/casadecampoliving.com\/wp-content\/uploads\/2013\/07\/lamb.jpg?fit=620%2C465&ssl=1&resize=525%2C300 1.5x"},"classes":[]},{"id":46918,"url":"https:\/\/casadecampoliving.com\/es\/gastronomia\/","url_meta":{"origin":46956,"position":3},"title":"Gastronom\u00eda","author":"Rebecca Silvestri","date":"20 Mar, 2012","format":false,"excerpt":"Dentro del resort Casa de Campo, existen m\u00e1s de 22 restaurantes, bares y caf\u00e9s \u2013 ofreciendo a la comunidad de Casa de Campo, al igual que sus visitantes y hu\u00e9spedes, una variedad de opciones gastron\u00f3micas \u2013 tanto casuales como de gala, y diversas selecciones de cocinas italianas, internacionales, del mediterr\u00e1neo,\u2026","rel":"","context":"En \u00abRestaurantes\u00bb","block_context":{"text":"Restaurantes","link":"https:\/\/casadecampoliving.com\/es\/category\/restaurantes-es\/"},"img":{"alt_text":"gino in trastevere altos de chavon","src":"https:\/\/i0.wp.com\/casadecampoliving.com\/wp-content\/uploads\/2012\/03\/gino_in_trastevere_altos_de_chavon2.jpg?fit=650%2C376&ssl=1&resize=350%2C200","width":350,"height":200,"srcset":"https:\/\/i0.wp.com\/casadecampoliving.com\/wp-content\/uploads\/2012\/03\/gino_in_trastevere_altos_de_chavon2.jpg?fit=650%2C376&ssl=1&resize=350%2C200 1x, https:\/\/i0.wp.com\/casadecampoliving.com\/wp-content\/uploads\/2012\/03\/gino_in_trastevere_altos_de_chavon2.jpg?fit=650%2C376&ssl=1&resize=525%2C300 1.5x"},"classes":[]},{"id":37540,"url":"https:\/\/casadecampoliving.com\/es\/joly-day\/","url_meta":{"origin":46956,"position":4},"title":"Joli-Day Beach: S\u00e1bado 26 de Nov.","author":"Ms. K","date":"15 Nov, 2011","format":false,"excerpt":"Por segundo a\u00f1o consecutivo, Casa de Campo Living regresa con \u201cJoli-Day Beach\u201d, evento anual que, en esta ocasi\u00f3n, se celebrar\u00e1 el pr\u00f3ximo s\u00e1bado 26 de noviembre. Joli-Day BeachFecha:\u00a0S\u00e1bado 26 de noviembreHora:\u00a010:00AM \u2013 6:00PMLugar:\u00a0Playa Minitas, Casa de CampoQue:\u00a0\u2022 Parque de juegos\u00a0acu\u00e1ticos;\u00a0tobog\u00e1n de agua y un bungee run!\u2022 Torneo de Voleibol Playero\u2022\u2026","rel":"","context":"Entrada similar","block_context":{"text":"Entrada similar","link":""},"img":{"alt_text":"joli-day beach casa de campo","src":"https:\/\/i0.wp.com\/casadecampoliving.com\/wp-content\/uploads\/2011\/11\/joli-day_beach_casa_de_campo_ESP.jpg?fit=650%2C598&ssl=1&resize=350%2C200","width":350,"height":200,"srcset":"https:\/\/i0.wp.com\/casadecampoliving.com\/wp-content\/uploads\/2011\/11\/joli-day_beach_casa_de_campo_ESP.jpg?fit=650%2C598&ssl=1&resize=350%2C200 1x, https:\/\/i0.wp.com\/casadecampoliving.com\/wp-content\/uploads\/2011\/11\/joli-day_beach_casa_de_campo_ESP.jpg?fit=650%2C598&ssl=1&resize=525%2C300 1.5x"},"classes":[]},{"id":41527,"url":"https:\/\/casadecampoliving.com\/es\/bares-y-restaurantes\/","url_meta":{"origin":46956,"position":5},"title":"Bares y restaurantes","author":"","date":"27 Dic, 2011","format":false,"excerpt":"\u00a0Altos de Chav\u00f3nGINO IN TRASTEVERE \u2022 Exquisita comida italiana \u2022 pizza \u2022 pasta \u2022 mariscos \u2022 carnes \u2022 Plaza Altos de Chav\u00f3n, Casa de Campo Tel:\u00a0809-523-1825 Horario: 12pm \u2013 11:30pm: viernes \u2013 lunes 5pm \u2013 11:30pm: martes y jueves Cerrado mi\u00e9rcoles Haga click aqu\u00ed para m\u00e1s info!\u00a0LA PIAZZETA \u2022 comida\u2026","rel":"","context":"Entrada similar","block_context":{"text":"Entrada similar","link":""},"img":{"alt_text":"","src":"","width":0,"height":0},"classes":[]}],"jetpack_sharing_enabled":true,"_links":{"self":[{"href":"https:\/\/casadecampoliving.com\/es\/wp-json\/wp\/v2\/pages\/46956","targetHints":{"allow":["GET"]}}],"collection":[{"href":"https:\/\/casadecampoliving.com\/es\/wp-json\/wp\/v2\/pages"}],"about":[{"href":"https:\/\/casadecampoliving.com\/es\/wp-json\/wp\/v2\/types\/page"}],"author":[{"embeddable":true,"href":"https:\/\/casadecampoliving.com\/es\/wp-json\/wp\/v2\/users\/31"}],"replies":[{"embeddable":true,"href":"https:\/\/casadecampoliving.com\/es\/wp-json\/wp\/v2\/comments?post=46956"}],"version-history":[{"count":0,"href":"https:\/\/casadecampoliving.com\/es\/wp-json\/wp\/v2\/pages\/46956\/revisions"}],"wp:featuredmedia":[{"embeddable":true,"href":"https:\/\/casadecampoliving.com\/es\/wp-json\/wp\/v2\/media\/46946"}],"wp:attachment":[{"href":"https:\/\/casadecampoliving.com\/es\/wp-json\/wp\/v2\/media?parent=46956"}],"wp:term":[{"taxonomy":"newspack_spnsrs_tax","embeddable":true,"href":"https:\/\/casadecampoliving.com\/es\/wp-json\/wp\/v2\/newspack_spnsrs_tax?post=46956"}],"curies":[{"name":"wp","href":"https:\/\/api.w.org\/{rel}","templated":true}]}}