{"id":46918,"date":"2012-03-20T16:39:59","date_gmt":"2012-03-20T20:39:59","guid":{"rendered":"http:\/\/casadecampoliving.com\/?page_id=46918"},"modified":"2022-10-21T17:24:21","modified_gmt":"2022-10-21T21:24:21","slug":"gastronomia","status":"publish","type":"page","link":"https:\/\/casadecampoliving.com\/es\/gastronomia\/","title":{"rendered":"Gastronom\u00eda"},"content":{"rendered":"<div class=\"wp-block-image\">\n<figure class=\"aligncenter is-resized\"><img loading=\"lazy\" decoding=\"async\" src=\"https:\/\/i0.wp.com\/casadecampoliving-wp.s3-accelerate.amazonaws.com\/2012\/03\/gino_in_trastevere_altos_de_chavon2.jpg?resize=650%2C376&amp;ssl=1\" alt=\"gino in trastevere altos de chavon\" class=\"wp-image-46911\" title=\"gino_in_trastevere_altos_de_chavon\" height=\"376\" width=\"650\" srcset=\"https:\/\/i0.wp.com\/casadecampoliving.com\/wp-content\/uploads\/2012\/03\/gino_in_trastevere_altos_de_chavon2.jpg?w=650&amp;ssl=1 650w, https:\/\/i0.wp.com\/casadecampoliving.com\/wp-content\/uploads\/2012\/03\/gino_in_trastevere_altos_de_chavon2.jpg?resize=300%2C173&amp;ssl=1 300w, https:\/\/i0.wp.com\/casadecampoliving-wp.s3-accelerate.amazonaws.com\/2012\/03\/gino_in_trastevere_altos_de_chavon2.jpg?w=370 370w, https:\/\/i0.wp.com\/casadecampoliving-wp.s3-accelerate.amazonaws.com\/2012\/03\/gino_in_trastevere_altos_de_chavon2.jpg?w=400 400w\" sizes=\"auto, (max-width: 650px) 100vw, 650px\" \/><\/figure>\n<\/div>\n\n\n<p class=\"has-text-align-left\">Dentro del resort Casa de Campo, existen m\u00e1s de 22 restaurantes, bares y caf\u00e9s \u2013 ofreciendo a la comunidad de Casa de Campo, al igual que sus visitantes y hu\u00e9spedes, una variedad de opciones gastron\u00f3micas \u2013 tanto casuales como de gala, y diversas selecciones de cocinas italianas, internacionales, del mediterr\u00e1neo, as\u00ed como aquellas criollas o latinas caracter\u00edsticas del Caribe.<\/p>\n\n\n\n<p><em><strong><a href=\"http:\/\/www.todocasadecampo.com\/es\/directory\" target=\"_blank\">Para ver la lista completa de restaurantes disponibles en Casa de Campo, haga click aqu\u00ed!<\/a><\/strong><\/em><\/p>\n\n\n\n<blockquote class=\"wp-block-quote is-layout-flow wp-block-quote-is-layout-flow\"><p><strong>Los restaurantes m\u00e1s populares de Casa de Campo!<br>\n<\/strong><em>Mientras que hay numerosas y grandes opciones, nuestros favoritos son: <\/em><\/p><p>\u2022 <strong>Gino In Trastevere in Altos de Chav\u00f3n<\/strong> \u2013 para una aut\u00e9ntica comida italiana<br>\n<a href=\"http:\/\/wp.me\/P1kvEy-a6N\">Haga click aqu\u00ed para conocer m\u00e1s!<\/a><\/p><p>\u2022 <strong>La Enoteca en La Marina Casa de Campo<\/strong> \u2013 A\u00fan cuando no se trata de un restaurante, es un fant\u00e1stico bar de vinos y licores que figura como un punto ideal para comer, aqu\u00ed puede disfrutar de los mejores vinos y de la comida de los restaurantes que le rodean.<br>\n<a href=\"http:\/\/wp.me\/P1kvEy-bun\">Haga click aqu\u00ed para m\u00e1s informaci\u00f3n!<\/a><\/p><p>\u2022 <strong>El Beach Club by Le Cirque en Playa Minitas<\/strong> \u2013 ubicado al lado derech de la playa, nada supera el ambiente y la excelente comida del lugar!<br>\n<a href=\"https:\/\/casadecampoliving.com\/2010\/09\/the-beach-club-by-le-cirque-my-favourite-foods\/\">Haga click aqu\u00ed para m\u00e1s informaci\u00f3n <\/a><\/p><\/blockquote>\n\n\n\n<blockquote class=\"wp-block-quote is-layout-flow wp-block-quote-is-layout-flow\"><p><strong>Restaurantes del Hotel Casa de Campo<br>\n<\/strong><em>Restaurantes\/bares que son administrados y son propiedad del hotel Casa de Campo est\u00e1n dentro del paquete de todo incluido, y estos son: <\/em><\/p><p>\u2022 Beach Club by Le Cirque en Minitas<br>\n\u2022 Coco Mar Bar en Minitas<br>\n\u2022 La Ca\u00f1a Restaurante y Bar by Il Circo en el Hotel Casa de Campo<br>\n\u2022 La Piazzetta en Altos de Chav\u00f3n<br>\n\u2022 The Teeth of the Dog bar hoyo 19 hole en el Pro-Shop del Teeth of the Dog<br>\n\u2022 Lago Grill cerca del Pro-Shop del Teeth of the Dog<br>\n\u2022 Chinois en La Marina Casa de Campo<br>\n\u2022 La Casita en La Marina Casa de Campo<\/p><\/blockquote>\n\n\n\n<blockquote class=\"wp-block-quote is-layout-flow wp-block-quote-is-layout-flow\"><p><strong>Comer y Cenar fuera del Resort Casa de Campo<br>\n<\/strong><em>A estos puntos gaston\u00f3micos ubicados dentro del resort Casa de Campo, se le agregan un sin n\u00famero de restaurantes ubicados en La Romana, al igual que en Bayahibe y Santo Domingo, populares entre los gustos de los residentes y visitantes de Casa de Campo (incluy\u00e9ndonos). <\/em><\/p><p>Algunos de nuestros favoritos son:<br>\n\u2022 Dom Ham en La Romana \u2013 <a href=\"http:\/\/wp.me\/p1kvEy-ceW\">haga click aqu\u00ed para leer review<\/a><br>\n\u2022 Paco Taco en San Pedro de Macoris \u2013 <a href=\"https:\/\/casadecampoliving.com\/es\/2012\/03\/casa-de-campo-living-recomienda-paco-taco-un-autentico-restaurante-mexicano-en-san-pedro\/\">haga click aqu\u00ed para leer review<\/a><br>\n\u2022 Cafecito de la Cubana en Bayahibe \u2013 <a href=\"https:\/\/casadecampoliving.com\/es\/2012\/02\/casa-de-campo-living-recomienda-el-tropical-cafecito-de-la-cubana\/\">haga click aqu\u00ed para leer review<\/a><br>\n\u2022 Mare Nostrum en Bayahibe \u2013 <a href=\"https:\/\/casadecampoliving.com\/es\/2011\/03\/casa-de-campo-living-recomienda-mare-nostrum\/\">haga click aqu\u00ed para leer review <\/a><br>\n\u2022 La Casita en La Romana \u2013 <a href=\"https:\/\/casadecampoliving.com\/es\/2011\/10\/la-casita-en-la-romana-uno-de-los-tesoros-italianos-del-pueblo-2\/\">haga click aqu\u00ed para leer review&nbsp;<\/a><\/p><\/blockquote>\n\n\n\n<p>Debajo encontrar\u00e1 los enlaces a art\u00edculos recientes sobre los restaurantes de Casa de Campo y otros puntos gastron\u00f3micos populares de la Rep\u00fablica Dominicana:<\/p>\n","protected":false},"excerpt":{"rendered":"<p>Dentro del resort Casa de Campo, existen m\u00e1s de 22 restaurantes, bares y caf\u00e9s \u2013 ofreciendo a la comunidad de Casa de Campo, al igual que sus visitantes y hu\u00e9spedes, una variedad de opciones gastron\u00f3micas \u2013 tanto casuales como de gala, y diversas selecciones de cocinas italianas, internacionales, del mediterr\u00e1neo, as\u00ed como aquellas criollas o [&hellip;]<\/p>\n","protected":false},"author":31,"featured_media":46911,"parent":0,"menu_order":0,"comment_status":"closed","ping_status":"closed","template":"","meta":{"newspack_ads_suppress_ads":false,"newspack_popups_has_disabled_popups":false,"newspack_sponsor_sponsorship_scope":"","newspack_sponsor_native_byline_display":"inherit","newspack_sponsor_native_category_display":"inherit","newspack_sponsor_underwriter_style":"inherit","newspack_sponsor_underwriter_placement":"inherit","newspack_content_restriction_is_exempt":false,"newspack_featured_image_position":"","newspack_hide_page_title":false,"newspack_show_share_buttons":false,"footnotes":""},"newspack_spnsrs_tax":[],"class_list":["post-46918","page","type-page","status-publish","has-post-thumbnail","hentry","entry"],"yoast_head":"<!-- This site is optimized with the Yoast SEO plugin v27.3 - https:\/\/yoast.com\/product\/yoast-seo-wordpress\/ -->\n<title>Gastronom\u00eda | Casa de Campo Living<\/title>\n<meta name=\"description\" content=\"Dentro del resort Casa de Campo, existen m\u00e1s de 22 restaurantes, bares y caf\u00e9s \u2013 ofreciendo a la comunidad de Casa de Campo, al igual que sus visitantes y\" \/>\n<meta name=\"robots\" content=\"index, follow, max-snippet:-1, max-image-preview:large, max-video-preview:-1\" \/>\n<link rel=\"canonical\" href=\"https:\/\/casadecampoliving.com\/es\/gastronomia\/\" \/>\n<meta property=\"og:locale\" content=\"es_ES\" \/>\n<meta property=\"og:type\" content=\"article\" \/>\n<meta property=\"og:title\" content=\"Gastronom\u00eda | Casa de Campo Living\" \/>\n<meta property=\"og:description\" content=\"Dentro del resort Casa de Campo, existen m\u00e1s de 22 restaurantes, bares y caf\u00e9s \u2013 ofreciendo a la comunidad de Casa de Campo, al igual que sus visitantes y\" \/>\n<meta property=\"og:url\" content=\"https:\/\/casadecampoliving.com\/es\/gastronomia\/\" \/>\n<meta property=\"og:site_name\" content=\"Casa de Campo Living\" \/>\n<meta property=\"article:publisher\" content=\"https:\/\/www.facebook.com\/casadecampoliving\" \/>\n<meta property=\"article:modified_time\" content=\"2022-10-21T21:24:21+00:00\" \/>\n<meta property=\"og:image\" content=\"https:\/\/i0.wp.com\/casadecampoliving.com\/wp-content\/uploads\/2012\/03\/gino_in_trastevere_altos_de_chavon2.jpg?fit=650%2C376&ssl=1\" \/>\n\t<meta property=\"og:image:width\" content=\"650\" \/>\n\t<meta property=\"og:image:height\" content=\"376\" \/>\n\t<meta property=\"og:image:type\" content=\"image\/jpeg\" \/>\n<meta name=\"twitter:card\" content=\"summary_large_image\" \/>\n<meta name=\"twitter:site\" content=\"@cdcliving\" \/>\n<meta name=\"twitter:label1\" content=\"Tiempo de lectura\" \/>\n\t<meta name=\"twitter:data1\" content=\"2 minutos\" \/>\n<script type=\"application\/ld+json\" class=\"yoast-schema-graph\">{\"@context\":\"https:\\\/\\\/schema.org\",\"@graph\":[{\"@type\":\"WebPage\",\"@id\":\"https:\\\/\\\/casadecampoliving.com\\\/es\\\/gastronomia\\\/\",\"url\":\"https:\\\/\\\/casadecampoliving.com\\\/es\\\/gastronomia\\\/\",\"name\":\"Gastronom\u00eda | Casa de Campo Living\",\"isPartOf\":{\"@id\":\"https:\\\/\\\/casadecampoliving.com\\\/es\\\/#website\"},\"primaryImageOfPage\":{\"@id\":\"https:\\\/\\\/casadecampoliving.com\\\/es\\\/gastronomia\\\/#primaryimage\"},\"image\":{\"@id\":\"https:\\\/\\\/casadecampoliving.com\\\/es\\\/gastronomia\\\/#primaryimage\"},\"thumbnailUrl\":\"https:\\\/\\\/i0.wp.com\\\/casadecampoliving.com\\\/wp-content\\\/uploads\\\/2012\\\/03\\\/gino_in_trastevere_altos_de_chavon2.jpg?fit=650%2C376&ssl=1\",\"datePublished\":\"2012-03-20T20:39:59+00:00\",\"dateModified\":\"2022-10-21T21:24:21+00:00\",\"description\":\"Dentro del resort Casa de Campo, existen m\u00e1s de 22 restaurantes, bares y caf\u00e9s \u2013 ofreciendo a la comunidad de Casa de Campo, al igual que sus visitantes y\",\"breadcrumb\":{\"@id\":\"https:\\\/\\\/casadecampoliving.com\\\/es\\\/gastronomia\\\/#breadcrumb\"},\"inLanguage\":\"es\",\"potentialAction\":[{\"@type\":\"ReadAction\",\"target\":[\"https:\\\/\\\/casadecampoliving.com\\\/es\\\/gastronomia\\\/\"]}]},{\"@type\":\"ImageObject\",\"inLanguage\":\"es\",\"@id\":\"https:\\\/\\\/casadecampoliving.com\\\/es\\\/gastronomia\\\/#primaryimage\",\"url\":\"https:\\\/\\\/i0.wp.com\\\/casadecampoliving.com\\\/wp-content\\\/uploads\\\/2012\\\/03\\\/gino_in_trastevere_altos_de_chavon2.jpg?fit=650%2C376&ssl=1\",\"contentUrl\":\"https:\\\/\\\/i0.wp.com\\\/casadecampoliving.com\\\/wp-content\\\/uploads\\\/2012\\\/03\\\/gino_in_trastevere_altos_de_chavon2.jpg?fit=650%2C376&ssl=1\",\"width\":\"650\",\"height\":\"376\",\"caption\":\"gino in trastevere altos de chavon\"},{\"@type\":\"BreadcrumbList\",\"@id\":\"https:\\\/\\\/casadecampoliving.com\\\/es\\\/gastronomia\\\/#breadcrumb\",\"itemListElement\":[{\"@type\":\"ListItem\",\"position\":1,\"name\":\"Home\",\"item\":\"https:\\\/\\\/casadecampoliving.com\\\/es\\\/\"},{\"@type\":\"ListItem\",\"position\":2,\"name\":\"Gastronom\u00eda\"}]},{\"@type\":\"WebSite\",\"@id\":\"https:\\\/\\\/casadecampoliving.com\\\/es\\\/#website\",\"url\":\"https:\\\/\\\/casadecampoliving.com\\\/es\\\/\",\"name\":\"Casa de Campo Living\",\"description\":\"Resort community news and resources.\",\"publisher\":{\"@id\":\"https:\\\/\\\/casadecampoliving.com\\\/es\\\/#organization\"},\"potentialAction\":[{\"@type\":\"SearchAction\",\"target\":{\"@type\":\"EntryPoint\",\"urlTemplate\":\"https:\\\/\\\/casadecampoliving.com\\\/es\\\/?s={search_term_string}\"},\"query-input\":{\"@type\":\"PropertyValueSpecification\",\"valueRequired\":true,\"valueName\":\"search_term_string\"}}],\"inLanguage\":\"es\"},{\"@type\":\"Organization\",\"@id\":\"https:\\\/\\\/casadecampoliving.com\\\/es\\\/#organization\",\"name\":\"Casa de Campo Living\",\"url\":\"https:\\\/\\\/casadecampoliving.com\\\/es\\\/\",\"logo\":{\"@type\":\"ImageObject\",\"inLanguage\":\"es\",\"@id\":\"https:\\\/\\\/casadecampoliving.com\\\/es\\\/#\\\/schema\\\/logo\\\/image\\\/\",\"url\":\"https:\\\/\\\/i0.wp.com\\\/casadecampoliving.com\\\/wp-content\\\/uploads\\\/2022\\\/07\\\/CDCLivingLogo_V1-white-sized.png?fit=800%2C214&ssl=1\",\"contentUrl\":\"https:\\\/\\\/i0.wp.com\\\/casadecampoliving.com\\\/wp-content\\\/uploads\\\/2022\\\/07\\\/CDCLivingLogo_V1-white-sized.png?fit=800%2C214&ssl=1\",\"width\":800,\"height\":214,\"caption\":\"Casa de Campo Living\"},\"image\":{\"@id\":\"https:\\\/\\\/casadecampoliving.com\\\/es\\\/#\\\/schema\\\/logo\\\/image\\\/\"},\"sameAs\":[\"https:\\\/\\\/www.facebook.com\\\/casadecampoliving\",\"https:\\\/\\\/x.com\\\/cdcliving\"]}]}<\/script>\n<!-- \/ Yoast SEO plugin. -->","yoast_head_json":{"title":"Gastronom\u00eda | Casa de Campo Living","description":"Dentro del resort Casa de Campo, existen m\u00e1s de 22 restaurantes, bares y caf\u00e9s \u2013 ofreciendo a la comunidad de Casa de Campo, al igual que sus visitantes y","robots":{"index":"index","follow":"follow","max-snippet":"max-snippet:-1","max-image-preview":"max-image-preview:large","max-video-preview":"max-video-preview:-1"},"canonical":"https:\/\/casadecampoliving.com\/es\/gastronomia\/","og_locale":"es_ES","og_type":"article","og_title":"Gastronom\u00eda | Casa de Campo Living","og_description":"Dentro del resort Casa de Campo, existen m\u00e1s de 22 restaurantes, bares y caf\u00e9s \u2013 ofreciendo a la comunidad de Casa de Campo, al igual que sus visitantes y","og_url":"https:\/\/casadecampoliving.com\/es\/gastronomia\/","og_site_name":"Casa de Campo Living","article_publisher":"https:\/\/www.facebook.com\/casadecampoliving","article_modified_time":"2022-10-21T21:24:21+00:00","og_image":[{"width":650,"height":376,"url":"https:\/\/i0.wp.com\/casadecampoliving.com\/wp-content\/uploads\/2012\/03\/gino_in_trastevere_altos_de_chavon2.jpg?fit=650%2C376&ssl=1","type":"image\/jpeg"}],"twitter_card":"summary_large_image","twitter_site":"@cdcliving","twitter_misc":{"Tiempo de lectura":"2 minutos"},"schema":{"@context":"https:\/\/schema.org","@graph":[{"@type":"WebPage","@id":"https:\/\/casadecampoliving.com\/es\/gastronomia\/","url":"https:\/\/casadecampoliving.com\/es\/gastronomia\/","name":"Gastronom\u00eda | Casa de Campo Living","isPartOf":{"@id":"https:\/\/casadecampoliving.com\/es\/#website"},"primaryImageOfPage":{"@id":"https:\/\/casadecampoliving.com\/es\/gastronomia\/#primaryimage"},"image":{"@id":"https:\/\/casadecampoliving.com\/es\/gastronomia\/#primaryimage"},"thumbnailUrl":"https:\/\/i0.wp.com\/casadecampoliving.com\/wp-content\/uploads\/2012\/03\/gino_in_trastevere_altos_de_chavon2.jpg?fit=650%2C376&ssl=1","datePublished":"2012-03-20T20:39:59+00:00","dateModified":"2022-10-21T21:24:21+00:00","description":"Dentro del resort Casa de Campo, existen m\u00e1s de 22 restaurantes, bares y caf\u00e9s \u2013 ofreciendo a la comunidad de Casa de Campo, al igual que sus visitantes y","breadcrumb":{"@id":"https:\/\/casadecampoliving.com\/es\/gastronomia\/#breadcrumb"},"inLanguage":"es","potentialAction":[{"@type":"ReadAction","target":["https:\/\/casadecampoliving.com\/es\/gastronomia\/"]}]},{"@type":"ImageObject","inLanguage":"es","@id":"https:\/\/casadecampoliving.com\/es\/gastronomia\/#primaryimage","url":"https:\/\/i0.wp.com\/casadecampoliving.com\/wp-content\/uploads\/2012\/03\/gino_in_trastevere_altos_de_chavon2.jpg?fit=650%2C376&ssl=1","contentUrl":"https:\/\/i0.wp.com\/casadecampoliving.com\/wp-content\/uploads\/2012\/03\/gino_in_trastevere_altos_de_chavon2.jpg?fit=650%2C376&ssl=1","width":"650","height":"376","caption":"gino in trastevere altos de chavon"},{"@type":"BreadcrumbList","@id":"https:\/\/casadecampoliving.com\/es\/gastronomia\/#breadcrumb","itemListElement":[{"@type":"ListItem","position":1,"name":"Home","item":"https:\/\/casadecampoliving.com\/es\/"},{"@type":"ListItem","position":2,"name":"Gastronom\u00eda"}]},{"@type":"WebSite","@id":"https:\/\/casadecampoliving.com\/es\/#website","url":"https:\/\/casadecampoliving.com\/es\/","name":"Casa de Campo Living","description":"Resort community news and resources.","publisher":{"@id":"https:\/\/casadecampoliving.com\/es\/#organization"},"potentialAction":[{"@type":"SearchAction","target":{"@type":"EntryPoint","urlTemplate":"https:\/\/casadecampoliving.com\/es\/?s={search_term_string}"},"query-input":{"@type":"PropertyValueSpecification","valueRequired":true,"valueName":"search_term_string"}}],"inLanguage":"es"},{"@type":"Organization","@id":"https:\/\/casadecampoliving.com\/es\/#organization","name":"Casa de Campo Living","url":"https:\/\/casadecampoliving.com\/es\/","logo":{"@type":"ImageObject","inLanguage":"es","@id":"https:\/\/casadecampoliving.com\/es\/#\/schema\/logo\/image\/","url":"https:\/\/i0.wp.com\/casadecampoliving.com\/wp-content\/uploads\/2022\/07\/CDCLivingLogo_V1-white-sized.png?fit=800%2C214&ssl=1","contentUrl":"https:\/\/i0.wp.com\/casadecampoliving.com\/wp-content\/uploads\/2022\/07\/CDCLivingLogo_V1-white-sized.png?fit=800%2C214&ssl=1","width":800,"height":214,"caption":"Casa de Campo Living"},"image":{"@id":"https:\/\/casadecampoliving.com\/es\/#\/schema\/logo\/image\/"},"sameAs":["https:\/\/www.facebook.com\/casadecampoliving","https:\/\/x.com\/cdcliving"]}]}},"parsely":{"version":"1.1.0","canonical_url":"https:\/\/casadecampoliving.com\/es\/gastronomia\/","smart_links":{"inbound":0,"outbound":0},"traffic_boost_suggestions_count":0,"meta":{"@context":"https:\/\/schema.org","@type":"WebPage","headline":"Gastronom\u00eda","url":"http:\/\/casadecampoliving.com\/es\/gastronomia\/","mainEntityOfPage":{"@type":"WebPage","@id":"http:\/\/casadecampoliving.com\/es\/gastronomia\/"},"thumbnailUrl":"https:\/\/i0.wp.com\/casadecampoliving.com\/wp-content\/uploads\/2012\/03\/gino_in_trastevere_altos_de_chavon2.jpg?resize=150%2C150&ssl=1","image":{"@type":"ImageObject","url":"https:\/\/i0.wp.com\/casadecampoliving.com\/wp-content\/uploads\/2012\/03\/gino_in_trastevere_altos_de_chavon2.jpg?fit=650%2C376&ssl=1"},"articleSection":"Restaurantes","author":[{"@type":"Person","name":"Rebecca Silvestri"}],"creator":["Rebecca Silvestri"],"publisher":{"@type":"Organization","name":"Casa de Campo Living","logo":"https:\/\/casadecampoliving.com\/wp-content\/uploads\/2022\/07\/CDCLivingLogo_V1-white-sized.png"},"keywords":["dining"],"dateCreated":"2012-03-20T20:39:59Z","datePublished":"2012-03-20T20:39:59Z","dateModified":"2022-10-21T21:24:21Z"},"rendered":"<script type=\"application\/ld+json\" class=\"wp-parsely-metadata\">{\"@context\":\"https:\\\/\\\/schema.org\",\"@type\":\"WebPage\",\"headline\":\"Gastronom\\u00eda\",\"url\":\"http:\\\/\\\/casadecampoliving.com\\\/es\\\/gastronomia\\\/\",\"mainEntityOfPage\":{\"@type\":\"WebPage\",\"@id\":\"http:\\\/\\\/casadecampoliving.com\\\/es\\\/gastronomia\\\/\"},\"thumbnailUrl\":\"https:\\\/\\\/i0.wp.com\\\/casadecampoliving.com\\\/wp-content\\\/uploads\\\/2012\\\/03\\\/gino_in_trastevere_altos_de_chavon2.jpg?resize=150%2C150&ssl=1\",\"image\":{\"@type\":\"ImageObject\",\"url\":\"https:\\\/\\\/i0.wp.com\\\/casadecampoliving.com\\\/wp-content\\\/uploads\\\/2012\\\/03\\\/gino_in_trastevere_altos_de_chavon2.jpg?fit=650%2C376&ssl=1\"},\"articleSection\":\"Restaurantes\",\"author\":[{\"@type\":\"Person\",\"name\":\"Rebecca Silvestri\"}],\"creator\":[\"Rebecca Silvestri\"],\"publisher\":{\"@type\":\"Organization\",\"name\":\"Casa de Campo Living\",\"logo\":\"https:\\\/\\\/casadecampoliving.com\\\/wp-content\\\/uploads\\\/2022\\\/07\\\/CDCLivingLogo_V1-white-sized.png\"},\"keywords\":[\"dining\"],\"dateCreated\":\"2012-03-20T20:39:59Z\",\"datePublished\":\"2012-03-20T20:39:59Z\",\"dateModified\":\"2022-10-21T21:24:21Z\"}<\/script>","tracker_url":"https:\/\/cdn.parsely.com\/keys\/casadecampoliving.com\/p.js"},"jetpack-related-posts":[{"id":41527,"url":"https:\/\/casadecampoliving.com\/es\/bares-y-restaurantes\/","url_meta":{"origin":46918,"position":0},"title":"Bares y restaurantes","author":"","date":"27 Dic, 2011","format":false,"excerpt":"\u00a0Altos de Chav\u00f3nGINO IN TRASTEVERE \u2022 Exquisita comida italiana \u2022 pizza \u2022 pasta \u2022 mariscos \u2022 carnes \u2022 Plaza Altos de Chav\u00f3n, Casa de Campo Tel:\u00a0809-523-1825 Horario: 12pm \u2013 11:30pm: viernes \u2013 lunes 5pm \u2013 11:30pm: martes y jueves Cerrado mi\u00e9rcoles Haga click aqu\u00ed para m\u00e1s info!\u00a0LA PIAZZETA \u2022 comida\u2026","rel":"","context":"Entrada similar","block_context":{"text":"Entrada similar","link":""},"img":{"alt_text":"","src":"","width":0,"height":0},"classes":[]},{"id":56809,"url":"https:\/\/casadecampoliving.com\/es\/tormenta-tropical-isaac\/","url_meta":{"origin":46918,"position":1},"title":"Casa de Campo durante tormenta tropical Isaac","author":"Rebecca Silvestri","date":"24 Ago, 2012","format":false,"excerpt":"Aqu\u00ed les traemos noticias de todos los servicios y restaurantes en Casa de Campo \u2013 durante\u00a0el paso de la tormenta tropical isaac: NOTA:\u00a0Dependiendo en las condici\u00f3nes del clima esta informaci\u00f3n esta sujeto a cambios! Para confirmar por favor llamar ext. 0 Seguridad de Casa de Campo: bomberos y ambulancia \u2022\u2026","rel":"","context":"Entrada similar","block_context":{"text":"Entrada similar","link":""},"img":{"alt_text":"","src":"","width":0,"height":0},"classes":[]},{"id":42839,"url":"https:\/\/casadecampoliving.com\/es\/la-marina-casa-de-campo\/","url_meta":{"origin":46918,"position":2},"title":"La Marina Casa de Campo","author":"Rebecca Silvestri","date":"19 Oct, 2012","format":false,"excerpt":"Bienvenidos a la Marina Casa de Campo! Considerada generalmente como una de las \u00e1reas m\u00e1s \u201cchic\u201d de Casa de Campo, la Marina Casa de Campo es un gran lugar para ir de compras, cenar, y por supuesto para salir de paseo en bote! Completada en el 2001, la Marina Casa\u2026","rel":"","context":"Entrada similar","block_context":{"text":"Entrada similar","link":""},"img":{"alt_text":"marina casa de campo","src":"https:\/\/i0.wp.com\/casadecampoliving-wp.s3-accelerate.amazonaws.com\/2012\/01\/marina_casa_de_campo7.jpg?resize=350%2C200&ssl=1","width":350,"height":200,"srcset":"https:\/\/i0.wp.com\/casadecampoliving-wp.s3-accelerate.amazonaws.com\/2012\/01\/marina_casa_de_campo7.jpg?resize=350%2C200&ssl=1 1x, https:\/\/i0.wp.com\/casadecampoliving-wp.s3-accelerate.amazonaws.com\/2012\/01\/marina_casa_de_campo7.jpg?resize=525%2C300&ssl=1 1.5x"},"classes":[]},{"id":42860,"url":"https:\/\/casadecampoliving.com\/es\/altosdechavon-2\/","url_meta":{"origin":46918,"position":3},"title":"Altos de Chav\u00f3n","author":"Rebecca Silvestri","date":"25 Jul, 2012","format":false,"excerpt":"Completado en 1982, Altos de Chav\u00f3n es una r\u00e9plica de una villa mediterr\u00e1nea del siglo XVI, ubicado dentro del Resort Casa de Campo. Con vistas al R\u00edo Chav\u00f3n, Altos de Chav\u00f3n es una de las \u00e1reas m\u00e1s hermosas de Casa de Campo, visitada por cientos de turistas a diario, provenientes\u2026","rel":"","context":"Entrada similar","block_context":{"text":"Entrada similar","link":""},"img":{"alt_text":"altos de chavon","src":"https:\/\/i0.wp.com\/casadecampoliving.com\/wp-content\/uploads\/2012\/07\/altos_de_chavon4.jpg?fit=650%2C345&ssl=1&resize=350%2C200","width":350,"height":200,"srcset":"https:\/\/i0.wp.com\/casadecampoliving.com\/wp-content\/uploads\/2012\/07\/altos_de_chavon4.jpg?fit=650%2C345&ssl=1&resize=350%2C200 1x, https:\/\/i0.wp.com\/casadecampoliving.com\/wp-content\/uploads\/2012\/07\/altos_de_chavon4.jpg?fit=650%2C345&ssl=1&resize=525%2C300 1.5x"},"classes":[]},{"id":36526,"url":"https:\/\/casadecampoliving.com\/es\/homepage-es\/","url_meta":{"origin":46918,"position":4},"title":"Homepage en","author":"","date":"8 Mar, 2011","format":false,"excerpt":"Casa de Campo Hotel & Resort es uno de los principales resorts de la Rep\u00fablica Dominicana, con campos de golf mundialmente aclamados, incluido el mundialmente famoso campo de Pete Dye, Teeth of the Dog. Casa de Campo Living es una gu\u00eda de recursos independiente para visitantes y residentes que buscan\u2026","rel":"","context":"En \u00abRep\u00fablica Dominicana @es\u00bb","block_context":{"text":"Rep\u00fablica Dominicana @es","link":"https:\/\/casadecampoliving.com\/es\/category\/republica-dominicana-2\/"},"img":{"alt_text":"","src":"https:\/\/i0.wp.com\/casadecampoliving.com\/wp-content\/uploads\/2021\/07\/Fundemar-Vida-en-Viva-Shallow-FB.jpg?resize=350%2C200&ssl=1","width":350,"height":200,"srcset":"https:\/\/i0.wp.com\/casadecampoliving.com\/wp-content\/uploads\/2021\/07\/Fundemar-Vida-en-Viva-Shallow-FB.jpg?resize=350%2C200&ssl=1 1x, https:\/\/i0.wp.com\/casadecampoliving.com\/wp-content\/uploads\/2021\/07\/Fundemar-Vida-en-Viva-Shallow-FB.jpg?resize=525%2C300&ssl=1 1.5x, https:\/\/i0.wp.com\/casadecampoliving.com\/wp-content\/uploads\/2021\/07\/Fundemar-Vida-en-Viva-Shallow-FB.jpg?resize=700%2C400&ssl=1 2x"},"classes":[]},{"id":38861,"url":"https:\/\/casadecampoliving.com\/es\/gino-in-trastevere\/","url_meta":{"origin":46918,"position":5},"title":"Gino in Trastevere","author":"Ms. K","date":"29 Nov, 2011","format":false,"excerpt":"Gino in Trastevere es un aut\u00e9ntico restaurante Italiano ubicado en Altos de Chav\u00f3n, con una confortante terraza y una vista impresionante del\u00a0R\u00edo\u00a0Chav\u00f3n y el famoso campo de golf Dye Fore. Gino In Trastevere en Altos de Chav\u00f3n es propiedad de Claudio Angeloni de Italia, perteneciente a la familia que ha\u2026","rel":"","context":"Entrada similar","block_context":{"text":"Entrada similar","link":""},"img":{"alt_text":"gino altos de chavon","src":"https:\/\/i0.wp.com\/casadecampoliving.com\/wp-content\/uploads\/2011\/11\/Gino.jpg?resize=350%2C200&ssl=1","width":350,"height":200,"srcset":"https:\/\/i0.wp.com\/casadecampoliving.com\/wp-content\/uploads\/2011\/11\/Gino.jpg?resize=350%2C200&ssl=1 1x, https:\/\/i0.wp.com\/casadecampoliving.com\/wp-content\/uploads\/2011\/11\/Gino.jpg?resize=525%2C300&ssl=1 1.5x"},"classes":[]}],"jetpack_sharing_enabled":true,"_links":{"self":[{"href":"https:\/\/casadecampoliving.com\/es\/wp-json\/wp\/v2\/pages\/46918","targetHints":{"allow":["GET"]}}],"collection":[{"href":"https:\/\/casadecampoliving.com\/es\/wp-json\/wp\/v2\/pages"}],"about":[{"href":"https:\/\/casadecampoliving.com\/es\/wp-json\/wp\/v2\/types\/page"}],"author":[{"embeddable":true,"href":"https:\/\/casadecampoliving.com\/es\/wp-json\/wp\/v2\/users\/31"}],"replies":[{"embeddable":true,"href":"https:\/\/casadecampoliving.com\/es\/wp-json\/wp\/v2\/comments?post=46918"}],"version-history":[{"count":0,"href":"https:\/\/casadecampoliving.com\/es\/wp-json\/wp\/v2\/pages\/46918\/revisions"}],"wp:featuredmedia":[{"embeddable":true,"href":"https:\/\/casadecampoliving.com\/es\/wp-json\/wp\/v2\/media\/46911"}],"wp:attachment":[{"href":"https:\/\/casadecampoliving.com\/es\/wp-json\/wp\/v2\/media?parent=46918"}],"wp:term":[{"taxonomy":"newspack_spnsrs_tax","embeddable":true,"href":"https:\/\/casadecampoliving.com\/es\/wp-json\/wp\/v2\/newspack_spnsrs_tax?post=46918"}],"curies":[{"name":"wp","href":"https:\/\/api.w.org\/{rel}","templated":true}]}}