{"id":46879,"date":"2012-03-20T15:20:37","date_gmt":"2012-03-20T19:20:37","guid":{"rendered":"http:\/\/casadecampoliving.com\/?page_id=46879"},"modified":"2022-10-21T17:24:13","modified_gmt":"2022-10-21T21:24:13","slug":"compras","status":"publish","type":"page","link":"https:\/\/casadecampoliving.com\/es\/info-2\/compras\/","title":{"rendered":"Compras"},"content":{"rendered":"<div class=\"wp-block-image\">\n<figure class=\"aligncenter is-resized\"><img loading=\"lazy\" decoding=\"async\" src=\"https:\/\/i0.wp.com\/casadecampoliving-wp.s3-accelerate.amazonaws.com\/2012\/03\/tienda_jenny_polanco.jpg?resize=650%2C393&amp;ssl=1\" alt=\"tienda jenny polanco\" class=\"wp-image-46871\" title=\"tienda_jenny_polanco\" height=\"393\" width=\"650\" srcset=\"https:\/\/i0.wp.com\/casadecampoliving.com\/wp-content\/uploads\/2012\/03\/tienda_jenny_polanco.jpg?w=650&amp;ssl=1 650w, https:\/\/i0.wp.com\/casadecampoliving.com\/wp-content\/uploads\/2012\/03\/tienda_jenny_polanco.jpg?resize=300%2C181&amp;ssl=1 300w, https:\/\/i0.wp.com\/casadecampoliving-wp.s3-accelerate.amazonaws.com\/2012\/03\/tienda_jenny_polanco.jpg?w=370 370w, https:\/\/i0.wp.com\/casadecampoliving-wp.s3-accelerate.amazonaws.com\/2012\/03\/tienda_jenny_polanco.jpg?w=400 400w\" sizes=\"auto, (max-width: 650px) 100vw, 650px\" \/><\/figure>\n<\/div>\n\n\n<p>Siendo el resort y comunidad de mayor prestigio en el pa\u00eds, las opciones de compras en Casa de Campo giran en torno a los gustos de su distinguida clientela por los dise\u00f1os de playa y resort, al igual que joyas, regalos y accesorios.&nbsp;Pero cualquiera que sea su gusto y deseo al momento de comprar, las m\u00e1s de 30 tiendas est\u00e1n disponibles, ubicadas principalmente en La Marina de Casa de Campo y tambi\u00e9n en Altos de Chav\u00f3n, el \u00e1rea principal del hotel Casa de Campo e incluso la playa Minitas \u2013 hay de todo para todos!<br>\n<\/p>\n\n\n\n<!--more-->\n\n\n\n<p><em><strong><a href=\"http:\/\/www.todocasadecampo.com\/es\/directory\" target=\"_blank\">Haga click aqu\u00ed para ver el directorio completo de tiendas en Casa de Campo!<\/a><\/strong><\/em><\/p>\n\n\n\n<p>A continuaci\u00f3n encontrar\u00e1 enlaces a nuestros art\u00edculos relacionados a las compras en la Casa de Campo:<\/p>\n","protected":false},"excerpt":{"rendered":"<p>Siendo el resort y comunidad de mayor prestigio en el pa\u00eds, las opciones de compras en Casa de Campo giran en torno a los gustos de su distinguida clientela por los dise\u00f1os de playa y resort, al igual que joyas, regalos y accesorios.&nbsp;Pero cualquiera que sea su gusto y deseo al momento de comprar, las [&hellip;]<\/p>\n","protected":false},"author":31,"featured_media":46871,"parent":37451,"menu_order":2,"comment_status":"closed","ping_status":"closed","template":"","meta":{"newspack_ads_suppress_ads":false,"newspack_popups_has_disabled_popups":false,"newspack_sponsor_sponsorship_scope":"","newspack_sponsor_native_byline_display":"inherit","newspack_sponsor_native_category_display":"inherit","newspack_sponsor_underwriter_style":"inherit","newspack_sponsor_underwriter_placement":"inherit","newspack_content_restriction_is_exempt":false,"newspack_featured_image_position":"","newspack_hide_page_title":false,"newspack_show_share_buttons":false,"footnotes":""},"newspack_spnsrs_tax":[],"class_list":["post-46879","page","type-page","status-publish","has-post-thumbnail","hentry","entry"],"yoast_head":"<!-- This site is optimized with the Yoast SEO plugin v27.3 - https:\/\/yoast.com\/product\/yoast-seo-wordpress\/ -->\n<title>Compras | Casa de Campo Living<\/title>\n<meta name=\"description\" content=\"Siendo el resort y comunidad de mayor prestigio en el pa\u00eds, las opciones de compras en Casa de Campo giran en torno a los gustos de su distinguida\" \/>\n<meta name=\"robots\" content=\"index, follow, max-snippet:-1, max-image-preview:large, max-video-preview:-1\" \/>\n<link rel=\"canonical\" href=\"https:\/\/casadecampoliving.com\/es\/info-2\/compras\/\" \/>\n<meta property=\"og:locale\" content=\"es_ES\" \/>\n<meta property=\"og:type\" content=\"article\" \/>\n<meta property=\"og:title\" content=\"Compras | Casa de Campo Living\" \/>\n<meta property=\"og:description\" content=\"Siendo el resort y comunidad de mayor prestigio en el pa\u00eds, las opciones de compras en Casa de Campo giran en torno a los gustos de su distinguida\" \/>\n<meta property=\"og:url\" content=\"https:\/\/casadecampoliving.com\/es\/info-2\/compras\/\" \/>\n<meta property=\"og:site_name\" content=\"Casa de Campo Living\" \/>\n<meta property=\"article:publisher\" content=\"https:\/\/www.facebook.com\/casadecampoliving\" \/>\n<meta property=\"article:modified_time\" content=\"2022-10-21T21:24:13+00:00\" \/>\n<meta property=\"og:image\" content=\"https:\/\/i0.wp.com\/casadecampoliving.com\/wp-content\/uploads\/2012\/03\/tienda_jenny_polanco.jpg?fit=650%2C393&ssl=1\" \/>\n\t<meta property=\"og:image:width\" content=\"650\" \/>\n\t<meta property=\"og:image:height\" content=\"393\" \/>\n\t<meta property=\"og:image:type\" content=\"image\/jpeg\" \/>\n<meta name=\"twitter:card\" content=\"summary_large_image\" \/>\n<meta name=\"twitter:site\" content=\"@cdcliving\" \/>\n<meta name=\"twitter:label1\" content=\"Tiempo de lectura\" \/>\n\t<meta name=\"twitter:data1\" content=\"1 minuto\" \/>\n<script type=\"application\/ld+json\" class=\"yoast-schema-graph\">{\"@context\":\"https:\\\/\\\/schema.org\",\"@graph\":[{\"@type\":\"WebPage\",\"@id\":\"https:\\\/\\\/casadecampoliving.com\\\/es\\\/info-2\\\/compras\\\/\",\"url\":\"https:\\\/\\\/casadecampoliving.com\\\/es\\\/info-2\\\/compras\\\/\",\"name\":\"Compras | Casa de Campo Living\",\"isPartOf\":{\"@id\":\"https:\\\/\\\/casadecampoliving.com\\\/es\\\/#website\"},\"primaryImageOfPage\":{\"@id\":\"https:\\\/\\\/casadecampoliving.com\\\/es\\\/info-2\\\/compras\\\/#primaryimage\"},\"image\":{\"@id\":\"https:\\\/\\\/casadecampoliving.com\\\/es\\\/info-2\\\/compras\\\/#primaryimage\"},\"thumbnailUrl\":\"https:\\\/\\\/i0.wp.com\\\/casadecampoliving.com\\\/wp-content\\\/uploads\\\/2012\\\/03\\\/tienda_jenny_polanco.jpg?fit=650%2C393&ssl=1\",\"datePublished\":\"2012-03-20T19:20:37+00:00\",\"dateModified\":\"2022-10-21T21:24:13+00:00\",\"description\":\"Siendo el resort y comunidad de mayor prestigio en el pa\u00eds, las opciones de compras en Casa de Campo giran en torno a los gustos de su distinguida\",\"breadcrumb\":{\"@id\":\"https:\\\/\\\/casadecampoliving.com\\\/es\\\/info-2\\\/compras\\\/#breadcrumb\"},\"inLanguage\":\"es\",\"potentialAction\":[{\"@type\":\"ReadAction\",\"target\":[\"https:\\\/\\\/casadecampoliving.com\\\/es\\\/info-2\\\/compras\\\/\"]}]},{\"@type\":\"ImageObject\",\"inLanguage\":\"es\",\"@id\":\"https:\\\/\\\/casadecampoliving.com\\\/es\\\/info-2\\\/compras\\\/#primaryimage\",\"url\":\"https:\\\/\\\/i0.wp.com\\\/casadecampoliving.com\\\/wp-content\\\/uploads\\\/2012\\\/03\\\/tienda_jenny_polanco.jpg?fit=650%2C393&ssl=1\",\"contentUrl\":\"https:\\\/\\\/i0.wp.com\\\/casadecampoliving.com\\\/wp-content\\\/uploads\\\/2012\\\/03\\\/tienda_jenny_polanco.jpg?fit=650%2C393&ssl=1\",\"width\":\"650\",\"height\":\"393\",\"caption\":\"tienda jenny polanco\"},{\"@type\":\"BreadcrumbList\",\"@id\":\"https:\\\/\\\/casadecampoliving.com\\\/es\\\/info-2\\\/compras\\\/#breadcrumb\",\"itemListElement\":[{\"@type\":\"ListItem\",\"position\":1,\"name\":\"Home\",\"item\":\"https:\\\/\\\/casadecampoliving.com\\\/es\\\/\"},{\"@type\":\"ListItem\",\"position\":2,\"name\":\"Info\",\"item\":\"https:\\\/\\\/casadecampoliving.com\\\/es\\\/info-2\\\/\"},{\"@type\":\"ListItem\",\"position\":3,\"name\":\"Compras\"}]},{\"@type\":\"WebSite\",\"@id\":\"https:\\\/\\\/casadecampoliving.com\\\/es\\\/#website\",\"url\":\"https:\\\/\\\/casadecampoliving.com\\\/es\\\/\",\"name\":\"Casa de Campo Living\",\"description\":\"Resort community news and resources.\",\"publisher\":{\"@id\":\"https:\\\/\\\/casadecampoliving.com\\\/es\\\/#organization\"},\"potentialAction\":[{\"@type\":\"SearchAction\",\"target\":{\"@type\":\"EntryPoint\",\"urlTemplate\":\"https:\\\/\\\/casadecampoliving.com\\\/es\\\/?s={search_term_string}\"},\"query-input\":{\"@type\":\"PropertyValueSpecification\",\"valueRequired\":true,\"valueName\":\"search_term_string\"}}],\"inLanguage\":\"es\"},{\"@type\":\"Organization\",\"@id\":\"https:\\\/\\\/casadecampoliving.com\\\/es\\\/#organization\",\"name\":\"Casa de Campo Living\",\"url\":\"https:\\\/\\\/casadecampoliving.com\\\/es\\\/\",\"logo\":{\"@type\":\"ImageObject\",\"inLanguage\":\"es\",\"@id\":\"https:\\\/\\\/casadecampoliving.com\\\/es\\\/#\\\/schema\\\/logo\\\/image\\\/\",\"url\":\"https:\\\/\\\/i0.wp.com\\\/casadecampoliving.com\\\/wp-content\\\/uploads\\\/2022\\\/07\\\/CDCLivingLogo_V1-white-sized.png?fit=800%2C214&ssl=1\",\"contentUrl\":\"https:\\\/\\\/i0.wp.com\\\/casadecampoliving.com\\\/wp-content\\\/uploads\\\/2022\\\/07\\\/CDCLivingLogo_V1-white-sized.png?fit=800%2C214&ssl=1\",\"width\":800,\"height\":214,\"caption\":\"Casa de Campo Living\"},\"image\":{\"@id\":\"https:\\\/\\\/casadecampoliving.com\\\/es\\\/#\\\/schema\\\/logo\\\/image\\\/\"},\"sameAs\":[\"https:\\\/\\\/www.facebook.com\\\/casadecampoliving\",\"https:\\\/\\\/x.com\\\/cdcliving\"]}]}<\/script>\n<!-- \/ Yoast SEO plugin. -->","yoast_head_json":{"title":"Compras | Casa de Campo Living","description":"Siendo el resort y comunidad de mayor prestigio en el pa\u00eds, las opciones de compras en Casa de Campo giran en torno a los gustos de su distinguida","robots":{"index":"index","follow":"follow","max-snippet":"max-snippet:-1","max-image-preview":"max-image-preview:large","max-video-preview":"max-video-preview:-1"},"canonical":"https:\/\/casadecampoliving.com\/es\/info-2\/compras\/","og_locale":"es_ES","og_type":"article","og_title":"Compras | Casa de Campo Living","og_description":"Siendo el resort y comunidad de mayor prestigio en el pa\u00eds, las opciones de compras en Casa de Campo giran en torno a los gustos de su distinguida","og_url":"https:\/\/casadecampoliving.com\/es\/info-2\/compras\/","og_site_name":"Casa de Campo Living","article_publisher":"https:\/\/www.facebook.com\/casadecampoliving","article_modified_time":"2022-10-21T21:24:13+00:00","og_image":[{"width":650,"height":393,"url":"https:\/\/i0.wp.com\/casadecampoliving.com\/wp-content\/uploads\/2012\/03\/tienda_jenny_polanco.jpg?fit=650%2C393&ssl=1","type":"image\/jpeg"}],"twitter_card":"summary_large_image","twitter_site":"@cdcliving","twitter_misc":{"Tiempo de lectura":"1 minuto"},"schema":{"@context":"https:\/\/schema.org","@graph":[{"@type":"WebPage","@id":"https:\/\/casadecampoliving.com\/es\/info-2\/compras\/","url":"https:\/\/casadecampoliving.com\/es\/info-2\/compras\/","name":"Compras | Casa de Campo Living","isPartOf":{"@id":"https:\/\/casadecampoliving.com\/es\/#website"},"primaryImageOfPage":{"@id":"https:\/\/casadecampoliving.com\/es\/info-2\/compras\/#primaryimage"},"image":{"@id":"https:\/\/casadecampoliving.com\/es\/info-2\/compras\/#primaryimage"},"thumbnailUrl":"https:\/\/i0.wp.com\/casadecampoliving.com\/wp-content\/uploads\/2012\/03\/tienda_jenny_polanco.jpg?fit=650%2C393&ssl=1","datePublished":"2012-03-20T19:20:37+00:00","dateModified":"2022-10-21T21:24:13+00:00","description":"Siendo el resort y comunidad de mayor prestigio en el pa\u00eds, las opciones de compras en Casa de Campo giran en torno a los gustos de su distinguida","breadcrumb":{"@id":"https:\/\/casadecampoliving.com\/es\/info-2\/compras\/#breadcrumb"},"inLanguage":"es","potentialAction":[{"@type":"ReadAction","target":["https:\/\/casadecampoliving.com\/es\/info-2\/compras\/"]}]},{"@type":"ImageObject","inLanguage":"es","@id":"https:\/\/casadecampoliving.com\/es\/info-2\/compras\/#primaryimage","url":"https:\/\/i0.wp.com\/casadecampoliving.com\/wp-content\/uploads\/2012\/03\/tienda_jenny_polanco.jpg?fit=650%2C393&ssl=1","contentUrl":"https:\/\/i0.wp.com\/casadecampoliving.com\/wp-content\/uploads\/2012\/03\/tienda_jenny_polanco.jpg?fit=650%2C393&ssl=1","width":"650","height":"393","caption":"tienda jenny polanco"},{"@type":"BreadcrumbList","@id":"https:\/\/casadecampoliving.com\/es\/info-2\/compras\/#breadcrumb","itemListElement":[{"@type":"ListItem","position":1,"name":"Home","item":"https:\/\/casadecampoliving.com\/es\/"},{"@type":"ListItem","position":2,"name":"Info","item":"https:\/\/casadecampoliving.com\/es\/info-2\/"},{"@type":"ListItem","position":3,"name":"Compras"}]},{"@type":"WebSite","@id":"https:\/\/casadecampoliving.com\/es\/#website","url":"https:\/\/casadecampoliving.com\/es\/","name":"Casa de Campo Living","description":"Resort community news and resources.","publisher":{"@id":"https:\/\/casadecampoliving.com\/es\/#organization"},"potentialAction":[{"@type":"SearchAction","target":{"@type":"EntryPoint","urlTemplate":"https:\/\/casadecampoliving.com\/es\/?s={search_term_string}"},"query-input":{"@type":"PropertyValueSpecification","valueRequired":true,"valueName":"search_term_string"}}],"inLanguage":"es"},{"@type":"Organization","@id":"https:\/\/casadecampoliving.com\/es\/#organization","name":"Casa de Campo Living","url":"https:\/\/casadecampoliving.com\/es\/","logo":{"@type":"ImageObject","inLanguage":"es","@id":"https:\/\/casadecampoliving.com\/es\/#\/schema\/logo\/image\/","url":"https:\/\/i0.wp.com\/casadecampoliving.com\/wp-content\/uploads\/2022\/07\/CDCLivingLogo_V1-white-sized.png?fit=800%2C214&ssl=1","contentUrl":"https:\/\/i0.wp.com\/casadecampoliving.com\/wp-content\/uploads\/2022\/07\/CDCLivingLogo_V1-white-sized.png?fit=800%2C214&ssl=1","width":800,"height":214,"caption":"Casa de Campo Living"},"image":{"@id":"https:\/\/casadecampoliving.com\/es\/#\/schema\/logo\/image\/"},"sameAs":["https:\/\/www.facebook.com\/casadecampoliving","https:\/\/x.com\/cdcliving"]}]}},"parsely":{"version":"1.1.0","canonical_url":"https:\/\/casadecampoliving.com\/es\/info-2\/compras\/","smart_links":{"inbound":0,"outbound":0},"traffic_boost_suggestions_count":0,"meta":{"@context":"https:\/\/schema.org","@type":"WebPage","headline":"Compras","url":"http:\/\/casadecampoliving.com\/es\/info-2\/compras\/","mainEntityOfPage":{"@type":"WebPage","@id":"http:\/\/casadecampoliving.com\/es\/info-2\/compras\/"},"thumbnailUrl":"https:\/\/i0.wp.com\/casadecampoliving.com\/wp-content\/uploads\/2012\/03\/tienda_jenny_polanco.jpg?resize=150%2C150&ssl=1","image":{"@type":"ImageObject","url":"https:\/\/i0.wp.com\/casadecampoliving.com\/wp-content\/uploads\/2012\/03\/tienda_jenny_polanco.jpg?fit=650%2C393&ssl=1"},"articleSection":"Uncategorized @es","author":[{"@type":"Person","name":"Rebecca Silvestri"}],"creator":["Rebecca Silvestri"],"publisher":{"@type":"Organization","name":"Casa de Campo Living","logo":"https:\/\/casadecampoliving.com\/wp-content\/uploads\/2022\/07\/CDCLivingLogo_V1-white-sized.png"},"keywords":[],"dateCreated":"2012-03-20T19:20:37Z","datePublished":"2012-03-20T19:20:37Z","dateModified":"2022-10-21T21:24:13Z"},"rendered":"<script type=\"application\/ld+json\" class=\"wp-parsely-metadata\">{\"@context\":\"https:\\\/\\\/schema.org\",\"@type\":\"WebPage\",\"headline\":\"Compras\",\"url\":\"http:\\\/\\\/casadecampoliving.com\\\/es\\\/info-2\\\/compras\\\/\",\"mainEntityOfPage\":{\"@type\":\"WebPage\",\"@id\":\"http:\\\/\\\/casadecampoliving.com\\\/es\\\/info-2\\\/compras\\\/\"},\"thumbnailUrl\":\"https:\\\/\\\/i0.wp.com\\\/casadecampoliving.com\\\/wp-content\\\/uploads\\\/2012\\\/03\\\/tienda_jenny_polanco.jpg?resize=150%2C150&ssl=1\",\"image\":{\"@type\":\"ImageObject\",\"url\":\"https:\\\/\\\/i0.wp.com\\\/casadecampoliving.com\\\/wp-content\\\/uploads\\\/2012\\\/03\\\/tienda_jenny_polanco.jpg?fit=650%2C393&ssl=1\"},\"articleSection\":\"Uncategorized @es\",\"author\":[{\"@type\":\"Person\",\"name\":\"Rebecca Silvestri\"}],\"creator\":[\"Rebecca Silvestri\"],\"publisher\":{\"@type\":\"Organization\",\"name\":\"Casa de Campo Living\",\"logo\":\"https:\\\/\\\/casadecampoliving.com\\\/wp-content\\\/uploads\\\/2022\\\/07\\\/CDCLivingLogo_V1-white-sized.png\"},\"keywords\":[],\"dateCreated\":\"2012-03-20T19:20:37Z\",\"datePublished\":\"2012-03-20T19:20:37Z\",\"dateModified\":\"2022-10-21T21:24:13Z\"}<\/script>","tracker_url":"https:\/\/cdn.parsely.com\/keys\/casadecampoliving.com\/p.js"},"jetpack-related-posts":[{"id":46918,"url":"https:\/\/casadecampoliving.com\/es\/gastronomia\/","url_meta":{"origin":46879,"position":0},"title":"Gastronom\u00eda","author":"Rebecca Silvestri","date":"20 Mar, 2012","format":false,"excerpt":"Dentro del resort Casa de Campo, existen m\u00e1s de 22 restaurantes, bares y caf\u00e9s \u2013 ofreciendo a la comunidad de Casa de Campo, al igual que sus visitantes y hu\u00e9spedes, una variedad de opciones gastron\u00f3micas \u2013 tanto casuales como de gala, y diversas selecciones de cocinas italianas, internacionales, del mediterr\u00e1neo,\u2026","rel":"","context":"En \u00abRestaurantes\u00bb","block_context":{"text":"Restaurantes","link":"https:\/\/casadecampoliving.com\/es\/category\/restaurantes-es\/"},"img":{"alt_text":"gino in trastevere altos de chavon","src":"https:\/\/i0.wp.com\/casadecampoliving.com\/wp-content\/uploads\/2012\/03\/gino_in_trastevere_altos_de_chavon2.jpg?fit=650%2C376&ssl=1&resize=350%2C200","width":350,"height":200,"srcset":"https:\/\/i0.wp.com\/casadecampoliving.com\/wp-content\/uploads\/2012\/03\/gino_in_trastevere_altos_de_chavon2.jpg?fit=650%2C376&ssl=1&resize=350%2C200 1x, https:\/\/i0.wp.com\/casadecampoliving.com\/wp-content\/uploads\/2012\/03\/gino_in_trastevere_altos_de_chavon2.jpg?fit=650%2C376&ssl=1&resize=525%2C300 1.5x"},"classes":[]},{"id":55379,"url":"https:\/\/casadecampoliving.com\/es\/datos-curiosos\/","url_meta":{"origin":46879,"position":1},"title":"Datos Curiosos","author":"Rebecca Silvestri","date":"31 Jul, 2012","format":false,"excerpt":"En cada edici\u00f3n de TODO Casa de Campo, la gu\u00eda y revista biling\u00fce oficial de Casa de Campo estar\u00e1 incluyendo una p\u00e1gina con datos curiosos sobre Casa de Campo! Aqu\u00ed les traemos los m\u00e1s recientes \u201cDatos Curiosos\u201d con enlaces que le permitir\u00e1n leer m\u00e1s acerca de cada uno! 1. Michael\u2026","rel":"","context":"Entrada similar","block_context":{"text":"Entrada similar","link":""},"img":{"alt_text":"todo_casa_de_campo","src":"https:\/\/i0.wp.com\/casadecampoliving-wp.s3-accelerate.amazonaws.com\/2012\/07\/Todo_casa_de_campo1.jpg?resize=350%2C200&ssl=1","width":350,"height":200,"srcset":"https:\/\/i0.wp.com\/casadecampoliving-wp.s3-accelerate.amazonaws.com\/2012\/07\/Todo_casa_de_campo1.jpg?resize=350%2C200&ssl=1 1x, https:\/\/i0.wp.com\/casadecampoliving-wp.s3-accelerate.amazonaws.com\/2012\/07\/Todo_casa_de_campo1.jpg?resize=525%2C300&ssl=1 1.5x"},"classes":[]},{"id":79200,"url":"https:\/\/casadecampoliving.com\/es\/2013-duenos\/","url_meta":{"origin":46879,"position":2},"title":"Due\u00f1os 2013: 22 &#8211; 23 de noviembre","author":"Rebecca Silvestri","date":"10 Oct, 2013","format":false,"excerpt":"Para los due\u00f1os de villa de Casa de Campo, el fin de semana anual Due\u00f1os, es uno de los mejores del a\u00f1o, es cuando tenemos la oportunidad de experimentar todo lo que Casa de Campo \u201cThe Sporting Life\u201d tiene para ofrecer, y al mismo tiempo conocer a compa\u00f1eros propietarios de\u2026","rel":"","context":"Entrada similar","block_context":{"text":"Entrada similar","link":""},"img":{"alt_text":"alfonso paniagua claudio silvestri","src":"https:\/\/i0.wp.com\/casadecampoliving.com\/wp-content\/uploads\/2012\/11\/alfonso_paniagua_claudio_silvestri.jpg?fit=650%2C436&ssl=1&resize=350%2C200","width":350,"height":200,"srcset":"https:\/\/i0.wp.com\/casadecampoliving.com\/wp-content\/uploads\/2012\/11\/alfonso_paniagua_claudio_silvestri.jpg?fit=650%2C436&ssl=1&resize=350%2C200 1x, https:\/\/i0.wp.com\/casadecampoliving.com\/wp-content\/uploads\/2012\/11\/alfonso_paniagua_claudio_silvestri.jpg?fit=650%2C436&ssl=1&resize=525%2C300 1.5x"},"classes":[]},{"id":56809,"url":"https:\/\/casadecampoliving.com\/es\/tormenta-tropical-isaac\/","url_meta":{"origin":46879,"position":3},"title":"Casa de Campo durante tormenta tropical Isaac","author":"Rebecca Silvestri","date":"24 Ago, 2012","format":false,"excerpt":"Aqu\u00ed les traemos noticias de todos los servicios y restaurantes en Casa de Campo \u2013 durante\u00a0el paso de la tormenta tropical isaac: NOTA:\u00a0Dependiendo en las condici\u00f3nes del clima esta informaci\u00f3n esta sujeto a cambios! Para confirmar por favor llamar ext. 0 Seguridad de Casa de Campo: bomberos y ambulancia \u2022\u2026","rel":"","context":"Entrada similar","block_context":{"text":"Entrada similar","link":""},"img":{"alt_text":"","src":"","width":0,"height":0},"classes":[]},{"id":54961,"url":"https:\/\/casadecampoliving.com\/es\/fin-de-semana\/","url_meta":{"origin":46879,"position":4},"title":"Un fin de semana interesante en Casa de Campo!","author":"Rebecca Silvestri","date":"24 Jul, 2012","format":false,"excerpt":"Con tantas cosas que ver y hacer aqu\u00ed, pensa- mos que necesitar\u00edan un poquito de ayuda para planificar el fin de semana perfecto! [Haga click en los links para m\u00e1s info.] Viernes \u2022 Despu\u00e9s de su viaje, rel\u00e1jese con un masaje en el Casa de Campo Spa. \u2022 Disfrute de\u2026","rel":"","context":"Entrada similar","block_context":{"text":"Entrada similar","link":""},"img":{"alt_text":"palmilla","src":"https:\/\/i0.wp.com\/casadecampoliving.com\/wp-content\/uploads\/2012\/07\/palmilla.jpg?fit=650%2C253&ssl=1&resize=350%2C200","width":350,"height":200,"srcset":"https:\/\/i0.wp.com\/casadecampoliving.com\/wp-content\/uploads\/2012\/07\/palmilla.jpg?fit=650%2C253&ssl=1&resize=350%2C200 1x, https:\/\/i0.wp.com\/casadecampoliving.com\/wp-content\/uploads\/2012\/07\/palmilla.jpg?fit=650%2C253&ssl=1&resize=525%2C300 1.5x"},"classes":[]},{"id":54420,"url":"https:\/\/casadecampoliving.com\/es\/agradables-momentos\/","url_meta":{"origin":46879,"position":5},"title":"Recordando buenos tiempos en Casa de Campo!","author":"Rebecca Silvestri","date":"19 Jul, 2012","format":false,"excerpt":"Durante los \u00faltimos meses, hemos tenido BUENOS momentos en c\u00f3cteles, eventos ben\u00e9ficos y deportivos \u2013 aqu\u00ed recapitulamos algunos de nuestros favoritos!\u00a0 Marat Legal inaugura oficina en La RomanaEl pasado viernes 15 de junio de 2012, Marat Legal, empresa con m\u00e1s de 30 a\u00f1os de experiencia en el mundo del derecho,\u2026","rel":"","context":"Entrada similar","block_context":{"text":"Entrada similar","link":""},"img":{"alt_text":"casa de campo polo","src":"https:\/\/i0.wp.com\/casadecampoliving.com\/wp-content\/uploads\/2012\/04\/casa_de_campo_polo2.jpg?fit=650%2C456&ssl=1&resize=350%2C200","width":350,"height":200,"srcset":"https:\/\/i0.wp.com\/casadecampoliving.com\/wp-content\/uploads\/2012\/04\/casa_de_campo_polo2.jpg?fit=650%2C456&ssl=1&resize=350%2C200 1x, https:\/\/i0.wp.com\/casadecampoliving.com\/wp-content\/uploads\/2012\/04\/casa_de_campo_polo2.jpg?fit=650%2C456&ssl=1&resize=525%2C300 1.5x"},"classes":[]}],"jetpack_sharing_enabled":true,"_links":{"self":[{"href":"https:\/\/casadecampoliving.com\/es\/wp-json\/wp\/v2\/pages\/46879","targetHints":{"allow":["GET"]}}],"collection":[{"href":"https:\/\/casadecampoliving.com\/es\/wp-json\/wp\/v2\/pages"}],"about":[{"href":"https:\/\/casadecampoliving.com\/es\/wp-json\/wp\/v2\/types\/page"}],"author":[{"embeddable":true,"href":"https:\/\/casadecampoliving.com\/es\/wp-json\/wp\/v2\/users\/31"}],"replies":[{"embeddable":true,"href":"https:\/\/casadecampoliving.com\/es\/wp-json\/wp\/v2\/comments?post=46879"}],"version-history":[{"count":0,"href":"https:\/\/casadecampoliving.com\/es\/wp-json\/wp\/v2\/pages\/46879\/revisions"}],"up":[{"embeddable":true,"href":"https:\/\/casadecampoliving.com\/es\/wp-json\/wp\/v2\/pages\/37451"}],"wp:featuredmedia":[{"embeddable":true,"href":"https:\/\/casadecampoliving.com\/es\/wp-json\/wp\/v2\/media\/46871"}],"wp:attachment":[{"href":"https:\/\/casadecampoliving.com\/es\/wp-json\/wp\/v2\/media?parent=46879"}],"wp:term":[{"taxonomy":"newspack_spnsrs_tax","embeddable":true,"href":"https:\/\/casadecampoliving.com\/es\/wp-json\/wp\/v2\/newspack_spnsrs_tax?post=46879"}],"curies":[{"name":"wp","href":"https:\/\/api.w.org\/{rel}","templated":true}]}}