{"id":43276,"date":"2012-01-19T15:39:30","date_gmt":"2012-01-19T19:39:30","guid":{"rendered":"http:\/\/casadecampoliving.com\/?page_id=43276"},"modified":"2022-10-21T17:23:54","modified_gmt":"2022-10-21T21:23:54","slug":"el-cafe-de-la-leche","status":"publish","type":"page","link":"https:\/\/casadecampoliving.com\/es\/el-cafe-de-la-leche\/","title":{"rendered":"El Caf\u00e9 de la Leche"},"content":{"rendered":"<div class=\"wp-block-image\">\n<figure class=\"aligncenter is-resized\"><img loading=\"lazy\" decoding=\"async\" src=\"https:\/\/i0.wp.com\/casadecampoliving-wp.s3-accelerate.amazonaws.com\/2009\/03\/main.jpg?resize=580%2C244&amp;ssl=1\" alt=\"main\" class=\"wp-image-2630\" title=\"main\" height=\"244\" width=\"580\" srcset=\"https:\/\/i0.wp.com\/casadecampoliving.com\/wp-content\/uploads\/2009\/03\/main.jpg?w=580&amp;ssl=1 580w, https:\/\/i0.wp.com\/casadecampoliving.com\/wp-content\/uploads\/2009\/03\/main.jpg?resize=300%2C126&amp;ssl=1 300w, https:\/\/i0.wp.com\/casadecampoliving-wp.s3-accelerate.amazonaws.com\/2009\/03\/main.jpg?w=370 370w, https:\/\/i0.wp.com\/casadecampoliving-wp.s3-accelerate.amazonaws.com\/2009\/03\/main.jpg?w=400 400w\" sizes=\"auto, (max-width: 580px) 100vw, 580px\" \/><\/figure>\n<\/div>\n\n\n<p class=\"has-text-align-left\">El Caf\u00e9 de la Leche es un evento ben\u00e9fico que se realiza mensualmente, acompa\u00f1ado de un poco de t\u00e9 o caf\u00e9, en donde las damas de Casa de Campo (a\u00fan cuando se presentan caballeros de vez en cuando) por lo general se re\u00fanen el primer viernes. Cada mes, este Caf\u00e9 de la Leche es organizado por una persona distinta, en su villa privada de Casa de Campo o en alg\u00fan restaurante o negocio.<\/p>\n\n\n\n<p class=\"has-text-align-left\">El prop\u00f3sito del Caf\u00e9 de la Leche es proveer leche para el Hogar del Ni\u00f1o (un centro educacional y \u201cday care\u201d en La Romana) \u2013 que utiliza leche para alimentar a m\u00e1s de 200 beb\u00e9s que a diario son cuidados en la sala de cunas del lugar.<\/p>\n\n\n\n<p>Todos son bienvenidos a acudir a esta actividad, y es totalmente gratis! Casa persona le es solicitado colaborar con al menos una lata de leche en polvo, cereales o f\u00f3rmulas para beb\u00e9s.<\/p>\n\n\n\n<p><strong><strong>Nunca ha acudido al Caf\u00e9 de la Leche? Aqu\u00ed lo que puede encontrar:<\/strong><br>\n<\/strong>1. &nbsp;Un buffet de comida ligera<br>\n2. Una selecci\u00f3n de bebidas<br>\n3. Un extraordinario grupo de damas (normalmente 50 y a veces hasta 100 personas, dependiendo de la temporada).<br>\n4. Vestimenta: No hay un c\u00f3digo de vestimenta, pero como esto es Casa de Campo y a todos les encanta lucir bien, encontrar\u00e1 a personas vestidas con jeans blanco, top o blusas y hermosos vestidos casuales y sandalias.<br>\n5. Mosquitos: Se realiza entre 5pm a 7pm, m\u00e1s o menos al atardecer, lo que implica que habr\u00e1 muchos mosquitos.. convendr\u00eda utilizar un poco de repelente!<br>\n6. Su contribuci\u00f3n: Hay muchas marcas de leche en polvo, no se preocupe por cu\u00e1l escoja, todas son bien recibidas! S\u00f3lo deje su contribuci\u00f3n en la entrada, notar\u00e1 la pila de leche enseguida!<br>\n7. Pase un momento agradable \u2013 a\u00fan no conozca a las personas all\u00ed presentes, todas y todos son muy buena gente y generalmente hablan distintos idiomas!<\/p>\n\n\n\n<p><strong>Haga click en los siguientes links para ver eventos previos del Caf\u00e9 de la Leche:<\/strong><\/p>\n","protected":false},"excerpt":{"rendered":"<p>El Caf\u00e9 de la Leche es un evento ben\u00e9fico que se realiza mensualmente, acompa\u00f1ado de un poco de t\u00e9 o caf\u00e9, en donde las damas de Casa de Campo (a\u00fan cuando se presentan caballeros de vez en cuando) por lo general se re\u00fanen el primer viernes. Cada mes, este Caf\u00e9 de la Leche es organizado [&hellip;]<\/p>\n","protected":false},"author":21,"featured_media":2630,"parent":0,"menu_order":0,"comment_status":"closed","ping_status":"closed","template":"","meta":{"newspack_ads_suppress_ads":false,"newspack_popups_has_disabled_popups":false,"newspack_sponsor_sponsorship_scope":"","newspack_sponsor_native_byline_display":"inherit","newspack_sponsor_native_category_display":"inherit","newspack_sponsor_underwriter_style":"inherit","newspack_sponsor_underwriter_placement":"inherit","newspack_content_restriction_is_exempt":false,"newspack_featured_image_position":"","newspack_hide_page_title":false,"newspack_show_share_buttons":false,"footnotes":""},"newspack_spnsrs_tax":[],"class_list":["post-43276","page","type-page","status-publish","has-post-thumbnail","hentry","entry"],"yoast_head":"<!-- This site is optimized with the Yoast SEO plugin v27.5 - https:\/\/yoast.com\/product\/yoast-seo-wordpress\/ -->\n<title>El Caf\u00e9 de la Leche | Casa de Campo Living<\/title>\n<meta name=\"description\" content=\"El Caf\u00e9 de la Leche es un evento ben\u00e9fico que se realiza mensualmente, acompa\u00f1ado de un poco de t\u00e9 o caf\u00e9, en donde las damas de Casa de Campo (a\u00fan cuando\" \/>\n<meta name=\"robots\" content=\"index, follow, max-snippet:-1, max-image-preview:large, max-video-preview:-1\" \/>\n<link rel=\"canonical\" href=\"https:\/\/casadecampoliving.com\/es\/el-cafe-de-la-leche\/\" \/>\n<meta property=\"og:locale\" content=\"es_ES\" \/>\n<meta property=\"og:type\" content=\"article\" \/>\n<meta property=\"og:title\" content=\"El Caf\u00e9 de la Leche | Casa de Campo Living\" \/>\n<meta property=\"og:description\" content=\"El Caf\u00e9 de la Leche es un evento ben\u00e9fico que se realiza mensualmente, acompa\u00f1ado de un poco de t\u00e9 o caf\u00e9, en donde las damas de Casa de Campo (a\u00fan cuando\" \/>\n<meta property=\"og:url\" content=\"https:\/\/casadecampoliving.com\/es\/el-cafe-de-la-leche\/\" \/>\n<meta property=\"og:site_name\" content=\"Casa de Campo Living\" \/>\n<meta property=\"article:publisher\" content=\"https:\/\/www.facebook.com\/casadecampoliving\" \/>\n<meta property=\"article:modified_time\" content=\"2022-10-21T21:23:54+00:00\" \/>\n<meta property=\"og:image\" content=\"https:\/\/i0.wp.com\/casadecampoliving.com\/wp-content\/uploads\/2009\/03\/main.jpg?fit=580%2C244&ssl=1\" \/>\n\t<meta property=\"og:image:width\" content=\"580\" \/>\n\t<meta property=\"og:image:height\" content=\"244\" \/>\n\t<meta property=\"og:image:type\" content=\"image\/jpeg\" \/>\n<meta name=\"twitter:card\" content=\"summary_large_image\" \/>\n<meta name=\"twitter:site\" content=\"@cdcliving\" \/>\n<meta name=\"twitter:label1\" content=\"Tiempo de lectura\" \/>\n\t<meta name=\"twitter:data1\" content=\"2 minutos\" \/>\n<script type=\"application\/ld+json\" class=\"yoast-schema-graph\">{\"@context\":\"https:\\\/\\\/schema.org\",\"@graph\":[{\"@type\":\"WebPage\",\"@id\":\"https:\\\/\\\/casadecampoliving.com\\\/es\\\/el-cafe-de-la-leche\\\/\",\"url\":\"https:\\\/\\\/casadecampoliving.com\\\/es\\\/el-cafe-de-la-leche\\\/\",\"name\":\"El Caf\u00e9 de la Leche | Casa de Campo Living\",\"isPartOf\":{\"@id\":\"https:\\\/\\\/casadecampoliving.com\\\/es\\\/#website\"},\"primaryImageOfPage\":{\"@id\":\"https:\\\/\\\/casadecampoliving.com\\\/es\\\/el-cafe-de-la-leche\\\/#primaryimage\"},\"image\":{\"@id\":\"https:\\\/\\\/casadecampoliving.com\\\/es\\\/el-cafe-de-la-leche\\\/#primaryimage\"},\"thumbnailUrl\":\"https:\\\/\\\/i0.wp.com\\\/casadecampoliving.com\\\/wp-content\\\/uploads\\\/2009\\\/03\\\/main.jpg?fit=580%2C244&ssl=1\",\"datePublished\":\"2012-01-19T19:39:30+00:00\",\"dateModified\":\"2022-10-21T21:23:54+00:00\",\"description\":\"El Caf\u00e9 de la Leche es un evento ben\u00e9fico que se realiza mensualmente, acompa\u00f1ado de un poco de t\u00e9 o caf\u00e9, en donde las damas de Casa de Campo (a\u00fan cuando\",\"breadcrumb\":{\"@id\":\"https:\\\/\\\/casadecampoliving.com\\\/es\\\/el-cafe-de-la-leche\\\/#breadcrumb\"},\"inLanguage\":\"es\",\"potentialAction\":[{\"@type\":\"ReadAction\",\"target\":[\"https:\\\/\\\/casadecampoliving.com\\\/es\\\/el-cafe-de-la-leche\\\/\"]}]},{\"@type\":\"ImageObject\",\"inLanguage\":\"es\",\"@id\":\"https:\\\/\\\/casadecampoliving.com\\\/es\\\/el-cafe-de-la-leche\\\/#primaryimage\",\"url\":\"https:\\\/\\\/i0.wp.com\\\/casadecampoliving.com\\\/wp-content\\\/uploads\\\/2009\\\/03\\\/main.jpg?fit=580%2C244&ssl=1\",\"contentUrl\":\"https:\\\/\\\/i0.wp.com\\\/casadecampoliving.com\\\/wp-content\\\/uploads\\\/2009\\\/03\\\/main.jpg?fit=580%2C244&ssl=1\",\"width\":\"580\",\"height\":\"244\"},{\"@type\":\"BreadcrumbList\",\"@id\":\"https:\\\/\\\/casadecampoliving.com\\\/es\\\/el-cafe-de-la-leche\\\/#breadcrumb\",\"itemListElement\":[{\"@type\":\"ListItem\",\"position\":1,\"name\":\"Home\",\"item\":\"https:\\\/\\\/casadecampoliving.com\\\/es\\\/\"},{\"@type\":\"ListItem\",\"position\":2,\"name\":\"El Caf\u00e9 de la Leche\"}]},{\"@type\":\"WebSite\",\"@id\":\"https:\\\/\\\/casadecampoliving.com\\\/es\\\/#website\",\"url\":\"https:\\\/\\\/casadecampoliving.com\\\/es\\\/\",\"name\":\"Casa de Campo Living\",\"description\":\"Resort community news and resources.\",\"publisher\":{\"@id\":\"https:\\\/\\\/casadecampoliving.com\\\/es\\\/#organization\"},\"potentialAction\":[{\"@type\":\"SearchAction\",\"target\":{\"@type\":\"EntryPoint\",\"urlTemplate\":\"https:\\\/\\\/casadecampoliving.com\\\/es\\\/?s={search_term_string}\"},\"query-input\":{\"@type\":\"PropertyValueSpecification\",\"valueRequired\":true,\"valueName\":\"search_term_string\"}}],\"inLanguage\":\"es\"},{\"@type\":\"Organization\",\"@id\":\"https:\\\/\\\/casadecampoliving.com\\\/es\\\/#organization\",\"name\":\"Casa de Campo Living\",\"url\":\"https:\\\/\\\/casadecampoliving.com\\\/es\\\/\",\"logo\":{\"@type\":\"ImageObject\",\"inLanguage\":\"es\",\"@id\":\"https:\\\/\\\/casadecampoliving.com\\\/es\\\/#\\\/schema\\\/logo\\\/image\\\/\",\"url\":\"https:\\\/\\\/i0.wp.com\\\/casadecampoliving.com\\\/wp-content\\\/uploads\\\/2022\\\/07\\\/CDCLivingLogo_V1-white-sized.png?fit=800%2C214&ssl=1\",\"contentUrl\":\"https:\\\/\\\/i0.wp.com\\\/casadecampoliving.com\\\/wp-content\\\/uploads\\\/2022\\\/07\\\/CDCLivingLogo_V1-white-sized.png?fit=800%2C214&ssl=1\",\"width\":800,\"height\":214,\"caption\":\"Casa de Campo Living\"},\"image\":{\"@id\":\"https:\\\/\\\/casadecampoliving.com\\\/es\\\/#\\\/schema\\\/logo\\\/image\\\/\"},\"sameAs\":[\"https:\\\/\\\/www.facebook.com\\\/casadecampoliving\",\"https:\\\/\\\/x.com\\\/cdcliving\"]}]}<\/script>\n<!-- \/ Yoast SEO plugin. -->","yoast_head_json":{"title":"El Caf\u00e9 de la Leche | Casa de Campo Living","description":"El Caf\u00e9 de la Leche es un evento ben\u00e9fico que se realiza mensualmente, acompa\u00f1ado de un poco de t\u00e9 o caf\u00e9, en donde las damas de Casa de Campo (a\u00fan cuando","robots":{"index":"index","follow":"follow","max-snippet":"max-snippet:-1","max-image-preview":"max-image-preview:large","max-video-preview":"max-video-preview:-1"},"canonical":"https:\/\/casadecampoliving.com\/es\/el-cafe-de-la-leche\/","og_locale":"es_ES","og_type":"article","og_title":"El Caf\u00e9 de la Leche | Casa de Campo Living","og_description":"El Caf\u00e9 de la Leche es un evento ben\u00e9fico que se realiza mensualmente, acompa\u00f1ado de un poco de t\u00e9 o caf\u00e9, en donde las damas de Casa de Campo (a\u00fan cuando","og_url":"https:\/\/casadecampoliving.com\/es\/el-cafe-de-la-leche\/","og_site_name":"Casa de Campo Living","article_publisher":"https:\/\/www.facebook.com\/casadecampoliving","article_modified_time":"2022-10-21T21:23:54+00:00","og_image":[{"width":580,"height":244,"url":"https:\/\/i0.wp.com\/casadecampoliving.com\/wp-content\/uploads\/2009\/03\/main.jpg?fit=580%2C244&ssl=1","type":"image\/jpeg"}],"twitter_card":"summary_large_image","twitter_site":"@cdcliving","twitter_misc":{"Tiempo de lectura":"2 minutos"},"schema":{"@context":"https:\/\/schema.org","@graph":[{"@type":"WebPage","@id":"https:\/\/casadecampoliving.com\/es\/el-cafe-de-la-leche\/","url":"https:\/\/casadecampoliving.com\/es\/el-cafe-de-la-leche\/","name":"El Caf\u00e9 de la Leche | Casa de Campo Living","isPartOf":{"@id":"https:\/\/casadecampoliving.com\/es\/#website"},"primaryImageOfPage":{"@id":"https:\/\/casadecampoliving.com\/es\/el-cafe-de-la-leche\/#primaryimage"},"image":{"@id":"https:\/\/casadecampoliving.com\/es\/el-cafe-de-la-leche\/#primaryimage"},"thumbnailUrl":"https:\/\/i0.wp.com\/casadecampoliving.com\/wp-content\/uploads\/2009\/03\/main.jpg?fit=580%2C244&ssl=1","datePublished":"2012-01-19T19:39:30+00:00","dateModified":"2022-10-21T21:23:54+00:00","description":"El Caf\u00e9 de la Leche es un evento ben\u00e9fico que se realiza mensualmente, acompa\u00f1ado de un poco de t\u00e9 o caf\u00e9, en donde las damas de Casa de Campo (a\u00fan cuando","breadcrumb":{"@id":"https:\/\/casadecampoliving.com\/es\/el-cafe-de-la-leche\/#breadcrumb"},"inLanguage":"es","potentialAction":[{"@type":"ReadAction","target":["https:\/\/casadecampoliving.com\/es\/el-cafe-de-la-leche\/"]}]},{"@type":"ImageObject","inLanguage":"es","@id":"https:\/\/casadecampoliving.com\/es\/el-cafe-de-la-leche\/#primaryimage","url":"https:\/\/i0.wp.com\/casadecampoliving.com\/wp-content\/uploads\/2009\/03\/main.jpg?fit=580%2C244&ssl=1","contentUrl":"https:\/\/i0.wp.com\/casadecampoliving.com\/wp-content\/uploads\/2009\/03\/main.jpg?fit=580%2C244&ssl=1","width":"580","height":"244"},{"@type":"BreadcrumbList","@id":"https:\/\/casadecampoliving.com\/es\/el-cafe-de-la-leche\/#breadcrumb","itemListElement":[{"@type":"ListItem","position":1,"name":"Home","item":"https:\/\/casadecampoliving.com\/es\/"},{"@type":"ListItem","position":2,"name":"El Caf\u00e9 de la Leche"}]},{"@type":"WebSite","@id":"https:\/\/casadecampoliving.com\/es\/#website","url":"https:\/\/casadecampoliving.com\/es\/","name":"Casa de Campo Living","description":"Resort community news and resources.","publisher":{"@id":"https:\/\/casadecampoliving.com\/es\/#organization"},"potentialAction":[{"@type":"SearchAction","target":{"@type":"EntryPoint","urlTemplate":"https:\/\/casadecampoliving.com\/es\/?s={search_term_string}"},"query-input":{"@type":"PropertyValueSpecification","valueRequired":true,"valueName":"search_term_string"}}],"inLanguage":"es"},{"@type":"Organization","@id":"https:\/\/casadecampoliving.com\/es\/#organization","name":"Casa de Campo Living","url":"https:\/\/casadecampoliving.com\/es\/","logo":{"@type":"ImageObject","inLanguage":"es","@id":"https:\/\/casadecampoliving.com\/es\/#\/schema\/logo\/image\/","url":"https:\/\/i0.wp.com\/casadecampoliving.com\/wp-content\/uploads\/2022\/07\/CDCLivingLogo_V1-white-sized.png?fit=800%2C214&ssl=1","contentUrl":"https:\/\/i0.wp.com\/casadecampoliving.com\/wp-content\/uploads\/2022\/07\/CDCLivingLogo_V1-white-sized.png?fit=800%2C214&ssl=1","width":800,"height":214,"caption":"Casa de Campo Living"},"image":{"@id":"https:\/\/casadecampoliving.com\/es\/#\/schema\/logo\/image\/"},"sameAs":["https:\/\/www.facebook.com\/casadecampoliving","https:\/\/x.com\/cdcliving"]}]}},"parsely":{"version":"1.1.0","canonical_url":"https:\/\/casadecampoliving.com\/es\/el-cafe-de-la-leche\/","smart_links":{"inbound":0,"outbound":0},"traffic_boost_suggestions_count":0,"meta":{"@context":"https:\/\/schema.org","@type":"WebPage","headline":"El Caf\u00e9 de la Leche","url":"http:\/\/casadecampoliving.com\/es\/el-cafe-de-la-leche\/","mainEntityOfPage":{"@type":"WebPage","@id":"http:\/\/casadecampoliving.com\/es\/el-cafe-de-la-leche\/"},"thumbnailUrl":"https:\/\/i0.wp.com\/casadecampoliving.com\/wp-content\/uploads\/2009\/03\/main.jpg?resize=150%2C150&ssl=1","image":{"@type":"ImageObject","url":"https:\/\/i0.wp.com\/casadecampoliving.com\/wp-content\/uploads\/2009\/03\/main.jpg?fit=580%2C244&ssl=1"},"articleSection":"Fundaciones","author":[{"@type":"Person","name":"FB_515917546"}],"creator":["FB_515917546"],"publisher":{"@type":"Organization","name":"Casa de Campo Living","logo":"https:\/\/casadecampoliving.com\/wp-content\/uploads\/2022\/07\/CDCLivingLogo_V1-white-sized.png"},"keywords":[],"dateCreated":"2012-01-19T19:39:30Z","datePublished":"2012-01-19T19:39:30Z","dateModified":"2022-10-21T21:23:54Z"},"rendered":"<script type=\"application\/ld+json\" class=\"wp-parsely-metadata\">{\"@context\":\"https:\\\/\\\/schema.org\",\"@type\":\"WebPage\",\"headline\":\"El Caf\\u00e9 de la Leche\",\"url\":\"http:\\\/\\\/casadecampoliving.com\\\/es\\\/el-cafe-de-la-leche\\\/\",\"mainEntityOfPage\":{\"@type\":\"WebPage\",\"@id\":\"http:\\\/\\\/casadecampoliving.com\\\/es\\\/el-cafe-de-la-leche\\\/\"},\"thumbnailUrl\":\"https:\\\/\\\/i0.wp.com\\\/casadecampoliving.com\\\/wp-content\\\/uploads\\\/2009\\\/03\\\/main.jpg?resize=150%2C150&ssl=1\",\"image\":{\"@type\":\"ImageObject\",\"url\":\"https:\\\/\\\/i0.wp.com\\\/casadecampoliving.com\\\/wp-content\\\/uploads\\\/2009\\\/03\\\/main.jpg?fit=580%2C244&ssl=1\"},\"articleSection\":\"Fundaciones\",\"author\":[{\"@type\":\"Person\",\"name\":\"FB_515917546\"}],\"creator\":[\"FB_515917546\"],\"publisher\":{\"@type\":\"Organization\",\"name\":\"Casa de Campo Living\",\"logo\":\"https:\\\/\\\/casadecampoliving.com\\\/wp-content\\\/uploads\\\/2022\\\/07\\\/CDCLivingLogo_V1-white-sized.png\"},\"keywords\":[],\"dateCreated\":\"2012-01-19T19:39:30Z\",\"datePublished\":\"2012-01-19T19:39:30Z\",\"dateModified\":\"2022-10-21T21:23:54Z\"}<\/script>","tracker_url":"https:\/\/cdn.parsely.com\/keys\/casadecampoliving.com\/p.js"},"jetpack-related-posts":[{"id":82557,"url":"https:\/\/casadecampoliving.com\/es\/epoca-navidena-altos-de-chavon\/","url_meta":{"origin":43276,"position":0},"title":"Inauguraci\u00f3n de la \u00e9poca navide\u00f1a &#8211; dic. 13","author":"Rebecca Silvestri","date":"7 Dic, 2013","format":false,"excerpt":"Este viernes 13 de diciembre, marcar\u00e1 el inicio oficial de la temporada navide\u00f1a en Casa de Campo, una ocasi\u00f3n la cual ser\u00e1 celebrada en Altos de Chav\u00f3n con la primera aparici\u00f3n de Santa Claus, la ceremonia de encendida del \u00e1rbol navide\u00f1o y hasta un concierto. La celebraci\u00f3n comenzar\u00e1 con la\u2026","rel":"","context":"Entrada similar","block_context":{"text":"Entrada similar","link":""},"img":{"alt_text":"Holidays Altos de Chavon","src":"https:\/\/i0.wp.com\/casadecampoliving.com\/wp-content\/uploads\/2013\/12\/holidays_altos_de_chavon.jpg?fit=650%2C455&ssl=1&resize=350%2C200","width":350,"height":200,"srcset":"https:\/\/i0.wp.com\/casadecampoliving.com\/wp-content\/uploads\/2013\/12\/holidays_altos_de_chavon.jpg?fit=650%2C455&ssl=1&resize=350%2C200 1x, https:\/\/i0.wp.com\/casadecampoliving.com\/wp-content\/uploads\/2013\/12\/holidays_altos_de_chavon.jpg?fit=650%2C455&ssl=1&resize=525%2C300 1.5x"},"classes":[]},{"id":74572,"url":"https:\/\/casadecampoliving.com\/es\/el-atardecer\/","url_meta":{"origin":43276,"position":1},"title":"\u00a1El Atardecer con Sabor a M\u00fasica en el Azimut Caf\u00e9 es este s\u00e1bado!","author":"Rebecca Silvestri","date":"22 Jul, 2013","format":false,"excerpt":"Los Atardeceres con Sabor a M\u00fasica,\u00a0regularmente en el Caf\u00e9 Azimut en La Marina Casa de Campo son organizados por Mauro Caslini, Presidente y Director General de IB Nautica y su hija Alice Caslini de Moriconi, propietaria y Directora de Ventas y Marketing de IBI Yates. Este d\u00fao din\u00e1mico le invita\u2026","rel":"","context":"Entrada similar","block_context":{"text":"Entrada similar","link":""},"img":{"alt_text":"marina casa de campo","src":"https:\/\/i0.wp.com\/casadecampoliving-wp.s3-accelerate.amazonaws.com\/2012\/07\/marina_casa_de_campo2.jpg?resize=350%2C200&ssl=1","width":350,"height":200,"srcset":"https:\/\/i0.wp.com\/casadecampoliving-wp.s3-accelerate.amazonaws.com\/2012\/07\/marina_casa_de_campo2.jpg?resize=350%2C200&ssl=1 1x, https:\/\/i0.wp.com\/casadecampoliving-wp.s3-accelerate.amazonaws.com\/2012\/07\/marina_casa_de_campo2.jpg?resize=525%2C300&ssl=1 1.5x"},"classes":[]},{"id":82494,"url":"https:\/\/casadecampoliving.com\/es\/sunset-jazz-azimut-cafe-21\/","url_meta":{"origin":43276,"position":2},"title":"Otro Sunset Jazz Night en Azimut Caf\u00e9 &#8211; dic. 21","author":"Rebecca Silvestri","date":"6 Dic, 2013","format":false,"excerpt":"\u00a1Guarde la fecha!\u00a0Otro Sunset Jazz en Azimut Caf\u00e9 en La Marina Casa de Campo est\u00e1 planeado para el s\u00e1bado 21 de diciembre. Si usted disfrut\u00f3 del Sunset Jazz \u00a0Night en Azimut Caf\u00e9 (el pasado viernes 29 de noviembre) lo mejor es que guarde la fecha para esta edici\u00f3n de diciembre.\u2026","rel":"","context":"Entrada similar","block_context":{"text":"Entrada similar","link":""},"img":{"alt_text":"Jazz night","src":"https:\/\/i0.wp.com\/casadecampoliving.com\/wp-content\/uploads\/2013\/12\/jazz-night.jpg?fit=650%2C433&ssl=1&resize=350%2C200","width":350,"height":200,"srcset":"https:\/\/i0.wp.com\/casadecampoliving.com\/wp-content\/uploads\/2013\/12\/jazz-night.jpg?fit=650%2C433&ssl=1&resize=350%2C200 1x, https:\/\/i0.wp.com\/casadecampoliving.com\/wp-content\/uploads\/2013\/12\/jazz-night.jpg?fit=650%2C433&ssl=1&resize=525%2C300 1.5x"},"classes":[]},{"id":74567,"url":"https:\/\/casadecampoliving.com\/es\/atardecer-con-sabo\/","url_meta":{"origin":43276,"position":3},"title":"\u00a1El Atardecer con Sabor a M\u00fasica en el Azimut Caf\u00e9 is este s\u00e1bado!","author":"Rebecca Silvestri","date":"22 Jul, 2013","format":false,"excerpt":"\u00a1Excelentes noticias! \u2013 otro Atardecer con Sabor a M\u00fasica en el Azimut Caf\u00e9 tendr\u00e1 lugar este s\u00e1bado 27 de julio, y \u00a1esperamos verlos a todos all\u00ed! Los Atardeceres con Sabor a M\u00fasica,\u00a0regularmente en el Caf\u00e9 Azimut en La Marina Casa de Campo son organizados por Mauro Caslini, Presidente y Director\u2026","rel":"","context":"Entrada similar","block_context":{"text":"Entrada similar","link":""},"img":{"alt_text":"","src":"","width":0,"height":0},"classes":[]},{"id":54826,"url":"https:\/\/casadecampoliving.com\/es\/azimutcafe\/","url_meta":{"origin":43276,"position":4},"title":"El Azimut Caf\u00e9 en la Marina Casa de Campo","author":"Rebecca Silvestri","date":"24 Jul, 2012","format":false,"excerpt":"Popularly known as the \u201cCafe de la esquinita\u201d (the Caf\u00e9 on the corner), the Azimut Caf\u00e9, ran by the IBI Nautica Group is\u00a0a place where Azimut clients, yacht owners, nautical enthusiasts, yacht crew, as well as members of the Casa de Campo community and visitors can enjoy a great coffee\u2026","rel":"","context":"Entrada similar","block_context":{"text":"Entrada similar","link":""},"img":{"alt_text":"azimut cafe","src":"https:\/\/i0.wp.com\/casadecampoliving.com\/wp-content\/uploads\/2012\/07\/azimut_cafe1.jpg?fit=650%2C349&ssl=1&resize=350%2C200","width":350,"height":200,"srcset":"https:\/\/i0.wp.com\/casadecampoliving.com\/wp-content\/uploads\/2012\/07\/azimut_cafe1.jpg?fit=650%2C349&ssl=1&resize=350%2C200 1x, https:\/\/i0.wp.com\/casadecampoliving.com\/wp-content\/uploads\/2012\/07\/azimut_cafe1.jpg?fit=650%2C349&ssl=1&resize=525%2C300 1.5x"},"classes":[]},{"id":43171,"url":"https:\/\/casadecampoliving.com\/cafe-de-la-leche\/","url_meta":{"origin":43276,"position":5},"title":"Cafe de la Leche","author":"Rebecca Silvestri","date":"19 Ene, 2012","format":false,"excerpt":"The Cafe de la Leche is a monthly charitable event, a little like a coffee or a tea party held for the ladies of Casa de Campo (although men are occasionally invited) and usually takes place on the first Friday of the month, hosted by a member of the Casa\u2026","rel":"","context":"En \u00abPhilanthrophy\u00bb","block_context":{"text":"Philanthrophy","link":"https:\/\/casadecampoliving.com\/category\/philanthrophy\/"},"img":{"alt_text":"","src":"https:\/\/i0.wp.com\/casadecampoliving.com\/wp-content\/uploads\/2009\/03\/main.jpg?fit=580%2C244&ssl=1&resize=350%2C200","width":350,"height":200,"srcset":"https:\/\/i0.wp.com\/casadecampoliving.com\/wp-content\/uploads\/2009\/03\/main.jpg?fit=580%2C244&ssl=1&resize=350%2C200 1x, https:\/\/i0.wp.com\/casadecampoliving.com\/wp-content\/uploads\/2009\/03\/main.jpg?fit=580%2C244&ssl=1&resize=525%2C300 1.5x"},"classes":[]}],"jetpack_sharing_enabled":true,"_links":{"self":[{"href":"https:\/\/casadecampoliving.com\/es\/wp-json\/wp\/v2\/pages\/43276","targetHints":{"allow":["GET"]}}],"collection":[{"href":"https:\/\/casadecampoliving.com\/es\/wp-json\/wp\/v2\/pages"}],"about":[{"href":"https:\/\/casadecampoliving.com\/es\/wp-json\/wp\/v2\/types\/page"}],"author":[{"embeddable":true,"href":"https:\/\/casadecampoliving.com\/es\/wp-json\/wp\/v2\/users\/21"}],"replies":[{"embeddable":true,"href":"https:\/\/casadecampoliving.com\/es\/wp-json\/wp\/v2\/comments?post=43276"}],"version-history":[{"count":0,"href":"https:\/\/casadecampoliving.com\/es\/wp-json\/wp\/v2\/pages\/43276\/revisions"}],"wp:featuredmedia":[{"embeddable":true,"href":"https:\/\/casadecampoliving.com\/es\/wp-json\/wp\/v2\/media\/2630"}],"wp:attachment":[{"href":"https:\/\/casadecampoliving.com\/es\/wp-json\/wp\/v2\/media?parent=43276"}],"wp:term":[{"taxonomy":"newspack_spnsrs_tax","embeddable":true,"href":"https:\/\/casadecampoliving.com\/es\/wp-json\/wp\/v2\/newspack_spnsrs_tax?post=43276"}],"curies":[{"name":"wp","href":"https:\/\/api.w.org\/{rel}","templated":true}]}}