{"id":42902,"date":"2012-03-20T10:55:56","date_gmt":"2012-03-20T14:55:56","guid":{"rendered":"http:\/\/casadecampoliving.com\/?page_id=42902"},"modified":"2022-10-21T17:23:48","modified_gmt":"2022-10-21T21:23:48","slug":"la-fundacion-mir","status":"publish","type":"page","link":"https:\/\/casadecampoliving.com\/es\/la-fundacion-mir\/","title":{"rendered":"La Fundaci\u00f3n MIR"},"content":{"rendered":"<div class=\"wp-block-image\">\n<figure class=\"aligncenter is-resized\"><img loading=\"lazy\" decoding=\"async\" src=\"https:\/\/i0.wp.com\/casadecampoliving-wp.s3-accelerate.amazonaws.com\/2012\/03\/fundacionMIR_casadecampo.jpg?resize=650%2C259&amp;ssl=1\" alt=\"fundacion MIR la romana\" class=\"wp-image-46792\" title=\"fundacionMIR_casadecampo\" height=\"259\" width=\"650\" srcset=\"https:\/\/i0.wp.com\/casadecampoliving.com\/wp-content\/uploads\/2012\/03\/fundacionMIR_casadecampo.jpg?w=650&amp;ssl=1 650w, https:\/\/i0.wp.com\/casadecampoliving.com\/wp-content\/uploads\/2012\/03\/fundacionMIR_casadecampo.jpg?resize=300%2C119&amp;ssl=1 300w, https:\/\/i0.wp.com\/casadecampoliving-wp.s3-accelerate.amazonaws.com\/2012\/03\/fundacionMIR_casadecampo.jpg?w=370 370w, https:\/\/i0.wp.com\/casadecampoliving-wp.s3-accelerate.amazonaws.com\/2012\/03\/fundacionMIR_casadecampo.jpg?w=400 400w\" sizes=\"auto, (max-width: 650px) 100vw, 650px\" \/><\/figure>\n<\/div>\n\n\n<p><strong><\/strong><br>\nLa<a href=\"http:\/\/wp.me\/p1kvEy-cbk\">&nbsp;Fundaci\u00f3n MIR<\/a>&nbsp;es una organizaci\u00f3n sin fines de lucro que trabaja para educar a los ni\u00f1os de escasos recursos del \u00e1rea de La Romana. La fundaci\u00f3n administra tres escuelas que velan por las necesidades de m\u00e1s de 1,000 ni\u00f1os; MIR Esperanza (escuela vocacional de ni\u00f1os), la Escuela T\u00e9cnico Vocacional Fundaci\u00f3n MIR (para las ni\u00f1as) y la <a href=\"https:\/\/casadecampoliving.com\/es\/2011\/01\/la-fundacion-mir-inaugura-su-nueva-escuela-primaria-mir\/\">Primaria MIR<\/a> (para los m\u00e1s peque\u00f1os).<\/p>\n\n\n\n<blockquote><figure><img decoding=\"async\" loading=\"lazy\" class=\"alignleft  wp-image-46795\" style=\"margin-left: 15px; margin-right: 15px;\" title=\"lian_fanjul_azqueta\" src=\"https:\/\/i0.wp.com\/casadecampoliving-wp.s3-accelerate.amazonaws.com\/2012\/03\/lian_fanjul_azqueta.jpg?resize=119%2C203&amp;ssl=1\" alt=\"lian fanjul de azqueta\" width=\"119\" height=\"203\" srcset=\"https:\/\/i0.wp.com\/casadecampoliving.com\/wp-content\/uploads\/2012\/03\/lian_fanjul_azqueta.jpg?w=186&amp;ssl=1 186w, https:\/\/i0.wp.com\/casadecampoliving.com\/wp-content\/uploads\/2012\/03\/lian_fanjul_azqueta.jpg?resize=176%2C300&amp;ssl=1 176w\" sizes=\"auto, (max-width: 119px) 100vw, 119px\"><\/figure><p>\u201cLa educaci\u00f3n se ha convertido en nuestro principal objetivo porque esperamos formar j\u00f3venes que se convertir\u00e1n en l\u00edderes en sus familias, comunidades y en su pa\u00eds. Hacer una inversi\u00f3n en la juventud de nuestra naci\u00f3n nos beneficia a todos. Es s\u00f3lo con nuestra generosidad que muchos tienen la oportunidad de participar en esta experiencia educativa\u201d.<\/p><p>\u2014- Lian Fanjul de Azqueta, presidente y fundadora de la Fundaci\u00f3n MIR<\/p><\/blockquote>\n\n\n\n<p>La Fundaci\u00f3n MIR fue fundada en 1988 por Lian Fanjul de Azqueta, cuando su hermano, Alfy Fanjul gan\u00f3 el Torneo de Golf \u201cSugar\u201d y don\u00f3 su premio a su hermana, el cual utiliz\u00f3 para fundar \u201cCasa de Paz\u201d, la cual creci\u00f3 hasta ser llamada hoy, Fundaci\u00f3n MIR.<\/p>\n\n\n\n<blockquote><p><span style=\"text-decoration: underline;\"><strong>The Fundaci\u00f3n MIR<\/strong><\/span><\/p><figure><img decoding=\"async\" loading=\"lazy\" class=\"alignright\" style=\"margin-left: 15px; margin-right: 15px;\" title=\"fundacion_MIR\" src=\"https:\/\/i0.wp.com\/casadecampoliving-wp.s3-accelerate.amazonaws.com\/2011\/04\/fundacion_MIR.jpg?resize=144%2C138&amp;ssl=1\" alt=\"\" width=\"144\" height=\"138\"><\/figure><p><strong>OFICINA WEST PALM BEACH<\/strong><br>\nMission International Rescue Charities<br>\n626 North Dixie HWY, West Palm Beach, Florida 33401<br>\nTel:&nbsp;(561) 366-5095<br>\nEmail:&nbsp;info@fundacionmir.org<\/p><p><strong>OFICINA&nbsp;REP\u00daBLICA&nbsp;DOMINICANA<\/strong><br>\nFundaci\u00f3n MIR Casa de Campo<br>\nLa Romana, Rep\u00fablica Dominicana<br>\nTel: (809) 523-8270<br>\nEmail:&nbsp;magdalena@fundacionmir.org<\/p><p><strong><a href=\"http:\/\/www.mircharities.org\/\">www.mircharities.org<\/a><\/strong><\/p><\/blockquote>\n","protected":false},"excerpt":{"rendered":"<p>La&nbsp;Fundaci\u00f3n MIR&nbsp;es una organizaci\u00f3n sin fines de lucro que trabaja para educar a los ni\u00f1os de escasos recursos del \u00e1rea de La Romana. La fundaci\u00f3n administra tres escuelas que velan por las necesidades de m\u00e1s de 1,000 ni\u00f1os; MIR Esperanza (escuela vocacional de ni\u00f1os), la Escuela T\u00e9cnico Vocacional Fundaci\u00f3n MIR (para las ni\u00f1as) y la [&hellip;]<\/p>\n","protected":false},"author":31,"featured_media":46792,"parent":0,"menu_order":0,"comment_status":"closed","ping_status":"closed","template":"","meta":{"newspack_ads_suppress_ads":false,"newspack_popups_has_disabled_popups":false,"newspack_sponsor_sponsorship_scope":"","newspack_sponsor_native_byline_display":"inherit","newspack_sponsor_native_category_display":"inherit","newspack_sponsor_underwriter_style":"inherit","newspack_sponsor_underwriter_placement":"inherit","newspack_content_restriction_is_exempt":false,"newspack_featured_image_position":"","newspack_hide_page_title":false,"newspack_show_share_buttons":false,"footnotes":""},"newspack_spnsrs_tax":[],"class_list":["post-42902","page","type-page","status-publish","has-post-thumbnail","hentry","entry"],"yoast_head":"<!-- This site is optimized with the Yoast SEO plugin v27.5 - https:\/\/yoast.com\/product\/yoast-seo-wordpress\/ -->\n<title>La Fundaci\u00f3n MIR | Casa de Campo Living<\/title>\n<meta name=\"description\" content=\"La&nbsp;Fundaci\u00f3n MIR&nbsp;es una organizaci\u00f3n sin fines de lucro que trabaja para educar a los ni\u00f1os de escasos recursos del \u00e1rea de La Romana. La\" \/>\n<meta name=\"robots\" content=\"index, follow, max-snippet:-1, max-image-preview:large, max-video-preview:-1\" \/>\n<link rel=\"canonical\" href=\"https:\/\/casadecampoliving.com\/es\/la-fundacion-mir\/\" \/>\n<meta property=\"og:locale\" content=\"es_ES\" \/>\n<meta property=\"og:type\" content=\"article\" \/>\n<meta property=\"og:title\" content=\"La Fundaci\u00f3n MIR | Casa de Campo Living\" \/>\n<meta property=\"og:description\" content=\"La&nbsp;Fundaci\u00f3n MIR&nbsp;es una organizaci\u00f3n sin fines de lucro que trabaja para educar a los ni\u00f1os de escasos recursos del \u00e1rea de La Romana. La\" \/>\n<meta property=\"og:url\" content=\"https:\/\/casadecampoliving.com\/es\/la-fundacion-mir\/\" \/>\n<meta property=\"og:site_name\" content=\"Casa de Campo Living\" \/>\n<meta property=\"article:publisher\" content=\"https:\/\/www.facebook.com\/casadecampoliving\" \/>\n<meta property=\"article:modified_time\" content=\"2022-10-21T21:23:48+00:00\" \/>\n<meta property=\"og:image\" content=\"https:\/\/i0.wp.com\/casadecampoliving.com\/wp-content\/uploads\/2012\/03\/fundacionMIR_casadecampo.jpg?fit=650%2C259&ssl=1\" \/>\n\t<meta property=\"og:image:width\" content=\"650\" \/>\n\t<meta property=\"og:image:height\" content=\"259\" \/>\n\t<meta property=\"og:image:type\" content=\"image\/jpeg\" \/>\n<meta name=\"twitter:card\" content=\"summary_large_image\" \/>\n<meta name=\"twitter:site\" content=\"@cdcliving\" \/>\n<meta name=\"twitter:label1\" content=\"Tiempo de lectura\" \/>\n\t<meta name=\"twitter:data1\" content=\"1 minuto\" \/>\n<script type=\"application\/ld+json\" class=\"yoast-schema-graph\">{\"@context\":\"https:\\\/\\\/schema.org\",\"@graph\":[{\"@type\":\"WebPage\",\"@id\":\"https:\\\/\\\/casadecampoliving.com\\\/es\\\/la-fundacion-mir\\\/\",\"url\":\"https:\\\/\\\/casadecampoliving.com\\\/es\\\/la-fundacion-mir\\\/\",\"name\":\"La Fundaci\u00f3n MIR | Casa de Campo Living\",\"isPartOf\":{\"@id\":\"https:\\\/\\\/casadecampoliving.com\\\/es\\\/#website\"},\"primaryImageOfPage\":{\"@id\":\"https:\\\/\\\/casadecampoliving.com\\\/es\\\/la-fundacion-mir\\\/#primaryimage\"},\"image\":{\"@id\":\"https:\\\/\\\/casadecampoliving.com\\\/es\\\/la-fundacion-mir\\\/#primaryimage\"},\"thumbnailUrl\":\"https:\\\/\\\/i0.wp.com\\\/casadecampoliving.com\\\/wp-content\\\/uploads\\\/2012\\\/03\\\/fundacionMIR_casadecampo.jpg?fit=650%2C259&ssl=1\",\"datePublished\":\"2012-03-20T14:55:56+00:00\",\"dateModified\":\"2022-10-21T21:23:48+00:00\",\"description\":\"La&nbsp;Fundaci\u00f3n MIR&nbsp;es una organizaci\u00f3n sin fines de lucro que trabaja para educar a los ni\u00f1os de escasos recursos del \u00e1rea de La Romana. La\",\"breadcrumb\":{\"@id\":\"https:\\\/\\\/casadecampoliving.com\\\/es\\\/la-fundacion-mir\\\/#breadcrumb\"},\"inLanguage\":\"es\",\"potentialAction\":[{\"@type\":\"ReadAction\",\"target\":[\"https:\\\/\\\/casadecampoliving.com\\\/es\\\/la-fundacion-mir\\\/\"]}]},{\"@type\":\"ImageObject\",\"inLanguage\":\"es\",\"@id\":\"https:\\\/\\\/casadecampoliving.com\\\/es\\\/la-fundacion-mir\\\/#primaryimage\",\"url\":\"https:\\\/\\\/i0.wp.com\\\/casadecampoliving.com\\\/wp-content\\\/uploads\\\/2012\\\/03\\\/fundacionMIR_casadecampo.jpg?fit=650%2C259&ssl=1\",\"contentUrl\":\"https:\\\/\\\/i0.wp.com\\\/casadecampoliving.com\\\/wp-content\\\/uploads\\\/2012\\\/03\\\/fundacionMIR_casadecampo.jpg?fit=650%2C259&ssl=1\",\"width\":\"650\",\"height\":\"259\",\"caption\":\"fundacion MIR la romana\"},{\"@type\":\"BreadcrumbList\",\"@id\":\"https:\\\/\\\/casadecampoliving.com\\\/es\\\/la-fundacion-mir\\\/#breadcrumb\",\"itemListElement\":[{\"@type\":\"ListItem\",\"position\":1,\"name\":\"Home\",\"item\":\"https:\\\/\\\/casadecampoliving.com\\\/es\\\/\"},{\"@type\":\"ListItem\",\"position\":2,\"name\":\"La Fundaci\u00f3n MIR\"}]},{\"@type\":\"WebSite\",\"@id\":\"https:\\\/\\\/casadecampoliving.com\\\/es\\\/#website\",\"url\":\"https:\\\/\\\/casadecampoliving.com\\\/es\\\/\",\"name\":\"Casa de Campo Living\",\"description\":\"Resort community news and resources.\",\"publisher\":{\"@id\":\"https:\\\/\\\/casadecampoliving.com\\\/es\\\/#organization\"},\"potentialAction\":[{\"@type\":\"SearchAction\",\"target\":{\"@type\":\"EntryPoint\",\"urlTemplate\":\"https:\\\/\\\/casadecampoliving.com\\\/es\\\/?s={search_term_string}\"},\"query-input\":{\"@type\":\"PropertyValueSpecification\",\"valueRequired\":true,\"valueName\":\"search_term_string\"}}],\"inLanguage\":\"es\"},{\"@type\":\"Organization\",\"@id\":\"https:\\\/\\\/casadecampoliving.com\\\/es\\\/#organization\",\"name\":\"Casa de Campo Living\",\"url\":\"https:\\\/\\\/casadecampoliving.com\\\/es\\\/\",\"logo\":{\"@type\":\"ImageObject\",\"inLanguage\":\"es\",\"@id\":\"https:\\\/\\\/casadecampoliving.com\\\/es\\\/#\\\/schema\\\/logo\\\/image\\\/\",\"url\":\"https:\\\/\\\/i0.wp.com\\\/casadecampoliving.com\\\/wp-content\\\/uploads\\\/2022\\\/07\\\/CDCLivingLogo_V1-white-sized.png?fit=800%2C214&ssl=1\",\"contentUrl\":\"https:\\\/\\\/i0.wp.com\\\/casadecampoliving.com\\\/wp-content\\\/uploads\\\/2022\\\/07\\\/CDCLivingLogo_V1-white-sized.png?fit=800%2C214&ssl=1\",\"width\":800,\"height\":214,\"caption\":\"Casa de Campo Living\"},\"image\":{\"@id\":\"https:\\\/\\\/casadecampoliving.com\\\/es\\\/#\\\/schema\\\/logo\\\/image\\\/\"},\"sameAs\":[\"https:\\\/\\\/www.facebook.com\\\/casadecampoliving\",\"https:\\\/\\\/x.com\\\/cdcliving\"]}]}<\/script>\n<!-- \/ Yoast SEO plugin. -->","yoast_head_json":{"title":"La Fundaci\u00f3n MIR | Casa de Campo Living","description":"La&nbsp;Fundaci\u00f3n MIR&nbsp;es una organizaci\u00f3n sin fines de lucro que trabaja para educar a los ni\u00f1os de escasos recursos del \u00e1rea de La Romana. La","robots":{"index":"index","follow":"follow","max-snippet":"max-snippet:-1","max-image-preview":"max-image-preview:large","max-video-preview":"max-video-preview:-1"},"canonical":"https:\/\/casadecampoliving.com\/es\/la-fundacion-mir\/","og_locale":"es_ES","og_type":"article","og_title":"La Fundaci\u00f3n MIR | Casa de Campo Living","og_description":"La&nbsp;Fundaci\u00f3n MIR&nbsp;es una organizaci\u00f3n sin fines de lucro que trabaja para educar a los ni\u00f1os de escasos recursos del \u00e1rea de La Romana. La","og_url":"https:\/\/casadecampoliving.com\/es\/la-fundacion-mir\/","og_site_name":"Casa de Campo Living","article_publisher":"https:\/\/www.facebook.com\/casadecampoliving","article_modified_time":"2022-10-21T21:23:48+00:00","og_image":[{"width":650,"height":259,"url":"https:\/\/i0.wp.com\/casadecampoliving.com\/wp-content\/uploads\/2012\/03\/fundacionMIR_casadecampo.jpg?fit=650%2C259&ssl=1","type":"image\/jpeg"}],"twitter_card":"summary_large_image","twitter_site":"@cdcliving","twitter_misc":{"Tiempo de lectura":"1 minuto"},"schema":{"@context":"https:\/\/schema.org","@graph":[{"@type":"WebPage","@id":"https:\/\/casadecampoliving.com\/es\/la-fundacion-mir\/","url":"https:\/\/casadecampoliving.com\/es\/la-fundacion-mir\/","name":"La Fundaci\u00f3n MIR | Casa de Campo Living","isPartOf":{"@id":"https:\/\/casadecampoliving.com\/es\/#website"},"primaryImageOfPage":{"@id":"https:\/\/casadecampoliving.com\/es\/la-fundacion-mir\/#primaryimage"},"image":{"@id":"https:\/\/casadecampoliving.com\/es\/la-fundacion-mir\/#primaryimage"},"thumbnailUrl":"https:\/\/i0.wp.com\/casadecampoliving.com\/wp-content\/uploads\/2012\/03\/fundacionMIR_casadecampo.jpg?fit=650%2C259&ssl=1","datePublished":"2012-03-20T14:55:56+00:00","dateModified":"2022-10-21T21:23:48+00:00","description":"La&nbsp;Fundaci\u00f3n MIR&nbsp;es una organizaci\u00f3n sin fines de lucro que trabaja para educar a los ni\u00f1os de escasos recursos del \u00e1rea de La Romana. La","breadcrumb":{"@id":"https:\/\/casadecampoliving.com\/es\/la-fundacion-mir\/#breadcrumb"},"inLanguage":"es","potentialAction":[{"@type":"ReadAction","target":["https:\/\/casadecampoliving.com\/es\/la-fundacion-mir\/"]}]},{"@type":"ImageObject","inLanguage":"es","@id":"https:\/\/casadecampoliving.com\/es\/la-fundacion-mir\/#primaryimage","url":"https:\/\/i0.wp.com\/casadecampoliving.com\/wp-content\/uploads\/2012\/03\/fundacionMIR_casadecampo.jpg?fit=650%2C259&ssl=1","contentUrl":"https:\/\/i0.wp.com\/casadecampoliving.com\/wp-content\/uploads\/2012\/03\/fundacionMIR_casadecampo.jpg?fit=650%2C259&ssl=1","width":"650","height":"259","caption":"fundacion MIR la romana"},{"@type":"BreadcrumbList","@id":"https:\/\/casadecampoliving.com\/es\/la-fundacion-mir\/#breadcrumb","itemListElement":[{"@type":"ListItem","position":1,"name":"Home","item":"https:\/\/casadecampoliving.com\/es\/"},{"@type":"ListItem","position":2,"name":"La Fundaci\u00f3n MIR"}]},{"@type":"WebSite","@id":"https:\/\/casadecampoliving.com\/es\/#website","url":"https:\/\/casadecampoliving.com\/es\/","name":"Casa de Campo Living","description":"Resort community news and resources.","publisher":{"@id":"https:\/\/casadecampoliving.com\/es\/#organization"},"potentialAction":[{"@type":"SearchAction","target":{"@type":"EntryPoint","urlTemplate":"https:\/\/casadecampoliving.com\/es\/?s={search_term_string}"},"query-input":{"@type":"PropertyValueSpecification","valueRequired":true,"valueName":"search_term_string"}}],"inLanguage":"es"},{"@type":"Organization","@id":"https:\/\/casadecampoliving.com\/es\/#organization","name":"Casa de Campo Living","url":"https:\/\/casadecampoliving.com\/es\/","logo":{"@type":"ImageObject","inLanguage":"es","@id":"https:\/\/casadecampoliving.com\/es\/#\/schema\/logo\/image\/","url":"https:\/\/i0.wp.com\/casadecampoliving.com\/wp-content\/uploads\/2022\/07\/CDCLivingLogo_V1-white-sized.png?fit=800%2C214&ssl=1","contentUrl":"https:\/\/i0.wp.com\/casadecampoliving.com\/wp-content\/uploads\/2022\/07\/CDCLivingLogo_V1-white-sized.png?fit=800%2C214&ssl=1","width":800,"height":214,"caption":"Casa de Campo Living"},"image":{"@id":"https:\/\/casadecampoliving.com\/es\/#\/schema\/logo\/image\/"},"sameAs":["https:\/\/www.facebook.com\/casadecampoliving","https:\/\/x.com\/cdcliving"]}]}},"parsely":{"version":"1.1.0","canonical_url":"https:\/\/casadecampoliving.com\/es\/la-fundacion-mir\/","smart_links":{"inbound":0,"outbound":0},"traffic_boost_suggestions_count":0,"meta":{"@context":"https:\/\/schema.org","@type":"WebPage","headline":"La Fundaci\u00f3n MIR","url":"http:\/\/casadecampoliving.com\/es\/la-fundacion-mir\/","mainEntityOfPage":{"@type":"WebPage","@id":"http:\/\/casadecampoliving.com\/es\/la-fundacion-mir\/"},"thumbnailUrl":"https:\/\/i0.wp.com\/casadecampoliving.com\/wp-content\/uploads\/2012\/03\/fundacionMIR_casadecampo.jpg?resize=150%2C150&ssl=1","image":{"@type":"ImageObject","url":"https:\/\/i0.wp.com\/casadecampoliving.com\/wp-content\/uploads\/2012\/03\/fundacionMIR_casadecampo.jpg?fit=650%2C259&ssl=1"},"articleSection":"Fundaci\u00f3n MIR @es","author":[{"@type":"Person","name":"Rebecca Silvestri"}],"creator":["Rebecca Silvestri"],"publisher":{"@type":"Organization","name":"Casa de Campo Living","logo":"https:\/\/casadecampoliving.com\/wp-content\/uploads\/2022\/07\/CDCLivingLogo_V1-white-sized.png"},"keywords":[],"dateCreated":"2012-03-20T14:55:56Z","datePublished":"2012-03-20T14:55:56Z","dateModified":"2022-10-21T21:23:48Z"},"rendered":"<script type=\"application\/ld+json\" class=\"wp-parsely-metadata\">{\"@context\":\"https:\\\/\\\/schema.org\",\"@type\":\"WebPage\",\"headline\":\"La Fundaci\\u00f3n MIR\",\"url\":\"http:\\\/\\\/casadecampoliving.com\\\/es\\\/la-fundacion-mir\\\/\",\"mainEntityOfPage\":{\"@type\":\"WebPage\",\"@id\":\"http:\\\/\\\/casadecampoliving.com\\\/es\\\/la-fundacion-mir\\\/\"},\"thumbnailUrl\":\"https:\\\/\\\/i0.wp.com\\\/casadecampoliving.com\\\/wp-content\\\/uploads\\\/2012\\\/03\\\/fundacionMIR_casadecampo.jpg?resize=150%2C150&ssl=1\",\"image\":{\"@type\":\"ImageObject\",\"url\":\"https:\\\/\\\/i0.wp.com\\\/casadecampoliving.com\\\/wp-content\\\/uploads\\\/2012\\\/03\\\/fundacionMIR_casadecampo.jpg?fit=650%2C259&ssl=1\"},\"articleSection\":\"Fundaci\\u00f3n MIR @es\",\"author\":[{\"@type\":\"Person\",\"name\":\"Rebecca Silvestri\"}],\"creator\":[\"Rebecca Silvestri\"],\"publisher\":{\"@type\":\"Organization\",\"name\":\"Casa de Campo Living\",\"logo\":\"https:\\\/\\\/casadecampoliving.com\\\/wp-content\\\/uploads\\\/2022\\\/07\\\/CDCLivingLogo_V1-white-sized.png\"},\"keywords\":[],\"dateCreated\":\"2012-03-20T14:55:56Z\",\"datePublished\":\"2012-03-20T14:55:56Z\",\"dateModified\":\"2022-10-21T21:23:48Z\"}<\/script>","tracker_url":"https:\/\/cdn.parsely.com\/keys\/casadecampoliving.com\/p.js"},"jetpack-related-posts":[{"id":78813,"url":"https:\/\/casadecampoliving.com\/es\/luis-miguel-entradas\/","url_meta":{"origin":42902,"position":0},"title":"Las boletas para el concierto de Luis Miguel disponibles en la Fundaci\u00f3n MIR","author":"Rebecca Silvestri","date":"2 Oct, 2013","format":false,"excerpt":"\u00a1Muy buenas noticias! Las entradas para el conciertos de Luis Miguel no solo est\u00e1n a la venta en Casa de Campo \u2013 sino tambi\u00e9n en las oficina de la Fundaci\u00f3n MIR en Altos de Chav\u00f3n \u2013 un 10% de las ventas de estas entradas realizadas en las oficinas de la\u2026","rel":"","context":"Entrada similar","block_context":{"text":"Entrada similar","link":""},"img":{"alt_text":"Fundacion MIR","src":"https:\/\/i0.wp.com\/casadecampoliving.com\/wp-content\/uploads\/2013\/09\/fundacion_MIR2.jpg?fit=650%2C328&ssl=1&resize=350%2C200","width":350,"height":200,"srcset":"https:\/\/i0.wp.com\/casadecampoliving.com\/wp-content\/uploads\/2013\/09\/fundacion_MIR2.jpg?fit=650%2C328&ssl=1&resize=350%2C200 1x, https:\/\/i0.wp.com\/casadecampoliving.com\/wp-content\/uploads\/2013\/09\/fundacion_MIR2.jpg?fit=650%2C328&ssl=1&resize=525%2C300 1.5x"},"classes":[]},{"id":42898,"url":"https:\/\/casadecampoliving.com\/the-fundacion-mir\/","url_meta":{"origin":42902,"position":1},"title":"The Fundaci\u00f3n MIR","author":"Rebecca Silvestri","date":"20 Mar, 2012","format":false,"excerpt":"The\u00a0Fundaci\u00f3n MIR\u00a0is\u00a0a non-profit organization which works to provide education to the children of the greater La Romana area, who are most in need. They run 3 schools that cater to the needs of more than 1,000 children; the\u00a0MIR Esperanza (boys vocational school), the Escuela Tecnica Vocacional\u00a0Fundaci\u00f3n\u00a0MIR (girls vocational school) and\u2026","rel":"","context":"En \u00abFundacion MIR\u00bb","block_context":{"text":"Fundacion MIR","link":"https:\/\/casadecampoliving.com\/category\/philanthrophy\/fundacion-mir\/"},"img":{"alt_text":"fundacion MIR la romana","src":"https:\/\/i0.wp.com\/casadecampoliving.com\/wp-content\/uploads\/2012\/03\/fundacionMIR_casadecampo.jpg?fit=650%2C259&ssl=1&resize=350%2C200","width":350,"height":200,"srcset":"https:\/\/i0.wp.com\/casadecampoliving.com\/wp-content\/uploads\/2012\/03\/fundacionMIR_casadecampo.jpg?fit=650%2C259&ssl=1&resize=350%2C200 1x, https:\/\/i0.wp.com\/casadecampoliving.com\/wp-content\/uploads\/2012\/03\/fundacionMIR_casadecampo.jpg?fit=650%2C259&ssl=1&resize=525%2C300 1.5x"},"classes":[]},{"id":72448,"url":"https:\/\/casadecampoliving.com\/es\/mir-familiar\/","url_meta":{"origin":42902,"position":2},"title":"El Fin de Semana Familiar por la Vida de la Fundaci\u00f3n MIR &#8211; agosto 10","author":"Rebecca Silvestri","date":"20 Jun, 2013","format":false,"excerpt":"La Fundaci\u00f3n MIR le invita cordialmente a la fiesta de verano de recaudaci\u00f3n de fondos \u2013 Fin de Semana Familiar por la vida de la Fundaci\u00f3n MIR, ALA cual se realizar\u00e1 el s\u00e1bado 10 de agosto con torneos de golf y tenis, as\u00ed como la una glamorosa cena con baile\u2026","rel":"","context":"Entrada similar","block_context":{"text":"Entrada similar","link":""},"img":{"alt_text":"fundacion MIR","src":"https:\/\/i0.wp.com\/casadecampoliving.com\/wp-content\/uploads\/2013\/04\/fundacion_MIR.jpg?resize=350%2C200&ssl=1","width":350,"height":200,"srcset":"https:\/\/i0.wp.com\/casadecampoliving.com\/wp-content\/uploads\/2013\/04\/fundacion_MIR.jpg?resize=350%2C200&ssl=1 1x, https:\/\/i0.wp.com\/casadecampoliving.com\/wp-content\/uploads\/2013\/04\/fundacion_MIR.jpg?resize=525%2C300&ssl=1 1.5x"},"classes":[]},{"id":61854,"url":"https:\/\/casadecampoliving.com\/es\/julio-iglesias-boletas-a-la-venta-en-fundacion-mir\/","url_meta":{"origin":42902,"position":3},"title":"Julio Iglesias &#8211; boletas a la venta en Fundaci\u00f3n MIR!","author":"Rebecca Silvestri","date":"7 Dic, 2012","format":false,"excerpt":"Grandiosa noticia! No s\u00f3lo est\u00e1n a la venta ya las esperadas boletas del concierto de Julio Iglesias en Altos de Chav\u00f3n \u2013 tambi\u00e9n un 20% de las ventas de estas boletas, realizadas por la Fundaci\u00f3n MIR ir\u00e1 a beneficio de esta fabulosa fundaci\u00f3n que en la actualidad administra tres escuelas\u2026","rel":"","context":"Entrada similar","block_context":{"text":"Entrada similar","link":""},"img":{"alt_text":"julio iglesias","src":"https:\/\/i0.wp.com\/casadecampoliving.com\/wp-content\/uploads\/2012\/12\/Julio-iglesias.jpg?fit=650%2C541&ssl=1&resize=350%2C200","width":350,"height":200,"srcset":"https:\/\/i0.wp.com\/casadecampoliving.com\/wp-content\/uploads\/2012\/12\/Julio-iglesias.jpg?fit=650%2C541&ssl=1&resize=350%2C200 1x, https:\/\/i0.wp.com\/casadecampoliving.com\/wp-content\/uploads\/2012\/12\/Julio-iglesias.jpg?fit=650%2C541&ssl=1&resize=525%2C300 1.5x"},"classes":[]},{"id":61850,"url":"https:\/\/casadecampoliving.com\/julio-iglesias-mir\/","url_meta":{"origin":42902,"position":4},"title":"Julio Iglesias &#8211; Tickets for sale at the Fundaci\u00f3n MIR offices!","author":"Rebecca Silvestri","date":"7 Dic, 2012","format":false,"excerpt":"Super news! Not only are the much awaited tickets for the Julio Iglesias concert in Altos de Chav\u00f3n now on sale \u2013 but also a whopping 20% of ticket sales made by the Fundaci\u00f3n MIR to be contributed to this fabulous charity that runs 3 schools in La Romana! Tickets\u2026","rel":"","context":"Entrada similar","block_context":{"text":"Entrada similar","link":""},"img":{"alt_text":"julio iglesias","src":"https:\/\/i0.wp.com\/casadecampoliving.com\/wp-content\/uploads\/2012\/12\/Julio-iglesias.jpg?fit=650%2C541&ssl=1&resize=350%2C200","width":350,"height":200,"srcset":"https:\/\/i0.wp.com\/casadecampoliving.com\/wp-content\/uploads\/2012\/12\/Julio-iglesias.jpg?fit=650%2C541&ssl=1&resize=350%2C200 1x, https:\/\/i0.wp.com\/casadecampoliving.com\/wp-content\/uploads\/2012\/12\/Julio-iglesias.jpg?fit=650%2C541&ssl=1&resize=525%2C300 1.5x"},"classes":[]},{"id":78811,"url":"https:\/\/casadecampoliving.com\/luis-miguel-mir\/","url_meta":{"origin":42902,"position":5},"title":"Luis Miguel tickets available from the Fundaci\u00f3n MIR","author":"Rebecca Silvestri","date":"2 Oct, 2013","format":false,"excerpt":"Luis Miguel concert tickets are now for sale within Casa de Campo \u2013 at the Fundaci\u00f3n MIR office in Altos de Chav\u00f3n, and 10% of these ticket sales will be kept by this fabulous charity that runs 3 schools in La Romana! Tickets for the Luis Miguel\u00a0concert scheduled for Saturday\u2026","rel":"","context":"Entrada similar","block_context":{"text":"Entrada similar","link":""},"img":{"alt_text":"Fundacion MIR","src":"https:\/\/i0.wp.com\/casadecampoliving.com\/wp-content\/uploads\/2013\/09\/fundacion_MIR.jpg?resize=350%2C200&ssl=1","width":350,"height":200,"srcset":"https:\/\/i0.wp.com\/casadecampoliving.com\/wp-content\/uploads\/2013\/09\/fundacion_MIR.jpg?resize=350%2C200&ssl=1 1x, https:\/\/i0.wp.com\/casadecampoliving.com\/wp-content\/uploads\/2013\/09\/fundacion_MIR.jpg?resize=525%2C300&ssl=1 1.5x"},"classes":[]}],"jetpack_sharing_enabled":true,"_links":{"self":[{"href":"https:\/\/casadecampoliving.com\/es\/wp-json\/wp\/v2\/pages\/42902","targetHints":{"allow":["GET"]}}],"collection":[{"href":"https:\/\/casadecampoliving.com\/es\/wp-json\/wp\/v2\/pages"}],"about":[{"href":"https:\/\/casadecampoliving.com\/es\/wp-json\/wp\/v2\/types\/page"}],"author":[{"embeddable":true,"href":"https:\/\/casadecampoliving.com\/es\/wp-json\/wp\/v2\/users\/31"}],"replies":[{"embeddable":true,"href":"https:\/\/casadecampoliving.com\/es\/wp-json\/wp\/v2\/comments?post=42902"}],"version-history":[{"count":0,"href":"https:\/\/casadecampoliving.com\/es\/wp-json\/wp\/v2\/pages\/42902\/revisions"}],"wp:featuredmedia":[{"embeddable":true,"href":"https:\/\/casadecampoliving.com\/es\/wp-json\/wp\/v2\/media\/46792"}],"wp:attachment":[{"href":"https:\/\/casadecampoliving.com\/es\/wp-json\/wp\/v2\/media?parent=42902"}],"wp:term":[{"taxonomy":"newspack_spnsrs_tax","embeddable":true,"href":"https:\/\/casadecampoliving.com\/es\/wp-json\/wp\/v2\/newspack_spnsrs_tax?post=42902"}],"curies":[{"name":"wp","href":"https:\/\/api.w.org\/{rel}","templated":true}]}}