{"id":42860,"date":"2012-07-25T17:00:09","date_gmt":"2012-07-25T21:00:09","guid":{"rendered":"http:\/\/casadecampoliving.com\/?page_id=42860"},"modified":"2022-10-21T17:23:42","modified_gmt":"2022-10-21T21:23:42","slug":"altosdechavon-2","status":"publish","type":"page","link":"https:\/\/casadecampoliving.com\/es\/altosdechavon-2\/","title":{"rendered":"Altos de Chav\u00f3n"},"content":{"rendered":"<div class=\"wp-block-image\">\n<figure class=\"aligncenter is-resized\"><img loading=\"lazy\" decoding=\"async\" src=\"https:\/\/i0.wp.com\/casadecampoliving-wp.s3-accelerate.amazonaws.com\/2012\/07\/altos_de_chavon4.jpg?resize=650%2C345&amp;ssl=1\" alt=\"altos de chavon\" class=\"wp-image-55027\" title=\"altos_de_chavon\" height=\"345\" width=\"650\" srcset=\"https:\/\/i0.wp.com\/casadecampoliving.com\/wp-content\/uploads\/2012\/07\/altos_de_chavon4.jpg?w=650&amp;ssl=1 650w, https:\/\/i0.wp.com\/casadecampoliving.com\/wp-content\/uploads\/2012\/07\/altos_de_chavon4.jpg?resize=300%2C159&amp;ssl=1 300w, https:\/\/i0.wp.com\/casadecampoliving-wp.s3-accelerate.amazonaws.com\/2012\/07\/altos_de_chavon4.jpg?w=370 370w, https:\/\/i0.wp.com\/casadecampoliving-wp.s3-accelerate.amazonaws.com\/2012\/07\/altos_de_chavon4.jpg?w=400 400w\" sizes=\"auto, (max-width: 650px) 100vw, 650px\" \/><\/figure>\n<\/div>\n\n\n<p>Completado en 1982, Altos de Chav\u00f3n es una r\u00e9plica de una villa mediterr\u00e1nea del siglo XVI, ubicado dentro del Resort Casa de Campo. Con vistas al R\u00edo Chav\u00f3n, Altos de Chav\u00f3n es una de las \u00e1reas m\u00e1s hermosas de Casa de Campo, visitada por cientos de turistas a diario, provenientes de hoteles, resorts y cruceros cercanos. Sin embargo; para los hu\u00e9spedes de Casa de Campo, al igual que para los residentes y due\u00f1os de villas de Casa de Campo, Altos de Chav\u00f3n es m\u00e1s que un punto de belleza natural. Con sus numerosos restaurantes, tiendas, bares y galer\u00eda de arte, al igual que con la Escuela de Arte y Dise\u00f1o de Altos de Chav\u00f3n, tambi\u00e9n se destaca por ser un lugar popular para reuniones sociales y salidas nocturnas.<\/p>\n\n\n\n<p><strong>D\u00f3nde:<\/strong>&nbsp;Dentro del Resort Casa de Campo en La Romana<\/p>\n\n\n\n<p><strong>Atracciones:<br>\n<\/strong>Con calles de piedra, maravillosas vistas y arquitectura, Altos de Chav\u00f3n es un hermoso luhar para dar un agradable paseo \u2013 pero tambi\u00e9n tiene distintas atracciones que quiz\u00e1s le interesar\u00eda visitar:<\/p>\n\n\n\n<p>\u2022 La Iglesia San Estanislao<br>\n\u2022 La Galer\u00eda de Arte de Altos de Chav\u00f3n<br>\n\u2022 El Anfiteatro Altos de Chav\u00f3n Amphitheater<br>\n\u2022 Los campos de golf Dye Fore y Dye Fore Lakes<br>\n\u2022 El Museo Arqueol\u00f3gico Regional<br>\n\u2022 La Escuela de Arte y Dise\u00f1o de Altos de Chav\u00f3n<\/p>\n\n\n\n<p><strong>Tiendas:<\/strong><\/p>\n\n\n\n<p>\u2022&nbsp;<a href=\"http:\/\/wp.me\/P1kvEy-e1r\">Jenny Polanco Project en Altos de Chav\u00f3n: espacio de Moda, Arte y Artesan\u00eda<\/a><br>\n\u2022 <a href=\"https:\/\/casadecampoliving.com\/es\/2012\/05\/nueva-tienda-de-souvenirs-abre-en-altos-de-chavon\/\">Tienda de souvenirs,&nbsp;Luna Taina<\/a><br>\n\u2022 El Art Studios by Emilio Robba \u2013 dise\u00f1os de cer\u00e1micas y t\u00e9xtiles creados por artesanos en Altos de Chav\u00f3n<br>\n\u2022 El lounge de Casamontecristo Cigar \u2013 cigarros y accesorios<br>\n\u2022 Everett Designs \u2013 joyer\u00eda<br>\n\u2022 El Dye Fore Pro Shop \u2013 accesorios de golf y facilidad de jugar golf en Dye Fore y Dye Fore Lakes<br>\n\u2022 La Tienda Batey \u2013 bordados<br>\n\u2022 El Mercadito<\/p>\n\n\n\n<p><strong>Restaurantes y Bares:<\/strong><\/p>\n\n\n\n<p>\u2022&nbsp;<a href=\"http:\/\/wp.me\/P1kvEy-a6N\">Gino in Trastevere \u2013 restaurante de aut\u00e9ntica comida italiana<\/a><br>\n\u2022 La Piazzetta \u2013 Restaurante italiano y mediterr\u00e1neo<br>\n\u2022 La Cantina&nbsp;restaurante\/bar \u2013 Comida latina<br>\n\u2022&nbsp;<a href=\"https:\/\/casadecampoliving.com\/es\/2012\/06\/casa-de-campo-living-recomienda-onnos-bar-diversion-pizzas-y-margaritas\/\">Onno\u2019s Bar &nbsp;\u2013 popular centro nocturno, sirve comida de bar<\/a><br>\n\u2022 Papa Jacks \u2013 centro nocturno popular, sirve comida de bar<\/p>\n","protected":false},"excerpt":{"rendered":"<p>Completado en 1982, Altos de Chav\u00f3n es una r\u00e9plica de una villa mediterr\u00e1nea del siglo XVI, ubicado dentro del Resort Casa de Campo. Con vistas al R\u00edo Chav\u00f3n, Altos de Chav\u00f3n es una de las \u00e1reas m\u00e1s hermosas de Casa de Campo, visitada por cientos de turistas a diario, provenientes de hoteles, resorts y cruceros [&hellip;]<\/p>\n","protected":false},"author":31,"featured_media":55027,"parent":0,"menu_order":0,"comment_status":"closed","ping_status":"closed","template":"tag-page.php","meta":{"newspack_ads_suppress_ads":false,"newspack_popups_has_disabled_popups":false,"newspack_sponsor_sponsorship_scope":"","newspack_sponsor_native_byline_display":"inherit","newspack_sponsor_native_category_display":"inherit","newspack_sponsor_underwriter_style":"inherit","newspack_sponsor_underwriter_placement":"inherit","newspack_content_restriction_is_exempt":false,"newspack_featured_image_position":"","newspack_hide_page_title":false,"newspack_show_share_buttons":false,"footnotes":""},"newspack_spnsrs_tax":[],"class_list":["post-42860","page","type-page","status-publish","has-post-thumbnail","hentry","entry"],"yoast_head":"<!-- This site is optimized with the Yoast SEO plugin v27.3 - https:\/\/yoast.com\/product\/yoast-seo-wordpress\/ -->\n<title>Altos de Chav\u00f3n | Casa de Campo Living<\/title>\n<meta name=\"description\" content=\"Completado en 1982, Altos de Chav\u00f3n es una r\u00e9plica de una villa mediterr\u00e1nea del siglo XVI, ubicado dentro del Resort Casa de Campo. Con vistas al R\u00edo\" \/>\n<meta name=\"robots\" content=\"index, follow, max-snippet:-1, max-image-preview:large, max-video-preview:-1\" \/>\n<link rel=\"canonical\" href=\"https:\/\/casadecampoliving.com\/es\/altosdechavon-2\/\" \/>\n<meta property=\"og:locale\" content=\"es_ES\" \/>\n<meta property=\"og:type\" content=\"article\" \/>\n<meta property=\"og:title\" content=\"Altos de Chav\u00f3n | Casa de Campo Living\" \/>\n<meta property=\"og:description\" content=\"Completado en 1982, Altos de Chav\u00f3n es una r\u00e9plica de una villa mediterr\u00e1nea del siglo XVI, ubicado dentro del Resort Casa de Campo. Con vistas al R\u00edo\" \/>\n<meta property=\"og:url\" content=\"https:\/\/casadecampoliving.com\/es\/altosdechavon-2\/\" \/>\n<meta property=\"og:site_name\" content=\"Casa de Campo Living\" \/>\n<meta property=\"article:publisher\" content=\"https:\/\/www.facebook.com\/casadecampoliving\" \/>\n<meta property=\"article:modified_time\" content=\"2022-10-21T21:23:42+00:00\" \/>\n<meta property=\"og:image\" content=\"https:\/\/i0.wp.com\/casadecampoliving.com\/wp-content\/uploads\/2012\/07\/altos_de_chavon4.jpg?fit=650%2C345&ssl=1\" \/>\n\t<meta property=\"og:image:width\" content=\"650\" \/>\n\t<meta property=\"og:image:height\" content=\"345\" \/>\n\t<meta property=\"og:image:type\" content=\"image\/jpeg\" \/>\n<meta name=\"twitter:card\" content=\"summary_large_image\" \/>\n<meta name=\"twitter:site\" content=\"@cdcliving\" \/>\n<meta name=\"twitter:label1\" content=\"Tiempo de lectura\" \/>\n\t<meta name=\"twitter:data1\" content=\"2 minutos\" \/>\n<script type=\"application\/ld+json\" class=\"yoast-schema-graph\">{\"@context\":\"https:\\\/\\\/schema.org\",\"@graph\":[{\"@type\":\"WebPage\",\"@id\":\"https:\\\/\\\/casadecampoliving.com\\\/es\\\/altosdechavon-2\\\/\",\"url\":\"https:\\\/\\\/casadecampoliving.com\\\/es\\\/altosdechavon-2\\\/\",\"name\":\"Altos de Chav\u00f3n | Casa de Campo Living\",\"isPartOf\":{\"@id\":\"https:\\\/\\\/casadecampoliving.com\\\/es\\\/#website\"},\"primaryImageOfPage\":{\"@id\":\"https:\\\/\\\/casadecampoliving.com\\\/es\\\/altosdechavon-2\\\/#primaryimage\"},\"image\":{\"@id\":\"https:\\\/\\\/casadecampoliving.com\\\/es\\\/altosdechavon-2\\\/#primaryimage\"},\"thumbnailUrl\":\"https:\\\/\\\/i0.wp.com\\\/casadecampoliving.com\\\/wp-content\\\/uploads\\\/2012\\\/07\\\/altos_de_chavon4.jpg?fit=650%2C345&ssl=1\",\"datePublished\":\"2012-07-25T21:00:09+00:00\",\"dateModified\":\"2022-10-21T21:23:42+00:00\",\"description\":\"Completado en 1982, Altos de Chav\u00f3n es una r\u00e9plica de una villa mediterr\u00e1nea del siglo XVI, ubicado dentro del Resort Casa de Campo. Con vistas al R\u00edo\",\"breadcrumb\":{\"@id\":\"https:\\\/\\\/casadecampoliving.com\\\/es\\\/altosdechavon-2\\\/#breadcrumb\"},\"inLanguage\":\"es\",\"potentialAction\":[{\"@type\":\"ReadAction\",\"target\":[\"https:\\\/\\\/casadecampoliving.com\\\/es\\\/altosdechavon-2\\\/\"]}]},{\"@type\":\"ImageObject\",\"inLanguage\":\"es\",\"@id\":\"https:\\\/\\\/casadecampoliving.com\\\/es\\\/altosdechavon-2\\\/#primaryimage\",\"url\":\"https:\\\/\\\/i0.wp.com\\\/casadecampoliving.com\\\/wp-content\\\/uploads\\\/2012\\\/07\\\/altos_de_chavon4.jpg?fit=650%2C345&ssl=1\",\"contentUrl\":\"https:\\\/\\\/i0.wp.com\\\/casadecampoliving.com\\\/wp-content\\\/uploads\\\/2012\\\/07\\\/altos_de_chavon4.jpg?fit=650%2C345&ssl=1\",\"width\":\"650\",\"height\":\"345\",\"caption\":\"altos de chavon\"},{\"@type\":\"BreadcrumbList\",\"@id\":\"https:\\\/\\\/casadecampoliving.com\\\/es\\\/altosdechavon-2\\\/#breadcrumb\",\"itemListElement\":[{\"@type\":\"ListItem\",\"position\":1,\"name\":\"Home\",\"item\":\"https:\\\/\\\/casadecampoliving.com\\\/es\\\/\"},{\"@type\":\"ListItem\",\"position\":2,\"name\":\"Altos de Chav\u00f3n\"}]},{\"@type\":\"WebSite\",\"@id\":\"https:\\\/\\\/casadecampoliving.com\\\/es\\\/#website\",\"url\":\"https:\\\/\\\/casadecampoliving.com\\\/es\\\/\",\"name\":\"Casa de Campo Living\",\"description\":\"Resort community news and resources.\",\"publisher\":{\"@id\":\"https:\\\/\\\/casadecampoliving.com\\\/es\\\/#organization\"},\"potentialAction\":[{\"@type\":\"SearchAction\",\"target\":{\"@type\":\"EntryPoint\",\"urlTemplate\":\"https:\\\/\\\/casadecampoliving.com\\\/es\\\/?s={search_term_string}\"},\"query-input\":{\"@type\":\"PropertyValueSpecification\",\"valueRequired\":true,\"valueName\":\"search_term_string\"}}],\"inLanguage\":\"es\"},{\"@type\":\"Organization\",\"@id\":\"https:\\\/\\\/casadecampoliving.com\\\/es\\\/#organization\",\"name\":\"Casa de Campo Living\",\"url\":\"https:\\\/\\\/casadecampoliving.com\\\/es\\\/\",\"logo\":{\"@type\":\"ImageObject\",\"inLanguage\":\"es\",\"@id\":\"https:\\\/\\\/casadecampoliving.com\\\/es\\\/#\\\/schema\\\/logo\\\/image\\\/\",\"url\":\"https:\\\/\\\/i0.wp.com\\\/casadecampoliving.com\\\/wp-content\\\/uploads\\\/2022\\\/07\\\/CDCLivingLogo_V1-white-sized.png?fit=800%2C214&ssl=1\",\"contentUrl\":\"https:\\\/\\\/i0.wp.com\\\/casadecampoliving.com\\\/wp-content\\\/uploads\\\/2022\\\/07\\\/CDCLivingLogo_V1-white-sized.png?fit=800%2C214&ssl=1\",\"width\":800,\"height\":214,\"caption\":\"Casa de Campo Living\"},\"image\":{\"@id\":\"https:\\\/\\\/casadecampoliving.com\\\/es\\\/#\\\/schema\\\/logo\\\/image\\\/\"},\"sameAs\":[\"https:\\\/\\\/www.facebook.com\\\/casadecampoliving\",\"https:\\\/\\\/x.com\\\/cdcliving\"]}]}<\/script>\n<!-- \/ Yoast SEO plugin. -->","yoast_head_json":{"title":"Altos de Chav\u00f3n | Casa de Campo Living","description":"Completado en 1982, Altos de Chav\u00f3n es una r\u00e9plica de una villa mediterr\u00e1nea del siglo XVI, ubicado dentro del Resort Casa de Campo. Con vistas al R\u00edo","robots":{"index":"index","follow":"follow","max-snippet":"max-snippet:-1","max-image-preview":"max-image-preview:large","max-video-preview":"max-video-preview:-1"},"canonical":"https:\/\/casadecampoliving.com\/es\/altosdechavon-2\/","og_locale":"es_ES","og_type":"article","og_title":"Altos de Chav\u00f3n | Casa de Campo Living","og_description":"Completado en 1982, Altos de Chav\u00f3n es una r\u00e9plica de una villa mediterr\u00e1nea del siglo XVI, ubicado dentro del Resort Casa de Campo. Con vistas al R\u00edo","og_url":"https:\/\/casadecampoliving.com\/es\/altosdechavon-2\/","og_site_name":"Casa de Campo Living","article_publisher":"https:\/\/www.facebook.com\/casadecampoliving","article_modified_time":"2022-10-21T21:23:42+00:00","og_image":[{"width":650,"height":345,"url":"https:\/\/i0.wp.com\/casadecampoliving.com\/wp-content\/uploads\/2012\/07\/altos_de_chavon4.jpg?fit=650%2C345&ssl=1","type":"image\/jpeg"}],"twitter_card":"summary_large_image","twitter_site":"@cdcliving","twitter_misc":{"Tiempo de lectura":"2 minutos"},"schema":{"@context":"https:\/\/schema.org","@graph":[{"@type":"WebPage","@id":"https:\/\/casadecampoliving.com\/es\/altosdechavon-2\/","url":"https:\/\/casadecampoliving.com\/es\/altosdechavon-2\/","name":"Altos de Chav\u00f3n | Casa de Campo Living","isPartOf":{"@id":"https:\/\/casadecampoliving.com\/es\/#website"},"primaryImageOfPage":{"@id":"https:\/\/casadecampoliving.com\/es\/altosdechavon-2\/#primaryimage"},"image":{"@id":"https:\/\/casadecampoliving.com\/es\/altosdechavon-2\/#primaryimage"},"thumbnailUrl":"https:\/\/i0.wp.com\/casadecampoliving.com\/wp-content\/uploads\/2012\/07\/altos_de_chavon4.jpg?fit=650%2C345&ssl=1","datePublished":"2012-07-25T21:00:09+00:00","dateModified":"2022-10-21T21:23:42+00:00","description":"Completado en 1982, Altos de Chav\u00f3n es una r\u00e9plica de una villa mediterr\u00e1nea del siglo XVI, ubicado dentro del Resort Casa de Campo. Con vistas al R\u00edo","breadcrumb":{"@id":"https:\/\/casadecampoliving.com\/es\/altosdechavon-2\/#breadcrumb"},"inLanguage":"es","potentialAction":[{"@type":"ReadAction","target":["https:\/\/casadecampoliving.com\/es\/altosdechavon-2\/"]}]},{"@type":"ImageObject","inLanguage":"es","@id":"https:\/\/casadecampoliving.com\/es\/altosdechavon-2\/#primaryimage","url":"https:\/\/i0.wp.com\/casadecampoliving.com\/wp-content\/uploads\/2012\/07\/altos_de_chavon4.jpg?fit=650%2C345&ssl=1","contentUrl":"https:\/\/i0.wp.com\/casadecampoliving.com\/wp-content\/uploads\/2012\/07\/altos_de_chavon4.jpg?fit=650%2C345&ssl=1","width":"650","height":"345","caption":"altos de chavon"},{"@type":"BreadcrumbList","@id":"https:\/\/casadecampoliving.com\/es\/altosdechavon-2\/#breadcrumb","itemListElement":[{"@type":"ListItem","position":1,"name":"Home","item":"https:\/\/casadecampoliving.com\/es\/"},{"@type":"ListItem","position":2,"name":"Altos de Chav\u00f3n"}]},{"@type":"WebSite","@id":"https:\/\/casadecampoliving.com\/es\/#website","url":"https:\/\/casadecampoliving.com\/es\/","name":"Casa de Campo Living","description":"Resort community news and resources.","publisher":{"@id":"https:\/\/casadecampoliving.com\/es\/#organization"},"potentialAction":[{"@type":"SearchAction","target":{"@type":"EntryPoint","urlTemplate":"https:\/\/casadecampoliving.com\/es\/?s={search_term_string}"},"query-input":{"@type":"PropertyValueSpecification","valueRequired":true,"valueName":"search_term_string"}}],"inLanguage":"es"},{"@type":"Organization","@id":"https:\/\/casadecampoliving.com\/es\/#organization","name":"Casa de Campo Living","url":"https:\/\/casadecampoliving.com\/es\/","logo":{"@type":"ImageObject","inLanguage":"es","@id":"https:\/\/casadecampoliving.com\/es\/#\/schema\/logo\/image\/","url":"https:\/\/i0.wp.com\/casadecampoliving.com\/wp-content\/uploads\/2022\/07\/CDCLivingLogo_V1-white-sized.png?fit=800%2C214&ssl=1","contentUrl":"https:\/\/i0.wp.com\/casadecampoliving.com\/wp-content\/uploads\/2022\/07\/CDCLivingLogo_V1-white-sized.png?fit=800%2C214&ssl=1","width":800,"height":214,"caption":"Casa de Campo Living"},"image":{"@id":"https:\/\/casadecampoliving.com\/es\/#\/schema\/logo\/image\/"},"sameAs":["https:\/\/www.facebook.com\/casadecampoliving","https:\/\/x.com\/cdcliving"]}]}},"parsely":{"version":"1.1.0","canonical_url":"https:\/\/casadecampoliving.com\/es\/altosdechavon-2\/","smart_links":{"inbound":0,"outbound":0},"traffic_boost_suggestions_count":0,"meta":{"@context":"https:\/\/schema.org","@type":"WebPage","headline":"Altos de Chav\u00f3n","url":"http:\/\/casadecampoliving.com\/es\/altosdechavon-2\/","mainEntityOfPage":{"@type":"WebPage","@id":"http:\/\/casadecampoliving.com\/es\/altosdechavon-2\/"},"thumbnailUrl":"https:\/\/i0.wp.com\/casadecampoliving.com\/wp-content\/uploads\/2012\/07\/altos_de_chavon4.jpg?resize=150%2C150&ssl=1","image":{"@type":"ImageObject","url":"https:\/\/i0.wp.com\/casadecampoliving.com\/wp-content\/uploads\/2012\/07\/altos_de_chavon4.jpg?fit=650%2C345&ssl=1"},"articleSection":"Uncategorized @es","author":[{"@type":"Person","name":"Rebecca Silvestri"}],"creator":["Rebecca Silvestri"],"publisher":{"@type":"Organization","name":"Casa de Campo Living","logo":"https:\/\/casadecampoliving.com\/wp-content\/uploads\/2022\/07\/CDCLivingLogo_V1-white-sized.png"},"keywords":[],"dateCreated":"2012-07-25T21:00:09Z","datePublished":"2012-07-25T21:00:09Z","dateModified":"2022-10-21T21:23:42Z"},"rendered":"<script type=\"application\/ld+json\" class=\"wp-parsely-metadata\">{\"@context\":\"https:\\\/\\\/schema.org\",\"@type\":\"WebPage\",\"headline\":\"Altos de Chav\\u00f3n\",\"url\":\"http:\\\/\\\/casadecampoliving.com\\\/es\\\/altosdechavon-2\\\/\",\"mainEntityOfPage\":{\"@type\":\"WebPage\",\"@id\":\"http:\\\/\\\/casadecampoliving.com\\\/es\\\/altosdechavon-2\\\/\"},\"thumbnailUrl\":\"https:\\\/\\\/i0.wp.com\\\/casadecampoliving.com\\\/wp-content\\\/uploads\\\/2012\\\/07\\\/altos_de_chavon4.jpg?resize=150%2C150&ssl=1\",\"image\":{\"@type\":\"ImageObject\",\"url\":\"https:\\\/\\\/i0.wp.com\\\/casadecampoliving.com\\\/wp-content\\\/uploads\\\/2012\\\/07\\\/altos_de_chavon4.jpg?fit=650%2C345&ssl=1\"},\"articleSection\":\"Uncategorized @es\",\"author\":[{\"@type\":\"Person\",\"name\":\"Rebecca Silvestri\"}],\"creator\":[\"Rebecca Silvestri\"],\"publisher\":{\"@type\":\"Organization\",\"name\":\"Casa de Campo Living\",\"logo\":\"https:\\\/\\\/casadecampoliving.com\\\/wp-content\\\/uploads\\\/2022\\\/07\\\/CDCLivingLogo_V1-white-sized.png\"},\"keywords\":[],\"dateCreated\":\"2012-07-25T21:00:09Z\",\"datePublished\":\"2012-07-25T21:00:09Z\",\"dateModified\":\"2022-10-21T21:23:42Z\"}<\/script>","tracker_url":"https:\/\/cdn.parsely.com\/keys\/casadecampoliving.com\/p.js"},"jetpack-related-posts":[{"id":59513,"url":"https:\/\/casadecampoliving.com\/es\/atracciones\/","url_meta":{"origin":42860,"position":0},"title":"Atracciones y cosas para hacer en Casa de Campo","author":"Rebecca Silvestri","date":"18 Oct, 2012","format":false,"excerpt":"A\u00fan cuando hay muchas actividades deportivas en las cuales puede participar durante su estad\u00eda en el inmenso Resort Casa de Campo, hay otras incontables opciones de TODO lo que puede disfrutar! Aqu\u00ed algunos de nuestros lugares favoritos para visitar y actividades para hacer en Casa de Campo: Altos de Chav\u00f3nCompletado\u2026","rel":"","context":"Entrada similar","block_context":{"text":"Entrada similar","link":""},"img":{"alt_text":"","src":"https:\/\/i0.wp.com\/casadecampoliving.com\/wp-content\/uploads\/2012\/07\/marina_casa_de_campo6.jpg?fit=1200%2C900&ssl=1&resize=350%2C200","width":350,"height":200,"srcset":"https:\/\/i0.wp.com\/casadecampoliving.com\/wp-content\/uploads\/2012\/07\/marina_casa_de_campo6.jpg?fit=1200%2C900&ssl=1&resize=350%2C200 1x, https:\/\/i0.wp.com\/casadecampoliving.com\/wp-content\/uploads\/2012\/07\/marina_casa_de_campo6.jpg?fit=1200%2C900&ssl=1&resize=525%2C300 1.5x, https:\/\/i0.wp.com\/casadecampoliving.com\/wp-content\/uploads\/2012\/07\/marina_casa_de_campo6.jpg?fit=1200%2C900&ssl=1&resize=700%2C400 2x, https:\/\/i0.wp.com\/casadecampoliving.com\/wp-content\/uploads\/2012\/07\/marina_casa_de_campo6.jpg?fit=1200%2C900&ssl=1&resize=1050%2C600 3x"},"classes":[]},{"id":59498,"url":"https:\/\/casadecampoliving.com\/es\/rio-chavon\/","url_meta":{"origin":42860,"position":1},"title":"El R\u00edo Chav\u00f3n","author":"Rebecca Silvestri","date":"18 Oct, 2012","format":false,"excerpt":"El magn\u00edfico R\u00edo Chav\u00f3n forma una frontera natural al Este del Resort Casa de Campo, mientras corre hacia el Sur cruzando debajo del campo de golf Dye Fore y Altos de Chav\u00f3n, antes de desembocar en el mar Caribe al lado de la Marina Casa de Campo. El r\u00edo de\u2026","rel":"","context":"Entrada similar","block_context":{"text":"Entrada similar","link":""},"img":{"alt_text":"rio chavon","src":"https:\/\/i0.wp.com\/casadecampoliving.com\/wp-content\/uploads\/2012\/10\/rio_chavon2.jpg?fit=650%2C488&ssl=1&resize=350%2C200","width":350,"height":200,"srcset":"https:\/\/i0.wp.com\/casadecampoliving.com\/wp-content\/uploads\/2012\/10\/rio_chavon2.jpg?fit=650%2C488&ssl=1&resize=350%2C200 1x, https:\/\/i0.wp.com\/casadecampoliving.com\/wp-content\/uploads\/2012\/10\/rio_chavon2.jpg?fit=650%2C488&ssl=1&resize=525%2C300 1.5x"},"classes":[]},{"id":55379,"url":"https:\/\/casadecampoliving.com\/es\/datos-curiosos\/","url_meta":{"origin":42860,"position":2},"title":"Datos Curiosos","author":"Rebecca Silvestri","date":"31 Jul, 2012","format":false,"excerpt":"En cada edici\u00f3n de TODO Casa de Campo, la gu\u00eda y revista biling\u00fce oficial de Casa de Campo estar\u00e1 incluyendo una p\u00e1gina con datos curiosos sobre Casa de Campo! Aqu\u00ed les traemos los m\u00e1s recientes \u201cDatos Curiosos\u201d con enlaces que le permitir\u00e1n leer m\u00e1s acerca de cada uno! 1. Michael\u2026","rel":"","context":"Entrada similar","block_context":{"text":"Entrada similar","link":""},"img":{"alt_text":"todo_casa_de_campo","src":"https:\/\/i0.wp.com\/casadecampoliving-wp.s3-accelerate.amazonaws.com\/2012\/07\/Todo_casa_de_campo1.jpg?resize=350%2C200&ssl=1","width":350,"height":200,"srcset":"https:\/\/i0.wp.com\/casadecampoliving-wp.s3-accelerate.amazonaws.com\/2012\/07\/Todo_casa_de_campo1.jpg?resize=350%2C200&ssl=1 1x, https:\/\/i0.wp.com\/casadecampoliving-wp.s3-accelerate.amazonaws.com\/2012\/07\/Todo_casa_de_campo1.jpg?resize=525%2C300&ssl=1 1.5x"},"classes":[]},{"id":46918,"url":"https:\/\/casadecampoliving.com\/es\/gastronomia\/","url_meta":{"origin":42860,"position":3},"title":"Gastronom\u00eda","author":"Rebecca Silvestri","date":"20 Mar, 2012","format":false,"excerpt":"Dentro del resort Casa de Campo, existen m\u00e1s de 22 restaurantes, bares y caf\u00e9s \u2013 ofreciendo a la comunidad de Casa de Campo, al igual que sus visitantes y hu\u00e9spedes, una variedad de opciones gastron\u00f3micas \u2013 tanto casuales como de gala, y diversas selecciones de cocinas italianas, internacionales, del mediterr\u00e1neo,\u2026","rel":"","context":"En \u00abRestaurantes\u00bb","block_context":{"text":"Restaurantes","link":"https:\/\/casadecampoliving.com\/es\/category\/restaurantes-es\/"},"img":{"alt_text":"gino in trastevere altos de chavon","src":"https:\/\/i0.wp.com\/casadecampoliving.com\/wp-content\/uploads\/2012\/03\/gino_in_trastevere_altos_de_chavon2.jpg?fit=650%2C376&ssl=1&resize=350%2C200","width":350,"height":200,"srcset":"https:\/\/i0.wp.com\/casadecampoliving.com\/wp-content\/uploads\/2012\/03\/gino_in_trastevere_altos_de_chavon2.jpg?fit=650%2C376&ssl=1&resize=350%2C200 1x, https:\/\/i0.wp.com\/casadecampoliving.com\/wp-content\/uploads\/2012\/03\/gino_in_trastevere_altos_de_chavon2.jpg?fit=650%2C376&ssl=1&resize=525%2C300 1.5x"},"classes":[]},{"id":82542,"url":"https:\/\/casadecampoliving.com\/es\/altos-de-chavon-programa-de-fiestas\/","url_meta":{"origin":42860,"position":4},"title":"Altos de Chav\u00f3n Programa de Fiestas 2013","author":"Rebecca Silvestri","date":"7 Dic, 2013","format":false,"excerpt":"Las navidades en Altos de Chav\u00f3n se han convertido en una verdadera tradici\u00f3n en Casa de Campo y todo el pa\u00eds. Por su belleza arquitect\u00f3nica y ambiente id\u00edlico, Altos de Chav\u00f3n es el anfitri\u00f3n perfecto para celebrar la navidad en grande. \u00a1Todas los eventos han sido confirmados!\u00a0aqu\u00ed esta el horario\u2026","rel":"","context":"Entrada similar","block_context":{"text":"Entrada similar","link":""},"img":{"alt_text":"Altos de Chavon holiday program","src":"https:\/\/i0.wp.com\/casadecampoliving.com\/wp-content\/uploads\/2013\/12\/altos_de_chavon_holiday_program.jpg?fit=650%2C454&ssl=1&resize=350%2C200","width":350,"height":200,"srcset":"https:\/\/i0.wp.com\/casadecampoliving.com\/wp-content\/uploads\/2013\/12\/altos_de_chavon_holiday_program.jpg?fit=650%2C454&ssl=1&resize=350%2C200 1x, https:\/\/i0.wp.com\/casadecampoliving.com\/wp-content\/uploads\/2013\/12\/altos_de_chavon_holiday_program.jpg?fit=650%2C454&ssl=1&resize=525%2C300 1.5x"},"classes":[]},{"id":61606,"url":"https:\/\/casadecampoliving.com\/es\/los-colores-de-la-danza-por-el-ballet-nacional-dominicano-sabado-15-de-diciembre\/","url_meta":{"origin":42860,"position":5},"title":"Los Colores de la Danza por el Ballet Nacional Dominicano: s\u00e1bado 15 de diciembre","author":"Rebecca Silvestri","date":"6 Dic, 2012","format":false,"excerpt":"El s\u00e1bado 15 de diciembre del 2012, Casa de Campo, Altos de Chav\u00f3n y el Ministerio de la Rep\u00fablica Dominicana de la Cultura te invitan a un espect\u00e1culo m\u00e1gico de ballet en el anfiteatro en Altos de Chav\u00f3n- \u201cLos colores de la Danza\u201d ballet realizado por el Ballet Nacional Dominicano.\u2026","rel":"","context":"Entrada similar","block_context":{"text":"Entrada similar","link":""},"img":{"alt_text":"ballet","src":"https:\/\/i0.wp.com\/casadecampoliving.com\/wp-content\/uploads\/2012\/12\/ballet.jpg?fit=650%2C373&ssl=1&resize=350%2C200","width":350,"height":200,"srcset":"https:\/\/i0.wp.com\/casadecampoliving.com\/wp-content\/uploads\/2012\/12\/ballet.jpg?fit=650%2C373&ssl=1&resize=350%2C200 1x, https:\/\/i0.wp.com\/casadecampoliving.com\/wp-content\/uploads\/2012\/12\/ballet.jpg?fit=650%2C373&ssl=1&resize=525%2C300 1.5x"},"classes":[]}],"jetpack_sharing_enabled":true,"_links":{"self":[{"href":"https:\/\/casadecampoliving.com\/es\/wp-json\/wp\/v2\/pages\/42860","targetHints":{"allow":["GET"]}}],"collection":[{"href":"https:\/\/casadecampoliving.com\/es\/wp-json\/wp\/v2\/pages"}],"about":[{"href":"https:\/\/casadecampoliving.com\/es\/wp-json\/wp\/v2\/types\/page"}],"author":[{"embeddable":true,"href":"https:\/\/casadecampoliving.com\/es\/wp-json\/wp\/v2\/users\/31"}],"replies":[{"embeddable":true,"href":"https:\/\/casadecampoliving.com\/es\/wp-json\/wp\/v2\/comments?post=42860"}],"version-history":[{"count":0,"href":"https:\/\/casadecampoliving.com\/es\/wp-json\/wp\/v2\/pages\/42860\/revisions"}],"wp:featuredmedia":[{"embeddable":true,"href":"https:\/\/casadecampoliving.com\/es\/wp-json\/wp\/v2\/media\/55027"}],"wp:attachment":[{"href":"https:\/\/casadecampoliving.com\/es\/wp-json\/wp\/v2\/media?parent=42860"}],"wp:term":[{"taxonomy":"newspack_spnsrs_tax","embeddable":true,"href":"https:\/\/casadecampoliving.com\/es\/wp-json\/wp\/v2\/newspack_spnsrs_tax?post=42860"}],"curies":[{"name":"wp","href":"https:\/\/api.w.org\/{rel}","templated":true}]}}