{"id":38861,"date":"2011-11-29T16:44:48","date_gmt":"2011-11-29T20:44:48","guid":{"rendered":"http:\/\/casadecampoliving.com\/?page_id=38861"},"modified":"2022-10-21T17:23:11","modified_gmt":"2022-10-21T21:23:11","slug":"gino-in-trastevere","status":"publish","type":"page","link":"https:\/\/casadecampoliving.com\/es\/gino-in-trastevere\/","title":{"rendered":"Gino in Trastevere"},"content":{"rendered":"<div class=\"wp-block-image\">\n<figure class=\"aligncenter\"><a href=\"https:\/\/i0.wp.com\/casadecampoliving-wp.s3-accelerate.amazonaws.com\/2011\/11\/Gino.jpg?ssl=1\"><img decoding=\"async\" src=\"https:\/\/i0.wp.com\/casadecampoliving-wp.s3-accelerate.amazonaws.com\/2011\/11\/Gino.jpg?resize=650%2C400&amp;ssl=1\" alt=\"gino altos de chavon\" class=\"wp-image-38959\" title=\"Gino\"\/><\/a><\/figure>\n<\/div>\n\n\n<p>Gino in Trastevere es un aut\u00e9ntico restaurante Italiano ubicado en Altos de Chav\u00f3n, con una confortante terraza y una vista impresionante del&nbsp;R\u00edo&nbsp;Chav\u00f3n y el famoso campo de golf Dye Fore.\n\n<\/p>\n\n\n<div class=\"wp-block-image\">\n<figure class=\"alignright\"><img loading=\"lazy\" decoding=\"async\" width=\"230\" height=\"245\" src=\"https:\/\/i0.wp.com\/casadecampoliving-wp.s3-accelerate.amazonaws.com\/2012\/12\/gino_altos_de_chavon.jpg?resize=230%2C245&amp;ssl=1\" alt=\"gino altos de chavon\" class=\"wp-image-62033\" title=\"gino_altos_de_chavon\" srcset=\"https:\/\/i0.wp.com\/casadecampoliving.com\/wp-content\/uploads\/2012\/12\/gino_altos_de_chavon.jpg?w=230&amp;ssl=1 230w, https:\/\/i0.wp.com\/casadecampoliving-wp.s3-accelerate.amazonaws.com\/2012\/12\/gino_altos_de_chavon.jpg?w=370 370w, https:\/\/i0.wp.com\/casadecampoliving-wp.s3-accelerate.amazonaws.com\/2012\/12\/gino_altos_de_chavon.jpg?w=400 400w\" sizes=\"auto, (max-width: 230px) 100vw, 230px\" \/><\/figure>\n<\/div>\n\n\n<p>\n\nGino In Trastevere en Altos de Chav\u00f3n es propiedad de Claudio Angeloni de Italia, perteneciente a la familia que ha administrado de manera exitosa la franquicia Gino In Trastevere, una serie de restaurantes italianos que han estado dentro de Italia y alrededor del mundo durante m\u00e1s de 100 a\u00f1os. Esto convierte a Gino In Trastevere en el restaurante italiano m\u00e1s aut\u00e9ntico de Casa de Campo y probablemente de la Rep\u00fablica Dominicana!\n\nCon un nuevo men\u00fa, los clientes podr\u00e1n disfrutar de una deliciosa variedad de platos de excelente calidad, como Linguine con media langosta y pargo rojo o incrustaciones de Mahi en papas o calabac\u00edn \u2013 as\u00ed como muchas otras delicias italianas que tanto amamos!\n\nSus anfitriones ser\u00e1n Luciano y Federica (foto de la derecha), quienes esperan conocerles muy pronto!\n<\/p>\n\n\n<div class=\"wp-block-image\">\n<figure class=\"aligncenter\"><img loading=\"lazy\" decoding=\"async\" width=\"650\" height=\"358\" src=\"https:\/\/i0.wp.com\/casadecampoliving-wp.s3-accelerate.amazonaws.com\/2012\/12\/gino_in_trastevere.jpg?resize=650%2C358&amp;ssl=1\" alt=\"gino in trastevere\" class=\"wp-image-62045\" title=\"gino_in_trastevere\" srcset=\"https:\/\/i0.wp.com\/casadecampoliving.com\/wp-content\/uploads\/2012\/12\/gino_in_trastevere.jpg?w=650&amp;ssl=1 650w, https:\/\/i0.wp.com\/casadecampoliving.com\/wp-content\/uploads\/2012\/12\/gino_in_trastevere.jpg?resize=300%2C165&amp;ssl=1 300w, https:\/\/i0.wp.com\/casadecampoliving-wp.s3-accelerate.amazonaws.com\/2012\/12\/gino_in_trastevere.jpg?w=370 370w, https:\/\/i0.wp.com\/casadecampoliving-wp.s3-accelerate.amazonaws.com\/2012\/12\/gino_in_trastevere.jpg?w=400 400w\" sizes=\"auto, (max-width: 650px) 100vw, 650px\" \/><\/figure>\n<\/div>\n\n\n<p class=\"has-text-align-center\"><strong>Pizza Margarita en Gino In Trastevere, Altos de Chav\u00f3n<\/strong>\n\nEl men\u00fa en Gino in Trastevere ofrece una maravillosa selecci\u00f3n de pizzas elaboradas en hornos de piedra con pastas, carnes y mariscos frescos, as\u00ed como especiales diarios. La pizza est\u00e1 disponible para llevar.\n\n<strong>\n<\/strong><\/p>\n\n\n\n<figure class=\"wp-block-image\"><img loading=\"lazy\" decoding=\"async\" width=\"800\" height=\"600\" src=\"https:\/\/i0.wp.com\/casadecampoliving.com\/wp-content\/uploads\/2022\/10\/img_0013-2.jpg?resize=800%2C600&amp;ssl=1\" alt=\"\" class=\"wp-image-417823\" srcset=\"https:\/\/i0.wp.com\/casadecampoliving.com\/wp-content\/uploads\/2022\/10\/img_0013-2.jpg?w=800&amp;ssl=1 800w, https:\/\/i0.wp.com\/casadecampoliving.com\/wp-content\/uploads\/2022\/10\/img_0013-2.jpg?resize=300%2C225&amp;ssl=1 300w, https:\/\/i0.wp.com\/casadecampoliving.com\/wp-content\/uploads\/2022\/10\/img_0013-2.jpg?resize=768%2C576&amp;ssl=1 768w, https:\/\/i0.wp.com\/casadecampoliving.com\/wp-content\/uploads\/2022\/10\/img_0013-2.jpg?resize=400%2C300&amp;ssl=1 400w, https:\/\/i0.wp.com\/casadecampoliving.com\/wp-content\/uploads\/2022\/10\/img_0013-2.jpg?resize=200%2C150&amp;ssl=1 200w, https:\/\/i0.wp.com\/casadecampoliving.com\/wp-content\/uploads\/2022\/10\/img_0013-2.jpg?resize=706%2C530&amp;ssl=1 706w, https:\/\/i0.wp.com\/casadecampoliving.com\/wp-content\/uploads\/2022\/10\/img_0013-2.jpg?resize=150%2C113&amp;ssl=1 150w, https:\/\/i0.wp.com\/casadecampoliving.com\/wp-content\/uploads\/2022\/10\/img_0013-2.jpg?w=370 370w\" sizes=\"auto, (max-width: 800px) 100vw, 800px\" \/><\/figure>\n\n\n\n<strong>\n<\/strong>\n\n\n\n<strong><\/strong>\n\n\n\n<p><\/p>\n\n\n\n<blockquote class=\"wp-block-quote is-layout-flow wp-block-quote-is-layout-flow\"><p><strong>Gino In Trastevere est\u00e1 abierto diariamente en el siguiente horario:\n<\/strong>\n\nAlmuerzo: 12pm \u2013 2:30pm\nCena: 7:30pm \u2013 11:30pm\n(Cerrado los mi\u00e9rcoles).\n\n<strong>Reservaciones:<\/strong>&nbsp;(809) 951-1897,&nbsp;&nbsp;<a href=\"mailto:ristoranteginoaltos@hotmail.com\">ristoranteginoaltos@hotmail.<wbr>com<\/a><\/p><\/blockquote>\n","protected":false},"excerpt":{"rendered":"<p>Gino in Trastevere es un aut\u00e9ntico restaurante Italiano ubicado en Altos de Chav\u00f3n, con una confortante terraza y una vista impresionante del&nbsp;R\u00edo&nbsp;Chav\u00f3n y el famoso campo de golf Dye Fore. Gino In Trastevere en Altos de Chav\u00f3n es propiedad de Claudio Angeloni de Italia, perteneciente a la familia que ha administrado de manera exitosa la [&hellip;]<\/p>\n","protected":false},"author":8,"featured_media":0,"parent":0,"menu_order":0,"comment_status":"closed","ping_status":"closed","template":"","meta":{"newspack_ads_suppress_ads":false,"newspack_popups_has_disabled_popups":false,"newspack_sponsor_sponsorship_scope":"","newspack_sponsor_native_byline_display":"inherit","newspack_sponsor_native_category_display":"inherit","newspack_sponsor_underwriter_style":"inherit","newspack_sponsor_underwriter_placement":"inherit","newspack_content_restriction_is_exempt":false,"newspack_featured_image_position":"","newspack_hide_page_title":false,"newspack_show_share_buttons":false,"footnotes":""},"newspack_spnsrs_tax":[],"class_list":["post-38861","page","type-page","status-publish","hentry","entry"],"yoast_head":"<!-- This site is optimized with the Yoast SEO plugin v27.3 - https:\/\/yoast.com\/product\/yoast-seo-wordpress\/ -->\n<title>Gino in Trastevere | Casa de Campo Living<\/title>\n<meta name=\"description\" content=\"Gino in Trastevere es un aut\u00e9ntico restaurante Italiano ubicado en Altos de Chav\u00f3n, con una confortante terraza y una vista impresionante\" \/>\n<meta name=\"robots\" content=\"index, follow, max-snippet:-1, max-image-preview:large, max-video-preview:-1\" \/>\n<link rel=\"canonical\" href=\"https:\/\/casadecampoliving.com\/es\/gino-in-trastevere\/\" \/>\n<meta property=\"og:locale\" content=\"es_ES\" \/>\n<meta property=\"og:type\" content=\"article\" \/>\n<meta property=\"og:title\" content=\"Gino in Trastevere | Casa de Campo Living\" \/>\n<meta property=\"og:description\" content=\"Gino in Trastevere es un aut\u00e9ntico restaurante Italiano ubicado en Altos de Chav\u00f3n, con una confortante terraza y una vista impresionante\" \/>\n<meta property=\"og:url\" content=\"https:\/\/casadecampoliving.com\/es\/gino-in-trastevere\/\" \/>\n<meta property=\"og:site_name\" content=\"Casa de Campo Living\" \/>\n<meta property=\"article:publisher\" content=\"https:\/\/www.facebook.com\/casadecampoliving\" \/>\n<meta property=\"article:modified_time\" content=\"2022-10-21T21:23:11+00:00\" \/>\n<meta property=\"og:image\" content=\"https:\/\/casadecampoliving-wp.s3-accelerate.amazonaws.com\/2011\/11\/Gino.jpg\" \/>\n<meta name=\"twitter:card\" content=\"summary_large_image\" \/>\n<meta name=\"twitter:site\" content=\"@cdcliving\" \/>\n<meta name=\"twitter:label1\" content=\"Tiempo de lectura\" \/>\n\t<meta name=\"twitter:data1\" content=\"1 minuto\" \/>\n<script type=\"application\/ld+json\" class=\"yoast-schema-graph\">{\"@context\":\"https:\\\/\\\/schema.org\",\"@graph\":[{\"@type\":\"WebPage\",\"@id\":\"https:\\\/\\\/casadecampoliving.com\\\/es\\\/gino-in-trastevere\\\/\",\"url\":\"https:\\\/\\\/casadecampoliving.com\\\/es\\\/gino-in-trastevere\\\/\",\"name\":\"Gino in Trastevere | Casa de Campo Living\",\"isPartOf\":{\"@id\":\"https:\\\/\\\/casadecampoliving.com\\\/es\\\/#website\"},\"primaryImageOfPage\":{\"@id\":\"https:\\\/\\\/casadecampoliving.com\\\/es\\\/gino-in-trastevere\\\/#primaryimage\"},\"image\":{\"@id\":\"https:\\\/\\\/casadecampoliving.com\\\/es\\\/gino-in-trastevere\\\/#primaryimage\"},\"thumbnailUrl\":\"https:\\\/\\\/i0.wp.com\\\/casadecampoliving-wp.s3-accelerate.amazonaws.com\\\/2011\\\/11\\\/Gino.jpg?resize=650%2C400&amp;ssl=1\",\"datePublished\":\"2011-11-29T20:44:48+00:00\",\"dateModified\":\"2022-10-21T21:23:11+00:00\",\"description\":\"Gino in Trastevere es un aut\u00e9ntico restaurante Italiano ubicado en Altos de Chav\u00f3n, con una confortante terraza y una vista impresionante\",\"breadcrumb\":{\"@id\":\"https:\\\/\\\/casadecampoliving.com\\\/es\\\/gino-in-trastevere\\\/#breadcrumb\"},\"inLanguage\":\"es\",\"potentialAction\":[{\"@type\":\"ReadAction\",\"target\":[\"https:\\\/\\\/casadecampoliving.com\\\/es\\\/gino-in-trastevere\\\/\"]}]},{\"@type\":\"ImageObject\",\"inLanguage\":\"es\",\"@id\":\"https:\\\/\\\/casadecampoliving.com\\\/es\\\/gino-in-trastevere\\\/#primaryimage\",\"url\":\"https:\\\/\\\/i0.wp.com\\\/casadecampoliving-wp.s3-accelerate.amazonaws.com\\\/2011\\\/11\\\/Gino.jpg?resize=650%2C400&amp;ssl=1\",\"contentUrl\":\"https:\\\/\\\/i0.wp.com\\\/casadecampoliving-wp.s3-accelerate.amazonaws.com\\\/2011\\\/11\\\/Gino.jpg?resize=650%2C400&amp;ssl=1\"},{\"@type\":\"BreadcrumbList\",\"@id\":\"https:\\\/\\\/casadecampoliving.com\\\/es\\\/gino-in-trastevere\\\/#breadcrumb\",\"itemListElement\":[{\"@type\":\"ListItem\",\"position\":1,\"name\":\"Home\",\"item\":\"https:\\\/\\\/casadecampoliving.com\\\/es\\\/\"},{\"@type\":\"ListItem\",\"position\":2,\"name\":\"Gino in Trastevere\"}]},{\"@type\":\"WebSite\",\"@id\":\"https:\\\/\\\/casadecampoliving.com\\\/es\\\/#website\",\"url\":\"https:\\\/\\\/casadecampoliving.com\\\/es\\\/\",\"name\":\"Casa de Campo Living\",\"description\":\"Resort community news and resources.\",\"publisher\":{\"@id\":\"https:\\\/\\\/casadecampoliving.com\\\/es\\\/#organization\"},\"potentialAction\":[{\"@type\":\"SearchAction\",\"target\":{\"@type\":\"EntryPoint\",\"urlTemplate\":\"https:\\\/\\\/casadecampoliving.com\\\/es\\\/?s={search_term_string}\"},\"query-input\":{\"@type\":\"PropertyValueSpecification\",\"valueRequired\":true,\"valueName\":\"search_term_string\"}}],\"inLanguage\":\"es\"},{\"@type\":\"Organization\",\"@id\":\"https:\\\/\\\/casadecampoliving.com\\\/es\\\/#organization\",\"name\":\"Casa de Campo Living\",\"url\":\"https:\\\/\\\/casadecampoliving.com\\\/es\\\/\",\"logo\":{\"@type\":\"ImageObject\",\"inLanguage\":\"es\",\"@id\":\"https:\\\/\\\/casadecampoliving.com\\\/es\\\/#\\\/schema\\\/logo\\\/image\\\/\",\"url\":\"https:\\\/\\\/i0.wp.com\\\/casadecampoliving.com\\\/wp-content\\\/uploads\\\/2022\\\/07\\\/CDCLivingLogo_V1-white-sized.png?fit=800%2C214&ssl=1\",\"contentUrl\":\"https:\\\/\\\/i0.wp.com\\\/casadecampoliving.com\\\/wp-content\\\/uploads\\\/2022\\\/07\\\/CDCLivingLogo_V1-white-sized.png?fit=800%2C214&ssl=1\",\"width\":800,\"height\":214,\"caption\":\"Casa de Campo Living\"},\"image\":{\"@id\":\"https:\\\/\\\/casadecampoliving.com\\\/es\\\/#\\\/schema\\\/logo\\\/image\\\/\"},\"sameAs\":[\"https:\\\/\\\/www.facebook.com\\\/casadecampoliving\",\"https:\\\/\\\/x.com\\\/cdcliving\"]}]}<\/script>\n<!-- \/ Yoast SEO plugin. -->","yoast_head_json":{"title":"Gino in Trastevere | Casa de Campo Living","description":"Gino in Trastevere es un aut\u00e9ntico restaurante Italiano ubicado en Altos de Chav\u00f3n, con una confortante terraza y una vista impresionante","robots":{"index":"index","follow":"follow","max-snippet":"max-snippet:-1","max-image-preview":"max-image-preview:large","max-video-preview":"max-video-preview:-1"},"canonical":"https:\/\/casadecampoliving.com\/es\/gino-in-trastevere\/","og_locale":"es_ES","og_type":"article","og_title":"Gino in Trastevere | Casa de Campo Living","og_description":"Gino in Trastevere es un aut\u00e9ntico restaurante Italiano ubicado en Altos de Chav\u00f3n, con una confortante terraza y una vista impresionante","og_url":"https:\/\/casadecampoliving.com\/es\/gino-in-trastevere\/","og_site_name":"Casa de Campo Living","article_publisher":"https:\/\/www.facebook.com\/casadecampoliving","article_modified_time":"2022-10-21T21:23:11+00:00","og_image":[{"url":"https:\/\/casadecampoliving-wp.s3-accelerate.amazonaws.com\/2011\/11\/Gino.jpg","type":"","width":"","height":""}],"twitter_card":"summary_large_image","twitter_site":"@cdcliving","twitter_misc":{"Tiempo de lectura":"1 minuto"},"schema":{"@context":"https:\/\/schema.org","@graph":[{"@type":"WebPage","@id":"https:\/\/casadecampoliving.com\/es\/gino-in-trastevere\/","url":"https:\/\/casadecampoliving.com\/es\/gino-in-trastevere\/","name":"Gino in Trastevere | Casa de Campo Living","isPartOf":{"@id":"https:\/\/casadecampoliving.com\/es\/#website"},"primaryImageOfPage":{"@id":"https:\/\/casadecampoliving.com\/es\/gino-in-trastevere\/#primaryimage"},"image":{"@id":"https:\/\/casadecampoliving.com\/es\/gino-in-trastevere\/#primaryimage"},"thumbnailUrl":"https:\/\/i0.wp.com\/casadecampoliving-wp.s3-accelerate.amazonaws.com\/2011\/11\/Gino.jpg?resize=650%2C400&amp;ssl=1","datePublished":"2011-11-29T20:44:48+00:00","dateModified":"2022-10-21T21:23:11+00:00","description":"Gino in Trastevere es un aut\u00e9ntico restaurante Italiano ubicado en Altos de Chav\u00f3n, con una confortante terraza y una vista impresionante","breadcrumb":{"@id":"https:\/\/casadecampoliving.com\/es\/gino-in-trastevere\/#breadcrumb"},"inLanguage":"es","potentialAction":[{"@type":"ReadAction","target":["https:\/\/casadecampoliving.com\/es\/gino-in-trastevere\/"]}]},{"@type":"ImageObject","inLanguage":"es","@id":"https:\/\/casadecampoliving.com\/es\/gino-in-trastevere\/#primaryimage","url":"https:\/\/i0.wp.com\/casadecampoliving-wp.s3-accelerate.amazonaws.com\/2011\/11\/Gino.jpg?resize=650%2C400&amp;ssl=1","contentUrl":"https:\/\/i0.wp.com\/casadecampoliving-wp.s3-accelerate.amazonaws.com\/2011\/11\/Gino.jpg?resize=650%2C400&amp;ssl=1"},{"@type":"BreadcrumbList","@id":"https:\/\/casadecampoliving.com\/es\/gino-in-trastevere\/#breadcrumb","itemListElement":[{"@type":"ListItem","position":1,"name":"Home","item":"https:\/\/casadecampoliving.com\/es\/"},{"@type":"ListItem","position":2,"name":"Gino in Trastevere"}]},{"@type":"WebSite","@id":"https:\/\/casadecampoliving.com\/es\/#website","url":"https:\/\/casadecampoliving.com\/es\/","name":"Casa de Campo Living","description":"Resort community news and resources.","publisher":{"@id":"https:\/\/casadecampoliving.com\/es\/#organization"},"potentialAction":[{"@type":"SearchAction","target":{"@type":"EntryPoint","urlTemplate":"https:\/\/casadecampoliving.com\/es\/?s={search_term_string}"},"query-input":{"@type":"PropertyValueSpecification","valueRequired":true,"valueName":"search_term_string"}}],"inLanguage":"es"},{"@type":"Organization","@id":"https:\/\/casadecampoliving.com\/es\/#organization","name":"Casa de Campo Living","url":"https:\/\/casadecampoliving.com\/es\/","logo":{"@type":"ImageObject","inLanguage":"es","@id":"https:\/\/casadecampoliving.com\/es\/#\/schema\/logo\/image\/","url":"https:\/\/i0.wp.com\/casadecampoliving.com\/wp-content\/uploads\/2022\/07\/CDCLivingLogo_V1-white-sized.png?fit=800%2C214&ssl=1","contentUrl":"https:\/\/i0.wp.com\/casadecampoliving.com\/wp-content\/uploads\/2022\/07\/CDCLivingLogo_V1-white-sized.png?fit=800%2C214&ssl=1","width":800,"height":214,"caption":"Casa de Campo Living"},"image":{"@id":"https:\/\/casadecampoliving.com\/es\/#\/schema\/logo\/image\/"},"sameAs":["https:\/\/www.facebook.com\/casadecampoliving","https:\/\/x.com\/cdcliving"]}]}},"parsely":{"version":"1.1.0","canonical_url":"https:\/\/casadecampoliving.com\/es\/gino-in-trastevere\/","smart_links":{"inbound":0,"outbound":0},"traffic_boost_suggestions_count":0,"meta":{"@context":"https:\/\/schema.org","@type":"WebPage","headline":"Gino in Trastevere","url":"http:\/\/casadecampoliving.com\/es\/gino-in-trastevere\/","mainEntityOfPage":{"@type":"WebPage","@id":"http:\/\/casadecampoliving.com\/es\/gino-in-trastevere\/"},"thumbnailUrl":"","image":{"@type":"ImageObject","url":""},"articleSection":"Uncategorized @es","author":[{"@type":"Person","name":"Ms. K"}],"creator":["Ms. K"],"publisher":{"@type":"Organization","name":"Casa de Campo Living","logo":"https:\/\/casadecampoliving.com\/wp-content\/uploads\/2022\/07\/CDCLivingLogo_V1-white-sized.png"},"keywords":[],"dateCreated":"2011-11-29T20:44:48Z","datePublished":"2011-11-29T20:44:48Z","dateModified":"2022-10-21T21:23:11Z"},"rendered":"<script type=\"application\/ld+json\" class=\"wp-parsely-metadata\">{\"@context\":\"https:\\\/\\\/schema.org\",\"@type\":\"WebPage\",\"headline\":\"Gino in Trastevere\",\"url\":\"http:\\\/\\\/casadecampoliving.com\\\/es\\\/gino-in-trastevere\\\/\",\"mainEntityOfPage\":{\"@type\":\"WebPage\",\"@id\":\"http:\\\/\\\/casadecampoliving.com\\\/es\\\/gino-in-trastevere\\\/\"},\"thumbnailUrl\":\"\",\"image\":{\"@type\":\"ImageObject\",\"url\":\"\"},\"articleSection\":\"Uncategorized @es\",\"author\":[{\"@type\":\"Person\",\"name\":\"Ms. K\"}],\"creator\":[\"Ms. K\"],\"publisher\":{\"@type\":\"Organization\",\"name\":\"Casa de Campo Living\",\"logo\":\"https:\\\/\\\/casadecampoliving.com\\\/wp-content\\\/uploads\\\/2022\\\/07\\\/CDCLivingLogo_V1-white-sized.png\"},\"keywords\":[],\"dateCreated\":\"2011-11-29T20:44:48Z\",\"datePublished\":\"2011-11-29T20:44:48Z\",\"dateModified\":\"2022-10-21T21:23:11Z\"}<\/script>","tracker_url":"https:\/\/cdn.parsely.com\/keys\/casadecampoliving.com\/p.js"},"jetpack-related-posts":[{"id":64363,"url":"https:\/\/casadecampoliving.com\/es\/gino-los-jueves-en-vivo\/","url_meta":{"origin":38861,"position":0},"title":"Gino in Trastevere presenta \u00abLos Jueves en Vivo\u00bb","author":"Rebecca Silvestri","date":"31 Ene, 2013","format":false,"excerpt":"Gino In Trastevere, restaurante de pastas y pizzas en Altos de Chav\u00f3n, junto con el sitio de web de noticias diarios y eventos; Casa de Campo Living les invita a \u201cLos Jueves en Vivo\u201d.\u00a0 Cada jueves, a partir de las 8pm, Gino\u2019s les invita a disfrutar de una presentaci\u00f3n en\u2026","rel":"","context":"Entrada similar","block_context":{"text":"Entrada similar","link":""},"img":{"alt_text":"","src":"https:\/\/i0.wp.com\/casadecampoliving.com\/wp-content\/uploads\/2013\/01\/Gino1.jpg?fit=650%2C400&ssl=1&resize=350%2C200","width":350,"height":200,"srcset":"https:\/\/i0.wp.com\/casadecampoliving.com\/wp-content\/uploads\/2013\/01\/Gino1.jpg?fit=650%2C400&ssl=1&resize=350%2C200 1x, https:\/\/i0.wp.com\/casadecampoliving.com\/wp-content\/uploads\/2013\/01\/Gino1.jpg?fit=650%2C400&ssl=1&resize=525%2C300 1.5x"},"classes":[]},{"id":38858,"url":"https:\/\/casadecampoliving.com\/gino-in-trastevere\/","url_meta":{"origin":38861,"position":1},"title":"Gino in Trastevere","author":"Ms. K","date":"29 Nov, 2011","format":false,"excerpt":"Gino in Trastevere is an authentic Italian restaurant located in Altos de Chav\u00f3n, located on a lofty terrace with a panoramic view of the Chav\u00f3n River and the famous Dye Fore golf course. Gino\u00a0In Trastevere in Altos de Chav\u00f3n is owned by Claudio Angeloni from Italy, whose family have owned\u2026","rel":"","context":"Entrada similar","block_context":{"text":"Entrada similar","link":""},"img":{"alt_text":"gino altos de chavon","src":"https:\/\/i0.wp.com\/casadecampoliving.com\/wp-content\/uploads\/2011\/11\/Gino.jpg?fit=650%2C400&ssl=1&resize=350%2C200","width":350,"height":200,"srcset":"https:\/\/i0.wp.com\/casadecampoliving.com\/wp-content\/uploads\/2011\/11\/Gino.jpg?fit=650%2C400&ssl=1&resize=350%2C200 1x, https:\/\/i0.wp.com\/casadecampoliving.com\/wp-content\/uploads\/2011\/11\/Gino.jpg?fit=650%2C400&ssl=1&resize=525%2C300 1.5x"},"classes":[]},{"id":64356,"url":"https:\/\/casadecampoliving.com\/live-music-ginos\/","url_meta":{"origin":38861,"position":2},"title":"Live Music at Gino&#8217;s &#8211; every Thursday","author":"Rebecca Silvestri","date":"31 Ene, 2013","format":false,"excerpt":"Come join us for a night of live music at Gino In Trastevere, pizza and pasta restaurant in Altos de Chav\u00f3n \u2013 every Thursday evening! Every Thursday evening from 8pm, Gino\u2019s and Casa de Campo Living invites you to enjoy a live music presentation \u2013 starring a different local musician\u2026","rel":"","context":"Entrada similar","block_context":{"text":"Entrada similar","link":""},"img":{"alt_text":"","src":"https:\/\/i0.wp.com\/casadecampoliving.com\/wp-content\/uploads\/2013\/01\/Gino1.jpg?fit=650%2C400&ssl=1&resize=350%2C200","width":350,"height":200,"srcset":"https:\/\/i0.wp.com\/casadecampoliving.com\/wp-content\/uploads\/2013\/01\/Gino1.jpg?fit=650%2C400&ssl=1&resize=350%2C200 1x, https:\/\/i0.wp.com\/casadecampoliving.com\/wp-content\/uploads\/2013\/01\/Gino1.jpg?fit=650%2C400&ssl=1&resize=525%2C300 1.5x"},"classes":[]},{"id":46918,"url":"https:\/\/casadecampoliving.com\/es\/gastronomia\/","url_meta":{"origin":38861,"position":3},"title":"Gastronom\u00eda","author":"Rebecca Silvestri","date":"20 Mar, 2012","format":false,"excerpt":"Dentro del resort Casa de Campo, existen m\u00e1s de 22 restaurantes, bares y caf\u00e9s \u2013 ofreciendo a la comunidad de Casa de Campo, al igual que sus visitantes y hu\u00e9spedes, una variedad de opciones gastron\u00f3micas \u2013 tanto casuales como de gala, y diversas selecciones de cocinas italianas, internacionales, del mediterr\u00e1neo,\u2026","rel":"","context":"En \u00abRestaurantes\u00bb","block_context":{"text":"Restaurantes","link":"https:\/\/casadecampoliving.com\/es\/category\/restaurantes-es\/"},"img":{"alt_text":"gino in trastevere altos de chavon","src":"https:\/\/i0.wp.com\/casadecampoliving.com\/wp-content\/uploads\/2012\/03\/gino_in_trastevere_altos_de_chavon2.jpg?fit=650%2C376&ssl=1&resize=350%2C200","width":350,"height":200,"srcset":"https:\/\/i0.wp.com\/casadecampoliving.com\/wp-content\/uploads\/2012\/03\/gino_in_trastevere_altos_de_chavon2.jpg?fit=650%2C376&ssl=1&resize=350%2C200 1x, https:\/\/i0.wp.com\/casadecampoliving.com\/wp-content\/uploads\/2012\/03\/gino_in_trastevere_altos_de_chavon2.jpg?fit=650%2C376&ssl=1&resize=525%2C300 1.5x"},"classes":[]},{"id":42860,"url":"https:\/\/casadecampoliving.com\/es\/altosdechavon-2\/","url_meta":{"origin":38861,"position":4},"title":"Altos de Chav\u00f3n","author":"Rebecca Silvestri","date":"25 Jul, 2012","format":false,"excerpt":"Completado en 1982, Altos de Chav\u00f3n es una r\u00e9plica de una villa mediterr\u00e1nea del siglo XVI, ubicado dentro del Resort Casa de Campo. Con vistas al R\u00edo Chav\u00f3n, Altos de Chav\u00f3n es una de las \u00e1reas m\u00e1s hermosas de Casa de Campo, visitada por cientos de turistas a diario, provenientes\u2026","rel":"","context":"Entrada similar","block_context":{"text":"Entrada similar","link":""},"img":{"alt_text":"altos de chavon","src":"https:\/\/i0.wp.com\/casadecampoliving.com\/wp-content\/uploads\/2012\/07\/altos_de_chavon4.jpg?fit=650%2C345&ssl=1&resize=350%2C200","width":350,"height":200,"srcset":"https:\/\/i0.wp.com\/casadecampoliving.com\/wp-content\/uploads\/2012\/07\/altos_de_chavon4.jpg?fit=650%2C345&ssl=1&resize=350%2C200 1x, https:\/\/i0.wp.com\/casadecampoliving.com\/wp-content\/uploads\/2012\/07\/altos_de_chavon4.jpg?fit=650%2C345&ssl=1&resize=525%2C300 1.5x"},"classes":[]},{"id":42837,"url":"https:\/\/casadecampoliving.com\/altosdechavon\/","url_meta":{"origin":38861,"position":5},"title":"Altos de Chav\u00f3n","author":"Rebecca Silvestri","date":"25 Jul, 2012","format":false,"excerpt":"Completed in 1982, Altos de Chav\u00f3n is a replica of a 16th century\u00a0Mediterranean village, located within the Casa de Campo resort. Overlooking the Chav\u00f3n river, Altos de Chav\u00f3n is one of Casa de Campo\u2019s most beautiful areas, visited by hundreds of tourists everyday from nearby resorts, hotels and cruise ships.\u2026","rel":"","context":"Entrada similar","block_context":{"text":"Entrada similar","link":""},"img":{"alt_text":"altos de chavon","src":"https:\/\/i0.wp.com\/casadecampoliving.com\/wp-content\/uploads\/2012\/07\/altos_de_chavon4.jpg?fit=650%2C345&ssl=1&resize=350%2C200","width":350,"height":200,"srcset":"https:\/\/i0.wp.com\/casadecampoliving.com\/wp-content\/uploads\/2012\/07\/altos_de_chavon4.jpg?fit=650%2C345&ssl=1&resize=350%2C200 1x, https:\/\/i0.wp.com\/casadecampoliving.com\/wp-content\/uploads\/2012\/07\/altos_de_chavon4.jpg?fit=650%2C345&ssl=1&resize=525%2C300 1.5x"},"classes":[]}],"jetpack_sharing_enabled":true,"_links":{"self":[{"href":"https:\/\/casadecampoliving.com\/es\/wp-json\/wp\/v2\/pages\/38861","targetHints":{"allow":["GET"]}}],"collection":[{"href":"https:\/\/casadecampoliving.com\/es\/wp-json\/wp\/v2\/pages"}],"about":[{"href":"https:\/\/casadecampoliving.com\/es\/wp-json\/wp\/v2\/types\/page"}],"author":[{"embeddable":true,"href":"https:\/\/casadecampoliving.com\/es\/wp-json\/wp\/v2\/users\/8"}],"replies":[{"embeddable":true,"href":"https:\/\/casadecampoliving.com\/es\/wp-json\/wp\/v2\/comments?post=38861"}],"version-history":[{"count":0,"href":"https:\/\/casadecampoliving.com\/es\/wp-json\/wp\/v2\/pages\/38861\/revisions"}],"wp:attachment":[{"href":"https:\/\/casadecampoliving.com\/es\/wp-json\/wp\/v2\/media?parent=38861"}],"wp:term":[{"taxonomy":"newspack_spnsrs_tax","embeddable":true,"href":"https:\/\/casadecampoliving.com\/es\/wp-json\/wp\/v2\/newspack_spnsrs_tax?post=38861"}],"curies":[{"name":"wp","href":"https:\/\/api.w.org\/{rel}","templated":true}]}}