{"id":37540,"date":"2011-11-15T16:20:28","date_gmt":"2011-11-15T20:20:28","guid":{"rendered":"http:\/\/casadecampoliving.com\/?page_id=37540"},"modified":"2022-10-21T17:23:04","modified_gmt":"2022-10-21T21:23:04","slug":"joly-day","status":"publish","type":"page","link":"https:\/\/casadecampoliving.com\/es\/joly-day\/","title":{"rendered":"Joli-Day Beach: S\u00e1bado 26 de Nov."},"content":{"rendered":"<div class=\"wp-block-image\">\n<figure class=\"aligncenter is-resized\"><a href=\"https:\/\/i0.wp.com\/casadecampoliving-wp.s3-accelerate.amazonaws.com\/2011\/11\/joli-day_beach_casa_de_campo_ESP.jpg?ssl=1\"><img loading=\"lazy\" decoding=\"async\" src=\"https:\/\/i0.wp.com\/casadecampoliving-wp.s3-accelerate.amazonaws.com\/2011\/11\/joli-day_beach_casa_de_campo_ESP.jpg?resize=650%2C598&amp;ssl=1\" alt=\"joli-day beach casa de campo\" class=\"wp-image-37528\" title=\"joli-day_beach_casa_de_campo_ESP\" height=\"598\" width=\"650\" srcset=\"https:\/\/i0.wp.com\/casadecampoliving.com\/wp-content\/uploads\/2011\/11\/joli-day_beach_casa_de_campo_ESP.jpg?w=650&amp;ssl=1 650w, https:\/\/i0.wp.com\/casadecampoliving.com\/wp-content\/uploads\/2011\/11\/joli-day_beach_casa_de_campo_ESP.jpg?resize=300%2C276&amp;ssl=1 300w, https:\/\/i0.wp.com\/casadecampoliving-wp.s3-accelerate.amazonaws.com\/2011\/11\/joli-day_beach_casa_de_campo_ESP.jpg?w=370 370w, https:\/\/i0.wp.com\/casadecampoliving-wp.s3-accelerate.amazonaws.com\/2011\/11\/joli-day_beach_casa_de_campo_ESP.jpg?w=400 400w\" sizes=\"auto, (max-width: 650px) 100vw, 650px\" \/><\/a><\/figure>\n<\/div>\n\n\n<p>Por segundo a\u00f1o consecutivo, Casa de Campo Living regresa con \u201cJoli-Day Beach\u201d, evento anual que, en esta ocasi\u00f3n, se celebrar\u00e1 el pr\u00f3ximo s\u00e1bado 26 de noviembre.<\/p>\n\n\n\n<!--more-->\n\n\n\n<blockquote class=\"wp-block-quote is-layout-flow wp-block-quote-is-layout-flow\"><p><strong>Joli-Day Beach<\/strong><\/p><p><strong>Fecha:<\/strong>&nbsp;S\u00e1bado 26 de noviembre<\/p><p><strong>Hora:<\/strong>&nbsp;10:00AM \u2013 6:00PM<\/p><p><strong>Lugar:<\/strong>&nbsp;Playa Minitas, Casa de Campo<\/p><p><strong>Que:&nbsp;<\/strong><\/p><p><strong>\u2022 Parque de juegos&nbsp;acu\u00e1ticos;&nbsp;<\/strong>tobog\u00e1n de agua y un bungee run!<\/p><p><strong>\u2022 Torneo de Voleibol Playero<\/strong><\/p><p><strong><\/strong><strong>\u2022 Beach BBQ!<\/strong><\/p><p><strong><\/strong><strong>\u2022 Deportes&nbsp;Acu\u00e1ticos<\/strong><\/p><p>\u2022 <strong>Swimwear Fashion Show por Caff\u00e9 Swimwear<\/strong><\/p><\/blockquote>\n\n\n\n<p><strong>&nbsp;M\u00e1s sobre Joli-Day Beach<br>\n<\/strong>Los siguientes son art\u00edculos publicados sobre \u201cJoli-Day Beach 2011\u201d y la cobertura del evento del a\u00f1o pasado con muchos fotos!<\/p>\n","protected":false},"excerpt":{"rendered":"<p>Por segundo a\u00f1o consecutivo, Casa de Campo Living regresa con \u201cJoli-Day Beach\u201d, evento anual que, en esta ocasi\u00f3n, se celebrar\u00e1 el pr\u00f3ximo s\u00e1bado 26 de noviembre.<\/p>\n","protected":false},"author":8,"featured_media":37528,"parent":0,"menu_order":0,"comment_status":"closed","ping_status":"closed","template":"joliday.php","meta":{"newspack_ads_suppress_ads":false,"newspack_popups_has_disabled_popups":false,"newspack_sponsor_sponsorship_scope":"","newspack_sponsor_native_byline_display":"inherit","newspack_sponsor_native_category_display":"inherit","newspack_sponsor_underwriter_style":"inherit","newspack_sponsor_underwriter_placement":"inherit","newspack_content_restriction_is_exempt":false,"newspack_featured_image_position":"","newspack_hide_page_title":false,"newspack_show_share_buttons":false,"footnotes":""},"newspack_spnsrs_tax":[],"class_list":["post-37540","page","type-page","status-publish","has-post-thumbnail","hentry","entry"],"yoast_head":"<!-- This site is optimized with the Yoast SEO plugin v27.3 - https:\/\/yoast.com\/product\/yoast-seo-wordpress\/ -->\n<title>Joli-Day Beach: S\u00e1bado 26 de Nov. | Casa de Campo Living<\/title>\n<meta name=\"description\" content=\"Por segundo a\u00f1o consecutivo, Casa de Campo Living regresa con \u201cJoli-Day Beach\u201d, evento anual que, en esta ocasi\u00f3n, se celebrar\u00e1 el pr\u00f3ximo s\u00e1bado 26 de\" \/>\n<meta name=\"robots\" content=\"index, follow, max-snippet:-1, max-image-preview:large, max-video-preview:-1\" \/>\n<link rel=\"canonical\" href=\"https:\/\/casadecampoliving.com\/es\/joly-day\/\" \/>\n<meta property=\"og:locale\" content=\"es_ES\" \/>\n<meta property=\"og:type\" content=\"article\" \/>\n<meta property=\"og:title\" content=\"Joli-Day Beach: S\u00e1bado 26 de Nov. | Casa de Campo Living\" \/>\n<meta property=\"og:description\" content=\"Por segundo a\u00f1o consecutivo, Casa de Campo Living regresa con \u201cJoli-Day Beach\u201d, evento anual que, en esta ocasi\u00f3n, se celebrar\u00e1 el pr\u00f3ximo s\u00e1bado 26 de\" \/>\n<meta property=\"og:url\" content=\"https:\/\/casadecampoliving.com\/es\/joly-day\/\" \/>\n<meta property=\"og:site_name\" content=\"Casa de Campo Living\" \/>\n<meta property=\"article:publisher\" content=\"https:\/\/www.facebook.com\/casadecampoliving\" \/>\n<meta property=\"article:modified_time\" content=\"2022-10-21T21:23:04+00:00\" \/>\n<meta property=\"og:image\" content=\"https:\/\/i0.wp.com\/casadecampoliving.com\/wp-content\/uploads\/2011\/11\/joli-day_beach_casa_de_campo_ESP.jpg?fit=650%2C598&ssl=1\" \/>\n\t<meta property=\"og:image:width\" content=\"650\" \/>\n\t<meta property=\"og:image:height\" content=\"598\" \/>\n\t<meta property=\"og:image:type\" content=\"image\/jpeg\" \/>\n<meta name=\"twitter:card\" content=\"summary_large_image\" \/>\n<meta name=\"twitter:site\" content=\"@cdcliving\" \/>\n<meta name=\"twitter:label1\" content=\"Tiempo de lectura\" \/>\n\t<meta name=\"twitter:data1\" content=\"1 minuto\" \/>\n<script type=\"application\/ld+json\" class=\"yoast-schema-graph\">{\"@context\":\"https:\\\/\\\/schema.org\",\"@graph\":[{\"@type\":\"WebPage\",\"@id\":\"https:\\\/\\\/casadecampoliving.com\\\/es\\\/joly-day\\\/\",\"url\":\"https:\\\/\\\/casadecampoliving.com\\\/es\\\/joly-day\\\/\",\"name\":\"Joli-Day Beach: S\u00e1bado 26 de Nov. | Casa de Campo Living\",\"isPartOf\":{\"@id\":\"https:\\\/\\\/casadecampoliving.com\\\/es\\\/#website\"},\"primaryImageOfPage\":{\"@id\":\"https:\\\/\\\/casadecampoliving.com\\\/es\\\/joly-day\\\/#primaryimage\"},\"image\":{\"@id\":\"https:\\\/\\\/casadecampoliving.com\\\/es\\\/joly-day\\\/#primaryimage\"},\"thumbnailUrl\":\"https:\\\/\\\/i0.wp.com\\\/casadecampoliving.com\\\/wp-content\\\/uploads\\\/2011\\\/11\\\/joli-day_beach_casa_de_campo_ESP.jpg?fit=650%2C598&ssl=1\",\"datePublished\":\"2011-11-15T20:20:28+00:00\",\"dateModified\":\"2022-10-21T21:23:04+00:00\",\"description\":\"Por segundo a\u00f1o consecutivo, Casa de Campo Living regresa con \u201cJoli-Day Beach\u201d, evento anual que, en esta ocasi\u00f3n, se celebrar\u00e1 el pr\u00f3ximo s\u00e1bado 26 de\",\"breadcrumb\":{\"@id\":\"https:\\\/\\\/casadecampoliving.com\\\/es\\\/joly-day\\\/#breadcrumb\"},\"inLanguage\":\"es\",\"potentialAction\":[{\"@type\":\"ReadAction\",\"target\":[\"https:\\\/\\\/casadecampoliving.com\\\/es\\\/joly-day\\\/\"]}]},{\"@type\":\"ImageObject\",\"inLanguage\":\"es\",\"@id\":\"https:\\\/\\\/casadecampoliving.com\\\/es\\\/joly-day\\\/#primaryimage\",\"url\":\"https:\\\/\\\/i0.wp.com\\\/casadecampoliving.com\\\/wp-content\\\/uploads\\\/2011\\\/11\\\/joli-day_beach_casa_de_campo_ESP.jpg?fit=650%2C598&ssl=1\",\"contentUrl\":\"https:\\\/\\\/i0.wp.com\\\/casadecampoliving.com\\\/wp-content\\\/uploads\\\/2011\\\/11\\\/joli-day_beach_casa_de_campo_ESP.jpg?fit=650%2C598&ssl=1\",\"width\":\"650\",\"height\":\"598\",\"caption\":\"joli-day beach casa de campo\"},{\"@type\":\"BreadcrumbList\",\"@id\":\"https:\\\/\\\/casadecampoliving.com\\\/es\\\/joly-day\\\/#breadcrumb\",\"itemListElement\":[{\"@type\":\"ListItem\",\"position\":1,\"name\":\"Home\",\"item\":\"https:\\\/\\\/casadecampoliving.com\\\/es\\\/\"},{\"@type\":\"ListItem\",\"position\":2,\"name\":\"Joli-Day Beach: S\u00e1bado 26 de Nov.\"}]},{\"@type\":\"WebSite\",\"@id\":\"https:\\\/\\\/casadecampoliving.com\\\/es\\\/#website\",\"url\":\"https:\\\/\\\/casadecampoliving.com\\\/es\\\/\",\"name\":\"Casa de Campo Living\",\"description\":\"Resort community news and resources.\",\"publisher\":{\"@id\":\"https:\\\/\\\/casadecampoliving.com\\\/es\\\/#organization\"},\"potentialAction\":[{\"@type\":\"SearchAction\",\"target\":{\"@type\":\"EntryPoint\",\"urlTemplate\":\"https:\\\/\\\/casadecampoliving.com\\\/es\\\/?s={search_term_string}\"},\"query-input\":{\"@type\":\"PropertyValueSpecification\",\"valueRequired\":true,\"valueName\":\"search_term_string\"}}],\"inLanguage\":\"es\"},{\"@type\":\"Organization\",\"@id\":\"https:\\\/\\\/casadecampoliving.com\\\/es\\\/#organization\",\"name\":\"Casa de Campo Living\",\"url\":\"https:\\\/\\\/casadecampoliving.com\\\/es\\\/\",\"logo\":{\"@type\":\"ImageObject\",\"inLanguage\":\"es\",\"@id\":\"https:\\\/\\\/casadecampoliving.com\\\/es\\\/#\\\/schema\\\/logo\\\/image\\\/\",\"url\":\"https:\\\/\\\/i0.wp.com\\\/casadecampoliving.com\\\/wp-content\\\/uploads\\\/2022\\\/07\\\/CDCLivingLogo_V1-white-sized.png?fit=800%2C214&ssl=1\",\"contentUrl\":\"https:\\\/\\\/i0.wp.com\\\/casadecampoliving.com\\\/wp-content\\\/uploads\\\/2022\\\/07\\\/CDCLivingLogo_V1-white-sized.png?fit=800%2C214&ssl=1\",\"width\":800,\"height\":214,\"caption\":\"Casa de Campo Living\"},\"image\":{\"@id\":\"https:\\\/\\\/casadecampoliving.com\\\/es\\\/#\\\/schema\\\/logo\\\/image\\\/\"},\"sameAs\":[\"https:\\\/\\\/www.facebook.com\\\/casadecampoliving\",\"https:\\\/\\\/x.com\\\/cdcliving\"]}]}<\/script>\n<!-- \/ Yoast SEO plugin. -->","yoast_head_json":{"title":"Joli-Day Beach: S\u00e1bado 26 de Nov. | Casa de Campo Living","description":"Por segundo a\u00f1o consecutivo, Casa de Campo Living regresa con \u201cJoli-Day Beach\u201d, evento anual que, en esta ocasi\u00f3n, se celebrar\u00e1 el pr\u00f3ximo s\u00e1bado 26 de","robots":{"index":"index","follow":"follow","max-snippet":"max-snippet:-1","max-image-preview":"max-image-preview:large","max-video-preview":"max-video-preview:-1"},"canonical":"https:\/\/casadecampoliving.com\/es\/joly-day\/","og_locale":"es_ES","og_type":"article","og_title":"Joli-Day Beach: S\u00e1bado 26 de Nov. | Casa de Campo Living","og_description":"Por segundo a\u00f1o consecutivo, Casa de Campo Living regresa con \u201cJoli-Day Beach\u201d, evento anual que, en esta ocasi\u00f3n, se celebrar\u00e1 el pr\u00f3ximo s\u00e1bado 26 de","og_url":"https:\/\/casadecampoliving.com\/es\/joly-day\/","og_site_name":"Casa de Campo Living","article_publisher":"https:\/\/www.facebook.com\/casadecampoliving","article_modified_time":"2022-10-21T21:23:04+00:00","og_image":[{"width":650,"height":598,"url":"https:\/\/i0.wp.com\/casadecampoliving.com\/wp-content\/uploads\/2011\/11\/joli-day_beach_casa_de_campo_ESP.jpg?fit=650%2C598&ssl=1","type":"image\/jpeg"}],"twitter_card":"summary_large_image","twitter_site":"@cdcliving","twitter_misc":{"Tiempo de lectura":"1 minuto"},"schema":{"@context":"https:\/\/schema.org","@graph":[{"@type":"WebPage","@id":"https:\/\/casadecampoliving.com\/es\/joly-day\/","url":"https:\/\/casadecampoliving.com\/es\/joly-day\/","name":"Joli-Day Beach: S\u00e1bado 26 de Nov. | Casa de Campo Living","isPartOf":{"@id":"https:\/\/casadecampoliving.com\/es\/#website"},"primaryImageOfPage":{"@id":"https:\/\/casadecampoliving.com\/es\/joly-day\/#primaryimage"},"image":{"@id":"https:\/\/casadecampoliving.com\/es\/joly-day\/#primaryimage"},"thumbnailUrl":"https:\/\/i0.wp.com\/casadecampoliving.com\/wp-content\/uploads\/2011\/11\/joli-day_beach_casa_de_campo_ESP.jpg?fit=650%2C598&ssl=1","datePublished":"2011-11-15T20:20:28+00:00","dateModified":"2022-10-21T21:23:04+00:00","description":"Por segundo a\u00f1o consecutivo, Casa de Campo Living regresa con \u201cJoli-Day Beach\u201d, evento anual que, en esta ocasi\u00f3n, se celebrar\u00e1 el pr\u00f3ximo s\u00e1bado 26 de","breadcrumb":{"@id":"https:\/\/casadecampoliving.com\/es\/joly-day\/#breadcrumb"},"inLanguage":"es","potentialAction":[{"@type":"ReadAction","target":["https:\/\/casadecampoliving.com\/es\/joly-day\/"]}]},{"@type":"ImageObject","inLanguage":"es","@id":"https:\/\/casadecampoliving.com\/es\/joly-day\/#primaryimage","url":"https:\/\/i0.wp.com\/casadecampoliving.com\/wp-content\/uploads\/2011\/11\/joli-day_beach_casa_de_campo_ESP.jpg?fit=650%2C598&ssl=1","contentUrl":"https:\/\/i0.wp.com\/casadecampoliving.com\/wp-content\/uploads\/2011\/11\/joli-day_beach_casa_de_campo_ESP.jpg?fit=650%2C598&ssl=1","width":"650","height":"598","caption":"joli-day beach casa de campo"},{"@type":"BreadcrumbList","@id":"https:\/\/casadecampoliving.com\/es\/joly-day\/#breadcrumb","itemListElement":[{"@type":"ListItem","position":1,"name":"Home","item":"https:\/\/casadecampoliving.com\/es\/"},{"@type":"ListItem","position":2,"name":"Joli-Day Beach: S\u00e1bado 26 de Nov."}]},{"@type":"WebSite","@id":"https:\/\/casadecampoliving.com\/es\/#website","url":"https:\/\/casadecampoliving.com\/es\/","name":"Casa de Campo Living","description":"Resort community news and resources.","publisher":{"@id":"https:\/\/casadecampoliving.com\/es\/#organization"},"potentialAction":[{"@type":"SearchAction","target":{"@type":"EntryPoint","urlTemplate":"https:\/\/casadecampoliving.com\/es\/?s={search_term_string}"},"query-input":{"@type":"PropertyValueSpecification","valueRequired":true,"valueName":"search_term_string"}}],"inLanguage":"es"},{"@type":"Organization","@id":"https:\/\/casadecampoliving.com\/es\/#organization","name":"Casa de Campo Living","url":"https:\/\/casadecampoliving.com\/es\/","logo":{"@type":"ImageObject","inLanguage":"es","@id":"https:\/\/casadecampoliving.com\/es\/#\/schema\/logo\/image\/","url":"https:\/\/i0.wp.com\/casadecampoliving.com\/wp-content\/uploads\/2022\/07\/CDCLivingLogo_V1-white-sized.png?fit=800%2C214&ssl=1","contentUrl":"https:\/\/i0.wp.com\/casadecampoliving.com\/wp-content\/uploads\/2022\/07\/CDCLivingLogo_V1-white-sized.png?fit=800%2C214&ssl=1","width":800,"height":214,"caption":"Casa de Campo Living"},"image":{"@id":"https:\/\/casadecampoliving.com\/es\/#\/schema\/logo\/image\/"},"sameAs":["https:\/\/www.facebook.com\/casadecampoliving","https:\/\/x.com\/cdcliving"]}]}},"parsely":{"version":"1.1.0","canonical_url":"https:\/\/casadecampoliving.com\/es\/joly-day\/","smart_links":{"inbound":0,"outbound":0},"traffic_boost_suggestions_count":0,"meta":{"@context":"https:\/\/schema.org","@type":"WebPage","headline":"Joli-Day Beach: S\u00e1bado 26 de Nov.","url":"http:\/\/casadecampoliving.com\/es\/joly-day\/","mainEntityOfPage":{"@type":"WebPage","@id":"http:\/\/casadecampoliving.com\/es\/joly-day\/"},"thumbnailUrl":"https:\/\/i0.wp.com\/casadecampoliving.com\/wp-content\/uploads\/2011\/11\/joli-day_beach_casa_de_campo_ESP.jpg?resize=150%2C150&ssl=1","image":{"@type":"ImageObject","url":"https:\/\/i0.wp.com\/casadecampoliving.com\/wp-content\/uploads\/2011\/11\/joli-day_beach_casa_de_campo_ESP.jpg?fit=650%2C598&ssl=1"},"articleSection":"Uncategorized @es","author":[{"@type":"Person","name":"Ms. K"}],"creator":["Ms. K"],"publisher":{"@type":"Organization","name":"Casa de Campo Living","logo":"https:\/\/casadecampoliving.com\/wp-content\/uploads\/2022\/07\/CDCLivingLogo_V1-white-sized.png"},"keywords":[],"dateCreated":"2011-11-15T20:20:28Z","datePublished":"2011-11-15T20:20:28Z","dateModified":"2022-10-21T21:23:04Z"},"rendered":"<script type=\"application\/ld+json\" class=\"wp-parsely-metadata\">{\"@context\":\"https:\\\/\\\/schema.org\",\"@type\":\"WebPage\",\"headline\":\"Joli-Day Beach: S\\u00e1bado 26 de Nov.\",\"url\":\"http:\\\/\\\/casadecampoliving.com\\\/es\\\/joly-day\\\/\",\"mainEntityOfPage\":{\"@type\":\"WebPage\",\"@id\":\"http:\\\/\\\/casadecampoliving.com\\\/es\\\/joly-day\\\/\"},\"thumbnailUrl\":\"https:\\\/\\\/i0.wp.com\\\/casadecampoliving.com\\\/wp-content\\\/uploads\\\/2011\\\/11\\\/joli-day_beach_casa_de_campo_ESP.jpg?resize=150%2C150&ssl=1\",\"image\":{\"@type\":\"ImageObject\",\"url\":\"https:\\\/\\\/i0.wp.com\\\/casadecampoliving.com\\\/wp-content\\\/uploads\\\/2011\\\/11\\\/joli-day_beach_casa_de_campo_ESP.jpg?fit=650%2C598&ssl=1\"},\"articleSection\":\"Uncategorized @es\",\"author\":[{\"@type\":\"Person\",\"name\":\"Ms. K\"}],\"creator\":[\"Ms. K\"],\"publisher\":{\"@type\":\"Organization\",\"name\":\"Casa de Campo Living\",\"logo\":\"https:\\\/\\\/casadecampoliving.com\\\/wp-content\\\/uploads\\\/2022\\\/07\\\/CDCLivingLogo_V1-white-sized.png\"},\"keywords\":[],\"dateCreated\":\"2011-11-15T20:20:28Z\",\"datePublished\":\"2011-11-15T20:20:28Z\",\"dateModified\":\"2022-10-21T21:23:04Z\"}<\/script>","tracker_url":"https:\/\/cdn.parsely.com\/keys\/casadecampoliving.com\/p.js"},"jetpack-related-posts":[{"id":54405,"url":"https:\/\/casadecampoliving.com\/goodtimes\/","url_meta":{"origin":37540,"position":0},"title":"Remembering good times in Casa de Campo!","author":"Rebecca Silvestri","date":"19 Jul, 2012","format":false,"excerpt":"Over the last few months we\u2019ve had some GOOD times at cocktails, sporting events and supporting charity events \u2013 here we bring you a recap of our favorites! Marat Legal inaugurates new office with a cocktail at La EnotecaOn Friday the 15th of June 2012, Marat Legal, who with more\u2026","rel":"","context":"Entrada similar","block_context":{"text":"Entrada similar","link":""},"img":{"alt_text":"casa de campo polo","src":"https:\/\/i0.wp.com\/casadecampoliving.com\/wp-content\/uploads\/2012\/04\/casa_de_campo_polo2.jpg?fit=650%2C456&ssl=1&resize=350%2C200","width":350,"height":200,"srcset":"https:\/\/i0.wp.com\/casadecampoliving.com\/wp-content\/uploads\/2012\/04\/casa_de_campo_polo2.jpg?fit=650%2C456&ssl=1&resize=350%2C200 1x, https:\/\/i0.wp.com\/casadecampoliving.com\/wp-content\/uploads\/2012\/04\/casa_de_campo_polo2.jpg?fit=650%2C456&ssl=1&resize=525%2C300 1.5x"},"classes":[]},{"id":55326,"url":"https:\/\/casadecampoliving.com\/es\/aeropuerto-la-romana\/","url_meta":{"origin":37540,"position":1},"title":"Aeropuerto La Romana","author":"Rebecca Silvestri","date":"31 Jul, 2012","format":false,"excerpt":"Dise\u00f1ado al estilo de un antiguo ingenio de az\u00facar, el nuevo aeropuerto fue contruido por el Central Romana Corporation por un costo de US$100 millones. Hoy el aeropuerto recibe vuelos desde Nueva York, Miami y San Juan con conexiones a las principales ciudades de los Estados Unidos, al igual que\u2026","rel":"","context":"Entrada similar","block_context":{"text":"Entrada similar","link":""},"img":{"alt_text":"la romana airport","src":"https:\/\/i0.wp.com\/casadecampoliving.com\/wp-content\/uploads\/2012\/07\/la_romana_airport.jpg?fit=650%2C352&ssl=1&resize=350%2C200","width":350,"height":200,"srcset":"https:\/\/i0.wp.com\/casadecampoliving.com\/wp-content\/uploads\/2012\/07\/la_romana_airport.jpg?fit=650%2C352&ssl=1&resize=350%2C200 1x, https:\/\/i0.wp.com\/casadecampoliving.com\/wp-content\/uploads\/2012\/07\/la_romana_airport.jpg?fit=650%2C352&ssl=1&resize=525%2C300 1.5x"},"classes":[]},{"id":61563,"url":"https:\/\/casadecampoliving.com\/es\/navidad\/","url_meta":{"origin":37540,"position":2},"title":"Navidad en Altos de Chav\u00f3n!","author":"Rebecca Silvestri","date":"5 Dic, 2012","format":false,"excerpt":"En \u00e9sta temporada navide\u00f1a, Altos de Chav\u00f3n es el lugar para celebrar! Con la inauguraci\u00f3n oficial de la Navidad y la festiva temporada en la ciudad de los artistas, este pr\u00f3ximo s\u00e1bado 8 de diciembre, a partir de las 6pm, pensamos que ser\u00eda \u00fatil para ustedes el COMPLETO calendario de\u2026","rel":"","context":"Entrada similar","block_context":{"text":"Entrada similar","link":""},"img":{"alt_text":"altos de chavon","src":"https:\/\/i0.wp.com\/casadecampoliving.com\/wp-content\/uploads\/2012\/12\/altos_de_chavon.jpg?fit=650%2C434&ssl=1&resize=350%2C200","width":350,"height":200,"srcset":"https:\/\/i0.wp.com\/casadecampoliving.com\/wp-content\/uploads\/2012\/12\/altos_de_chavon.jpg?fit=650%2C434&ssl=1&resize=350%2C200 1x, https:\/\/i0.wp.com\/casadecampoliving.com\/wp-content\/uploads\/2012\/12\/altos_de_chavon.jpg?fit=650%2C434&ssl=1&resize=525%2C300 1.5x"},"classes":[]},{"id":41527,"url":"https:\/\/casadecampoliving.com\/es\/bares-y-restaurantes\/","url_meta":{"origin":37540,"position":3},"title":"Bares y restaurantes","author":"","date":"27 Dic, 2011","format":false,"excerpt":"\u00a0Altos de Chav\u00f3nGINO IN TRASTEVERE \u2022 Exquisita comida italiana \u2022 pizza \u2022 pasta \u2022 mariscos \u2022 carnes \u2022 Plaza Altos de Chav\u00f3n, Casa de Campo Tel:\u00a0809-523-1825 Horario: 12pm \u2013 11:30pm: viernes \u2013 lunes 5pm \u2013 11:30pm: martes y jueves Cerrado mi\u00e9rcoles Haga click aqu\u00ed para m\u00e1s info!\u00a0LA PIAZZETA \u2022 comida\u2026","rel":"","context":"Entrada similar","block_context":{"text":"Entrada similar","link":""},"img":{"alt_text":"","src":"","width":0,"height":0},"classes":[]},{"id":79836,"url":"https:\/\/casadecampoliving.com\/es\/juegos-los-toros\/","url_meta":{"origin":37540,"position":4},"title":"Los juegos de Los Toros en el Estadio Francisco A. Micheli","author":"Rebecca Silvestri","date":"21 Oct, 2013","format":false,"excerpt":"Los Toros jugar\u00e1n cinco partidos con cada equipo, en un trayecto que comienza el 20 de octubre y termina el 22 de Diciembre. Todos los juegos en el Estadio Francisco A. Micheli (La Romana) Domingo 20\/10\/2013 Estrellas Vs. Toros 5:00PM Mi\u00e9rcoles 23\/10\/2013 Gigantes Vs. Toros 7:30PM Domingo 27\/10\/2013 Licey Vs.\u2026","rel":"","context":"Entrada similar","block_context":{"text":"Entrada similar","link":""},"img":{"alt_text":"Los Toros del Este","src":"https:\/\/i0.wp.com\/casadecampoliving.com\/wp-content\/uploads\/2013\/10\/Los_toros_del_este.jpg?fit=650%2C433&ssl=1&resize=350%2C200","width":350,"height":200,"srcset":"https:\/\/i0.wp.com\/casadecampoliving.com\/wp-content\/uploads\/2013\/10\/Los_toros_del_este.jpg?fit=650%2C433&ssl=1&resize=350%2C200 1x, https:\/\/i0.wp.com\/casadecampoliving.com\/wp-content\/uploads\/2013\/10\/Los_toros_del_este.jpg?fit=650%2C433&ssl=1&resize=525%2C300 1.5x"},"classes":[]},{"id":54420,"url":"https:\/\/casadecampoliving.com\/es\/agradables-momentos\/","url_meta":{"origin":37540,"position":5},"title":"Recordando buenos tiempos en Casa de Campo!","author":"Rebecca Silvestri","date":"19 Jul, 2012","format":false,"excerpt":"Durante los \u00faltimos meses, hemos tenido BUENOS momentos en c\u00f3cteles, eventos ben\u00e9ficos y deportivos \u2013 aqu\u00ed recapitulamos algunos de nuestros favoritos!\u00a0 Marat Legal inaugura oficina en La RomanaEl pasado viernes 15 de junio de 2012, Marat Legal, empresa con m\u00e1s de 30 a\u00f1os de experiencia en el mundo del derecho,\u2026","rel":"","context":"Entrada similar","block_context":{"text":"Entrada similar","link":""},"img":{"alt_text":"casa de campo polo","src":"https:\/\/i0.wp.com\/casadecampoliving.com\/wp-content\/uploads\/2012\/04\/casa_de_campo_polo2.jpg?fit=650%2C456&ssl=1&resize=350%2C200","width":350,"height":200,"srcset":"https:\/\/i0.wp.com\/casadecampoliving.com\/wp-content\/uploads\/2012\/04\/casa_de_campo_polo2.jpg?fit=650%2C456&ssl=1&resize=350%2C200 1x, https:\/\/i0.wp.com\/casadecampoliving.com\/wp-content\/uploads\/2012\/04\/casa_de_campo_polo2.jpg?fit=650%2C456&ssl=1&resize=525%2C300 1.5x"},"classes":[]}],"jetpack_sharing_enabled":true,"_links":{"self":[{"href":"https:\/\/casadecampoliving.com\/es\/wp-json\/wp\/v2\/pages\/37540","targetHints":{"allow":["GET"]}}],"collection":[{"href":"https:\/\/casadecampoliving.com\/es\/wp-json\/wp\/v2\/pages"}],"about":[{"href":"https:\/\/casadecampoliving.com\/es\/wp-json\/wp\/v2\/types\/page"}],"author":[{"embeddable":true,"href":"https:\/\/casadecampoliving.com\/es\/wp-json\/wp\/v2\/users\/8"}],"replies":[{"embeddable":true,"href":"https:\/\/casadecampoliving.com\/es\/wp-json\/wp\/v2\/comments?post=37540"}],"version-history":[{"count":0,"href":"https:\/\/casadecampoliving.com\/es\/wp-json\/wp\/v2\/pages\/37540\/revisions"}],"wp:featuredmedia":[{"embeddable":true,"href":"https:\/\/casadecampoliving.com\/es\/wp-json\/wp\/v2\/media\/37528"}],"wp:attachment":[{"href":"https:\/\/casadecampoliving.com\/es\/wp-json\/wp\/v2\/media?parent=37540"}],"wp:term":[{"taxonomy":"newspack_spnsrs_tax","embeddable":true,"href":"https:\/\/casadecampoliving.com\/es\/wp-json\/wp\/v2\/newspack_spnsrs_tax?post=37540"}],"curies":[{"name":"wp","href":"https:\/\/api.w.org\/{rel}","templated":true}]}}