{"id":37451,"date":"2011-11-14T17:19:46","date_gmt":"2011-11-14T21:19:46","guid":{"rendered":"http:\/\/casadecampoliving.com\/?page_id=37451"},"modified":"2022-10-21T17:23:01","modified_gmt":"2022-10-21T21:23:01","slug":"info-2","status":"publish","type":"page","link":"https:\/\/casadecampoliving.com\/es\/info-2\/","title":{"rendered":"Info"},"content":{"rendered":"\n<p>En&nbsp;un esfuerzo de mantener a Casa de&nbsp;Campo Living como recurso&nbsp;\u00fatil, hemos creado esta secci\u00f3n de \u2018Info\u2019,&nbsp;en la cual estaremos agregando todo manera de informaci\u00f3n \u00fatil&nbsp;y de referencia \u2013 todo lo que pensamos que podr\u00edan&nbsp;ser de utilidad para nuestros lectores.&nbsp;Esperamos que esta&nbsp;lista&nbsp;para seguir creciendo:<\/p>\n\n\n\n<ul class=\"wp-block-list\"><li><a href=\"https:\/\/casadecampoliving.com\/es\/cartelera\/\">Cartelera de horarios del cine&nbsp;en la Marina Casa de&nbsp;Campo<\/a><\/li><\/ul>\n\n\n\n<p>Si hay alguna&nbsp;informaci\u00f3n que usted&nbsp;piensa que podr\u00eda ser&nbsp;\u00fatil para&nbsp;a\u00f1adir a&nbsp;esta secci\u00f3n,&nbsp;simplemente h\u00e1ganoslo saber&nbsp;a trav\u00e9s del&nbsp;siguiente formulario.<\/p>\n","protected":false},"excerpt":{"rendered":"<p>En&nbsp;un esfuerzo de mantener a Casa de&nbsp;Campo Living como recurso&nbsp;\u00fatil, hemos creado esta secci\u00f3n de \u2018Info\u2019,&nbsp;en la cual estaremos agregando todo manera de informaci\u00f3n \u00fatil&nbsp;y de referencia \u2013 todo lo que pensamos que podr\u00edan&nbsp;ser de utilidad para nuestros lectores.&nbsp;Esperamos que esta&nbsp;lista&nbsp;para seguir creciendo: Cartelera de horarios del cine&nbsp;en la Marina Casa de&nbsp;Campo Si hay alguna&nbsp;informaci\u00f3n [&hellip;]<\/p>\n","protected":false},"author":10,"featured_media":0,"parent":0,"menu_order":0,"comment_status":"closed","ping_status":"closed","template":"","meta":{"newspack_ads_suppress_ads":false,"newspack_popups_has_disabled_popups":false,"newspack_sponsor_sponsorship_scope":"","newspack_sponsor_native_byline_display":"inherit","newspack_sponsor_native_category_display":"inherit","newspack_sponsor_underwriter_style":"inherit","newspack_sponsor_underwriter_placement":"inherit","newspack_content_restriction_is_exempt":false,"newspack_featured_image_position":"","newspack_hide_page_title":false,"newspack_show_share_buttons":false,"footnotes":""},"newspack_spnsrs_tax":[],"class_list":["post-37451","page","type-page","status-publish","hentry","entry"],"yoast_head":"<!-- This site is optimized with the Yoast SEO plugin v27.3 - https:\/\/yoast.com\/product\/yoast-seo-wordpress\/ -->\n<title>Info | Casa de Campo Living<\/title>\n<meta name=\"description\" content=\"En&nbsp;un esfuerzo de mantener a Casa de&nbsp;Campo Living como recurso&nbsp;\u00fatil, hemos creado esta secci\u00f3n de \u2018Info\u2019,&nbsp;en la cual estaremos\" \/>\n<meta name=\"robots\" content=\"index, follow, max-snippet:-1, max-image-preview:large, max-video-preview:-1\" \/>\n<link rel=\"canonical\" href=\"https:\/\/casadecampoliving.com\/es\/info-2\/\" \/>\n<meta property=\"og:locale\" content=\"es_ES\" \/>\n<meta property=\"og:type\" content=\"article\" \/>\n<meta property=\"og:title\" content=\"Info | Casa de Campo Living\" \/>\n<meta property=\"og:description\" content=\"En&nbsp;un esfuerzo de mantener a Casa de&nbsp;Campo Living como recurso&nbsp;\u00fatil, hemos creado esta secci\u00f3n de \u2018Info\u2019,&nbsp;en la cual estaremos\" \/>\n<meta property=\"og:url\" content=\"https:\/\/casadecampoliving.com\/es\/info-2\/\" \/>\n<meta property=\"og:site_name\" content=\"Casa de Campo Living\" \/>\n<meta property=\"article:publisher\" content=\"https:\/\/www.facebook.com\/casadecampoliving\" \/>\n<meta property=\"article:modified_time\" content=\"2022-10-21T21:23:01+00:00\" \/>\n<meta name=\"twitter:card\" content=\"summary_large_image\" \/>\n<meta name=\"twitter:site\" content=\"@cdcliving\" \/>\n<meta name=\"twitter:label1\" content=\"Tiempo de lectura\" \/>\n\t<meta name=\"twitter:data1\" content=\"1 minuto\" \/>\n<script type=\"application\/ld+json\" class=\"yoast-schema-graph\">{\"@context\":\"https:\\\/\\\/schema.org\",\"@graph\":[{\"@type\":\"WebPage\",\"@id\":\"https:\\\/\\\/casadecampoliving.com\\\/es\\\/info-2\\\/\",\"url\":\"https:\\\/\\\/casadecampoliving.com\\\/es\\\/info-2\\\/\",\"name\":\"Info | Casa de Campo Living\",\"isPartOf\":{\"@id\":\"https:\\\/\\\/casadecampoliving.com\\\/es\\\/#website\"},\"datePublished\":\"2011-11-14T21:19:46+00:00\",\"dateModified\":\"2022-10-21T21:23:01+00:00\",\"description\":\"En&nbsp;un esfuerzo de mantener a Casa de&nbsp;Campo Living como recurso&nbsp;\u00fatil, hemos creado esta secci\u00f3n de \u2018Info\u2019,&nbsp;en la cual estaremos\",\"breadcrumb\":{\"@id\":\"https:\\\/\\\/casadecampoliving.com\\\/es\\\/info-2\\\/#breadcrumb\"},\"inLanguage\":\"es\",\"potentialAction\":[{\"@type\":\"ReadAction\",\"target\":[\"https:\\\/\\\/casadecampoliving.com\\\/es\\\/info-2\\\/\"]}]},{\"@type\":\"BreadcrumbList\",\"@id\":\"https:\\\/\\\/casadecampoliving.com\\\/es\\\/info-2\\\/#breadcrumb\",\"itemListElement\":[{\"@type\":\"ListItem\",\"position\":1,\"name\":\"Home\",\"item\":\"https:\\\/\\\/casadecampoliving.com\\\/es\\\/\"},{\"@type\":\"ListItem\",\"position\":2,\"name\":\"Info\"}]},{\"@type\":\"WebSite\",\"@id\":\"https:\\\/\\\/casadecampoliving.com\\\/es\\\/#website\",\"url\":\"https:\\\/\\\/casadecampoliving.com\\\/es\\\/\",\"name\":\"Casa de Campo Living\",\"description\":\"Resort community news and resources.\",\"publisher\":{\"@id\":\"https:\\\/\\\/casadecampoliving.com\\\/es\\\/#organization\"},\"potentialAction\":[{\"@type\":\"SearchAction\",\"target\":{\"@type\":\"EntryPoint\",\"urlTemplate\":\"https:\\\/\\\/casadecampoliving.com\\\/es\\\/?s={search_term_string}\"},\"query-input\":{\"@type\":\"PropertyValueSpecification\",\"valueRequired\":true,\"valueName\":\"search_term_string\"}}],\"inLanguage\":\"es\"},{\"@type\":\"Organization\",\"@id\":\"https:\\\/\\\/casadecampoliving.com\\\/es\\\/#organization\",\"name\":\"Casa de Campo Living\",\"url\":\"https:\\\/\\\/casadecampoliving.com\\\/es\\\/\",\"logo\":{\"@type\":\"ImageObject\",\"inLanguage\":\"es\",\"@id\":\"https:\\\/\\\/casadecampoliving.com\\\/es\\\/#\\\/schema\\\/logo\\\/image\\\/\",\"url\":\"https:\\\/\\\/i0.wp.com\\\/casadecampoliving.com\\\/wp-content\\\/uploads\\\/2022\\\/07\\\/CDCLivingLogo_V1-white-sized.png?fit=800%2C214&ssl=1\",\"contentUrl\":\"https:\\\/\\\/i0.wp.com\\\/casadecampoliving.com\\\/wp-content\\\/uploads\\\/2022\\\/07\\\/CDCLivingLogo_V1-white-sized.png?fit=800%2C214&ssl=1\",\"width\":800,\"height\":214,\"caption\":\"Casa de Campo Living\"},\"image\":{\"@id\":\"https:\\\/\\\/casadecampoliving.com\\\/es\\\/#\\\/schema\\\/logo\\\/image\\\/\"},\"sameAs\":[\"https:\\\/\\\/www.facebook.com\\\/casadecampoliving\",\"https:\\\/\\\/x.com\\\/cdcliving\"]}]}<\/script>\n<!-- \/ Yoast SEO plugin. -->","yoast_head_json":{"title":"Info | Casa de Campo Living","description":"En&nbsp;un esfuerzo de mantener a Casa de&nbsp;Campo Living como recurso&nbsp;\u00fatil, hemos creado esta secci\u00f3n de \u2018Info\u2019,&nbsp;en la cual estaremos","robots":{"index":"index","follow":"follow","max-snippet":"max-snippet:-1","max-image-preview":"max-image-preview:large","max-video-preview":"max-video-preview:-1"},"canonical":"https:\/\/casadecampoliving.com\/es\/info-2\/","og_locale":"es_ES","og_type":"article","og_title":"Info | Casa de Campo Living","og_description":"En&nbsp;un esfuerzo de mantener a Casa de&nbsp;Campo Living como recurso&nbsp;\u00fatil, hemos creado esta secci\u00f3n de \u2018Info\u2019,&nbsp;en la cual estaremos","og_url":"https:\/\/casadecampoliving.com\/es\/info-2\/","og_site_name":"Casa de Campo Living","article_publisher":"https:\/\/www.facebook.com\/casadecampoliving","article_modified_time":"2022-10-21T21:23:01+00:00","twitter_card":"summary_large_image","twitter_site":"@cdcliving","twitter_misc":{"Tiempo de lectura":"1 minuto"},"schema":{"@context":"https:\/\/schema.org","@graph":[{"@type":"WebPage","@id":"https:\/\/casadecampoliving.com\/es\/info-2\/","url":"https:\/\/casadecampoliving.com\/es\/info-2\/","name":"Info | Casa de Campo Living","isPartOf":{"@id":"https:\/\/casadecampoliving.com\/es\/#website"},"datePublished":"2011-11-14T21:19:46+00:00","dateModified":"2022-10-21T21:23:01+00:00","description":"En&nbsp;un esfuerzo de mantener a Casa de&nbsp;Campo Living como recurso&nbsp;\u00fatil, hemos creado esta secci\u00f3n de \u2018Info\u2019,&nbsp;en la cual estaremos","breadcrumb":{"@id":"https:\/\/casadecampoliving.com\/es\/info-2\/#breadcrumb"},"inLanguage":"es","potentialAction":[{"@type":"ReadAction","target":["https:\/\/casadecampoliving.com\/es\/info-2\/"]}]},{"@type":"BreadcrumbList","@id":"https:\/\/casadecampoliving.com\/es\/info-2\/#breadcrumb","itemListElement":[{"@type":"ListItem","position":1,"name":"Home","item":"https:\/\/casadecampoliving.com\/es\/"},{"@type":"ListItem","position":2,"name":"Info"}]},{"@type":"WebSite","@id":"https:\/\/casadecampoliving.com\/es\/#website","url":"https:\/\/casadecampoliving.com\/es\/","name":"Casa de Campo Living","description":"Resort community news and resources.","publisher":{"@id":"https:\/\/casadecampoliving.com\/es\/#organization"},"potentialAction":[{"@type":"SearchAction","target":{"@type":"EntryPoint","urlTemplate":"https:\/\/casadecampoliving.com\/es\/?s={search_term_string}"},"query-input":{"@type":"PropertyValueSpecification","valueRequired":true,"valueName":"search_term_string"}}],"inLanguage":"es"},{"@type":"Organization","@id":"https:\/\/casadecampoliving.com\/es\/#organization","name":"Casa de Campo Living","url":"https:\/\/casadecampoliving.com\/es\/","logo":{"@type":"ImageObject","inLanguage":"es","@id":"https:\/\/casadecampoliving.com\/es\/#\/schema\/logo\/image\/","url":"https:\/\/i0.wp.com\/casadecampoliving.com\/wp-content\/uploads\/2022\/07\/CDCLivingLogo_V1-white-sized.png?fit=800%2C214&ssl=1","contentUrl":"https:\/\/i0.wp.com\/casadecampoliving.com\/wp-content\/uploads\/2022\/07\/CDCLivingLogo_V1-white-sized.png?fit=800%2C214&ssl=1","width":800,"height":214,"caption":"Casa de Campo Living"},"image":{"@id":"https:\/\/casadecampoliving.com\/es\/#\/schema\/logo\/image\/"},"sameAs":["https:\/\/www.facebook.com\/casadecampoliving","https:\/\/x.com\/cdcliving"]}]}},"parsely":{"version":"1.1.0","canonical_url":"https:\/\/casadecampoliving.com\/es\/info-2\/","smart_links":{"inbound":0,"outbound":0},"traffic_boost_suggestions_count":0,"meta":{"@context":"https:\/\/schema.org","@type":"WebPage","headline":"Info","url":"http:\/\/casadecampoliving.com\/es\/info-2\/","mainEntityOfPage":{"@type":"WebPage","@id":"http:\/\/casadecampoliving.com\/es\/info-2\/"},"thumbnailUrl":"","image":{"@type":"ImageObject","url":""},"articleSection":"Uncategorized @es","author":[{"@type":"Person","name":"Mr Casa"}],"creator":["Mr Casa"],"publisher":{"@type":"Organization","name":"Casa de Campo Living","logo":"https:\/\/casadecampoliving.com\/wp-content\/uploads\/2022\/07\/CDCLivingLogo_V1-white-sized.png"},"keywords":[],"dateCreated":"2011-11-14T21:19:46Z","datePublished":"2011-11-14T21:19:46Z","dateModified":"2022-10-21T21:23:01Z"},"rendered":"<script type=\"application\/ld+json\" class=\"wp-parsely-metadata\">{\"@context\":\"https:\\\/\\\/schema.org\",\"@type\":\"WebPage\",\"headline\":\"Info\",\"url\":\"http:\\\/\\\/casadecampoliving.com\\\/es\\\/info-2\\\/\",\"mainEntityOfPage\":{\"@type\":\"WebPage\",\"@id\":\"http:\\\/\\\/casadecampoliving.com\\\/es\\\/info-2\\\/\"},\"thumbnailUrl\":\"\",\"image\":{\"@type\":\"ImageObject\",\"url\":\"\"},\"articleSection\":\"Uncategorized @es\",\"author\":[{\"@type\":\"Person\",\"name\":\"Mr Casa\"}],\"creator\":[\"Mr Casa\"],\"publisher\":{\"@type\":\"Organization\",\"name\":\"Casa de Campo Living\",\"logo\":\"https:\\\/\\\/casadecampoliving.com\\\/wp-content\\\/uploads\\\/2022\\\/07\\\/CDCLivingLogo_V1-white-sized.png\"},\"keywords\":[],\"dateCreated\":\"2011-11-14T21:19:46Z\",\"datePublished\":\"2011-11-14T21:19:46Z\",\"dateModified\":\"2022-10-21T21:23:01Z\"}<\/script>","tracker_url":"https:\/\/cdn.parsely.com\/keys\/casadecampoliving.com\/p.js"},"jetpack-related-posts":[{"id":36716,"url":"https:\/\/casadecampoliving.com\/es\/sobre-nosotros\/","url_meta":{"origin":37451,"position":0},"title":"Sobre Nosotros","author":"Rebecca Silvestri","date":"7 Nov, 2011","format":false,"excerpt":"\u00a1Amamos Casa de Campo! \u00a1Esta es la esencia de Casa de Campo Living! El prop\u00f3sito de este sitio Web es mantener a nuestros amigos, familiares \u2013y a nosotros mismos- actualizados con todo lo que ocurre en Casa de Campo.\u00a0Este peque\u00f1o proyecto que empez\u00f3 en el 2006 como un simple blog\u2026","rel":"","context":"Entrada similar","block_context":{"text":"Entrada similar","link":""},"img":{"alt_text":"","src":"","width":0,"height":0},"classes":[]},{"id":58789,"url":"https:\/\/casadecampoliving.com\/es\/todocdc\/","url_meta":{"origin":37451,"position":1},"title":"TODO Casa de Campo","author":"Rebecca Silvestri","date":"5 Oct, 2012","format":false,"excerpt":"La revista TODO Casa de Campo, es la gu\u00eda oficial y revista informativa de Casa de Campo con \u201cTODO lo que necesitas\u201d, producida por Silgon Inc., empresa de Marketing, Desarrollo de Web y Servicios de Publicidad. Dise\u00f1ada para ser una herramienta invaluable para disfrutar de Casa de Campo, en esta\u2026","rel":"","context":"Entrada similar","block_context":{"text":"Entrada similar","link":""},"img":{"alt_text":"TODO Casa de Campo","src":"https:\/\/i0.wp.com\/casadecampoliving.com\/wp-content\/uploads\/2013\/07\/TODO_casa_de_campo.jpg?resize=350%2C200&ssl=1","width":350,"height":200,"srcset":"https:\/\/i0.wp.com\/casadecampoliving.com\/wp-content\/uploads\/2013\/07\/TODO_casa_de_campo.jpg?resize=350%2C200&ssl=1 1x, https:\/\/i0.wp.com\/casadecampoliving.com\/wp-content\/uploads\/2013\/07\/TODO_casa_de_campo.jpg?resize=525%2C300&ssl=1 1.5x"},"classes":[]},{"id":80367,"url":"https:\/\/casadecampoliving.com\/es\/punta-minitas-34\/","url_meta":{"origin":37451,"position":2},"title":"Punta Minitas #34","author":"Rebecca Silvestri","date":"30 Oct, 2013","format":false,"excerpt":"Como una de las villas m\u00e1s lujosas y \u00fanicas de Casa de Campo, ubicada en la costa de Casa de Campo, esta espectacular villa de Casa de Campo en Punta Minitas, se conoce como uno de los hogares m\u00e1s espectaculares de la Rep\u00fablica Dominicana. Esta propiedad \u00fanica fue dise\u00f1ada por\u2026","rel":"","context":"Entrada similar","block_context":{"text":"Entrada similar","link":""},"img":{"alt_text":"punta minitas 34","src":"https:\/\/i0.wp.com\/casadecampoliving.com\/wp-content\/uploads\/2013\/06\/punta_minitas_343.jpg?fit=650%2C389&ssl=1&resize=350%2C200","width":350,"height":200,"srcset":"https:\/\/i0.wp.com\/casadecampoliving.com\/wp-content\/uploads\/2013\/06\/punta_minitas_343.jpg?fit=650%2C389&ssl=1&resize=350%2C200 1x, https:\/\/i0.wp.com\/casadecampoliving.com\/wp-content\/uploads\/2013\/06\/punta_minitas_343.jpg?fit=650%2C389&ssl=1&resize=525%2C300 1.5x"},"classes":[]},{"id":46879,"url":"https:\/\/casadecampoliving.com\/es\/info-2\/compras\/","url_meta":{"origin":37451,"position":3},"title":"Compras","author":"Rebecca Silvestri","date":"20 Mar, 2012","format":false,"excerpt":"Siendo el resort y comunidad de mayor prestigio en el pa\u00eds, las opciones de compras en Casa de Campo giran en torno a los gustos de su distinguida clientela por los dise\u00f1os de playa y resort, al igual que joyas, regalos y accesorios.\u00a0Pero cualquiera que sea su gusto y deseo\u2026","rel":"","context":"Entrada similar","block_context":{"text":"Entrada similar","link":""},"img":{"alt_text":"tienda jenny polanco","src":"https:\/\/i0.wp.com\/casadecampoliving.com\/wp-content\/uploads\/2012\/03\/tienda_jenny_polanco.jpg?fit=650%2C393&ssl=1&resize=350%2C200","width":350,"height":200,"srcset":"https:\/\/i0.wp.com\/casadecampoliving.com\/wp-content\/uploads\/2012\/03\/tienda_jenny_polanco.jpg?fit=650%2C393&ssl=1&resize=350%2C200 1x, https:\/\/i0.wp.com\/casadecampoliving.com\/wp-content\/uploads\/2012\/03\/tienda_jenny_polanco.jpg?fit=650%2C393&ssl=1&resize=525%2C300 1.5x"},"classes":[]},{"id":42779,"url":"https:\/\/casadecampoliving.com\/es\/info-2\/cuota-de-inscripcion-del-complejo-casa-de-campo\/","url_meta":{"origin":37451,"position":4},"title":"Cuota de inscripci\u00f3n del complejo Casa de Campo","author":"Rebecca Silvestri","date":"13 Ene, 2012","format":false,"excerpt":"Como Casa de Campo es un resort privado, el acceso esta limitado a los due\u00f1os de villas y sus\u00a0hu\u00e9spedes\u00a0y los\u00a0hu\u00e9spedes\u00a0del hotel Casa de Campo. En general, la entrada de Casa de Campo es gratis pero para ciertos visitantes hay una \u201cCuota de inscripci\u00f3n.\u201d Aqu\u00ed les traemos todo\u00a0lo que necesitas saber.\u2026","rel":"","context":"Entrada similar","block_context":{"text":"Entrada similar","link":""},"img":{"alt_text":"","src":"https:\/\/i0.wp.com\/casadecampoliving.com\/wp-content\/uploads\/2011\/04\/carga_acceso_casadecampo.jpg?fit=565%2C218&ssl=1&resize=350%2C200","width":350,"height":200,"srcset":"https:\/\/i0.wp.com\/casadecampoliving.com\/wp-content\/uploads\/2011\/04\/carga_acceso_casadecampo.jpg?fit=565%2C218&ssl=1&resize=350%2C200 1x, https:\/\/i0.wp.com\/casadecampoliving.com\/wp-content\/uploads\/2011\/04\/carga_acceso_casadecampo.jpg?fit=565%2C218&ssl=1&resize=525%2C300 1.5x"},"classes":[]},{"id":59520,"url":"https:\/\/casadecampoliving.com\/es\/excursiones\/","url_meta":{"origin":37451,"position":5},"title":"Excursiones","author":"Rebecca Silvestri","date":"18 Oct, 2012","format":false,"excerpt":"Algunas veces, la mejor manera de explorar TODO lo que hay en las afueras de Casa de Campo es haciendo una excursi\u00f3n \u2013 y ciertamente existen muchas opciones a elegir! Ziplining en Wild RanchWild Ranch es tanto un centro de conservaci\u00f3n como aventura de canopy. Aqu\u00ed su excursi\u00f3n comienza con\u2026","rel":"","context":"Entrada similar","block_context":{"text":"Entrada similar","link":""},"img":{"alt_text":"","src":"https:\/\/i0.wp.com\/casadecampoliving-wp.s3-accelerate.amazonaws.com\/2011\/02\/wild_ranch_dominican_republic_casadecampo9.jpg?resize=350%2C200&ssl=1","width":350,"height":200,"srcset":"https:\/\/i0.wp.com\/casadecampoliving-wp.s3-accelerate.amazonaws.com\/2011\/02\/wild_ranch_dominican_republic_casadecampo9.jpg?resize=350%2C200&ssl=1 1x, https:\/\/i0.wp.com\/casadecampoliving-wp.s3-accelerate.amazonaws.com\/2011\/02\/wild_ranch_dominican_republic_casadecampo9.jpg?resize=525%2C300&ssl=1 1.5x"},"classes":[]}],"jetpack_sharing_enabled":true,"_links":{"self":[{"href":"https:\/\/casadecampoliving.com\/es\/wp-json\/wp\/v2\/pages\/37451","targetHints":{"allow":["GET"]}}],"collection":[{"href":"https:\/\/casadecampoliving.com\/es\/wp-json\/wp\/v2\/pages"}],"about":[{"href":"https:\/\/casadecampoliving.com\/es\/wp-json\/wp\/v2\/types\/page"}],"author":[{"embeddable":true,"href":"https:\/\/casadecampoliving.com\/es\/wp-json\/wp\/v2\/users\/10"}],"replies":[{"embeddable":true,"href":"https:\/\/casadecampoliving.com\/es\/wp-json\/wp\/v2\/comments?post=37451"}],"version-history":[{"count":0,"href":"https:\/\/casadecampoliving.com\/es\/wp-json\/wp\/v2\/pages\/37451\/revisions"}],"wp:attachment":[{"href":"https:\/\/casadecampoliving.com\/es\/wp-json\/wp\/v2\/media?parent=37451"}],"wp:term":[{"taxonomy":"newspack_spnsrs_tax","embeddable":true,"href":"https:\/\/casadecampoliving.com\/es\/wp-json\/wp\/v2\/newspack_spnsrs_tax?post=37451"}],"curies":[{"name":"wp","href":"https:\/\/api.w.org\/{rel}","templated":true}]}}