{"id":36721,"date":"2009-04-22T23:50:32","date_gmt":"2009-04-23T03:50:32","guid":{"rendered":"http:\/\/ccl.do\/ccl\/?page_id=36721"},"modified":"2022-10-21T17:22:55","modified_gmt":"2022-10-21T21:22:55","slug":"cartelera","status":"publish","type":"page","link":"https:\/\/casadecampoliving.com\/es\/cartelera\/","title":{"rendered":"Cartelera"},"content":{"rendered":"<p>[movieshowing]<\/p>\n\n\n\n<h2 class=\"wp-block-heading\">\u00bfA d\u00f3nde ir?<\/h2>\n\n\n\n<h4 class=\"wp-block-heading\">Caribbean Cinemas, Marina Casa de Campo<\/h4>\n\n\n\n<p>Este cine est\u00e1 convenientemente ubicado en el Coconut Mall de la Marina Casa de Campo es absolutamente fant\u00e1stico, limpio y muy divertido para it a ver pel\u00edculas. Los sillones en sus 3 salas son muy c\u00f3modos y su&nbsp;estilo <em>stadium<\/em> proporcionan una buena vista. Los principales estrenos llegan bastante r\u00e1pido a sus salas, aunque algunas pueden tardar meses desde su estreno en Santo Domingo \u2014 y algunas nunca llegan. Sin embargo, es un atractivo cine con un staff profesional y atento.<\/p>\n\n\n\n<p><strong>Precio de las Boletas:<\/strong> RD$350 adultos y&nbsp;RD$250 ni\u00f1os&nbsp;<a href=\"https:\/\/casadecampoliving.com\/es\/con-orange-los-jueves-son-del-cine-2x1-en-taquillas-2\/\" target=\"_blank\" rel=\"noopener\">(\u00a1Los Jueves 2\u00d71 de Orange son incre\u00edbles! Vea todos los detalles aqu\u00ed.)<\/a><\/p>\n\n\n\n<p><strong>Horario:<\/strong>&nbsp;Abierto los 7 d\u00edas de la semana. Desde las 6pm los d\u00edas de semana y desde las 4pm en los fines de semana.<\/p>\n\n\n\n<p><strong>Idioma:<\/strong> La mayor\u00eda de las pel\u00edculas son presentadas en ingl\u00e9s con subt\u00edtulos en espa\u00f1ol, algunas veces (sin aviso) las pel\u00edculas son presentadas en espa\u00f1ol. Aseg\u00farese de preguntar previo a comprar sus boletas, de lo contrario le espera una sorpresa.<\/p>\n\n\n\n<h4 class=\"wp-block-heading\">Caribbean Cinemas, Multiplaza \u2013 La Romana<\/h4>\n\n\n\n<p>La nueva Multiplaza, ubicada en la intersecci\u00f3n de la Avenida Padre Abreu y la Francisco Alberto Caama\u00f1o De\u00f1o (muchos recordar\u00e1n la ubicaci\u00f3n como el antiguo cruce de la salida de la Autopista del Este para dirigirse a Casa de Campo) cuenta con un gran Caribbean Cinemas con una amplia selecci\u00f3n de pel\u00edculas todas las semanas y todas las comodidades que puede encontrar en los grandes cines de la ciudad. Cuenta con 7 salas, 100% sonido digital HD, una sala 3D con sillones en cuero&nbsp;y numerados. Adem\u00e1s de una sala para celebraciones de cumplea\u00f1os para ni\u00f1os.<\/p>\n\n\n\n<p><strong>Precio de las Boletas:<\/strong> Adultos RD$200, ni\u00f1os&nbsp;$125 \/\/ 3D Adultos&nbsp;$250, 3D ni\u00f1os&nbsp;$150 (2-10&nbsp;a\u00f1os de edad) \/\/ Especiales de los Jueves RD$100 (exceptuando pel\u00edculas dominicanas, 3D y algunas pel\u00edculas no aplican durante su primera o segunda semana de estreno.)&nbsp;<a href=\"https:\/\/casadecampoliving.com\/es\/con-orange-los-jueves-son-del-cine-2x1-en-taquillas-2\/\" target=\"_blank\" rel=\"noopener\">(\u00a1Los Jueves 2\u00d71 de Orange son incre\u00edbles! Vea todos los detalles aqu\u00ed.)<\/a><\/p>\n\n\n\n<p><strong>Horario:<\/strong> Abierto los 7 d\u00edas de la semana.<\/p>\n\n\n\n<p><strong>Idioma:&nbsp;<\/strong>La mayor\u00eda de las pel\u00edculas son presentadas en ingl\u00e9s con subt\u00edtulos en espa\u00f1ol, algunas veces (sin aviso) las pel\u00edculas son presentadas en espa\u00f1ol. Aseg\u00farese de preguntar previo a comprar sus boletas, de lo contrario le espera una sorpresa.<\/p>\n\n\n\n<h4 class=\"wp-block-heading\">Club de la Costa, Central Romana<\/h4>\n\n\n\n<p>El antiguo y confiable cine del Club de la Costa es un cine s\u00f3lo para miembros del Central Romana y ha estado abierto desde hace ya varias d\u00e9cadas. No es el m\u00e1s lujoso, pero sin duda tiene todo lo que necesitar\u00e1. Las pel\u00edculas son cambiadas todas las semanas y algunas est\u00e1n un poco editadas por el lenguaje y la duraci\u00f3n.<\/p>\n\n\n\n<p><strong>Precio de las boletas:<\/strong> RD$0. Es s\u00f3lo para miembros.<\/p>\n\n\n\n<p><strong>Horario:<\/strong>&nbsp;Abierto de jueves a domingo a las 8pm.<\/p>\n\n\n\n<p><strong>Idioma:<\/strong>&nbsp;Las pel\u00edculas son t\u00edpicamente presentadas en ingl\u00e9s con subt\u00edtulos en espa\u00f1ol, aunque a veces tambi\u00e9n est\u00e1n disponibles en espa\u00f1ol.<\/p>\n","protected":false},"excerpt":{"rendered":"<p>\u00bfA d\u00f3nde ir? Caribbean Cinemas, Marina Casa de Campo Este cine est\u00e1 convenientemente ubicado en el Coconut Mall de la Marina Casa de Campo es absolutamente fant\u00e1stico, limpio y muy divertido para it a ver pel\u00edculas. Los sillones en sus 3 salas son muy c\u00f3modos y su&nbsp;estilo stadium proporcionan una buena vista. Los principales estrenos [&hellip;]<\/p>\n","protected":false},"author":31,"featured_media":36719,"parent":0,"menu_order":4,"comment_status":"closed","ping_status":"open","template":"","meta":{"newspack_ads_suppress_ads":false,"newspack_popups_has_disabled_popups":false,"newspack_sponsor_sponsorship_scope":"","newspack_sponsor_native_byline_display":"inherit","newspack_sponsor_native_category_display":"inherit","newspack_sponsor_underwriter_style":"inherit","newspack_sponsor_underwriter_placement":"inherit","newspack_content_restriction_is_exempt":false,"newspack_featured_image_position":"","newspack_hide_page_title":false,"newspack_show_share_buttons":false,"footnotes":""},"newspack_spnsrs_tax":[],"class_list":["post-36721","page","type-page","status-publish","has-post-thumbnail","hentry","entry"],"yoast_head":"<!-- This site is optimized with the Yoast SEO plugin v27.5 - https:\/\/yoast.com\/product\/yoast-seo-wordpress\/ -->\n<title>Cartelera | Casa de Campo Living<\/title>\n<meta name=\"description\" content=\"\u00bfA d\u00f3nde ir? Caribbean Cinemas, Marina Casa de Campo Este cine est\u00e1 convenientemente ubicado en el Coconut Mall de la Marina Casa de Campo es\" \/>\n<meta name=\"robots\" content=\"index, follow, max-snippet:-1, max-image-preview:large, max-video-preview:-1\" \/>\n<link rel=\"canonical\" href=\"https:\/\/casadecampoliving.com\/es\/cartelera\/\" \/>\n<meta property=\"og:locale\" content=\"es_ES\" \/>\n<meta property=\"og:type\" content=\"article\" \/>\n<meta property=\"og:title\" content=\"Cartelera | Casa de Campo Living\" \/>\n<meta property=\"og:description\" content=\"\u00bfA d\u00f3nde ir? Caribbean Cinemas, Marina Casa de Campo Este cine est\u00e1 convenientemente ubicado en el Coconut Mall de la Marina Casa de Campo es\" \/>\n<meta property=\"og:url\" content=\"https:\/\/casadecampoliving.com\/es\/cartelera\/\" \/>\n<meta property=\"og:site_name\" content=\"Casa de Campo Living\" \/>\n<meta property=\"article:publisher\" content=\"https:\/\/www.facebook.com\/casadecampoliving\" \/>\n<meta property=\"article:modified_time\" content=\"2022-10-21T21:22:55+00:00\" \/>\n<meta property=\"og:image\" content=\"https:\/\/i0.wp.com\/casadecampoliving.com\/wp-content\/uploads\/2009\/04\/marina_casa_de_campo_cinema.jpg?fit=565%2C239&ssl=1\" \/>\n\t<meta property=\"og:image:width\" content=\"565\" \/>\n\t<meta property=\"og:image:height\" content=\"239\" \/>\n\t<meta property=\"og:image:type\" content=\"image\/jpeg\" \/>\n<meta name=\"twitter:card\" content=\"summary_large_image\" \/>\n<meta name=\"twitter:site\" content=\"@cdcliving\" \/>\n<meta name=\"twitter:label1\" content=\"Tiempo de lectura\" \/>\n\t<meta name=\"twitter:data1\" content=\"3 minutos\" \/>\n<script type=\"application\/ld+json\" class=\"yoast-schema-graph\">{\"@context\":\"https:\\\/\\\/schema.org\",\"@graph\":[{\"@type\":\"WebPage\",\"@id\":\"https:\\\/\\\/casadecampoliving.com\\\/es\\\/cartelera\\\/\",\"url\":\"https:\\\/\\\/casadecampoliving.com\\\/es\\\/cartelera\\\/\",\"name\":\"Cartelera | Casa de Campo Living\",\"isPartOf\":{\"@id\":\"https:\\\/\\\/casadecampoliving.com\\\/es\\\/#website\"},\"primaryImageOfPage\":{\"@id\":\"https:\\\/\\\/casadecampoliving.com\\\/es\\\/cartelera\\\/#primaryimage\"},\"image\":{\"@id\":\"https:\\\/\\\/casadecampoliving.com\\\/es\\\/cartelera\\\/#primaryimage\"},\"thumbnailUrl\":\"https:\\\/\\\/i0.wp.com\\\/casadecampoliving.com\\\/wp-content\\\/uploads\\\/2009\\\/04\\\/marina_casa_de_campo_cinema.jpg?fit=565%2C239&ssl=1\",\"datePublished\":\"2009-04-23T03:50:32+00:00\",\"dateModified\":\"2022-10-21T21:22:55+00:00\",\"description\":\"\u00bfA d\u00f3nde ir? Caribbean Cinemas, Marina Casa de Campo Este cine est\u00e1 convenientemente ubicado en el Coconut Mall de la Marina Casa de Campo es\",\"breadcrumb\":{\"@id\":\"https:\\\/\\\/casadecampoliving.com\\\/es\\\/cartelera\\\/#breadcrumb\"},\"inLanguage\":\"es\",\"potentialAction\":[{\"@type\":\"ReadAction\",\"target\":[\"https:\\\/\\\/casadecampoliving.com\\\/es\\\/cartelera\\\/\"]}]},{\"@type\":\"ImageObject\",\"inLanguage\":\"es\",\"@id\":\"https:\\\/\\\/casadecampoliving.com\\\/es\\\/cartelera\\\/#primaryimage\",\"url\":\"https:\\\/\\\/i0.wp.com\\\/casadecampoliving.com\\\/wp-content\\\/uploads\\\/2009\\\/04\\\/marina_casa_de_campo_cinema.jpg?fit=565%2C239&ssl=1\",\"contentUrl\":\"https:\\\/\\\/i0.wp.com\\\/casadecampoliving.com\\\/wp-content\\\/uploads\\\/2009\\\/04\\\/marina_casa_de_campo_cinema.jpg?fit=565%2C239&ssl=1\",\"width\":\"565\",\"height\":\"239\"},{\"@type\":\"BreadcrumbList\",\"@id\":\"https:\\\/\\\/casadecampoliving.com\\\/es\\\/cartelera\\\/#breadcrumb\",\"itemListElement\":[{\"@type\":\"ListItem\",\"position\":1,\"name\":\"Home\",\"item\":\"https:\\\/\\\/casadecampoliving.com\\\/es\\\/\"},{\"@type\":\"ListItem\",\"position\":2,\"name\":\"Cartelera\"}]},{\"@type\":\"WebSite\",\"@id\":\"https:\\\/\\\/casadecampoliving.com\\\/es\\\/#website\",\"url\":\"https:\\\/\\\/casadecampoliving.com\\\/es\\\/\",\"name\":\"Casa de Campo Living\",\"description\":\"Resort community news and resources.\",\"publisher\":{\"@id\":\"https:\\\/\\\/casadecampoliving.com\\\/es\\\/#organization\"},\"potentialAction\":[{\"@type\":\"SearchAction\",\"target\":{\"@type\":\"EntryPoint\",\"urlTemplate\":\"https:\\\/\\\/casadecampoliving.com\\\/es\\\/?s={search_term_string}\"},\"query-input\":{\"@type\":\"PropertyValueSpecification\",\"valueRequired\":true,\"valueName\":\"search_term_string\"}}],\"inLanguage\":\"es\"},{\"@type\":\"Organization\",\"@id\":\"https:\\\/\\\/casadecampoliving.com\\\/es\\\/#organization\",\"name\":\"Casa de Campo Living\",\"url\":\"https:\\\/\\\/casadecampoliving.com\\\/es\\\/\",\"logo\":{\"@type\":\"ImageObject\",\"inLanguage\":\"es\",\"@id\":\"https:\\\/\\\/casadecampoliving.com\\\/es\\\/#\\\/schema\\\/logo\\\/image\\\/\",\"url\":\"https:\\\/\\\/i0.wp.com\\\/casadecampoliving.com\\\/wp-content\\\/uploads\\\/2022\\\/07\\\/CDCLivingLogo_V1-white-sized.png?fit=800%2C214&ssl=1\",\"contentUrl\":\"https:\\\/\\\/i0.wp.com\\\/casadecampoliving.com\\\/wp-content\\\/uploads\\\/2022\\\/07\\\/CDCLivingLogo_V1-white-sized.png?fit=800%2C214&ssl=1\",\"width\":800,\"height\":214,\"caption\":\"Casa de Campo Living\"},\"image\":{\"@id\":\"https:\\\/\\\/casadecampoliving.com\\\/es\\\/#\\\/schema\\\/logo\\\/image\\\/\"},\"sameAs\":[\"https:\\\/\\\/www.facebook.com\\\/casadecampoliving\",\"https:\\\/\\\/x.com\\\/cdcliving\"]}]}<\/script>\n<!-- \/ Yoast SEO plugin. -->","yoast_head_json":{"title":"Cartelera | Casa de Campo Living","description":"\u00bfA d\u00f3nde ir? Caribbean Cinemas, Marina Casa de Campo Este cine est\u00e1 convenientemente ubicado en el Coconut Mall de la Marina Casa de Campo es","robots":{"index":"index","follow":"follow","max-snippet":"max-snippet:-1","max-image-preview":"max-image-preview:large","max-video-preview":"max-video-preview:-1"},"canonical":"https:\/\/casadecampoliving.com\/es\/cartelera\/","og_locale":"es_ES","og_type":"article","og_title":"Cartelera | Casa de Campo Living","og_description":"\u00bfA d\u00f3nde ir? Caribbean Cinemas, Marina Casa de Campo Este cine est\u00e1 convenientemente ubicado en el Coconut Mall de la Marina Casa de Campo es","og_url":"https:\/\/casadecampoliving.com\/es\/cartelera\/","og_site_name":"Casa de Campo Living","article_publisher":"https:\/\/www.facebook.com\/casadecampoliving","article_modified_time":"2022-10-21T21:22:55+00:00","og_image":[{"width":565,"height":239,"url":"https:\/\/i0.wp.com\/casadecampoliving.com\/wp-content\/uploads\/2009\/04\/marina_casa_de_campo_cinema.jpg?fit=565%2C239&ssl=1","type":"image\/jpeg"}],"twitter_card":"summary_large_image","twitter_site":"@cdcliving","twitter_misc":{"Tiempo de lectura":"3 minutos"},"schema":{"@context":"https:\/\/schema.org","@graph":[{"@type":"WebPage","@id":"https:\/\/casadecampoliving.com\/es\/cartelera\/","url":"https:\/\/casadecampoliving.com\/es\/cartelera\/","name":"Cartelera | Casa de Campo Living","isPartOf":{"@id":"https:\/\/casadecampoliving.com\/es\/#website"},"primaryImageOfPage":{"@id":"https:\/\/casadecampoliving.com\/es\/cartelera\/#primaryimage"},"image":{"@id":"https:\/\/casadecampoliving.com\/es\/cartelera\/#primaryimage"},"thumbnailUrl":"https:\/\/i0.wp.com\/casadecampoliving.com\/wp-content\/uploads\/2009\/04\/marina_casa_de_campo_cinema.jpg?fit=565%2C239&ssl=1","datePublished":"2009-04-23T03:50:32+00:00","dateModified":"2022-10-21T21:22:55+00:00","description":"\u00bfA d\u00f3nde ir? Caribbean Cinemas, Marina Casa de Campo Este cine est\u00e1 convenientemente ubicado en el Coconut Mall de la Marina Casa de Campo es","breadcrumb":{"@id":"https:\/\/casadecampoliving.com\/es\/cartelera\/#breadcrumb"},"inLanguage":"es","potentialAction":[{"@type":"ReadAction","target":["https:\/\/casadecampoliving.com\/es\/cartelera\/"]}]},{"@type":"ImageObject","inLanguage":"es","@id":"https:\/\/casadecampoliving.com\/es\/cartelera\/#primaryimage","url":"https:\/\/i0.wp.com\/casadecampoliving.com\/wp-content\/uploads\/2009\/04\/marina_casa_de_campo_cinema.jpg?fit=565%2C239&ssl=1","contentUrl":"https:\/\/i0.wp.com\/casadecampoliving.com\/wp-content\/uploads\/2009\/04\/marina_casa_de_campo_cinema.jpg?fit=565%2C239&ssl=1","width":"565","height":"239"},{"@type":"BreadcrumbList","@id":"https:\/\/casadecampoliving.com\/es\/cartelera\/#breadcrumb","itemListElement":[{"@type":"ListItem","position":1,"name":"Home","item":"https:\/\/casadecampoliving.com\/es\/"},{"@type":"ListItem","position":2,"name":"Cartelera"}]},{"@type":"WebSite","@id":"https:\/\/casadecampoliving.com\/es\/#website","url":"https:\/\/casadecampoliving.com\/es\/","name":"Casa de Campo Living","description":"Resort community news and resources.","publisher":{"@id":"https:\/\/casadecampoliving.com\/es\/#organization"},"potentialAction":[{"@type":"SearchAction","target":{"@type":"EntryPoint","urlTemplate":"https:\/\/casadecampoliving.com\/es\/?s={search_term_string}"},"query-input":{"@type":"PropertyValueSpecification","valueRequired":true,"valueName":"search_term_string"}}],"inLanguage":"es"},{"@type":"Organization","@id":"https:\/\/casadecampoliving.com\/es\/#organization","name":"Casa de Campo Living","url":"https:\/\/casadecampoliving.com\/es\/","logo":{"@type":"ImageObject","inLanguage":"es","@id":"https:\/\/casadecampoliving.com\/es\/#\/schema\/logo\/image\/","url":"https:\/\/i0.wp.com\/casadecampoliving.com\/wp-content\/uploads\/2022\/07\/CDCLivingLogo_V1-white-sized.png?fit=800%2C214&ssl=1","contentUrl":"https:\/\/i0.wp.com\/casadecampoliving.com\/wp-content\/uploads\/2022\/07\/CDCLivingLogo_V1-white-sized.png?fit=800%2C214&ssl=1","width":800,"height":214,"caption":"Casa de Campo Living"},"image":{"@id":"https:\/\/casadecampoliving.com\/es\/#\/schema\/logo\/image\/"},"sameAs":["https:\/\/www.facebook.com\/casadecampoliving","https:\/\/x.com\/cdcliving"]}]}},"parsely":{"version":"1.1.0","canonical_url":"https:\/\/casadecampoliving.com\/es\/cartelera\/","smart_links":{"inbound":0,"outbound":0},"traffic_boost_suggestions_count":0,"meta":{"@context":"https:\/\/schema.org","@type":"WebPage","headline":"Cartelera","url":"http:\/\/casadecampoliving.com\/es\/cartelera\/","mainEntityOfPage":{"@type":"WebPage","@id":"http:\/\/casadecampoliving.com\/es\/cartelera\/"},"thumbnailUrl":"https:\/\/i0.wp.com\/casadecampoliving.com\/wp-content\/uploads\/2009\/04\/marina_casa_de_campo_cinema.jpg?resize=150%2C150&ssl=1","image":{"@type":"ImageObject","url":"https:\/\/i0.wp.com\/casadecampoliving.com\/wp-content\/uploads\/2009\/04\/marina_casa_de_campo_cinema.jpg?fit=565%2C239&ssl=1"},"articleSection":"Cine @es","author":[{"@type":"Person","name":"Rebecca Silvestri"}],"creator":["Rebecca Silvestri"],"publisher":{"@type":"Organization","name":"Casa de Campo Living","logo":"https:\/\/casadecampoliving.com\/wp-content\/uploads\/2022\/07\/CDCLivingLogo_V1-white-sized.png"},"keywords":["movie times"],"dateCreated":"2009-04-23T03:50:32Z","datePublished":"2009-04-23T03:50:32Z","dateModified":"2022-10-21T21:22:55Z"},"rendered":"<script type=\"application\/ld+json\" class=\"wp-parsely-metadata\">{\"@context\":\"https:\\\/\\\/schema.org\",\"@type\":\"WebPage\",\"headline\":\"Cartelera\",\"url\":\"http:\\\/\\\/casadecampoliving.com\\\/es\\\/cartelera\\\/\",\"mainEntityOfPage\":{\"@type\":\"WebPage\",\"@id\":\"http:\\\/\\\/casadecampoliving.com\\\/es\\\/cartelera\\\/\"},\"thumbnailUrl\":\"https:\\\/\\\/i0.wp.com\\\/casadecampoliving.com\\\/wp-content\\\/uploads\\\/2009\\\/04\\\/marina_casa_de_campo_cinema.jpg?resize=150%2C150&ssl=1\",\"image\":{\"@type\":\"ImageObject\",\"url\":\"https:\\\/\\\/i0.wp.com\\\/casadecampoliving.com\\\/wp-content\\\/uploads\\\/2009\\\/04\\\/marina_casa_de_campo_cinema.jpg?fit=565%2C239&ssl=1\"},\"articleSection\":\"Cine @es\",\"author\":[{\"@type\":\"Person\",\"name\":\"Rebecca Silvestri\"}],\"creator\":[\"Rebecca Silvestri\"],\"publisher\":{\"@type\":\"Organization\",\"name\":\"Casa de Campo Living\",\"logo\":\"https:\\\/\\\/casadecampoliving.com\\\/wp-content\\\/uploads\\\/2022\\\/07\\\/CDCLivingLogo_V1-white-sized.png\"},\"keywords\":[\"movie times\"],\"dateCreated\":\"2009-04-23T03:50:32Z\",\"datePublished\":\"2009-04-23T03:50:32Z\",\"dateModified\":\"2022-10-21T21:22:55Z\"}<\/script>","tracker_url":"https:\/\/cdn.parsely.com\/keys\/casadecampoliving.com\/p.js"},"jetpack-related-posts":[{"id":78772,"url":"https:\/\/casadecampoliving.com\/es\/fiesta-halloween\/","url_meta":{"origin":36721,"position":0},"title":"Fiesta de Halloween 2013 &#8211; 3 de noviembre","author":"Rebecca Silvestri","date":"2 Oct, 2013","format":false,"excerpt":"Este a\u00f1o todos los \u201cfantasmas y demonios\u201d de Casa de Campo est\u00e1n cordialmente invitados a la fiesta anual de Halloween, que tendr\u00e1 lugar en el Club de Yates el pr\u00f3ximo 3 de Noviembre. Este evento ser\u00e1 patrocinado por Silgon, con Casa de Campo Living sitio de web y la revista\u2026","rel":"","context":"Entrada similar","block_context":{"text":"Entrada similar","link":""},"img":{"alt_text":"halloween party casa de campo","src":"https:\/\/i0.wp.com\/casadecampoliving.com\/wp-content\/uploads\/2013\/09\/halloween_party_casa_de_campo.jpg?resize=350%2C200&ssl=1","width":350,"height":200,"srcset":"https:\/\/i0.wp.com\/casadecampoliving.com\/wp-content\/uploads\/2013\/09\/halloween_party_casa_de_campo.jpg?resize=350%2C200&ssl=1 1x, https:\/\/i0.wp.com\/casadecampoliving.com\/wp-content\/uploads\/2013\/09\/halloween_party_casa_de_campo.jpg?resize=525%2C300&ssl=1 1.5x"},"classes":[]},{"id":119532,"url":"https:\/\/casadecampoliving.com\/es\/cartelera-cine\/","url_meta":{"origin":36721,"position":1},"title":"D\u00f3nde ir para ver una gran pel\u00edcula en Casa de Campo y sus alrededores","author":"Felix Guerrero","date":"6 Mar, 2016","format":false,"excerpt":"No hay nada como sentarse con unas palomitas de ma\u00edz calientes y una buena pel\u00edcula para disfrutar solo, con alguien especial o con amigos y familiares. Dada nuestra pasi\u00f3n por las pel\u00edculas, nos enorgullece presentarles con una lista de d\u00f3nde ir para ver una gran pel\u00edcula en Casa y sus\u2026","rel":"","context":"En \u00abCine @es\u00bb","block_context":{"text":"Cine @es","link":"https:\/\/casadecampoliving.com\/es\/category\/cine-3\/"},"img":{"alt_text":"","src":"","width":0,"height":0},"classes":[]},{"id":54710,"url":"https:\/\/casadecampoliving.com\/es\/sensaciones-de-verano\/","url_meta":{"origin":36721,"position":2},"title":"Sensaciones de verano","author":"Rebecca Silvestri","date":"23 Jul, 2012","format":false,"excerpt":"Ha llegado el verano y est\u00e1 bastante caluroso \u2013 por qu\u00e9 no disfrutar de ligeros almuerzos, perfectos para los d\u00edas largos de verano! Aqu\u00ed algunos de nuestros favoritos para la \u00e9poca. Bocadillos y brisas de mar\u00a0\u2013 en el Beach Club by Le CirqueEl Beach Club by Le Cirque, no s\u00f3lo\u2026","rel":"","context":"Entrada similar","block_context":{"text":"Entrada similar","link":""},"img":{"alt_text":"octopus salad","src":"https:\/\/i0.wp.com\/casadecampoliving.com\/wp-content\/uploads\/2012\/07\/octopus_salad.jpg?fit=650%2C452&ssl=1&resize=350%2C200","width":350,"height":200,"srcset":"https:\/\/i0.wp.com\/casadecampoliving.com\/wp-content\/uploads\/2012\/07\/octopus_salad.jpg?fit=650%2C452&ssl=1&resize=350%2C200 1x, https:\/\/i0.wp.com\/casadecampoliving.com\/wp-content\/uploads\/2012\/07\/octopus_salad.jpg?fit=650%2C452&ssl=1&resize=525%2C300 1.5x"},"classes":[]},{"id":59520,"url":"https:\/\/casadecampoliving.com\/es\/excursiones\/","url_meta":{"origin":36721,"position":3},"title":"Excursiones","author":"Rebecca Silvestri","date":"18 Oct, 2012","format":false,"excerpt":"Algunas veces, la mejor manera de explorar TODO lo que hay en las afueras de Casa de Campo es haciendo una excursi\u00f3n \u2013 y ciertamente existen muchas opciones a elegir! Ziplining en Wild RanchWild Ranch es tanto un centro de conservaci\u00f3n como aventura de canopy. Aqu\u00ed su excursi\u00f3n comienza con\u2026","rel":"","context":"Entrada similar","block_context":{"text":"Entrada similar","link":""},"img":{"alt_text":"","src":"https:\/\/i0.wp.com\/casadecampoliving-wp.s3-accelerate.amazonaws.com\/2011\/02\/wild_ranch_dominican_republic_casadecampo9.jpg?resize=350%2C200&ssl=1","width":350,"height":200,"srcset":"https:\/\/i0.wp.com\/casadecampoliving-wp.s3-accelerate.amazonaws.com\/2011\/02\/wild_ranch_dominican_republic_casadecampo9.jpg?resize=350%2C200&ssl=1 1x, https:\/\/i0.wp.com\/casadecampoliving-wp.s3-accelerate.amazonaws.com\/2011\/02\/wild_ranch_dominican_republic_casadecampo9.jpg?resize=525%2C300&ssl=1 1.5x"},"classes":[]},{"id":36526,"url":"https:\/\/casadecampoliving.com\/es\/homepage-es\/","url_meta":{"origin":36721,"position":4},"title":"Homepage en","author":"","date":"8 Mar, 2011","format":false,"excerpt":"Casa de Campo Hotel & Resort es uno de los principales resorts de la Rep\u00fablica Dominicana, con campos de golf mundialmente aclamados, incluido el mundialmente famoso campo de Pete Dye, Teeth of the Dog. Casa de Campo Living es una gu\u00eda de recursos independiente para visitantes y residentes que buscan\u2026","rel":"","context":"En \u00abRep\u00fablica Dominicana @es\u00bb","block_context":{"text":"Rep\u00fablica Dominicana @es","link":"https:\/\/casadecampoliving.com\/es\/category\/republica-dominicana-2\/"},"img":{"alt_text":"","src":"https:\/\/i0.wp.com\/casadecampoliving.com\/wp-content\/uploads\/2021\/07\/Fundemar-Vida-en-Viva-Shallow-FB.jpg?resize=350%2C200&ssl=1","width":350,"height":200,"srcset":"https:\/\/i0.wp.com\/casadecampoliving.com\/wp-content\/uploads\/2021\/07\/Fundemar-Vida-en-Viva-Shallow-FB.jpg?resize=350%2C200&ssl=1 1x, https:\/\/i0.wp.com\/casadecampoliving.com\/wp-content\/uploads\/2021\/07\/Fundemar-Vida-en-Viva-Shallow-FB.jpg?resize=525%2C300&ssl=1 1.5x, https:\/\/i0.wp.com\/casadecampoliving.com\/wp-content\/uploads\/2021\/07\/Fundemar-Vida-en-Viva-Shallow-FB.jpg?resize=700%2C400&ssl=1 2x"},"classes":[]},{"id":89495,"url":"https:\/\/casadecampoliving.com\/es\/la-morela-pop-food\/","url_meta":{"origin":36721,"position":5},"title":"La Morela, Pop Food","author":"Rebecca Silvestri","date":"9 May, 2014","format":false,"excerpt":"La Morela, lo m\u00e1s nuevo y moderno en Casa para cenar en La Marina, es atreverse a hacer algo diferente. Su concepto \u201ccomida pop\u201d es una combinaci\u00f3n finamente pulida de platos populares, de ah\u00ed el nombre de \u201cpop\u201d\u2026 que no pueden ser encontrados en cualquier cocina, excepto quiz\u00e1 la de\u2026","rel":"","context":"En \u00abDining\u00bb","block_context":{"text":"Dining","link":"https:\/\/casadecampoliving.com\/es\/tag\/dining-es\/"},"img":{"alt_text":"ribs","src":"https:\/\/i0.wp.com\/casadecampoliving.com\/wp-content\/uploads\/2014\/05\/ribs.jpg?fit=650%2C433&ssl=1&resize=350%2C200","width":350,"height":200,"srcset":"https:\/\/i0.wp.com\/casadecampoliving.com\/wp-content\/uploads\/2014\/05\/ribs.jpg?fit=650%2C433&ssl=1&resize=350%2C200 1x, https:\/\/i0.wp.com\/casadecampoliving.com\/wp-content\/uploads\/2014\/05\/ribs.jpg?fit=650%2C433&ssl=1&resize=525%2C300 1.5x"},"classes":[]}],"jetpack_sharing_enabled":true,"_links":{"self":[{"href":"https:\/\/casadecampoliving.com\/es\/wp-json\/wp\/v2\/pages\/36721","targetHints":{"allow":["GET"]}}],"collection":[{"href":"https:\/\/casadecampoliving.com\/es\/wp-json\/wp\/v2\/pages"}],"about":[{"href":"https:\/\/casadecampoliving.com\/es\/wp-json\/wp\/v2\/types\/page"}],"author":[{"embeddable":true,"href":"https:\/\/casadecampoliving.com\/es\/wp-json\/wp\/v2\/users\/31"}],"replies":[{"embeddable":true,"href":"https:\/\/casadecampoliving.com\/es\/wp-json\/wp\/v2\/comments?post=36721"}],"version-history":[{"count":0,"href":"https:\/\/casadecampoliving.com\/es\/wp-json\/wp\/v2\/pages\/36721\/revisions"}],"wp:featuredmedia":[{"embeddable":true,"href":"https:\/\/casadecampoliving.com\/es\/wp-json\/wp\/v2\/media\/36719"}],"wp:attachment":[{"href":"https:\/\/casadecampoliving.com\/es\/wp-json\/wp\/v2\/media?parent=36721"}],"wp:term":[{"taxonomy":"newspack_spnsrs_tax","embeddable":true,"href":"https:\/\/casadecampoliving.com\/es\/wp-json\/wp\/v2\/newspack_spnsrs_tax?post=36721"}],"curies":[{"name":"wp","href":"https:\/\/api.w.org\/{rel}","templated":true}]}}