{"id":120378,"date":"2016-07-07T12:27:12","date_gmt":"2016-07-07T16:27:12","guid":{"rendered":"http:\/\/casadecampoliving.com\/es\/?page_id=120378"},"modified":"2022-10-21T17:52:02","modified_gmt":"2022-10-21T21:52:02","slug":"la-cantina-latin-bistro","status":"publish","type":"page","link":"https:\/\/casadecampoliving.com\/es\/la-cantina-latin-bistro\/","title":{"rendered":"La Cantina Latin Bistro"},"content":{"rendered":"\n<blockquote><h2><img decoding=\"async\" loading=\"lazy\" class=\"aligncenter wp-image-120324\" src=\"https:\/\/i0.wp.com\/casadecampoliving-wp.s3-accelerate.amazonaws.com\/2016\/07\/cantina-photo-1.jpg?resize=650%2C433&amp;ssl=1\" alt=\"cantina photo\" width=\"650\" height=\"433\"><\/h2><h2>Un Vistazo a La Cantina Latin Bistro<\/h2><p style=\"text-align: justify;\"><strong>Cocina:<\/strong>&nbsp;Abierto para el almuerzo y la cena, La Cantina, ofrece una amplia selecci\u00f3n de platos caribe\u00f1os y latinos entre los que encontrar\u00e1 platos mexicanos y dominicanos. \u00a1Tambi\u00e9n tienen un men\u00fa de sushi con deliciosos rollos y sashimi para la hora de la cena! Con su relajado ambiente, su gran cocina, y la&nbsp;hermosa vista de Altos de Chav\u00f3n, \u00a1es el lugar perfecto para disfrutar de un rico almuerzo!<\/p><p><strong>Ubicaci\u00f3n:<\/strong>&nbsp;Plaza Altos de Chav\u00f3n<\/p><p><strong>Horario:&nbsp;<\/strong><\/p><ul>\n<li>Lunes&nbsp;\u2013 S\u00e1bado,&nbsp;11am \u2013 11pm<\/li>\n<li>Cerrado los domingos<\/li>\n<\/ul><p><strong>Contacto:<\/strong>&nbsp;(809) 523-1800<\/p><\/blockquote>\n\n\n\n<blockquote><h2>Eche un vistazo al&nbsp;Men\u00fa<\/h2><figure><img decoding=\"async\" loading=\"lazy\" class=\"aligncenter wp-image-120326\" src=\"https:\/\/i0.wp.com\/casadecampoliving-wp.s3-accelerate.amazonaws.com\/2016\/07\/IMG_2428.jpg?resize=650%2C433&amp;ssl=1\" alt=\"La Cantina\" width=\"650\" height=\"433\" srcset=\"https:\/\/i0.wp.com\/casadecampoliving.com\/wp-content\/uploads\/2016\/07\/IMG_2428.jpg?w=3267&amp;ssl=1 3267w, https:\/\/i0.wp.com\/casadecampoliving.com\/wp-content\/uploads\/2016\/07\/IMG_2428.jpg?resize=300%2C200&amp;ssl=1 300w, https:\/\/i0.wp.com\/casadecampoliving.com\/wp-content\/uploads\/2016\/07\/IMG_2428.jpg?resize=768%2C512&amp;ssl=1 768w, https:\/\/i0.wp.com\/casadecampoliving.com\/wp-content\/uploads\/2016\/07\/IMG_2428.jpg?resize=1024%2C683&amp;ssl=1 1024w, https:\/\/i0.wp.com\/casadecampoliving.com\/wp-content\/uploads\/2016\/07\/IMG_2428.jpg?w=2000&amp;ssl=1 2000w, https:\/\/i0.wp.com\/casadecampoliving.com\/wp-content\/uploads\/2016\/07\/IMG_2428.jpg?w=3000&amp;ssl=1 3000w\" sizes=\"auto, (max-width: 650px) 100vw, 650px\"><\/figure><p><strong><a href=\"https:\/\/casadecampoliving-wp.s3-accelerate.amazonaws.com\/2016\/07\/LaCantina_Men\u00fa_English-1.pdf\">Men\u00fa<\/a><\/strong><\/p><\/blockquote>\n\n\n\n<blockquote><h2>Lea nuestra Rese\u00f1a<\/h2><figure><img decoding=\"async\" loading=\"lazy\" class=\"aligncenter wp-image-120327\" src=\"https:\/\/i0.wp.com\/casadecampoliving-wp.s3-accelerate.amazonaws.com\/2016\/07\/IMG_2521.jpg?resize=650%2C433&amp;ssl=1\" alt=\"IMG_2521\" width=\"650\" height=\"433\" srcset=\"https:\/\/i0.wp.com\/casadecampoliving.com\/wp-content\/uploads\/2016\/07\/IMG_2521.jpg?w=3267&amp;ssl=1 3267w, https:\/\/i0.wp.com\/casadecampoliving.com\/wp-content\/uploads\/2016\/07\/IMG_2521.jpg?resize=300%2C200&amp;ssl=1 300w, https:\/\/i0.wp.com\/casadecampoliving.com\/wp-content\/uploads\/2016\/07\/IMG_2521.jpg?resize=768%2C512&amp;ssl=1 768w, https:\/\/i0.wp.com\/casadecampoliving.com\/wp-content\/uploads\/2016\/07\/IMG_2521.jpg?resize=1024%2C683&amp;ssl=1 1024w, https:\/\/i0.wp.com\/casadecampoliving.com\/wp-content\/uploads\/2016\/07\/IMG_2521.jpg?w=2000&amp;ssl=1 2000w, https:\/\/i0.wp.com\/casadecampoliving.com\/wp-content\/uploads\/2016\/07\/IMG_2521.jpg?w=3000&amp;ssl=1 3000w\" sizes=\"auto, (max-width: 650px) 100vw, 650px\"><\/figure><p style=\"text-align: justify;\"><br>\nSi busca aut\u00e9ntica y muy bien elaborada cocina Dominicana y del Caribe en un entorno espectacular, La Cantina es el lugar al que debe visitar. &nbsp;Bajo una hermosa pergola de madera y un arco empedrado, el uso de ingredientes frescos y locales hace que este Latin Bistro sea muy popular entre los residentes y visitantes por igual.&nbsp;Para leer nuestra rese\u00f1a completa, haga clic <a href=\"https:\/\/casadecampoliving.com\/es\/nuevo-menu-en-la-cantina-el-sushi-y-la-comida-dominicana-y-mexicana-nunca-se-han-visto-mejor\/\">AQU\u00cd<\/a>.<\/p><\/blockquote>\n","protected":false},"excerpt":{"rendered":"<p>Un Vistazo a La Cantina Latin Bistro Cocina:&nbsp;Abierto para el almuerzo y la cena, La Cantina, ofrece una amplia selecci\u00f3n de platos caribe\u00f1os y latinos entre los que encontrar\u00e1 platos mexicanos y dominicanos. \u00a1Tambi\u00e9n tienen un men\u00fa de sushi con deliciosos rollos y sashimi para la hora de la cena! Con su relajado ambiente, su [&hellip;]<\/p>\n","protected":false},"author":34707,"featured_media":0,"parent":0,"menu_order":0,"comment_status":"closed","ping_status":"closed","template":"","meta":{"newspack_ads_suppress_ads":false,"newspack_popups_has_disabled_popups":false,"newspack_sponsor_sponsorship_scope":"","newspack_sponsor_native_byline_display":"inherit","newspack_sponsor_native_category_display":"inherit","newspack_sponsor_underwriter_style":"inherit","newspack_sponsor_underwriter_placement":"inherit","newspack_content_restriction_is_exempt":false,"newspack_featured_image_position":"","newspack_hide_page_title":false,"newspack_show_share_buttons":false,"footnotes":""},"newspack_spnsrs_tax":[],"class_list":["post-120378","page","type-page","status-publish","hentry","entry"],"yoast_head":"<!-- This site is optimized with the Yoast SEO plugin v27.4 - https:\/\/yoast.com\/product\/yoast-seo-wordpress\/ -->\n<title>La Cantina Latin Bistro | Casa de Campo Living<\/title>\n<meta name=\"description\" content=\"Con su relajado ambiente, su gran cocina, y la hermosa vista de Altos de Chav\u00f3n, La Cantina es el lugar perfecto para disfrutar de un rico almuerzo!\" \/>\n<meta name=\"robots\" content=\"index, follow, max-snippet:-1, max-image-preview:large, max-video-preview:-1\" \/>\n<link rel=\"canonical\" href=\"https:\/\/casadecampoliving.com\/es\/la-cantina-latin-bistro\/\" \/>\n<meta property=\"og:locale\" content=\"es_ES\" \/>\n<meta property=\"og:type\" content=\"article\" \/>\n<meta property=\"og:title\" content=\"La Cantina Latin Bistro | Casa de Campo Living\" \/>\n<meta property=\"og:description\" content=\"Con su relajado ambiente, su gran cocina, y la hermosa vista de Altos de Chav\u00f3n, La Cantina es el lugar perfecto para disfrutar de un rico almuerzo!\" \/>\n<meta property=\"og:url\" content=\"https:\/\/casadecampoliving.com\/es\/la-cantina-latin-bistro\/\" \/>\n<meta property=\"og:site_name\" content=\"Casa de Campo Living\" \/>\n<meta property=\"article:publisher\" content=\"https:\/\/www.facebook.com\/casadecampoliving\" \/>\n<meta property=\"article:modified_time\" content=\"2022-10-21T21:52:02+00:00\" \/>\n<meta property=\"og:image\" content=\"https:\/\/casadecampoliving-wp.s3-accelerate.amazonaws.com\/2016\/07\/cantina-photo-1.jpg\" \/>\n<meta name=\"twitter:card\" content=\"summary_large_image\" \/>\n<meta name=\"twitter:site\" content=\"@cdcliving\" \/>\n<meta name=\"twitter:label1\" content=\"Tiempo de lectura\" \/>\n\t<meta name=\"twitter:data1\" content=\"1 minuto\" \/>\n<script type=\"application\/ld+json\" class=\"yoast-schema-graph\">{\"@context\":\"https:\\\/\\\/schema.org\",\"@graph\":[{\"@type\":\"WebPage\",\"@id\":\"https:\\\/\\\/casadecampoliving.com\\\/es\\\/la-cantina-latin-bistro\\\/\",\"url\":\"https:\\\/\\\/casadecampoliving.com\\\/es\\\/la-cantina-latin-bistro\\\/\",\"name\":\"La Cantina Latin Bistro | Casa de Campo Living\",\"isPartOf\":{\"@id\":\"https:\\\/\\\/casadecampoliving.com\\\/es\\\/#website\"},\"primaryImageOfPage\":{\"@id\":\"https:\\\/\\\/casadecampoliving.com\\\/es\\\/la-cantina-latin-bistro\\\/#primaryimage\"},\"image\":{\"@id\":\"https:\\\/\\\/casadecampoliving.com\\\/es\\\/la-cantina-latin-bistro\\\/#primaryimage\"},\"thumbnailUrl\":\"https:\\\/\\\/i0.wp.com\\\/casadecampoliving-wp.s3-accelerate.amazonaws.com\\\/2016\\\/07\\\/cantina-photo-1.jpg?resize=650%2C433&amp;ssl=1\",\"datePublished\":\"2016-07-07T16:27:12+00:00\",\"dateModified\":\"2022-10-21T21:52:02+00:00\",\"description\":\"Con su relajado ambiente, su gran cocina, y la hermosa vista de Altos de Chav\u00f3n, La Cantina es el lugar perfecto para disfrutar de un rico almuerzo!\",\"breadcrumb\":{\"@id\":\"https:\\\/\\\/casadecampoliving.com\\\/es\\\/la-cantina-latin-bistro\\\/#breadcrumb\"},\"inLanguage\":\"es\",\"potentialAction\":[{\"@type\":\"ReadAction\",\"target\":[\"https:\\\/\\\/casadecampoliving.com\\\/es\\\/la-cantina-latin-bistro\\\/\"]}]},{\"@type\":\"ImageObject\",\"inLanguage\":\"es\",\"@id\":\"https:\\\/\\\/casadecampoliving.com\\\/es\\\/la-cantina-latin-bistro\\\/#primaryimage\",\"url\":\"https:\\\/\\\/i0.wp.com\\\/casadecampoliving-wp.s3-accelerate.amazonaws.com\\\/2016\\\/07\\\/cantina-photo-1.jpg?resize=650%2C433&amp;ssl=1\",\"contentUrl\":\"https:\\\/\\\/i0.wp.com\\\/casadecampoliving-wp.s3-accelerate.amazonaws.com\\\/2016\\\/07\\\/cantina-photo-1.jpg?resize=650%2C433&amp;ssl=1\"},{\"@type\":\"BreadcrumbList\",\"@id\":\"https:\\\/\\\/casadecampoliving.com\\\/es\\\/la-cantina-latin-bistro\\\/#breadcrumb\",\"itemListElement\":[{\"@type\":\"ListItem\",\"position\":1,\"name\":\"Home\",\"item\":\"https:\\\/\\\/casadecampoliving.com\\\/es\\\/\"},{\"@type\":\"ListItem\",\"position\":2,\"name\":\"La Cantina Latin Bistro\"}]},{\"@type\":\"WebSite\",\"@id\":\"https:\\\/\\\/casadecampoliving.com\\\/es\\\/#website\",\"url\":\"https:\\\/\\\/casadecampoliving.com\\\/es\\\/\",\"name\":\"Casa de Campo Living\",\"description\":\"Resort community news and resources.\",\"publisher\":{\"@id\":\"https:\\\/\\\/casadecampoliving.com\\\/es\\\/#organization\"},\"potentialAction\":[{\"@type\":\"SearchAction\",\"target\":{\"@type\":\"EntryPoint\",\"urlTemplate\":\"https:\\\/\\\/casadecampoliving.com\\\/es\\\/?s={search_term_string}\"},\"query-input\":{\"@type\":\"PropertyValueSpecification\",\"valueRequired\":true,\"valueName\":\"search_term_string\"}}],\"inLanguage\":\"es\"},{\"@type\":\"Organization\",\"@id\":\"https:\\\/\\\/casadecampoliving.com\\\/es\\\/#organization\",\"name\":\"Casa de Campo Living\",\"url\":\"https:\\\/\\\/casadecampoliving.com\\\/es\\\/\",\"logo\":{\"@type\":\"ImageObject\",\"inLanguage\":\"es\",\"@id\":\"https:\\\/\\\/casadecampoliving.com\\\/es\\\/#\\\/schema\\\/logo\\\/image\\\/\",\"url\":\"https:\\\/\\\/i0.wp.com\\\/casadecampoliving.com\\\/wp-content\\\/uploads\\\/2022\\\/07\\\/CDCLivingLogo_V1-white-sized.png?fit=800%2C214&ssl=1\",\"contentUrl\":\"https:\\\/\\\/i0.wp.com\\\/casadecampoliving.com\\\/wp-content\\\/uploads\\\/2022\\\/07\\\/CDCLivingLogo_V1-white-sized.png?fit=800%2C214&ssl=1\",\"width\":800,\"height\":214,\"caption\":\"Casa de Campo Living\"},\"image\":{\"@id\":\"https:\\\/\\\/casadecampoliving.com\\\/es\\\/#\\\/schema\\\/logo\\\/image\\\/\"},\"sameAs\":[\"https:\\\/\\\/www.facebook.com\\\/casadecampoliving\",\"https:\\\/\\\/x.com\\\/cdcliving\"]}]}<\/script>\n<!-- \/ Yoast SEO plugin. -->","yoast_head_json":{"title":"La Cantina Latin Bistro | Casa de Campo Living","description":"Con su relajado ambiente, su gran cocina, y la hermosa vista de Altos de Chav\u00f3n, La Cantina es el lugar perfecto para disfrutar de un rico almuerzo!","robots":{"index":"index","follow":"follow","max-snippet":"max-snippet:-1","max-image-preview":"max-image-preview:large","max-video-preview":"max-video-preview:-1"},"canonical":"https:\/\/casadecampoliving.com\/es\/la-cantina-latin-bistro\/","og_locale":"es_ES","og_type":"article","og_title":"La Cantina Latin Bistro | Casa de Campo Living","og_description":"Con su relajado ambiente, su gran cocina, y la hermosa vista de Altos de Chav\u00f3n, La Cantina es el lugar perfecto para disfrutar de un rico almuerzo!","og_url":"https:\/\/casadecampoliving.com\/es\/la-cantina-latin-bistro\/","og_site_name":"Casa de Campo Living","article_publisher":"https:\/\/www.facebook.com\/casadecampoliving","article_modified_time":"2022-10-21T21:52:02+00:00","og_image":[{"url":"https:\/\/casadecampoliving-wp.s3-accelerate.amazonaws.com\/2016\/07\/cantina-photo-1.jpg","type":"","width":"","height":""}],"twitter_card":"summary_large_image","twitter_site":"@cdcliving","twitter_misc":{"Tiempo de lectura":"1 minuto"},"schema":{"@context":"https:\/\/schema.org","@graph":[{"@type":"WebPage","@id":"https:\/\/casadecampoliving.com\/es\/la-cantina-latin-bistro\/","url":"https:\/\/casadecampoliving.com\/es\/la-cantina-latin-bistro\/","name":"La Cantina Latin Bistro | Casa de Campo Living","isPartOf":{"@id":"https:\/\/casadecampoliving.com\/es\/#website"},"primaryImageOfPage":{"@id":"https:\/\/casadecampoliving.com\/es\/la-cantina-latin-bistro\/#primaryimage"},"image":{"@id":"https:\/\/casadecampoliving.com\/es\/la-cantina-latin-bistro\/#primaryimage"},"thumbnailUrl":"https:\/\/i0.wp.com\/casadecampoliving-wp.s3-accelerate.amazonaws.com\/2016\/07\/cantina-photo-1.jpg?resize=650%2C433&amp;ssl=1","datePublished":"2016-07-07T16:27:12+00:00","dateModified":"2022-10-21T21:52:02+00:00","description":"Con su relajado ambiente, su gran cocina, y la hermosa vista de Altos de Chav\u00f3n, La Cantina es el lugar perfecto para disfrutar de un rico almuerzo!","breadcrumb":{"@id":"https:\/\/casadecampoliving.com\/es\/la-cantina-latin-bistro\/#breadcrumb"},"inLanguage":"es","potentialAction":[{"@type":"ReadAction","target":["https:\/\/casadecampoliving.com\/es\/la-cantina-latin-bistro\/"]}]},{"@type":"ImageObject","inLanguage":"es","@id":"https:\/\/casadecampoliving.com\/es\/la-cantina-latin-bistro\/#primaryimage","url":"https:\/\/i0.wp.com\/casadecampoliving-wp.s3-accelerate.amazonaws.com\/2016\/07\/cantina-photo-1.jpg?resize=650%2C433&amp;ssl=1","contentUrl":"https:\/\/i0.wp.com\/casadecampoliving-wp.s3-accelerate.amazonaws.com\/2016\/07\/cantina-photo-1.jpg?resize=650%2C433&amp;ssl=1"},{"@type":"BreadcrumbList","@id":"https:\/\/casadecampoliving.com\/es\/la-cantina-latin-bistro\/#breadcrumb","itemListElement":[{"@type":"ListItem","position":1,"name":"Home","item":"https:\/\/casadecampoliving.com\/es\/"},{"@type":"ListItem","position":2,"name":"La Cantina Latin Bistro"}]},{"@type":"WebSite","@id":"https:\/\/casadecampoliving.com\/es\/#website","url":"https:\/\/casadecampoliving.com\/es\/","name":"Casa de Campo Living","description":"Resort community news and resources.","publisher":{"@id":"https:\/\/casadecampoliving.com\/es\/#organization"},"potentialAction":[{"@type":"SearchAction","target":{"@type":"EntryPoint","urlTemplate":"https:\/\/casadecampoliving.com\/es\/?s={search_term_string}"},"query-input":{"@type":"PropertyValueSpecification","valueRequired":true,"valueName":"search_term_string"}}],"inLanguage":"es"},{"@type":"Organization","@id":"https:\/\/casadecampoliving.com\/es\/#organization","name":"Casa de Campo Living","url":"https:\/\/casadecampoliving.com\/es\/","logo":{"@type":"ImageObject","inLanguage":"es","@id":"https:\/\/casadecampoliving.com\/es\/#\/schema\/logo\/image\/","url":"https:\/\/i0.wp.com\/casadecampoliving.com\/wp-content\/uploads\/2022\/07\/CDCLivingLogo_V1-white-sized.png?fit=800%2C214&ssl=1","contentUrl":"https:\/\/i0.wp.com\/casadecampoliving.com\/wp-content\/uploads\/2022\/07\/CDCLivingLogo_V1-white-sized.png?fit=800%2C214&ssl=1","width":800,"height":214,"caption":"Casa de Campo Living"},"image":{"@id":"https:\/\/casadecampoliving.com\/es\/#\/schema\/logo\/image\/"},"sameAs":["https:\/\/www.facebook.com\/casadecampoliving","https:\/\/x.com\/cdcliving"]}]}},"parsely":{"version":"1.1.0","canonical_url":"https:\/\/casadecampoliving.com\/es\/la-cantina-latin-bistro\/","smart_links":{"inbound":0,"outbound":0},"traffic_boost_suggestions_count":0,"meta":{"@context":"https:\/\/schema.org","@type":"WebPage","headline":"La Cantina Latin Bistro","url":"http:\/\/casadecampoliving.com\/es\/la-cantina-latin-bistro\/","mainEntityOfPage":{"@type":"WebPage","@id":"http:\/\/casadecampoliving.com\/es\/la-cantina-latin-bistro\/"},"thumbnailUrl":"","image":{"@type":"ImageObject","url":""},"articleSection":"Uncategorized @es","author":[{"@type":"Person","name":"Felix Guerrero"}],"creator":["Felix Guerrero"],"publisher":{"@type":"Organization","name":"Casa de Campo Living","logo":"https:\/\/casadecampoliving.com\/wp-content\/uploads\/2022\/07\/CDCLivingLogo_V1-white-sized.png"},"keywords":["dining","la cantina"],"dateCreated":"2016-07-07T16:27:12Z","datePublished":"2016-07-07T16:27:12Z","dateModified":"2022-10-21T21:52:02Z"},"rendered":"<script type=\"application\/ld+json\" class=\"wp-parsely-metadata\">{\"@context\":\"https:\\\/\\\/schema.org\",\"@type\":\"WebPage\",\"headline\":\"La Cantina Latin Bistro\",\"url\":\"http:\\\/\\\/casadecampoliving.com\\\/es\\\/la-cantina-latin-bistro\\\/\",\"mainEntityOfPage\":{\"@type\":\"WebPage\",\"@id\":\"http:\\\/\\\/casadecampoliving.com\\\/es\\\/la-cantina-latin-bistro\\\/\"},\"thumbnailUrl\":\"\",\"image\":{\"@type\":\"ImageObject\",\"url\":\"\"},\"articleSection\":\"Uncategorized @es\",\"author\":[{\"@type\":\"Person\",\"name\":\"Felix Guerrero\"}],\"creator\":[\"Felix Guerrero\"],\"publisher\":{\"@type\":\"Organization\",\"name\":\"Casa de Campo Living\",\"logo\":\"https:\\\/\\\/casadecampoliving.com\\\/wp-content\\\/uploads\\\/2022\\\/07\\\/CDCLivingLogo_V1-white-sized.png\"},\"keywords\":[\"dining\",\"la cantina\"],\"dateCreated\":\"2016-07-07T16:27:12Z\",\"datePublished\":\"2016-07-07T16:27:12Z\",\"dateModified\":\"2022-10-21T21:52:02Z\"}<\/script>","tracker_url":"https:\/\/cdn.parsely.com\/keys\/casadecampoliving.com\/p.js"},"jetpack-related-posts":[{"id":54710,"url":"https:\/\/casadecampoliving.com\/es\/sensaciones-de-verano\/","url_meta":{"origin":120378,"position":0},"title":"Sensaciones de verano","author":"Rebecca Silvestri","date":"23 Jul, 2012","format":false,"excerpt":"Ha llegado el verano y est\u00e1 bastante caluroso \u2013 por qu\u00e9 no disfrutar de ligeros almuerzos, perfectos para los d\u00edas largos de verano! Aqu\u00ed algunos de nuestros favoritos para la \u00e9poca. Bocadillos y brisas de mar\u00a0\u2013 en el Beach Club by Le CirqueEl Beach Club by Le Cirque, no s\u00f3lo\u2026","rel":"","context":"Entrada similar","block_context":{"text":"Entrada similar","link":""},"img":{"alt_text":"octopus salad","src":"https:\/\/i0.wp.com\/casadecampoliving.com\/wp-content\/uploads\/2012\/07\/octopus_salad.jpg?fit=650%2C452&ssl=1&resize=350%2C200","width":350,"height":200,"srcset":"https:\/\/i0.wp.com\/casadecampoliving.com\/wp-content\/uploads\/2012\/07\/octopus_salad.jpg?fit=650%2C452&ssl=1&resize=350%2C200 1x, https:\/\/i0.wp.com\/casadecampoliving.com\/wp-content\/uploads\/2012\/07\/octopus_salad.jpg?fit=650%2C452&ssl=1&resize=525%2C300 1.5x"},"classes":[]},{"id":38861,"url":"https:\/\/casadecampoliving.com\/es\/gino-in-trastevere\/","url_meta":{"origin":120378,"position":1},"title":"Gino in Trastevere","author":"Ms. K","date":"29 Nov, 2011","format":false,"excerpt":"Gino in Trastevere es un aut\u00e9ntico restaurante Italiano ubicado en Altos de Chav\u00f3n, con una confortante terraza y una vista impresionante del\u00a0R\u00edo\u00a0Chav\u00f3n y el famoso campo de golf Dye Fore. Gino In Trastevere en Altos de Chav\u00f3n es propiedad de Claudio Angeloni de Italia, perteneciente a la familia que ha\u2026","rel":"","context":"Entrada similar","block_context":{"text":"Entrada similar","link":""},"img":{"alt_text":"gino altos de chavon","src":"https:\/\/i0.wp.com\/casadecampoliving.com\/wp-content\/uploads\/2011\/11\/Gino.jpg?resize=350%2C200&ssl=1","width":350,"height":200,"srcset":"https:\/\/i0.wp.com\/casadecampoliving.com\/wp-content\/uploads\/2011\/11\/Gino.jpg?resize=350%2C200&ssl=1 1x, https:\/\/i0.wp.com\/casadecampoliving.com\/wp-content\/uploads\/2011\/11\/Gino.jpg?resize=525%2C300&ssl=1 1.5x"},"classes":[]},{"id":55703,"url":"https:\/\/casadecampoliving.com\/es\/vanta-srl\/","url_meta":{"origin":120378,"position":2},"title":"Vanta SRL, especialistas en ventanas y puertas","author":"Rebecca Silvestri","date":"7 Ago, 2012","format":false,"excerpt":"Vanta SRL, propiedad de Rosa Mar\u00eda Pablo y Carlos Mella, due\u00f1os de villa de Casa de Campo, es una suplidora de ventanas y puertas de calidad que cuenta con un equipo de arquitectos y profesionales dedicados y apasionados al momento de proveer el mejor servicio en el mercado. Con m\u00e1s\u2026","rel":"","context":"Entrada similar","block_context":{"text":"Entrada similar","link":""},"img":{"alt_text":"vanta","src":"https:\/\/i0.wp.com\/casadecampoliving.com\/wp-content\/uploads\/2012\/08\/vanta.jpg?resize=350%2C200&ssl=1","width":350,"height":200,"srcset":"https:\/\/i0.wp.com\/casadecampoliving.com\/wp-content\/uploads\/2012\/08\/vanta.jpg?resize=350%2C200&ssl=1 1x, https:\/\/i0.wp.com\/casadecampoliving.com\/wp-content\/uploads\/2012\/08\/vanta.jpg?resize=525%2C300&ssl=1 1.5x"},"classes":[]},{"id":82246,"url":"https:\/\/casadecampoliving.com\/es\/menus-festivos-2013\/","url_meta":{"origin":120378,"position":3},"title":"Casa de Campo men\u00fas festivos para diciembre","author":"Rebecca Silvestri","date":"5 Dic, 2013","format":false,"excerpt":"La Noche Buena Una variedad de diferentes men\u00fas estar\u00e1n disponibles para disfrutar esta navidad con su familia y amigos. Escoja entre Beach Club by le Cirque en Minitas Beach, La Casita en la Marina Casa de Campo, La Piazzetta en Altos de Chav\u00f3n, as\u00ed como tambi\u00e9n La Ca\u00f1a by il\u2026","rel":"","context":"Entrada similar","block_context":{"text":"Entrada similar","link":""},"img":{"alt_text":"lamb","src":"https:\/\/i0.wp.com\/casadecampoliving.com\/wp-content\/uploads\/2013\/07\/lamb.jpg?fit=620%2C465&ssl=1&resize=350%2C200","width":350,"height":200,"srcset":"https:\/\/i0.wp.com\/casadecampoliving.com\/wp-content\/uploads\/2013\/07\/lamb.jpg?fit=620%2C465&ssl=1&resize=350%2C200 1x, https:\/\/i0.wp.com\/casadecampoliving.com\/wp-content\/uploads\/2013\/07\/lamb.jpg?fit=620%2C465&ssl=1&resize=525%2C300 1.5x"},"classes":[]},{"id":42860,"url":"https:\/\/casadecampoliving.com\/es\/altosdechavon-2\/","url_meta":{"origin":120378,"position":4},"title":"Altos de Chav\u00f3n","author":"Rebecca Silvestri","date":"25 Jul, 2012","format":false,"excerpt":"Completado en 1982, Altos de Chav\u00f3n es una r\u00e9plica de una villa mediterr\u00e1nea del siglo XVI, ubicado dentro del Resort Casa de Campo. Con vistas al R\u00edo Chav\u00f3n, Altos de Chav\u00f3n es una de las \u00e1reas m\u00e1s hermosas de Casa de Campo, visitada por cientos de turistas a diario, provenientes\u2026","rel":"","context":"Entrada similar","block_context":{"text":"Entrada similar","link":""},"img":{"alt_text":"altos de chavon","src":"https:\/\/i0.wp.com\/casadecampoliving.com\/wp-content\/uploads\/2012\/07\/altos_de_chavon4.jpg?fit=650%2C345&ssl=1&resize=350%2C200","width":350,"height":200,"srcset":"https:\/\/i0.wp.com\/casadecampoliving.com\/wp-content\/uploads\/2012\/07\/altos_de_chavon4.jpg?fit=650%2C345&ssl=1&resize=350%2C200 1x, https:\/\/i0.wp.com\/casadecampoliving.com\/wp-content\/uploads\/2012\/07\/altos_de_chavon4.jpg?fit=650%2C345&ssl=1&resize=525%2C300 1.5x"},"classes":[]},{"id":56809,"url":"https:\/\/casadecampoliving.com\/es\/tormenta-tropical-isaac\/","url_meta":{"origin":120378,"position":5},"title":"Casa de Campo durante tormenta tropical Isaac","author":"Rebecca Silvestri","date":"24 Ago, 2012","format":false,"excerpt":"Aqu\u00ed les traemos noticias de todos los servicios y restaurantes en Casa de Campo \u2013 durante\u00a0el paso de la tormenta tropical isaac: NOTA:\u00a0Dependiendo en las condici\u00f3nes del clima esta informaci\u00f3n esta sujeto a cambios! Para confirmar por favor llamar ext. 0 Seguridad de Casa de Campo: bomberos y ambulancia \u2022\u2026","rel":"","context":"Entrada similar","block_context":{"text":"Entrada similar","link":""},"img":{"alt_text":"","src":"","width":0,"height":0},"classes":[]}],"jetpack_sharing_enabled":true,"_links":{"self":[{"href":"https:\/\/casadecampoliving.com\/es\/wp-json\/wp\/v2\/pages\/120378","targetHints":{"allow":["GET"]}}],"collection":[{"href":"https:\/\/casadecampoliving.com\/es\/wp-json\/wp\/v2\/pages"}],"about":[{"href":"https:\/\/casadecampoliving.com\/es\/wp-json\/wp\/v2\/types\/page"}],"author":[{"embeddable":true,"href":"https:\/\/casadecampoliving.com\/es\/wp-json\/wp\/v2\/users\/34707"}],"replies":[{"embeddable":true,"href":"https:\/\/casadecampoliving.com\/es\/wp-json\/wp\/v2\/comments?post=120378"}],"version-history":[{"count":0,"href":"https:\/\/casadecampoliving.com\/es\/wp-json\/wp\/v2\/pages\/120378\/revisions"}],"wp:attachment":[{"href":"https:\/\/casadecampoliving.com\/es\/wp-json\/wp\/v2\/media?parent=120378"}],"wp:term":[{"taxonomy":"newspack_spnsrs_tax","embeddable":true,"href":"https:\/\/casadecampoliving.com\/es\/wp-json\/wp\/v2\/newspack_spnsrs_tax?post=120378"}],"curies":[{"name":"wp","href":"https:\/\/api.w.org\/{rel}","templated":true}]}}