{"id":119532,"date":"2016-03-06T17:17:40","date_gmt":"2016-03-06T21:17:40","guid":{"rendered":"http:\/\/casadecampoliving.com\/es\/?page_id=119532"},"modified":"2025-06-10T15:41:32","modified_gmt":"2025-06-10T19:41:32","slug":"cartelera-cine","status":"publish","type":"page","link":"https:\/\/casadecampoliving.com\/es\/cartelera-cine\/","title":{"rendered":"D\u00f3nde ir para ver una gran pel\u00edcula en Casa de Campo y sus alrededores"},"content":{"rendered":"\n<p>No hay nada como sentarse con unas palomitas de ma\u00edz calientes y una buena pel\u00edcula para disfrutar solo, con alguien especial o con amigos y familiares.<\/p>\n\n\n\n<p>Dada nuestra pasi\u00f3n por las pel\u00edculas, nos enorgullece presentarles con una lista de d\u00f3nde ir para ver una gran pel\u00edcula en Casa y sus alrededores \u00a1As\u00ed que acom\u00f3dese y obt\u00e9n tu informaci\u00f3n aqu\u00ed!<\/p>\n\n\n\n<h4 class=\"wp-block-heading\">Caribbean Cinemas, Marina Casa de Campo<\/h4>\n\n\n\n<p>Este cine est\u00e1 convenientemente ubicado en el Coconut Mall de la Marina Casa de Campo es absolutamente fant\u00e1stico, limpio y muy divertido para it a ver pel\u00edculas. Los sillones en sus 3 salas son muy c\u00f3modos y su&nbsp;estilo <em>stadium<\/em> proporcionan una buena vista. Los principales estrenos llegan bastante r\u00e1pido a sus salas, aunque algunas pueden tardar meses desde su estreno en Santo Domingo \u2014 y algunas nunca llegan. Sin embargo, es un atractivo cine con un staff profesional y atento.<\/p>\n\n\n\n<div class=\"wp-block-buttons is-layout-flex wp-block-buttons-is-layout-flex\">\n<div class=\"wp-block-button\"><a class=\"wp-block-button__link wp-element-button\" href=\"https:\/\/casadecampoliving.com\/marina-casa-de-campo-movie-times\/\">\u00a1Encuentre la cartelera aqu\u00ed!<\/a><\/div>\n<\/div>\n\n\n\n<p><strong>Precio de las Boletas:<\/strong> RD$600 adultos y\u00a0RD$450 ni\u00f1os (2-10 a\u00f1os, solo aplica para pel\u00edculas con restricci\u00f3n de edad)\u00a0<a href=\"https:\/\/casadecampoliving.com\/es\/con-orange-los-jueves-son-del-cine-2x1-en-taquillas-2\/\" target=\"_blank\" rel=\"noopener\">(\u00a1Los Jueves 2\u00d71 de Orange son incre\u00edbles! Vea todos los detalles aqu\u00ed.)<\/a><\/p>\n\n\n\n<p><strong>Horario:<\/strong>&nbsp;Abierto los 7 d\u00edas de la semana. Desde las 6pm los d\u00edas de semana y desde las 4pm en los fines de semana.<\/p>\n\n\n\n<p><strong>Idioma:<\/strong> La mayor\u00eda de las pel\u00edculas son presentadas en ingl\u00e9s con subt\u00edtulos en espa\u00f1ol, algunas veces las pel\u00edculas son presentadas en espa\u00f1ol. Aseg\u00farese de preguntar previo a comprar sus boletas, de lo contrario le espera una sorpresa.<\/p>\n\n\n\n<h4 class=\"wp-block-heading\">Caribbean Cinemas, Multiplaza \u2013 La Romana<\/h4>\n\n\n\n<p>La nueva Multiplaza, ubicada en la intersecci\u00f3n de la Avenida Padre Abreu y la Francisco Alberto Caama\u00f1o De\u00f1o (muchos recordar\u00e1n la ubicaci\u00f3n como el antiguo cruce de la salida de la Autopista del Este para dirigirse a Casa de Campo) cuenta con un gran Caribbean Cinemas con una amplia selecci\u00f3n de pel\u00edculas todas las semanas y todas las comodidades que puede encontrar en los grandes cines de la ciudad. Cuenta con 7 salas, 100% sonido digital HD, una sala 3D con sillones en cuero&nbsp;y numerados. Adem\u00e1s de una sala para celebraciones de cumplea\u00f1os para ni\u00f1os.<\/p>\n\n\n\n<p><strong>Precio de las Boletas:<\/strong> Adultos RD $325, ni\u00f1os\u00a0$200 \/\/ Lentes 3D $50 \/\/ Especiales de los Jueves RD$100 (exceptuando pel\u00edculas dominicanas, 3D y algunas pel\u00edculas no aplican durante su primera o segunda semana de estreno.)\u00a0<a href=\"https:\/\/casadecampoliving.com\/es\/con-orange-los-jueves-son-del-cine-2x1-en-taquillas-2\/\" target=\"_blank\" rel=\"noopener\">(\u00a1Los Jueves 2\u00d71 de Orange son incre\u00edbles! Vea todos los detalles aqu\u00ed.)<\/a><\/p>\n\n\n\n<p><strong>Horario:<\/strong> Abierto los 7 d\u00edas de la semana.<\/p>\n\n\n\n<p><strong>Idioma:&nbsp;<\/strong>La mayor\u00eda de las pel\u00edculas son presentadas en ingl\u00e9s con subt\u00edtulos en espa\u00f1ol, algunas veces (sin aviso) las pel\u00edculas son presentadas en espa\u00f1ol. Aseg\u00farese de preguntar previo a comprar sus boletas, de lo contrario le espera una sorpresa.<\/p>\n\n\n\n<h4 class=\"wp-block-heading\">Club de la Costa, Central Romana<\/h4>\n\n\n\n<p>El antiguo y confiable cine del Club de la Costa es un cine s\u00f3lo para miembros del Central Romana y ha estado abierto desde hace ya varias d\u00e9cadas. No es el m\u00e1s lujoso, pero sin duda tiene todo lo que necesitar\u00e1. Las pel\u00edculas son cambiadas todas las semanas y algunas est\u00e1n un poco editadas por el lenguaje y la duraci\u00f3n.<\/p>\n\n\n\n<p><strong>Precio de las boletas:<\/strong> RD$0. Es s\u00f3lo para miembros.<\/p>\n\n\n\n<p><strong>Horario:<\/strong>&nbsp;Abierto de jueves a domingo a las 8pm.<\/p>\n\n\n\n<p><strong>Idioma:<\/strong>&nbsp;Las pel\u00edculas son t\u00edpicamente presentadas en ingl\u00e9s con subt\u00edtulos en espa\u00f1ol, aunque a veces tambi\u00e9n est\u00e1n disponibles en espa\u00f1ol.<\/p>\n","protected":false},"excerpt":{"rendered":"<p>No hay nada como sentarse con unas palomitas de ma\u00edz calientes y una buena pel\u00edcula para disfrutar solo, con alguien especial o con amigos y familiares. Dada nuestra pasi\u00f3n por las pel\u00edculas, nos enorgullece presentarles con una lista de d\u00f3nde ir para ver una gran pel\u00edcula en Casa y sus alrededores \u00a1As\u00ed que acom\u00f3dese y [&hellip;]<\/p>\n","protected":false},"author":34707,"featured_media":0,"parent":0,"menu_order":0,"comment_status":"closed","ping_status":"closed","template":"","meta":{"newspack_ads_suppress_ads":false,"newspack_popups_has_disabled_popups":false,"newspack_sponsor_sponsorship_scope":"","newspack_sponsor_native_byline_display":"inherit","newspack_sponsor_native_category_display":"inherit","newspack_sponsor_underwriter_style":"inherit","newspack_sponsor_underwriter_placement":"inherit","newspack_content_restriction_is_exempt":false,"newspack_featured_image_position":"","newspack_hide_page_title":false,"newspack_show_share_buttons":false,"footnotes":""},"newspack_spnsrs_tax":[],"class_list":["post-119532","page","type-page","status-publish","hentry","entry"],"yoast_head":"<!-- This site is optimized with the Yoast SEO plugin v27.3 - https:\/\/yoast.com\/product\/yoast-seo-wordpress\/ -->\n<title>D\u00f3nde ir para ver una gran pel\u00edcula en Casa de Campo y sus alrededores | Casa de Campo Living<\/title>\n<meta name=\"description\" content=\"No hay nada como sentarse con unas palomitas de ma\u00edz calientes y una buena pel\u00edcula para disfrutar solo, con alguien especial o con amigos y familiares.\" \/>\n<meta name=\"robots\" content=\"index, follow, max-snippet:-1, max-image-preview:large, max-video-preview:-1\" \/>\n<link rel=\"canonical\" href=\"https:\/\/casadecampoliving.com\/es\/cartelera-cine\/\" \/>\n<meta property=\"og:locale\" content=\"es_ES\" \/>\n<meta property=\"og:type\" content=\"article\" \/>\n<meta property=\"og:title\" content=\"D\u00f3nde ir para ver una gran pel\u00edcula en Casa de Campo y sus alrededores | Casa de Campo Living\" \/>\n<meta property=\"og:description\" content=\"No hay nada como sentarse con unas palomitas de ma\u00edz calientes y una buena pel\u00edcula para disfrutar solo, con alguien especial o con amigos y familiares.\" \/>\n<meta property=\"og:url\" content=\"https:\/\/casadecampoliving.com\/es\/cartelera-cine\/\" \/>\n<meta property=\"og:site_name\" content=\"Casa de Campo Living\" \/>\n<meta property=\"article:publisher\" content=\"https:\/\/www.facebook.com\/casadecampoliving\" \/>\n<meta property=\"article:modified_time\" content=\"2025-06-10T19:41:32+00:00\" \/>\n<meta name=\"twitter:card\" content=\"summary_large_image\" \/>\n<meta name=\"twitter:site\" content=\"@cdcliving\" \/>\n<meta name=\"twitter:label1\" content=\"Tiempo de lectura\" \/>\n\t<meta name=\"twitter:data1\" content=\"3 minutos\" \/>\n<script type=\"application\/ld+json\" class=\"yoast-schema-graph\">{\"@context\":\"https:\\\/\\\/schema.org\",\"@graph\":[{\"@type\":\"WebPage\",\"@id\":\"https:\\\/\\\/casadecampoliving.com\\\/es\\\/cartelera-cine\\\/\",\"url\":\"https:\\\/\\\/casadecampoliving.com\\\/es\\\/cartelera-cine\\\/\",\"name\":\"D\u00f3nde ir para ver una gran pel\u00edcula en Casa de Campo y sus alrededores | Casa de Campo Living\",\"isPartOf\":{\"@id\":\"https:\\\/\\\/casadecampoliving.com\\\/es\\\/#website\"},\"datePublished\":\"2016-03-06T21:17:40+00:00\",\"dateModified\":\"2025-06-10T19:41:32+00:00\",\"description\":\"No hay nada como sentarse con unas palomitas de ma\u00edz calientes y una buena pel\u00edcula para disfrutar solo, con alguien especial o con amigos y familiares.\",\"breadcrumb\":{\"@id\":\"https:\\\/\\\/casadecampoliving.com\\\/es\\\/cartelera-cine\\\/#breadcrumb\"},\"inLanguage\":\"es\",\"potentialAction\":[{\"@type\":\"ReadAction\",\"target\":[\"https:\\\/\\\/casadecampoliving.com\\\/es\\\/cartelera-cine\\\/\"]}]},{\"@type\":\"BreadcrumbList\",\"@id\":\"https:\\\/\\\/casadecampoliving.com\\\/es\\\/cartelera-cine\\\/#breadcrumb\",\"itemListElement\":[{\"@type\":\"ListItem\",\"position\":1,\"name\":\"Home\",\"item\":\"https:\\\/\\\/casadecampoliving.com\\\/es\\\/\"},{\"@type\":\"ListItem\",\"position\":2,\"name\":\"D\u00f3nde ir para ver una gran pel\u00edcula en Casa de Campo y sus alrededores\"}]},{\"@type\":\"WebSite\",\"@id\":\"https:\\\/\\\/casadecampoliving.com\\\/es\\\/#website\",\"url\":\"https:\\\/\\\/casadecampoliving.com\\\/es\\\/\",\"name\":\"Casa de Campo Living\",\"description\":\"Resort community news and resources.\",\"publisher\":{\"@id\":\"https:\\\/\\\/casadecampoliving.com\\\/es\\\/#organization\"},\"potentialAction\":[{\"@type\":\"SearchAction\",\"target\":{\"@type\":\"EntryPoint\",\"urlTemplate\":\"https:\\\/\\\/casadecampoliving.com\\\/es\\\/?s={search_term_string}\"},\"query-input\":{\"@type\":\"PropertyValueSpecification\",\"valueRequired\":true,\"valueName\":\"search_term_string\"}}],\"inLanguage\":\"es\"},{\"@type\":\"Organization\",\"@id\":\"https:\\\/\\\/casadecampoliving.com\\\/es\\\/#organization\",\"name\":\"Casa de Campo Living\",\"url\":\"https:\\\/\\\/casadecampoliving.com\\\/es\\\/\",\"logo\":{\"@type\":\"ImageObject\",\"inLanguage\":\"es\",\"@id\":\"https:\\\/\\\/casadecampoliving.com\\\/es\\\/#\\\/schema\\\/logo\\\/image\\\/\",\"url\":\"https:\\\/\\\/i0.wp.com\\\/casadecampoliving.com\\\/wp-content\\\/uploads\\\/2022\\\/07\\\/CDCLivingLogo_V1-white-sized.png?fit=800%2C214&ssl=1\",\"contentUrl\":\"https:\\\/\\\/i0.wp.com\\\/casadecampoliving.com\\\/wp-content\\\/uploads\\\/2022\\\/07\\\/CDCLivingLogo_V1-white-sized.png?fit=800%2C214&ssl=1\",\"width\":800,\"height\":214,\"caption\":\"Casa de Campo Living\"},\"image\":{\"@id\":\"https:\\\/\\\/casadecampoliving.com\\\/es\\\/#\\\/schema\\\/logo\\\/image\\\/\"},\"sameAs\":[\"https:\\\/\\\/www.facebook.com\\\/casadecampoliving\",\"https:\\\/\\\/x.com\\\/cdcliving\"]}]}<\/script>\n<!-- \/ Yoast SEO plugin. -->","yoast_head_json":{"title":"D\u00f3nde ir para ver una gran pel\u00edcula en Casa de Campo y sus alrededores | Casa de Campo Living","description":"No hay nada como sentarse con unas palomitas de ma\u00edz calientes y una buena pel\u00edcula para disfrutar solo, con alguien especial o con amigos y familiares.","robots":{"index":"index","follow":"follow","max-snippet":"max-snippet:-1","max-image-preview":"max-image-preview:large","max-video-preview":"max-video-preview:-1"},"canonical":"https:\/\/casadecampoliving.com\/es\/cartelera-cine\/","og_locale":"es_ES","og_type":"article","og_title":"D\u00f3nde ir para ver una gran pel\u00edcula en Casa de Campo y sus alrededores | Casa de Campo Living","og_description":"No hay nada como sentarse con unas palomitas de ma\u00edz calientes y una buena pel\u00edcula para disfrutar solo, con alguien especial o con amigos y familiares.","og_url":"https:\/\/casadecampoliving.com\/es\/cartelera-cine\/","og_site_name":"Casa de Campo Living","article_publisher":"https:\/\/www.facebook.com\/casadecampoliving","article_modified_time":"2025-06-10T19:41:32+00:00","twitter_card":"summary_large_image","twitter_site":"@cdcliving","twitter_misc":{"Tiempo de lectura":"3 minutos"},"schema":{"@context":"https:\/\/schema.org","@graph":[{"@type":"WebPage","@id":"https:\/\/casadecampoliving.com\/es\/cartelera-cine\/","url":"https:\/\/casadecampoliving.com\/es\/cartelera-cine\/","name":"D\u00f3nde ir para ver una gran pel\u00edcula en Casa de Campo y sus alrededores | Casa de Campo Living","isPartOf":{"@id":"https:\/\/casadecampoliving.com\/es\/#website"},"datePublished":"2016-03-06T21:17:40+00:00","dateModified":"2025-06-10T19:41:32+00:00","description":"No hay nada como sentarse con unas palomitas de ma\u00edz calientes y una buena pel\u00edcula para disfrutar solo, con alguien especial o con amigos y familiares.","breadcrumb":{"@id":"https:\/\/casadecampoliving.com\/es\/cartelera-cine\/#breadcrumb"},"inLanguage":"es","potentialAction":[{"@type":"ReadAction","target":["https:\/\/casadecampoliving.com\/es\/cartelera-cine\/"]}]},{"@type":"BreadcrumbList","@id":"https:\/\/casadecampoliving.com\/es\/cartelera-cine\/#breadcrumb","itemListElement":[{"@type":"ListItem","position":1,"name":"Home","item":"https:\/\/casadecampoliving.com\/es\/"},{"@type":"ListItem","position":2,"name":"D\u00f3nde ir para ver una gran pel\u00edcula en Casa de Campo y sus alrededores"}]},{"@type":"WebSite","@id":"https:\/\/casadecampoliving.com\/es\/#website","url":"https:\/\/casadecampoliving.com\/es\/","name":"Casa de Campo Living","description":"Resort community news and resources.","publisher":{"@id":"https:\/\/casadecampoliving.com\/es\/#organization"},"potentialAction":[{"@type":"SearchAction","target":{"@type":"EntryPoint","urlTemplate":"https:\/\/casadecampoliving.com\/es\/?s={search_term_string}"},"query-input":{"@type":"PropertyValueSpecification","valueRequired":true,"valueName":"search_term_string"}}],"inLanguage":"es"},{"@type":"Organization","@id":"https:\/\/casadecampoliving.com\/es\/#organization","name":"Casa de Campo Living","url":"https:\/\/casadecampoliving.com\/es\/","logo":{"@type":"ImageObject","inLanguage":"es","@id":"https:\/\/casadecampoliving.com\/es\/#\/schema\/logo\/image\/","url":"https:\/\/i0.wp.com\/casadecampoliving.com\/wp-content\/uploads\/2022\/07\/CDCLivingLogo_V1-white-sized.png?fit=800%2C214&ssl=1","contentUrl":"https:\/\/i0.wp.com\/casadecampoliving.com\/wp-content\/uploads\/2022\/07\/CDCLivingLogo_V1-white-sized.png?fit=800%2C214&ssl=1","width":800,"height":214,"caption":"Casa de Campo Living"},"image":{"@id":"https:\/\/casadecampoliving.com\/es\/#\/schema\/logo\/image\/"},"sameAs":["https:\/\/www.facebook.com\/casadecampoliving","https:\/\/x.com\/cdcliving"]}]}},"parsely":{"version":"1.1.0","canonical_url":"https:\/\/casadecampoliving.com\/es\/cartelera-cine\/","smart_links":{"inbound":0,"outbound":0},"traffic_boost_suggestions_count":0,"meta":{"@context":"https:\/\/schema.org","@type":"WebPage","headline":"D\u00f3nde ir para ver una gran pel\u00edcula en Casa de Campo y sus alrededores","url":"http:\/\/casadecampoliving.com\/es\/cartelera-cine\/","mainEntityOfPage":{"@type":"WebPage","@id":"http:\/\/casadecampoliving.com\/es\/cartelera-cine\/"},"thumbnailUrl":"","image":{"@type":"ImageObject","url":""},"articleSection":"Cine @es","author":[{"@type":"Person","name":"Felix Guerrero"}],"creator":["Felix Guerrero"],"publisher":{"@type":"Organization","name":"Casa de Campo Living","logo":"https:\/\/casadecampoliving.com\/wp-content\/uploads\/2022\/07\/CDCLivingLogo_V1-white-sized.png"},"keywords":["cartelera","cartelera @es","cine","movie times","movies","peliculas"],"dateCreated":"2016-03-06T21:17:40Z","datePublished":"2016-03-06T21:17:40Z","dateModified":"2025-06-10T19:41:32Z"},"rendered":"<script type=\"application\/ld+json\" class=\"wp-parsely-metadata\">{\"@context\":\"https:\\\/\\\/schema.org\",\"@type\":\"WebPage\",\"headline\":\"D\\u00f3nde ir para ver una gran pel\\u00edcula en Casa de Campo y sus alrededores\",\"url\":\"http:\\\/\\\/casadecampoliving.com\\\/es\\\/cartelera-cine\\\/\",\"mainEntityOfPage\":{\"@type\":\"WebPage\",\"@id\":\"http:\\\/\\\/casadecampoliving.com\\\/es\\\/cartelera-cine\\\/\"},\"thumbnailUrl\":\"\",\"image\":{\"@type\":\"ImageObject\",\"url\":\"\"},\"articleSection\":\"Cine @es\",\"author\":[{\"@type\":\"Person\",\"name\":\"Felix Guerrero\"}],\"creator\":[\"Felix Guerrero\"],\"publisher\":{\"@type\":\"Organization\",\"name\":\"Casa de Campo Living\",\"logo\":\"https:\\\/\\\/casadecampoliving.com\\\/wp-content\\\/uploads\\\/2022\\\/07\\\/CDCLivingLogo_V1-white-sized.png\"},\"keywords\":[\"cartelera\",\"cartelera @es\",\"cine\",\"movie times\",\"movies\",\"peliculas\"],\"dateCreated\":\"2016-03-06T21:17:40Z\",\"datePublished\":\"2016-03-06T21:17:40Z\",\"dateModified\":\"2025-06-10T19:41:32Z\"}<\/script>","tracker_url":"https:\/\/cdn.parsely.com\/keys\/casadecampoliving.com\/p.js"},"jetpack-related-posts":[{"id":36721,"url":"https:\/\/casadecampoliving.com\/es\/cartelera\/","url_meta":{"origin":119532,"position":0},"title":"Cartelera","author":"Rebecca Silvestri","date":"22 Abr, 2009","format":false,"excerpt":"[movieshowing] \u00bfA d\u00f3nde ir? Caribbean Cinemas, Marina Casa de Campo Este cine est\u00e1 convenientemente ubicado en el Coconut Mall de la Marina Casa de Campo es absolutamente fant\u00e1stico, limpio y muy divertido para it a ver pel\u00edculas. Los sillones en sus 3 salas son muy c\u00f3modos y su\u00a0estilo stadium proporcionan\u2026","rel":"","context":"En \u00abCine @es\u00bb","block_context":{"text":"Cine @es","link":"https:\/\/casadecampoliving.com\/es\/category\/cine-3\/"},"img":{"alt_text":"","src":"https:\/\/i0.wp.com\/casadecampoliving.com\/wp-content\/uploads\/2009\/04\/marina_casa_de_campo_cinema.jpg?fit=565%2C239&ssl=1&resize=350%2C200","width":350,"height":200,"srcset":"https:\/\/i0.wp.com\/casadecampoliving.com\/wp-content\/uploads\/2009\/04\/marina_casa_de_campo_cinema.jpg?fit=565%2C239&ssl=1&resize=350%2C200 1x, https:\/\/i0.wp.com\/casadecampoliving.com\/wp-content\/uploads\/2009\/04\/marina_casa_de_campo_cinema.jpg?fit=565%2C239&ssl=1&resize=525%2C300 1.5x"},"classes":[]},{"id":36526,"url":"https:\/\/casadecampoliving.com\/es\/homepage-es\/","url_meta":{"origin":119532,"position":1},"title":"Homepage en","author":"","date":"8 Mar, 2011","format":false,"excerpt":"Casa de Campo Hotel & Resort es uno de los principales resorts de la Rep\u00fablica Dominicana, con campos de golf mundialmente aclamados, incluido el mundialmente famoso campo de Pete Dye, Teeth of the Dog. Casa de Campo Living es una gu\u00eda de recursos independiente para visitantes y residentes que buscan\u2026","rel":"","context":"En \u00abRep\u00fablica Dominicana @es\u00bb","block_context":{"text":"Rep\u00fablica Dominicana @es","link":"https:\/\/casadecampoliving.com\/es\/category\/republica-dominicana-2\/"},"img":{"alt_text":"","src":"https:\/\/i0.wp.com\/casadecampoliving.com\/wp-content\/uploads\/2021\/07\/Fundemar-Vida-en-Viva-Shallow-FB.jpg?resize=350%2C200&ssl=1","width":350,"height":200,"srcset":"https:\/\/i0.wp.com\/casadecampoliving.com\/wp-content\/uploads\/2021\/07\/Fundemar-Vida-en-Viva-Shallow-FB.jpg?resize=350%2C200&ssl=1 1x, https:\/\/i0.wp.com\/casadecampoliving.com\/wp-content\/uploads\/2021\/07\/Fundemar-Vida-en-Viva-Shallow-FB.jpg?resize=525%2C300&ssl=1 1.5x, https:\/\/i0.wp.com\/casadecampoliving.com\/wp-content\/uploads\/2021\/07\/Fundemar-Vida-en-Viva-Shallow-FB.jpg?resize=700%2C400&ssl=1 2x"},"classes":[]},{"id":59498,"url":"https:\/\/casadecampoliving.com\/es\/rio-chavon\/","url_meta":{"origin":119532,"position":2},"title":"El R\u00edo Chav\u00f3n","author":"Rebecca Silvestri","date":"18 Oct, 2012","format":false,"excerpt":"El magn\u00edfico R\u00edo Chav\u00f3n forma una frontera natural al Este del Resort Casa de Campo, mientras corre hacia el Sur cruzando debajo del campo de golf Dye Fore y Altos de Chav\u00f3n, antes de desembocar en el mar Caribe al lado de la Marina Casa de Campo. El r\u00edo de\u2026","rel":"","context":"Entrada similar","block_context":{"text":"Entrada similar","link":""},"img":{"alt_text":"rio chavon","src":"https:\/\/i0.wp.com\/casadecampoliving.com\/wp-content\/uploads\/2012\/10\/rio_chavon2.jpg?fit=650%2C488&ssl=1&resize=350%2C200","width":350,"height":200,"srcset":"https:\/\/i0.wp.com\/casadecampoliving.com\/wp-content\/uploads\/2012\/10\/rio_chavon2.jpg?fit=650%2C488&ssl=1&resize=350%2C200 1x, https:\/\/i0.wp.com\/casadecampoliving.com\/wp-content\/uploads\/2012\/10\/rio_chavon2.jpg?fit=650%2C488&ssl=1&resize=525%2C300 1.5x"},"classes":[]},{"id":73378,"url":"https:\/\/casadecampoliving.com\/es\/preparados-temporada-ciclonica\/","url_meta":{"origin":119532,"position":3},"title":"\u00bfEst\u00e1n usted y su villa de Casa de Campo preparados para la temporada cicl\u00f3nica?","author":"Rebecca Silvestri","date":"5 Jul, 2013","format":false,"excerpt":"La temporada de huracanes del Atl\u00e1ntico se produce desde el 1 de junio hasta el 30 de noviembre, as\u00ed que aqu\u00ed compartimos con ustedes unos cuantos tips para asegurar que usted y su villa de Casa de Campo est\u00e9n preparados. Antes de comenzar con los tips: por favor recuerde es\u2026","rel":"","context":"Entrada similar","block_context":{"text":"Entrada similar","link":""},"img":{"alt_text":"","src":"https:\/\/i0.wp.com\/casadecampoliving.com\/wp-content\/uploads\/2011\/08\/teeth_of_the_dog_golf_casa_de_campo_storm_surge_hurricane_irene.jpg?resize=350%2C200&ssl=1","width":350,"height":200,"srcset":"https:\/\/i0.wp.com\/casadecampoliving.com\/wp-content\/uploads\/2011\/08\/teeth_of_the_dog_golf_casa_de_campo_storm_surge_hurricane_irene.jpg?resize=350%2C200&ssl=1 1x, https:\/\/i0.wp.com\/casadecampoliving.com\/wp-content\/uploads\/2011\/08\/teeth_of_the_dog_golf_casa_de_campo_storm_surge_hurricane_irene.jpg?resize=525%2C300&ssl=1 1.5x"},"classes":[]},{"id":82246,"url":"https:\/\/casadecampoliving.com\/es\/menus-festivos-2013\/","url_meta":{"origin":119532,"position":4},"title":"Casa de Campo men\u00fas festivos para diciembre","author":"Rebecca Silvestri","date":"5 Dic, 2013","format":false,"excerpt":"La Noche Buena Una variedad de diferentes men\u00fas estar\u00e1n disponibles para disfrutar esta navidad con su familia y amigos. Escoja entre Beach Club by le Cirque en Minitas Beach, La Casita en la Marina Casa de Campo, La Piazzetta en Altos de Chav\u00f3n, as\u00ed como tambi\u00e9n La Ca\u00f1a by il\u2026","rel":"","context":"Entrada similar","block_context":{"text":"Entrada similar","link":""},"img":{"alt_text":"lamb","src":"https:\/\/i0.wp.com\/casadecampoliving.com\/wp-content\/uploads\/2013\/07\/lamb.jpg?fit=620%2C465&ssl=1&resize=350%2C200","width":350,"height":200,"srcset":"https:\/\/i0.wp.com\/casadecampoliving.com\/wp-content\/uploads\/2013\/07\/lamb.jpg?fit=620%2C465&ssl=1&resize=350%2C200 1x, https:\/\/i0.wp.com\/casadecampoliving.com\/wp-content\/uploads\/2013\/07\/lamb.jpg?fit=620%2C465&ssl=1&resize=525%2C300 1.5x"},"classes":[]},{"id":62150,"url":"https:\/\/casadecampoliving.com\/es\/varela\/","url_meta":{"origin":119532,"position":5},"title":"Casa de Campo Living y Chivas Regal 18 le invitan a la inauguraci\u00f3n de \u201cFernando Varela Recent Works \u2013 Paintings\/Drawings\u201d","author":"Rebecca Silvestri","date":"11 Dic, 2012","format":false,"excerpt":"Este jueves 13 de diciembre, Casa de Campo Living y Chivas Regal 18 le invitan a celebrar la inauguraci\u00f3n de la nueva exposici\u00f3n de arte nuevo \u201cFernando Varela Recent Works \u2013 Paintings\/Drawings\u201d , que se celebra en la Marina de Casa de Campo a partir de las 6pm. Fernando Varela,\u2026","rel":"","context":"Entrada similar","block_context":{"text":"Entrada similar","link":""},"img":{"alt_text":"fernando varela","src":"https:\/\/i0.wp.com\/casadecampoliving.com\/wp-content\/uploads\/2012\/12\/fernando_varela2.jpg?fit=650%2C417&ssl=1&resize=350%2C200","width":350,"height":200,"srcset":"https:\/\/i0.wp.com\/casadecampoliving.com\/wp-content\/uploads\/2012\/12\/fernando_varela2.jpg?fit=650%2C417&ssl=1&resize=350%2C200 1x, https:\/\/i0.wp.com\/casadecampoliving.com\/wp-content\/uploads\/2012\/12\/fernando_varela2.jpg?fit=650%2C417&ssl=1&resize=525%2C300 1.5x"},"classes":[]}],"jetpack_sharing_enabled":true,"_links":{"self":[{"href":"https:\/\/casadecampoliving.com\/es\/wp-json\/wp\/v2\/pages\/119532","targetHints":{"allow":["GET"]}}],"collection":[{"href":"https:\/\/casadecampoliving.com\/es\/wp-json\/wp\/v2\/pages"}],"about":[{"href":"https:\/\/casadecampoliving.com\/es\/wp-json\/wp\/v2\/types\/page"}],"author":[{"embeddable":true,"href":"https:\/\/casadecampoliving.com\/es\/wp-json\/wp\/v2\/users\/34707"}],"replies":[{"embeddable":true,"href":"https:\/\/casadecampoliving.com\/es\/wp-json\/wp\/v2\/comments?post=119532"}],"version-history":[{"count":4,"href":"https:\/\/casadecampoliving.com\/es\/wp-json\/wp\/v2\/pages\/119532\/revisions"}],"predecessor-version":[{"id":541958,"href":"https:\/\/casadecampoliving.com\/es\/wp-json\/wp\/v2\/pages\/119532\/revisions\/541958"}],"wp:attachment":[{"href":"https:\/\/casadecampoliving.com\/es\/wp-json\/wp\/v2\/media?parent=119532"}],"wp:term":[{"taxonomy":"newspack_spnsrs_tax","embeddable":true,"href":"https:\/\/casadecampoliving.com\/es\/wp-json\/wp\/v2\/newspack_spnsrs_tax?post=119532"}],"curies":[{"name":"wp","href":"https:\/\/api.w.org\/{rel}","templated":true}]}}