{"id":119307,"date":"2016-05-19T16:25:40","date_gmt":"2016-05-19T20:25:40","guid":{"rendered":"http:\/\/casadecampoliving.com\/es\/?page_id=119307"},"modified":"2022-10-21T17:50:55","modified_gmt":"2022-10-21T21:50:55","slug":"chinois","status":"publish","type":"page","link":"https:\/\/casadecampoliving.com\/es\/chinois\/","title":{"rendered":"Chinois"},"content":{"rendered":"\n<blockquote><h3>RESTAURANTE CHINOIS<\/h3><p style=\"text-align: justify;\"><span style=\"font-weight: 400;\"><strong>Cocina:<\/strong>&nbsp;Con almuerzo y cena disponible, \u00a1Chinois es el lugar indicado para todos los amantes de la cocina asi\u00e1tica! Su men\u00fa cuenta con una amplia selecci\u00f3n de los platos chinos tradicionales incluyendo aperitivos, sopas, y ensaladas; \u00a1adem\u00e1s de una gran secci\u00f3n de suhsi! Comida asi\u00e1tica&nbsp;fresca y autentica en una atm\u00f3sfera relajada y divertida. Es ideal para cenas familiares, reuniones y ocasiones especiales, ya que cuentan con una habitaci\u00f3n privada para celebrar eventos privados, adem\u00e1s de su terraza al aire libre.<\/span><span style=\"font-weight: 400;\"><strong>Ubicaci\u00f3n:<\/strong> Calle Duarte, Esquina Restauraci\u00f3n, La Romana<\/span><span style=\"font-weight: 400;\"><strong>Horario:<\/strong> 12pm \u2013 11pm (abierto para almuerzo y cena)<\/span><span style=\"font-weight: 400;\"><strong>Contacto:<\/strong> (809) 550-5977 , (809) 307-2729<\/span><span style=\"font-weight: 400;\"><strong>Email:<\/strong> restaurantechinois@hotmail.com, bellorica@hotmail.com<\/span><strong>Instagram: <\/strong><a href=\"https:\/\/www.instagram.com\/chinoisrd\/\"><span style=\"font-weight: 400;\">@Chinoisrd<\/span><\/a><\/p><\/blockquote>\n\n\n\n<blockquote><h3>ECHE UN VISTAZO A SU MEN\u00da<\/h3><p><strong>\n<\/strong><\/p><figure data-amp-lightbox=\"true\" class=\"wp-container-2 wp-block-gallery-1 wp-block-gallery has-nested-images columns-default is-cropped\"><strong>\n<figure class=\"wp-block-image size-large\"><img decoding=\"async\" loading=\"lazy\" width=\"364\" height=\"600\" data-id=\"456572\" src=\"https:\/\/i0.wp.com\/casadecampoliving.com\/wp-content\/uploads\/2022\/10\/menu-nuevo-chinois-at-romana-01.jpg?resize=364%2C600&amp;ssl=1\" alt=\"\" class=\"wp-image-456572\" srcset=\"https:\/\/i0.wp.com\/casadecampoliving.com\/wp-content\/uploads\/2022\/10\/menu-nuevo-chinois-at-romana-01.jpg?w=364&amp;ssl=1 364w, https:\/\/i0.wp.com\/casadecampoliving.com\/wp-content\/uploads\/2022\/10\/menu-nuevo-chinois-at-romana-01.jpg?resize=182%2C300&amp;ssl=1 182w, https:\/\/i0.wp.com\/casadecampoliving.com\/wp-content\/uploads\/2022\/10\/menu-nuevo-chinois-at-romana-01.jpg?resize=150%2C247&amp;ssl=1 150w\" sizes=\"auto, (max-width: 364px) 100vw, 364px\"><\/figure>\n\n\n\n<figure class=\"wp-block-image size-large\"><img decoding=\"async\" loading=\"lazy\" width=\"364\" height=\"600\" data-id=\"456593\" src=\"https:\/\/i0.wp.com\/casadecampoliving.com\/wp-content\/uploads\/2022\/10\/menu-nuevo-chinois-at-romana-02.jpg?resize=364%2C600&amp;ssl=1\" alt=\"\" class=\"wp-image-456593\" srcset=\"https:\/\/i0.wp.com\/casadecampoliving.com\/wp-content\/uploads\/2022\/10\/menu-nuevo-chinois-at-romana-02.jpg?w=364&amp;ssl=1 364w, https:\/\/i0.wp.com\/casadecampoliving.com\/wp-content\/uploads\/2022\/10\/menu-nuevo-chinois-at-romana-02.jpg?resize=182%2C300&amp;ssl=1 182w, https:\/\/i0.wp.com\/casadecampoliving.com\/wp-content\/uploads\/2022\/10\/menu-nuevo-chinois-at-romana-02.jpg?resize=150%2C247&amp;ssl=1 150w\" sizes=\"auto, (max-width: 364px) 100vw, 364px\"><\/figure>\n\n\n\n<figure class=\"wp-block-image size-large\"><img decoding=\"async\" loading=\"lazy\" width=\"364\" height=\"600\" data-id=\"456611\" src=\"https:\/\/i0.wp.com\/casadecampoliving.com\/wp-content\/uploads\/2022\/10\/menu-nuevo-chinois-at-romana-03.jpg?resize=364%2C600&amp;ssl=1\" alt=\"\" class=\"wp-image-456611\" srcset=\"https:\/\/i0.wp.com\/casadecampoliving.com\/wp-content\/uploads\/2022\/10\/menu-nuevo-chinois-at-romana-03.jpg?w=364&amp;ssl=1 364w, https:\/\/i0.wp.com\/casadecampoliving.com\/wp-content\/uploads\/2022\/10\/menu-nuevo-chinois-at-romana-03.jpg?resize=182%2C300&amp;ssl=1 182w, https:\/\/i0.wp.com\/casadecampoliving.com\/wp-content\/uploads\/2022\/10\/menu-nuevo-chinois-at-romana-03.jpg?resize=150%2C247&amp;ssl=1 150w\" sizes=\"auto, (max-width: 364px) 100vw, 364px\"><\/figure>\n\n\n\n<figure class=\"wp-block-image size-large\"><img decoding=\"async\" loading=\"lazy\" width=\"364\" height=\"600\" data-id=\"456629\" src=\"https:\/\/i0.wp.com\/casadecampoliving.com\/wp-content\/uploads\/2022\/10\/menu-nuevo-chinois-at-romana-04.jpg?resize=364%2C600&amp;ssl=1\" alt=\"\" class=\"wp-image-456629\" srcset=\"https:\/\/i0.wp.com\/casadecampoliving.com\/wp-content\/uploads\/2022\/10\/menu-nuevo-chinois-at-romana-04.jpg?w=364&amp;ssl=1 364w, https:\/\/i0.wp.com\/casadecampoliving.com\/wp-content\/uploads\/2022\/10\/menu-nuevo-chinois-at-romana-04.jpg?resize=182%2C300&amp;ssl=1 182w, https:\/\/i0.wp.com\/casadecampoliving.com\/wp-content\/uploads\/2022\/10\/menu-nuevo-chinois-at-romana-04.jpg?resize=150%2C247&amp;ssl=1 150w\" sizes=\"auto, (max-width: 364px) 100vw, 364px\"><\/figure>\n<\/strong><\/figure><strong>\n<\/strong><p><\/p><\/blockquote>\n\n\n\n<blockquote><h3>LEA NUESTRA RESE\u00d1A<\/h3><p><img decoding=\"async\" loading=\"lazy\" class=\"aligncenter size-full wp-image-119306\" src=\"https:\/\/i0.wp.com\/casadecampoliving-wp.s3-accelerate.amazonaws.com\/2016\/05\/Chinois-Dinning-Plate.jpg?resize=1000%2C750&amp;ssl=1\" alt=\"Chinois Dinning Plate\" width=\"1000\" height=\"750\" srcset=\"https:\/\/i0.wp.com\/casadecampoliving.com\/wp-content\/uploads\/2016\/05\/Chinois-Dinning-Plate.jpg?w=1000&amp;ssl=1 1000w, https:\/\/i0.wp.com\/casadecampoliving.com\/wp-content\/uploads\/2016\/05\/Chinois-Dinning-Plate.jpg?resize=300%2C225&amp;ssl=1 300w, https:\/\/i0.wp.com\/casadecampoliving.com\/wp-content\/uploads\/2016\/05\/Chinois-Dinning-Plate.jpg?resize=768%2C576&amp;ssl=1 768w\" sizes=\"auto, (max-width: 1000px) 100vw, 1000px\"><\/p><p style=\"text-align: justify;\"><span style=\"font-weight: 400;\">Hemos visitado Chinois tanto para una cena con amigos, como para almuerzo para dos, \u00a1y lo recomendamos&nbsp;totalmente! Nos encanta su acogedor ambiente y su amplia selecci\u00f3n de platos de gran variedad desde dumplings hasta cerdo&nbsp;asado con man\u00edes en salsa de ostras. \u00a1Es perfecto para compartir!<\/span><a href=\"https:\/\/casadecampoliving.com\/es\/chinois-excelente-comida-asiatica-la-romana\/\"><span style=\"font-weight: 400;\">\u00a1Lea nuestra rese\u00f1a completa aqu\u00ed!<\/span><\/a><\/p><\/blockquote>\n","protected":false},"excerpt":{"rendered":"<p>RESTAURANTE CHINOIS Cocina:&nbsp;Con almuerzo y cena disponible, \u00a1Chinois es el lugar indicado para todos los amantes de la cocina asi\u00e1tica! Su men\u00fa cuenta con una amplia selecci\u00f3n de los platos chinos tradicionales incluyendo aperitivos, sopas, y ensaladas; \u00a1adem\u00e1s de una gran secci\u00f3n de suhsi! Comida asi\u00e1tica&nbsp;fresca y autentica en una atm\u00f3sfera relajada y divertida. Es [&hellip;]<\/p>\n","protected":false},"author":34707,"featured_media":117879,"parent":0,"menu_order":0,"comment_status":"closed","ping_status":"closed","template":"","meta":{"newspack_ads_suppress_ads":false,"newspack_popups_has_disabled_popups":false,"newspack_sponsor_sponsorship_scope":"","newspack_sponsor_native_byline_display":"inherit","newspack_sponsor_native_category_display":"inherit","newspack_sponsor_underwriter_style":"inherit","newspack_sponsor_underwriter_placement":"inherit","newspack_content_restriction_is_exempt":false,"newspack_featured_image_position":"","newspack_hide_page_title":false,"newspack_show_share_buttons":false,"footnotes":""},"newspack_spnsrs_tax":[],"class_list":["post-119307","page","type-page","status-publish","has-post-thumbnail","hentry","entry"],"yoast_head":"<!-- This site is optimized with the Yoast SEO plugin v27.3 - https:\/\/yoast.com\/product\/yoast-seo-wordpress\/ -->\n<title>Chinois | Casa de Campo Living<\/title>\n<meta name=\"description\" content=\"RESTAURANTE CHINOISCocina:&nbsp;Con almuerzo y cena disponible, \u00a1Chinois es el lugar indicado para todos los amantes de la cocina asi\u00e1tica! Su men\u00fa cuenta\" \/>\n<meta name=\"robots\" content=\"index, follow, max-snippet:-1, max-image-preview:large, max-video-preview:-1\" \/>\n<link rel=\"canonical\" href=\"https:\/\/casadecampoliving.com\/es\/chinois\/\" \/>\n<meta property=\"og:locale\" content=\"es_ES\" \/>\n<meta property=\"og:type\" content=\"article\" \/>\n<meta property=\"og:title\" content=\"Chinois | Casa de Campo Living\" \/>\n<meta property=\"og:description\" content=\"RESTAURANTE CHINOISCocina:&nbsp;Con almuerzo y cena disponible, \u00a1Chinois es el lugar indicado para todos los amantes de la cocina asi\u00e1tica! Su men\u00fa cuenta\" \/>\n<meta property=\"og:url\" content=\"https:\/\/casadecampoliving.com\/es\/chinois\/\" \/>\n<meta property=\"og:site_name\" content=\"Casa de Campo Living\" \/>\n<meta property=\"article:publisher\" content=\"https:\/\/www.facebook.com\/casadecampoliving\" \/>\n<meta property=\"article:modified_time\" content=\"2022-10-21T21:50:55+00:00\" \/>\n<meta property=\"og:image\" content=\"https:\/\/i0.wp.com\/casadecampoliving.com\/wp-content\/uploads\/2016\/03\/Chinois-La-Romana-03-e1458319272693.jpg?fit=640%2C452&ssl=1\" \/>\n\t<meta property=\"og:image:width\" content=\"640\" \/>\n\t<meta property=\"og:image:height\" content=\"452\" \/>\n\t<meta property=\"og:image:type\" content=\"image\/jpeg\" \/>\n<meta name=\"twitter:card\" content=\"summary_large_image\" \/>\n<meta name=\"twitter:site\" content=\"@cdcliving\" \/>\n<meta name=\"twitter:label1\" content=\"Tiempo de lectura\" \/>\n\t<meta name=\"twitter:data1\" content=\"1 minuto\" \/>\n<script type=\"application\/ld+json\" class=\"yoast-schema-graph\">{\"@context\":\"https:\\\/\\\/schema.org\",\"@graph\":[{\"@type\":\"WebPage\",\"@id\":\"https:\\\/\\\/casadecampoliving.com\\\/es\\\/chinois\\\/\",\"url\":\"https:\\\/\\\/casadecampoliving.com\\\/es\\\/chinois\\\/\",\"name\":\"Chinois | Casa de Campo Living\",\"isPartOf\":{\"@id\":\"https:\\\/\\\/casadecampoliving.com\\\/es\\\/#website\"},\"primaryImageOfPage\":{\"@id\":\"https:\\\/\\\/casadecampoliving.com\\\/es\\\/chinois\\\/#primaryimage\"},\"image\":{\"@id\":\"https:\\\/\\\/casadecampoliving.com\\\/es\\\/chinois\\\/#primaryimage\"},\"thumbnailUrl\":\"https:\\\/\\\/i0.wp.com\\\/casadecampoliving.com\\\/wp-content\\\/uploads\\\/2016\\\/03\\\/Chinois-La-Romana-03-e1458319272693.jpg?fit=640%2C452&ssl=1\",\"datePublished\":\"2016-05-19T20:25:40+00:00\",\"dateModified\":\"2022-10-21T21:50:55+00:00\",\"description\":\"RESTAURANTE CHINOISCocina:&nbsp;Con almuerzo y cena disponible, \u00a1Chinois es el lugar indicado para todos los amantes de la cocina asi\u00e1tica! Su men\u00fa cuenta\",\"breadcrumb\":{\"@id\":\"https:\\\/\\\/casadecampoliving.com\\\/es\\\/chinois\\\/#breadcrumb\"},\"inLanguage\":\"es\",\"potentialAction\":[{\"@type\":\"ReadAction\",\"target\":[\"https:\\\/\\\/casadecampoliving.com\\\/es\\\/chinois\\\/\"]}]},{\"@type\":\"ImageObject\",\"inLanguage\":\"es\",\"@id\":\"https:\\\/\\\/casadecampoliving.com\\\/es\\\/chinois\\\/#primaryimage\",\"url\":\"https:\\\/\\\/i0.wp.com\\\/casadecampoliving.com\\\/wp-content\\\/uploads\\\/2016\\\/03\\\/Chinois-La-Romana-03-e1458319272693.jpg?fit=640%2C452&ssl=1\",\"contentUrl\":\"https:\\\/\\\/i0.wp.com\\\/casadecampoliving.com\\\/wp-content\\\/uploads\\\/2016\\\/03\\\/Chinois-La-Romana-03-e1458319272693.jpg?fit=640%2C452&ssl=1\",\"width\":640,\"height\":452,\"caption\":\"Chinois La Romana\"},{\"@type\":\"BreadcrumbList\",\"@id\":\"https:\\\/\\\/casadecampoliving.com\\\/es\\\/chinois\\\/#breadcrumb\",\"itemListElement\":[{\"@type\":\"ListItem\",\"position\":1,\"name\":\"Home\",\"item\":\"https:\\\/\\\/casadecampoliving.com\\\/es\\\/\"},{\"@type\":\"ListItem\",\"position\":2,\"name\":\"Chinois\"}]},{\"@type\":\"WebSite\",\"@id\":\"https:\\\/\\\/casadecampoliving.com\\\/es\\\/#website\",\"url\":\"https:\\\/\\\/casadecampoliving.com\\\/es\\\/\",\"name\":\"Casa de Campo Living\",\"description\":\"Resort community news and resources.\",\"publisher\":{\"@id\":\"https:\\\/\\\/casadecampoliving.com\\\/es\\\/#organization\"},\"potentialAction\":[{\"@type\":\"SearchAction\",\"target\":{\"@type\":\"EntryPoint\",\"urlTemplate\":\"https:\\\/\\\/casadecampoliving.com\\\/es\\\/?s={search_term_string}\"},\"query-input\":{\"@type\":\"PropertyValueSpecification\",\"valueRequired\":true,\"valueName\":\"search_term_string\"}}],\"inLanguage\":\"es\"},{\"@type\":\"Organization\",\"@id\":\"https:\\\/\\\/casadecampoliving.com\\\/es\\\/#organization\",\"name\":\"Casa de Campo Living\",\"url\":\"https:\\\/\\\/casadecampoliving.com\\\/es\\\/\",\"logo\":{\"@type\":\"ImageObject\",\"inLanguage\":\"es\",\"@id\":\"https:\\\/\\\/casadecampoliving.com\\\/es\\\/#\\\/schema\\\/logo\\\/image\\\/\",\"url\":\"https:\\\/\\\/i0.wp.com\\\/casadecampoliving.com\\\/wp-content\\\/uploads\\\/2022\\\/07\\\/CDCLivingLogo_V1-white-sized.png?fit=800%2C214&ssl=1\",\"contentUrl\":\"https:\\\/\\\/i0.wp.com\\\/casadecampoliving.com\\\/wp-content\\\/uploads\\\/2022\\\/07\\\/CDCLivingLogo_V1-white-sized.png?fit=800%2C214&ssl=1\",\"width\":800,\"height\":214,\"caption\":\"Casa de Campo Living\"},\"image\":{\"@id\":\"https:\\\/\\\/casadecampoliving.com\\\/es\\\/#\\\/schema\\\/logo\\\/image\\\/\"},\"sameAs\":[\"https:\\\/\\\/www.facebook.com\\\/casadecampoliving\",\"https:\\\/\\\/x.com\\\/cdcliving\"]}]}<\/script>\n<!-- \/ Yoast SEO plugin. -->","yoast_head_json":{"title":"Chinois | Casa de Campo Living","description":"RESTAURANTE CHINOISCocina:&nbsp;Con almuerzo y cena disponible, \u00a1Chinois es el lugar indicado para todos los amantes de la cocina asi\u00e1tica! Su men\u00fa cuenta","robots":{"index":"index","follow":"follow","max-snippet":"max-snippet:-1","max-image-preview":"max-image-preview:large","max-video-preview":"max-video-preview:-1"},"canonical":"https:\/\/casadecampoliving.com\/es\/chinois\/","og_locale":"es_ES","og_type":"article","og_title":"Chinois | Casa de Campo Living","og_description":"RESTAURANTE CHINOISCocina:&nbsp;Con almuerzo y cena disponible, \u00a1Chinois es el lugar indicado para todos los amantes de la cocina asi\u00e1tica! Su men\u00fa cuenta","og_url":"https:\/\/casadecampoliving.com\/es\/chinois\/","og_site_name":"Casa de Campo Living","article_publisher":"https:\/\/www.facebook.com\/casadecampoliving","article_modified_time":"2022-10-21T21:50:55+00:00","og_image":[{"width":640,"height":452,"url":"https:\/\/i0.wp.com\/casadecampoliving.com\/wp-content\/uploads\/2016\/03\/Chinois-La-Romana-03-e1458319272693.jpg?fit=640%2C452&ssl=1","type":"image\/jpeg"}],"twitter_card":"summary_large_image","twitter_site":"@cdcliving","twitter_misc":{"Tiempo de lectura":"1 minuto"},"schema":{"@context":"https:\/\/schema.org","@graph":[{"@type":"WebPage","@id":"https:\/\/casadecampoliving.com\/es\/chinois\/","url":"https:\/\/casadecampoliving.com\/es\/chinois\/","name":"Chinois | Casa de Campo Living","isPartOf":{"@id":"https:\/\/casadecampoliving.com\/es\/#website"},"primaryImageOfPage":{"@id":"https:\/\/casadecampoliving.com\/es\/chinois\/#primaryimage"},"image":{"@id":"https:\/\/casadecampoliving.com\/es\/chinois\/#primaryimage"},"thumbnailUrl":"https:\/\/i0.wp.com\/casadecampoliving.com\/wp-content\/uploads\/2016\/03\/Chinois-La-Romana-03-e1458319272693.jpg?fit=640%2C452&ssl=1","datePublished":"2016-05-19T20:25:40+00:00","dateModified":"2022-10-21T21:50:55+00:00","description":"RESTAURANTE CHINOISCocina:&nbsp;Con almuerzo y cena disponible, \u00a1Chinois es el lugar indicado para todos los amantes de la cocina asi\u00e1tica! Su men\u00fa cuenta","breadcrumb":{"@id":"https:\/\/casadecampoliving.com\/es\/chinois\/#breadcrumb"},"inLanguage":"es","potentialAction":[{"@type":"ReadAction","target":["https:\/\/casadecampoliving.com\/es\/chinois\/"]}]},{"@type":"ImageObject","inLanguage":"es","@id":"https:\/\/casadecampoliving.com\/es\/chinois\/#primaryimage","url":"https:\/\/i0.wp.com\/casadecampoliving.com\/wp-content\/uploads\/2016\/03\/Chinois-La-Romana-03-e1458319272693.jpg?fit=640%2C452&ssl=1","contentUrl":"https:\/\/i0.wp.com\/casadecampoliving.com\/wp-content\/uploads\/2016\/03\/Chinois-La-Romana-03-e1458319272693.jpg?fit=640%2C452&ssl=1","width":640,"height":452,"caption":"Chinois La Romana"},{"@type":"BreadcrumbList","@id":"https:\/\/casadecampoliving.com\/es\/chinois\/#breadcrumb","itemListElement":[{"@type":"ListItem","position":1,"name":"Home","item":"https:\/\/casadecampoliving.com\/es\/"},{"@type":"ListItem","position":2,"name":"Chinois"}]},{"@type":"WebSite","@id":"https:\/\/casadecampoliving.com\/es\/#website","url":"https:\/\/casadecampoliving.com\/es\/","name":"Casa de Campo Living","description":"Resort community news and resources.","publisher":{"@id":"https:\/\/casadecampoliving.com\/es\/#organization"},"potentialAction":[{"@type":"SearchAction","target":{"@type":"EntryPoint","urlTemplate":"https:\/\/casadecampoliving.com\/es\/?s={search_term_string}"},"query-input":{"@type":"PropertyValueSpecification","valueRequired":true,"valueName":"search_term_string"}}],"inLanguage":"es"},{"@type":"Organization","@id":"https:\/\/casadecampoliving.com\/es\/#organization","name":"Casa de Campo Living","url":"https:\/\/casadecampoliving.com\/es\/","logo":{"@type":"ImageObject","inLanguage":"es","@id":"https:\/\/casadecampoliving.com\/es\/#\/schema\/logo\/image\/","url":"https:\/\/i0.wp.com\/casadecampoliving.com\/wp-content\/uploads\/2022\/07\/CDCLivingLogo_V1-white-sized.png?fit=800%2C214&ssl=1","contentUrl":"https:\/\/i0.wp.com\/casadecampoliving.com\/wp-content\/uploads\/2022\/07\/CDCLivingLogo_V1-white-sized.png?fit=800%2C214&ssl=1","width":800,"height":214,"caption":"Casa de Campo Living"},"image":{"@id":"https:\/\/casadecampoliving.com\/es\/#\/schema\/logo\/image\/"},"sameAs":["https:\/\/www.facebook.com\/casadecampoliving","https:\/\/x.com\/cdcliving"]}]}},"parsely":{"version":"1.1.0","canonical_url":"https:\/\/casadecampoliving.com\/es\/chinois\/","smart_links":{"inbound":0,"outbound":0},"traffic_boost_suggestions_count":0,"meta":{"@context":"https:\/\/schema.org","@type":"WebPage","headline":"Chinois","url":"http:\/\/casadecampoliving.com\/es\/chinois\/","mainEntityOfPage":{"@type":"WebPage","@id":"http:\/\/casadecampoliving.com\/es\/chinois\/"},"thumbnailUrl":"https:\/\/i0.wp.com\/casadecampoliving.com\/wp-content\/uploads\/2016\/03\/Chinois-La-Romana-03-e1458319272693.jpg?resize=150%2C150&ssl=1","image":{"@type":"ImageObject","url":"https:\/\/i0.wp.com\/casadecampoliving.com\/wp-content\/uploads\/2016\/03\/Chinois-La-Romana-03-e1458319272693.jpg?fit=640%2C452&ssl=1"},"articleSection":"Uncategorized @es","author":[{"@type":"Person","name":"Felix Guerrero"}],"creator":["Felix Guerrero"],"publisher":{"@type":"Organization","name":"Casa de Campo Living","logo":"https:\/\/casadecampoliving.com\/wp-content\/uploads\/2022\/07\/CDCLivingLogo_V1-white-sized.png"},"keywords":["dining"],"dateCreated":"2016-05-19T20:25:40Z","datePublished":"2016-05-19T20:25:40Z","dateModified":"2022-10-21T21:50:55Z"},"rendered":"<script type=\"application\/ld+json\" class=\"wp-parsely-metadata\">{\"@context\":\"https:\\\/\\\/schema.org\",\"@type\":\"WebPage\",\"headline\":\"Chinois\",\"url\":\"http:\\\/\\\/casadecampoliving.com\\\/es\\\/chinois\\\/\",\"mainEntityOfPage\":{\"@type\":\"WebPage\",\"@id\":\"http:\\\/\\\/casadecampoliving.com\\\/es\\\/chinois\\\/\"},\"thumbnailUrl\":\"https:\\\/\\\/i0.wp.com\\\/casadecampoliving.com\\\/wp-content\\\/uploads\\\/2016\\\/03\\\/Chinois-La-Romana-03-e1458319272693.jpg?resize=150%2C150&ssl=1\",\"image\":{\"@type\":\"ImageObject\",\"url\":\"https:\\\/\\\/i0.wp.com\\\/casadecampoliving.com\\\/wp-content\\\/uploads\\\/2016\\\/03\\\/Chinois-La-Romana-03-e1458319272693.jpg?fit=640%2C452&ssl=1\"},\"articleSection\":\"Uncategorized @es\",\"author\":[{\"@type\":\"Person\",\"name\":\"Felix Guerrero\"}],\"creator\":[\"Felix Guerrero\"],\"publisher\":{\"@type\":\"Organization\",\"name\":\"Casa de Campo Living\",\"logo\":\"https:\\\/\\\/casadecampoliving.com\\\/wp-content\\\/uploads\\\/2022\\\/07\\\/CDCLivingLogo_V1-white-sized.png\"},\"keywords\":[\"dining\"],\"dateCreated\":\"2016-05-19T20:25:40Z\",\"datePublished\":\"2016-05-19T20:25:40Z\",\"dateModified\":\"2022-10-21T21:50:55Z\"}<\/script>","tracker_url":"https:\/\/cdn.parsely.com\/keys\/casadecampoliving.com\/p.js"},"jetpack-related-posts":[{"id":82246,"url":"https:\/\/casadecampoliving.com\/es\/menus-festivos-2013\/","url_meta":{"origin":119307,"position":0},"title":"Casa de Campo men\u00fas festivos para diciembre","author":"Rebecca Silvestri","date":"5 Dic, 2013","format":false,"excerpt":"La Noche Buena Una variedad de diferentes men\u00fas estar\u00e1n disponibles para disfrutar esta navidad con su familia y amigos. Escoja entre Beach Club by le Cirque en Minitas Beach, La Casita en la Marina Casa de Campo, La Piazzetta en Altos de Chav\u00f3n, as\u00ed como tambi\u00e9n La Ca\u00f1a by il\u2026","rel":"","context":"Entrada similar","block_context":{"text":"Entrada similar","link":""},"img":{"alt_text":"lamb","src":"https:\/\/i0.wp.com\/casadecampoliving.com\/wp-content\/uploads\/2013\/07\/lamb.jpg?fit=620%2C465&ssl=1&resize=350%2C200","width":350,"height":200,"srcset":"https:\/\/i0.wp.com\/casadecampoliving.com\/wp-content\/uploads\/2013\/07\/lamb.jpg?fit=620%2C465&ssl=1&resize=350%2C200 1x, https:\/\/i0.wp.com\/casadecampoliving.com\/wp-content\/uploads\/2013\/07\/lamb.jpg?fit=620%2C465&ssl=1&resize=525%2C300 1.5x"},"classes":[]},{"id":64363,"url":"https:\/\/casadecampoliving.com\/es\/gino-los-jueves-en-vivo\/","url_meta":{"origin":119307,"position":1},"title":"Gino in Trastevere presenta \u00abLos Jueves en Vivo\u00bb","author":"Rebecca Silvestri","date":"31 Ene, 2013","format":false,"excerpt":"Gino In Trastevere, restaurante de pastas y pizzas en Altos de Chav\u00f3n, junto con el sitio de web de noticias diarios y eventos; Casa de Campo Living les invita a \u201cLos Jueves en Vivo\u201d.\u00a0 Cada jueves, a partir de las 8pm, Gino\u2019s les invita a disfrutar de una presentaci\u00f3n en\u2026","rel":"","context":"Entrada similar","block_context":{"text":"Entrada similar","link":""},"img":{"alt_text":"","src":"https:\/\/i0.wp.com\/casadecampoliving.com\/wp-content\/uploads\/2013\/01\/Gino1.jpg?fit=650%2C400&ssl=1&resize=350%2C200","width":350,"height":200,"srcset":"https:\/\/i0.wp.com\/casadecampoliving.com\/wp-content\/uploads\/2013\/01\/Gino1.jpg?fit=650%2C400&ssl=1&resize=350%2C200 1x, https:\/\/i0.wp.com\/casadecampoliving.com\/wp-content\/uploads\/2013\/01\/Gino1.jpg?fit=650%2C400&ssl=1&resize=525%2C300 1.5x"},"classes":[]},{"id":38861,"url":"https:\/\/casadecampoliving.com\/es\/gino-in-trastevere\/","url_meta":{"origin":119307,"position":2},"title":"Gino in Trastevere","author":"Ms. K","date":"29 Nov, 2011","format":false,"excerpt":"Gino in Trastevere es un aut\u00e9ntico restaurante Italiano ubicado en Altos de Chav\u00f3n, con una confortante terraza y una vista impresionante del\u00a0R\u00edo\u00a0Chav\u00f3n y el famoso campo de golf Dye Fore. Gino In Trastevere en Altos de Chav\u00f3n es propiedad de Claudio Angeloni de Italia, perteneciente a la familia que ha\u2026","rel":"","context":"Entrada similar","block_context":{"text":"Entrada similar","link":""},"img":{"alt_text":"gino altos de chavon","src":"https:\/\/i0.wp.com\/casadecampoliving.com\/wp-content\/uploads\/2011\/11\/Gino.jpg?resize=350%2C200&ssl=1","width":350,"height":200,"srcset":"https:\/\/i0.wp.com\/casadecampoliving.com\/wp-content\/uploads\/2011\/11\/Gino.jpg?resize=350%2C200&ssl=1 1x, https:\/\/i0.wp.com\/casadecampoliving.com\/wp-content\/uploads\/2011\/11\/Gino.jpg?resize=525%2C300&ssl=1 1.5x"},"classes":[]},{"id":56809,"url":"https:\/\/casadecampoliving.com\/es\/tormenta-tropical-isaac\/","url_meta":{"origin":119307,"position":3},"title":"Casa de Campo durante tormenta tropical Isaac","author":"Rebecca Silvestri","date":"24 Ago, 2012","format":false,"excerpt":"Aqu\u00ed les traemos noticias de todos los servicios y restaurantes en Casa de Campo \u2013 durante\u00a0el paso de la tormenta tropical isaac: NOTA:\u00a0Dependiendo en las condici\u00f3nes del clima esta informaci\u00f3n esta sujeto a cambios! Para confirmar por favor llamar ext. 0 Seguridad de Casa de Campo: bomberos y ambulancia \u2022\u2026","rel":"","context":"Entrada similar","block_context":{"text":"Entrada similar","link":""},"img":{"alt_text":"","src":"","width":0,"height":0},"classes":[]},{"id":41527,"url":"https:\/\/casadecampoliving.com\/es\/bares-y-restaurantes\/","url_meta":{"origin":119307,"position":4},"title":"Bares y restaurantes","author":"","date":"27 Dic, 2011","format":false,"excerpt":"\u00a0Altos de Chav\u00f3nGINO IN TRASTEVERE \u2022 Exquisita comida italiana \u2022 pizza \u2022 pasta \u2022 mariscos \u2022 carnes \u2022 Plaza Altos de Chav\u00f3n, Casa de Campo Tel:\u00a0809-523-1825 Horario: 12pm \u2013 11:30pm: viernes \u2013 lunes 5pm \u2013 11:30pm: martes y jueves Cerrado mi\u00e9rcoles Haga click aqu\u00ed para m\u00e1s info!\u00a0LA PIAZZETA \u2022 comida\u2026","rel":"","context":"Entrada similar","block_context":{"text":"Entrada similar","link":""},"img":{"alt_text":"","src":"","width":0,"height":0},"classes":[]},{"id":54710,"url":"https:\/\/casadecampoliving.com\/es\/sensaciones-de-verano\/","url_meta":{"origin":119307,"position":5},"title":"Sensaciones de verano","author":"Rebecca Silvestri","date":"23 Jul, 2012","format":false,"excerpt":"Ha llegado el verano y est\u00e1 bastante caluroso \u2013 por qu\u00e9 no disfrutar de ligeros almuerzos, perfectos para los d\u00edas largos de verano! Aqu\u00ed algunos de nuestros favoritos para la \u00e9poca. Bocadillos y brisas de mar\u00a0\u2013 en el Beach Club by Le CirqueEl Beach Club by Le Cirque, no s\u00f3lo\u2026","rel":"","context":"Entrada similar","block_context":{"text":"Entrada similar","link":""},"img":{"alt_text":"octopus salad","src":"https:\/\/i0.wp.com\/casadecampoliving.com\/wp-content\/uploads\/2012\/07\/octopus_salad.jpg?fit=650%2C452&ssl=1&resize=350%2C200","width":350,"height":200,"srcset":"https:\/\/i0.wp.com\/casadecampoliving.com\/wp-content\/uploads\/2012\/07\/octopus_salad.jpg?fit=650%2C452&ssl=1&resize=350%2C200 1x, https:\/\/i0.wp.com\/casadecampoliving.com\/wp-content\/uploads\/2012\/07\/octopus_salad.jpg?fit=650%2C452&ssl=1&resize=525%2C300 1.5x"},"classes":[]}],"jetpack_sharing_enabled":true,"_links":{"self":[{"href":"https:\/\/casadecampoliving.com\/es\/wp-json\/wp\/v2\/pages\/119307","targetHints":{"allow":["GET"]}}],"collection":[{"href":"https:\/\/casadecampoliving.com\/es\/wp-json\/wp\/v2\/pages"}],"about":[{"href":"https:\/\/casadecampoliving.com\/es\/wp-json\/wp\/v2\/types\/page"}],"author":[{"embeddable":true,"href":"https:\/\/casadecampoliving.com\/es\/wp-json\/wp\/v2\/users\/34707"}],"replies":[{"embeddable":true,"href":"https:\/\/casadecampoliving.com\/es\/wp-json\/wp\/v2\/comments?post=119307"}],"version-history":[{"count":0,"href":"https:\/\/casadecampoliving.com\/es\/wp-json\/wp\/v2\/pages\/119307\/revisions"}],"wp:featuredmedia":[{"embeddable":true,"href":"https:\/\/casadecampoliving.com\/es\/wp-json\/wp\/v2\/media\/117879"}],"wp:attachment":[{"href":"https:\/\/casadecampoliving.com\/es\/wp-json\/wp\/v2\/media?parent=119307"}],"wp:term":[{"taxonomy":"newspack_spnsrs_tax","embeddable":true,"href":"https:\/\/casadecampoliving.com\/es\/wp-json\/wp\/v2\/newspack_spnsrs_tax?post=119307"}],"curies":[{"name":"wp","href":"https:\/\/api.w.org\/{rel}","templated":true}]}}