{"id":104511,"date":"2014-12-17T16:16:15","date_gmt":"2014-12-17T20:16:15","guid":{"rendered":"http:\/\/casadecampoliving.com\/?page_id=104511"},"modified":"2022-10-21T17:49:40","modified_gmt":"2022-10-21T21:49:40","slug":"dental-integral","status":"publish","type":"page","link":"https:\/\/casadecampoliving.com\/es\/dental-integral\/","title":{"rendered":"Dental Integral"},"content":{"rendered":"<div class=\"wp-block-image\">\n<figure class=\"aligncenter\"><a href=\"https:\/\/i0.wp.com\/casadecampoliving-wp.s3-accelerate.amazonaws.com\/2011\/11\/dental_integral_la_romana.jpg?ssl=1\"><img loading=\"lazy\" decoding=\"async\" width=\"650\" height=\"371\" src=\"https:\/\/i0.wp.com\/casadecampoliving-wp.s3-accelerate.amazonaws.com\/2011\/11\/dental_integral_la_romana.jpg?resize=650%2C371&amp;ssl=1\" alt=\"\" class=\"wp-image-38094\" title=\"dental_integral_la_romana\" srcset=\"https:\/\/i0.wp.com\/casadecampoliving.com\/wp-content\/uploads\/2011\/11\/dental_integral_la_romana.jpg?w=650&amp;ssl=1 650w, https:\/\/i0.wp.com\/casadecampoliving.com\/wp-content\/uploads\/2011\/11\/dental_integral_la_romana.jpg?resize=300%2C171&amp;ssl=1 300w, https:\/\/i0.wp.com\/casadecampoliving-wp.s3-accelerate.amazonaws.com\/2011\/11\/dental_integral_la_romana.jpg?w=370 370w, https:\/\/i0.wp.com\/casadecampoliving-wp.s3-accelerate.amazonaws.com\/2011\/11\/dental_integral_la_romana.jpg?w=400 400w\" sizes=\"auto, (max-width: 650px) 100vw, 650px\" \/><\/a><\/figure>\n<\/div>\n\n<div class=\"wp-block-image\">\n<figure class=\"alignright\"><img loading=\"lazy\" decoding=\"async\" width=\"250\" height=\"354\" src=\"https:\/\/i0.wp.com\/casadecampoliving-wp.s3-accelerate.amazonaws.com\/2011\/11\/dental_integral2.jpg?resize=250%2C354&amp;ssl=1\" alt=\"dental integral la romana\" class=\"wp-image-38091\" title=\"dental_integral\" srcset=\"https:\/\/i0.wp.com\/casadecampoliving.com\/wp-content\/uploads\/2011\/11\/dental_integral2.jpg?w=250&amp;ssl=1 250w, https:\/\/i0.wp.com\/casadecampoliving.com\/wp-content\/uploads\/2011\/11\/dental_integral2.jpg?resize=211%2C300&amp;ssl=1 211w, https:\/\/i0.wp.com\/casadecampoliving-wp.s3-accelerate.amazonaws.com\/2011\/11\/dental_integral2.jpg?w=370 370w, https:\/\/i0.wp.com\/casadecampoliving-wp.s3-accelerate.amazonaws.com\/2011\/11\/dental_integral2.jpg?w=400 400w\" sizes=\"auto, (max-width: 250px) 100vw, 250px\" \/><\/figure>\n<\/div>\n\n\n<p>\n\nEscoger&nbsp;Dental Integral es elegir una de las familias de servicios dentales &nbsp;de mayor calidad e innovaci\u00f3n, disponible en el mercado con m\u00e1s de 14 a\u00f1os de servicio, dise\u00f1ada para ofrecer lo mejor con un&nbsp;funcionamiento racionalizado, simplicidad y efectividad.\n\nCuentan con un staff de doctores en las diferentes especialidades como: Cirug\u00eda M\u00e1xilo Facial, Ortodoncia, Periodoncia, Odontopediatr\u00eda,&nbsp;Endodondoncia&nbsp;e Implantolog\u00eda&nbsp;Oral, ofreciendo el m\u00e1s moderno sistema de&nbsp;colocaci\u00f3n de implantes con la mayor calidad en el mercado.&nbsp;Esta amplia gama de conocimientos permite a Dental Integral proporcionar &nbsp;las mejores soluciones para ahorrar tiempo y maximizar los beneficios para el cliente.\n\nDental Integral procura brindarle a sus pacientes productos &nbsp;vers\u00e1tiles para todo tipo de casos, lo que les permite proporcionarles &nbsp;una verdadera y hermosa sonrisa para cada cliente.\n\nDental Integral est\u00e1 ubicado en La Romana, a s\u00f3lo 5 minutos en veh\u00edculo de la puerta principal de Casa de Campo, y tambi\u00e9n tienen una peque\u00f1a oficina en Casa de Campo, en Altos de Chav\u00f3n.\n\n\n<\/p>\n\n\n\n<figure class=\"wp-block-image\"><img loading=\"lazy\" decoding=\"async\" width=\"800\" height=\"640\" src=\"https:\/\/i0.wp.com\/casadecampoliving.com\/wp-content\/uploads\/2022\/10\/0.jpg?resize=800%2C640&amp;ssl=1\" alt=\"\" class=\"wp-image-386830\" srcset=\"https:\/\/i0.wp.com\/casadecampoliving.com\/wp-content\/uploads\/2022\/10\/0.jpg?w=800&amp;ssl=1 800w, https:\/\/i0.wp.com\/casadecampoliving.com\/wp-content\/uploads\/2022\/10\/0.jpg?resize=300%2C240&amp;ssl=1 300w, https:\/\/i0.wp.com\/casadecampoliving.com\/wp-content\/uploads\/2022\/10\/0.jpg?resize=768%2C614&amp;ssl=1 768w, https:\/\/i0.wp.com\/casadecampoliving.com\/wp-content\/uploads\/2022\/10\/0.jpg?resize=400%2C320&amp;ssl=1 400w, https:\/\/i0.wp.com\/casadecampoliving.com\/wp-content\/uploads\/2022\/10\/0.jpg?resize=706%2C565&amp;ssl=1 706w, https:\/\/i0.wp.com\/casadecampoliving.com\/wp-content\/uploads\/2022\/10\/0.jpg?resize=150%2C120&amp;ssl=1 150w, https:\/\/i0.wp.com\/casadecampoliving.com\/wp-content\/uploads\/2022\/10\/0.jpg?w=370 370w\" sizes=\"auto, (max-width: 800px) 100vw, 800px\" \/><\/figure>\n\n\n\n<blockquote><h3><strong>Dental Integral&nbsp;La Romana<\/strong><\/h3><p>\nPrincipal Calle Altagracia No.12,\nLa Romana,\nRep\u00fablica Dominicana\nTel. 809-813-1680\nFax. 809-813-1680\nEmail:&nbsp;<a href=\"mailto:info@dentalintegral.com.do\">info@dentalintegral.com.do<\/a><\/p><h3><strong>Dental Integral Altos de Chav\u00f3n&nbsp;<\/strong><\/h3><p>\nModulo No.3, Robert Garc\u00eda Salon Spa\nTel. 809-223-1825<\/p><\/blockquote>\n\n\n\n<blockquote><h3>\u00a1C\u00f3mo llegar!<\/h3><p>\n\u00a1Es f\u00e1cil encontrar Dental Integral en La Romana! Desde Casa de Campo conduzca a La Romana, gire a la izquierda en el sem\u00e1foro principal de la estaci\u00f3n de polic\u00eda y luego tome la primera calle a la derecha y la oficina est\u00e1 a la derecha.\n<\/p><figure><img decoding=\"async\" loading=\"lazy\" class=\"aligncenter  wp-image-48816\" title=\"dental_integral\" src=\"https:\/\/i0.wp.com\/casadecampoliving-wp.s3-accelerate.amazonaws.com\/2012\/04\/dental_integral.jpg?resize=603%2C594&amp;ssl=1\" alt=\"dental integral\" width=\"603\" height=\"594\" srcset=\"https:\/\/i0.wp.com\/casadecampoliving.com\/wp-content\/uploads\/2012\/04\/dental_integral.jpg?w=754&amp;ssl=1 754w, https:\/\/i0.wp.com\/casadecampoliving.com\/wp-content\/uploads\/2012\/04\/dental_integral.jpg?resize=300%2C295&amp;ssl=1 300w\" sizes=\"auto, (max-width: 603px) 100vw, 603px\"><\/figure><p style=\"text-align: center;\"><\/p><p style=\"text-align: left;\">Desde el exterior, Dental Integral luce as\u00ed:<\/p><figure><img decoding=\"async\" loading=\"lazy\" class=\"aligncenter size-full wp-image-48825\" title=\"dental_integral\" src=\"https:\/\/i0.wp.com\/casadecampoliving-wp.s3-accelerate.amazonaws.com\/2012\/04\/dental_integral6.jpg?resize=600%2C480&amp;ssl=1\" alt=\"dental integral\" width=\"600\" height=\"480\" srcset=\"https:\/\/i0.wp.com\/casadecampoliving.com\/wp-content\/uploads\/2012\/04\/dental_integral6.jpg?w=600&amp;ssl=1 600w, https:\/\/i0.wp.com\/casadecampoliving.com\/wp-content\/uploads\/2012\/04\/dental_integral6.jpg?resize=300%2C240&amp;ssl=1 300w\" sizes=\"auto, (max-width: 600px) 100vw, 600px\"><\/figure><p style=\"text-align: center;\"><\/p><\/blockquote>\n","protected":false},"excerpt":{"rendered":"<p>Escoger&nbsp;Dental Integral es elegir una de las familias de servicios dentales &nbsp;de mayor calidad e innovaci\u00f3n, disponible en el mercado con m\u00e1s de 14 a\u00f1os de servicio, dise\u00f1ada para ofrecer lo mejor con un&nbsp;funcionamiento racionalizado, simplicidad y efectividad. Cuentan con un staff de doctores en las diferentes especialidades como: Cirug\u00eda M\u00e1xilo Facial, Ortodoncia, Periodoncia, Odontopediatr\u00eda,&nbsp;Endodondoncia&nbsp;e [&hellip;]<\/p>\n","protected":false},"author":14,"featured_media":104512,"parent":0,"menu_order":0,"comment_status":"closed","ping_status":"closed","template":"","meta":{"newspack_ads_suppress_ads":false,"newspack_popups_has_disabled_popups":false,"newspack_sponsor_sponsorship_scope":"","newspack_sponsor_native_byline_display":"inherit","newspack_sponsor_native_category_display":"inherit","newspack_sponsor_underwriter_style":"inherit","newspack_sponsor_underwriter_placement":"inherit","newspack_content_restriction_is_exempt":false,"newspack_featured_image_position":"","newspack_hide_page_title":false,"newspack_show_share_buttons":false,"footnotes":""},"newspack_spnsrs_tax":[],"class_list":["post-104511","page","type-page","status-publish","has-post-thumbnail","hentry","entry"],"yoast_head":"<!-- This site is optimized with the Yoast SEO plugin v27.5 - https:\/\/yoast.com\/product\/yoast-seo-wordpress\/ -->\n<title>Dental Integral<\/title>\n<meta name=\"description\" content=\"Dental Integral\" \/>\n<meta name=\"robots\" content=\"index, follow, max-snippet:-1, max-image-preview:large, max-video-preview:-1\" \/>\n<link rel=\"canonical\" href=\"https:\/\/casadecampoliving.com\/es\/dental-integral\/\" \/>\n<meta property=\"og:locale\" content=\"es_ES\" \/>\n<meta property=\"og:type\" content=\"article\" \/>\n<meta property=\"og:title\" content=\"Dental Integral\" \/>\n<meta property=\"og:description\" content=\"Dental Integral\" \/>\n<meta property=\"og:url\" content=\"https:\/\/casadecampoliving.com\/es\/dental-integral\/\" \/>\n<meta property=\"og:site_name\" content=\"Casa de Campo Living\" \/>\n<meta property=\"article:publisher\" content=\"https:\/\/www.facebook.com\/casadecampoliving\" \/>\n<meta property=\"article:modified_time\" content=\"2022-10-21T21:49:40+00:00\" \/>\n<meta property=\"og:image\" content=\"https:\/\/i0.wp.com\/casadecampoliving.com\/wp-content\/uploads\/2014\/12\/dental_integral_la_romana.jpg?fit=650%2C371&ssl=1\" \/>\n\t<meta property=\"og:image:width\" content=\"650\" \/>\n\t<meta property=\"og:image:height\" content=\"371\" \/>\n\t<meta property=\"og:image:type\" content=\"image\/jpeg\" \/>\n<meta name=\"twitter:card\" content=\"summary_large_image\" \/>\n<meta name=\"twitter:site\" content=\"@cdcliving\" \/>\n<meta name=\"twitter:label1\" content=\"Tiempo de lectura\" \/>\n\t<meta name=\"twitter:data1\" content=\"1 minuto\" \/>\n<script type=\"application\/ld+json\" class=\"yoast-schema-graph\">{\"@context\":\"https:\\\/\\\/schema.org\",\"@graph\":[{\"@type\":\"WebPage\",\"@id\":\"https:\\\/\\\/casadecampoliving.com\\\/es\\\/dental-integral\\\/\",\"url\":\"https:\\\/\\\/casadecampoliving.com\\\/es\\\/dental-integral\\\/\",\"name\":\"Dental Integral\",\"isPartOf\":{\"@id\":\"https:\\\/\\\/casadecampoliving.com\\\/es\\\/#website\"},\"primaryImageOfPage\":{\"@id\":\"https:\\\/\\\/casadecampoliving.com\\\/es\\\/dental-integral\\\/#primaryimage\"},\"image\":{\"@id\":\"https:\\\/\\\/casadecampoliving.com\\\/es\\\/dental-integral\\\/#primaryimage\"},\"thumbnailUrl\":\"https:\\\/\\\/i0.wp.com\\\/casadecampoliving.com\\\/wp-content\\\/uploads\\\/2014\\\/12\\\/dental_integral_la_romana.jpg?fit=650%2C371&ssl=1\",\"datePublished\":\"2014-12-17T20:16:15+00:00\",\"dateModified\":\"2022-10-21T21:49:40+00:00\",\"description\":\"Dental Integral\",\"breadcrumb\":{\"@id\":\"https:\\\/\\\/casadecampoliving.com\\\/es\\\/dental-integral\\\/#breadcrumb\"},\"inLanguage\":\"es\",\"potentialAction\":[{\"@type\":\"ReadAction\",\"target\":[\"https:\\\/\\\/casadecampoliving.com\\\/es\\\/dental-integral\\\/\"]}]},{\"@type\":\"ImageObject\",\"inLanguage\":\"es\",\"@id\":\"https:\\\/\\\/casadecampoliving.com\\\/es\\\/dental-integral\\\/#primaryimage\",\"url\":\"https:\\\/\\\/i0.wp.com\\\/casadecampoliving.com\\\/wp-content\\\/uploads\\\/2014\\\/12\\\/dental_integral_la_romana.jpg?fit=650%2C371&ssl=1\",\"contentUrl\":\"https:\\\/\\\/i0.wp.com\\\/casadecampoliving.com\\\/wp-content\\\/uploads\\\/2014\\\/12\\\/dental_integral_la_romana.jpg?fit=650%2C371&ssl=1\",\"width\":650,\"height\":371},{\"@type\":\"BreadcrumbList\",\"@id\":\"https:\\\/\\\/casadecampoliving.com\\\/es\\\/dental-integral\\\/#breadcrumb\",\"itemListElement\":[{\"@type\":\"ListItem\",\"position\":1,\"name\":\"Home\",\"item\":\"https:\\\/\\\/casadecampoliving.com\\\/es\\\/\"},{\"@type\":\"ListItem\",\"position\":2,\"name\":\"Dental Integral\"}]},{\"@type\":\"WebSite\",\"@id\":\"https:\\\/\\\/casadecampoliving.com\\\/es\\\/#website\",\"url\":\"https:\\\/\\\/casadecampoliving.com\\\/es\\\/\",\"name\":\"Casa de Campo Living\",\"description\":\"Resort community news and resources.\",\"publisher\":{\"@id\":\"https:\\\/\\\/casadecampoliving.com\\\/es\\\/#organization\"},\"potentialAction\":[{\"@type\":\"SearchAction\",\"target\":{\"@type\":\"EntryPoint\",\"urlTemplate\":\"https:\\\/\\\/casadecampoliving.com\\\/es\\\/?s={search_term_string}\"},\"query-input\":{\"@type\":\"PropertyValueSpecification\",\"valueRequired\":true,\"valueName\":\"search_term_string\"}}],\"inLanguage\":\"es\"},{\"@type\":\"Organization\",\"@id\":\"https:\\\/\\\/casadecampoliving.com\\\/es\\\/#organization\",\"name\":\"Casa de Campo Living\",\"url\":\"https:\\\/\\\/casadecampoliving.com\\\/es\\\/\",\"logo\":{\"@type\":\"ImageObject\",\"inLanguage\":\"es\",\"@id\":\"https:\\\/\\\/casadecampoliving.com\\\/es\\\/#\\\/schema\\\/logo\\\/image\\\/\",\"url\":\"https:\\\/\\\/i0.wp.com\\\/casadecampoliving.com\\\/wp-content\\\/uploads\\\/2022\\\/07\\\/CDCLivingLogo_V1-white-sized.png?fit=800%2C214&ssl=1\",\"contentUrl\":\"https:\\\/\\\/i0.wp.com\\\/casadecampoliving.com\\\/wp-content\\\/uploads\\\/2022\\\/07\\\/CDCLivingLogo_V1-white-sized.png?fit=800%2C214&ssl=1\",\"width\":800,\"height\":214,\"caption\":\"Casa de Campo Living\"},\"image\":{\"@id\":\"https:\\\/\\\/casadecampoliving.com\\\/es\\\/#\\\/schema\\\/logo\\\/image\\\/\"},\"sameAs\":[\"https:\\\/\\\/www.facebook.com\\\/casadecampoliving\",\"https:\\\/\\\/x.com\\\/cdcliving\"]}]}<\/script>\n<!-- \/ Yoast SEO plugin. -->","yoast_head_json":{"title":"Dental Integral","description":"Dental Integral","robots":{"index":"index","follow":"follow","max-snippet":"max-snippet:-1","max-image-preview":"max-image-preview:large","max-video-preview":"max-video-preview:-1"},"canonical":"https:\/\/casadecampoliving.com\/es\/dental-integral\/","og_locale":"es_ES","og_type":"article","og_title":"Dental Integral","og_description":"Dental Integral","og_url":"https:\/\/casadecampoliving.com\/es\/dental-integral\/","og_site_name":"Casa de Campo Living","article_publisher":"https:\/\/www.facebook.com\/casadecampoliving","article_modified_time":"2022-10-21T21:49:40+00:00","og_image":[{"width":650,"height":371,"url":"https:\/\/i0.wp.com\/casadecampoliving.com\/wp-content\/uploads\/2014\/12\/dental_integral_la_romana.jpg?fit=650%2C371&ssl=1","type":"image\/jpeg"}],"twitter_card":"summary_large_image","twitter_site":"@cdcliving","twitter_misc":{"Tiempo de lectura":"1 minuto"},"schema":{"@context":"https:\/\/schema.org","@graph":[{"@type":"WebPage","@id":"https:\/\/casadecampoliving.com\/es\/dental-integral\/","url":"https:\/\/casadecampoliving.com\/es\/dental-integral\/","name":"Dental Integral","isPartOf":{"@id":"https:\/\/casadecampoliving.com\/es\/#website"},"primaryImageOfPage":{"@id":"https:\/\/casadecampoliving.com\/es\/dental-integral\/#primaryimage"},"image":{"@id":"https:\/\/casadecampoliving.com\/es\/dental-integral\/#primaryimage"},"thumbnailUrl":"https:\/\/i0.wp.com\/casadecampoliving.com\/wp-content\/uploads\/2014\/12\/dental_integral_la_romana.jpg?fit=650%2C371&ssl=1","datePublished":"2014-12-17T20:16:15+00:00","dateModified":"2022-10-21T21:49:40+00:00","description":"Dental Integral","breadcrumb":{"@id":"https:\/\/casadecampoliving.com\/es\/dental-integral\/#breadcrumb"},"inLanguage":"es","potentialAction":[{"@type":"ReadAction","target":["https:\/\/casadecampoliving.com\/es\/dental-integral\/"]}]},{"@type":"ImageObject","inLanguage":"es","@id":"https:\/\/casadecampoliving.com\/es\/dental-integral\/#primaryimage","url":"https:\/\/i0.wp.com\/casadecampoliving.com\/wp-content\/uploads\/2014\/12\/dental_integral_la_romana.jpg?fit=650%2C371&ssl=1","contentUrl":"https:\/\/i0.wp.com\/casadecampoliving.com\/wp-content\/uploads\/2014\/12\/dental_integral_la_romana.jpg?fit=650%2C371&ssl=1","width":650,"height":371},{"@type":"BreadcrumbList","@id":"https:\/\/casadecampoliving.com\/es\/dental-integral\/#breadcrumb","itemListElement":[{"@type":"ListItem","position":1,"name":"Home","item":"https:\/\/casadecampoliving.com\/es\/"},{"@type":"ListItem","position":2,"name":"Dental Integral"}]},{"@type":"WebSite","@id":"https:\/\/casadecampoliving.com\/es\/#website","url":"https:\/\/casadecampoliving.com\/es\/","name":"Casa de Campo Living","description":"Resort community news and resources.","publisher":{"@id":"https:\/\/casadecampoliving.com\/es\/#organization"},"potentialAction":[{"@type":"SearchAction","target":{"@type":"EntryPoint","urlTemplate":"https:\/\/casadecampoliving.com\/es\/?s={search_term_string}"},"query-input":{"@type":"PropertyValueSpecification","valueRequired":true,"valueName":"search_term_string"}}],"inLanguage":"es"},{"@type":"Organization","@id":"https:\/\/casadecampoliving.com\/es\/#organization","name":"Casa de Campo Living","url":"https:\/\/casadecampoliving.com\/es\/","logo":{"@type":"ImageObject","inLanguage":"es","@id":"https:\/\/casadecampoliving.com\/es\/#\/schema\/logo\/image\/","url":"https:\/\/i0.wp.com\/casadecampoliving.com\/wp-content\/uploads\/2022\/07\/CDCLivingLogo_V1-white-sized.png?fit=800%2C214&ssl=1","contentUrl":"https:\/\/i0.wp.com\/casadecampoliving.com\/wp-content\/uploads\/2022\/07\/CDCLivingLogo_V1-white-sized.png?fit=800%2C214&ssl=1","width":800,"height":214,"caption":"Casa de Campo Living"},"image":{"@id":"https:\/\/casadecampoliving.com\/es\/#\/schema\/logo\/image\/"},"sameAs":["https:\/\/www.facebook.com\/casadecampoliving","https:\/\/x.com\/cdcliving"]}]}},"parsely":{"version":"1.1.0","canonical_url":"https:\/\/casadecampoliving.com\/es\/dental-integral\/","smart_links":{"inbound":0,"outbound":0},"traffic_boost_suggestions_count":0,"meta":{"@context":"https:\/\/schema.org","@type":"WebPage","headline":"Dental Integral","url":"http:\/\/casadecampoliving.com\/es\/dental-integral\/","mainEntityOfPage":{"@type":"WebPage","@id":"http:\/\/casadecampoliving.com\/es\/dental-integral\/"},"thumbnailUrl":"https:\/\/i0.wp.com\/casadecampoliving.com\/wp-content\/uploads\/2014\/12\/dental_integral_la_romana.jpg?resize=150%2C150&ssl=1","image":{"@type":"ImageObject","url":"https:\/\/i0.wp.com\/casadecampoliving.com\/wp-content\/uploads\/2014\/12\/dental_integral_la_romana.jpg?fit=650%2C371&ssl=1"},"articleSection":"Uncategorized @es","author":[{"@type":"Person","name":"Rebecca Hughes"}],"creator":["Rebecca Hughes"],"publisher":{"@type":"Organization","name":"Casa de Campo Living","logo":"https:\/\/casadecampoliving.com\/wp-content\/uploads\/2022\/07\/CDCLivingLogo_V1-white-sized.png"},"keywords":[],"dateCreated":"2014-12-17T20:16:15Z","datePublished":"2014-12-17T20:16:15Z","dateModified":"2022-10-21T21:49:40Z"},"rendered":"<script type=\"application\/ld+json\" class=\"wp-parsely-metadata\">{\"@context\":\"https:\\\/\\\/schema.org\",\"@type\":\"WebPage\",\"headline\":\"Dental Integral\",\"url\":\"http:\\\/\\\/casadecampoliving.com\\\/es\\\/dental-integral\\\/\",\"mainEntityOfPage\":{\"@type\":\"WebPage\",\"@id\":\"http:\\\/\\\/casadecampoliving.com\\\/es\\\/dental-integral\\\/\"},\"thumbnailUrl\":\"https:\\\/\\\/i0.wp.com\\\/casadecampoliving.com\\\/wp-content\\\/uploads\\\/2014\\\/12\\\/dental_integral_la_romana.jpg?resize=150%2C150&ssl=1\",\"image\":{\"@type\":\"ImageObject\",\"url\":\"https:\\\/\\\/i0.wp.com\\\/casadecampoliving.com\\\/wp-content\\\/uploads\\\/2014\\\/12\\\/dental_integral_la_romana.jpg?fit=650%2C371&ssl=1\"},\"articleSection\":\"Uncategorized @es\",\"author\":[{\"@type\":\"Person\",\"name\":\"Rebecca Hughes\"}],\"creator\":[\"Rebecca Hughes\"],\"publisher\":{\"@type\":\"Organization\",\"name\":\"Casa de Campo Living\",\"logo\":\"https:\\\/\\\/casadecampoliving.com\\\/wp-content\\\/uploads\\\/2022\\\/07\\\/CDCLivingLogo_V1-white-sized.png\"},\"keywords\":[],\"dateCreated\":\"2014-12-17T20:16:15Z\",\"datePublished\":\"2014-12-17T20:16:15Z\",\"dateModified\":\"2022-10-21T21:49:40Z\"}<\/script>","tracker_url":"https:\/\/cdn.parsely.com\/keys\/casadecampoliving.com\/p.js"},"jetpack-related-posts":[{"id":104491,"url":"https:\/\/casadecampoliving.com\/dental-integral\/","url_meta":{"origin":104511,"position":0},"title":"Dental Integral","author":"Rebecca Silvestri","date":"17 Dic, 2014","format":false,"excerpt":"Choosing Dental Integral is to choose one of the highest quality dental care and innovation options on the market, who with more than 14 years of service, offer the best service with a streamlined operation, simplicity and effectiveness. They have a staff of doctors in different specialties such as: Maxillofacial\u2026","rel":"","context":"Entrada similar","block_context":{"text":"Entrada similar","link":""},"img":{"alt_text":"","src":"https:\/\/i0.wp.com\/casadecampoliving.com\/wp-content\/uploads\/2014\/12\/dental_integral_la_romana.jpg?fit=650%2C371&ssl=1&resize=350%2C200","width":350,"height":200,"srcset":"https:\/\/i0.wp.com\/casadecampoliving.com\/wp-content\/uploads\/2014\/12\/dental_integral_la_romana.jpg?fit=650%2C371&ssl=1&resize=350%2C200 1x, https:\/\/i0.wp.com\/casadecampoliving.com\/wp-content\/uploads\/2014\/12\/dental_integral_la_romana.jpg?fit=650%2C371&ssl=1&resize=525%2C300 1.5x"},"classes":[]},{"id":58789,"url":"https:\/\/casadecampoliving.com\/es\/todocdc\/","url_meta":{"origin":104511,"position":1},"title":"TODO Casa de Campo","author":"Rebecca Silvestri","date":"5 Oct, 2012","format":false,"excerpt":"La revista TODO Casa de Campo, es la gu\u00eda oficial y revista informativa de Casa de Campo con \u201cTODO lo que necesitas\u201d, producida por Silgon Inc., empresa de Marketing, Desarrollo de Web y Servicios de Publicidad. Dise\u00f1ada para ser una herramienta invaluable para disfrutar de Casa de Campo, en esta\u2026","rel":"","context":"Entrada similar","block_context":{"text":"Entrada similar","link":""},"img":{"alt_text":"TODO Casa de Campo","src":"https:\/\/i0.wp.com\/casadecampoliving.com\/wp-content\/uploads\/2013\/07\/TODO_casa_de_campo.jpg?resize=350%2C200&ssl=1","width":350,"height":200,"srcset":"https:\/\/i0.wp.com\/casadecampoliving.com\/wp-content\/uploads\/2013\/07\/TODO_casa_de_campo.jpg?resize=350%2C200&ssl=1 1x, https:\/\/i0.wp.com\/casadecampoliving.com\/wp-content\/uploads\/2013\/07\/TODO_casa_de_campo.jpg?resize=525%2C300&ssl=1 1.5x"},"classes":[]},{"id":56809,"url":"https:\/\/casadecampoliving.com\/es\/tormenta-tropical-isaac\/","url_meta":{"origin":104511,"position":2},"title":"Casa de Campo durante tormenta tropical Isaac","author":"Rebecca Silvestri","date":"24 Ago, 2012","format":false,"excerpt":"Aqu\u00ed les traemos noticias de todos los servicios y restaurantes en Casa de Campo \u2013 durante\u00a0el paso de la tormenta tropical isaac: NOTA:\u00a0Dependiendo en las condici\u00f3nes del clima esta informaci\u00f3n esta sujeto a cambios! Para confirmar por favor llamar ext. 0 Seguridad de Casa de Campo: bomberos y ambulancia \u2022\u2026","rel":"","context":"Entrada similar","block_context":{"text":"Entrada similar","link":""},"img":{"alt_text":"","src":"","width":0,"height":0},"classes":[]},{"id":46956,"url":"https:\/\/casadecampoliving.com\/es\/playaminitas\/","url_meta":{"origin":104511,"position":3},"title":"Playa Minitas","author":"Rebecca Silvestri","date":"20 Mar, 2012","format":false,"excerpt":"Con servicio de camareros disponibles hasta su chaise longue\u00a0desde el restaurante Beach Club by Le Cirque o del Coco Mar Bar, al igual que divertidos juegos y actividades y deportes acu\u00e1ticos para entretener a los ni\u00f1os \u2013 la Playa Minitas, la playa privada de Casa de Campo, es el mejor\u2026","rel":"","context":"Entrada similar","block_context":{"text":"Entrada similar","link":""},"img":{"alt_text":"minitas beach casa de campo","src":"https:\/\/i0.wp.com\/casadecampoliving.com\/wp-content\/uploads\/2012\/03\/minitas_beach_casa_de_campo1.jpg?fit=650%2C320&ssl=1&resize=350%2C200","width":350,"height":200,"srcset":"https:\/\/i0.wp.com\/casadecampoliving.com\/wp-content\/uploads\/2012\/03\/minitas_beach_casa_de_campo1.jpg?fit=650%2C320&ssl=1&resize=350%2C200 1x, https:\/\/i0.wp.com\/casadecampoliving.com\/wp-content\/uploads\/2012\/03\/minitas_beach_casa_de_campo1.jpg?fit=650%2C320&ssl=1&resize=525%2C300 1.5x"},"classes":[]},{"id":61222,"url":"https:\/\/casadecampoliving.com\/es\/jr-co\/","url_meta":{"origin":104511,"position":4},"title":"JR &#038; Co.","author":"","date":"4 Dic, 2012","format":false,"excerpt":"Un ambiente \u00fanico por JR & Co.\u00a0 JR & Co.\u00a0 Piezas \u00danicas, Ambientes Extraordinarios Alquileres para eventos \u201cJR & Co. Piezas \u00danicas, Ambientes Extraordinarios\u201d, es una oferta fresca e innovadora. Se trata de una \u201ctienda\u201d de alquileres, con un concepto que va m\u00e1s all\u00e1 de los est\u00e1ndares de \u00e9sta industria.\u2026","rel":"","context":"Entrada similar","block_context":{"text":"Entrada similar","link":""},"img":{"alt_text":"jr co","src":"https:\/\/i0.wp.com\/casadecampoliving.com\/wp-content\/uploads\/2012\/11\/jr_co2.jpg?fit=650%2C375&ssl=1&resize=350%2C200","width":350,"height":200,"srcset":"https:\/\/i0.wp.com\/casadecampoliving.com\/wp-content\/uploads\/2012\/11\/jr_co2.jpg?fit=650%2C375&ssl=1&resize=350%2C200 1x, https:\/\/i0.wp.com\/casadecampoliving.com\/wp-content\/uploads\/2012\/11\/jr_co2.jpg?fit=650%2C375&ssl=1&resize=525%2C300 1.5x"},"classes":[]},{"id":54848,"url":"https:\/\/casadecampoliving.com\/es\/i-b-i-nautica\/","url_meta":{"origin":104511,"position":5},"title":"I.B.I Nautica","author":"Rebecca Silvestri","date":"24 Jul, 2012","format":false,"excerpt":"Desde 1998, I.B.I N\u00e1utica ha sido el corredor exclusivo del grupo Azimut|Benetti Group y la \u00fanica compa\u00f1\u00eda del Caribe que vende una completa gama de flotillas, tales como los mega yates, yates de lujo, yates motorizados, yates de pesca, veleros y mucho m\u00e1s. La oficina de venta de I.B.I N\u00e1utica\u2026","rel":"","context":"Entrada similar","block_context":{"text":"Entrada similar","link":""},"img":{"alt_text":"","src":"","width":0,"height":0},"classes":[]}],"jetpack_sharing_enabled":true,"_links":{"self":[{"href":"https:\/\/casadecampoliving.com\/es\/wp-json\/wp\/v2\/pages\/104511","targetHints":{"allow":["GET"]}}],"collection":[{"href":"https:\/\/casadecampoliving.com\/es\/wp-json\/wp\/v2\/pages"}],"about":[{"href":"https:\/\/casadecampoliving.com\/es\/wp-json\/wp\/v2\/types\/page"}],"author":[{"embeddable":true,"href":"https:\/\/casadecampoliving.com\/es\/wp-json\/wp\/v2\/users\/14"}],"replies":[{"embeddable":true,"href":"https:\/\/casadecampoliving.com\/es\/wp-json\/wp\/v2\/comments?post=104511"}],"version-history":[{"count":0,"href":"https:\/\/casadecampoliving.com\/es\/wp-json\/wp\/v2\/pages\/104511\/revisions"}],"wp:featuredmedia":[{"embeddable":true,"href":"https:\/\/casadecampoliving.com\/es\/wp-json\/wp\/v2\/media\/104512"}],"wp:attachment":[{"href":"https:\/\/casadecampoliving.com\/es\/wp-json\/wp\/v2\/media?parent=104511"}],"wp:term":[{"taxonomy":"newspack_spnsrs_tax","embeddable":true,"href":"https:\/\/casadecampoliving.com\/es\/wp-json\/wp\/v2\/newspack_spnsrs_tax?post=104511"}],"curies":[{"name":"wp","href":"https:\/\/api.w.org\/{rel}","templated":true}]}}