{"id":103528,"date":"2014-12-04T17:05:22","date_gmt":"2014-12-04T21:05:22","guid":{"rendered":"http:\/\/casadecampoliving.com\/?page_id=103528"},"modified":"2022-10-21T17:49:16","modified_gmt":"2022-10-21T21:49:16","slug":"ballet-paso-a-voz-anfiteatro-altos-de-chavon","status":"publish","type":"page","link":"https:\/\/casadecampoliving.com\/es\/ballet-paso-a-voz-anfiteatro-altos-de-chavon\/","title":{"rendered":"Ballet \u00abPaso a Voz\u00bb en el anfiteatro de Altos de Chav\u00f3n"},"content":{"rendered":"<div class=\"wp-block-image\">\n<figure class=\"aligncenter is-resized\"><img loading=\"lazy\" decoding=\"async\" src=\"https:\/\/i0.wp.com\/casadecampoliving-wp.s3-accelerate.amazonaws.com\/2014\/12\/ballet_dominicano_Altos_de_Chavon1.jpg?resize=650%2C430&amp;ssl=1\" alt=\"ballet dominicano Altos de Chavon\" class=\"wp-image-103485\" height=\"430\" width=\"650\" srcset=\"https:\/\/i0.wp.com\/casadecampoliving.com\/wp-content\/uploads\/2014\/12\/ballet_dominicano_Altos_de_Chavon1.jpg?w=650&amp;ssl=1 650w, https:\/\/i0.wp.com\/casadecampoliving.com\/wp-content\/uploads\/2014\/12\/ballet_dominicano_Altos_de_Chavon1.jpg?resize=300%2C198&amp;ssl=1 300w, https:\/\/i0.wp.com\/casadecampoliving-wp.s3-accelerate.amazonaws.com\/2014\/12\/ballet_dominicano_Altos_de_Chavon1.jpg?w=370 370w, https:\/\/i0.wp.com\/casadecampoliving-wp.s3-accelerate.amazonaws.com\/2014\/12\/ballet_dominicano_Altos_de_Chavon1.jpg?w=400 400w\" sizes=\"auto, (max-width: 650px) 100vw, 650px\" \/><\/figure>\n<\/div>\n\n\n<p>\u00bfEst\u00e1 listo para un poco de cultura en esta Navidad en Altos de Chav\u00f3n? \u00bfS\u00ed? Pues entonces reserve la fecha para el s\u00e1bado 20 de diciembre y la interpretaci\u00f3n del \u201cPaso a &nbsp;Voz\u201d en el anfiteatro de Altos de Chav\u00f3n.<\/p>\n\n\n\n<!--more-->\n\n\n<div class=\"wp-block-image\">\n<figure class=\"alignright is-resized\"><img loading=\"lazy\" decoding=\"async\" src=\"https:\/\/i0.wp.com\/casadecampoliving-wp.s3-accelerate.amazonaws.com\/2014\/12\/ballet_dominicano_Altos_de_Chavon.jpg?resize=270%2C342&amp;ssl=1\" alt=\"ballet dominicano Altos de Chavon\" class=\"wp-image-103482\" height=\"342\" width=\"270\" srcset=\"https:\/\/i0.wp.com\/casadecampoliving.com\/wp-content\/uploads\/2014\/12\/ballet_dominicano_Altos_de_Chavon.jpg?w=270&amp;ssl=1 270w, https:\/\/i0.wp.com\/casadecampoliving.com\/wp-content\/uploads\/2014\/12\/ballet_dominicano_Altos_de_Chavon.jpg?resize=236%2C300&amp;ssl=1 236w, https:\/\/i0.wp.com\/casadecampoliving-wp.s3-accelerate.amazonaws.com\/2014\/12\/ballet_dominicano_Altos_de_Chavon.jpg?w=370 370w, https:\/\/i0.wp.com\/casadecampoliving-wp.s3-accelerate.amazonaws.com\/2014\/12\/ballet_dominicano_Altos_de_Chavon.jpg?w=400 400w\" sizes=\"auto, (max-width: 270px) 100vw, 270px\" \/><\/figure>\n<\/div>\n\n\n<p>Patrocinado por el Ministerio de la Cultura Dominicana, \u201cPaso a Voz\u201d promete ser una de las mejores actuaciones alguna vez vista en el escenario del anfiteatro de Altos de Chav\u00f3n. Una combinaci\u00f3n majestuosa de m\u00e1s de 90 voces del Coro Nacional y el Coro Koribe, y 22 bailarines del Ballet Nacional Dominicano.<\/p>\n\n\n\n<p>Esta inolvidable actuaci\u00f3n de danza y canci\u00f3n est\u00e1 dirigida por Mercedes Morales, Simon Ceasar Nova y Nadia Nicola.<\/p>\n\n\n\n<p>Aunque la entrada a este evento es gratuita \u2013 por favor recuerde que usted necesita en realidad recoger sus entradas en el Club de Propietarios de Villa de Casa de Campo para acceder al anfiteatro de Altos de Chav\u00f3n para ver el espect\u00e1culo.<\/p>\n\n\n\n<blockquote><h3>Paso a Voz<\/h3><p><strong>Cu\u00e1ndo:<\/strong> S\u00e1bado 20 de diciembre, 8:00pm<\/p><p><strong>D\u00f3nde:<\/strong> Anfiteatro de Altos de Chav\u00f3n, Casa de Campo<\/p><p><strong>Tickets:<\/strong>&nbsp;Entrada gratuita. Por favor, recoger sus entradas en el&nbsp;Club de Propietarios de Villas Casa de Campo o el Concierge de Casa de Campo.<\/p><p><strong>Contacto:<\/strong> Para reservar sus entradas directamente en el Club de Propietarios de Villas de Casa de Campo: (809) 523-8097 o el Concierge de Casa de Campo : (809) 523 -3165.<\/p><\/blockquote>\n","protected":false},"excerpt":{"rendered":"<p>\u00bfEst\u00e1 listo para un poco de cultura en esta Navidad en Altos de Chav\u00f3n? \u00bfS\u00ed? Pues entonces reserve la fecha para el s\u00e1bado 20 de diciembre y la interpretaci\u00f3n del \u201cPaso a &nbsp;Voz\u201d en el anfiteatro de Altos de Chav\u00f3n.<\/p>\n","protected":false},"author":31,"featured_media":0,"parent":0,"menu_order":0,"comment_status":"closed","ping_status":"closed","template":"","meta":{"newspack_ads_suppress_ads":false,"newspack_popups_has_disabled_popups":false,"newspack_sponsor_sponsorship_scope":"","newspack_sponsor_native_byline_display":"inherit","newspack_sponsor_native_category_display":"inherit","newspack_sponsor_underwriter_style":"inherit","newspack_sponsor_underwriter_placement":"inherit","newspack_content_restriction_is_exempt":false,"newspack_featured_image_position":"","newspack_hide_page_title":false,"newspack_show_share_buttons":false,"footnotes":""},"newspack_spnsrs_tax":[],"class_list":["post-103528","page","type-page","status-publish","hentry","entry"],"yoast_head":"<!-- This site is optimized with the Yoast SEO plugin v27.3 - https:\/\/yoast.com\/product\/yoast-seo-wordpress\/ -->\n<title>Ballet &quot;Paso a Voz&quot; en el anfiteatro de Altos de Chav\u00f3n | Casa de Campo Living<\/title>\n<meta name=\"description\" content=\"\u00bfEst\u00e1 listo para un poco de cultura en esta Navidad en Altos de Chav\u00f3n? \u00bfS\u00ed? Pues entonces reserve la fecha para el s\u00e1bado 20 de diciembre y la\" \/>\n<meta name=\"robots\" content=\"index, follow, max-snippet:-1, max-image-preview:large, max-video-preview:-1\" \/>\n<link rel=\"canonical\" href=\"https:\/\/casadecampoliving.com\/es\/ballet-paso-a-voz-anfiteatro-altos-de-chavon\/\" \/>\n<meta property=\"og:locale\" content=\"es_ES\" \/>\n<meta property=\"og:type\" content=\"article\" \/>\n<meta property=\"og:title\" content=\"Ballet &quot;Paso a Voz&quot; en el anfiteatro de Altos de Chav\u00f3n | Casa de Campo Living\" \/>\n<meta property=\"og:description\" content=\"\u00bfEst\u00e1 listo para un poco de cultura en esta Navidad en Altos de Chav\u00f3n? \u00bfS\u00ed? Pues entonces reserve la fecha para el s\u00e1bado 20 de diciembre y la\" \/>\n<meta property=\"og:url\" content=\"https:\/\/casadecampoliving.com\/es\/ballet-paso-a-voz-anfiteatro-altos-de-chavon\/\" \/>\n<meta property=\"og:site_name\" content=\"Casa de Campo Living\" \/>\n<meta property=\"article:publisher\" content=\"https:\/\/www.facebook.com\/casadecampoliving\" \/>\n<meta property=\"article:modified_time\" content=\"2022-10-21T21:49:16+00:00\" \/>\n<meta property=\"og:image\" content=\"https:\/\/casadecampoliving-wp.s3-accelerate.amazonaws.com\/2014\/12\/ballet_dominicano_Altos_de_Chavon1.jpg\" \/>\n<meta name=\"twitter:card\" content=\"summary_large_image\" \/>\n<meta name=\"twitter:site\" content=\"@cdcliving\" \/>\n<meta name=\"twitter:label1\" content=\"Tiempo de lectura\" \/>\n\t<meta name=\"twitter:data1\" content=\"1 minuto\" \/>\n<script type=\"application\/ld+json\" class=\"yoast-schema-graph\">{\"@context\":\"https:\\\/\\\/schema.org\",\"@graph\":[{\"@type\":\"WebPage\",\"@id\":\"https:\\\/\\\/casadecampoliving.com\\\/es\\\/ballet-paso-a-voz-anfiteatro-altos-de-chavon\\\/\",\"url\":\"https:\\\/\\\/casadecampoliving.com\\\/es\\\/ballet-paso-a-voz-anfiteatro-altos-de-chavon\\\/\",\"name\":\"Ballet \\\"Paso a Voz\\\" en el anfiteatro de Altos de Chav\u00f3n | Casa de Campo Living\",\"isPartOf\":{\"@id\":\"https:\\\/\\\/casadecampoliving.com\\\/es\\\/#website\"},\"primaryImageOfPage\":{\"@id\":\"https:\\\/\\\/casadecampoliving.com\\\/es\\\/ballet-paso-a-voz-anfiteatro-altos-de-chavon\\\/#primaryimage\"},\"image\":{\"@id\":\"https:\\\/\\\/casadecampoliving.com\\\/es\\\/ballet-paso-a-voz-anfiteatro-altos-de-chavon\\\/#primaryimage\"},\"thumbnailUrl\":\"https:\\\/\\\/i0.wp.com\\\/casadecampoliving-wp.s3-accelerate.amazonaws.com\\\/2014\\\/12\\\/ballet_dominicano_Altos_de_Chavon1.jpg?resize=650%2C430&amp;ssl=1\",\"datePublished\":\"2014-12-04T21:05:22+00:00\",\"dateModified\":\"2022-10-21T21:49:16+00:00\",\"description\":\"\u00bfEst\u00e1 listo para un poco de cultura en esta Navidad en Altos de Chav\u00f3n? \u00bfS\u00ed? Pues entonces reserve la fecha para el s\u00e1bado 20 de diciembre y la\",\"breadcrumb\":{\"@id\":\"https:\\\/\\\/casadecampoliving.com\\\/es\\\/ballet-paso-a-voz-anfiteatro-altos-de-chavon\\\/#breadcrumb\"},\"inLanguage\":\"es\",\"potentialAction\":[{\"@type\":\"ReadAction\",\"target\":[\"https:\\\/\\\/casadecampoliving.com\\\/es\\\/ballet-paso-a-voz-anfiteatro-altos-de-chavon\\\/\"]}]},{\"@type\":\"ImageObject\",\"inLanguage\":\"es\",\"@id\":\"https:\\\/\\\/casadecampoliving.com\\\/es\\\/ballet-paso-a-voz-anfiteatro-altos-de-chavon\\\/#primaryimage\",\"url\":\"https:\\\/\\\/i0.wp.com\\\/casadecampoliving-wp.s3-accelerate.amazonaws.com\\\/2014\\\/12\\\/ballet_dominicano_Altos_de_Chavon1.jpg?resize=650%2C430&amp;ssl=1\",\"contentUrl\":\"https:\\\/\\\/i0.wp.com\\\/casadecampoliving-wp.s3-accelerate.amazonaws.com\\\/2014\\\/12\\\/ballet_dominicano_Altos_de_Chavon1.jpg?resize=650%2C430&amp;ssl=1\"},{\"@type\":\"BreadcrumbList\",\"@id\":\"https:\\\/\\\/casadecampoliving.com\\\/es\\\/ballet-paso-a-voz-anfiteatro-altos-de-chavon\\\/#breadcrumb\",\"itemListElement\":[{\"@type\":\"ListItem\",\"position\":1,\"name\":\"Home\",\"item\":\"https:\\\/\\\/casadecampoliving.com\\\/es\\\/\"},{\"@type\":\"ListItem\",\"position\":2,\"name\":\"Ballet &#8220;Paso a Voz&#8221; en el anfiteatro de Altos de Chav\u00f3n\"}]},{\"@type\":\"WebSite\",\"@id\":\"https:\\\/\\\/casadecampoliving.com\\\/es\\\/#website\",\"url\":\"https:\\\/\\\/casadecampoliving.com\\\/es\\\/\",\"name\":\"Casa de Campo Living\",\"description\":\"Resort community news and resources.\",\"publisher\":{\"@id\":\"https:\\\/\\\/casadecampoliving.com\\\/es\\\/#organization\"},\"potentialAction\":[{\"@type\":\"SearchAction\",\"target\":{\"@type\":\"EntryPoint\",\"urlTemplate\":\"https:\\\/\\\/casadecampoliving.com\\\/es\\\/?s={search_term_string}\"},\"query-input\":{\"@type\":\"PropertyValueSpecification\",\"valueRequired\":true,\"valueName\":\"search_term_string\"}}],\"inLanguage\":\"es\"},{\"@type\":\"Organization\",\"@id\":\"https:\\\/\\\/casadecampoliving.com\\\/es\\\/#organization\",\"name\":\"Casa de Campo Living\",\"url\":\"https:\\\/\\\/casadecampoliving.com\\\/es\\\/\",\"logo\":{\"@type\":\"ImageObject\",\"inLanguage\":\"es\",\"@id\":\"https:\\\/\\\/casadecampoliving.com\\\/es\\\/#\\\/schema\\\/logo\\\/image\\\/\",\"url\":\"https:\\\/\\\/i0.wp.com\\\/casadecampoliving.com\\\/wp-content\\\/uploads\\\/2022\\\/07\\\/CDCLivingLogo_V1-white-sized.png?fit=800%2C214&ssl=1\",\"contentUrl\":\"https:\\\/\\\/i0.wp.com\\\/casadecampoliving.com\\\/wp-content\\\/uploads\\\/2022\\\/07\\\/CDCLivingLogo_V1-white-sized.png?fit=800%2C214&ssl=1\",\"width\":800,\"height\":214,\"caption\":\"Casa de Campo Living\"},\"image\":{\"@id\":\"https:\\\/\\\/casadecampoliving.com\\\/es\\\/#\\\/schema\\\/logo\\\/image\\\/\"},\"sameAs\":[\"https:\\\/\\\/www.facebook.com\\\/casadecampoliving\",\"https:\\\/\\\/x.com\\\/cdcliving\"]}]}<\/script>\n<!-- \/ Yoast SEO plugin. -->","yoast_head_json":{"title":"Ballet \"Paso a Voz\" en el anfiteatro de Altos de Chav\u00f3n | Casa de Campo Living","description":"\u00bfEst\u00e1 listo para un poco de cultura en esta Navidad en Altos de Chav\u00f3n? \u00bfS\u00ed? Pues entonces reserve la fecha para el s\u00e1bado 20 de diciembre y la","robots":{"index":"index","follow":"follow","max-snippet":"max-snippet:-1","max-image-preview":"max-image-preview:large","max-video-preview":"max-video-preview:-1"},"canonical":"https:\/\/casadecampoliving.com\/es\/ballet-paso-a-voz-anfiteatro-altos-de-chavon\/","og_locale":"es_ES","og_type":"article","og_title":"Ballet \"Paso a Voz\" en el anfiteatro de Altos de Chav\u00f3n | Casa de Campo Living","og_description":"\u00bfEst\u00e1 listo para un poco de cultura en esta Navidad en Altos de Chav\u00f3n? \u00bfS\u00ed? Pues entonces reserve la fecha para el s\u00e1bado 20 de diciembre y la","og_url":"https:\/\/casadecampoliving.com\/es\/ballet-paso-a-voz-anfiteatro-altos-de-chavon\/","og_site_name":"Casa de Campo Living","article_publisher":"https:\/\/www.facebook.com\/casadecampoliving","article_modified_time":"2022-10-21T21:49:16+00:00","og_image":[{"url":"https:\/\/casadecampoliving-wp.s3-accelerate.amazonaws.com\/2014\/12\/ballet_dominicano_Altos_de_Chavon1.jpg","type":"","width":"","height":""}],"twitter_card":"summary_large_image","twitter_site":"@cdcliving","twitter_misc":{"Tiempo de lectura":"1 minuto"},"schema":{"@context":"https:\/\/schema.org","@graph":[{"@type":"WebPage","@id":"https:\/\/casadecampoliving.com\/es\/ballet-paso-a-voz-anfiteatro-altos-de-chavon\/","url":"https:\/\/casadecampoliving.com\/es\/ballet-paso-a-voz-anfiteatro-altos-de-chavon\/","name":"Ballet \"Paso a Voz\" en el anfiteatro de Altos de Chav\u00f3n | Casa de Campo Living","isPartOf":{"@id":"https:\/\/casadecampoliving.com\/es\/#website"},"primaryImageOfPage":{"@id":"https:\/\/casadecampoliving.com\/es\/ballet-paso-a-voz-anfiteatro-altos-de-chavon\/#primaryimage"},"image":{"@id":"https:\/\/casadecampoliving.com\/es\/ballet-paso-a-voz-anfiteatro-altos-de-chavon\/#primaryimage"},"thumbnailUrl":"https:\/\/i0.wp.com\/casadecampoliving-wp.s3-accelerate.amazonaws.com\/2014\/12\/ballet_dominicano_Altos_de_Chavon1.jpg?resize=650%2C430&amp;ssl=1","datePublished":"2014-12-04T21:05:22+00:00","dateModified":"2022-10-21T21:49:16+00:00","description":"\u00bfEst\u00e1 listo para un poco de cultura en esta Navidad en Altos de Chav\u00f3n? \u00bfS\u00ed? Pues entonces reserve la fecha para el s\u00e1bado 20 de diciembre y la","breadcrumb":{"@id":"https:\/\/casadecampoliving.com\/es\/ballet-paso-a-voz-anfiteatro-altos-de-chavon\/#breadcrumb"},"inLanguage":"es","potentialAction":[{"@type":"ReadAction","target":["https:\/\/casadecampoliving.com\/es\/ballet-paso-a-voz-anfiteatro-altos-de-chavon\/"]}]},{"@type":"ImageObject","inLanguage":"es","@id":"https:\/\/casadecampoliving.com\/es\/ballet-paso-a-voz-anfiteatro-altos-de-chavon\/#primaryimage","url":"https:\/\/i0.wp.com\/casadecampoliving-wp.s3-accelerate.amazonaws.com\/2014\/12\/ballet_dominicano_Altos_de_Chavon1.jpg?resize=650%2C430&amp;ssl=1","contentUrl":"https:\/\/i0.wp.com\/casadecampoliving-wp.s3-accelerate.amazonaws.com\/2014\/12\/ballet_dominicano_Altos_de_Chavon1.jpg?resize=650%2C430&amp;ssl=1"},{"@type":"BreadcrumbList","@id":"https:\/\/casadecampoliving.com\/es\/ballet-paso-a-voz-anfiteatro-altos-de-chavon\/#breadcrumb","itemListElement":[{"@type":"ListItem","position":1,"name":"Home","item":"https:\/\/casadecampoliving.com\/es\/"},{"@type":"ListItem","position":2,"name":"Ballet &#8220;Paso a Voz&#8221; en el anfiteatro de Altos de Chav\u00f3n"}]},{"@type":"WebSite","@id":"https:\/\/casadecampoliving.com\/es\/#website","url":"https:\/\/casadecampoliving.com\/es\/","name":"Casa de Campo Living","description":"Resort community news and resources.","publisher":{"@id":"https:\/\/casadecampoliving.com\/es\/#organization"},"potentialAction":[{"@type":"SearchAction","target":{"@type":"EntryPoint","urlTemplate":"https:\/\/casadecampoliving.com\/es\/?s={search_term_string}"},"query-input":{"@type":"PropertyValueSpecification","valueRequired":true,"valueName":"search_term_string"}}],"inLanguage":"es"},{"@type":"Organization","@id":"https:\/\/casadecampoliving.com\/es\/#organization","name":"Casa de Campo Living","url":"https:\/\/casadecampoliving.com\/es\/","logo":{"@type":"ImageObject","inLanguage":"es","@id":"https:\/\/casadecampoliving.com\/es\/#\/schema\/logo\/image\/","url":"https:\/\/i0.wp.com\/casadecampoliving.com\/wp-content\/uploads\/2022\/07\/CDCLivingLogo_V1-white-sized.png?fit=800%2C214&ssl=1","contentUrl":"https:\/\/i0.wp.com\/casadecampoliving.com\/wp-content\/uploads\/2022\/07\/CDCLivingLogo_V1-white-sized.png?fit=800%2C214&ssl=1","width":800,"height":214,"caption":"Casa de Campo Living"},"image":{"@id":"https:\/\/casadecampoliving.com\/es\/#\/schema\/logo\/image\/"},"sameAs":["https:\/\/www.facebook.com\/casadecampoliving","https:\/\/x.com\/cdcliving"]}]}},"parsely":{"version":"1.1.0","canonical_url":"https:\/\/casadecampoliving.com\/es\/ballet-paso-a-voz-anfiteatro-altos-de-chavon\/","smart_links":{"inbound":0,"outbound":0},"traffic_boost_suggestions_count":0,"meta":{"@context":"https:\/\/schema.org","@type":"WebPage","headline":"Ballet \u00abPaso a Voz\u00bb en el anfiteatro de Altos de Chav\u00f3n","url":"http:\/\/casadecampoliving.com\/es\/ballet-paso-a-voz-anfiteatro-altos-de-chavon\/","mainEntityOfPage":{"@type":"WebPage","@id":"http:\/\/casadecampoliving.com\/es\/ballet-paso-a-voz-anfiteatro-altos-de-chavon\/"},"thumbnailUrl":"","image":{"@type":"ImageObject","url":""},"articleSection":"Uncategorized @es","author":[{"@type":"Person","name":"Rebecca Silvestri"}],"creator":["Rebecca Silvestri"],"publisher":{"@type":"Organization","name":"Casa de Campo Living","logo":"https:\/\/casadecampoliving.com\/wp-content\/uploads\/2022\/07\/CDCLivingLogo_V1-white-sized.png"},"keywords":[],"dateCreated":"2014-12-04T21:05:22Z","datePublished":"2014-12-04T21:05:22Z","dateModified":"2022-10-21T21:49:16Z"},"rendered":"<script type=\"application\/ld+json\" class=\"wp-parsely-metadata\">{\"@context\":\"https:\\\/\\\/schema.org\",\"@type\":\"WebPage\",\"headline\":\"Ballet \\u00abPaso a Voz\\u00bb en el anfiteatro de Altos de Chav\\u00f3n\",\"url\":\"http:\\\/\\\/casadecampoliving.com\\\/es\\\/ballet-paso-a-voz-anfiteatro-altos-de-chavon\\\/\",\"mainEntityOfPage\":{\"@type\":\"WebPage\",\"@id\":\"http:\\\/\\\/casadecampoliving.com\\\/es\\\/ballet-paso-a-voz-anfiteatro-altos-de-chavon\\\/\"},\"thumbnailUrl\":\"\",\"image\":{\"@type\":\"ImageObject\",\"url\":\"\"},\"articleSection\":\"Uncategorized @es\",\"author\":[{\"@type\":\"Person\",\"name\":\"Rebecca Silvestri\"}],\"creator\":[\"Rebecca Silvestri\"],\"publisher\":{\"@type\":\"Organization\",\"name\":\"Casa de Campo Living\",\"logo\":\"https:\\\/\\\/casadecampoliving.com\\\/wp-content\\\/uploads\\\/2022\\\/07\\\/CDCLivingLogo_V1-white-sized.png\"},\"keywords\":[],\"dateCreated\":\"2014-12-04T21:05:22Z\",\"datePublished\":\"2014-12-04T21:05:22Z\",\"dateModified\":\"2022-10-21T21:49:16Z\"}<\/script>","tracker_url":"https:\/\/cdn.parsely.com\/keys\/casadecampoliving.com\/p.js"},"jetpack-related-posts":[{"id":82542,"url":"https:\/\/casadecampoliving.com\/es\/altos-de-chavon-programa-de-fiestas\/","url_meta":{"origin":103528,"position":0},"title":"Altos de Chav\u00f3n Programa de Fiestas 2013","author":"Rebecca Silvestri","date":"7 Dic, 2013","format":false,"excerpt":"Las navidades en Altos de Chav\u00f3n se han convertido en una verdadera tradici\u00f3n en Casa de Campo y todo el pa\u00eds. Por su belleza arquitect\u00f3nica y ambiente id\u00edlico, Altos de Chav\u00f3n es el anfitri\u00f3n perfecto para celebrar la navidad en grande. \u00a1Todas los eventos han sido confirmados!\u00a0aqu\u00ed esta el horario\u2026","rel":"","context":"Entrada similar","block_context":{"text":"Entrada similar","link":""},"img":{"alt_text":"Altos de Chavon holiday program","src":"https:\/\/i0.wp.com\/casadecampoliving.com\/wp-content\/uploads\/2013\/12\/altos_de_chavon_holiday_program.jpg?fit=650%2C454&ssl=1&resize=350%2C200","width":350,"height":200,"srcset":"https:\/\/i0.wp.com\/casadecampoliving.com\/wp-content\/uploads\/2013\/12\/altos_de_chavon_holiday_program.jpg?fit=650%2C454&ssl=1&resize=350%2C200 1x, https:\/\/i0.wp.com\/casadecampoliving.com\/wp-content\/uploads\/2013\/12\/altos_de_chavon_holiday_program.jpg?fit=650%2C454&ssl=1&resize=525%2C300 1.5x"},"classes":[]},{"id":82591,"url":"https:\/\/casadecampoliving.com\/es\/fiesta-concierto-con-benny-the-cupids\/","url_meta":{"origin":103528,"position":1},"title":"Fiesta concierto con \u201cBenny &#038; the Cupids\u201d &#8211; dic. 29","author":"Rebecca Silvestri","date":"7 Dic, 2013","format":false,"excerpt":"Una gran banda con la poderosa voz de Benny Hidalgo y destacad\u00edsimos m\u00fasicos dominicanos. The Cupids bajo la direcci\u00f3n de Rigo Zapata nos regalaran su amplio repertorio de Blues, Pop, R&B y Rock. Fiesta Concierto con \u201cBenny & the Cupids\u201d\u2022 Domingo diciembre 29, 9pm\u2022 Plaza Chav\u00f3n, Altos de Chav\u00f3n \u00a1\u00c9poca\u00a0navide\u00f1a\u2026","rel":"","context":"Entrada similar","block_context":{"text":"Entrada similar","link":""},"img":{"alt_text":"Benny and The Cupids","src":"https:\/\/i0.wp.com\/casadecampoliving.com\/wp-content\/uploads\/2013\/12\/benny_and_the_cupids.jpg?fit=650%2C515&ssl=1&resize=350%2C200","width":350,"height":200,"srcset":"https:\/\/i0.wp.com\/casadecampoliving.com\/wp-content\/uploads\/2013\/12\/benny_and_the_cupids.jpg?fit=650%2C515&ssl=1&resize=350%2C200 1x, https:\/\/i0.wp.com\/casadecampoliving.com\/wp-content\/uploads\/2013\/12\/benny_and_the_cupids.jpg?fit=650%2C515&ssl=1&resize=525%2C300 1.5x"},"classes":[]},{"id":82556,"url":"https:\/\/casadecampoliving.com\/es\/ballet-otono-danza\/","url_meta":{"origin":103528,"position":2},"title":"Ballet \u00abOto\u00f1o Danza\u00bb &#8211; dic. 14","author":"Rebecca Silvestri","date":"7 Dic, 2013","format":false,"excerpt":"Oto\u00f1o Danza es la \u00faltima gala del a\u00f1o del Ballet Nacional Dominicano y en esta ocasi\u00f3n las coreograf\u00edas son frescos montajes enmarcados en una bell\u00edsima m\u00fasica barroca, siempre mostrando lo mejor del talento dominicano en la danza. Con el auspicio del Ministerio de Cultura de la Rep\u00fablica Dominicana.Dirigido por la\u2026","rel":"","context":"Entrada similar","block_context":{"text":"Entrada similar","link":""},"img":{"alt_text":"Oto\u00f1o Danza Ballet","src":"https:\/\/i0.wp.com\/casadecampoliving.com\/wp-content\/uploads\/2013\/12\/otono_danza_ballet.jpg?fit=650%2C369&ssl=1&resize=350%2C200","width":350,"height":200,"srcset":"https:\/\/i0.wp.com\/casadecampoliving.com\/wp-content\/uploads\/2013\/12\/otono_danza_ballet.jpg?fit=650%2C369&ssl=1&resize=350%2C200 1x, https:\/\/i0.wp.com\/casadecampoliving.com\/wp-content\/uploads\/2013\/12\/otono_danza_ballet.jpg?fit=650%2C369&ssl=1&resize=525%2C300 1.5x"},"classes":[]},{"id":61854,"url":"https:\/\/casadecampoliving.com\/es\/julio-iglesias-boletas-a-la-venta-en-fundacion-mir\/","url_meta":{"origin":103528,"position":3},"title":"Julio Iglesias &#8211; boletas a la venta en Fundaci\u00f3n MIR!","author":"Rebecca Silvestri","date":"7 Dic, 2012","format":false,"excerpt":"Grandiosa noticia! No s\u00f3lo est\u00e1n a la venta ya las esperadas boletas del concierto de Julio Iglesias en Altos de Chav\u00f3n \u2013 tambi\u00e9n un 20% de las ventas de estas boletas, realizadas por la Fundaci\u00f3n MIR ir\u00e1 a beneficio de esta fabulosa fundaci\u00f3n que en la actualidad administra tres escuelas\u2026","rel":"","context":"Entrada similar","block_context":{"text":"Entrada similar","link":""},"img":{"alt_text":"julio iglesias","src":"https:\/\/i0.wp.com\/casadecampoliving.com\/wp-content\/uploads\/2012\/12\/Julio-iglesias.jpg?fit=650%2C541&ssl=1&resize=350%2C200","width":350,"height":200,"srcset":"https:\/\/i0.wp.com\/casadecampoliving.com\/wp-content\/uploads\/2012\/12\/Julio-iglesias.jpg?fit=650%2C541&ssl=1&resize=350%2C200 1x, https:\/\/i0.wp.com\/casadecampoliving.com\/wp-content\/uploads\/2012\/12\/Julio-iglesias.jpg?fit=650%2C541&ssl=1&resize=525%2C300 1.5x"},"classes":[]},{"id":55361,"url":"https:\/\/casadecampoliving.com\/es\/anfiteatro\/","url_meta":{"origin":103528,"position":4},"title":"Anfiteatro Altos de Chav\u00f3n: Un Escenario para el Mundo","author":"Rebecca Silvestri","date":"31 Jul, 2012","format":false,"excerpt":"\u00cdcono de Casa de Campo y de la Rep\u00fablica Dominicana, el Anfiteatro de Altos de Chav\u00f3n ha recibido en su escenario al aire libre a algunas de las estrellas m\u00e1s importantes del mundo. Dise\u00f1ado por el artista italiano Roberto Coppa en 1976, este anfiteatro de estilo griego con capacidad para\u2026","rel":"","context":"Entrada similar","block_context":{"text":"Entrada similar","link":""},"img":{"alt_text":"","src":"https:\/\/i0.wp.com\/casadecampoliving.com\/wp-content\/uploads\/2025\/06\/AltosdeChavon_Amphitheater-scaled.jpg?fit=1200%2C925&ssl=1&resize=350%2C200","width":350,"height":200,"srcset":"https:\/\/i0.wp.com\/casadecampoliving.com\/wp-content\/uploads\/2025\/06\/AltosdeChavon_Amphitheater-scaled.jpg?fit=1200%2C925&ssl=1&resize=350%2C200 1x, https:\/\/i0.wp.com\/casadecampoliving.com\/wp-content\/uploads\/2025\/06\/AltosdeChavon_Amphitheater-scaled.jpg?fit=1200%2C925&ssl=1&resize=525%2C300 1.5x, https:\/\/i0.wp.com\/casadecampoliving.com\/wp-content\/uploads\/2025\/06\/AltosdeChavon_Amphitheater-scaled.jpg?fit=1200%2C925&ssl=1&resize=700%2C400 2x, https:\/\/i0.wp.com\/casadecampoliving.com\/wp-content\/uploads\/2025\/06\/AltosdeChavon_Amphitheater-scaled.jpg?fit=1200%2C925&ssl=1&resize=1050%2C600 3x"},"classes":[]},{"id":59513,"url":"https:\/\/casadecampoliving.com\/es\/atracciones\/","url_meta":{"origin":103528,"position":5},"title":"Atracciones y cosas para hacer en Casa de Campo","author":"Rebecca Silvestri","date":"18 Oct, 2012","format":false,"excerpt":"A\u00fan cuando hay muchas actividades deportivas en las cuales puede participar durante su estad\u00eda en el inmenso Resort Casa de Campo, hay otras incontables opciones de TODO lo que puede disfrutar! Aqu\u00ed algunos de nuestros lugares favoritos para visitar y actividades para hacer en Casa de Campo: Altos de Chav\u00f3nCompletado\u2026","rel":"","context":"Entrada similar","block_context":{"text":"Entrada similar","link":""},"img":{"alt_text":"","src":"https:\/\/i0.wp.com\/casadecampoliving.com\/wp-content\/uploads\/2012\/07\/marina_casa_de_campo6.jpg?fit=1200%2C900&ssl=1&resize=350%2C200","width":350,"height":200,"srcset":"https:\/\/i0.wp.com\/casadecampoliving.com\/wp-content\/uploads\/2012\/07\/marina_casa_de_campo6.jpg?fit=1200%2C900&ssl=1&resize=350%2C200 1x, https:\/\/i0.wp.com\/casadecampoliving.com\/wp-content\/uploads\/2012\/07\/marina_casa_de_campo6.jpg?fit=1200%2C900&ssl=1&resize=525%2C300 1.5x, https:\/\/i0.wp.com\/casadecampoliving.com\/wp-content\/uploads\/2012\/07\/marina_casa_de_campo6.jpg?fit=1200%2C900&ssl=1&resize=700%2C400 2x, https:\/\/i0.wp.com\/casadecampoliving.com\/wp-content\/uploads\/2012\/07\/marina_casa_de_campo6.jpg?fit=1200%2C900&ssl=1&resize=1050%2C600 3x"},"classes":[]}],"jetpack_sharing_enabled":true,"_links":{"self":[{"href":"https:\/\/casadecampoliving.com\/es\/wp-json\/wp\/v2\/pages\/103528","targetHints":{"allow":["GET"]}}],"collection":[{"href":"https:\/\/casadecampoliving.com\/es\/wp-json\/wp\/v2\/pages"}],"about":[{"href":"https:\/\/casadecampoliving.com\/es\/wp-json\/wp\/v2\/types\/page"}],"author":[{"embeddable":true,"href":"https:\/\/casadecampoliving.com\/es\/wp-json\/wp\/v2\/users\/31"}],"replies":[{"embeddable":true,"href":"https:\/\/casadecampoliving.com\/es\/wp-json\/wp\/v2\/comments?post=103528"}],"version-history":[{"count":0,"href":"https:\/\/casadecampoliving.com\/es\/wp-json\/wp\/v2\/pages\/103528\/revisions"}],"wp:attachment":[{"href":"https:\/\/casadecampoliving.com\/es\/wp-json\/wp\/v2\/media?parent=103528"}],"wp:term":[{"taxonomy":"newspack_spnsrs_tax","embeddable":true,"href":"https:\/\/casadecampoliving.com\/es\/wp-json\/wp\/v2\/newspack_spnsrs_tax?post=103528"}],"curies":[{"name":"wp","href":"https:\/\/api.w.org\/{rel}","templated":true}]}}