{"id":103516,"date":"2014-12-04T16:54:38","date_gmt":"2014-12-04T20:54:38","guid":{"rendered":"http:\/\/casadecampoliving.com\/?page_id=103516"},"modified":"2022-10-21T17:49:00","modified_gmt":"2022-10-21T21:49:00","slug":"toque-profundo-altos-de-chavon","status":"publish","type":"page","link":"https:\/\/casadecampoliving.com\/es\/toque-profundo-altos-de-chavon\/","title":{"rendered":"Rock on the Rocks: Toque Profundo en Altos de Chav\u00f3n"},"content":{"rendered":"<div class=\"wp-block-image\">\n<figure class=\"aligncenter is-resized\"><img loading=\"lazy\" decoding=\"async\" src=\"https:\/\/i0.wp.com\/casadecampoliving-wp.s3-accelerate.amazonaws.com\/2014\/11\/Toque_profundo.png?resize=650%2C603&amp;ssl=1\" alt=\"Toque_profundo\" class=\"wp-image-102659\" height=\"603\" width=\"650\" srcset=\"https:\/\/i0.wp.com\/casadecampoliving.com\/wp-content\/uploads\/2014\/11\/Toque_profundo.png?w=586&amp;ssl=1 586w, https:\/\/i0.wp.com\/casadecampoliving.com\/wp-content\/uploads\/2014\/11\/Toque_profundo.png?resize=300%2C278&amp;ssl=1 300w, https:\/\/i0.wp.com\/casadecampoliving-wp.s3-accelerate.amazonaws.com\/2014\/11\/Toque_profundo.png?w=370 370w, https:\/\/i0.wp.com\/casadecampoliving-wp.s3-accelerate.amazonaws.com\/2014\/11\/Toque_profundo.png?w=400 400w\" sizes=\"auto, (max-width: 650px) 100vw, 650px\" \/><\/figure>\n<\/div>\n\n\n<p>El s\u00e1bado 27 de diciembre, Toque Profundo, pionera entre las bandas de rock dominicanas estremecer\u00e1n las piedras con un animado concierto en la Plaza Chav\u00f3n en Altos de Chav\u00f3n.<\/p>\n\n\n\n<!--more-->\n\n\n\n<p>Una vez m\u00e1s Altos de Chav\u00f3n le da la bienvenida a que los artistas dominicanos nos enamoren de sus talentos y sus creativas canciones durante la maravillosa temporada Navide\u00f1a.<\/p>\n\n\n<div class=\"wp-block-image\">\n<figure class=\"alignright is-resized\"><img loading=\"lazy\" decoding=\"async\" src=\"https:\/\/i0.wp.com\/casadecampoliving-wp.s3-accelerate.amazonaws.com\/2014\/11\/Toque_profundo_chavon_plaza-300x219.png?resize=300%2C219&amp;ssl=1\" alt=\"Toque_profundo_chavon_plaza\" class=\"wp-image-102660\" height=\"219\" width=\"300\" srcset=\"https:\/\/i0.wp.com\/casadecampoliving.com\/wp-content\/uploads\/2014\/11\/Toque_profundo_chavon_plaza.png?resize=300%2C219&amp;ssl=1 300w, https:\/\/i0.wp.com\/casadecampoliving.com\/wp-content\/uploads\/2014\/11\/Toque_profundo_chavon_plaza.png?w=580&amp;ssl=1 580w, https:\/\/i0.wp.com\/casadecampoliving-wp.s3-accelerate.amazonaws.com\/2014\/11\/Toque_profundo_chavon_plaza-300x219.png?w=370 370w, https:\/\/i0.wp.com\/casadecampoliving-wp.s3-accelerate.amazonaws.com\/2014\/11\/Toque_profundo_chavon_plaza-300x219.png?w=400 400w\" sizes=\"auto, (max-width: 300px) 100vw, 300px\" \/><\/figure>\n<\/div>\n\n\n<p>Este diciembre&nbsp;Tony Almont, Tom\u00e1s \u00c1lvarez, Joel Lazala y Clemente Portillo har\u00e1n que las piedras de la PLaza Chav\u00f3n cobren vida con su asombrosa m\u00fasica. Las letras profundas y melod\u00edas sensacionales que tocar\u00e1 este grupo los tendr\u00e1n bailando toda la noche\u2026 \u00a1literalmente estremeciendo las rocas!<\/p>\n\n\n\n<p>Toque Profundo es una banda de rock alternativo que empez\u00f3 en Santo Domingo en 1989 y que ha sido premiada con muchos galardones nacionales e internacionales. Este a\u00f1o ganaron el Soberano por Grupo de Rock Especial.<\/p>\n\n\n\n<p>Prep\u00e1rese para ser sorprendido por estos m\u00fasicos talentosos en la Plaza Chav\u00f3n, el S\u00e1bado 27 de diciembre.<\/p>\n\n\n\n<p>Mire <strong><a href=\"http:\/\/todo.fm\/es\" target=\"_blank\">www.TODO.fm\/es<\/a>&nbsp;<\/strong>para el calendario completo de los eventos.<\/p>\n\n\n\n<blockquote><h3>Rock on the Rocks: Toque Profundo<\/h3><p><strong>Cu\u00e1ndo:<\/strong>&nbsp;S\u00e1bado 27 de diciembre<\/p><p><strong>Horario:<\/strong> 9:30pm<\/p><p><strong>D\u00f3nde:<\/strong> Chav\u00f3n Plaza, Altos de Chav\u00f3n<\/p><p><strong>Costo:<\/strong> Cortes\u00eda<\/p><p><strong>Contacto:<\/strong> (809) 523-2424<\/p><\/blockquote>\n","protected":false},"excerpt":{"rendered":"<p>El s\u00e1bado 27 de diciembre, Toque Profundo, pionera entre las bandas de rock dominicanas estremecer\u00e1n las piedras con un animado concierto en la Plaza Chav\u00f3n en Altos de Chav\u00f3n.<\/p>\n","protected":false},"author":31,"featured_media":0,"parent":0,"menu_order":0,"comment_status":"closed","ping_status":"closed","template":"","meta":{"newspack_ads_suppress_ads":false,"newspack_popups_has_disabled_popups":false,"newspack_sponsor_sponsorship_scope":"","newspack_sponsor_native_byline_display":"inherit","newspack_sponsor_native_category_display":"inherit","newspack_sponsor_underwriter_style":"inherit","newspack_sponsor_underwriter_placement":"inherit","newspack_content_restriction_is_exempt":false,"newspack_featured_image_position":"","newspack_hide_page_title":false,"newspack_show_share_buttons":false,"footnotes":""},"newspack_spnsrs_tax":[],"class_list":["post-103516","page","type-page","status-publish","hentry","entry"],"yoast_head":"<!-- This site is optimized with the Yoast SEO plugin v27.3 - https:\/\/yoast.com\/product\/yoast-seo-wordpress\/ -->\n<title>Rock on the Rocks: Toque Profundo en Altos de Chav\u00f3n | Casa de Campo Living<\/title>\n<meta name=\"description\" content=\"El s\u00e1bado 27 de diciembre, Toque Profundo, pionera entre las bandas de rock dominicanas estremecer\u00e1n las piedras con un animado concierto en la Plaza\" \/>\n<meta name=\"robots\" content=\"index, follow, max-snippet:-1, max-image-preview:large, max-video-preview:-1\" \/>\n<link rel=\"canonical\" href=\"https:\/\/casadecampoliving.com\/es\/toque-profundo-altos-de-chavon\/\" \/>\n<meta property=\"og:locale\" content=\"es_ES\" \/>\n<meta property=\"og:type\" content=\"article\" \/>\n<meta property=\"og:title\" content=\"Rock on the Rocks: Toque Profundo en Altos de Chav\u00f3n | Casa de Campo Living\" \/>\n<meta property=\"og:description\" content=\"El s\u00e1bado 27 de diciembre, Toque Profundo, pionera entre las bandas de rock dominicanas estremecer\u00e1n las piedras con un animado concierto en la Plaza\" \/>\n<meta property=\"og:url\" content=\"https:\/\/casadecampoliving.com\/es\/toque-profundo-altos-de-chavon\/\" \/>\n<meta property=\"og:site_name\" content=\"Casa de Campo Living\" \/>\n<meta property=\"article:publisher\" content=\"https:\/\/www.facebook.com\/casadecampoliving\" \/>\n<meta property=\"article:modified_time\" content=\"2022-10-21T21:49:00+00:00\" \/>\n<meta property=\"og:image\" content=\"https:\/\/casadecampoliving-wp.s3-accelerate.amazonaws.com\/2014\/11\/Toque_profundo.png\" \/>\n<meta name=\"twitter:card\" content=\"summary_large_image\" \/>\n<meta name=\"twitter:site\" content=\"@cdcliving\" \/>\n<meta name=\"twitter:label1\" content=\"Tiempo de lectura\" \/>\n\t<meta name=\"twitter:data1\" content=\"1 minuto\" \/>\n<script type=\"application\/ld+json\" class=\"yoast-schema-graph\">{\"@context\":\"https:\\\/\\\/schema.org\",\"@graph\":[{\"@type\":\"WebPage\",\"@id\":\"https:\\\/\\\/casadecampoliving.com\\\/es\\\/toque-profundo-altos-de-chavon\\\/\",\"url\":\"https:\\\/\\\/casadecampoliving.com\\\/es\\\/toque-profundo-altos-de-chavon\\\/\",\"name\":\"Rock on the Rocks: Toque Profundo en Altos de Chav\u00f3n | Casa de Campo Living\",\"isPartOf\":{\"@id\":\"https:\\\/\\\/casadecampoliving.com\\\/es\\\/#website\"},\"primaryImageOfPage\":{\"@id\":\"https:\\\/\\\/casadecampoliving.com\\\/es\\\/toque-profundo-altos-de-chavon\\\/#primaryimage\"},\"image\":{\"@id\":\"https:\\\/\\\/casadecampoliving.com\\\/es\\\/toque-profundo-altos-de-chavon\\\/#primaryimage\"},\"thumbnailUrl\":\"https:\\\/\\\/i0.wp.com\\\/casadecampoliving-wp.s3-accelerate.amazonaws.com\\\/2014\\\/11\\\/Toque_profundo.png?resize=650%2C603&amp;ssl=1\",\"datePublished\":\"2014-12-04T20:54:38+00:00\",\"dateModified\":\"2022-10-21T21:49:00+00:00\",\"description\":\"El s\u00e1bado 27 de diciembre, Toque Profundo, pionera entre las bandas de rock dominicanas estremecer\u00e1n las piedras con un animado concierto en la Plaza\",\"breadcrumb\":{\"@id\":\"https:\\\/\\\/casadecampoliving.com\\\/es\\\/toque-profundo-altos-de-chavon\\\/#breadcrumb\"},\"inLanguage\":\"es\",\"potentialAction\":[{\"@type\":\"ReadAction\",\"target\":[\"https:\\\/\\\/casadecampoliving.com\\\/es\\\/toque-profundo-altos-de-chavon\\\/\"]}]},{\"@type\":\"ImageObject\",\"inLanguage\":\"es\",\"@id\":\"https:\\\/\\\/casadecampoliving.com\\\/es\\\/toque-profundo-altos-de-chavon\\\/#primaryimage\",\"url\":\"https:\\\/\\\/i0.wp.com\\\/casadecampoliving-wp.s3-accelerate.amazonaws.com\\\/2014\\\/11\\\/Toque_profundo.png?resize=650%2C603&amp;ssl=1\",\"contentUrl\":\"https:\\\/\\\/i0.wp.com\\\/casadecampoliving-wp.s3-accelerate.amazonaws.com\\\/2014\\\/11\\\/Toque_profundo.png?resize=650%2C603&amp;ssl=1\"},{\"@type\":\"BreadcrumbList\",\"@id\":\"https:\\\/\\\/casadecampoliving.com\\\/es\\\/toque-profundo-altos-de-chavon\\\/#breadcrumb\",\"itemListElement\":[{\"@type\":\"ListItem\",\"position\":1,\"name\":\"Home\",\"item\":\"https:\\\/\\\/casadecampoliving.com\\\/es\\\/\"},{\"@type\":\"ListItem\",\"position\":2,\"name\":\"Rock on the Rocks: Toque Profundo en Altos de Chav\u00f3n\"}]},{\"@type\":\"WebSite\",\"@id\":\"https:\\\/\\\/casadecampoliving.com\\\/es\\\/#website\",\"url\":\"https:\\\/\\\/casadecampoliving.com\\\/es\\\/\",\"name\":\"Casa de Campo Living\",\"description\":\"Resort community news and resources.\",\"publisher\":{\"@id\":\"https:\\\/\\\/casadecampoliving.com\\\/es\\\/#organization\"},\"potentialAction\":[{\"@type\":\"SearchAction\",\"target\":{\"@type\":\"EntryPoint\",\"urlTemplate\":\"https:\\\/\\\/casadecampoliving.com\\\/es\\\/?s={search_term_string}\"},\"query-input\":{\"@type\":\"PropertyValueSpecification\",\"valueRequired\":true,\"valueName\":\"search_term_string\"}}],\"inLanguage\":\"es\"},{\"@type\":\"Organization\",\"@id\":\"https:\\\/\\\/casadecampoliving.com\\\/es\\\/#organization\",\"name\":\"Casa de Campo Living\",\"url\":\"https:\\\/\\\/casadecampoliving.com\\\/es\\\/\",\"logo\":{\"@type\":\"ImageObject\",\"inLanguage\":\"es\",\"@id\":\"https:\\\/\\\/casadecampoliving.com\\\/es\\\/#\\\/schema\\\/logo\\\/image\\\/\",\"url\":\"https:\\\/\\\/i0.wp.com\\\/casadecampoliving.com\\\/wp-content\\\/uploads\\\/2022\\\/07\\\/CDCLivingLogo_V1-white-sized.png?fit=800%2C214&ssl=1\",\"contentUrl\":\"https:\\\/\\\/i0.wp.com\\\/casadecampoliving.com\\\/wp-content\\\/uploads\\\/2022\\\/07\\\/CDCLivingLogo_V1-white-sized.png?fit=800%2C214&ssl=1\",\"width\":800,\"height\":214,\"caption\":\"Casa de Campo Living\"},\"image\":{\"@id\":\"https:\\\/\\\/casadecampoliving.com\\\/es\\\/#\\\/schema\\\/logo\\\/image\\\/\"},\"sameAs\":[\"https:\\\/\\\/www.facebook.com\\\/casadecampoliving\",\"https:\\\/\\\/x.com\\\/cdcliving\"]}]}<\/script>\n<!-- \/ Yoast SEO plugin. -->","yoast_head_json":{"title":"Rock on the Rocks: Toque Profundo en Altos de Chav\u00f3n | Casa de Campo Living","description":"El s\u00e1bado 27 de diciembre, Toque Profundo, pionera entre las bandas de rock dominicanas estremecer\u00e1n las piedras con un animado concierto en la Plaza","robots":{"index":"index","follow":"follow","max-snippet":"max-snippet:-1","max-image-preview":"max-image-preview:large","max-video-preview":"max-video-preview:-1"},"canonical":"https:\/\/casadecampoliving.com\/es\/toque-profundo-altos-de-chavon\/","og_locale":"es_ES","og_type":"article","og_title":"Rock on the Rocks: Toque Profundo en Altos de Chav\u00f3n | Casa de Campo Living","og_description":"El s\u00e1bado 27 de diciembre, Toque Profundo, pionera entre las bandas de rock dominicanas estremecer\u00e1n las piedras con un animado concierto en la Plaza","og_url":"https:\/\/casadecampoliving.com\/es\/toque-profundo-altos-de-chavon\/","og_site_name":"Casa de Campo Living","article_publisher":"https:\/\/www.facebook.com\/casadecampoliving","article_modified_time":"2022-10-21T21:49:00+00:00","og_image":[{"url":"https:\/\/casadecampoliving-wp.s3-accelerate.amazonaws.com\/2014\/11\/Toque_profundo.png","type":"","width":"","height":""}],"twitter_card":"summary_large_image","twitter_site":"@cdcliving","twitter_misc":{"Tiempo de lectura":"1 minuto"},"schema":{"@context":"https:\/\/schema.org","@graph":[{"@type":"WebPage","@id":"https:\/\/casadecampoliving.com\/es\/toque-profundo-altos-de-chavon\/","url":"https:\/\/casadecampoliving.com\/es\/toque-profundo-altos-de-chavon\/","name":"Rock on the Rocks: Toque Profundo en Altos de Chav\u00f3n | Casa de Campo Living","isPartOf":{"@id":"https:\/\/casadecampoliving.com\/es\/#website"},"primaryImageOfPage":{"@id":"https:\/\/casadecampoliving.com\/es\/toque-profundo-altos-de-chavon\/#primaryimage"},"image":{"@id":"https:\/\/casadecampoliving.com\/es\/toque-profundo-altos-de-chavon\/#primaryimage"},"thumbnailUrl":"https:\/\/i0.wp.com\/casadecampoliving-wp.s3-accelerate.amazonaws.com\/2014\/11\/Toque_profundo.png?resize=650%2C603&amp;ssl=1","datePublished":"2014-12-04T20:54:38+00:00","dateModified":"2022-10-21T21:49:00+00:00","description":"El s\u00e1bado 27 de diciembre, Toque Profundo, pionera entre las bandas de rock dominicanas estremecer\u00e1n las piedras con un animado concierto en la Plaza","breadcrumb":{"@id":"https:\/\/casadecampoliving.com\/es\/toque-profundo-altos-de-chavon\/#breadcrumb"},"inLanguage":"es","potentialAction":[{"@type":"ReadAction","target":["https:\/\/casadecampoliving.com\/es\/toque-profundo-altos-de-chavon\/"]}]},{"@type":"ImageObject","inLanguage":"es","@id":"https:\/\/casadecampoliving.com\/es\/toque-profundo-altos-de-chavon\/#primaryimage","url":"https:\/\/i0.wp.com\/casadecampoliving-wp.s3-accelerate.amazonaws.com\/2014\/11\/Toque_profundo.png?resize=650%2C603&amp;ssl=1","contentUrl":"https:\/\/i0.wp.com\/casadecampoliving-wp.s3-accelerate.amazonaws.com\/2014\/11\/Toque_profundo.png?resize=650%2C603&amp;ssl=1"},{"@type":"BreadcrumbList","@id":"https:\/\/casadecampoliving.com\/es\/toque-profundo-altos-de-chavon\/#breadcrumb","itemListElement":[{"@type":"ListItem","position":1,"name":"Home","item":"https:\/\/casadecampoliving.com\/es\/"},{"@type":"ListItem","position":2,"name":"Rock on the Rocks: Toque Profundo en Altos de Chav\u00f3n"}]},{"@type":"WebSite","@id":"https:\/\/casadecampoliving.com\/es\/#website","url":"https:\/\/casadecampoliving.com\/es\/","name":"Casa de Campo Living","description":"Resort community news and resources.","publisher":{"@id":"https:\/\/casadecampoliving.com\/es\/#organization"},"potentialAction":[{"@type":"SearchAction","target":{"@type":"EntryPoint","urlTemplate":"https:\/\/casadecampoliving.com\/es\/?s={search_term_string}"},"query-input":{"@type":"PropertyValueSpecification","valueRequired":true,"valueName":"search_term_string"}}],"inLanguage":"es"},{"@type":"Organization","@id":"https:\/\/casadecampoliving.com\/es\/#organization","name":"Casa de Campo Living","url":"https:\/\/casadecampoliving.com\/es\/","logo":{"@type":"ImageObject","inLanguage":"es","@id":"https:\/\/casadecampoliving.com\/es\/#\/schema\/logo\/image\/","url":"https:\/\/i0.wp.com\/casadecampoliving.com\/wp-content\/uploads\/2022\/07\/CDCLivingLogo_V1-white-sized.png?fit=800%2C214&ssl=1","contentUrl":"https:\/\/i0.wp.com\/casadecampoliving.com\/wp-content\/uploads\/2022\/07\/CDCLivingLogo_V1-white-sized.png?fit=800%2C214&ssl=1","width":800,"height":214,"caption":"Casa de Campo Living"},"image":{"@id":"https:\/\/casadecampoliving.com\/es\/#\/schema\/logo\/image\/"},"sameAs":["https:\/\/www.facebook.com\/casadecampoliving","https:\/\/x.com\/cdcliving"]}]}},"parsely":{"version":"1.1.0","canonical_url":"https:\/\/casadecampoliving.com\/es\/toque-profundo-altos-de-chavon\/","smart_links":{"inbound":0,"outbound":0},"traffic_boost_suggestions_count":0,"meta":{"@context":"https:\/\/schema.org","@type":"WebPage","headline":"Rock on the Rocks: Toque Profundo en Altos de Chav\u00f3n","url":"http:\/\/casadecampoliving.com\/es\/toque-profundo-altos-de-chavon\/","mainEntityOfPage":{"@type":"WebPage","@id":"http:\/\/casadecampoliving.com\/es\/toque-profundo-altos-de-chavon\/"},"thumbnailUrl":"","image":{"@type":"ImageObject","url":""},"articleSection":"Uncategorized @es","author":[{"@type":"Person","name":"Rebecca Silvestri"}],"creator":["Rebecca Silvestri"],"publisher":{"@type":"Organization","name":"Casa de Campo Living","logo":"https:\/\/casadecampoliving.com\/wp-content\/uploads\/2022\/07\/CDCLivingLogo_V1-white-sized.png"},"keywords":[],"dateCreated":"2014-12-04T20:54:38Z","datePublished":"2014-12-04T20:54:38Z","dateModified":"2022-10-21T21:49:00Z"},"rendered":"<script type=\"application\/ld+json\" class=\"wp-parsely-metadata\">{\"@context\":\"https:\\\/\\\/schema.org\",\"@type\":\"WebPage\",\"headline\":\"Rock on the Rocks: Toque Profundo en Altos de Chav\\u00f3n\",\"url\":\"http:\\\/\\\/casadecampoliving.com\\\/es\\\/toque-profundo-altos-de-chavon\\\/\",\"mainEntityOfPage\":{\"@type\":\"WebPage\",\"@id\":\"http:\\\/\\\/casadecampoliving.com\\\/es\\\/toque-profundo-altos-de-chavon\\\/\"},\"thumbnailUrl\":\"\",\"image\":{\"@type\":\"ImageObject\",\"url\":\"\"},\"articleSection\":\"Uncategorized @es\",\"author\":[{\"@type\":\"Person\",\"name\":\"Rebecca Silvestri\"}],\"creator\":[\"Rebecca Silvestri\"],\"publisher\":{\"@type\":\"Organization\",\"name\":\"Casa de Campo Living\",\"logo\":\"https:\\\/\\\/casadecampoliving.com\\\/wp-content\\\/uploads\\\/2022\\\/07\\\/CDCLivingLogo_V1-white-sized.png\"},\"keywords\":[],\"dateCreated\":\"2014-12-04T20:54:38Z\",\"datePublished\":\"2014-12-04T20:54:38Z\",\"dateModified\":\"2022-10-21T21:49:00Z\"}<\/script>","tracker_url":"https:\/\/cdn.parsely.com\/keys\/casadecampoliving.com\/p.js"},"jetpack-related-posts":[{"id":103430,"url":"https:\/\/casadecampoliving.com\/rock-on-the-rocks-toque-profundo\/","url_meta":{"origin":103516,"position":0},"title":"Rock on the Rocks with \u00abToque Profundo\u00bb &#8211; Dec. 27th","author":"Rebecca Silvestri","date":"4 Dic, 2014","format":false,"excerpt":"On Saturday December 27th, Toque Profundo, a pioneer among Dominican rock bands will \u201crock the rocks\u201d\u00a0with a lively concert at\u00a0the Chav\u00f3n Plaza in Altos de Chav\u00f3n.\u00a0 Once again Altos de Chav\u00f3n greets Dominican artists to enamour us with their talents and creative songs \u00a0during the wonderful Christmas season. This December\u2026","rel":"","context":"Entrada similar","block_context":{"text":"Entrada similar","link":""},"img":{"alt_text":"","src":"https:\/\/i0.wp.com\/casadecampoliving.com\/wp-content\/uploads\/2014\/11\/Toque_profundo.png?resize=350%2C200&ssl=1","width":350,"height":200,"srcset":"https:\/\/i0.wp.com\/casadecampoliving.com\/wp-content\/uploads\/2014\/11\/Toque_profundo.png?resize=350%2C200&ssl=1 1x, https:\/\/i0.wp.com\/casadecampoliving.com\/wp-content\/uploads\/2014\/11\/Toque_profundo.png?resize=525%2C300&ssl=1 1.5x"},"classes":[]},{"id":61656,"url":"https:\/\/casadecampoliving.com\/es\/navidad-dominicana-martes-25-de-diciembre-en-altos-de-chavon\/","url_meta":{"origin":103516,"position":1},"title":"Navidad Dominicana: martes 25 de diciembre en Altos de Chav\u00f3n!","author":"Rebecca Silvestri","date":"6 Dic, 2012","format":false,"excerpt":"El d\u00eda de Navidad, martes 25 de diciembre, Altos de Chav\u00f3n les invita a celebrar las fiestas en la plaza principal de Altos de Chav\u00f3n \u2013 donde se puede disfrutar de una celebraci\u00f3n eucar\u00edstica, seguida por un concierto del Coro Armon\u00eda, una visita de Santa y si faltaba poco y\u2026","rel":"","context":"Entrada similar","block_context":{"text":"Entrada similar","link":""},"img":{"alt_text":"christmas altos de chavon","src":"https:\/\/i0.wp.com\/casadecampoliving.com\/wp-content\/uploads\/2012\/12\/christmas_altos_de_chavon3.jpg?fit=650%2C426&ssl=1&resize=350%2C200","width":350,"height":200,"srcset":"https:\/\/i0.wp.com\/casadecampoliving.com\/wp-content\/uploads\/2012\/12\/christmas_altos_de_chavon3.jpg?fit=650%2C426&ssl=1&resize=350%2C200 1x, https:\/\/i0.wp.com\/casadecampoliving.com\/wp-content\/uploads\/2012\/12\/christmas_altos_de_chavon3.jpg?fit=650%2C426&ssl=1&resize=525%2C300 1.5x"},"classes":[]},{"id":82569,"url":"https:\/\/casadecampoliving.com\/es\/bocatabu-vicente-garcia-altos-de-chavon-2\/","url_meta":{"origin":103516,"position":2},"title":"ROCK EN LAS PIEDRAS, concierto con Bocatabu y Vicente Garcia &#8211; dic- 28","author":"Rebecca Silvestri","date":"7 Dic, 2013","format":false,"excerpt":"Bocatabu y Vicente Garc\u00eda en concierto! Dos de los m\u00e1s prometedores j\u00f3venes artistas dominicanos en un gran concierto por primera vez en Altos de Chav\u00f3n. Con la salida de su disco debut, \u201cMelodrama\u201d, el cantautor dominicano, Vicente Garc\u00eda, es en este momento un artistas Bocatabu es una banda de Rock\u2026","rel":"","context":"Entrada similar","block_context":{"text":"Entrada similar","link":""},"img":{"alt_text":"Vicente Garcia Altos de Chavon","src":"https:\/\/i0.wp.com\/casadecampoliving.com\/wp-content\/uploads\/2013\/12\/vicente_garcia_altos_de_chavon.jpg?fit=650%2C452&ssl=1&resize=350%2C200","width":350,"height":200,"srcset":"https:\/\/i0.wp.com\/casadecampoliving.com\/wp-content\/uploads\/2013\/12\/vicente_garcia_altos_de_chavon.jpg?fit=650%2C452&ssl=1&resize=350%2C200 1x, https:\/\/i0.wp.com\/casadecampoliving.com\/wp-content\/uploads\/2013\/12\/vicente_garcia_altos_de_chavon.jpg?fit=650%2C452&ssl=1&resize=525%2C300 1.5x"},"classes":[]},{"id":82579,"url":"https:\/\/casadecampoliving.com\/es\/celebracion-de-navidad\/","url_meta":{"origin":103516,"position":3},"title":"Celebraci\u00f3n de Navidad &#8211; dic. 25","author":"Rebecca Silvestri","date":"7 Dic, 2013","format":false,"excerpt":"El d\u00eda de Navidad, mi\u00e9rcoles 25 de diciembre, Altos de Chav\u00f3n les invita a celebrar las fiestas en la plaza principal de Altos de Chav\u00f3n \u2013 donde se puede disfrutar de una celebraci\u00f3n eucar\u00edstica, seguida por un concierto del Coro Armon\u00eda, una visita de Santa y si faltaba poco y\u2026","rel":"","context":"Entrada similar","block_context":{"text":"Entrada similar","link":""},"img":{"alt_text":"altos de chavon christmas","src":"https:\/\/i0.wp.com\/casadecampoliving.com\/wp-content\/uploads\/2012\/12\/altos_de_chavon_christmas4.jpg?resize=350%2C200&ssl=1","width":350,"height":200,"srcset":"https:\/\/i0.wp.com\/casadecampoliving.com\/wp-content\/uploads\/2012\/12\/altos_de_chavon_christmas4.jpg?resize=350%2C200&ssl=1 1x, https:\/\/i0.wp.com\/casadecampoliving.com\/wp-content\/uploads\/2012\/12\/altos_de_chavon_christmas4.jpg?resize=525%2C300&ssl=1 1.5x"},"classes":[]},{"id":59513,"url":"https:\/\/casadecampoliving.com\/es\/atracciones\/","url_meta":{"origin":103516,"position":4},"title":"Atracciones y cosas para hacer en Casa de Campo","author":"Rebecca Silvestri","date":"18 Oct, 2012","format":false,"excerpt":"A\u00fan cuando hay muchas actividades deportivas en las cuales puede participar durante su estad\u00eda en el inmenso Resort Casa de Campo, hay otras incontables opciones de TODO lo que puede disfrutar! Aqu\u00ed algunos de nuestros lugares favoritos para visitar y actividades para hacer en Casa de Campo: Altos de Chav\u00f3nCompletado\u2026","rel":"","context":"Entrada similar","block_context":{"text":"Entrada similar","link":""},"img":{"alt_text":"","src":"https:\/\/i0.wp.com\/casadecampoliving.com\/wp-content\/uploads\/2012\/07\/marina_casa_de_campo6.jpg?fit=1200%2C900&ssl=1&resize=350%2C200","width":350,"height":200,"srcset":"https:\/\/i0.wp.com\/casadecampoliving.com\/wp-content\/uploads\/2012\/07\/marina_casa_de_campo6.jpg?fit=1200%2C900&ssl=1&resize=350%2C200 1x, https:\/\/i0.wp.com\/casadecampoliving.com\/wp-content\/uploads\/2012\/07\/marina_casa_de_campo6.jpg?fit=1200%2C900&ssl=1&resize=525%2C300 1.5x, https:\/\/i0.wp.com\/casadecampoliving.com\/wp-content\/uploads\/2012\/07\/marina_casa_de_campo6.jpg?fit=1200%2C900&ssl=1&resize=700%2C400 2x, https:\/\/i0.wp.com\/casadecampoliving.com\/wp-content\/uploads\/2012\/07\/marina_casa_de_campo6.jpg?fit=1200%2C900&ssl=1&resize=1050%2C600 3x"},"classes":[]},{"id":82542,"url":"https:\/\/casadecampoliving.com\/es\/altos-de-chavon-programa-de-fiestas\/","url_meta":{"origin":103516,"position":5},"title":"Altos de Chav\u00f3n Programa de Fiestas 2013","author":"Rebecca Silvestri","date":"7 Dic, 2013","format":false,"excerpt":"Las navidades en Altos de Chav\u00f3n se han convertido en una verdadera tradici\u00f3n en Casa de Campo y todo el pa\u00eds. Por su belleza arquitect\u00f3nica y ambiente id\u00edlico, Altos de Chav\u00f3n es el anfitri\u00f3n perfecto para celebrar la navidad en grande. \u00a1Todas los eventos han sido confirmados!\u00a0aqu\u00ed esta el horario\u2026","rel":"","context":"Entrada similar","block_context":{"text":"Entrada similar","link":""},"img":{"alt_text":"Altos de Chavon holiday program","src":"https:\/\/i0.wp.com\/casadecampoliving.com\/wp-content\/uploads\/2013\/12\/altos_de_chavon_holiday_program.jpg?fit=650%2C454&ssl=1&resize=350%2C200","width":350,"height":200,"srcset":"https:\/\/i0.wp.com\/casadecampoliving.com\/wp-content\/uploads\/2013\/12\/altos_de_chavon_holiday_program.jpg?fit=650%2C454&ssl=1&resize=350%2C200 1x, https:\/\/i0.wp.com\/casadecampoliving.com\/wp-content\/uploads\/2013\/12\/altos_de_chavon_holiday_program.jpg?fit=650%2C454&ssl=1&resize=525%2C300 1.5x"},"classes":[]}],"jetpack_sharing_enabled":true,"_links":{"self":[{"href":"https:\/\/casadecampoliving.com\/es\/wp-json\/wp\/v2\/pages\/103516","targetHints":{"allow":["GET"]}}],"collection":[{"href":"https:\/\/casadecampoliving.com\/es\/wp-json\/wp\/v2\/pages"}],"about":[{"href":"https:\/\/casadecampoliving.com\/es\/wp-json\/wp\/v2\/types\/page"}],"author":[{"embeddable":true,"href":"https:\/\/casadecampoliving.com\/es\/wp-json\/wp\/v2\/users\/31"}],"replies":[{"embeddable":true,"href":"https:\/\/casadecampoliving.com\/es\/wp-json\/wp\/v2\/comments?post=103516"}],"version-history":[{"count":0,"href":"https:\/\/casadecampoliving.com\/es\/wp-json\/wp\/v2\/pages\/103516\/revisions"}],"wp:attachment":[{"href":"https:\/\/casadecampoliving.com\/es\/wp-json\/wp\/v2\/media?parent=103516"}],"wp:term":[{"taxonomy":"newspack_spnsrs_tax","embeddable":true,"href":"https:\/\/casadecampoliving.com\/es\/wp-json\/wp\/v2\/newspack_spnsrs_tax?post=103516"}],"curies":[{"name":"wp","href":"https:\/\/api.w.org\/{rel}","templated":true}]}}