{"id":103511,"date":"2014-12-04T16:51:15","date_gmt":"2014-12-04T20:51:15","guid":{"rendered":"http:\/\/casadecampoliving.com\/?page_id=103511"},"modified":"2022-10-21T17:48:56","modified_gmt":"2022-10-21T21:48:56","slug":"navidad-dominicana-altos-de-chavon","status":"publish","type":"page","link":"https:\/\/casadecampoliving.com\/es\/navidad-dominicana-altos-de-chavon\/","title":{"rendered":"Una celebraci\u00f3n de la Navidad dominicana en Altos de Chav\u00f3n!"},"content":{"rendered":"<div class=\"wp-block-image\">\n<figure class=\"aligncenter is-resized\"><img loading=\"lazy\" decoding=\"async\" src=\"https:\/\/i0.wp.com\/casadecampoliving-wp.s3-accelerate.amazonaws.com\/2012\/12\/dominican_christmas_altos_de_chavon.jpg?resize=650%2C496&amp;ssl=1\" alt=\"Dominican Christmas, Altos de Chavon\" class=\"wp-image-103446\" height=\"496\" width=\"650\" srcset=\"https:\/\/i0.wp.com\/casadecampoliving.com\/wp-content\/uploads\/2012\/12\/dominican_christmas_altos_de_chavon.jpg?w=650&amp;ssl=1 650w, https:\/\/i0.wp.com\/casadecampoliving.com\/wp-content\/uploads\/2012\/12\/dominican_christmas_altos_de_chavon.jpg?resize=300%2C228&amp;ssl=1 300w, https:\/\/i0.wp.com\/casadecampoliving-wp.s3-accelerate.amazonaws.com\/2012\/12\/dominican_christmas_altos_de_chavon.jpg?w=370 370w, https:\/\/i0.wp.com\/casadecampoliving-wp.s3-accelerate.amazonaws.com\/2012\/12\/dominican_christmas_altos_de_chavon.jpg?w=400 400w\" sizes=\"auto, (max-width: 650px) 100vw, 650px\" \/><\/figure>\n<\/div>\n\n\n<p>El d\u00eda de Navidad, el jueves 25 de diciembre, Altos de Chav\u00f3n le invita a celebrar las festividades en la plaza principal de Altos de Chav\u00f3n \u2013 con una celebraci\u00f3n m\u00e1gica y tradicional de la Navidad Dominicana.<\/p>\n\n\n\n<p>Una tarde y noche para toda la familia con sorpresas, diversi\u00f3n, m\u00fasica y baile en Altos de Chav\u00f3n incluyendo una misa cat\u00f3lica tradicional, seguida de una actuaci\u00f3n del Coro Armon\u00eda, una visita de Santa y \u00a1un poco de m\u00fasica en vivo m\u00e1s tarde y baile!<\/p>\n\n\n\n<!--more-->\n\n\n\n<p>Para el calendario completo de eventos y actividades festivas visite: <strong><a href=\"http:\/\/www.todo.fm\/es\">www.todo.fm<\/a><\/strong><\/p>\n\n\n<div class=\"wp-block-image\">\n<figure class=\"aligncenter is-resized\"><img loading=\"lazy\" decoding=\"async\" src=\"https:\/\/i0.wp.com\/casadecampoliving-wp.s3-accelerate.amazonaws.com\/2012\/12\/christmas_altos_de_chavon4.jpg?resize=650%2C344&amp;ssl=1\" alt=\"christmas altos de chavon\" class=\"wp-image-61646\" title=\"christmas_altos_de_chavon\" height=\"344\" width=\"650\" srcset=\"https:\/\/i0.wp.com\/casadecampoliving.com\/wp-content\/uploads\/2012\/12\/christmas_altos_de_chavon4.jpg?w=650&amp;ssl=1 650w, https:\/\/i0.wp.com\/casadecampoliving.com\/wp-content\/uploads\/2012\/12\/christmas_altos_de_chavon4.jpg?resize=300%2C158&amp;ssl=1 300w, https:\/\/i0.wp.com\/casadecampoliving-wp.s3-accelerate.amazonaws.com\/2012\/12\/christmas_altos_de_chavon4.jpg?w=370 370w, https:\/\/i0.wp.com\/casadecampoliving-wp.s3-accelerate.amazonaws.com\/2012\/12\/christmas_altos_de_chavon4.jpg?w=400 400w\" sizes=\"auto, (max-width: 650px) 100vw, 650px\" \/><\/figure>\n<\/div>\n\n\n<p class=\"has-text-align-center\"><strong>El&nbsp;Coro Armon\u00eda &nbsp;interpretando en Altos de Chav\u00f3n<\/strong><br>\n<\/p>\n\n\n\n<blockquote><h3><strong>Una celebraci\u00f3n de la Navidad dominicana en Altos de Chav\u00f3n<\/strong><\/h3><p><strong>D\u00f3nde:<\/strong> Plaza Chav\u00f3n en Altos de Chav\u00f3n<\/p><p><strong>Programa de actos:<\/strong><\/p><p style=\"padding-left: 30px;\">\u2022 5:30pm, Misa cat\u00f3lica<\/p><p style=\"padding-left: 30px;\">\u2022 6:30pm, Villancicos con el coro Armon\u00eda<\/p><p style=\"padding-left: 30px;\">\u2022 7:30pm, Santa llega!<\/p><p style=\"padding-left: 30px;\">\u2022 8:00pm, Una celebraci\u00f3n de la Navidad dominicana &nbsp;\u2013 bailar toda la noche con la Orquesta Dekadas interpretando melod\u00edas latinas y t\u00edpicas de Navidad!<\/p><p><strong>Contacto:<\/strong> (809) 523-2424<\/p><h3><strong>\u00a1FELIZ NAVIDAD!<\/strong><\/h3><\/blockquote>\n","protected":false},"excerpt":{"rendered":"<p>El d\u00eda de Navidad, el jueves 25 de diciembre, Altos de Chav\u00f3n le invita a celebrar las festividades en la plaza principal de Altos de Chav\u00f3n \u2013 con una celebraci\u00f3n m\u00e1gica y tradicional de la Navidad Dominicana. Una tarde y noche para toda la familia con sorpresas, diversi\u00f3n, m\u00fasica y baile en Altos de Chav\u00f3n [&hellip;]<\/p>\n","protected":false},"author":31,"featured_media":0,"parent":0,"menu_order":0,"comment_status":"closed","ping_status":"closed","template":"","meta":{"newspack_ads_suppress_ads":false,"newspack_popups_has_disabled_popups":false,"newspack_sponsor_sponsorship_scope":"","newspack_sponsor_native_byline_display":"inherit","newspack_sponsor_native_category_display":"inherit","newspack_sponsor_underwriter_style":"inherit","newspack_sponsor_underwriter_placement":"inherit","newspack_content_restriction_is_exempt":false,"newspack_featured_image_position":"","newspack_hide_page_title":false,"newspack_show_share_buttons":false,"footnotes":""},"newspack_spnsrs_tax":[],"class_list":["post-103511","page","type-page","status-publish","hentry","entry"],"yoast_head":"<!-- This site is optimized with the Yoast SEO plugin v27.5 - https:\/\/yoast.com\/product\/yoast-seo-wordpress\/ -->\n<title>Una celebraci\u00f3n de la Navidad dominicana en Altos de Chav\u00f3n! | Casa de Campo Living<\/title>\n<meta name=\"description\" content=\"El d\u00eda de Navidad, el jueves 25 de diciembre, Altos de Chav\u00f3n le invita a celebrar las festividades en la plaza principal de Altos de Chav\u00f3n \u2013 con una\" \/>\n<meta name=\"robots\" content=\"index, follow, max-snippet:-1, max-image-preview:large, max-video-preview:-1\" \/>\n<link rel=\"canonical\" href=\"https:\/\/casadecampoliving.com\/es\/navidad-dominicana-altos-de-chavon\/\" \/>\n<meta property=\"og:locale\" content=\"es_ES\" \/>\n<meta property=\"og:type\" content=\"article\" \/>\n<meta property=\"og:title\" content=\"Una celebraci\u00f3n de la Navidad dominicana en Altos de Chav\u00f3n! | Casa de Campo Living\" \/>\n<meta property=\"og:description\" content=\"El d\u00eda de Navidad, el jueves 25 de diciembre, Altos de Chav\u00f3n le invita a celebrar las festividades en la plaza principal de Altos de Chav\u00f3n \u2013 con una\" \/>\n<meta property=\"og:url\" content=\"https:\/\/casadecampoliving.com\/es\/navidad-dominicana-altos-de-chavon\/\" \/>\n<meta property=\"og:site_name\" content=\"Casa de Campo Living\" \/>\n<meta property=\"article:publisher\" content=\"https:\/\/www.facebook.com\/casadecampoliving\" \/>\n<meta property=\"article:modified_time\" content=\"2022-10-21T21:48:56+00:00\" \/>\n<meta property=\"og:image\" content=\"https:\/\/i0.wp.com\/casadecampoliving-wp.s3-accelerate.amazonaws.com\/2012\/12\/dominican_christmas_altos_de_chavon.jpg?resize=650%2C496&amp;ssl=1\" \/>\n<meta name=\"twitter:card\" content=\"summary_large_image\" \/>\n<meta name=\"twitter:site\" content=\"@cdcliving\" \/>\n<meta name=\"twitter:label1\" content=\"Tiempo de lectura\" \/>\n\t<meta name=\"twitter:data1\" content=\"1 minuto\" \/>\n<script type=\"application\/ld+json\" class=\"yoast-schema-graph\">{\"@context\":\"https:\\\/\\\/schema.org\",\"@graph\":[{\"@type\":\"WebPage\",\"@id\":\"https:\\\/\\\/casadecampoliving.com\\\/es\\\/navidad-dominicana-altos-de-chavon\\\/\",\"url\":\"https:\\\/\\\/casadecampoliving.com\\\/es\\\/navidad-dominicana-altos-de-chavon\\\/\",\"name\":\"Una celebraci\u00f3n de la Navidad dominicana en Altos de Chav\u00f3n! | Casa de Campo Living\",\"isPartOf\":{\"@id\":\"https:\\\/\\\/casadecampoliving.com\\\/es\\\/#website\"},\"primaryImageOfPage\":{\"@id\":\"https:\\\/\\\/casadecampoliving.com\\\/es\\\/navidad-dominicana-altos-de-chavon\\\/#primaryimage\"},\"image\":{\"@id\":\"https:\\\/\\\/casadecampoliving.com\\\/es\\\/navidad-dominicana-altos-de-chavon\\\/#primaryimage\"},\"thumbnailUrl\":\"https:\\\/\\\/i0.wp.com\\\/casadecampoliving-wp.s3-accelerate.amazonaws.com\\\/2012\\\/12\\\/dominican_christmas_altos_de_chavon.jpg?resize=650%2C496&amp;ssl=1\",\"datePublished\":\"2014-12-04T20:51:15+00:00\",\"dateModified\":\"2022-10-21T21:48:56+00:00\",\"description\":\"El d\u00eda de Navidad, el jueves 25 de diciembre, Altos de Chav\u00f3n le invita a celebrar las festividades en la plaza principal de Altos de Chav\u00f3n \u2013 con una\",\"breadcrumb\":{\"@id\":\"https:\\\/\\\/casadecampoliving.com\\\/es\\\/navidad-dominicana-altos-de-chavon\\\/#breadcrumb\"},\"inLanguage\":\"es\",\"potentialAction\":[{\"@type\":\"ReadAction\",\"target\":[\"https:\\\/\\\/casadecampoliving.com\\\/es\\\/navidad-dominicana-altos-de-chavon\\\/\"]}]},{\"@type\":\"ImageObject\",\"inLanguage\":\"es\",\"@id\":\"https:\\\/\\\/casadecampoliving.com\\\/es\\\/navidad-dominicana-altos-de-chavon\\\/#primaryimage\",\"url\":\"https:\\\/\\\/i0.wp.com\\\/casadecampoliving-wp.s3-accelerate.amazonaws.com\\\/2012\\\/12\\\/dominican_christmas_altos_de_chavon.jpg?resize=650%2C496&amp;ssl=1\",\"contentUrl\":\"https:\\\/\\\/i0.wp.com\\\/casadecampoliving-wp.s3-accelerate.amazonaws.com\\\/2012\\\/12\\\/dominican_christmas_altos_de_chavon.jpg?resize=650%2C496&amp;ssl=1\"},{\"@type\":\"BreadcrumbList\",\"@id\":\"https:\\\/\\\/casadecampoliving.com\\\/es\\\/navidad-dominicana-altos-de-chavon\\\/#breadcrumb\",\"itemListElement\":[{\"@type\":\"ListItem\",\"position\":1,\"name\":\"Home\",\"item\":\"https:\\\/\\\/casadecampoliving.com\\\/es\\\/\"},{\"@type\":\"ListItem\",\"position\":2,\"name\":\"Una celebraci\u00f3n de la Navidad dominicana en Altos de Chav\u00f3n!\"}]},{\"@type\":\"WebSite\",\"@id\":\"https:\\\/\\\/casadecampoliving.com\\\/es\\\/#website\",\"url\":\"https:\\\/\\\/casadecampoliving.com\\\/es\\\/\",\"name\":\"Casa de Campo Living\",\"description\":\"Resort community news and resources.\",\"publisher\":{\"@id\":\"https:\\\/\\\/casadecampoliving.com\\\/es\\\/#organization\"},\"potentialAction\":[{\"@type\":\"SearchAction\",\"target\":{\"@type\":\"EntryPoint\",\"urlTemplate\":\"https:\\\/\\\/casadecampoliving.com\\\/es\\\/?s={search_term_string}\"},\"query-input\":{\"@type\":\"PropertyValueSpecification\",\"valueRequired\":true,\"valueName\":\"search_term_string\"}}],\"inLanguage\":\"es\"},{\"@type\":\"Organization\",\"@id\":\"https:\\\/\\\/casadecampoliving.com\\\/es\\\/#organization\",\"name\":\"Casa de Campo Living\",\"url\":\"https:\\\/\\\/casadecampoliving.com\\\/es\\\/\",\"logo\":{\"@type\":\"ImageObject\",\"inLanguage\":\"es\",\"@id\":\"https:\\\/\\\/casadecampoliving.com\\\/es\\\/#\\\/schema\\\/logo\\\/image\\\/\",\"url\":\"https:\\\/\\\/i0.wp.com\\\/casadecampoliving.com\\\/wp-content\\\/uploads\\\/2022\\\/07\\\/CDCLivingLogo_V1-white-sized.png?fit=800%2C214&ssl=1\",\"contentUrl\":\"https:\\\/\\\/i0.wp.com\\\/casadecampoliving.com\\\/wp-content\\\/uploads\\\/2022\\\/07\\\/CDCLivingLogo_V1-white-sized.png?fit=800%2C214&ssl=1\",\"width\":800,\"height\":214,\"caption\":\"Casa de Campo Living\"},\"image\":{\"@id\":\"https:\\\/\\\/casadecampoliving.com\\\/es\\\/#\\\/schema\\\/logo\\\/image\\\/\"},\"sameAs\":[\"https:\\\/\\\/www.facebook.com\\\/casadecampoliving\",\"https:\\\/\\\/x.com\\\/cdcliving\"]}]}<\/script>\n<!-- \/ Yoast SEO plugin. -->","yoast_head_json":{"title":"Una celebraci\u00f3n de la Navidad dominicana en Altos de Chav\u00f3n! | Casa de Campo Living","description":"El d\u00eda de Navidad, el jueves 25 de diciembre, Altos de Chav\u00f3n le invita a celebrar las festividades en la plaza principal de Altos de Chav\u00f3n \u2013 con una","robots":{"index":"index","follow":"follow","max-snippet":"max-snippet:-1","max-image-preview":"max-image-preview:large","max-video-preview":"max-video-preview:-1"},"canonical":"https:\/\/casadecampoliving.com\/es\/navidad-dominicana-altos-de-chavon\/","og_locale":"es_ES","og_type":"article","og_title":"Una celebraci\u00f3n de la Navidad dominicana en Altos de Chav\u00f3n! | Casa de Campo Living","og_description":"El d\u00eda de Navidad, el jueves 25 de diciembre, Altos de Chav\u00f3n le invita a celebrar las festividades en la plaza principal de Altos de Chav\u00f3n \u2013 con una","og_url":"https:\/\/casadecampoliving.com\/es\/navidad-dominicana-altos-de-chavon\/","og_site_name":"Casa de Campo Living","article_publisher":"https:\/\/www.facebook.com\/casadecampoliving","article_modified_time":"2022-10-21T21:48:56+00:00","og_image":[{"url":"https:\/\/i0.wp.com\/casadecampoliving-wp.s3-accelerate.amazonaws.com\/2012\/12\/dominican_christmas_altos_de_chavon.jpg?resize=650%2C496&amp;ssl=1","type":"","width":"","height":""}],"twitter_card":"summary_large_image","twitter_site":"@cdcliving","twitter_misc":{"Tiempo de lectura":"1 minuto"},"schema":{"@context":"https:\/\/schema.org","@graph":[{"@type":"WebPage","@id":"https:\/\/casadecampoliving.com\/es\/navidad-dominicana-altos-de-chavon\/","url":"https:\/\/casadecampoliving.com\/es\/navidad-dominicana-altos-de-chavon\/","name":"Una celebraci\u00f3n de la Navidad dominicana en Altos de Chav\u00f3n! | Casa de Campo Living","isPartOf":{"@id":"https:\/\/casadecampoliving.com\/es\/#website"},"primaryImageOfPage":{"@id":"https:\/\/casadecampoliving.com\/es\/navidad-dominicana-altos-de-chavon\/#primaryimage"},"image":{"@id":"https:\/\/casadecampoliving.com\/es\/navidad-dominicana-altos-de-chavon\/#primaryimage"},"thumbnailUrl":"https:\/\/i0.wp.com\/casadecampoliving-wp.s3-accelerate.amazonaws.com\/2012\/12\/dominican_christmas_altos_de_chavon.jpg?resize=650%2C496&amp;ssl=1","datePublished":"2014-12-04T20:51:15+00:00","dateModified":"2022-10-21T21:48:56+00:00","description":"El d\u00eda de Navidad, el jueves 25 de diciembre, Altos de Chav\u00f3n le invita a celebrar las festividades en la plaza principal de Altos de Chav\u00f3n \u2013 con una","breadcrumb":{"@id":"https:\/\/casadecampoliving.com\/es\/navidad-dominicana-altos-de-chavon\/#breadcrumb"},"inLanguage":"es","potentialAction":[{"@type":"ReadAction","target":["https:\/\/casadecampoliving.com\/es\/navidad-dominicana-altos-de-chavon\/"]}]},{"@type":"ImageObject","inLanguage":"es","@id":"https:\/\/casadecampoliving.com\/es\/navidad-dominicana-altos-de-chavon\/#primaryimage","url":"https:\/\/i0.wp.com\/casadecampoliving-wp.s3-accelerate.amazonaws.com\/2012\/12\/dominican_christmas_altos_de_chavon.jpg?resize=650%2C496&amp;ssl=1","contentUrl":"https:\/\/i0.wp.com\/casadecampoliving-wp.s3-accelerate.amazonaws.com\/2012\/12\/dominican_christmas_altos_de_chavon.jpg?resize=650%2C496&amp;ssl=1"},{"@type":"BreadcrumbList","@id":"https:\/\/casadecampoliving.com\/es\/navidad-dominicana-altos-de-chavon\/#breadcrumb","itemListElement":[{"@type":"ListItem","position":1,"name":"Home","item":"https:\/\/casadecampoliving.com\/es\/"},{"@type":"ListItem","position":2,"name":"Una celebraci\u00f3n de la Navidad dominicana en Altos de Chav\u00f3n!"}]},{"@type":"WebSite","@id":"https:\/\/casadecampoliving.com\/es\/#website","url":"https:\/\/casadecampoliving.com\/es\/","name":"Casa de Campo Living","description":"Resort community news and resources.","publisher":{"@id":"https:\/\/casadecampoliving.com\/es\/#organization"},"potentialAction":[{"@type":"SearchAction","target":{"@type":"EntryPoint","urlTemplate":"https:\/\/casadecampoliving.com\/es\/?s={search_term_string}"},"query-input":{"@type":"PropertyValueSpecification","valueRequired":true,"valueName":"search_term_string"}}],"inLanguage":"es"},{"@type":"Organization","@id":"https:\/\/casadecampoliving.com\/es\/#organization","name":"Casa de Campo Living","url":"https:\/\/casadecampoliving.com\/es\/","logo":{"@type":"ImageObject","inLanguage":"es","@id":"https:\/\/casadecampoliving.com\/es\/#\/schema\/logo\/image\/","url":"https:\/\/i0.wp.com\/casadecampoliving.com\/wp-content\/uploads\/2022\/07\/CDCLivingLogo_V1-white-sized.png?fit=800%2C214&ssl=1","contentUrl":"https:\/\/i0.wp.com\/casadecampoliving.com\/wp-content\/uploads\/2022\/07\/CDCLivingLogo_V1-white-sized.png?fit=800%2C214&ssl=1","width":800,"height":214,"caption":"Casa de Campo Living"},"image":{"@id":"https:\/\/casadecampoliving.com\/es\/#\/schema\/logo\/image\/"},"sameAs":["https:\/\/www.facebook.com\/casadecampoliving","https:\/\/x.com\/cdcliving"]}]}},"parsely":{"version":"1.1.0","canonical_url":"https:\/\/casadecampoliving.com\/es\/navidad-dominicana-altos-de-chavon\/","smart_links":{"inbound":0,"outbound":0},"traffic_boost_suggestions_count":0,"meta":{"@context":"https:\/\/schema.org","@type":"WebPage","headline":"Una celebraci\u00f3n de la Navidad dominicana en Altos de Chav\u00f3n!","url":"http:\/\/casadecampoliving.com\/es\/navidad-dominicana-altos-de-chavon\/","mainEntityOfPage":{"@type":"WebPage","@id":"http:\/\/casadecampoliving.com\/es\/navidad-dominicana-altos-de-chavon\/"},"thumbnailUrl":"","image":{"@type":"ImageObject","url":""},"articleSection":"Uncategorized @es","author":[{"@type":"Person","name":"Rebecca Silvestri"}],"creator":["Rebecca Silvestri"],"publisher":{"@type":"Organization","name":"Casa de Campo Living","logo":"https:\/\/casadecampoliving.com\/wp-content\/uploads\/2022\/07\/CDCLivingLogo_V1-white-sized.png"},"keywords":[],"dateCreated":"2014-12-04T20:51:15Z","datePublished":"2014-12-04T20:51:15Z","dateModified":"2022-10-21T21:48:56Z"},"rendered":"<script type=\"application\/ld+json\" class=\"wp-parsely-metadata\">{\"@context\":\"https:\\\/\\\/schema.org\",\"@type\":\"WebPage\",\"headline\":\"Una celebraci\\u00f3n de la Navidad dominicana en Altos de Chav\\u00f3n!\",\"url\":\"http:\\\/\\\/casadecampoliving.com\\\/es\\\/navidad-dominicana-altos-de-chavon\\\/\",\"mainEntityOfPage\":{\"@type\":\"WebPage\",\"@id\":\"http:\\\/\\\/casadecampoliving.com\\\/es\\\/navidad-dominicana-altos-de-chavon\\\/\"},\"thumbnailUrl\":\"\",\"image\":{\"@type\":\"ImageObject\",\"url\":\"\"},\"articleSection\":\"Uncategorized @es\",\"author\":[{\"@type\":\"Person\",\"name\":\"Rebecca Silvestri\"}],\"creator\":[\"Rebecca Silvestri\"],\"publisher\":{\"@type\":\"Organization\",\"name\":\"Casa de Campo Living\",\"logo\":\"https:\\\/\\\/casadecampoliving.com\\\/wp-content\\\/uploads\\\/2022\\\/07\\\/CDCLivingLogo_V1-white-sized.png\"},\"keywords\":[],\"dateCreated\":\"2014-12-04T20:51:15Z\",\"datePublished\":\"2014-12-04T20:51:15Z\",\"dateModified\":\"2022-10-21T21:48:56Z\"}<\/script>","tracker_url":"https:\/\/cdn.parsely.com\/keys\/casadecampoliving.com\/p.js"},"jetpack-related-posts":[{"id":61656,"url":"https:\/\/casadecampoliving.com\/es\/navidad-dominicana-martes-25-de-diciembre-en-altos-de-chavon\/","url_meta":{"origin":103511,"position":0},"title":"Navidad Dominicana: martes 25 de diciembre en Altos de Chav\u00f3n!","author":"Rebecca Silvestri","date":"6 Dic, 2012","format":false,"excerpt":"El d\u00eda de Navidad, martes 25 de diciembre, Altos de Chav\u00f3n les invita a celebrar las fiestas en la plaza principal de Altos de Chav\u00f3n \u2013 donde se puede disfrutar de una celebraci\u00f3n eucar\u00edstica, seguida por un concierto del Coro Armon\u00eda, una visita de Santa y si faltaba poco y\u2026","rel":"","context":"Entrada similar","block_context":{"text":"Entrada similar","link":""},"img":{"alt_text":"christmas altos de chavon","src":"https:\/\/i0.wp.com\/casadecampoliving.com\/wp-content\/uploads\/2012\/12\/christmas_altos_de_chavon3.jpg?fit=650%2C426&ssl=1&resize=350%2C200","width":350,"height":200,"srcset":"https:\/\/i0.wp.com\/casadecampoliving.com\/wp-content\/uploads\/2012\/12\/christmas_altos_de_chavon3.jpg?fit=650%2C426&ssl=1&resize=350%2C200 1x, https:\/\/i0.wp.com\/casadecampoliving.com\/wp-content\/uploads\/2012\/12\/christmas_altos_de_chavon3.jpg?fit=650%2C426&ssl=1&resize=525%2C300 1.5x"},"classes":[]},{"id":82579,"url":"https:\/\/casadecampoliving.com\/es\/celebracion-de-navidad\/","url_meta":{"origin":103511,"position":1},"title":"Celebraci\u00f3n de Navidad &#8211; dic. 25","author":"Rebecca Silvestri","date":"7 Dic, 2013","format":false,"excerpt":"El d\u00eda de Navidad, mi\u00e9rcoles 25 de diciembre, Altos de Chav\u00f3n les invita a celebrar las fiestas en la plaza principal de Altos de Chav\u00f3n \u2013 donde se puede disfrutar de una celebraci\u00f3n eucar\u00edstica, seguida por un concierto del Coro Armon\u00eda, una visita de Santa y si faltaba poco y\u2026","rel":"","context":"Entrada similar","block_context":{"text":"Entrada similar","link":""},"img":{"alt_text":"altos de chavon christmas","src":"https:\/\/i0.wp.com\/casadecampoliving.com\/wp-content\/uploads\/2012\/12\/altos_de_chavon_christmas4.jpg?resize=350%2C200&ssl=1","width":350,"height":200,"srcset":"https:\/\/i0.wp.com\/casadecampoliving.com\/wp-content\/uploads\/2012\/12\/altos_de_chavon_christmas4.jpg?resize=350%2C200&ssl=1 1x, https:\/\/i0.wp.com\/casadecampoliving.com\/wp-content\/uploads\/2012\/12\/altos_de_chavon_christmas4.jpg?resize=525%2C300&ssl=1 1.5x"},"classes":[]},{"id":82542,"url":"https:\/\/casadecampoliving.com\/es\/altos-de-chavon-programa-de-fiestas\/","url_meta":{"origin":103511,"position":2},"title":"Altos de Chav\u00f3n Programa de Fiestas 2013","author":"Rebecca Silvestri","date":"7 Dic, 2013","format":false,"excerpt":"Las navidades en Altos de Chav\u00f3n se han convertido en una verdadera tradici\u00f3n en Casa de Campo y todo el pa\u00eds. Por su belleza arquitect\u00f3nica y ambiente id\u00edlico, Altos de Chav\u00f3n es el anfitri\u00f3n perfecto para celebrar la navidad en grande. \u00a1Todas los eventos han sido confirmados!\u00a0aqu\u00ed esta el horario\u2026","rel":"","context":"Entrada similar","block_context":{"text":"Entrada similar","link":""},"img":{"alt_text":"Altos de Chavon holiday program","src":"https:\/\/i0.wp.com\/casadecampoliving.com\/wp-content\/uploads\/2013\/12\/altos_de_chavon_holiday_program.jpg?fit=650%2C454&ssl=1&resize=350%2C200","width":350,"height":200,"srcset":"https:\/\/i0.wp.com\/casadecampoliving.com\/wp-content\/uploads\/2013\/12\/altos_de_chavon_holiday_program.jpg?fit=650%2C454&ssl=1&resize=350%2C200 1x, https:\/\/i0.wp.com\/casadecampoliving.com\/wp-content\/uploads\/2013\/12\/altos_de_chavon_holiday_program.jpg?fit=650%2C454&ssl=1&resize=525%2C300 1.5x"},"classes":[]},{"id":61700,"url":"https:\/\/casadecampoliving.com\/es\/parranda-navidena\/","url_meta":{"origin":103511,"position":3},"title":"Parranda Navide\u00f1a &#8211; viernes 14 de diciembre, una tradici\u00f3n Dominicana para toda la familia","author":"Rebecca Silvestri","date":"6 Dic, 2012","format":false,"excerpt":"La Parranda Navide\u00f1a- una tradici\u00f3n muy com\u00fan entre los Dominicanos que se celebra durante esta temporada nos invita este proximo viernes 14 de diciembre a un gran evento musical! Sorprende a tus amigos y \u00fanete a la \u201cParranda Navide\u00f1a\u201d conocido tambi\u00e9n como el aguinaldo, en un viaje alrededor de la\u2026","rel":"","context":"Entrada similar","block_context":{"text":"Entrada similar","link":""},"img":{"alt_text":"perico ripao","src":"https:\/\/i0.wp.com\/casadecampoliving.com\/wp-content\/uploads\/2012\/12\/perico_ripao.jpg?fit=650%2C361&ssl=1&resize=350%2C200","width":350,"height":200,"srcset":"https:\/\/i0.wp.com\/casadecampoliving.com\/wp-content\/uploads\/2012\/12\/perico_ripao.jpg?fit=650%2C361&ssl=1&resize=350%2C200 1x, https:\/\/i0.wp.com\/casadecampoliving.com\/wp-content\/uploads\/2012\/12\/perico_ripao.jpg?fit=650%2C361&ssl=1&resize=525%2C300 1.5x"},"classes":[]},{"id":82569,"url":"https:\/\/casadecampoliving.com\/es\/bocatabu-vicente-garcia-altos-de-chavon-2\/","url_meta":{"origin":103511,"position":4},"title":"ROCK EN LAS PIEDRAS, concierto con Bocatabu y Vicente Garcia &#8211; dic- 28","author":"Rebecca Silvestri","date":"7 Dic, 2013","format":false,"excerpt":"Bocatabu y Vicente Garc\u00eda en concierto! Dos de los m\u00e1s prometedores j\u00f3venes artistas dominicanos en un gran concierto por primera vez en Altos de Chav\u00f3n. Con la salida de su disco debut, \u201cMelodrama\u201d, el cantautor dominicano, Vicente Garc\u00eda, es en este momento un artistas Bocatabu es una banda de Rock\u2026","rel":"","context":"Entrada similar","block_context":{"text":"Entrada similar","link":""},"img":{"alt_text":"Vicente Garcia Altos de Chavon","src":"https:\/\/i0.wp.com\/casadecampoliving.com\/wp-content\/uploads\/2013\/12\/vicente_garcia_altos_de_chavon.jpg?fit=650%2C452&ssl=1&resize=350%2C200","width":350,"height":200,"srcset":"https:\/\/i0.wp.com\/casadecampoliving.com\/wp-content\/uploads\/2013\/12\/vicente_garcia_altos_de_chavon.jpg?fit=650%2C452&ssl=1&resize=350%2C200 1x, https:\/\/i0.wp.com\/casadecampoliving.com\/wp-content\/uploads\/2013\/12\/vicente_garcia_altos_de_chavon.jpg?fit=650%2C452&ssl=1&resize=525%2C300 1.5x"},"classes":[]},{"id":61563,"url":"https:\/\/casadecampoliving.com\/es\/navidad\/","url_meta":{"origin":103511,"position":5},"title":"Navidad en Altos de Chav\u00f3n!","author":"Rebecca Silvestri","date":"5 Dic, 2012","format":false,"excerpt":"En \u00e9sta temporada navide\u00f1a, Altos de Chav\u00f3n es el lugar para celebrar! Con la inauguraci\u00f3n oficial de la Navidad y la festiva temporada en la ciudad de los artistas, este pr\u00f3ximo s\u00e1bado 8 de diciembre, a partir de las 6pm, pensamos que ser\u00eda \u00fatil para ustedes el COMPLETO calendario de\u2026","rel":"","context":"Entrada similar","block_context":{"text":"Entrada similar","link":""},"img":{"alt_text":"altos de chavon","src":"https:\/\/i0.wp.com\/casadecampoliving.com\/wp-content\/uploads\/2012\/12\/altos_de_chavon.jpg?fit=650%2C434&ssl=1&resize=350%2C200","width":350,"height":200,"srcset":"https:\/\/i0.wp.com\/casadecampoliving.com\/wp-content\/uploads\/2012\/12\/altos_de_chavon.jpg?fit=650%2C434&ssl=1&resize=350%2C200 1x, https:\/\/i0.wp.com\/casadecampoliving.com\/wp-content\/uploads\/2012\/12\/altos_de_chavon.jpg?fit=650%2C434&ssl=1&resize=525%2C300 1.5x"},"classes":[]}],"jetpack_sharing_enabled":true,"_links":{"self":[{"href":"https:\/\/casadecampoliving.com\/es\/wp-json\/wp\/v2\/pages\/103511","targetHints":{"allow":["GET"]}}],"collection":[{"href":"https:\/\/casadecampoliving.com\/es\/wp-json\/wp\/v2\/pages"}],"about":[{"href":"https:\/\/casadecampoliving.com\/es\/wp-json\/wp\/v2\/types\/page"}],"author":[{"embeddable":true,"href":"https:\/\/casadecampoliving.com\/es\/wp-json\/wp\/v2\/users\/31"}],"replies":[{"embeddable":true,"href":"https:\/\/casadecampoliving.com\/es\/wp-json\/wp\/v2\/comments?post=103511"}],"version-history":[{"count":0,"href":"https:\/\/casadecampoliving.com\/es\/wp-json\/wp\/v2\/pages\/103511\/revisions"}],"wp:attachment":[{"href":"https:\/\/casadecampoliving.com\/es\/wp-json\/wp\/v2\/media?parent=103511"}],"wp:term":[{"taxonomy":"newspack_spnsrs_tax","embeddable":true,"href":"https:\/\/casadecampoliving.com\/es\/wp-json\/wp\/v2\/newspack_spnsrs_tax?post=103511"}],"curies":[{"name":"wp","href":"https:\/\/api.w.org\/{rel}","templated":true}]}}